{"id":281,"date":"2012-11-28T12:36:15","date_gmt":"2012-11-28T11:36:15","guid":{"rendered":"http:\/\/adriatiqa598432.infonova.si\/?page_id=281"},"modified":"2024-11-21T18:10:53","modified_gmt":"2024-11-21T17:10:53","slug":"kakovost","status":"publish","type":"page","link":"https:\/\/www.adriatiqa.com\/sl\/kakovost\/","title":{"rendered":"Kakovost"},"content":{"rendered":"<div class=\"wpb-content-wrapper\"><p>[vc_row][vc_column][vc_row_inner][vc_column_inner width=&#8221;2\/3&#8243;][vc_column_text width=&#8221;1\/2&#8243; el_position=&#8221;first&#8221;]Kakovost je za nas na prvem mestu. Ko vam izro\u010dimo prevod, mora vedno biti brezhiben. Zato sodelujemo z najbolj\u0161imi in preizku\u0161enimi prevajalci, ki so jezikoslovci ali naravni govorci jezikov, v katere prevajajo. \u0160tevilni med njimi obvladujejo tudi <a title=\"Podro\u010dja prevajanja\" href=\"https:\/\/www.adriatiqa.com\/sl\/prevajanje\/podrocja-prevajanja\/\">strokovno izrazoslovje<\/a> z razli\u010dnih podro\u010dij. Preden prevod prejmete vi, ga pregleda \u0161e lektor, ki poskrbi za njegovo popolno jezikovno pravilnost.<\/p>\n<h6>Svojo kakovost smo \u017ee ve\u010dkrat potrdili tudi pred zunanjimi ocenjevalci:<\/h6>\n<ul>\n<li>Na\u0161a ekipa je \u017ee od maja 2002 nosilec certifikata za <strong>vodenje kakovosti<\/strong> v skladu s standardom ISO 9001.<\/li>\n<li>Poslujemo v skladu s\u00a0<strong>standardom kakovosti za prevajalske storitve<\/strong>\u00a0ISO 17100:2015, ki podrobno opredeljuje postopek izvajanja naro\u010dil, pogoje poslovanja, pogodbe in organizacijo prevajalskega postopka za zagotovitev kakovostne storitve prevajanja.<\/li>\n<li><strong>Popolno varnost zaupnih podatkov<\/strong>, s katerimi se sre\u010dujemo pri svojem delu, zagotavljamo s kriteriji varovanja podatkov po standardu ISO 27001.<\/li>\n<li>Smo nosilec certifikata <strong>odgovornega ravnanja do okolja<\/strong> ISO 14001.<\/li>\n<\/ul>\n<p>V letih svojega delovanja smo razvili ute\u010den sistem dela, s katerim v vsakem trenutku sledimo zastavljenim standardom. Je enostaven za naro\u010dnike in u\u010dinkovit pri sodelovanju med prevajalci in vodji projekta. Pri prevajanju uporabljamo specializirana programska orodja, zato dosegamo popolno konsistentnost, natan\u010dnost in hitrej\u0161e prevajanje.<\/p>\n<h6>Certifikat kakovosti ISO 9001:2015<\/h6>\n<p>Certifikat kakovosti ISO 9001:2015 potrjuje, da se dr\u017eimo zastavljenih smernic kakovosti. Smernice tega standarda zagotavljajo \u0161irok nabor prevajalskih storitev z nenehnim nadzorom nad njihovo kakovostjo. Vse od prejema certifikata leta 2002 ga s skupino internih revizorjev preverjamo enkrat letno, vsaka tri leta pa ustreznost poslovanja preverjajo \u0161e zunanji revizorji.[\/vc_column_text][\/vc_column_inner][vc_column_inner width=&#8221;1\/3&#8243;][vc_column_text]<\/p>\n<h6>Pi\u0161ite nam ali pa nas obi\u0161\u010dite. Adriatiqa<\/h6>\n<p>[\/vc_column_text]\n<div class=\"wpcf7 no-js\" id=\"wpcf7-f25110-o1\" lang=\"en\" dir=\"ltr\" data-wpcf7-id=\"25110\">\n<div class=\"screen-reader-response\"><p role=\"status\" aria-live=\"polite\" aria-atomic=\"true\"><\/p> <ul><\/ul><\/div>\n<form action=\"\/sl\/wp-json\/wp\/v2\/pages\/281#wpcf7-f25110-o1\" method=\"post\" class=\"wpcf7-form init\" aria-label=\"Contact form\" novalidate=\"novalidate\" data-status=\"init\">\n<fieldset class=\"hidden-fields-container\"><legend class=\"screen-reader-text\">Hidden fields<\/legend><input type=\"hidden\" name=\"_wpcf7\" value=\"25110\" \/><input type=\"hidden\" name=\"_wpcf7_version\" value=\"6.1.5\" \/><input type=\"hidden\" name=\"_wpcf7_locale\" value=\"en\" \/><input type=\"hidden\" name=\"_wpcf7_unit_tag\" value=\"wpcf7-f25110-o1\" \/><input type=\"hidden\" name=\"_wpcf7_container_post\" value=\"0\" \/><input type=\"hidden\" name=\"_wpcf7_posted_data_hash\" value=\"\" \/>\n<\/fieldset>\n<style>\n    .wpcf7-form div, \n    .wpcf7-form p, \n    .wpcf7-form label {\n        margin-bottom: 15px; \/* Pove\u010danje razmika med elementi *\/\n        display: block;\n    }\n\n    .wpcf7-textarea, \n    .wpcf7-text, \n    .wpcf7-email {\n        padding: 8px; \/* Dodajanje prostora za bolj\u0161o berljivost *\/\n        width: 100%; \/* Polna \u0161irina vseh vnosnih polj *\/\n        box-sizing: border-box; \/* Prepre\u010duje prelivanje *\/\n    }\n\n    .wpcf7-submit {\n        display: block;\n        text-align: left;\n        margin-top: 15px;\n    }\n<\/style>\n\n<div style=\"padding: 5px 0;\">Podjetje \/ Ime (*) <span class=\"wpcf7-form-control-wrap\" data-name=\"your-name\"><input size=\"40\" maxlength=\"400\" class=\"wpcf7-form-control wpcf7-text wpcf7-validates-as-required\" aria-required=\"true\" aria-invalid=\"false\" value=\"\" type=\"text\" name=\"your-name\" \/><\/span><\/div>\n\n<div style=\"padding: 5px 0;\">Telefonska \u0161tevilka <span class=\"wpcf7-form-control-wrap\" data-name=\"text-56\"><input size=\"40\" maxlength=\"400\" class=\"wpcf7-form-control wpcf7-text\" aria-invalid=\"false\" value=\"\" type=\"text\" name=\"text-56\" \/><\/span><\/div>\n\n<div style=\"padding: 5px 0;\">E-naslov (*) <span class=\"wpcf7-form-control-wrap\" data-name=\"your-email\"><input size=\"40\" maxlength=\"400\" class=\"wpcf7-form-control wpcf7-email wpcf7-validates-as-required wpcf7-text wpcf7-validates-as-email\" aria-required=\"true\" aria-invalid=\"false\" value=\"\" type=\"email\" name=\"your-email\" \/><\/span><\/div>\n\n<div style=\"padding: 5px 0;\">\n    Kako vam lahko pomagamo?  \n    <span class=\"wpcf7-form-control-wrap\" data-name=\"your-message\"><textarea cols=\"40\" rows=\"3\" maxlength=\"2000\" class=\"wpcf7-form-control wpcf7-textarea\" aria-invalid=\"false\" placeholder=\"Pri naro\u010dilu ponudbe za prevod ne pozabite navesti jezikovne kombinacije in predvidenega datuma zaklju\u010dka naro\u010dila.\" name=\"your-message\"><\/textarea><\/span>\n<\/div>\n\n<label><span class=\"wpcf7-form-control-wrap\" data-name=\"upload-file-786\"><input size=\"40\" class=\"wpcf7-form-control wpcf7-drag-n-drop-file d-none\" aria-invalid=\"false\" type=\"file\" multiple=\"multiple\" data-name=\"upload-file-786\" data-type=\"pdf|txt|jpg|jpeg|png|gif|pdf|doc|docx|ppt|pptx|odt|avi|ogg|m4a|mov|mp3|mp4|mpg|wav|wmv|xsx|zip|rar|7z\" data-max=\"20Mb\" data-id=\"25110\" data-version=\"free version 1.3.9.5\" accept=\".pdf, .txt, .jpg, .jpeg, .png, .gif, .pdf, .doc, .docx, .ppt, .pptx, .odt, .avi, .ogg, .m4a, .mov, .mp3, .mp4, .mpg, .wav, .wmv, .xsx, .zip, .rar, .7z\" \/><\/span><\/label>\n\n<p style=\"font-size: small; line-height: 140%; margin-bottom: 15px;\">\n    Najve\u010dja velikost nalo\u017eene datoteke ne sme presegati 20 MB.\n<\/p>\n\n<p style=\"color: black; font-size: 12px; margin-bottom: 15px;\">\n    Z oddajo obrazca se strinjate s  \n    <a href=\"https:\/\/www.adriatiqa.com\/sl\/gdpr\/\" target=\"_blank\" style=\"color: black; text-decoration: underline;\">politiko zasebnosti<\/a>.\n<\/p>\n\n<input class=\"wpcf7-form-control wpcf7-submit has-spinner\" type=\"submit\" value=\"Po\u0161lji\" \/>\n<span id=\"wpcf7-69fad08315468-wrapper\" class=\"wpcf7-form-control-wrap honeypot-415-wrap\" style=\"display:none !important; visibility:hidden !important;\"><label for=\"wpcf7-69fad08315468-field\" class=\"hp-message\">Please leave this field empty.<\/label><input id=\"wpcf7-69fad08315468-field\"  class=\"wpcf7-form-control wpcf7-text\" type=\"text\" name=\"honeypot-415\" value=\"\" size=\"40\" tabindex=\"-1\" autocomplete=\"new-password\" \/><\/span><div class=\"wpcf7-response-output\" aria-hidden=\"true\"><\/div>\n<\/form>\n<\/div>\n[\/vc_column_inner][\/vc_row_inner][vc_column_text width=&#8221;1\/2&#8243; el_position=&#8221;first&#8221;]S certifikatom potrjujemo, da vsi na\u0161i postopki potekajo po sistemu vodenja kakovosti v skladu s predvidenim standardom. S tem vzpostavljamo partnerske odnose z naro\u010dniki, svojim sodelavcem pa omogo\u010damo osebnostno rast ob hkratnem doseganju rasti podjetja.<\/p>\n<h6>Standard kakovosti za prevajalske storitve ISO 17100:2015<\/h6>\n<p>Standard <strong>ISO 17100:2015<\/strong> je nadomestil predhodno veljaven evropski standard za prevajalske storitve EN 15038:2006. Podrobno opredeljuje vse zahteve za <strong>zagotovitev kakovostne storitve prevajanja<\/strong>. To vklju\u010duje tudi\u00a0postopek izvajanja prevajalskih naro\u010dil, pogoje poslovanja, pogodbe in organizacijo prevajalskega postopka.<\/p>\n<p>Standard dolo\u010da zahteve za ponudnike prevajalskih storitev v zvezi s \u010dlove\u0161kimi in tehni\u010dnimi viri, kakovostjo, projektnim vodenjem, okvirnimi pogodbenimi pogoji in postopki zagotavljanja storitev. Opredeljuje tudi osnovni prevajalski postopek in druge vidike, povezane z zagotavljanjem tovrstne storitve.<\/p>\n<h6>Sistem zagotavljanja varovanja informacij ISO 27001<\/h6>\n<p>Pri svojem delu se sre\u010dujemo s \u0161tevilnimi zaupnimi podatki. Njihovo popolno varnost zagotavljamo sistemsko, s spo\u0161tovanjem serije kriterijev po standardu ISO 27001. Ti vklju\u010dujejo obvladovanje vseh vidikov varnosti podatkov, zato naro\u010dnikom lahko zagotovimo njihovo popolno zaupnost.<\/p>\n<h6>Standard varovanja okolja ISO 14001<\/h6>\n<p>Cilji in pri\u010dakovanja tega standarda se nana\u0161ajo na stalno izbolj\u0161evanje ekolo\u0161ke bilance z\u00a0zmanj\u0161evanjem emisij, odpadkov in odpadnih vod. Podlago za sistem ravnanja z\u00a0okoljem v na\u0161em podjetju sestavlja zavestno in var\u010dno ravnanje vseh zaposlenih z\u00a0viri ter uporaba obnovljivih virov energije.[\/vc_column_text][\/vc_column][\/vc_row]<\/p>\n<\/div>","protected":false},"excerpt":{"rendered":"<p>[vc_row][vc_column][vc_row_inner][vc_column_inner width=&#8221;2\/3&#8243;][vc_column_text width=&#8221;1\/2&#8243; el_position=&#8221;first&#8221;]Kakovost je za nas na prvem mestu. Ko vam izro\u010dimo prevod, mora vedno biti brezhiben. Zato sodelujemo&#8230;<\/p>\n","protected":false},"author":2,"featured_media":0,"parent":0,"menu_order":0,"comment_status":"closed","ping_status":"closed","template":"","meta":{"footnotes":""},"class_list":["post-281","page","type-page","status-publish"],"yoast_head":"<!-- This site is optimized with the Yoast SEO plugin v27.4 - https:\/\/yoast.com\/product\/yoast-seo-wordpress\/ -->\n<title>Prevajalske storitve v skladu s standardom kakovosti<\/title>\n<meta name=\"description\" content=\"Na\u0161i prevodi strokovnih besedil so vselej brezhibni, saj so na\u0161i prevajalci naravni govorci jezika prevoda in obvladujejo strokovno izrazoslovje z razli\u010dnih podro\u010dij.\" \/>\n<meta name=\"robots\" content=\"index, follow, max-snippet:-1, max-image-preview:large, max-video-preview:-1\" \/>\n<link rel=\"canonical\" href=\"https:\/\/www.adriatiqa.com\/sl\/kakovost\/\" \/>\n<meta name=\"twitter:label1\" content=\"Est. reading time\" \/>\n\t<meta name=\"twitter:data1\" content=\"3 minutes\" \/>\n<script type=\"application\/ld+json\" class=\"yoast-schema-graph\">{\"@context\":\"https:\\\/\\\/schema.org\",\"@graph\":[{\"@type\":\"WebPage\",\"@id\":\"https:\\\/\\\/www.adriatiqa.com\\\/sl\\\/kakovost\\\/\",\"url\":\"https:\\\/\\\/www.adriatiqa.com\\\/sl\\\/kakovost\\\/\",\"name\":\"Prevajalske storitve v skladu s standardom kakovosti\",\"isPartOf\":{\"@id\":\"https:\\\/\\\/www.adriatiqa.com\\\/sl\\\/#website\"},\"datePublished\":\"2012-11-28T11:36:15+00:00\",\"dateModified\":\"2024-11-21T17:10:53+00:00\",\"description\":\"Na\u0161i prevodi strokovnih besedil so vselej brezhibni, saj so na\u0161i prevajalci naravni govorci jezika prevoda in obvladujejo strokovno izrazoslovje z razli\u010dnih podro\u010dij.\",\"breadcrumb\":{\"@id\":\"https:\\\/\\\/www.adriatiqa.com\\\/sl\\\/kakovost\\\/#breadcrumb\"},\"inLanguage\":\"sl\",\"potentialAction\":[{\"@type\":\"ReadAction\",\"target\":[\"https:\\\/\\\/www.adriatiqa.com\\\/sl\\\/kakovost\\\/\"]}]},{\"@type\":\"BreadcrumbList\",\"@id\":\"https:\\\/\\\/www.adriatiqa.com\\\/sl\\\/kakovost\\\/#breadcrumb\",\"itemListElement\":[{\"@type\":\"ListItem\",\"position\":1,\"name\":\"Home\",\"item\":\"https:\\\/\\\/www.adriatiqa.com\\\/sl\\\/\"},{\"@type\":\"ListItem\",\"position\":2,\"name\":\"Kakovost\"}]},{\"@type\":\"WebSite\",\"@id\":\"https:\\\/\\\/www.adriatiqa.com\\\/sl\\\/#website\",\"url\":\"https:\\\/\\\/www.adriatiqa.com\\\/sl\\\/\",\"name\":\"AdriatIQa Prevodi, prevajalska agencija\",\"description\":\"Prevajanje, prevod v angle\u0161\u010dino, nem\u0161\u010dino\",\"publisher\":{\"@id\":\"https:\\\/\\\/www.adriatiqa.com\\\/sl\\\/#organization\"},\"potentialAction\":[{\"@type\":\"SearchAction\",\"target\":{\"@type\":\"EntryPoint\",\"urlTemplate\":\"https:\\\/\\\/www.adriatiqa.com\\\/sl\\\/?s={search_term_string}\"},\"query-input\":{\"@type\":\"PropertyValueSpecification\",\"valueRequired\":true,\"valueName\":\"search_term_string\"}}],\"inLanguage\":\"sl\"},{\"@type\":\"Organization\",\"@id\":\"https:\\\/\\\/www.adriatiqa.com\\\/sl\\\/#organization\",\"name\":\"ATE Globalis d.o.o.\",\"url\":\"https:\\\/\\\/www.adriatiqa.com\\\/sl\\\/\",\"logo\":{\"@type\":\"ImageObject\",\"inLanguage\":\"sl\",\"@id\":\"https:\\\/\\\/www.adriatiqa.com\\\/sl\\\/#\\\/schema\\\/logo\\\/image\\\/\",\"url\":\"https:\\\/\\\/www.adriatiqa.com\\\/wp-content\\\/uploads\\\/2012\\\/11\\\/adriatiqa-logo.png\",\"contentUrl\":\"https:\\\/\\\/www.adriatiqa.com\\\/wp-content\\\/uploads\\\/2012\\\/11\\\/adriatiqa-logo.png\",\"width\":297,\"height\":57,\"caption\":\"ATE Globalis d.o.o.\"},\"image\":{\"@id\":\"https:\\\/\\\/www.adriatiqa.com\\\/sl\\\/#\\\/schema\\\/logo\\\/image\\\/\"},\"sameAs\":[\"https:\\\/\\\/www.facebook.com\\\/AdriatIQa\",\"https:\\\/\\\/www.linkedin.com\\\/company\\\/adriatiqa-translations\"]}]}<\/script>\n<!-- \/ Yoast SEO plugin. -->","yoast_head_json":{"title":"Prevajalske storitve v skladu s standardom kakovosti","description":"Na\u0161i prevodi strokovnih besedil so vselej brezhibni, saj so na\u0161i prevajalci naravni govorci jezika prevoda in obvladujejo strokovno izrazoslovje z razli\u010dnih podro\u010dij.","robots":{"index":"index","follow":"follow","max-snippet":"max-snippet:-1","max-image-preview":"max-image-preview:large","max-video-preview":"max-video-preview:-1"},"canonical":"https:\/\/www.adriatiqa.com\/sl\/kakovost\/","twitter_misc":{"Est. reading time":"3 minutes"},"schema":{"@context":"https:\/\/schema.org","@graph":[{"@type":"WebPage","@id":"https:\/\/www.adriatiqa.com\/sl\/kakovost\/","url":"https:\/\/www.adriatiqa.com\/sl\/kakovost\/","name":"Prevajalske storitve v skladu s standardom kakovosti","isPartOf":{"@id":"https:\/\/www.adriatiqa.com\/sl\/#website"},"datePublished":"2012-11-28T11:36:15+00:00","dateModified":"2024-11-21T17:10:53+00:00","description":"Na\u0161i prevodi strokovnih besedil so vselej brezhibni, saj so na\u0161i prevajalci naravni govorci jezika prevoda in obvladujejo strokovno izrazoslovje z razli\u010dnih podro\u010dij.","breadcrumb":{"@id":"https:\/\/www.adriatiqa.com\/sl\/kakovost\/#breadcrumb"},"inLanguage":"sl","potentialAction":[{"@type":"ReadAction","target":["https:\/\/www.adriatiqa.com\/sl\/kakovost\/"]}]},{"@type":"BreadcrumbList","@id":"https:\/\/www.adriatiqa.com\/sl\/kakovost\/#breadcrumb","itemListElement":[{"@type":"ListItem","position":1,"name":"Home","item":"https:\/\/www.adriatiqa.com\/sl\/"},{"@type":"ListItem","position":2,"name":"Kakovost"}]},{"@type":"WebSite","@id":"https:\/\/www.adriatiqa.com\/sl\/#website","url":"https:\/\/www.adriatiqa.com\/sl\/","name":"AdriatIQa Prevodi, prevajalska agencija","description":"Prevajanje, prevod v angle\u0161\u010dino, nem\u0161\u010dino","publisher":{"@id":"https:\/\/www.adriatiqa.com\/sl\/#organization"},"potentialAction":[{"@type":"SearchAction","target":{"@type":"EntryPoint","urlTemplate":"https:\/\/www.adriatiqa.com\/sl\/?s={search_term_string}"},"query-input":{"@type":"PropertyValueSpecification","valueRequired":true,"valueName":"search_term_string"}}],"inLanguage":"sl"},{"@type":"Organization","@id":"https:\/\/www.adriatiqa.com\/sl\/#organization","name":"ATE Globalis d.o.o.","url":"https:\/\/www.adriatiqa.com\/sl\/","logo":{"@type":"ImageObject","inLanguage":"sl","@id":"https:\/\/www.adriatiqa.com\/sl\/#\/schema\/logo\/image\/","url":"https:\/\/www.adriatiqa.com\/wp-content\/uploads\/2012\/11\/adriatiqa-logo.png","contentUrl":"https:\/\/www.adriatiqa.com\/wp-content\/uploads\/2012\/11\/adriatiqa-logo.png","width":297,"height":57,"caption":"ATE Globalis d.o.o."},"image":{"@id":"https:\/\/www.adriatiqa.com\/sl\/#\/schema\/logo\/image\/"},"sameAs":["https:\/\/www.facebook.com\/AdriatIQa","https:\/\/www.linkedin.com\/company\/adriatiqa-translations"]}]}},"_links":{"self":[{"href":"https:\/\/www.adriatiqa.com\/sl\/wp-json\/wp\/v2\/pages\/281","targetHints":{"allow":["GET"]}}],"collection":[{"href":"https:\/\/www.adriatiqa.com\/sl\/wp-json\/wp\/v2\/pages"}],"about":[{"href":"https:\/\/www.adriatiqa.com\/sl\/wp-json\/wp\/v2\/types\/page"}],"author":[{"embeddable":true,"href":"https:\/\/www.adriatiqa.com\/sl\/wp-json\/wp\/v2\/users\/2"}],"replies":[{"embeddable":true,"href":"https:\/\/www.adriatiqa.com\/sl\/wp-json\/wp\/v2\/comments?post=281"}],"version-history":[{"count":57,"href":"https:\/\/www.adriatiqa.com\/sl\/wp-json\/wp\/v2\/pages\/281\/revisions"}],"predecessor-version":[{"id":32285,"href":"https:\/\/www.adriatiqa.com\/sl\/wp-json\/wp\/v2\/pages\/281\/revisions\/32285"}],"wp:attachment":[{"href":"https:\/\/www.adriatiqa.com\/sl\/wp-json\/wp\/v2\/media?parent=281"}],"curies":[{"name":"wp","href":"https:\/\/api.w.org\/{rel}","templated":true}]}}