{"id":287,"date":"2012-11-28T12:37:29","date_gmt":"2012-11-28T11:37:29","guid":{"rendered":"http:\/\/adriatiqa598432.infonova.si\/?page_id=287"},"modified":"2022-06-02T11:24:09","modified_gmt":"2022-06-02T09:24:09","slug":"o-nas","status":"publish","type":"page","link":"https:\/\/www.adriatiqa.com\/sl\/o-nas\/","title":{"rendered":"O nas"},"content":{"rendered":"<p>[vc_column_text width=&#8221;1\/1&#8243; el_position=&#8221;first last&#8221;]<\/p>\n<p>Prevajalsko podjetje AdriatIQa je del skupine enega najve\u010djih podjetij na svetu za jezikovne storitve, z\u00a0<strong>ve\u010d kot 50 pisarnami po Evropi, Aziji in Severni Ameriki.\u00a0<\/strong>Prek svoje razvejane poslovne mre\u017ee imamo na vsakem trgu neposreden dostop do najbolj\u0161ih prevajalcev in rojenih govorcev. Na\u0161a pisarna se \u0161e posebej usmerja na jadransko regijo in jezike s tega obmo\u010dja, zato smo najbolj\u0161i naslov za<strong> prevode v slovenski, hrva\u0161ki, srbski, bosanski, makedonski, albanski in italijanski jezik<\/strong> ter iz njih.<\/p>\n<p>Pisarno v Ljubljani smo odprli <strong>\u017ee leta 1999<\/strong>, pod imenom AdriatIQa pa delujemo od leta 2013. Vse dosedanje izku\u0161nje in znanje smo usmerjali v zagotavljanje <strong>najvi\u0161je <a title=\"Kakovost\" href=\"https:\/\/www.adriatiqa.com\/sl\/kakovost\/\">kakovosti prevodov<\/a><\/strong> in drugih jezikovnih storitev. \u017de od leta 2004 smo med uradnimi ponudniki jezikovnih storitev za EU, smo tudi eden od ustanovnih \u010dlanov Zdru\u017eenja prevajalskih podjetij pri Gospodarski zbornici Slovenije.<\/p>\n<p><strong>Osebna izkaznica podjetja<\/strong><\/p>\n<p>Skraj\u0161ano ime dru\u017ebe: ATE Globalis d.o.o.<\/p>\n<p>Polno ime dru\u017ebe: ATE Globalis prevajalske storitve d.o.o.<\/p>\n<p>Naslov sede\u017ea dru\u017ebe: Stegne 7, SI-1000 Ljubljana<\/p>\n<p>Mati\u010dna \u0161tevilka: 1467719000<\/p>\n<p>Dav\u010dna \u0161tevilka: SI36643017<\/p>\n<p>Transakcijski ra\u010dun: SI56 3500 1000 0612 855, BKS bank AG<\/p>\n<p>[\/vc_column_text]<\/p>\n","protected":false},"excerpt":{"rendered":"<p>[vc_column_text width=&#8221;1\/1&#8243; el_position=&#8221;first last&#8221;] Prevajalsko podjetje AdriatIQa je del skupine enega najve\u010djih podjetij na svetu za jezikovne storitve, z\u00a0ve\u010d kot&#8230;<\/p>\n","protected":false},"author":2,"featured_media":0,"parent":0,"menu_order":0,"comment_status":"closed","ping_status":"closed","template":"","meta":{"footnotes":""},"class_list":["post-287","page","type-page","status-publish"],"yoast_head":"<!-- This site is optimized with the Yoast SEO plugin v27.3 - https:\/\/yoast.com\/product\/yoast-seo-wordpress\/ -->\n<title>O nas | AdriatIQa Prevodi, prevajalska agencija<\/title>\n<meta name=\"robots\" content=\"index, follow, max-snippet:-1, max-image-preview:large, max-video-preview:-1\" \/>\n<link rel=\"canonical\" href=\"https:\/\/www.adriatiqa.com\/sl\/o-nas\/\" \/>\n<meta name=\"twitter:label1\" content=\"Est. reading time\" \/>\n\t<meta name=\"twitter:data1\" content=\"1 minute\" \/>\n<script type=\"application\/ld+json\" class=\"yoast-schema-graph\">{\"@context\":\"https:\\\/\\\/schema.org\",\"@graph\":[{\"@type\":\"WebPage\",\"@id\":\"https:\\\/\\\/www.adriatiqa.com\\\/sl\\\/o-nas\\\/\",\"url\":\"https:\\\/\\\/www.adriatiqa.com\\\/sl\\\/o-nas\\\/\",\"name\":\"O nas | AdriatIQa Prevodi, prevajalska agencija\",\"isPartOf\":{\"@id\":\"https:\\\/\\\/www.adriatiqa.com\\\/sl\\\/#website\"},\"datePublished\":\"2012-11-28T11:37:29+00:00\",\"dateModified\":\"2022-06-02T09:24:09+00:00\",\"breadcrumb\":{\"@id\":\"https:\\\/\\\/www.adriatiqa.com\\\/sl\\\/o-nas\\\/#breadcrumb\"},\"inLanguage\":\"sl\",\"potentialAction\":[{\"@type\":\"ReadAction\",\"target\":[\"https:\\\/\\\/www.adriatiqa.com\\\/sl\\\/o-nas\\\/\"]}]},{\"@type\":\"BreadcrumbList\",\"@id\":\"https:\\\/\\\/www.adriatiqa.com\\\/sl\\\/o-nas\\\/#breadcrumb\",\"itemListElement\":[{\"@type\":\"ListItem\",\"position\":1,\"name\":\"Home\",\"item\":\"https:\\\/\\\/www.adriatiqa.com\\\/sl\\\/\"},{\"@type\":\"ListItem\",\"position\":2,\"name\":\"O nas\"}]},{\"@type\":\"WebSite\",\"@id\":\"https:\\\/\\\/www.adriatiqa.com\\\/sl\\\/#website\",\"url\":\"https:\\\/\\\/www.adriatiqa.com\\\/sl\\\/\",\"name\":\"AdriatIQa Prevodi, prevajalska agencija\",\"description\":\"Prevajanje, prevod v angle\u0161\u010dino, nem\u0161\u010dino\",\"publisher\":{\"@id\":\"https:\\\/\\\/www.adriatiqa.com\\\/sl\\\/#organization\"},\"potentialAction\":[{\"@type\":\"SearchAction\",\"target\":{\"@type\":\"EntryPoint\",\"urlTemplate\":\"https:\\\/\\\/www.adriatiqa.com\\\/sl\\\/?s={search_term_string}\"},\"query-input\":{\"@type\":\"PropertyValueSpecification\",\"valueRequired\":true,\"valueName\":\"search_term_string\"}}],\"inLanguage\":\"sl\"},{\"@type\":\"Organization\",\"@id\":\"https:\\\/\\\/www.adriatiqa.com\\\/sl\\\/#organization\",\"name\":\"ATE Globalis d.o.o.\",\"url\":\"https:\\\/\\\/www.adriatiqa.com\\\/sl\\\/\",\"logo\":{\"@type\":\"ImageObject\",\"inLanguage\":\"sl\",\"@id\":\"https:\\\/\\\/www.adriatiqa.com\\\/sl\\\/#\\\/schema\\\/logo\\\/image\\\/\",\"url\":\"https:\\\/\\\/www.adriatiqa.com\\\/wp-content\\\/uploads\\\/2012\\\/11\\\/adriatiqa-logo.png\",\"contentUrl\":\"https:\\\/\\\/www.adriatiqa.com\\\/wp-content\\\/uploads\\\/2012\\\/11\\\/adriatiqa-logo.png\",\"width\":297,\"height\":57,\"caption\":\"ATE Globalis d.o.o.\"},\"image\":{\"@id\":\"https:\\\/\\\/www.adriatiqa.com\\\/sl\\\/#\\\/schema\\\/logo\\\/image\\\/\"},\"sameAs\":[\"https:\\\/\\\/www.facebook.com\\\/AdriatIQa\",\"https:\\\/\\\/www.linkedin.com\\\/company\\\/adriatiqa-translations\"]}]}<\/script>\n<!-- \/ Yoast SEO plugin. -->","yoast_head_json":{"title":"O nas | AdriatIQa Prevodi, prevajalska agencija","robots":{"index":"index","follow":"follow","max-snippet":"max-snippet:-1","max-image-preview":"max-image-preview:large","max-video-preview":"max-video-preview:-1"},"canonical":"https:\/\/www.adriatiqa.com\/sl\/o-nas\/","twitter_misc":{"Est. reading time":"1 minute"},"schema":{"@context":"https:\/\/schema.org","@graph":[{"@type":"WebPage","@id":"https:\/\/www.adriatiqa.com\/sl\/o-nas\/","url":"https:\/\/www.adriatiqa.com\/sl\/o-nas\/","name":"O nas | AdriatIQa Prevodi, prevajalska agencija","isPartOf":{"@id":"https:\/\/www.adriatiqa.com\/sl\/#website"},"datePublished":"2012-11-28T11:37:29+00:00","dateModified":"2022-06-02T09:24:09+00:00","breadcrumb":{"@id":"https:\/\/www.adriatiqa.com\/sl\/o-nas\/#breadcrumb"},"inLanguage":"sl","potentialAction":[{"@type":"ReadAction","target":["https:\/\/www.adriatiqa.com\/sl\/o-nas\/"]}]},{"@type":"BreadcrumbList","@id":"https:\/\/www.adriatiqa.com\/sl\/o-nas\/#breadcrumb","itemListElement":[{"@type":"ListItem","position":1,"name":"Home","item":"https:\/\/www.adriatiqa.com\/sl\/"},{"@type":"ListItem","position":2,"name":"O nas"}]},{"@type":"WebSite","@id":"https:\/\/www.adriatiqa.com\/sl\/#website","url":"https:\/\/www.adriatiqa.com\/sl\/","name":"AdriatIQa Prevodi, prevajalska agencija","description":"Prevajanje, prevod v angle\u0161\u010dino, nem\u0161\u010dino","publisher":{"@id":"https:\/\/www.adriatiqa.com\/sl\/#organization"},"potentialAction":[{"@type":"SearchAction","target":{"@type":"EntryPoint","urlTemplate":"https:\/\/www.adriatiqa.com\/sl\/?s={search_term_string}"},"query-input":{"@type":"PropertyValueSpecification","valueRequired":true,"valueName":"search_term_string"}}],"inLanguage":"sl"},{"@type":"Organization","@id":"https:\/\/www.adriatiqa.com\/sl\/#organization","name":"ATE Globalis d.o.o.","url":"https:\/\/www.adriatiqa.com\/sl\/","logo":{"@type":"ImageObject","inLanguage":"sl","@id":"https:\/\/www.adriatiqa.com\/sl\/#\/schema\/logo\/image\/","url":"https:\/\/www.adriatiqa.com\/wp-content\/uploads\/2012\/11\/adriatiqa-logo.png","contentUrl":"https:\/\/www.adriatiqa.com\/wp-content\/uploads\/2012\/11\/adriatiqa-logo.png","width":297,"height":57,"caption":"ATE Globalis d.o.o."},"image":{"@id":"https:\/\/www.adriatiqa.com\/sl\/#\/schema\/logo\/image\/"},"sameAs":["https:\/\/www.facebook.com\/AdriatIQa","https:\/\/www.linkedin.com\/company\/adriatiqa-translations"]}]}},"_links":{"self":[{"href":"https:\/\/www.adriatiqa.com\/sl\/wp-json\/wp\/v2\/pages\/287","targetHints":{"allow":["GET"]}}],"collection":[{"href":"https:\/\/www.adriatiqa.com\/sl\/wp-json\/wp\/v2\/pages"}],"about":[{"href":"https:\/\/www.adriatiqa.com\/sl\/wp-json\/wp\/v2\/types\/page"}],"author":[{"embeddable":true,"href":"https:\/\/www.adriatiqa.com\/sl\/wp-json\/wp\/v2\/users\/2"}],"replies":[{"embeddable":true,"href":"https:\/\/www.adriatiqa.com\/sl\/wp-json\/wp\/v2\/comments?post=287"}],"version-history":[{"count":10,"href":"https:\/\/www.adriatiqa.com\/sl\/wp-json\/wp\/v2\/pages\/287\/revisions"}],"predecessor-version":[{"id":5935,"href":"https:\/\/www.adriatiqa.com\/sl\/wp-json\/wp\/v2\/pages\/287\/revisions\/5935"}],"wp:attachment":[{"href":"https:\/\/www.adriatiqa.com\/sl\/wp-json\/wp\/v2\/media?parent=287"}],"curies":[{"name":"wp","href":"https:\/\/api.w.org\/{rel}","templated":true}]}}