{"id":291,"date":"2012-11-28T12:38:54","date_gmt":"2012-11-28T11:38:54","guid":{"rendered":"http:\/\/adriatiqa598432.infonova.si\/?page_id=291"},"modified":"2024-12-03T18:13:56","modified_gmt":"2024-12-03T17:13:56","slug":"kontakt","status":"publish","type":"page","link":"https:\/\/www.adriatiqa.com\/sl\/kontakt\/","title":{"rendered":"Kontakt"},"content":{"rendered":"<div class=\"wpb-content-wrapper\"><p>[vc_row][vc_column width=&#8221;1\/2&#8243; margin_b=&#8221;false&#8221;][vc_column_text]<\/p>\n<h6 data-pm-slice=\"1 1 []\">Na\u0161a prevajalska agencija Ljubljana vas prijazno pozdravlja in vam izreka dobrodo\u0161lico na na\u0161ih spletnih straneh.<\/h6>\n<p>[\/vc_column_text][vc_row_inner][vc_column_inner width=&#8221;1\/2&#8243;]<div class=\"centered-box\"><div class=\"gem-icon gem-icon-pack-thegemdemo gem-icon-size-medium  gem-icon-shape-square gem-simple-icon \"  style=\"opacity: 1;\"><div class=\"gem-icon-inner\" style=\"\"><span class=\"gem-icon-half-1\" style=\"color: #1e73be;\"><span class=\"back-angle\">&#xe925;<\/span><\/span><span class=\"gem-icon-half-2\" style=\"color: #1e73be;\"><span class=\"back-angle\">&#xe925;<\/span><\/span><\/div><\/div><\/div>[vc_empty_space][vc_column_text]<\/p>\n<p style=\"text-align: center;\" data-pm-slice=\"1 1 []\"><a href=\"mailto:info@adriatiqa.com\" target=\"_blank\" rel=\"noopener noreferrer\"><strong>info@adriatiqa.com<\/strong><\/a><\/p>\n<p>[\/vc_column_text][\/vc_column_inner][vc_column_inner width=&#8221;1\/2&#8243;]<div class=\"centered-box\"><div class=\"gem-icon gem-icon-pack-thegemdemo gem-icon-size-medium  gem-icon-shape-square gem-simple-icon \"  style=\"opacity: 1;\"><div class=\"gem-icon-inner\" style=\"\"><span class=\"gem-icon-half-1\" style=\"color: #1e73be;\"><span class=\"back-angle\">&#xe91f;<\/span><\/span><span class=\"gem-icon-half-2\" style=\"color: #1e73be;\"><span class=\"back-angle\">&#xe91f;<\/span><\/span><\/div><\/div><\/div>[vc_empty_space][vc_column_text]<\/p>\n<p style=\"text-align: center;\" data-pm-slice=\"1 1 []\"><a href=\"tel:+386 31 226 301\" target=\"_blank\" rel=\"noopener noreferrer\"><strong>+386 31 226 301<\/strong><\/a><\/p>\n<p>[\/vc_column_text][\/vc_column_inner][\/vc_row_inner][vc_column_text css=&#8221;&#8221;]<\/p>\n<h5 data-pm-slice=\"1 1 []\">Naslov<\/h5>\n<p><strong>AdriatIQa prevodi<\/strong><\/p>\n<p><strong>ATE Globalis d.o.o.<\/strong><\/p>\n<p>\u0160tihova ulica 13, 1000 Ljubljana<\/p>\n<p>Slovenia<\/p>\n<p><strong>Delovni \u010das:<\/strong><br \/>\nOd <strong>ponedeljk<\/strong>a do <strong>petka<\/strong> <strong>od 8:00<\/strong> do <strong>16:00<\/strong>[\/vc_column_text][\/vc_column][vc_column width=&#8221;1\/2&#8243;][vc_column_text]<\/p>\n<h6>Pi\u0161ite nam ali pa nas obi\u0161\u010dite. Adriatiqa<\/h6>\n<p>[\/vc_column_text]\n<div class=\"wpcf7 no-js\" id=\"wpcf7-f25110-o1\" lang=\"en\" dir=\"ltr\" data-wpcf7-id=\"25110\">\n<div class=\"screen-reader-response\"><p role=\"status\" aria-live=\"polite\" aria-atomic=\"true\"><\/p> <ul><\/ul><\/div>\n<form action=\"\/sl\/wp-json\/wp\/v2\/pages\/291#wpcf7-f25110-o1\" method=\"post\" class=\"wpcf7-form init\" aria-label=\"Contact form\" novalidate=\"novalidate\" data-status=\"init\">\n<fieldset class=\"hidden-fields-container\"><legend class=\"screen-reader-text\">Hidden fields<\/legend><input type=\"hidden\" name=\"_wpcf7\" value=\"25110\" \/><input type=\"hidden\" name=\"_wpcf7_version\" value=\"6.1.5\" \/><input type=\"hidden\" name=\"_wpcf7_locale\" value=\"en\" \/><input type=\"hidden\" name=\"_wpcf7_unit_tag\" value=\"wpcf7-f25110-o1\" \/><input type=\"hidden\" name=\"_wpcf7_container_post\" value=\"0\" \/><input type=\"hidden\" name=\"_wpcf7_posted_data_hash\" value=\"\" \/>\n<\/fieldset>\n<style>\n    .wpcf7-form div, \n    .wpcf7-form p, \n    .wpcf7-form label {\n        margin-bottom: 15px; \/* Pove\u010danje razmika med elementi *\/\n        display: block;\n    }\n    .wpcf7-textarea, \n    .wpcf7-text, \n    .wpcf7-email {\n        padding: 8px; \/* Dodajanje prostora za bolj\u0161o berljivost *\/\n        width: 100%; \/* Polna \u0161irina vseh vnosnih polj *\/\n        box-sizing: border-box; \/* Prepre\u010duje prelivanje *\/\n    }\n    .wpcf7-submit {\n        display: block;\n        text-align: left;\n        margin-top: 15px;\n    }\n<\/style>\n\n<div style=\"padding: 5px 0;\">Podjetje \/ Ime (*) <span class=\"wpcf7-form-control-wrap\" data-name=\"your-name\"><input size=\"40\" maxlength=\"400\" class=\"wpcf7-form-control wpcf7-text wpcf7-validates-as-required\" aria-required=\"true\" aria-invalid=\"false\" value=\"\" type=\"text\" name=\"your-name\" \/><\/span><\/div>\n<div style=\"padding: 5px 0;\">Telefonska \u0161tevilka <span class=\"wpcf7-form-control-wrap\" data-name=\"text-56\"><input size=\"40\" maxlength=\"400\" class=\"wpcf7-form-control wpcf7-text\" aria-invalid=\"false\" value=\"\" type=\"text\" name=\"text-56\" \/><\/span><\/div>\n<div style=\"padding: 5px 0;\">E-naslov (*) <span class=\"wpcf7-form-control-wrap\" data-name=\"your-email\"><input size=\"40\" maxlength=\"400\" class=\"wpcf7-form-control wpcf7-email wpcf7-validates-as-required wpcf7-text wpcf7-validates-as-email\" aria-required=\"true\" aria-invalid=\"false\" value=\"\" type=\"email\" name=\"your-email\" \/><\/span><\/div>\n<div style=\"padding: 5px 0;\">\n    Kako vam lahko pomagamo?  \n    <span class=\"wpcf7-form-control-wrap\" data-name=\"your-message\"><textarea cols=\"40\" rows=\"3\" maxlength=\"2000\" class=\"wpcf7-form-control wpcf7-textarea\" aria-invalid=\"false\" placeholder=\"Pri naro\u010dilu ponudbe za prevod ne pozabite navesti jezikovne kombinacije in predvidenega datuma zaklju\u010dka naro\u010dila.\" name=\"your-message\"><\/textarea><\/span>\n<\/div>\n<label><span class=\"wpcf7-form-control-wrap\" data-name=\"upload-file-786\"><input size=\"40\" class=\"wpcf7-form-control wpcf7-drag-n-drop-file d-none\" aria-invalid=\"false\" type=\"file\" multiple=\"multiple\" data-name=\"upload-file-786\" data-type=\"pdf|txt|jpg|jpeg|png|gif|doc|docx|ppt|pptx|odt|avi|ogg|m4a|mov|mp3|mp4|mpg|wav|wmv|xlsx|zip|rar|7z\" data-id=\"25110\" data-version=\"free version 1.3.9.5\" accept=\".pdf, .txt, .jpg, .jpeg, .png, .gif, .doc, .docx, .ppt, .pptx, .odt, .avi, .ogg, .m4a, .mov, .mp3, .mp4, .mpg, .wav, .wmv, .xlsx, .zip, .rar, .7z\" \/><\/span><\/label>\n<p style=\"font-size: small; line-height: 140%; margin-bottom: 15px;\">\n    Najve\u010dja velikost nalo\u017eene datoteke ne sme presegati 20 MB.\n<\/p>\n<p style=\"color: black; font-size: 12px; margin-bottom: 15px;\"><div class=\"wpcf7-response-output\" aria-hidden=\"true\"><\/div>\n<\/form>\n<\/div>\n[\/vc_column][\/vc_row][vc_row][vc_column][vc_column_text]<\/p>\n<h5 data-pm-slice=\"1 1 []\">Kje smo<\/h5>\n<p>[\/vc_column_text][vc_gmaps link=&#8221;#E-8_JTNDaWZyYW1lJTIwc3JjJTNEJTIyaHR0cHMlM0ElMkYlMkZ3d3cuZ29vZ2xlLmNvbSUyRm1hcHMlMkZlbWJlZCUzRnBiJTNEJTIxMW0xOCUyMTFtMTIlMjExbTMlMjExZDY0MjYuODE0NzM2MjczNzk0JTIxMmQxNC41MTQ4ODE3Mjk3MDQzMjElMjEzZDQ2LjA2MTA5Mjc3OTA1MTU1NiUyMTJtMyUyMTFmMCUyMTJmMCUyMTNmMCUyMTNtMiUyMTFpMTAyNCUyMTJpNzY4JTIxNGYxMy4xJTIxM20zJTIxMW0yJTIxMXMweDQ3N2FjZDMyZDlmMTg1ODUlMjUzQTB4MWZhMDM3YzUyYzEyNWZlNiUyMTJzQWRyaWF0SVFhJTI1MjBwcmV2b2RpJTI1MjAtJTI1MjBzdHJva292bmUlMjUyMHByZXZhamFsc2tlJTI1MjBzdG9yaXR2ZSUyNTIwLSUyNTIwcHJldmFqYW5qZSUyNTJDJTI1MjB0b2xtYSUyNUM0JTI1OERlbmplJTI1MjBpbiUyMTVlMCUyMTNtMiUyMTFzZW4lMjEyc2N6JTIxNHYxNzE4OTYyMTcwNTg5JTIxNW0yJTIxMXNlbiUyMTJzY3olMjIlMjB3aWR0aCUzRCUyMjYwMCUyMiUyMGhlaWdodCUzRCUyMjQ1MCUyMiUyMHN0eWxlJTNEJTIyYm9yZGVyJTNBMCUzQiUyMiUyMGFsbG93ZnVsbHNjcmVlbiUzRCUyMiUyMiUyMGxvYWRpbmclM0QlMjJsYXp5JTIyJTIwcmVmZXJyZXJwb2xpY3klM0QlMjJuby1yZWZlcnJlci13aGVuLWRvd25ncmFkZSUyMiUzRSUzQyUyRmlmcmFtZSUzRQ==&#8221;][\/vc_column][\/vc_row][vc_row padding_top=&#8221;0&#8243; padding_bottom=&#8221;0&#8243;][vc_column][vc_separator][vc_empty_space][vc_row_inner][vc_column_inner width=&#8221;1\/2&#8243;][vc_toggle title=&#8221;Ve\u010d kot 20 let izku\u0161enj s prevajanjem v ve\u010d kot 30 jezikov&#8221;]<\/p>\n<p data-pm-slice=\"1 1 []\"><span data-color=\"rgb(247, 247, 247)\">Pisarno v Ljubljani smo odprli <\/span><strong>\u017ee leta 1999<\/strong><span data-color=\"rgb(247, 247, 247)\">, pod imenom AdriatIQa pa delujemo od leta 2013. Vse dosedanje izku\u0161nje in znanje smo usmerjali v zagotavljanje <\/span><strong>najvi\u0161je <\/strong><a href=\"https:\/\/www.adriatiqa.com\/sl\/kakovost\/\" target=\"_blank\" rel=\"noopener noreferrer\"><strong>kakovosti prevodov<\/strong><\/a><span data-color=\"rgb(247, 247, 247)\"> in drugih jezikovnih storitev. \u017de od leta 2004 smo med uradnimi ponudniki jezikovnih storitev za EU, smo tudi eden od ustanovnih \u010dlanov Zdru\u017eenja prevajalskih podjetij pri Gospodarski zbornici Slovenije.<\/span><\/p>\n<p><span data-color=\"rgb(247, 247, 247)\">Delovanje na mednarodnih trgih je zahtevno in ne dopu\u0161\u010da pomanjkljivosti. <\/span><strong>Prevajalska agencija AdriatIQa<\/strong><span data-color=\"rgb(247, 247, 247)\"> je zato pravi naslov za vse va\u0161e jezikovne storitve.<\/span><\/p>\n<p><span data-color=\"rgb(247, 247, 247)\">Delo na\u0161e prevajalske agencije odlikujejo <\/span><strong>najvi\u0161ja kakovost ob ugodnih cenah, mo\u010dna mednarodna mre\u017ea in visoka strokovnost<\/strong><span data-color=\"rgb(247, 247, 247)\">. Ko se naro\u010dniki odlo\u010dajo za sodelovanje s prevajalsko agencijo, smo <\/span><a href=\"mailto:info@adriatiqa.com\" target=\"_blank\" rel=\"noopener noreferrer\">prva izbira<\/a><span data-color=\"rgb(247, 247, 247)\"> \u0161tevilnih slovenskih in tujih podjetij.<\/span>[\/vc_toggle][vc_empty_space height=&#8221;5&#8243;][vc_toggle title=&#8221;Kdo je kdo v prevajalski agenciji AdriatIQa?&#8221;]<\/p>\n<p data-pm-slice=\"1 1 []\">Prevajalska agencija AdriatIQa se pona\u0161a s profesionalno, odli\u010dno usposobljeno ekipo strokovnih sodelavcev, ki so vam vedno na voljo za prevajanje. Ponosni smo na dejstvo, da so na\u0161i <strong>prevodi besedil vrhunske kakovosti<\/strong> ter vedno skrbno pripravljeni v skladu z va\u0161imi \u017eeljami in potrebami.<\/p>\n<p>Na\u0161a zanesljiva ekipa, znotraj katere delujejo \u0161tevilni prevajalci, lektorji, vodje projektov in drugi jezikovni strokovnjaki, poleg tega vsaki\u010d poskrbi, da so va\u0161i prevodi v ve\u010d kot 30 svetovnih jezikov pripravljeni do dogovorjenega roka.[\/vc_toggle][vc_empty_space height=&#8221;5&#8243;][vc_toggle title=&#8221;Jeziki v prevajalski agenciji&#8221;]<\/p>\n<p data-pm-slice=\"1 1 []\">Brez skrbi ste lahko tudi, \u010de delujete na podro\u010djih, kjer so doma nekoliko bolj eksoti\u010dni tuji jeziki. Med \u0161tevilnimi tujimi <a href=\"https:\/\/www.adriatiqa.com\/sl\/jeziki\/\" target=\"_blank\" rel=\"noopener noreferrer\">jeziki<\/a>, s katerimi delamo, se bo namre\u010d zagotovo na\u0161el tudi tisti, ki ga potrebujete. Tako se vedno lahko zanesete na nas za <strong>profesionalno opravljen prevod<\/strong>, koristne nasvete in hitro re\u0161evanje va\u0161ih prevajalskih zagat.<\/p>\n<p>[\/vc_toggle][vc_empty_space height=&#8221;5&#8243;][\/vc_column_inner][vc_column_inner width=&#8221;1\/2&#8243;][vc_toggle title=&#8221;Lokacija ljubljana &#8211; optimalna dostopnost za prevajalske storitve&#8221;]<\/p>\n<p data-pm-slice=\"1 1 []\">Smo prevajalska agencija, ki je vedno tam, ko potrebujete kakovosten prevod va\u0161ega besedila. Na\u0161 sede\u017e je Ljubljana, na\u0161a priro\u010dna lokacija pa omogo\u010da, da smo zlahka dosegljivi takrat, ko nas potrebujete. Na\u0161e sodobne pisarne se nahajajo v industrijski coni Stegne, ki je enostavno dostopna iz vseh smeri, seveda pa se lahko o va\u0161em projektu pogovorimo kar prek e-po\u0161te ali telefona in vam tako prihranimo nekaj dragocenega \u010dasa.<\/p>\n<p>[\/vc_toggle][vc_empty_space height=&#8221;5&#8243;][vc_toggle title=&#8221;Delovni \u010das&#8221; css=&#8221;&#8221;]<\/p>\n<p data-pm-slice=\"1 1 []\">Na\u0161a prevajalska agencija ponuja jezikovne storitve od <strong>ponedeljka<\/strong> do <strong>petka<\/strong> med <strong>8.00<\/strong> in <strong>16.00<\/strong>. Na voljo smo vam na naslednjih kontaktih:<\/p>\n<ul>\n<li>telefon: +386 31 226 301,<\/li>\n<li>e-po\u0161ta: <a href=\"mailto:info@adriatiqa.com\" target=\"_blank\" rel=\"noopener noreferrer\">info@adriatiqa.com<\/a>.<\/li>\n<\/ul>\n<p>AdriatIQa | ATE Globalis d.o.o. | \u0160tihova ulica 13 | 1000 Ljubljana | Slovenija[\/vc_toggle][vc_empty_space height=&#8221;5&#8243;][\/vc_column_inner][\/vc_row_inner][vc_empty_space][vc_separator][\/vc_column][\/vc_row][vc_row][vc_column][vc_column_text]<\/p>\n<h4 data-pm-slice=\"1 1 []\">LJUBLJANA &#8211; MESTO, KJER JE DOMA NA\u0160A PREVAJALSKA AGENCIJA<\/h4>\n<p>Ljubljana je glavno mesto Slovenije in obenem tudi njeno poslovno sredi\u0161\u010de. S skoraj 300.000 prebivalci predstavlja tudi najve\u010dje slovensko mesto. Povr\u0161ina ob\u010dine obsega pribli\u017eno 274 kvadratnih kilometrov, gostota prebivalstva na kvadratni kilometer pa presega 1000 prebivalcev. To je ob\u010dutno ve\u010d kot dr\u017eavno povpre\u010dje (dobrih 100 prebivalcev na kvadratni kilometer). Zlahka torej razumemo, zakaj Ljubljana predstavlja tudi poslovno in gospodarsko sredi\u0161\u010de regije ter celotne dr\u017eave.<\/p>\n<h4>LJUBLJANA, POSLOVNA PRESTOLNICA SLOVENIJE<\/h4>\n<p>Statisti\u010dni podatki ka\u017eejo, da ima v Ljubljani sede\u017e kar 44.341 podjetij, med njimi je kar nekaj tudi tistih, ki spadajo med paradne konje slovenskega gospodarstva. Gre torej za odli\u010dno okolje za grajenje novih poslovnih uspehov, \u010desar se \u0161e kako dobro zaveda tudi na\u0161a prevajalska agencija.<\/p>\n<p>Tudi sami smo se namre\u010d odlo\u010dili, da svoj sede\u017e umestimo prav v to mesto v osr\u010dju Slovenije. Ljubljana je za prevajalce namre\u010d privla\u010dno mesto, saj ponuja dobre mo\u017enosti za razvoj kariere, obenem pa predstavlja prijeten kraj za \u017eivljenje.<\/p>\n<h4>LJUBLJANA IN TUJI JEZIKI<\/h4>\n<p>Ljubljana je tudi dom Univerze v Ljubljani, na kateri se lahko \u0161tudenti u\u010dijo razli\u010dne tuje jezike. Na razli\u010dnih \u0161tudijskih programih lahko \u0161tudenti, bodo\u010di prevajalci, osvojijo in izpopolnijo svoje znanje \u0161tevilnih svetovnih jezikov. Mednje spadajo denimo tudi <a href=\"https:\/\/www.adriatiqa.com\/sl\/jeziki\/prevodi-v-anglescino\/\" target=\"_blank\" rel=\"noopener noreferrer\">angle\u0161\u010dina<\/a>, \u010de\u0161\u010dina, <a href=\"https:\/\/www.adriatiqa.com\/sl\/jeziki\/prevodi-v-francoscino\/\" target=\"_blank\" rel=\"noopener noreferrer\">franco\u0161\u010dina<\/a>, hrva\u0161\u010dina, italijan\u0161\u010dina, <a href=\"https:\/\/www.adriatiqa.com\/sl\/jeziki\/prevodi-v-nemscino\/\" target=\"_blank\" rel=\"noopener noreferrer\">nem\u0161\u010dina<\/a>, nizozem\u0161\u010dina, portugal\u0161\u010dina, ru\u0161\u010dina in drugi jeziki. Ljubljana je za \u0161tudente privla\u010dno mesto, zato jo \u0161tevilni obi\u0161\u010dejo tudi v sklopu razli\u010dnih mednarodnih \u0161tudijskih izmenjav. Mnogi med njimi tukaj tudi za vedno najdejo svoj dom.<\/p>\n<p>Na\u0161a prevajalska agencija sodeluje s \u0161tevilnimi diplomanti Univerze v Ljubljani, ki so svoje znanje pridobivali v klopeh Filozofske fakultete. Mnogi med njimi so svoje znanje \u0161e dodatno obogatili z razli\u010dnimi dodatnimi izobra\u017eevanji doma in po svetu.<\/p>\n<h4>ZNAMENITOSTI LJUBLJANE<\/h4>\n<p>Ljubljana je prekrasno mesto, ki vsako leto pritegne \u0161tevilne obiskovalce z vsega sveta. Ti se najraje sprehodijo \u010dez Pre\u0161ernov trg, si ogledajo Tromostovje, sko\u010dijo v vzpenja\u010do in se popeljejo na Ljubljanski grad (ali pa se tja odpravijo kar pe\u0161), seveda pa mora vsak obisk Ljubljane vklju\u010devati tudi znameniti Zmajski most.<\/p>\n<p>Za manj\u0161e ali ve\u010dje okrep\u010dilo (ali pa le ogled mestnega vrve\u017ea) je tu glavna mestna tr\u017enica, za sprostitev in oddih pa se obiskovalci (pa tudi Ljubljan\u010dani!) najraje napotijo v park Tivoli.[\/vc_column_text][\/vc_column][\/vc_row]<\/p>\n<\/div>","protected":false},"excerpt":{"rendered":"<p>[vc_row][vc_column width=&#8221;1\/2&#8243; margin_b=&#8221;false&#8221;][vc_column_text] Na\u0161a prevajalska agencija Ljubljana vas prijazno pozdravlja in vam izreka dobrodo\u0161lico na na\u0161ih spletnih straneh. [\/vc_column_text][vc_row_inner][vc_column_inner width=&#8221;1\/2&#8243;][vc_empty_space][vc_column_text]&#8230;<\/p>\n","protected":false},"author":2,"featured_media":0,"parent":0,"menu_order":0,"comment_status":"closed","ping_status":"closed","template":"","meta":{"footnotes":""},"class_list":["post-291","page","type-page","status-publish"],"yoast_head":"<!-- This site is optimized with the Yoast SEO plugin v27.5 - https:\/\/yoast.com\/product\/yoast-seo-wordpress\/ -->\n<title>Kontakt | AdriatIQa Prevodi, prevajalska agencija<\/title>\n<meta name=\"description\" content=\"Pravi kontakt za kakovostne prevajalske storitve.\" \/>\n<meta name=\"robots\" content=\"index, follow, max-snippet:-1, max-image-preview:large, max-video-preview:-1\" \/>\n<link rel=\"canonical\" href=\"https:\/\/www.adriatiqa.com\/sl\/kontakt\/\" \/>\n<meta name=\"twitter:label1\" content=\"Est. reading time\" \/>\n\t<meta name=\"twitter:data1\" content=\"4 minutes\" \/>\n<script type=\"application\/ld+json\" class=\"yoast-schema-graph\">{\"@context\":\"https:\\\/\\\/schema.org\",\"@graph\":[{\"@type\":\"WebPage\",\"@id\":\"https:\\\/\\\/www.adriatiqa.com\\\/sl\\\/kontakt\\\/\",\"url\":\"https:\\\/\\\/www.adriatiqa.com\\\/sl\\\/kontakt\\\/\",\"name\":\"Kontakt | AdriatIQa Prevodi, prevajalska agencija\",\"isPartOf\":{\"@id\":\"https:\\\/\\\/www.adriatiqa.com\\\/sl\\\/#website\"},\"datePublished\":\"2012-11-28T11:38:54+00:00\",\"dateModified\":\"2024-12-03T17:13:56+00:00\",\"description\":\"Pravi kontakt za kakovostne prevajalske storitve.\",\"breadcrumb\":{\"@id\":\"https:\\\/\\\/www.adriatiqa.com\\\/sl\\\/kontakt\\\/#breadcrumb\"},\"inLanguage\":\"sl\",\"potentialAction\":[{\"@type\":\"ReadAction\",\"target\":[\"https:\\\/\\\/www.adriatiqa.com\\\/sl\\\/kontakt\\\/\"]}]},{\"@type\":\"BreadcrumbList\",\"@id\":\"https:\\\/\\\/www.adriatiqa.com\\\/sl\\\/kontakt\\\/#breadcrumb\",\"itemListElement\":[{\"@type\":\"ListItem\",\"position\":1,\"name\":\"Home\",\"item\":\"https:\\\/\\\/www.adriatiqa.com\\\/sl\\\/\"},{\"@type\":\"ListItem\",\"position\":2,\"name\":\"Kontakt\"}]},{\"@type\":\"WebSite\",\"@id\":\"https:\\\/\\\/www.adriatiqa.com\\\/sl\\\/#website\",\"url\":\"https:\\\/\\\/www.adriatiqa.com\\\/sl\\\/\",\"name\":\"AdriatIQa Prevodi, prevajalska agencija\",\"description\":\"Prevajanje, prevod v angle\u0161\u010dino, nem\u0161\u010dino\",\"publisher\":{\"@id\":\"https:\\\/\\\/www.adriatiqa.com\\\/sl\\\/#organization\"},\"potentialAction\":[{\"@type\":\"SearchAction\",\"target\":{\"@type\":\"EntryPoint\",\"urlTemplate\":\"https:\\\/\\\/www.adriatiqa.com\\\/sl\\\/?s={search_term_string}\"},\"query-input\":{\"@type\":\"PropertyValueSpecification\",\"valueRequired\":true,\"valueName\":\"search_term_string\"}}],\"inLanguage\":\"sl\"},{\"@type\":\"Organization\",\"@id\":\"https:\\\/\\\/www.adriatiqa.com\\\/sl\\\/#organization\",\"name\":\"ATE Globalis d.o.o.\",\"url\":\"https:\\\/\\\/www.adriatiqa.com\\\/sl\\\/\",\"logo\":{\"@type\":\"ImageObject\",\"inLanguage\":\"sl\",\"@id\":\"https:\\\/\\\/www.adriatiqa.com\\\/sl\\\/#\\\/schema\\\/logo\\\/image\\\/\",\"url\":\"https:\\\/\\\/www.adriatiqa.com\\\/wp-content\\\/uploads\\\/2012\\\/11\\\/adriatiqa-logo.png\",\"contentUrl\":\"https:\\\/\\\/www.adriatiqa.com\\\/wp-content\\\/uploads\\\/2012\\\/11\\\/adriatiqa-logo.png\",\"width\":297,\"height\":57,\"caption\":\"ATE Globalis d.o.o.\"},\"image\":{\"@id\":\"https:\\\/\\\/www.adriatiqa.com\\\/sl\\\/#\\\/schema\\\/logo\\\/image\\\/\"},\"sameAs\":[\"https:\\\/\\\/www.facebook.com\\\/AdriatIQa\",\"https:\\\/\\\/www.linkedin.com\\\/company\\\/adriatiqa-translations\"]}]}<\/script>\n<!-- \/ Yoast SEO plugin. -->","yoast_head_json":{"title":"Kontakt | AdriatIQa Prevodi, prevajalska agencija","description":"Pravi kontakt za kakovostne prevajalske storitve.","robots":{"index":"index","follow":"follow","max-snippet":"max-snippet:-1","max-image-preview":"max-image-preview:large","max-video-preview":"max-video-preview:-1"},"canonical":"https:\/\/www.adriatiqa.com\/sl\/kontakt\/","twitter_misc":{"Est. reading time":"4 minutes"},"schema":{"@context":"https:\/\/schema.org","@graph":[{"@type":"WebPage","@id":"https:\/\/www.adriatiqa.com\/sl\/kontakt\/","url":"https:\/\/www.adriatiqa.com\/sl\/kontakt\/","name":"Kontakt | AdriatIQa Prevodi, prevajalska agencija","isPartOf":{"@id":"https:\/\/www.adriatiqa.com\/sl\/#website"},"datePublished":"2012-11-28T11:38:54+00:00","dateModified":"2024-12-03T17:13:56+00:00","description":"Pravi kontakt za kakovostne prevajalske storitve.","breadcrumb":{"@id":"https:\/\/www.adriatiqa.com\/sl\/kontakt\/#breadcrumb"},"inLanguage":"sl","potentialAction":[{"@type":"ReadAction","target":["https:\/\/www.adriatiqa.com\/sl\/kontakt\/"]}]},{"@type":"BreadcrumbList","@id":"https:\/\/www.adriatiqa.com\/sl\/kontakt\/#breadcrumb","itemListElement":[{"@type":"ListItem","position":1,"name":"Home","item":"https:\/\/www.adriatiqa.com\/sl\/"},{"@type":"ListItem","position":2,"name":"Kontakt"}]},{"@type":"WebSite","@id":"https:\/\/www.adriatiqa.com\/sl\/#website","url":"https:\/\/www.adriatiqa.com\/sl\/","name":"AdriatIQa Prevodi, prevajalska agencija","description":"Prevajanje, prevod v angle\u0161\u010dino, nem\u0161\u010dino","publisher":{"@id":"https:\/\/www.adriatiqa.com\/sl\/#organization"},"potentialAction":[{"@type":"SearchAction","target":{"@type":"EntryPoint","urlTemplate":"https:\/\/www.adriatiqa.com\/sl\/?s={search_term_string}"},"query-input":{"@type":"PropertyValueSpecification","valueRequired":true,"valueName":"search_term_string"}}],"inLanguage":"sl"},{"@type":"Organization","@id":"https:\/\/www.adriatiqa.com\/sl\/#organization","name":"ATE Globalis d.o.o.","url":"https:\/\/www.adriatiqa.com\/sl\/","logo":{"@type":"ImageObject","inLanguage":"sl","@id":"https:\/\/www.adriatiqa.com\/sl\/#\/schema\/logo\/image\/","url":"https:\/\/www.adriatiqa.com\/wp-content\/uploads\/2012\/11\/adriatiqa-logo.png","contentUrl":"https:\/\/www.adriatiqa.com\/wp-content\/uploads\/2012\/11\/adriatiqa-logo.png","width":297,"height":57,"caption":"ATE Globalis d.o.o."},"image":{"@id":"https:\/\/www.adriatiqa.com\/sl\/#\/schema\/logo\/image\/"},"sameAs":["https:\/\/www.facebook.com\/AdriatIQa","https:\/\/www.linkedin.com\/company\/adriatiqa-translations"]}]}},"_links":{"self":[{"href":"https:\/\/www.adriatiqa.com\/sl\/wp-json\/wp\/v2\/pages\/291","targetHints":{"allow":["GET"]}}],"collection":[{"href":"https:\/\/www.adriatiqa.com\/sl\/wp-json\/wp\/v2\/pages"}],"about":[{"href":"https:\/\/www.adriatiqa.com\/sl\/wp-json\/wp\/v2\/types\/page"}],"author":[{"embeddable":true,"href":"https:\/\/www.adriatiqa.com\/sl\/wp-json\/wp\/v2\/users\/2"}],"replies":[{"embeddable":true,"href":"https:\/\/www.adriatiqa.com\/sl\/wp-json\/wp\/v2\/comments?post=291"}],"version-history":[{"count":46,"href":"https:\/\/www.adriatiqa.com\/sl\/wp-json\/wp\/v2\/pages\/291\/revisions"}],"predecessor-version":[{"id":32319,"href":"https:\/\/www.adriatiqa.com\/sl\/wp-json\/wp\/v2\/pages\/291\/revisions\/32319"}],"wp:attachment":[{"href":"https:\/\/www.adriatiqa.com\/sl\/wp-json\/wp\/v2\/media?parent=291"}],"curies":[{"name":"wp","href":"https:\/\/api.w.org\/{rel}","templated":true}]}}