{"id":3005,"date":"2014-05-12T12:09:12","date_gmt":"2014-05-12T10:09:12","guid":{"rendered":"https:\/\/www.adriatiqa.com\/o-nas\/why-choose-us\/"},"modified":"2019-12-04T16:59:15","modified_gmt":"2019-12-04T15:59:15","slug":"zakaj-izbrati-nas","status":"publish","type":"page","link":"https:\/\/www.adriatiqa.com\/sl\/o-nas\/zakaj-izbrati-nas\/","title":{"rendered":"Zakaj izbrati nas"},"content":{"rendered":"<p>[vc_column_text width=&#8221;2\/3&#8243; el_position=&#8221;first&#8221;]<\/p>\n<ul>\n<li>\n<h4>Zagotavljamo prevode v v<a title=\"Jezikovne kombinacije\" href=\"https:\/\/www.adriatiqa.com\/sl\/jezikovne-kombinacije\/\">e\u010d kot 30 jezikov<\/a><\/h4>\n<\/li>\n<\/ul>\n<p>&nbsp;<\/p>\n<ul>\n<li>\n<h4>20 let izku\u0161enj<\/h4>\n<\/li>\n<\/ul>\n<p>&nbsp;<\/p>\n<ul>\n<li>\n<h4>Prevode vedno opravijo\u00a0rojeni govorci\u00a0ciljnega jezika<\/h4>\n<\/li>\n<\/ul>\n<p>&nbsp;<\/p>\n<ul>\n<li>\n<h4>Potrjena kakovost v skladu z\u00a0<a title=\"Kakovost\" href=\"https:\/\/www.adriatiqa.com\/sl\/kakovost\/\">ISO 9001:2015 in ISO 17100:2015<\/a><\/h4>\n<\/li>\n<\/ul>\n<p>&nbsp;<\/p>\n<ul>\n<li>\n<h4>Mo\u010dna mednarodna\u00a0mre\u017ea<\/h4>\n<\/li>\n<\/ul>\n<p>&nbsp;<\/p>\n<ul>\n<li>\n<h4>Smo\u00a0hitri, zanesljivi in prilagodljivi.<\/h4>\n<\/li>\n<\/ul>\n<p>&nbsp;<\/p>\n<p>&nbsp;<\/p>\n<h2><b>AdriatIQa \u2013 pametna\u00a0<\/b><strong>odlo\u010ditev<\/strong><\/h2>\n<p>[\/vc_column_text] [vc_single_image image=&#8221;2528&#8243; img_link_target=&#8221;pphoto&#8221; width=&#8221;1\/3&#8243; el_position=&#8221;last&#8221;]<\/p>\n","protected":false},"excerpt":{"rendered":"<p>[vc_column_text width=&#8221;2\/3&#8243; el_position=&#8221;first&#8221;] Zagotavljamo prevode v ve\u010d kot 30 jezikov &nbsp; 20 let izku\u0161enj &nbsp; Prevode vedno opravijo\u00a0rojeni govorci\u00a0ciljnega jezika&#8230;<\/p>\n","protected":false},"author":2,"featured_media":0,"parent":287,"menu_order":0,"comment_status":"closed","ping_status":"closed","template":"","meta":{"footnotes":""},"class_list":["post-3005","page","type-page","status-publish"],"yoast_head":"<!-- This site is optimized with the Yoast SEO plugin v27.4 - https:\/\/yoast.com\/product\/yoast-seo-wordpress\/ -->\n<title>Strokovna prevajalska agencija s kakovostnimi in hitrimi prevodi<\/title>\n<meta name=\"description\" content=\"Na\u0161a prevajalska agencija zagotavlja prevode v ve\u010d kot 30 jezikov. Smo hitri, zanesljivi in prilagodljivi ter imamo 20 let izku\u0161enj. Prevode vedno opravijo rojeni govorci ciljnega jezika, saj imamo mo\u010dno mednarodno mre\u017eo sodelavcev.\" \/>\n<meta name=\"robots\" content=\"index, follow, max-snippet:-1, max-image-preview:large, max-video-preview:-1\" \/>\n<link rel=\"canonical\" href=\"https:\/\/www.adriatiqa.com\/sl\/o-nas\/zakaj-izbrati-nas\/\" \/>\n<script type=\"application\/ld+json\" class=\"yoast-schema-graph\">{\"@context\":\"https:\\\/\\\/schema.org\",\"@graph\":[{\"@type\":\"WebPage\",\"@id\":\"https:\\\/\\\/www.adriatiqa.com\\\/sl\\\/o-nas\\\/zakaj-izbrati-nas\\\/\",\"url\":\"https:\\\/\\\/www.adriatiqa.com\\\/sl\\\/o-nas\\\/zakaj-izbrati-nas\\\/\",\"name\":\"Strokovna prevajalska agencija s kakovostnimi in hitrimi prevodi\",\"isPartOf\":{\"@id\":\"https:\\\/\\\/www.adriatiqa.com\\\/sl\\\/#website\"},\"datePublished\":\"2014-05-12T10:09:12+00:00\",\"dateModified\":\"2019-12-04T15:59:15+00:00\",\"description\":\"Na\u0161a prevajalska agencija zagotavlja prevode v ve\u010d kot 30 jezikov. Smo hitri, zanesljivi in prilagodljivi ter imamo 20 let izku\u0161enj. Prevode vedno opravijo rojeni govorci ciljnega jezika, saj imamo mo\u010dno mednarodno mre\u017eo sodelavcev.\",\"breadcrumb\":{\"@id\":\"https:\\\/\\\/www.adriatiqa.com\\\/sl\\\/o-nas\\\/zakaj-izbrati-nas\\\/#breadcrumb\"},\"inLanguage\":\"sl\",\"potentialAction\":[{\"@type\":\"ReadAction\",\"target\":[\"https:\\\/\\\/www.adriatiqa.com\\\/sl\\\/o-nas\\\/zakaj-izbrati-nas\\\/\"]}]},{\"@type\":\"BreadcrumbList\",\"@id\":\"https:\\\/\\\/www.adriatiqa.com\\\/sl\\\/o-nas\\\/zakaj-izbrati-nas\\\/#breadcrumb\",\"itemListElement\":[{\"@type\":\"ListItem\",\"position\":1,\"name\":\"Home\",\"item\":\"https:\\\/\\\/www.adriatiqa.com\\\/sl\\\/\"},{\"@type\":\"ListItem\",\"position\":2,\"name\":\"O nas\",\"item\":\"https:\\\/\\\/www.adriatiqa.com\\\/sl\\\/o-nas\\\/\"},{\"@type\":\"ListItem\",\"position\":3,\"name\":\"Zakaj izbrati nas\"}]},{\"@type\":\"WebSite\",\"@id\":\"https:\\\/\\\/www.adriatiqa.com\\\/sl\\\/#website\",\"url\":\"https:\\\/\\\/www.adriatiqa.com\\\/sl\\\/\",\"name\":\"AdriatIQa Prevodi, prevajalska agencija\",\"description\":\"Prevajanje, prevod v angle\u0161\u010dino, nem\u0161\u010dino\",\"publisher\":{\"@id\":\"https:\\\/\\\/www.adriatiqa.com\\\/sl\\\/#organization\"},\"potentialAction\":[{\"@type\":\"SearchAction\",\"target\":{\"@type\":\"EntryPoint\",\"urlTemplate\":\"https:\\\/\\\/www.adriatiqa.com\\\/sl\\\/?s={search_term_string}\"},\"query-input\":{\"@type\":\"PropertyValueSpecification\",\"valueRequired\":true,\"valueName\":\"search_term_string\"}}],\"inLanguage\":\"sl\"},{\"@type\":\"Organization\",\"@id\":\"https:\\\/\\\/www.adriatiqa.com\\\/sl\\\/#organization\",\"name\":\"ATE Globalis d.o.o.\",\"url\":\"https:\\\/\\\/www.adriatiqa.com\\\/sl\\\/\",\"logo\":{\"@type\":\"ImageObject\",\"inLanguage\":\"sl\",\"@id\":\"https:\\\/\\\/www.adriatiqa.com\\\/sl\\\/#\\\/schema\\\/logo\\\/image\\\/\",\"url\":\"https:\\\/\\\/www.adriatiqa.com\\\/wp-content\\\/uploads\\\/2012\\\/11\\\/adriatiqa-logo.png\",\"contentUrl\":\"https:\\\/\\\/www.adriatiqa.com\\\/wp-content\\\/uploads\\\/2012\\\/11\\\/adriatiqa-logo.png\",\"width\":297,\"height\":57,\"caption\":\"ATE Globalis d.o.o.\"},\"image\":{\"@id\":\"https:\\\/\\\/www.adriatiqa.com\\\/sl\\\/#\\\/schema\\\/logo\\\/image\\\/\"},\"sameAs\":[\"https:\\\/\\\/www.facebook.com\\\/AdriatIQa\",\"https:\\\/\\\/www.linkedin.com\\\/company\\\/adriatiqa-translations\"]}]}<\/script>\n<!-- \/ Yoast SEO plugin. -->","yoast_head_json":{"title":"Strokovna prevajalska agencija s kakovostnimi in hitrimi prevodi","description":"Na\u0161a prevajalska agencija zagotavlja prevode v ve\u010d kot 30 jezikov. Smo hitri, zanesljivi in prilagodljivi ter imamo 20 let izku\u0161enj. Prevode vedno opravijo rojeni govorci ciljnega jezika, saj imamo mo\u010dno mednarodno mre\u017eo sodelavcev.","robots":{"index":"index","follow":"follow","max-snippet":"max-snippet:-1","max-image-preview":"max-image-preview:large","max-video-preview":"max-video-preview:-1"},"canonical":"https:\/\/www.adriatiqa.com\/sl\/o-nas\/zakaj-izbrati-nas\/","schema":{"@context":"https:\/\/schema.org","@graph":[{"@type":"WebPage","@id":"https:\/\/www.adriatiqa.com\/sl\/o-nas\/zakaj-izbrati-nas\/","url":"https:\/\/www.adriatiqa.com\/sl\/o-nas\/zakaj-izbrati-nas\/","name":"Strokovna prevajalska agencija s kakovostnimi in hitrimi prevodi","isPartOf":{"@id":"https:\/\/www.adriatiqa.com\/sl\/#website"},"datePublished":"2014-05-12T10:09:12+00:00","dateModified":"2019-12-04T15:59:15+00:00","description":"Na\u0161a prevajalska agencija zagotavlja prevode v ve\u010d kot 30 jezikov. Smo hitri, zanesljivi in prilagodljivi ter imamo 20 let izku\u0161enj. Prevode vedno opravijo rojeni govorci ciljnega jezika, saj imamo mo\u010dno mednarodno mre\u017eo sodelavcev.","breadcrumb":{"@id":"https:\/\/www.adriatiqa.com\/sl\/o-nas\/zakaj-izbrati-nas\/#breadcrumb"},"inLanguage":"sl","potentialAction":[{"@type":"ReadAction","target":["https:\/\/www.adriatiqa.com\/sl\/o-nas\/zakaj-izbrati-nas\/"]}]},{"@type":"BreadcrumbList","@id":"https:\/\/www.adriatiqa.com\/sl\/o-nas\/zakaj-izbrati-nas\/#breadcrumb","itemListElement":[{"@type":"ListItem","position":1,"name":"Home","item":"https:\/\/www.adriatiqa.com\/sl\/"},{"@type":"ListItem","position":2,"name":"O nas","item":"https:\/\/www.adriatiqa.com\/sl\/o-nas\/"},{"@type":"ListItem","position":3,"name":"Zakaj izbrati nas"}]},{"@type":"WebSite","@id":"https:\/\/www.adriatiqa.com\/sl\/#website","url":"https:\/\/www.adriatiqa.com\/sl\/","name":"AdriatIQa Prevodi, prevajalska agencija","description":"Prevajanje, prevod v angle\u0161\u010dino, nem\u0161\u010dino","publisher":{"@id":"https:\/\/www.adriatiqa.com\/sl\/#organization"},"potentialAction":[{"@type":"SearchAction","target":{"@type":"EntryPoint","urlTemplate":"https:\/\/www.adriatiqa.com\/sl\/?s={search_term_string}"},"query-input":{"@type":"PropertyValueSpecification","valueRequired":true,"valueName":"search_term_string"}}],"inLanguage":"sl"},{"@type":"Organization","@id":"https:\/\/www.adriatiqa.com\/sl\/#organization","name":"ATE Globalis d.o.o.","url":"https:\/\/www.adriatiqa.com\/sl\/","logo":{"@type":"ImageObject","inLanguage":"sl","@id":"https:\/\/www.adriatiqa.com\/sl\/#\/schema\/logo\/image\/","url":"https:\/\/www.adriatiqa.com\/wp-content\/uploads\/2012\/11\/adriatiqa-logo.png","contentUrl":"https:\/\/www.adriatiqa.com\/wp-content\/uploads\/2012\/11\/adriatiqa-logo.png","width":297,"height":57,"caption":"ATE Globalis d.o.o."},"image":{"@id":"https:\/\/www.adriatiqa.com\/sl\/#\/schema\/logo\/image\/"},"sameAs":["https:\/\/www.facebook.com\/AdriatIQa","https:\/\/www.linkedin.com\/company\/adriatiqa-translations"]}]}},"_links":{"self":[{"href":"https:\/\/www.adriatiqa.com\/sl\/wp-json\/wp\/v2\/pages\/3005","targetHints":{"allow":["GET"]}}],"collection":[{"href":"https:\/\/www.adriatiqa.com\/sl\/wp-json\/wp\/v2\/pages"}],"about":[{"href":"https:\/\/www.adriatiqa.com\/sl\/wp-json\/wp\/v2\/types\/page"}],"author":[{"embeddable":true,"href":"https:\/\/www.adriatiqa.com\/sl\/wp-json\/wp\/v2\/users\/2"}],"replies":[{"embeddable":true,"href":"https:\/\/www.adriatiqa.com\/sl\/wp-json\/wp\/v2\/comments?post=3005"}],"version-history":[{"count":14,"href":"https:\/\/www.adriatiqa.com\/sl\/wp-json\/wp\/v2\/pages\/3005\/revisions"}],"predecessor-version":[{"id":5219,"href":"https:\/\/www.adriatiqa.com\/sl\/wp-json\/wp\/v2\/pages\/3005\/revisions\/5219"}],"up":[{"embeddable":true,"href":"https:\/\/www.adriatiqa.com\/sl\/wp-json\/wp\/v2\/pages\/287"}],"wp:attachment":[{"href":"https:\/\/www.adriatiqa.com\/sl\/wp-json\/wp\/v2\/media?parent=3005"}],"curies":[{"name":"wp","href":"https:\/\/api.w.org\/{rel}","templated":true}]}}