{"id":31048,"date":"2022-12-20T09:25:00","date_gmt":"2022-12-20T08:25:00","guid":{"rendered":"https:\/\/www.adriatiqa.com\/?page_id=31048"},"modified":"2023-01-05T09:10:09","modified_gmt":"2023-01-05T08:10:09","slug":"prevodi-v-crnogorscino","status":"publish","type":"page","link":"https:\/\/www.adriatiqa.com\/sl\/jeziki\/prevodi-v-crnogorscino\/","title":{"rendered":"Prevodi v \u010drnogor\u0161\u010dino"},"content":{"rendered":"<div class=\"wpb-content-wrapper\"><p>[vc_row css=&#8221;.vc_custom_1659448394189{margin-top: -40px !important;}&#8221;][vc_column][vc_row_inner][vc_column_inner width=&#8221;2\/3&#8243; css=&#8221;.vc_custom_1542116862280{padding-top: 0px !important;}&#8221;]<div class=\"clearboth\"><\/div><style>#thegem-divider-69dbb9cf5c5bf {margin-top: 8px !important;}<\/style><div id=\"thegem-divider-69dbb9cf5c5bf\" class=\"gem-divider  \" style=\"\" ><\/div><div class=\"gem-dropcap gem-dropcap-shape-circle gem-dropcap-style-medium\"><span class=\"gem-dropcap-letter\" style=\"color: #ffffff;background-color: #0094d6;\"><\/span><\/div>[vc_column_text css_animation=&#8221;bottom-to-top&#8221; css=&#8221;.vc_custom_1671524388196{margin-bottom: 0px !important;padding-top: 13px !important;padding-bottom: 23px !important;}&#8221;]<\/p>\n<div class=\"styled-subtitle\">\n<p><strong>\u010crnogorski jezik<\/strong><\/p>\n<\/div>\n<p>[\/vc_column_text][vc_column_text]AdriatIQa nudi strokovne prevode besedil v \u010drnogor\u0161\u010dine in prevode iz \u010drnogor\u0161\u010dine v sloven\u0161\u010dino. Sodelujemo z izku\u0161enimi prevajalci, ki so specializirani za razli\u010dna podro\u010dja. Zagotovimo lahko tako standardne kot tudi overjene prevode. Svoje storitve nudimo podjetjem iz vseh sektorjev (vklju\u010dno s specializiranimi sektorji: industrijski, tehni\u010dni, medicinski, pravni in drugi). Iz \u010drnogor\u0161\u010dine lahko prevedemo pogodbo ali pa dokumentacijo podjetja, ra\u010dune, kataloge, reklamne slogane, poro\u010dila, poslovno korespondenco, akte, pooblastila, obrazce in druga gradiva, tudi tajna. Na\u0161i prevajalci \u010drnogorskega jezika ne bodo poskrbeli le za pravilnost prevoda, ampak tudi za u\u010dinkovitost besedila, njegov ustrezen slog in prilagajanje kulturnemu kontekstu, tako glede samega jezika kot tudi dr\u017eave.[\/vc_column_text]<div class=\"clearboth\"><\/div><style>#thegem-divider-69dbb9cf5c6a9 {margin-top: 8px !important;}<\/style><div id=\"thegem-divider-69dbb9cf5c6a9\" class=\"gem-divider  \" style=\"\" ><\/div><div class=\"gem-dropcap gem-dropcap-shape-circle gem-dropcap-style-medium\"><span class=\"gem-dropcap-letter\" style=\"color: #ffffff;background-color: #0094d6;\"><\/span><\/div>[vc_column_text css_animation=&#8221;bottom-to-top&#8221; css=&#8221;.vc_custom_1671524433875{margin-bottom: 0px !important;padding-top: 13px !important;padding-bottom: 23px !important;}&#8221;]<\/p>\n<div class=\"styled-subtitle\">\n<p><strong>Kdo govori \u010drnogorsko?<\/strong><\/p>\n<\/div>\n<p>[\/vc_column_text][vc_column_text]\u010crnogorski jezik uporablja pribli\u017eno 150 tiso\u010d ljudi po vsem svetu. Za veliko ve\u010dino je to materni jezik. \u010crnogorski jezik spada v skupino ju\u017enoslovanskih jezikov, ki so del velike dru\u017eine indoevropskih jezikov. Skupaj s srb\u0161\u010dino, hrva\u0161\u010dino in bosan\u0161\u010dino se pogosto obravnava kot srbohrva\u0161ki jezik. Nekateri jezikoslovci pa menijo, da je treba \u010drnogorski jezik obravnavati kot popolnoma lo\u010den jezik. \u010crnogorski jezik v bistvu uporabljajo le dr\u017eavljani \u010crne gore. Leta 2007 je \u010drnogorski jezik postal uradni jezik v \u010crni gori.<\/p>\n<p>[\/vc_column_text][\/vc_column_inner][vc_column_inner width=&#8221;1\/3&#8243;][vc_column_text css_animation=&#8221;none&#8221; css=&#8221;.vc_custom_1660055604409{margin-bottom: 0px !important;padding-top: 13px !important;padding-bottom: 23px !important;}&#8221;]<\/p>\n<div class=\"styled-subtitle\">\n<h6><strong>Pi\u0161ite nam ali pa nas obi\u0161\u010dite. Adriatiqa<\/strong><\/h6>\n<\/div>\n<p>[\/vc_column_text]\n<div class=\"wpcf7 no-js\" id=\"wpcf7-f25110-o1\" lang=\"en\" dir=\"ltr\" data-wpcf7-id=\"25110\">\n<div class=\"screen-reader-response\"><p role=\"status\" aria-live=\"polite\" aria-atomic=\"true\"><\/p> <ul><\/ul><\/div>\n<form action=\"\/sl\/wp-json\/wp\/v2\/pages\/31048#wpcf7-f25110-o1\" method=\"post\" class=\"wpcf7-form init\" aria-label=\"Contact form\" novalidate=\"novalidate\" data-status=\"init\">\n<fieldset class=\"hidden-fields-container\"><legend class=\"screen-reader-text\">Hidden fields<\/legend><input type=\"hidden\" name=\"_wpcf7\" value=\"25110\" \/><input type=\"hidden\" name=\"_wpcf7_version\" value=\"6.1.5\" \/><input type=\"hidden\" name=\"_wpcf7_locale\" value=\"en\" \/><input type=\"hidden\" name=\"_wpcf7_unit_tag\" value=\"wpcf7-f25110-o1\" \/><input type=\"hidden\" name=\"_wpcf7_container_post\" value=\"0\" \/><input type=\"hidden\" name=\"_wpcf7_posted_data_hash\" value=\"\" \/>\n<\/fieldset>\n<style>\n    .wpcf7-form div, \n    .wpcf7-form p, \n    .wpcf7-form label {\n        margin-bottom: 15px; \/* Pove\u010danje razmika med elementi *\/\n        display: block;\n    }\n\n    .wpcf7-textarea, \n    .wpcf7-text, \n    .wpcf7-email {\n        padding: 8px; \/* Dodajanje prostora za bolj\u0161o berljivost *\/\n        width: 100%; \/* Polna \u0161irina vseh vnosnih polj *\/\n        box-sizing: border-box; \/* Prepre\u010duje prelivanje *\/\n    }\n\n    .wpcf7-submit {\n        display: block;\n        text-align: left;\n        margin-top: 15px;\n    }\n<\/style>\n\n<div style=\"padding: 5px 0;\">Podjetje \/ Ime (*) <span class=\"wpcf7-form-control-wrap\" data-name=\"your-name\"><input size=\"40\" maxlength=\"400\" class=\"wpcf7-form-control wpcf7-text wpcf7-validates-as-required\" aria-required=\"true\" aria-invalid=\"false\" value=\"\" type=\"text\" name=\"your-name\" \/><\/span><\/div>\n\n<div style=\"padding: 5px 0;\">Telefonska \u0161tevilka <span class=\"wpcf7-form-control-wrap\" data-name=\"text-56\"><input size=\"40\" maxlength=\"400\" class=\"wpcf7-form-control wpcf7-text\" aria-invalid=\"false\" value=\"\" type=\"text\" name=\"text-56\" \/><\/span><\/div>\n\n<div style=\"padding: 5px 0;\">E-naslov (*) <span class=\"wpcf7-form-control-wrap\" data-name=\"your-email\"><input size=\"40\" maxlength=\"400\" class=\"wpcf7-form-control wpcf7-email wpcf7-validates-as-required wpcf7-text wpcf7-validates-as-email\" aria-required=\"true\" aria-invalid=\"false\" value=\"\" type=\"email\" name=\"your-email\" \/><\/span><\/div>\n\n<div style=\"padding: 5px 0;\">\n    Kako vam lahko pomagamo?  \n    <span class=\"wpcf7-form-control-wrap\" data-name=\"your-message\"><textarea cols=\"40\" rows=\"3\" maxlength=\"2000\" class=\"wpcf7-form-control wpcf7-textarea\" aria-invalid=\"false\" placeholder=\"Pri naro\u010dilu ponudbe za prevod ne pozabite navesti jezikovne kombinacije in predvidenega datuma zaklju\u010dka naro\u010dila.\" name=\"your-message\"><\/textarea><\/span>\n<\/div>\n\n<label><span class=\"wpcf7-form-control-wrap\" data-name=\"upload-file-786\"><input size=\"40\" class=\"wpcf7-form-control wpcf7-drag-n-drop-file d-none\" aria-invalid=\"false\" type=\"file\" multiple=\"multiple\" data-name=\"upload-file-786\" data-type=\"pdf|txt|jpg|jpeg|png|gif|pdf|doc|docx|ppt|pptx|odt|avi|ogg|m4a|mov|mp3|mp4|mpg|wav|wmv|xsx|zip|rar|7z\" data-max=\"20Mb\" data-id=\"25110\" data-version=\"free version 1.3.9.5\" accept=\".pdf, .txt, .jpg, .jpeg, .png, .gif, .pdf, .doc, .docx, .ppt, .pptx, .odt, .avi, .ogg, .m4a, .mov, .mp3, .mp4, .mpg, .wav, .wmv, .xsx, .zip, .rar, .7z\" \/><\/span><\/label>\n\n<p style=\"font-size: small; line-height: 140%; margin-bottom: 15px;\">\n    Najve\u010dja velikost nalo\u017eene datoteke ne sme presegati 20 MB.\n<\/p>\n\n<p style=\"color: black; font-size: 12px; margin-bottom: 15px;\">\n    Z oddajo obrazca se strinjate s  \n    <a href=\"https:\/\/www.adriatiqa.com\/sl\/gdpr\/\" target=\"_blank\" style=\"color: black; text-decoration: underline;\">politiko zasebnosti<\/a>.\n<\/p>\n\n<input class=\"wpcf7-form-control wpcf7-submit has-spinner\" type=\"submit\" value=\"Po\u0161lji\" \/>\n<span id=\"wpcf7-69dbb9cf5d342-wrapper\" class=\"wpcf7-form-control-wrap honeypot-415-wrap\" style=\"display:none !important; visibility:hidden !important;\"><label for=\"wpcf7-69dbb9cf5d342-field\" class=\"hp-message\">Please leave this field empty.<\/label><input id=\"wpcf7-69dbb9cf5d342-field\"  class=\"wpcf7-form-control wpcf7-text\" type=\"text\" name=\"honeypot-415\" value=\"\" size=\"40\" tabindex=\"-1\" autocomplete=\"new-password\" \/><\/span><div class=\"wpcf7-response-output\" aria-hidden=\"true\"><\/div>\n<\/form>\n<\/div>\n[\/vc_column_inner][\/vc_row_inner][vc_row_inner][vc_column_inner width=&#8221;1\/2&#8243;][vc_single_image image=&#8221;31241&#8243; img_size=&#8221;large&#8221; alignment=&#8221;center&#8221;][\/vc_column_inner][vc_column_inner width=&#8221;1\/2&#8243;][vc_single_image image=&#8221;31243&#8243; img_size=&#8221;large&#8221; alignment=&#8221;center&#8221;][\/vc_column_inner][\/vc_row_inner][\/vc_column][\/vc_row][vc_row][vc_column]<div class=\"gem-dropcap gem-dropcap-shape-circle gem-dropcap-style-medium\"><span class=\"gem-dropcap-letter\" style=\"color: #ffffff;background-color: #0094d6;\"><\/span><\/div>[vc_column_text css_animation=&#8221;bottom-to-top&#8221; css=&#8221;.vc_custom_1671524472674{margin-bottom: 0px !important;padding-top: 13px !important;padding-bottom: 23px !important;}&#8221;]<\/p>\n<div class=\"styled-subtitle\">\n<p><strong>Zgodovina \u010drnogor\u0161\u010dine<\/strong><\/p>\n<\/div>\n<p>[\/vc_column_text][vc_column_text]\u010crnogorski jezik je ena od \u0161tirih standardnih razli\u010dic srbohrva\u0161kega policentri\u010dnega jezika. Temelji na \u0161tokavskem nare\u010dju. Tudi v Deklaraciji \u010drnogorskega centra PEN, ki se ukvarja s promocijo jezika, je zapisano, da \u00bb\u010drnogorski jezik ne pomeni sistemsko lo\u010denega jezika, ampak le eno od \u0161tirih imen (\u010drnogorski, srbski, hrva\u0161ki in bosanski), s katerim \u010crnogorci imenujejo svoj del \u0161tokavskega nare\u010dja, ki ga skupno dedujejo Muslimani, Srbi in Hrvati\u00ab. Leta 2017 so \u0161tevilni \u010drnogorski pisatelji, znanstveniki, novinarji, aktivisti in druge javne osebnosti iz \u010crne gore, Hrva\u0161ke, Bosne in Hercegovine ter Srbije podpisali Deklaracijo o skupnem jeziku, ki pravi, da je v \u010crni gori, na Hrva\u0161kem, v Bosni in Hercegovini ter Srbiji knji\u017eni jezik policentri\u010dnega tipa, ki je sestavljen iz ve\u010d razli\u010dic (podobno kot nem\u0161ki, angle\u0161ki in \u0161panski). Leta 2009 je bila kot standard razgla\u0161ena nova \u010drnogorska latinica.[\/vc_column_text][\/vc_column][\/vc_row][vc_row][vc_column]<div class=\"gem-dropcap gem-dropcap-shape-circle gem-dropcap-style-medium\"><span class=\"gem-dropcap-letter\" style=\"color: #ffffff;background-color: #0094d6;\"><\/span><\/div>[vc_column_text css_animation=&#8221;bottom-to-top&#8221; css=&#8221;.vc_custom_1671524496721{margin-bottom: 0px !important;padding-top: 13px !important;padding-bottom: 23px !important;}&#8221;]<\/p>\n<div class=\"styled-subtitle\">\n<p><strong>\u010crnogor\u0161\u010dina v poslu<\/strong><\/p>\n<\/div>\n<p>[\/vc_column_text][vc_column_text]\u010crnogorski jezik bo uporaben predvsem v primeru vzpostavljanja poslovnih odnosov s \u010crno goro. Zato je pri nastopu na tem trgu izrednega pomena, da poskrbite za strokovne prevode vseh korporativnih gradiv v \u010drnogorski jezik, medtem ko je v primeru uvoza blaga (npr. vina, tj. enega glavnih izvoznih proizvodov \u010crne gore) na slovenski trg vredno poskrbeti za strokovne prevode iz \u010drnogor\u0161\u010dine v sloven\u0161\u010dino. Vsekakor bo to prispevalo k uspehu na zahtevnem mednarodnem trgu.[\/vc_column_text][\/vc_column][\/vc_row][vc_row][vc_column]<div class=\"gem-dropcap gem-dropcap-shape-circle gem-dropcap-style-medium\"><span class=\"gem-dropcap-letter\" style=\"color: #ffffff;background-color: #0094d6;\"><\/span><\/div>[vc_column_text css_animation=&#8221;bottom-to-top&#8221; css=&#8221;.vc_custom_1671524530602{margin-bottom: 0px !important;padding-top: 13px !important;padding-bottom: 23px !important;}&#8221;]<\/p>\n<div class=\"styled-subtitle\">\n<p><strong>Prevodi v \u010drnogor\u0161\u010dino in iz \u010drnogor\u0161\u010dine<\/strong><\/p>\n<\/div>\n<p>[\/vc_column_text][vc_column_text]Najpogostej\u0161a naro\u010dila prevodov v \u010drnogor\u0161\u010dino in iz nje:<\/p>\n<p>standardni in poslovni prevodi v \u010drnogor\u0161\u010dino in iz \u010drnogor\u0161\u010dine; hitri prevodi; <a href=\"https:\/\/www.adriatiqa.com\/sl\/sodni-prevodi\/\">overjeni prevodi<\/a>; lektoriranje; <a href=\"https:\/\/www.adriatiqa.com\/sl\/storitve\/lokalizacija\/\">lokalizacija<\/a>; <a href=\"https:\/\/www.adriatiqa.com\/sl\/prevajanje\/podrocja-prevajanja\/prevajanje-spletnih-strani\/\">prevajanje spletnih strani<\/a> v \u010drnogor\u0161\u010dino; DTP \u2013 grafi\u010dna priprava dokumentov; tolma\u010denje iz \u010drnogor\u0161\u010dine in v \u010drnogor\u0161\u010dino \u2013 simultano in konsekutivno.[\/vc_column_text][\/vc_column][\/vc_row]<\/p>\n<\/div>","protected":false},"excerpt":{"rendered":"<p>[vc_row css=&#8221;.vc_custom_1659448394189{margin-top: -40px !important;}&#8221;][vc_column][vc_row_inner][vc_column_inner width=&#8221;2\/3&#8243; css=&#8221;.vc_custom_1542116862280{padding-top: 0px !important;}&#8221;][vc_column_text css_animation=&#8221;bottom-to-top&#8221; css=&#8221;.vc_custom_1671524388196{margin-bottom: 0px !important;padding-top: 13px !important;padding-bottom: 23px !important;}&#8221;] \u010crnogorski jezik [\/vc_column_text][vc_column_text]AdriatIQa nudi&#8230;<\/p>\n","protected":false},"author":4,"featured_media":0,"parent":370,"menu_order":0,"comment_status":"closed","ping_status":"closed","template":"","meta":{"footnotes":""},"class_list":["post-31048","page","type-page","status-publish"],"yoast_head":"<!-- This site is optimized with the Yoast SEO plugin v27.3 - https:\/\/yoast.com\/product\/yoast-seo-wordpress\/ -->\n<title>Prevodi v \u010drnogor\u0161\u010dino | AdriatIQa Prevodi, prevajalska agencija<\/title>\n<meta name=\"description\" content=\"AdriatIQa nudi prevode besedil v \u010drnogor\u0161\u010dine in iz nje v sloven\u0161\u010dino. Sodelujemo s prevajalci, specializiranimi za razli\u010dna podro\u010dja.\" \/>\n<meta name=\"robots\" content=\"index, follow, max-snippet:-1, max-image-preview:large, max-video-preview:-1\" \/>\n<link rel=\"canonical\" href=\"https:\/\/www.adriatiqa.com\/sl\/jeziki\/prevodi-v-crnogorscino\/\" \/>\n<meta name=\"twitter:label1\" content=\"Est. reading time\" \/>\n\t<meta name=\"twitter:data1\" content=\"3 minutes\" \/>\n<script type=\"application\/ld+json\" class=\"yoast-schema-graph\">{\"@context\":\"https:\\\/\\\/schema.org\",\"@graph\":[{\"@type\":\"WebPage\",\"@id\":\"https:\\\/\\\/www.adriatiqa.com\\\/sl\\\/jeziki\\\/prevodi-v-crnogorscino\\\/\",\"url\":\"https:\\\/\\\/www.adriatiqa.com\\\/sl\\\/jeziki\\\/prevodi-v-crnogorscino\\\/\",\"name\":\"Prevodi v \u010drnogor\u0161\u010dino | AdriatIQa Prevodi, prevajalska agencija\",\"isPartOf\":{\"@id\":\"https:\\\/\\\/www.adriatiqa.com\\\/sl\\\/#website\"},\"datePublished\":\"2022-12-20T08:25:00+00:00\",\"dateModified\":\"2023-01-05T08:10:09+00:00\",\"description\":\"AdriatIQa nudi prevode besedil v \u010drnogor\u0161\u010dine in iz nje v sloven\u0161\u010dino. Sodelujemo s prevajalci, specializiranimi za razli\u010dna podro\u010dja.\",\"breadcrumb\":{\"@id\":\"https:\\\/\\\/www.adriatiqa.com\\\/sl\\\/jeziki\\\/prevodi-v-crnogorscino\\\/#breadcrumb\"},\"inLanguage\":\"sl\",\"potentialAction\":[{\"@type\":\"ReadAction\",\"target\":[\"https:\\\/\\\/www.adriatiqa.com\\\/sl\\\/jeziki\\\/prevodi-v-crnogorscino\\\/\"]}]},{\"@type\":\"BreadcrumbList\",\"@id\":\"https:\\\/\\\/www.adriatiqa.com\\\/sl\\\/jeziki\\\/prevodi-v-crnogorscino\\\/#breadcrumb\",\"itemListElement\":[{\"@type\":\"ListItem\",\"position\":1,\"name\":\"Home\",\"item\":\"https:\\\/\\\/www.adriatiqa.com\\\/sl\\\/\"},{\"@type\":\"ListItem\",\"position\":2,\"name\":\"Jeziki\",\"item\":\"https:\\\/\\\/www.adriatiqa.com\\\/sl\\\/jeziki\\\/\"},{\"@type\":\"ListItem\",\"position\":3,\"name\":\"Prevodi v \u010drnogor\u0161\u010dino\"}]},{\"@type\":\"WebSite\",\"@id\":\"https:\\\/\\\/www.adriatiqa.com\\\/sl\\\/#website\",\"url\":\"https:\\\/\\\/www.adriatiqa.com\\\/sl\\\/\",\"name\":\"AdriatIQa Prevodi, prevajalska agencija\",\"description\":\"Prevajanje, prevod v angle\u0161\u010dino, nem\u0161\u010dino\",\"publisher\":{\"@id\":\"https:\\\/\\\/www.adriatiqa.com\\\/sl\\\/#organization\"},\"potentialAction\":[{\"@type\":\"SearchAction\",\"target\":{\"@type\":\"EntryPoint\",\"urlTemplate\":\"https:\\\/\\\/www.adriatiqa.com\\\/sl\\\/?s={search_term_string}\"},\"query-input\":{\"@type\":\"PropertyValueSpecification\",\"valueRequired\":true,\"valueName\":\"search_term_string\"}}],\"inLanguage\":\"sl\"},{\"@type\":\"Organization\",\"@id\":\"https:\\\/\\\/www.adriatiqa.com\\\/sl\\\/#organization\",\"name\":\"ATE Globalis d.o.o.\",\"url\":\"https:\\\/\\\/www.adriatiqa.com\\\/sl\\\/\",\"logo\":{\"@type\":\"ImageObject\",\"inLanguage\":\"sl\",\"@id\":\"https:\\\/\\\/www.adriatiqa.com\\\/sl\\\/#\\\/schema\\\/logo\\\/image\\\/\",\"url\":\"https:\\\/\\\/www.adriatiqa.com\\\/wp-content\\\/uploads\\\/2012\\\/11\\\/adriatiqa-logo.png\",\"contentUrl\":\"https:\\\/\\\/www.adriatiqa.com\\\/wp-content\\\/uploads\\\/2012\\\/11\\\/adriatiqa-logo.png\",\"width\":297,\"height\":57,\"caption\":\"ATE Globalis d.o.o.\"},\"image\":{\"@id\":\"https:\\\/\\\/www.adriatiqa.com\\\/sl\\\/#\\\/schema\\\/logo\\\/image\\\/\"},\"sameAs\":[\"https:\\\/\\\/www.facebook.com\\\/AdriatIQa\",\"https:\\\/\\\/www.linkedin.com\\\/company\\\/adriatiqa-translations\"]}]}<\/script>\n<!-- \/ Yoast SEO plugin. -->","yoast_head_json":{"title":"Prevodi v \u010drnogor\u0161\u010dino | AdriatIQa Prevodi, prevajalska agencija","description":"AdriatIQa nudi prevode besedil v \u010drnogor\u0161\u010dine in iz nje v sloven\u0161\u010dino. Sodelujemo s prevajalci, specializiranimi za razli\u010dna podro\u010dja.","robots":{"index":"index","follow":"follow","max-snippet":"max-snippet:-1","max-image-preview":"max-image-preview:large","max-video-preview":"max-video-preview:-1"},"canonical":"https:\/\/www.adriatiqa.com\/sl\/jeziki\/prevodi-v-crnogorscino\/","twitter_misc":{"Est. reading time":"3 minutes"},"schema":{"@context":"https:\/\/schema.org","@graph":[{"@type":"WebPage","@id":"https:\/\/www.adriatiqa.com\/sl\/jeziki\/prevodi-v-crnogorscino\/","url":"https:\/\/www.adriatiqa.com\/sl\/jeziki\/prevodi-v-crnogorscino\/","name":"Prevodi v \u010drnogor\u0161\u010dino | AdriatIQa Prevodi, prevajalska agencija","isPartOf":{"@id":"https:\/\/www.adriatiqa.com\/sl\/#website"},"datePublished":"2022-12-20T08:25:00+00:00","dateModified":"2023-01-05T08:10:09+00:00","description":"AdriatIQa nudi prevode besedil v \u010drnogor\u0161\u010dine in iz nje v sloven\u0161\u010dino. Sodelujemo s prevajalci, specializiranimi za razli\u010dna podro\u010dja.","breadcrumb":{"@id":"https:\/\/www.adriatiqa.com\/sl\/jeziki\/prevodi-v-crnogorscino\/#breadcrumb"},"inLanguage":"sl","potentialAction":[{"@type":"ReadAction","target":["https:\/\/www.adriatiqa.com\/sl\/jeziki\/prevodi-v-crnogorscino\/"]}]},{"@type":"BreadcrumbList","@id":"https:\/\/www.adriatiqa.com\/sl\/jeziki\/prevodi-v-crnogorscino\/#breadcrumb","itemListElement":[{"@type":"ListItem","position":1,"name":"Home","item":"https:\/\/www.adriatiqa.com\/sl\/"},{"@type":"ListItem","position":2,"name":"Jeziki","item":"https:\/\/www.adriatiqa.com\/sl\/jeziki\/"},{"@type":"ListItem","position":3,"name":"Prevodi v \u010drnogor\u0161\u010dino"}]},{"@type":"WebSite","@id":"https:\/\/www.adriatiqa.com\/sl\/#website","url":"https:\/\/www.adriatiqa.com\/sl\/","name":"AdriatIQa Prevodi, prevajalska agencija","description":"Prevajanje, prevod v angle\u0161\u010dino, nem\u0161\u010dino","publisher":{"@id":"https:\/\/www.adriatiqa.com\/sl\/#organization"},"potentialAction":[{"@type":"SearchAction","target":{"@type":"EntryPoint","urlTemplate":"https:\/\/www.adriatiqa.com\/sl\/?s={search_term_string}"},"query-input":{"@type":"PropertyValueSpecification","valueRequired":true,"valueName":"search_term_string"}}],"inLanguage":"sl"},{"@type":"Organization","@id":"https:\/\/www.adriatiqa.com\/sl\/#organization","name":"ATE Globalis d.o.o.","url":"https:\/\/www.adriatiqa.com\/sl\/","logo":{"@type":"ImageObject","inLanguage":"sl","@id":"https:\/\/www.adriatiqa.com\/sl\/#\/schema\/logo\/image\/","url":"https:\/\/www.adriatiqa.com\/wp-content\/uploads\/2012\/11\/adriatiqa-logo.png","contentUrl":"https:\/\/www.adriatiqa.com\/wp-content\/uploads\/2012\/11\/adriatiqa-logo.png","width":297,"height":57,"caption":"ATE Globalis d.o.o."},"image":{"@id":"https:\/\/www.adriatiqa.com\/sl\/#\/schema\/logo\/image\/"},"sameAs":["https:\/\/www.facebook.com\/AdriatIQa","https:\/\/www.linkedin.com\/company\/adriatiqa-translations"]}]}},"_links":{"self":[{"href":"https:\/\/www.adriatiqa.com\/sl\/wp-json\/wp\/v2\/pages\/31048","targetHints":{"allow":["GET"]}}],"collection":[{"href":"https:\/\/www.adriatiqa.com\/sl\/wp-json\/wp\/v2\/pages"}],"about":[{"href":"https:\/\/www.adriatiqa.com\/sl\/wp-json\/wp\/v2\/types\/page"}],"author":[{"embeddable":true,"href":"https:\/\/www.adriatiqa.com\/sl\/wp-json\/wp\/v2\/users\/4"}],"replies":[{"embeddable":true,"href":"https:\/\/www.adriatiqa.com\/sl\/wp-json\/wp\/v2\/comments?post=31048"}],"version-history":[{"count":3,"href":"https:\/\/www.adriatiqa.com\/sl\/wp-json\/wp\/v2\/pages\/31048\/revisions"}],"predecessor-version":[{"id":31245,"href":"https:\/\/www.adriatiqa.com\/sl\/wp-json\/wp\/v2\/pages\/31048\/revisions\/31245"}],"up":[{"embeddable":true,"href":"https:\/\/www.adriatiqa.com\/sl\/wp-json\/wp\/v2\/pages\/370"}],"wp:attachment":[{"href":"https:\/\/www.adriatiqa.com\/sl\/wp-json\/wp\/v2\/media?parent=31048"}],"curies":[{"name":"wp","href":"https:\/\/api.w.org\/{rel}","templated":true}]}}