{"id":31300,"date":"2023-01-31T10:50:11","date_gmt":"2023-01-31T09:50:11","guid":{"rendered":"https:\/\/www.adriatiqa.com\/?page_id=31300"},"modified":"2023-02-23T08:33:29","modified_gmt":"2023-02-23T07:33:29","slug":"prevajanje-spletnih-strani-na-daljavo-s-pomocjo-vticnika-wpml","status":"publish","type":"page","link":"https:\/\/www.adriatiqa.com\/sl\/studije-primerov\/prevajanje-spletnih-strani-na-daljavo-s-pomocjo-vticnika-wpml\/","title":{"rendered":"Prevajanje spletnih strani na daljavo s pomo\u010djo vti\u010dnika WPML"},"content":{"rendered":"<div class=\"wpb-content-wrapper\"><p>[vc_row][vc_column width=&#8221;2\/3&#8243;][vc_column_text]<strong>ANALIZA NARO\u010cILA ZA PREVOD SPLETNE STRANI Z UPORABO VTI\u010cNIKA WPML<\/strong><\/p>\n<p>Na\u0161a stranka \u2013 interaktivna agencija \u2013 je potrebovala prevod vsebine s spletne strani svoje stranke, ki deluje v kozmeti\u010dni industriji (proizvajalec obla\u010dil za tretmaje SPA). Naro\u010dilo so \u017eeleli izvesti hitro, vendar naro\u010dnik ni imel vsebine s spletne strani v formatu, ki ga je mogo\u010de urejati, zato je bila obdelava naro\u010dila po tehni\u010dni plati dodaten izziv: izlu\u0161\u010diti vsebino s spletne strani, zagotoviti, da nobena vsebina ni izpu\u0161\u010dena, itd., nato pa implementirati prevedeno vsebino na spletno mesto.<\/p>\n<p><strong>ODZIV NA POTREBE STRANKE<\/strong><\/p>\n<p>Naro\u010dnik je z na\u0161o pomo\u010djo ugotovil, da ima vti\u010dnik WPML za WordPress (\u010desar prej sploh ni vedel), s pomo\u010djo katerega je lahko hitro izvozil vsebino, ki naj bi jo prevedli. Ko smo ga vodili korak za korakom, je ugotovil, da je celoten postopek zelo preprost.<\/p>\n<p>Pripravili smo ponudbo za prevod spletne strani v dva jezika: angle\u0161\u010dino in nem\u0161\u010dino. Zaradi namena prevoda se je kot optimalna varianta izkazal prevod z lekturo maternih govorcev ciljnih jezikov. Stranka je bila navdu\u0161ena, da je proces potekal tako gladko in brez njenega sodelovanja, s \u010dimer je prihranila svoj \u010das. Po nekaj tednih se je vrnila k nam s pro\u0161njo za dokon\u010danje prevoda, ker so se na strani pojavile nove vsebine.<\/p>\n<p>\u00bbSr\u010dno priporo\u010dam podjetje AdriatIQa,\u00ab je po projektu zapisala stranka. Prevajanje spletnih strani na daljavo z uporabo vti\u010dnika WPML je idealna re\u0161itev za podjetja, ki cenijo hitrost in popolnost prevoda. Odli\u010dna storitev v vsaki fazi naro\u010dila nam je pokazala, da je to najbolj\u0161e prevajalsko podjetje, s katerim smo do sedaj sodelovali.<\/p>\n<p><strong>U\u010cENJE PREK IZZIVA<\/strong><\/p>\n<p>V situaciji, ko je naro\u010dnik \u017eelel u\u010dinkovit <a href=\"https:\/\/www.adriatiqa.com\/sl\/prevajanje\/\">prevod<\/a> spletne strani (pomemben dejavnik je bil kratek \u010das izvedbe), se je re\u0161itev, ki smo jo predlagali, izkazala kot zadetek v polno. Ker je bil naro\u010dnik zadovoljen z u\u010dinkom, zdaj na\u010drtuje nadaljnje jezikovne razli\u010dice spletne strani (italijan\u0161\u010dino in \u0161pan\u0161\u010dino), saj namerava vstopiti na nove tuje trge.<\/p>\n<p><strong>OPIS ZAKLJU\u010cKOV IN NASVET ZA PODJETJA, KI SE LAHKO SRE\u010cAJO S PODOBNIMI TE\u017dAVAMI ALI S PODOBNIMI ZAHTEVAMI<\/strong><\/p>\n<p>Prevod spletne strani z vti\u010dnikom WPML je idealna re\u0161itev, \u0161e posebej za podjetja, ki sproti posodabljajo vsebino na svoji spletni strani, na primer ko \u0161irijo svojo ponudbo z novimi izdelki ali storitvami.<\/p>\n<p><strong>POVZETEK<\/strong><\/p>\n<p>Pri izvedbi projekta je sodeloval vodja projekta, ni pa bila potrebna pomo\u010d strokovnjaka za <a href=\"https:\/\/www.adriatiqa.com\/sl\/storitve\/lokalizacija\/\">lokalizacijo<\/a> ali grafi\u010dnega oblikovalca. Stranka je izvozila datoteke za prevod v nekaj minutah. V 4 delovnih dneh smo prevedli ve\u010d kot 6000 besed skupaj z lekturo ciljnega jezika.<\/p>\n<p>I\u0161\u010dete prevajalsko agencijo, ki vas bo podprla pri procesu prevajanja spletne strani, ki temelji na WordPressu? Pi\u0161ite nam in pripravili vam bomo brezpla\u010dno ponudbo![\/vc_column_text][\/vc_column][vc_column width=&#8221;1\/3&#8243;][vc_single_image image=&#8221;30826&#8243; img_size=&#8221;large&#8221;][vc_column_text]<\/p>\n<h6>Pi\u0161ite nam ali pa nas obi\u0161\u010dite. Adriatiqa<\/h6>\n<p>[\/vc_column_text]\n<div class=\"wpcf7 no-js\" id=\"wpcf7-f25110-o1\" lang=\"en\" dir=\"ltr\" data-wpcf7-id=\"25110\">\n<div class=\"screen-reader-response\"><p role=\"status\" aria-live=\"polite\" aria-atomic=\"true\"><\/p> <ul><\/ul><\/div>\n<form action=\"\/sl\/wp-json\/wp\/v2\/pages\/31300#wpcf7-f25110-o1\" method=\"post\" class=\"wpcf7-form init\" aria-label=\"Contact form\" novalidate=\"novalidate\" data-status=\"init\">\n<fieldset class=\"hidden-fields-container\"><legend class=\"screen-reader-text\">Hidden fields<\/legend><input type=\"hidden\" name=\"_wpcf7\" value=\"25110\" \/><input type=\"hidden\" name=\"_wpcf7_version\" value=\"6.1.5\" \/><input type=\"hidden\" name=\"_wpcf7_locale\" value=\"en\" \/><input type=\"hidden\" name=\"_wpcf7_unit_tag\" value=\"wpcf7-f25110-o1\" \/><input type=\"hidden\" name=\"_wpcf7_container_post\" value=\"0\" \/><input type=\"hidden\" name=\"_wpcf7_posted_data_hash\" value=\"\" \/>\n<\/fieldset>\n<style>\n    .wpcf7-form div, \n    .wpcf7-form p, \n    .wpcf7-form label {\n        margin-bottom: 15px; \/* Pove\u010danje razmika med elementi *\/\n        display: block;\n    }\n\n    .wpcf7-textarea, \n    .wpcf7-text, \n    .wpcf7-email {\n        padding: 8px; \/* Dodajanje prostora za bolj\u0161o berljivost *\/\n        width: 100%; \/* Polna \u0161irina vseh vnosnih polj *\/\n        box-sizing: border-box; \/* Prepre\u010duje prelivanje *\/\n    }\n\n    .wpcf7-submit {\n        display: block;\n        text-align: left;\n        margin-top: 15px;\n    }\n<\/style>\n\n<div style=\"padding: 5px 0;\">Podjetje \/ Ime (*) <span class=\"wpcf7-form-control-wrap\" data-name=\"your-name\"><input size=\"40\" maxlength=\"400\" class=\"wpcf7-form-control wpcf7-text wpcf7-validates-as-required\" aria-required=\"true\" aria-invalid=\"false\" value=\"\" type=\"text\" name=\"your-name\" \/><\/span><\/div>\n\n<div style=\"padding: 5px 0;\">Telefonska \u0161tevilka <span class=\"wpcf7-form-control-wrap\" data-name=\"text-56\"><input size=\"40\" maxlength=\"400\" class=\"wpcf7-form-control wpcf7-text\" aria-invalid=\"false\" value=\"\" type=\"text\" name=\"text-56\" \/><\/span><\/div>\n\n<div style=\"padding: 5px 0;\">E-naslov (*) <span class=\"wpcf7-form-control-wrap\" data-name=\"your-email\"><input size=\"40\" maxlength=\"400\" class=\"wpcf7-form-control wpcf7-email wpcf7-validates-as-required wpcf7-text wpcf7-validates-as-email\" aria-required=\"true\" aria-invalid=\"false\" value=\"\" type=\"email\" name=\"your-email\" \/><\/span><\/div>\n\n<div style=\"padding: 5px 0;\">\n    Kako vam lahko pomagamo?  \n    <span class=\"wpcf7-form-control-wrap\" data-name=\"your-message\"><textarea cols=\"40\" rows=\"3\" maxlength=\"2000\" class=\"wpcf7-form-control wpcf7-textarea\" aria-invalid=\"false\" placeholder=\"Pri naro\u010dilu ponudbe za prevod ne pozabite navesti jezikovne kombinacije in predvidenega datuma zaklju\u010dka naro\u010dila.\" name=\"your-message\"><\/textarea><\/span>\n<\/div>\n\n<label><span class=\"wpcf7-form-control-wrap\" data-name=\"upload-file-786\"><input size=\"40\" class=\"wpcf7-form-control wpcf7-drag-n-drop-file d-none\" aria-invalid=\"false\" type=\"file\" multiple=\"multiple\" data-name=\"upload-file-786\" data-type=\"pdf|txt|jpg|jpeg|png|gif|pdf|doc|docx|ppt|pptx|odt|avi|ogg|m4a|mov|mp3|mp4|mpg|wav|wmv|xsx|zip|rar|7z\" data-max=\"20Mb\" data-id=\"25110\" data-version=\"free version 1.3.9.5\" accept=\".pdf, .txt, .jpg, .jpeg, .png, .gif, .pdf, .doc, .docx, .ppt, .pptx, .odt, .avi, .ogg, .m4a, .mov, .mp3, .mp4, .mpg, .wav, .wmv, .xsx, .zip, .rar, .7z\" \/><\/span><\/label>\n\n<p style=\"font-size: small; line-height: 140%; margin-bottom: 15px;\">\n    Najve\u010dja velikost nalo\u017eene datoteke ne sme presegati 20 MB.\n<\/p>\n\n<p style=\"color: black; font-size: 12px; margin-bottom: 15px;\">\n    Z oddajo obrazca se strinjate s  \n    <a href=\"https:\/\/www.adriatiqa.com\/sl\/gdpr\/\" target=\"_blank\" style=\"color: black; text-decoration: underline;\">politiko zasebnosti<\/a>.\n<\/p>\n\n<input class=\"wpcf7-form-control wpcf7-submit has-spinner\" type=\"submit\" value=\"Po\u0161lji\" \/>\n<span id=\"wpcf7-69f8cea4a6425-wrapper\" class=\"wpcf7-form-control-wrap honeypot-415-wrap\" style=\"display:none !important; visibility:hidden !important;\"><label for=\"wpcf7-69f8cea4a6425-field\" class=\"hp-message\">Please leave this field empty.<\/label><input id=\"wpcf7-69f8cea4a6425-field\"  class=\"wpcf7-form-control wpcf7-text\" type=\"text\" name=\"honeypot-415\" value=\"\" size=\"40\" tabindex=\"-1\" autocomplete=\"new-password\" \/><\/span><div class=\"wpcf7-response-output\" aria-hidden=\"true\"><\/div>\n<\/form>\n<\/div>\n[\/vc_column][\/vc_row]<\/p>\n<\/div>","protected":false},"excerpt":{"rendered":"<p>[vc_row][vc_column width=&#8221;2\/3&#8243;][vc_column_text]ANALIZA NARO\u010cILA ZA PREVOD SPLETNE STRANI Z UPORABO VTI\u010cNIKA WPML Na\u0161a stranka \u2013 interaktivna agencija \u2013 je potrebovala prevod&#8230;<\/p>\n","protected":false},"author":4,"featured_media":0,"parent":283,"menu_order":0,"comment_status":"closed","ping_status":"closed","template":"","meta":{"footnotes":""},"class_list":["post-31300","page","type-page","status-publish"],"yoast_head":"<!-- This site is optimized with the Yoast SEO plugin v27.4 - https:\/\/yoast.com\/product\/yoast-seo-wordpress\/ -->\n<title>Prevajanje spletnih strani na daljavo s pomo\u010djo vti\u010dnika WPML | AdriatIQa Prevodi, prevajalska agencija<\/title>\n<meta name=\"description\" content=\"Na\u0161a stranka je potrebovala prevod spletne strani, vendar ni imela vsebin v formatu, ki ga je mogo\u010de urejati, Kako smo jim pomagali?\" \/>\n<meta name=\"robots\" content=\"index, follow, max-snippet:-1, max-image-preview:large, max-video-preview:-1\" \/>\n<link rel=\"canonical\" href=\"https:\/\/www.adriatiqa.com\/sl\/studije-primerov\/prevajanje-spletnih-strani-na-daljavo-s-pomocjo-vticnika-wpml\/\" \/>\n<meta name=\"twitter:label1\" content=\"Est. reading time\" \/>\n\t<meta name=\"twitter:data1\" content=\"2 minutes\" \/>\n<script type=\"application\/ld+json\" class=\"yoast-schema-graph\">{\"@context\":\"https:\\\/\\\/schema.org\",\"@graph\":[{\"@type\":\"WebPage\",\"@id\":\"https:\\\/\\\/www.adriatiqa.com\\\/sl\\\/studije-primerov\\\/prevajanje-spletnih-strani-na-daljavo-s-pomocjo-vticnika-wpml\\\/\",\"url\":\"https:\\\/\\\/www.adriatiqa.com\\\/sl\\\/studije-primerov\\\/prevajanje-spletnih-strani-na-daljavo-s-pomocjo-vticnika-wpml\\\/\",\"name\":\"Prevajanje spletnih strani na daljavo s pomo\u010djo vti\u010dnika WPML | AdriatIQa Prevodi, prevajalska agencija\",\"isPartOf\":{\"@id\":\"https:\\\/\\\/www.adriatiqa.com\\\/sl\\\/#website\"},\"datePublished\":\"2023-01-31T09:50:11+00:00\",\"dateModified\":\"2023-02-23T07:33:29+00:00\",\"description\":\"Na\u0161a stranka je potrebovala prevod spletne strani, vendar ni imela vsebin v formatu, ki ga je mogo\u010de urejati, Kako smo jim pomagali?\",\"breadcrumb\":{\"@id\":\"https:\\\/\\\/www.adriatiqa.com\\\/sl\\\/studije-primerov\\\/prevajanje-spletnih-strani-na-daljavo-s-pomocjo-vticnika-wpml\\\/#breadcrumb\"},\"inLanguage\":\"sl\",\"potentialAction\":[{\"@type\":\"ReadAction\",\"target\":[\"https:\\\/\\\/www.adriatiqa.com\\\/sl\\\/studije-primerov\\\/prevajanje-spletnih-strani-na-daljavo-s-pomocjo-vticnika-wpml\\\/\"]}]},{\"@type\":\"BreadcrumbList\",\"@id\":\"https:\\\/\\\/www.adriatiqa.com\\\/sl\\\/studije-primerov\\\/prevajanje-spletnih-strani-na-daljavo-s-pomocjo-vticnika-wpml\\\/#breadcrumb\",\"itemListElement\":[{\"@type\":\"ListItem\",\"position\":1,\"name\":\"Home\",\"item\":\"https:\\\/\\\/www.adriatiqa.com\\\/sl\\\/\"},{\"@type\":\"ListItem\",\"position\":2,\"name\":\"\u0160tudije primerov\",\"item\":\"https:\\\/\\\/www.adriatiqa.com\\\/sl\\\/studije-primerov\\\/\"},{\"@type\":\"ListItem\",\"position\":3,\"name\":\"Prevajanje spletnih strani na daljavo s pomo\u010djo vti\u010dnika WPML\"}]},{\"@type\":\"WebSite\",\"@id\":\"https:\\\/\\\/www.adriatiqa.com\\\/sl\\\/#website\",\"url\":\"https:\\\/\\\/www.adriatiqa.com\\\/sl\\\/\",\"name\":\"AdriatIQa Prevodi, prevajalska agencija\",\"description\":\"Prevajanje, prevod v angle\u0161\u010dino, nem\u0161\u010dino\",\"publisher\":{\"@id\":\"https:\\\/\\\/www.adriatiqa.com\\\/sl\\\/#organization\"},\"potentialAction\":[{\"@type\":\"SearchAction\",\"target\":{\"@type\":\"EntryPoint\",\"urlTemplate\":\"https:\\\/\\\/www.adriatiqa.com\\\/sl\\\/?s={search_term_string}\"},\"query-input\":{\"@type\":\"PropertyValueSpecification\",\"valueRequired\":true,\"valueName\":\"search_term_string\"}}],\"inLanguage\":\"sl\"},{\"@type\":\"Organization\",\"@id\":\"https:\\\/\\\/www.adriatiqa.com\\\/sl\\\/#organization\",\"name\":\"ATE Globalis d.o.o.\",\"url\":\"https:\\\/\\\/www.adriatiqa.com\\\/sl\\\/\",\"logo\":{\"@type\":\"ImageObject\",\"inLanguage\":\"sl\",\"@id\":\"https:\\\/\\\/www.adriatiqa.com\\\/sl\\\/#\\\/schema\\\/logo\\\/image\\\/\",\"url\":\"https:\\\/\\\/www.adriatiqa.com\\\/wp-content\\\/uploads\\\/2012\\\/11\\\/adriatiqa-logo.png\",\"contentUrl\":\"https:\\\/\\\/www.adriatiqa.com\\\/wp-content\\\/uploads\\\/2012\\\/11\\\/adriatiqa-logo.png\",\"width\":297,\"height\":57,\"caption\":\"ATE Globalis d.o.o.\"},\"image\":{\"@id\":\"https:\\\/\\\/www.adriatiqa.com\\\/sl\\\/#\\\/schema\\\/logo\\\/image\\\/\"},\"sameAs\":[\"https:\\\/\\\/www.facebook.com\\\/AdriatIQa\",\"https:\\\/\\\/www.linkedin.com\\\/company\\\/adriatiqa-translations\"]}]}<\/script>\n<!-- \/ Yoast SEO plugin. -->","yoast_head_json":{"title":"Prevajanje spletnih strani na daljavo s pomo\u010djo vti\u010dnika WPML | AdriatIQa Prevodi, prevajalska agencija","description":"Na\u0161a stranka je potrebovala prevod spletne strani, vendar ni imela vsebin v formatu, ki ga je mogo\u010de urejati, Kako smo jim pomagali?","robots":{"index":"index","follow":"follow","max-snippet":"max-snippet:-1","max-image-preview":"max-image-preview:large","max-video-preview":"max-video-preview:-1"},"canonical":"https:\/\/www.adriatiqa.com\/sl\/studije-primerov\/prevajanje-spletnih-strani-na-daljavo-s-pomocjo-vticnika-wpml\/","twitter_misc":{"Est. reading time":"2 minutes"},"schema":{"@context":"https:\/\/schema.org","@graph":[{"@type":"WebPage","@id":"https:\/\/www.adriatiqa.com\/sl\/studije-primerov\/prevajanje-spletnih-strani-na-daljavo-s-pomocjo-vticnika-wpml\/","url":"https:\/\/www.adriatiqa.com\/sl\/studije-primerov\/prevajanje-spletnih-strani-na-daljavo-s-pomocjo-vticnika-wpml\/","name":"Prevajanje spletnih strani na daljavo s pomo\u010djo vti\u010dnika WPML | AdriatIQa Prevodi, prevajalska agencija","isPartOf":{"@id":"https:\/\/www.adriatiqa.com\/sl\/#website"},"datePublished":"2023-01-31T09:50:11+00:00","dateModified":"2023-02-23T07:33:29+00:00","description":"Na\u0161a stranka je potrebovala prevod spletne strani, vendar ni imela vsebin v formatu, ki ga je mogo\u010de urejati, Kako smo jim pomagali?","breadcrumb":{"@id":"https:\/\/www.adriatiqa.com\/sl\/studije-primerov\/prevajanje-spletnih-strani-na-daljavo-s-pomocjo-vticnika-wpml\/#breadcrumb"},"inLanguage":"sl","potentialAction":[{"@type":"ReadAction","target":["https:\/\/www.adriatiqa.com\/sl\/studije-primerov\/prevajanje-spletnih-strani-na-daljavo-s-pomocjo-vticnika-wpml\/"]}]},{"@type":"BreadcrumbList","@id":"https:\/\/www.adriatiqa.com\/sl\/studije-primerov\/prevajanje-spletnih-strani-na-daljavo-s-pomocjo-vticnika-wpml\/#breadcrumb","itemListElement":[{"@type":"ListItem","position":1,"name":"Home","item":"https:\/\/www.adriatiqa.com\/sl\/"},{"@type":"ListItem","position":2,"name":"\u0160tudije primerov","item":"https:\/\/www.adriatiqa.com\/sl\/studije-primerov\/"},{"@type":"ListItem","position":3,"name":"Prevajanje spletnih strani na daljavo s pomo\u010djo vti\u010dnika WPML"}]},{"@type":"WebSite","@id":"https:\/\/www.adriatiqa.com\/sl\/#website","url":"https:\/\/www.adriatiqa.com\/sl\/","name":"AdriatIQa Prevodi, prevajalska agencija","description":"Prevajanje, prevod v angle\u0161\u010dino, nem\u0161\u010dino","publisher":{"@id":"https:\/\/www.adriatiqa.com\/sl\/#organization"},"potentialAction":[{"@type":"SearchAction","target":{"@type":"EntryPoint","urlTemplate":"https:\/\/www.adriatiqa.com\/sl\/?s={search_term_string}"},"query-input":{"@type":"PropertyValueSpecification","valueRequired":true,"valueName":"search_term_string"}}],"inLanguage":"sl"},{"@type":"Organization","@id":"https:\/\/www.adriatiqa.com\/sl\/#organization","name":"ATE Globalis d.o.o.","url":"https:\/\/www.adriatiqa.com\/sl\/","logo":{"@type":"ImageObject","inLanguage":"sl","@id":"https:\/\/www.adriatiqa.com\/sl\/#\/schema\/logo\/image\/","url":"https:\/\/www.adriatiqa.com\/wp-content\/uploads\/2012\/11\/adriatiqa-logo.png","contentUrl":"https:\/\/www.adriatiqa.com\/wp-content\/uploads\/2012\/11\/adriatiqa-logo.png","width":297,"height":57,"caption":"ATE Globalis d.o.o."},"image":{"@id":"https:\/\/www.adriatiqa.com\/sl\/#\/schema\/logo\/image\/"},"sameAs":["https:\/\/www.facebook.com\/AdriatIQa","https:\/\/www.linkedin.com\/company\/adriatiqa-translations"]}]}},"_links":{"self":[{"href":"https:\/\/www.adriatiqa.com\/sl\/wp-json\/wp\/v2\/pages\/31300","targetHints":{"allow":["GET"]}}],"collection":[{"href":"https:\/\/www.adriatiqa.com\/sl\/wp-json\/wp\/v2\/pages"}],"about":[{"href":"https:\/\/www.adriatiqa.com\/sl\/wp-json\/wp\/v2\/types\/page"}],"author":[{"embeddable":true,"href":"https:\/\/www.adriatiqa.com\/sl\/wp-json\/wp\/v2\/users\/4"}],"replies":[{"embeddable":true,"href":"https:\/\/www.adriatiqa.com\/sl\/wp-json\/wp\/v2\/comments?post=31300"}],"version-history":[{"count":6,"href":"https:\/\/www.adriatiqa.com\/sl\/wp-json\/wp\/v2\/pages\/31300\/revisions"}],"predecessor-version":[{"id":31383,"href":"https:\/\/www.adriatiqa.com\/sl\/wp-json\/wp\/v2\/pages\/31300\/revisions\/31383"}],"up":[{"embeddable":true,"href":"https:\/\/www.adriatiqa.com\/sl\/wp-json\/wp\/v2\/pages\/283"}],"wp:attachment":[{"href":"https:\/\/www.adriatiqa.com\/sl\/wp-json\/wp\/v2\/media?parent=31300"}],"curies":[{"name":"wp","href":"https:\/\/api.w.org\/{rel}","templated":true}]}}