{"id":31302,"date":"2023-01-31T14:43:46","date_gmt":"2023-01-31T13:43:46","guid":{"rendered":"https:\/\/www.adriatiqa.com\/?page_id=31302"},"modified":"2023-02-23T09:12:19","modified_gmt":"2023-02-23T08:12:19","slug":"prevod-spletne-trgovine-za-podjetje-iz-tekstilne-industrije","status":"publish","type":"page","link":"https:\/\/www.adriatiqa.com\/sl\/studije-primerov\/prevod-spletne-trgovine-za-podjetje-iz-tekstilne-industrije\/","title":{"rendered":"Prevod spletne trgovine za podjetje iz tekstilne industrije"},"content":{"rendered":"<div class=\"wpb-content-wrapper\"><p>[vc_row][vc_column width=&#8221;2\/3&#8243;][vc_column_text]<strong>ANALIZA NARO\u010cILA ZA PREVOD SPLETNE TRGOVINE<\/strong><\/p>\n<p>X je modna znamka, ki je ena najbolj prepoznavnih na Poljskem, njihovi izdelki pa so na voljo tudi v drugih evropskih dr\u017eavah, kot so \u010ce\u0161ka, Slova\u0161ka, Mad\u017earska, Romunija in Ukrajina. Sprva se je podjetje ukvarjalo le s prodajo obutve, zaradi uspehov, ki so jih dosegli v tem segmentu, pa so v letu 2020 v svojo ponudbo uvedli tudi obla\u010dila.<\/p>\n<p>Trenutno je X vodilni v e-trgovini pri prodaji \u017eenskih obla\u010dil, \u010devljev in dodatkov.<\/p>\n<p>Zaradi tako intenzivnega razvoja na mednarodnem prizori\u0161\u010du je bilo potrebno pripraviti prevode izdelkov za spletno stran v <a href=\"https:\/\/www.adriatiqa.com\/sl\/jeziki\/\">jezike<\/a> kot so: gr\u0161\u010dina, sloven\u0161\u010dina, hrva\u0161\u010dina, bolgar\u0161\u010dina, italijan\u0161\u010dina, nem\u0161\u010dina, mad\u017ear\u0161\u010dina, angle\u0161\u010dina, \u010de\u0161\u010dina, slova\u0161\u010dina, litov\u0161\u010dina.<\/p>\n<p>Posebej pomembno se je izkazalo ohranjanje pravilnosti in doslednosti terminologije zaradi delitve izdelkov in njihovih lastnosti.<\/p>\n<p><strong>ODZIV NA POTREBE STRANKE<\/strong><\/p>\n<p>Terminolo\u0161ka usklajenost je pri tako velikem \u0161tevilu izdelkov izjemno pomembna, zato je nastal glosar, torej nekak\u0161en slovar, ki vsebuje najpogosteje ponovljene izraze skupaj z njihovimi ustrezniki v jeziku prevoda. Poleg tega zaradi velikega ponavljanja materialov izvajamo prevode na podlagi pomnilnika prevodov. Zahvaljujo\u010d tej re\u0161itvi lahko ohranimo doslednost, kar nam daje tudi mo\u017enost ponuditi privla\u010dne cene in kraj\u0161e dobavne roke. Stalni stik z odgovorno osebo na projektu, ki pozna potrebe naro\u010dnika, nam omogo\u010da prilagajanje pri\u010dakovanj glede rokov in kakovosti prevodov.<\/p>\n<p><strong>U\u010cENJE PREK IZZIVA<\/strong><\/p>\n<p>Izku\u0161ena ekipa z velikimi, zahtevnimi projekti, skrbi za u\u010dinkovit potek <a href=\"https:\/\/www.adriatiqa.com\/sl\/prevajanje\/\">prevajalskega<\/a> procesa od trenutka priprave ponudbe do njene izvedbe, na\u010din oddaje naro\u010dil pa vpliva na kakovost na\u0161ih storitev.<\/p>\n<p><strong>POVZETEK<\/strong><\/p>\n<p>Dejavniki kot so ekipa prevajalcev, ki so specialisti na dolo\u010denem podro\u010dju, celovita storitev na podro\u010dju \u0161tevilnih jezikovnih kombinacij, vzdr\u017eevanje ustrezne kakovosti in doslednosti besedi\u0161\u010da, stalen stik z vodjo projekta, fleksibilen pristop k finan\u010dnim zadevam, pravo\u010dasna izvedba naro\u010dil \u2013 vse to je prispevalo k vzpostavitvi stalnega sodelovanja z naro\u010dnikom. Leta 2021 smo zanj prevedli pribli\u017eno 250.000 besed v jezike, kot so: gr\u0161\u010dina, sloven\u0161\u010dina, hrva\u0161\u010dina, bolgar\u0161\u010dina, italijan\u0161\u010dina, nem\u0161\u010dina, mad\u017ear\u0161\u010dina, angle\u0161\u010dina, \u010de\u0161\u010dina, slova\u0161\u010dina in litov\u0161\u010dina.<\/p>\n<p>I\u0161\u010dete prevajalca, ki vam bo pomagal pri <a href=\"https:\/\/www.adriatiqa.com\/sl\/storitve\/lokalizacija\/\">lokalizaciji<\/a> va\u0161e spletne trgovine? Pi\u0161ite nam in pripravili vam bomo brezpla\u010dno ponudbo![\/vc_column_text][\/vc_column][vc_column width=&#8221;1\/3&#8243;][vc_single_image image=&#8221;30806&#8243; img_size=&#8221;large&#8221;][vc_column_text]<\/p>\n<h6>Pi\u0161ite nam ali pa nas obi\u0161\u010dite. Adriatiqa<\/h6>\n<p>[\/vc_column_text]\n<div class=\"wpcf7 no-js\" id=\"wpcf7-f25110-o1\" lang=\"en\" dir=\"ltr\" data-wpcf7-id=\"25110\">\n<div class=\"screen-reader-response\"><p role=\"status\" aria-live=\"polite\" aria-atomic=\"true\"><\/p> <ul><\/ul><\/div>\n<form action=\"\/sl\/wp-json\/wp\/v2\/pages\/31302#wpcf7-f25110-o1\" method=\"post\" class=\"wpcf7-form init\" aria-label=\"Contact form\" novalidate=\"novalidate\" data-status=\"init\">\n<fieldset class=\"hidden-fields-container\"><legend class=\"screen-reader-text\">Hidden fields<\/legend><input type=\"hidden\" name=\"_wpcf7\" value=\"25110\" \/><input type=\"hidden\" name=\"_wpcf7_version\" value=\"6.1.5\" \/><input type=\"hidden\" name=\"_wpcf7_locale\" value=\"en\" \/><input type=\"hidden\" name=\"_wpcf7_unit_tag\" value=\"wpcf7-f25110-o1\" \/><input type=\"hidden\" name=\"_wpcf7_container_post\" value=\"0\" \/><input type=\"hidden\" name=\"_wpcf7_posted_data_hash\" value=\"\" \/>\n<\/fieldset>\n<style>\n    .wpcf7-form div, \n    .wpcf7-form p, \n    .wpcf7-form label {\n        margin-bottom: 15px; \/* Pove\u010danje razmika med elementi *\/\n        display: block;\n    }\n\n    .wpcf7-textarea, \n    .wpcf7-text, \n    .wpcf7-email {\n        padding: 8px; \/* Dodajanje prostora za bolj\u0161o berljivost *\/\n        width: 100%; \/* Polna \u0161irina vseh vnosnih polj *\/\n        box-sizing: border-box; \/* Prepre\u010duje prelivanje *\/\n    }\n\n    .wpcf7-submit {\n        display: block;\n        text-align: left;\n        margin-top: 15px;\n    }\n<\/style>\n\n<div style=\"padding: 5px 0;\">Podjetje \/ Ime (*) <span class=\"wpcf7-form-control-wrap\" data-name=\"your-name\"><input size=\"40\" maxlength=\"400\" class=\"wpcf7-form-control wpcf7-text wpcf7-validates-as-required\" aria-required=\"true\" aria-invalid=\"false\" value=\"\" type=\"text\" name=\"your-name\" \/><\/span><\/div>\n\n<div style=\"padding: 5px 0;\">Telefonska \u0161tevilka <span class=\"wpcf7-form-control-wrap\" data-name=\"text-56\"><input size=\"40\" maxlength=\"400\" class=\"wpcf7-form-control wpcf7-text\" aria-invalid=\"false\" value=\"\" type=\"text\" name=\"text-56\" \/><\/span><\/div>\n\n<div style=\"padding: 5px 0;\">E-naslov (*) <span class=\"wpcf7-form-control-wrap\" data-name=\"your-email\"><input size=\"40\" maxlength=\"400\" class=\"wpcf7-form-control wpcf7-email wpcf7-validates-as-required wpcf7-text wpcf7-validates-as-email\" aria-required=\"true\" aria-invalid=\"false\" value=\"\" type=\"email\" name=\"your-email\" \/><\/span><\/div>\n\n<div style=\"padding: 5px 0;\">\n    Kako vam lahko pomagamo?  \n    <span class=\"wpcf7-form-control-wrap\" data-name=\"your-message\"><textarea cols=\"40\" rows=\"3\" maxlength=\"2000\" class=\"wpcf7-form-control wpcf7-textarea\" aria-invalid=\"false\" placeholder=\"Pri naro\u010dilu ponudbe za prevod ne pozabite navesti jezikovne kombinacije in predvidenega datuma zaklju\u010dka naro\u010dila.\" name=\"your-message\"><\/textarea><\/span>\n<\/div>\n\n<label><span class=\"wpcf7-form-control-wrap\" data-name=\"upload-file-786\"><input size=\"40\" class=\"wpcf7-form-control wpcf7-drag-n-drop-file d-none\" aria-invalid=\"false\" type=\"file\" multiple=\"multiple\" data-name=\"upload-file-786\" data-type=\"pdf|txt|jpg|jpeg|png|gif|pdf|doc|docx|ppt|pptx|odt|avi|ogg|m4a|mov|mp3|mp4|mpg|wav|wmv|xsx|zip|rar|7z\" data-max=\"20Mb\" data-id=\"25110\" data-version=\"free version 1.3.9.5\" accept=\".pdf, .txt, .jpg, .jpeg, .png, .gif, .pdf, .doc, .docx, .ppt, .pptx, .odt, .avi, .ogg, .m4a, .mov, .mp3, .mp4, .mpg, .wav, .wmv, .xsx, .zip, .rar, .7z\" \/><\/span><\/label>\n\n<p style=\"font-size: small; line-height: 140%; margin-bottom: 15px;\">\n    Najve\u010dja velikost nalo\u017eene datoteke ne sme presegati 20 MB.\n<\/p>\n\n<p style=\"color: black; font-size: 12px; margin-bottom: 15px;\">\n    Z oddajo obrazca se strinjate s  \n    <a href=\"https:\/\/www.adriatiqa.com\/sl\/gdpr\/\" target=\"_blank\" style=\"color: black; text-decoration: underline;\">politiko zasebnosti<\/a>.\n<\/p>\n\n<input class=\"wpcf7-form-control wpcf7-submit has-spinner\" type=\"submit\" value=\"Po\u0161lji\" \/>\n<span id=\"wpcf7-69f8cdccf1024-wrapper\" class=\"wpcf7-form-control-wrap honeypot-415-wrap\" style=\"display:none !important; visibility:hidden !important;\"><label for=\"wpcf7-69f8cdccf1024-field\" class=\"hp-message\">Please leave this field empty.<\/label><input id=\"wpcf7-69f8cdccf1024-field\"  class=\"wpcf7-form-control wpcf7-text\" type=\"text\" name=\"honeypot-415\" value=\"\" size=\"40\" tabindex=\"-1\" autocomplete=\"new-password\" \/><\/span><div class=\"wpcf7-response-output\" aria-hidden=\"true\"><\/div>\n<\/form>\n<\/div>\n[\/vc_column][\/vc_row]<\/p>\n<\/div>","protected":false},"excerpt":{"rendered":"<p>[vc_row][vc_column width=&#8221;2\/3&#8243;][vc_column_text]ANALIZA NARO\u010cILA ZA PREVOD SPLETNE TRGOVINE X je modna znamka, ki je ena najbolj prepoznavnih na Poljskem, njihovi izdelki&#8230;<\/p>\n","protected":false},"author":4,"featured_media":0,"parent":283,"menu_order":0,"comment_status":"closed","ping_status":"closed","template":"","meta":{"footnotes":""},"class_list":["post-31302","page","type-page","status-publish"],"yoast_head":"<!-- This site is optimized with the Yoast SEO plugin v27.4 - https:\/\/yoast.com\/product\/yoast-seo-wordpress\/ -->\n<title>Prevod spletne trgovine za podjetje iz tekstilne industrije | AdriatIQa Prevodi, prevajalska agencija<\/title>\n<meta name=\"description\" content=\"Zaradi intenzivnega razvoja naro\u010dnika na mednarodnem trgu je bilo potrebno pripraviti prevode izdelkov za spletno stran v jezike kot so: gr\u0161\u010dina, sloven\u0161\u010dina, hrva\u0161\u010dina, bolgar\u0161\u010dina, italijan\u0161\u010dina, nem\u0161\u010dina, mad\u017ear\u0161\u010dina, angle\u0161\u010dina, \u010de\u0161\u010dina, slova\u0161\u010dina, litov\u0161\u010dina.\" \/>\n<meta name=\"robots\" content=\"index, follow, max-snippet:-1, max-image-preview:large, max-video-preview:-1\" \/>\n<link rel=\"canonical\" href=\"https:\/\/www.adriatiqa.com\/sl\/studije-primerov\/prevod-spletne-trgovine-za-podjetje-iz-tekstilne-industrije\/\" \/>\n<meta name=\"twitter:label1\" content=\"Est. reading time\" \/>\n\t<meta name=\"twitter:data1\" content=\"2 minutes\" \/>\n<script type=\"application\/ld+json\" class=\"yoast-schema-graph\">{\"@context\":\"https:\\\/\\\/schema.org\",\"@graph\":[{\"@type\":\"WebPage\",\"@id\":\"https:\\\/\\\/www.adriatiqa.com\\\/sl\\\/studije-primerov\\\/prevod-spletne-trgovine-za-podjetje-iz-tekstilne-industrije\\\/\",\"url\":\"https:\\\/\\\/www.adriatiqa.com\\\/sl\\\/studije-primerov\\\/prevod-spletne-trgovine-za-podjetje-iz-tekstilne-industrije\\\/\",\"name\":\"Prevod spletne trgovine za podjetje iz tekstilne industrije | AdriatIQa Prevodi, prevajalska agencija\",\"isPartOf\":{\"@id\":\"https:\\\/\\\/www.adriatiqa.com\\\/sl\\\/#website\"},\"datePublished\":\"2023-01-31T13:43:46+00:00\",\"dateModified\":\"2023-02-23T08:12:19+00:00\",\"description\":\"Zaradi intenzivnega razvoja naro\u010dnika na mednarodnem trgu je bilo potrebno pripraviti prevode izdelkov za spletno stran v jezike kot so: gr\u0161\u010dina, sloven\u0161\u010dina, hrva\u0161\u010dina, bolgar\u0161\u010dina, italijan\u0161\u010dina, nem\u0161\u010dina, mad\u017ear\u0161\u010dina, angle\u0161\u010dina, \u010de\u0161\u010dina, slova\u0161\u010dina, litov\u0161\u010dina.\",\"breadcrumb\":{\"@id\":\"https:\\\/\\\/www.adriatiqa.com\\\/sl\\\/studije-primerov\\\/prevod-spletne-trgovine-za-podjetje-iz-tekstilne-industrije\\\/#breadcrumb\"},\"inLanguage\":\"sl\",\"potentialAction\":[{\"@type\":\"ReadAction\",\"target\":[\"https:\\\/\\\/www.adriatiqa.com\\\/sl\\\/studije-primerov\\\/prevod-spletne-trgovine-za-podjetje-iz-tekstilne-industrije\\\/\"]}]},{\"@type\":\"BreadcrumbList\",\"@id\":\"https:\\\/\\\/www.adriatiqa.com\\\/sl\\\/studije-primerov\\\/prevod-spletne-trgovine-za-podjetje-iz-tekstilne-industrije\\\/#breadcrumb\",\"itemListElement\":[{\"@type\":\"ListItem\",\"position\":1,\"name\":\"Home\",\"item\":\"https:\\\/\\\/www.adriatiqa.com\\\/sl\\\/\"},{\"@type\":\"ListItem\",\"position\":2,\"name\":\"\u0160tudije primerov\",\"item\":\"https:\\\/\\\/www.adriatiqa.com\\\/sl\\\/studije-primerov\\\/\"},{\"@type\":\"ListItem\",\"position\":3,\"name\":\"Prevod spletne trgovine za podjetje iz tekstilne industrije\"}]},{\"@type\":\"WebSite\",\"@id\":\"https:\\\/\\\/www.adriatiqa.com\\\/sl\\\/#website\",\"url\":\"https:\\\/\\\/www.adriatiqa.com\\\/sl\\\/\",\"name\":\"AdriatIQa Prevodi, prevajalska agencija\",\"description\":\"Prevajanje, prevod v angle\u0161\u010dino, nem\u0161\u010dino\",\"publisher\":{\"@id\":\"https:\\\/\\\/www.adriatiqa.com\\\/sl\\\/#organization\"},\"potentialAction\":[{\"@type\":\"SearchAction\",\"target\":{\"@type\":\"EntryPoint\",\"urlTemplate\":\"https:\\\/\\\/www.adriatiqa.com\\\/sl\\\/?s={search_term_string}\"},\"query-input\":{\"@type\":\"PropertyValueSpecification\",\"valueRequired\":true,\"valueName\":\"search_term_string\"}}],\"inLanguage\":\"sl\"},{\"@type\":\"Organization\",\"@id\":\"https:\\\/\\\/www.adriatiqa.com\\\/sl\\\/#organization\",\"name\":\"ATE Globalis d.o.o.\",\"url\":\"https:\\\/\\\/www.adriatiqa.com\\\/sl\\\/\",\"logo\":{\"@type\":\"ImageObject\",\"inLanguage\":\"sl\",\"@id\":\"https:\\\/\\\/www.adriatiqa.com\\\/sl\\\/#\\\/schema\\\/logo\\\/image\\\/\",\"url\":\"https:\\\/\\\/www.adriatiqa.com\\\/wp-content\\\/uploads\\\/2012\\\/11\\\/adriatiqa-logo.png\",\"contentUrl\":\"https:\\\/\\\/www.adriatiqa.com\\\/wp-content\\\/uploads\\\/2012\\\/11\\\/adriatiqa-logo.png\",\"width\":297,\"height\":57,\"caption\":\"ATE Globalis d.o.o.\"},\"image\":{\"@id\":\"https:\\\/\\\/www.adriatiqa.com\\\/sl\\\/#\\\/schema\\\/logo\\\/image\\\/\"},\"sameAs\":[\"https:\\\/\\\/www.facebook.com\\\/AdriatIQa\",\"https:\\\/\\\/www.linkedin.com\\\/company\\\/adriatiqa-translations\"]}]}<\/script>\n<!-- \/ Yoast SEO plugin. -->","yoast_head_json":{"title":"Prevod spletne trgovine za podjetje iz tekstilne industrije | AdriatIQa Prevodi, prevajalska agencija","description":"Zaradi intenzivnega razvoja naro\u010dnika na mednarodnem trgu je bilo potrebno pripraviti prevode izdelkov za spletno stran v jezike kot so: gr\u0161\u010dina, sloven\u0161\u010dina, hrva\u0161\u010dina, bolgar\u0161\u010dina, italijan\u0161\u010dina, nem\u0161\u010dina, mad\u017ear\u0161\u010dina, angle\u0161\u010dina, \u010de\u0161\u010dina, slova\u0161\u010dina, litov\u0161\u010dina.","robots":{"index":"index","follow":"follow","max-snippet":"max-snippet:-1","max-image-preview":"max-image-preview:large","max-video-preview":"max-video-preview:-1"},"canonical":"https:\/\/www.adriatiqa.com\/sl\/studije-primerov\/prevod-spletne-trgovine-za-podjetje-iz-tekstilne-industrije\/","twitter_misc":{"Est. reading time":"2 minutes"},"schema":{"@context":"https:\/\/schema.org","@graph":[{"@type":"WebPage","@id":"https:\/\/www.adriatiqa.com\/sl\/studije-primerov\/prevod-spletne-trgovine-za-podjetje-iz-tekstilne-industrije\/","url":"https:\/\/www.adriatiqa.com\/sl\/studije-primerov\/prevod-spletne-trgovine-za-podjetje-iz-tekstilne-industrije\/","name":"Prevod spletne trgovine za podjetje iz tekstilne industrije | AdriatIQa Prevodi, prevajalska agencija","isPartOf":{"@id":"https:\/\/www.adriatiqa.com\/sl\/#website"},"datePublished":"2023-01-31T13:43:46+00:00","dateModified":"2023-02-23T08:12:19+00:00","description":"Zaradi intenzivnega razvoja naro\u010dnika na mednarodnem trgu je bilo potrebno pripraviti prevode izdelkov za spletno stran v jezike kot so: gr\u0161\u010dina, sloven\u0161\u010dina, hrva\u0161\u010dina, bolgar\u0161\u010dina, italijan\u0161\u010dina, nem\u0161\u010dina, mad\u017ear\u0161\u010dina, angle\u0161\u010dina, \u010de\u0161\u010dina, slova\u0161\u010dina, litov\u0161\u010dina.","breadcrumb":{"@id":"https:\/\/www.adriatiqa.com\/sl\/studije-primerov\/prevod-spletne-trgovine-za-podjetje-iz-tekstilne-industrije\/#breadcrumb"},"inLanguage":"sl","potentialAction":[{"@type":"ReadAction","target":["https:\/\/www.adriatiqa.com\/sl\/studije-primerov\/prevod-spletne-trgovine-za-podjetje-iz-tekstilne-industrije\/"]}]},{"@type":"BreadcrumbList","@id":"https:\/\/www.adriatiqa.com\/sl\/studije-primerov\/prevod-spletne-trgovine-za-podjetje-iz-tekstilne-industrije\/#breadcrumb","itemListElement":[{"@type":"ListItem","position":1,"name":"Home","item":"https:\/\/www.adriatiqa.com\/sl\/"},{"@type":"ListItem","position":2,"name":"\u0160tudije primerov","item":"https:\/\/www.adriatiqa.com\/sl\/studije-primerov\/"},{"@type":"ListItem","position":3,"name":"Prevod spletne trgovine za podjetje iz tekstilne industrije"}]},{"@type":"WebSite","@id":"https:\/\/www.adriatiqa.com\/sl\/#website","url":"https:\/\/www.adriatiqa.com\/sl\/","name":"AdriatIQa Prevodi, prevajalska agencija","description":"Prevajanje, prevod v angle\u0161\u010dino, nem\u0161\u010dino","publisher":{"@id":"https:\/\/www.adriatiqa.com\/sl\/#organization"},"potentialAction":[{"@type":"SearchAction","target":{"@type":"EntryPoint","urlTemplate":"https:\/\/www.adriatiqa.com\/sl\/?s={search_term_string}"},"query-input":{"@type":"PropertyValueSpecification","valueRequired":true,"valueName":"search_term_string"}}],"inLanguage":"sl"},{"@type":"Organization","@id":"https:\/\/www.adriatiqa.com\/sl\/#organization","name":"ATE Globalis d.o.o.","url":"https:\/\/www.adriatiqa.com\/sl\/","logo":{"@type":"ImageObject","inLanguage":"sl","@id":"https:\/\/www.adriatiqa.com\/sl\/#\/schema\/logo\/image\/","url":"https:\/\/www.adriatiqa.com\/wp-content\/uploads\/2012\/11\/adriatiqa-logo.png","contentUrl":"https:\/\/www.adriatiqa.com\/wp-content\/uploads\/2012\/11\/adriatiqa-logo.png","width":297,"height":57,"caption":"ATE Globalis d.o.o."},"image":{"@id":"https:\/\/www.adriatiqa.com\/sl\/#\/schema\/logo\/image\/"},"sameAs":["https:\/\/www.facebook.com\/AdriatIQa","https:\/\/www.linkedin.com\/company\/adriatiqa-translations"]}]}},"_links":{"self":[{"href":"https:\/\/www.adriatiqa.com\/sl\/wp-json\/wp\/v2\/pages\/31302","targetHints":{"allow":["GET"]}}],"collection":[{"href":"https:\/\/www.adriatiqa.com\/sl\/wp-json\/wp\/v2\/pages"}],"about":[{"href":"https:\/\/www.adriatiqa.com\/sl\/wp-json\/wp\/v2\/types\/page"}],"author":[{"embeddable":true,"href":"https:\/\/www.adriatiqa.com\/sl\/wp-json\/wp\/v2\/users\/4"}],"replies":[{"embeddable":true,"href":"https:\/\/www.adriatiqa.com\/sl\/wp-json\/wp\/v2\/comments?post=31302"}],"version-history":[{"count":6,"href":"https:\/\/www.adriatiqa.com\/sl\/wp-json\/wp\/v2\/pages\/31302\/revisions"}],"predecessor-version":[{"id":31394,"href":"https:\/\/www.adriatiqa.com\/sl\/wp-json\/wp\/v2\/pages\/31302\/revisions\/31394"}],"up":[{"embeddable":true,"href":"https:\/\/www.adriatiqa.com\/sl\/wp-json\/wp\/v2\/pages\/283"}],"wp:attachment":[{"href":"https:\/\/www.adriatiqa.com\/sl\/wp-json\/wp\/v2\/media?parent=31302"}],"curies":[{"name":"wp","href":"https:\/\/api.w.org\/{rel}","templated":true}]}}