{"id":31304,"date":"2023-01-31T15:17:51","date_gmt":"2023-01-31T14:17:51","guid":{"rendered":"https:\/\/www.adriatiqa.com\/?page_id=31304"},"modified":"2023-02-23T08:45:19","modified_gmt":"2023-02-23T07:45:19","slug":"prevajanje-izobrazevalnih-gradiv-za-podjetje-iz-medicinske-industrije","status":"publish","type":"page","link":"https:\/\/www.adriatiqa.com\/sl\/studije-primerov\/prevajanje-izobrazevalnih-gradiv-za-podjetje-iz-medicinske-industrije\/","title":{"rendered":"Prevajanje izobra\u017eevalnih gradiv za podjetje iz medicinske industrije"},"content":{"rendered":"<div class=\"wpb-content-wrapper\"><p>[vc_row][vc_column width=&#8221;2\/3&#8243;][vc_column_text]<strong>OPIS STRANKE<\/strong><\/p>\n<p>Mednarodno podjetje iz medicinske industrije, ki se ukvarja z vodilnimi tehnologijami v laboratorijski diagnostiki in klini\u010dnih presku\u0161anjih. \u017de ve\u010d kot 50 let uvaja inovativne re\u0161itve v bolni\u0161nice in laboratorije, izbolj\u0161uje svoje izdelke in storitve ter usposablja kon\u010dne uporabnike za njihovo uporabo.<\/p>\n<p>Izdelki podjetja se proizvajajo v ZDA, \u0160paniji in Italiji, od koder so tudi \u0161tevilne potrebe po prevajanju, pa tudi potreba po delu z neobi\u010dajnimi formati, s katerimi poslujejo tuji partnerji.<\/p>\n<p><strong>ANALIZA NARO\u010cILA<\/strong><\/p>\n<p>Naro\u010dnik je s svojega sede\u017ea v ZDA prejel izobra\u017eevalno gradivo in teste za preverjanje znanja izvajalcev diagnosti\u010dnih testov. Ta gradiva naj bi bila prevedena v <a href=\"https:\/\/www.adriatiqa.com\/sl\/jeziki\/prevodi-v-poljscino\/\">polj\u0161\u010dino<\/a> in uporabljena za izbolj\u0161anje usposobljenosti in testiranje ve\u0161\u010din kon\u010dnih uporabnikov re\u0161itev, ki jih ponuja naro\u010dnik.<\/p>\n<p>Te\u017eava je bila v tem, da so bile datoteke dostavljene v redkih formatih .vtt in .story, ki jih naro\u010dnik ni mogel odpreti ali urediti. Pri ugotavljanju obsega in mo\u017enosti prevajanja z ve\u010d prevajalskimi agencijami je naro\u010dnik naletel na isto te\u017eavo \u2013 agencije niso mogle sprejeti in oceniti datotek, ker niso delale s temi formati, zato jih niso mogle urejati.<\/p>\n<p><strong>RE\u0160ITVE, KI JIH PREDLAGA ADRIATIQA<\/strong><\/p>\n<p>Po prejemu povpra\u0161evanja naro\u010dnika je oddelek IT hitro preveril formate datotek in ugotovil naslednje:<\/p>\n<p>Datoteke .vtt (znane tudi kot WebVideo Track Text ali WebVTT) so datoteke s podnapisi, ki se ve\u010dinoma uporabljajo za videoposnetke, vdelane v spletne strani. Ta format ni bil ve\u010dji problem, saj najnovej\u0161a programska oprema CAT (Computer Assisted Translation), ki jo uporabljamo v podjetju AdriatIQa, kot sta Trados 2021 ali Memsource, omogo\u010da nemoteno prevajanje tovrstnih datotek. \u010casovni \u017eigi so nedotaknjeni, format datoteke je ohranjen, kar pomeni, da je prevedena datoteka pripravljena za uporabo. Poleg tega smo naro\u010dniku dali navodila, kako odpreti in urediti datoteke .vtt, da si jih je po prevodu mogo\u010de ogledati.<\/p>\n<p>Datoteke .story niso zelo priljubljen format datotek, ki omogo\u010da ustvarjanje predstavitve, te\u010daja ali usposabljanja, ki ga ni mogo\u010de odpreti brez dostopa do ustrezne programske opreme. Za na\u0161o stranko smo pripravili naslednji postopek:<\/p>\n<p>\u2013 izvoz vsebine datotek .story v format, ki ga je mogo\u010de urejati (.docx);<\/p>\n<p>\u2013 <a href=\"https:\/\/www.adriatiqa.com\/sl\/prevajanje\/\">prevod<\/a> datoteke, ki jo je mogo\u010de urejati;<\/p>\n<p>\u2013 po\u0161iljanje pripravljenega prevoda naro\u010dniku v lektoriranje (lektoriranje);<\/p>\n<p>\u2013 uvoz lekture v originalne datoteke .story = kon\u010dni izdelek.<\/p>\n<p><strong>PROJEKT<\/strong><\/p>\n<p>Re\u0161itve, ki smo jih predlagali (predvsem na\u010din obravnave datotek .story, ki naro\u010dniku omogo\u010dajo lektoriranje brez vlaganja v dodatno programsko opremo), so bile sprejete in naro\u010dnik nam je zaupal izvedbo velikega projekta prevajanja iz (ameri\u0161ke) angle\u0161\u010dine v drug jezik. Pri tako velikem projektu smo \u017eeleli biti prepri\u010dani, da bo prevod izpolnil pri\u010dakovanja naro\u010dnika, zato smo po dolo\u010ditvi vseh podrobnosti ponudili brezpla\u010den vzor\u010dni prevod, ki ga je opravil jezikoslovec, ki smo ga za ta projekt izbrali zaradi njegovega tehni\u010dnega znanja in poznavanja industrije. Vzor\u010dni prevod je bil sprejet, zato smo dobili naro\u010dilo. Projekt je bil zaklju\u010den v predvidenih rokih v za\u010detku januarja in je izpolnil vsa pri\u010dakovanja naro\u010dnika, s \u010dimer je nastalo dolgoro\u010dno sodelovanje.<\/p>\n<p>I\u0161\u010dete <a href=\"https:\/\/www.adriatiqa.com\/sl\/o-nas\/prevajalska-agencija\/\">agencijo<\/a>, ki bo za vas prevedla izobra\u017eevalna gradiva? Kontaktirajte nas in pripravili vam bomo brezpla\u010dno ponudbo![\/vc_column_text][\/vc_column][vc_column width=&#8221;1\/3&#8243;][vc_single_image image=&#8221;31216&#8243; img_size=&#8221;large&#8221;][vc_column_text]<\/p>\n<h6>Pi\u0161ite nam ali pa nas obi\u0161\u010dite. Adriatiqa<\/h6>\n<p>[\/vc_column_text]\n<div class=\"wpcf7 no-js\" id=\"wpcf7-f25110-o1\" lang=\"en\" dir=\"ltr\" data-wpcf7-id=\"25110\">\n<div class=\"screen-reader-response\"><p role=\"status\" aria-live=\"polite\" aria-atomic=\"true\"><\/p> <ul><\/ul><\/div>\n<form action=\"\/sl\/wp-json\/wp\/v2\/pages\/31304#wpcf7-f25110-o1\" method=\"post\" class=\"wpcf7-form init\" aria-label=\"Contact form\" novalidate=\"novalidate\" data-status=\"init\">\n<fieldset class=\"hidden-fields-container\"><legend class=\"screen-reader-text\">Hidden fields<\/legend><input type=\"hidden\" name=\"_wpcf7\" value=\"25110\" \/><input type=\"hidden\" name=\"_wpcf7_version\" value=\"6.1.5\" \/><input type=\"hidden\" name=\"_wpcf7_locale\" value=\"en\" \/><input type=\"hidden\" name=\"_wpcf7_unit_tag\" value=\"wpcf7-f25110-o1\" \/><input type=\"hidden\" name=\"_wpcf7_container_post\" value=\"0\" \/><input type=\"hidden\" name=\"_wpcf7_posted_data_hash\" value=\"\" \/>\n<\/fieldset>\n<style>\n    .wpcf7-form div, \n    .wpcf7-form p, \n    .wpcf7-form label {\n        margin-bottom: 15px; \/* Pove\u010danje razmika med elementi *\/\n        display: block;\n    }\n\n    .wpcf7-textarea, \n    .wpcf7-text, \n    .wpcf7-email {\n        padding: 8px; \/* Dodajanje prostora za bolj\u0161o berljivost *\/\n        width: 100%; \/* Polna \u0161irina vseh vnosnih polj *\/\n        box-sizing: border-box; \/* Prepre\u010duje prelivanje *\/\n    }\n\n    .wpcf7-submit {\n        display: block;\n        text-align: left;\n        margin-top: 15px;\n    }\n<\/style>\n\n<div style=\"padding: 5px 0;\">Podjetje \/ Ime (*) <span class=\"wpcf7-form-control-wrap\" data-name=\"your-name\"><input size=\"40\" maxlength=\"400\" class=\"wpcf7-form-control wpcf7-text wpcf7-validates-as-required\" aria-required=\"true\" aria-invalid=\"false\" value=\"\" type=\"text\" name=\"your-name\" \/><\/span><\/div>\n\n<div style=\"padding: 5px 0;\">Telefonska \u0161tevilka <span class=\"wpcf7-form-control-wrap\" data-name=\"text-56\"><input size=\"40\" maxlength=\"400\" class=\"wpcf7-form-control wpcf7-text\" aria-invalid=\"false\" value=\"\" type=\"text\" name=\"text-56\" \/><\/span><\/div>\n\n<div style=\"padding: 5px 0;\">E-naslov (*) <span class=\"wpcf7-form-control-wrap\" data-name=\"your-email\"><input size=\"40\" maxlength=\"400\" class=\"wpcf7-form-control wpcf7-email wpcf7-validates-as-required wpcf7-text wpcf7-validates-as-email\" aria-required=\"true\" aria-invalid=\"false\" value=\"\" type=\"email\" name=\"your-email\" \/><\/span><\/div>\n\n<div style=\"padding: 5px 0;\">\n    Kako vam lahko pomagamo?  \n    <span class=\"wpcf7-form-control-wrap\" data-name=\"your-message\"><textarea cols=\"40\" rows=\"3\" maxlength=\"2000\" class=\"wpcf7-form-control wpcf7-textarea\" aria-invalid=\"false\" placeholder=\"Pri naro\u010dilu ponudbe za prevod ne pozabite navesti jezikovne kombinacije in predvidenega datuma zaklju\u010dka naro\u010dila.\" name=\"your-message\"><\/textarea><\/span>\n<\/div>\n\n<label><span class=\"wpcf7-form-control-wrap\" data-name=\"upload-file-786\"><input size=\"40\" class=\"wpcf7-form-control wpcf7-drag-n-drop-file d-none\" aria-invalid=\"false\" type=\"file\" multiple=\"multiple\" data-name=\"upload-file-786\" data-type=\"pdf|txt|jpg|jpeg|png|gif|pdf|doc|docx|ppt|pptx|odt|avi|ogg|m4a|mov|mp3|mp4|mpg|wav|wmv|xsx|zip|rar|7z\" data-max=\"20Mb\" data-id=\"25110\" data-version=\"free version 1.3.9.5\" accept=\".pdf, .txt, .jpg, .jpeg, .png, .gif, .pdf, .doc, .docx, .ppt, .pptx, .odt, .avi, .ogg, .m4a, .mov, .mp3, .mp4, .mpg, .wav, .wmv, .xsx, .zip, .rar, .7z\" \/><\/span><\/label>\n\n<p style=\"font-size: small; line-height: 140%; margin-bottom: 15px;\">\n    Najve\u010dja velikost nalo\u017eene datoteke ne sme presegati 20 MB.\n<\/p>\n\n<p style=\"color: black; font-size: 12px; margin-bottom: 15px;\">\n    Z oddajo obrazca se strinjate s  \n    <a href=\"https:\/\/www.adriatiqa.com\/sl\/gdpr\/\" target=\"_blank\" style=\"color: black; text-decoration: underline;\">politiko zasebnosti<\/a>.\n<\/p>\n\n<input class=\"wpcf7-form-control wpcf7-submit has-spinner\" type=\"submit\" value=\"Po\u0161lji\" \/>\n<span id=\"wpcf7-69d0d7fc55c3a-wrapper\" class=\"wpcf7-form-control-wrap honeypot-415-wrap\" style=\"display:none !important; visibility:hidden !important;\"><label for=\"wpcf7-69d0d7fc55c3a-field\" class=\"hp-message\">Please leave this field empty.<\/label><input id=\"wpcf7-69d0d7fc55c3a-field\"  class=\"wpcf7-form-control wpcf7-text\" type=\"text\" name=\"honeypot-415\" value=\"\" size=\"40\" tabindex=\"-1\" autocomplete=\"new-password\" \/><\/span><div class=\"wpcf7-response-output\" aria-hidden=\"true\"><\/div>\n<\/form>\n<\/div>\n[\/vc_column][\/vc_row]<\/p>\n<\/div>","protected":false},"excerpt":{"rendered":"<p>[vc_row][vc_column width=&#8221;2\/3&#8243;][vc_column_text]OPIS STRANKE Mednarodno podjetje iz medicinske industrije, ki se ukvarja z vodilnimi tehnologijami v laboratorijski diagnostiki in klini\u010dnih presku\u0161anjih&#8230;.<\/p>\n","protected":false},"author":4,"featured_media":0,"parent":283,"menu_order":0,"comment_status":"closed","ping_status":"closed","template":"","meta":{"footnotes":""},"class_list":["post-31304","page","type-page","status-publish"],"yoast_head":"<!-- This site is optimized with the Yoast SEO plugin v27.3 - https:\/\/yoast.com\/product\/yoast-seo-wordpress\/ -->\n<title>Prevajanje izobra\u017eevalnih gradiv za podjetje iz medicinske industrije | AdriatIQa Prevodi, prevajalska agencija<\/title>\n<meta name=\"description\" content=\"Naro\u010dnik je rabil prevajanje izobra\u017eevalnih gradiv in testov za preverjanje znanja izvajalcev diagnosti\u010dnih testov. Ta gradiva naj bi bila prevedena in uporabljena za izbolj\u0161anje usposobljenosti in testiranje ve\u0161\u010din kon\u010dnih uporabnikov.\" \/>\n<meta name=\"robots\" content=\"index, follow, max-snippet:-1, max-image-preview:large, max-video-preview:-1\" \/>\n<link rel=\"canonical\" href=\"https:\/\/www.adriatiqa.com\/sl\/studije-primerov\/prevajanje-izobrazevalnih-gradiv-za-podjetje-iz-medicinske-industrije\/\" \/>\n<meta name=\"twitter:label1\" content=\"Est. reading time\" \/>\n\t<meta name=\"twitter:data1\" content=\"3 minutes\" \/>\n<script type=\"application\/ld+json\" class=\"yoast-schema-graph\">{\"@context\":\"https:\\\/\\\/schema.org\",\"@graph\":[{\"@type\":\"WebPage\",\"@id\":\"https:\\\/\\\/www.adriatiqa.com\\\/sl\\\/studije-primerov\\\/prevajanje-izobrazevalnih-gradiv-za-podjetje-iz-medicinske-industrije\\\/\",\"url\":\"https:\\\/\\\/www.adriatiqa.com\\\/sl\\\/studije-primerov\\\/prevajanje-izobrazevalnih-gradiv-za-podjetje-iz-medicinske-industrije\\\/\",\"name\":\"Prevajanje izobra\u017eevalnih gradiv za podjetje iz medicinske industrije | AdriatIQa Prevodi, prevajalska agencija\",\"isPartOf\":{\"@id\":\"https:\\\/\\\/www.adriatiqa.com\\\/sl\\\/#website\"},\"datePublished\":\"2023-01-31T14:17:51+00:00\",\"dateModified\":\"2023-02-23T07:45:19+00:00\",\"description\":\"Naro\u010dnik je rabil prevajanje izobra\u017eevalnih gradiv in testov za preverjanje znanja izvajalcev diagnosti\u010dnih testov. Ta gradiva naj bi bila prevedena in uporabljena za izbolj\u0161anje usposobljenosti in testiranje ve\u0161\u010din kon\u010dnih uporabnikov.\",\"breadcrumb\":{\"@id\":\"https:\\\/\\\/www.adriatiqa.com\\\/sl\\\/studije-primerov\\\/prevajanje-izobrazevalnih-gradiv-za-podjetje-iz-medicinske-industrije\\\/#breadcrumb\"},\"inLanguage\":\"sl\",\"potentialAction\":[{\"@type\":\"ReadAction\",\"target\":[\"https:\\\/\\\/www.adriatiqa.com\\\/sl\\\/studije-primerov\\\/prevajanje-izobrazevalnih-gradiv-za-podjetje-iz-medicinske-industrije\\\/\"]}]},{\"@type\":\"BreadcrumbList\",\"@id\":\"https:\\\/\\\/www.adriatiqa.com\\\/sl\\\/studije-primerov\\\/prevajanje-izobrazevalnih-gradiv-za-podjetje-iz-medicinske-industrije\\\/#breadcrumb\",\"itemListElement\":[{\"@type\":\"ListItem\",\"position\":1,\"name\":\"Home\",\"item\":\"https:\\\/\\\/www.adriatiqa.com\\\/sl\\\/\"},{\"@type\":\"ListItem\",\"position\":2,\"name\":\"\u0160tudije primerov\",\"item\":\"https:\\\/\\\/www.adriatiqa.com\\\/sl\\\/studije-primerov\\\/\"},{\"@type\":\"ListItem\",\"position\":3,\"name\":\"Prevajanje izobra\u017eevalnih gradiv za podjetje iz medicinske industrije\"}]},{\"@type\":\"WebSite\",\"@id\":\"https:\\\/\\\/www.adriatiqa.com\\\/sl\\\/#website\",\"url\":\"https:\\\/\\\/www.adriatiqa.com\\\/sl\\\/\",\"name\":\"AdriatIQa Prevodi, prevajalska agencija\",\"description\":\"Prevajanje, prevod v angle\u0161\u010dino, nem\u0161\u010dino\",\"publisher\":{\"@id\":\"https:\\\/\\\/www.adriatiqa.com\\\/sl\\\/#organization\"},\"potentialAction\":[{\"@type\":\"SearchAction\",\"target\":{\"@type\":\"EntryPoint\",\"urlTemplate\":\"https:\\\/\\\/www.adriatiqa.com\\\/sl\\\/?s={search_term_string}\"},\"query-input\":{\"@type\":\"PropertyValueSpecification\",\"valueRequired\":true,\"valueName\":\"search_term_string\"}}],\"inLanguage\":\"sl\"},{\"@type\":\"Organization\",\"@id\":\"https:\\\/\\\/www.adriatiqa.com\\\/sl\\\/#organization\",\"name\":\"ATE Globalis d.o.o.\",\"url\":\"https:\\\/\\\/www.adriatiqa.com\\\/sl\\\/\",\"logo\":{\"@type\":\"ImageObject\",\"inLanguage\":\"sl\",\"@id\":\"https:\\\/\\\/www.adriatiqa.com\\\/sl\\\/#\\\/schema\\\/logo\\\/image\\\/\",\"url\":\"https:\\\/\\\/www.adriatiqa.com\\\/wp-content\\\/uploads\\\/2012\\\/11\\\/adriatiqa-logo.png\",\"contentUrl\":\"https:\\\/\\\/www.adriatiqa.com\\\/wp-content\\\/uploads\\\/2012\\\/11\\\/adriatiqa-logo.png\",\"width\":297,\"height\":57,\"caption\":\"ATE Globalis d.o.o.\"},\"image\":{\"@id\":\"https:\\\/\\\/www.adriatiqa.com\\\/sl\\\/#\\\/schema\\\/logo\\\/image\\\/\"},\"sameAs\":[\"https:\\\/\\\/www.facebook.com\\\/AdriatIQa\",\"https:\\\/\\\/www.linkedin.com\\\/company\\\/adriatiqa-translations\"]}]}<\/script>\n<!-- \/ Yoast SEO plugin. -->","yoast_head_json":{"title":"Prevajanje izobra\u017eevalnih gradiv za podjetje iz medicinske industrije | AdriatIQa Prevodi, prevajalska agencija","description":"Naro\u010dnik je rabil prevajanje izobra\u017eevalnih gradiv in testov za preverjanje znanja izvajalcev diagnosti\u010dnih testov. Ta gradiva naj bi bila prevedena in uporabljena za izbolj\u0161anje usposobljenosti in testiranje ve\u0161\u010din kon\u010dnih uporabnikov.","robots":{"index":"index","follow":"follow","max-snippet":"max-snippet:-1","max-image-preview":"max-image-preview:large","max-video-preview":"max-video-preview:-1"},"canonical":"https:\/\/www.adriatiqa.com\/sl\/studije-primerov\/prevajanje-izobrazevalnih-gradiv-za-podjetje-iz-medicinske-industrije\/","twitter_misc":{"Est. reading time":"3 minutes"},"schema":{"@context":"https:\/\/schema.org","@graph":[{"@type":"WebPage","@id":"https:\/\/www.adriatiqa.com\/sl\/studije-primerov\/prevajanje-izobrazevalnih-gradiv-za-podjetje-iz-medicinske-industrije\/","url":"https:\/\/www.adriatiqa.com\/sl\/studije-primerov\/prevajanje-izobrazevalnih-gradiv-za-podjetje-iz-medicinske-industrije\/","name":"Prevajanje izobra\u017eevalnih gradiv za podjetje iz medicinske industrije | AdriatIQa Prevodi, prevajalska agencija","isPartOf":{"@id":"https:\/\/www.adriatiqa.com\/sl\/#website"},"datePublished":"2023-01-31T14:17:51+00:00","dateModified":"2023-02-23T07:45:19+00:00","description":"Naro\u010dnik je rabil prevajanje izobra\u017eevalnih gradiv in testov za preverjanje znanja izvajalcev diagnosti\u010dnih testov. Ta gradiva naj bi bila prevedena in uporabljena za izbolj\u0161anje usposobljenosti in testiranje ve\u0161\u010din kon\u010dnih uporabnikov.","breadcrumb":{"@id":"https:\/\/www.adriatiqa.com\/sl\/studije-primerov\/prevajanje-izobrazevalnih-gradiv-za-podjetje-iz-medicinske-industrije\/#breadcrumb"},"inLanguage":"sl","potentialAction":[{"@type":"ReadAction","target":["https:\/\/www.adriatiqa.com\/sl\/studije-primerov\/prevajanje-izobrazevalnih-gradiv-za-podjetje-iz-medicinske-industrije\/"]}]},{"@type":"BreadcrumbList","@id":"https:\/\/www.adriatiqa.com\/sl\/studije-primerov\/prevajanje-izobrazevalnih-gradiv-za-podjetje-iz-medicinske-industrije\/#breadcrumb","itemListElement":[{"@type":"ListItem","position":1,"name":"Home","item":"https:\/\/www.adriatiqa.com\/sl\/"},{"@type":"ListItem","position":2,"name":"\u0160tudije primerov","item":"https:\/\/www.adriatiqa.com\/sl\/studije-primerov\/"},{"@type":"ListItem","position":3,"name":"Prevajanje izobra\u017eevalnih gradiv za podjetje iz medicinske industrije"}]},{"@type":"WebSite","@id":"https:\/\/www.adriatiqa.com\/sl\/#website","url":"https:\/\/www.adriatiqa.com\/sl\/","name":"AdriatIQa Prevodi, prevajalska agencija","description":"Prevajanje, prevod v angle\u0161\u010dino, nem\u0161\u010dino","publisher":{"@id":"https:\/\/www.adriatiqa.com\/sl\/#organization"},"potentialAction":[{"@type":"SearchAction","target":{"@type":"EntryPoint","urlTemplate":"https:\/\/www.adriatiqa.com\/sl\/?s={search_term_string}"},"query-input":{"@type":"PropertyValueSpecification","valueRequired":true,"valueName":"search_term_string"}}],"inLanguage":"sl"},{"@type":"Organization","@id":"https:\/\/www.adriatiqa.com\/sl\/#organization","name":"ATE Globalis d.o.o.","url":"https:\/\/www.adriatiqa.com\/sl\/","logo":{"@type":"ImageObject","inLanguage":"sl","@id":"https:\/\/www.adriatiqa.com\/sl\/#\/schema\/logo\/image\/","url":"https:\/\/www.adriatiqa.com\/wp-content\/uploads\/2012\/11\/adriatiqa-logo.png","contentUrl":"https:\/\/www.adriatiqa.com\/wp-content\/uploads\/2012\/11\/adriatiqa-logo.png","width":297,"height":57,"caption":"ATE Globalis d.o.o."},"image":{"@id":"https:\/\/www.adriatiqa.com\/sl\/#\/schema\/logo\/image\/"},"sameAs":["https:\/\/www.facebook.com\/AdriatIQa","https:\/\/www.linkedin.com\/company\/adriatiqa-translations"]}]}},"_links":{"self":[{"href":"https:\/\/www.adriatiqa.com\/sl\/wp-json\/wp\/v2\/pages\/31304","targetHints":{"allow":["GET"]}}],"collection":[{"href":"https:\/\/www.adriatiqa.com\/sl\/wp-json\/wp\/v2\/pages"}],"about":[{"href":"https:\/\/www.adriatiqa.com\/sl\/wp-json\/wp\/v2\/types\/page"}],"author":[{"embeddable":true,"href":"https:\/\/www.adriatiqa.com\/sl\/wp-json\/wp\/v2\/users\/4"}],"replies":[{"embeddable":true,"href":"https:\/\/www.adriatiqa.com\/sl\/wp-json\/wp\/v2\/comments?post=31304"}],"version-history":[{"count":7,"href":"https:\/\/www.adriatiqa.com\/sl\/wp-json\/wp\/v2\/pages\/31304\/revisions"}],"predecessor-version":[{"id":31388,"href":"https:\/\/www.adriatiqa.com\/sl\/wp-json\/wp\/v2\/pages\/31304\/revisions\/31388"}],"up":[{"embeddable":true,"href":"https:\/\/www.adriatiqa.com\/sl\/wp-json\/wp\/v2\/pages\/283"}],"wp:attachment":[{"href":"https:\/\/www.adriatiqa.com\/sl\/wp-json\/wp\/v2\/media?parent=31304"}],"curies":[{"name":"wp","href":"https:\/\/api.w.org\/{rel}","templated":true}]}}