{"id":31306,"date":"2023-01-31T15:25:48","date_gmt":"2023-01-31T14:25:48","guid":{"rendered":"https:\/\/www.adriatiqa.com\/?page_id=31306"},"modified":"2023-02-23T08:51:58","modified_gmt":"2023-02-23T07:51:58","slug":"prevajanje-mobilne-aplikacije","status":"publish","type":"page","link":"https:\/\/www.adriatiqa.com\/sl\/studije-primerov\/prevajanje-mobilne-aplikacije\/","title":{"rendered":"Prevajanje mobilne aplikacije"},"content":{"rendered":"<div class=\"wpb-content-wrapper\"><p>[vc_row][vc_column width=&#8221;2\/3&#8243;][vc_column_text]<strong>ANALIZA NARO\u010cILA PREVODA MOBILNE APLIKACIJE<\/strong><\/p>\n<p>Podjetje X izdeluje spletne strani za svoje stranke, prav tako pa ustvarja podobo podjetij v mre\u017ei, tako da promovira njihove spletne strani in zagotavlja profesionalne sisteme za storitve za stranke, ki so individualno prilagojeni njihovim potrebam.<\/p>\n<p>Na\u0161a naloga je bila prevesti mobilno aplikacijo v dva <a href=\"https:\/\/www.adriatiqa.com\/sl\/jeziki\/\">jezika<\/a> s programsko opremo, ki jo je zagotovil naro\u010dnik. Predpogoj za prevzem naro\u010dila je bila videokonferenca, v kateri so sodelovali prevajalci in analitik podjetja, ki je naro\u010dnik.<\/p>\n<p><strong>ODZIV NA POTREBE STRANKE<\/strong><\/p>\n<p>Dostop do zahtevane podporne aplikacije za <a href=\"https:\/\/www.adriatiqa.com\/sl\/prevajanje\/\">prevajanje <\/a>programske opreme;<\/p>\n<p>organiziranje videokonferenc med prevajalci in naro\u010dnikovim analitikom;<\/p>\n<p>izbor prevajalcev, ki jim informatika ni tuja.<\/p>\n<p><strong>U\u010cENJE PREK IZZIVA<\/strong><\/p>\n<p>Prilagodljiv odnos in odprtost do pogojev naro\u010dnika sta pogoja za pridobivanje novih naro\u010dil. Ne smemo pozabiti, da potrebnega znanja od nas ne pridobi le naro\u010dnik, temve\u010d se lahko veliko nau\u010dimo tudi sami med izvajanjem prihodnjih projektov.<\/p>\n<p><strong>POVZETEK<\/strong><\/p>\n<p>V tem primeru smo prevedli ve\u010d kot 12.000 besed, \u010deprav je bilo na za\u010detku predvidenih 8500. Naro\u010dilo se je nenehno \u0161irilo, a zaradi odli\u010dne organizacije dela to ni predstavljalo te\u017eav. Videokonferenca, ki jo je \u017eelel naro\u010dnik, se je izkazala za zelo koristno za prevajalce, kar so soglasno potrdili. Prinesla je veliko dragocenih povratnih informacij in nasvetov.<\/p>\n<p>Zaradi odli\u010dne komunikacije je naro\u010dnik \u017eelel, da naro\u010dilo prevzamemo mi. Z razumevanjem in odprtostjo za predloge smo pridobili naro\u010dnikovo \u017eeljo za nadaljnje sodelovanje in pokazali, da so pri\u010dakovanja in potrebe naro\u010dnika na\u0161a prednostna naloga.<\/p>\n<p>Ponovno se je izkazalo, da se zavzetost in u\u010dinkovito sodelovanje med naro\u010dnikom, oddelki podjetja in prevajalci obrestuje in omogo\u010da pridobivanje novih, pomembnih strank.<\/p>\n<p>I\u0161\u010dete osebo, ki vam bo prevedla mobilno aplikacijo? Pi\u0161ite nam in pripravili vam bomo brezpla\u010dno ponudbo![\/vc_column_text][\/vc_column][vc_column width=&#8221;1\/3&#8243;][vc_single_image image=&#8221;30408&#8243; img_size=&#8221;large&#8221;][vc_column_text]<\/p>\n<h6>Pi\u0161ite nam ali pa nas obi\u0161\u010dite. Adriatiqa<\/h6>\n<p>[\/vc_column_text]\n<div class=\"wpcf7 no-js\" id=\"wpcf7-f25110-o1\" lang=\"en\" dir=\"ltr\" data-wpcf7-id=\"25110\">\n<div class=\"screen-reader-response\"><p role=\"status\" aria-live=\"polite\" aria-atomic=\"true\"><\/p> <ul><\/ul><\/div>\n<form action=\"\/sl\/wp-json\/wp\/v2\/pages\/31306#wpcf7-f25110-o1\" method=\"post\" class=\"wpcf7-form init\" aria-label=\"Contact form\" novalidate=\"novalidate\" data-status=\"init\">\n<fieldset class=\"hidden-fields-container\"><legend class=\"screen-reader-text\">Hidden fields<\/legend><input type=\"hidden\" name=\"_wpcf7\" value=\"25110\" \/><input type=\"hidden\" name=\"_wpcf7_version\" value=\"6.1.5\" \/><input type=\"hidden\" name=\"_wpcf7_locale\" value=\"en\" \/><input type=\"hidden\" name=\"_wpcf7_unit_tag\" value=\"wpcf7-f25110-o1\" \/><input type=\"hidden\" name=\"_wpcf7_container_post\" value=\"0\" \/><input type=\"hidden\" name=\"_wpcf7_posted_data_hash\" value=\"\" \/>\n<\/fieldset>\n<style>\n    .wpcf7-form div, \n    .wpcf7-form p, \n    .wpcf7-form label {\n        margin-bottom: 15px; \/* Pove\u010danje razmika med elementi *\/\n        display: block;\n    }\n\n    .wpcf7-textarea, \n    .wpcf7-text, \n    .wpcf7-email {\n        padding: 8px; \/* Dodajanje prostora za bolj\u0161o berljivost *\/\n        width: 100%; \/* Polna \u0161irina vseh vnosnih polj *\/\n        box-sizing: border-box; \/* Prepre\u010duje prelivanje *\/\n    }\n\n    .wpcf7-submit {\n        display: block;\n        text-align: left;\n        margin-top: 15px;\n    }\n<\/style>\n\n<div style=\"padding: 5px 0;\">Podjetje \/ Ime (*) <span class=\"wpcf7-form-control-wrap\" data-name=\"your-name\"><input size=\"40\" maxlength=\"400\" class=\"wpcf7-form-control wpcf7-text wpcf7-validates-as-required\" aria-required=\"true\" aria-invalid=\"false\" value=\"\" type=\"text\" name=\"your-name\" \/><\/span><\/div>\n\n<div style=\"padding: 5px 0;\">Telefonska \u0161tevilka <span class=\"wpcf7-form-control-wrap\" data-name=\"text-56\"><input size=\"40\" maxlength=\"400\" class=\"wpcf7-form-control wpcf7-text\" aria-invalid=\"false\" value=\"\" type=\"text\" name=\"text-56\" \/><\/span><\/div>\n\n<div style=\"padding: 5px 0;\">E-naslov (*) <span class=\"wpcf7-form-control-wrap\" data-name=\"your-email\"><input size=\"40\" maxlength=\"400\" class=\"wpcf7-form-control wpcf7-email wpcf7-validates-as-required wpcf7-text wpcf7-validates-as-email\" aria-required=\"true\" aria-invalid=\"false\" value=\"\" type=\"email\" name=\"your-email\" \/><\/span><\/div>\n\n<div style=\"padding: 5px 0;\">\n    Kako vam lahko pomagamo?  \n    <span class=\"wpcf7-form-control-wrap\" data-name=\"your-message\"><textarea cols=\"40\" rows=\"3\" maxlength=\"2000\" class=\"wpcf7-form-control wpcf7-textarea\" aria-invalid=\"false\" placeholder=\"Pri naro\u010dilu ponudbe za prevod ne pozabite navesti jezikovne kombinacije in predvidenega datuma zaklju\u010dka naro\u010dila.\" name=\"your-message\"><\/textarea><\/span>\n<\/div>\n\n<label><span class=\"wpcf7-form-control-wrap\" data-name=\"upload-file-786\"><input size=\"40\" class=\"wpcf7-form-control wpcf7-drag-n-drop-file d-none\" aria-invalid=\"false\" type=\"file\" multiple=\"multiple\" data-name=\"upload-file-786\" data-type=\"pdf|txt|jpg|jpeg|png|gif|pdf|doc|docx|ppt|pptx|odt|avi|ogg|m4a|mov|mp3|mp4|mpg|wav|wmv|xsx|zip|rar|7z\" data-max=\"20Mb\" data-id=\"25110\" data-version=\"free version 1.3.9.5\" accept=\".pdf, .txt, .jpg, .jpeg, .png, .gif, .pdf, .doc, .docx, .ppt, .pptx, .odt, .avi, .ogg, .m4a, .mov, .mp3, .mp4, .mpg, .wav, .wmv, .xsx, .zip, .rar, .7z\" \/><\/span><\/label>\n\n<p style=\"font-size: small; line-height: 140%; margin-bottom: 15px;\">\n    Najve\u010dja velikost nalo\u017eene datoteke ne sme presegati 20 MB.\n<\/p>\n\n<p style=\"color: black; font-size: 12px; margin-bottom: 15px;\">\n    Z oddajo obrazca se strinjate s  \n    <a href=\"https:\/\/www.adriatiqa.com\/sl\/gdpr\/\" target=\"_blank\" style=\"color: black; text-decoration: underline;\">politiko zasebnosti<\/a>.\n<\/p>\n\n<input class=\"wpcf7-form-control wpcf7-submit has-spinner\" type=\"submit\" value=\"Po\u0161lji\" \/>\n<span id=\"wpcf7-69f62303d75ce-wrapper\" class=\"wpcf7-form-control-wrap honeypot-415-wrap\" style=\"display:none !important; visibility:hidden !important;\"><label for=\"wpcf7-69f62303d75ce-field\" class=\"hp-message\">Please leave this field empty.<\/label><input id=\"wpcf7-69f62303d75ce-field\"  class=\"wpcf7-form-control wpcf7-text\" type=\"text\" name=\"honeypot-415\" value=\"\" size=\"40\" tabindex=\"-1\" autocomplete=\"new-password\" \/><\/span><div class=\"wpcf7-response-output\" aria-hidden=\"true\"><\/div>\n<\/form>\n<\/div>\n[\/vc_column][\/vc_row]<\/p>\n<\/div>","protected":false},"excerpt":{"rendered":"<p>[vc_row][vc_column width=&#8221;2\/3&#8243;][vc_column_text]ANALIZA NARO\u010cILA PREVODA MOBILNE APLIKACIJE Podjetje X izdeluje spletne strani za svoje stranke, prav tako pa ustvarja podobo podjetij&#8230;<\/p>\n","protected":false},"author":4,"featured_media":0,"parent":283,"menu_order":0,"comment_status":"closed","ping_status":"closed","template":"","meta":{"footnotes":""},"class_list":["post-31306","page","type-page","status-publish"],"yoast_head":"<!-- This site is optimized with the Yoast SEO plugin v27.4 - https:\/\/yoast.com\/product\/yoast-seo-wordpress\/ -->\n<title>Prevajanje mobilne aplikacije | AdriatIQa Prevodi, prevajalska agencija<\/title>\n<meta name=\"description\" content=\"Na\u0161a naloga je bila prevesti mobilno aplikacijo v dva jezika s programsko opremo, ki jo je zagotovil naro\u010dnik. Kako smo se lotili prevajalskega projekta?\" \/>\n<meta name=\"robots\" content=\"index, follow, max-snippet:-1, max-image-preview:large, max-video-preview:-1\" \/>\n<link rel=\"canonical\" href=\"https:\/\/www.adriatiqa.com\/sl\/studije-primerov\/prevajanje-mobilne-aplikacije\/\" \/>\n<meta name=\"twitter:label1\" content=\"Est. reading time\" \/>\n\t<meta name=\"twitter:data1\" content=\"2 minutes\" \/>\n<script type=\"application\/ld+json\" class=\"yoast-schema-graph\">{\"@context\":\"https:\\\/\\\/schema.org\",\"@graph\":[{\"@type\":\"WebPage\",\"@id\":\"https:\\\/\\\/www.adriatiqa.com\\\/sl\\\/studije-primerov\\\/prevajanje-mobilne-aplikacije\\\/\",\"url\":\"https:\\\/\\\/www.adriatiqa.com\\\/sl\\\/studije-primerov\\\/prevajanje-mobilne-aplikacije\\\/\",\"name\":\"Prevajanje mobilne aplikacije | AdriatIQa Prevodi, prevajalska agencija\",\"isPartOf\":{\"@id\":\"https:\\\/\\\/www.adriatiqa.com\\\/sl\\\/#website\"},\"datePublished\":\"2023-01-31T14:25:48+00:00\",\"dateModified\":\"2023-02-23T07:51:58+00:00\",\"description\":\"Na\u0161a naloga je bila prevesti mobilno aplikacijo v dva jezika s programsko opremo, ki jo je zagotovil naro\u010dnik. Kako smo se lotili prevajalskega projekta?\",\"breadcrumb\":{\"@id\":\"https:\\\/\\\/www.adriatiqa.com\\\/sl\\\/studije-primerov\\\/prevajanje-mobilne-aplikacije\\\/#breadcrumb\"},\"inLanguage\":\"sl\",\"potentialAction\":[{\"@type\":\"ReadAction\",\"target\":[\"https:\\\/\\\/www.adriatiqa.com\\\/sl\\\/studije-primerov\\\/prevajanje-mobilne-aplikacije\\\/\"]}]},{\"@type\":\"BreadcrumbList\",\"@id\":\"https:\\\/\\\/www.adriatiqa.com\\\/sl\\\/studije-primerov\\\/prevajanje-mobilne-aplikacije\\\/#breadcrumb\",\"itemListElement\":[{\"@type\":\"ListItem\",\"position\":1,\"name\":\"Home\",\"item\":\"https:\\\/\\\/www.adriatiqa.com\\\/sl\\\/\"},{\"@type\":\"ListItem\",\"position\":2,\"name\":\"\u0160tudije primerov\",\"item\":\"https:\\\/\\\/www.adriatiqa.com\\\/sl\\\/studije-primerov\\\/\"},{\"@type\":\"ListItem\",\"position\":3,\"name\":\"Prevajanje mobilne aplikacije\"}]},{\"@type\":\"WebSite\",\"@id\":\"https:\\\/\\\/www.adriatiqa.com\\\/sl\\\/#website\",\"url\":\"https:\\\/\\\/www.adriatiqa.com\\\/sl\\\/\",\"name\":\"AdriatIQa Prevodi, prevajalska agencija\",\"description\":\"Prevajanje, prevod v angle\u0161\u010dino, nem\u0161\u010dino\",\"publisher\":{\"@id\":\"https:\\\/\\\/www.adriatiqa.com\\\/sl\\\/#organization\"},\"potentialAction\":[{\"@type\":\"SearchAction\",\"target\":{\"@type\":\"EntryPoint\",\"urlTemplate\":\"https:\\\/\\\/www.adriatiqa.com\\\/sl\\\/?s={search_term_string}\"},\"query-input\":{\"@type\":\"PropertyValueSpecification\",\"valueRequired\":true,\"valueName\":\"search_term_string\"}}],\"inLanguage\":\"sl\"},{\"@type\":\"Organization\",\"@id\":\"https:\\\/\\\/www.adriatiqa.com\\\/sl\\\/#organization\",\"name\":\"ATE Globalis d.o.o.\",\"url\":\"https:\\\/\\\/www.adriatiqa.com\\\/sl\\\/\",\"logo\":{\"@type\":\"ImageObject\",\"inLanguage\":\"sl\",\"@id\":\"https:\\\/\\\/www.adriatiqa.com\\\/sl\\\/#\\\/schema\\\/logo\\\/image\\\/\",\"url\":\"https:\\\/\\\/www.adriatiqa.com\\\/wp-content\\\/uploads\\\/2012\\\/11\\\/adriatiqa-logo.png\",\"contentUrl\":\"https:\\\/\\\/www.adriatiqa.com\\\/wp-content\\\/uploads\\\/2012\\\/11\\\/adriatiqa-logo.png\",\"width\":297,\"height\":57,\"caption\":\"ATE Globalis d.o.o.\"},\"image\":{\"@id\":\"https:\\\/\\\/www.adriatiqa.com\\\/sl\\\/#\\\/schema\\\/logo\\\/image\\\/\"},\"sameAs\":[\"https:\\\/\\\/www.facebook.com\\\/AdriatIQa\",\"https:\\\/\\\/www.linkedin.com\\\/company\\\/adriatiqa-translations\"]}]}<\/script>\n<!-- \/ Yoast SEO plugin. -->","yoast_head_json":{"title":"Prevajanje mobilne aplikacije | AdriatIQa Prevodi, prevajalska agencija","description":"Na\u0161a naloga je bila prevesti mobilno aplikacijo v dva jezika s programsko opremo, ki jo je zagotovil naro\u010dnik. Kako smo se lotili prevajalskega projekta?","robots":{"index":"index","follow":"follow","max-snippet":"max-snippet:-1","max-image-preview":"max-image-preview:large","max-video-preview":"max-video-preview:-1"},"canonical":"https:\/\/www.adriatiqa.com\/sl\/studije-primerov\/prevajanje-mobilne-aplikacije\/","twitter_misc":{"Est. reading time":"2 minutes"},"schema":{"@context":"https:\/\/schema.org","@graph":[{"@type":"WebPage","@id":"https:\/\/www.adriatiqa.com\/sl\/studije-primerov\/prevajanje-mobilne-aplikacije\/","url":"https:\/\/www.adriatiqa.com\/sl\/studije-primerov\/prevajanje-mobilne-aplikacije\/","name":"Prevajanje mobilne aplikacije | AdriatIQa Prevodi, prevajalska agencija","isPartOf":{"@id":"https:\/\/www.adriatiqa.com\/sl\/#website"},"datePublished":"2023-01-31T14:25:48+00:00","dateModified":"2023-02-23T07:51:58+00:00","description":"Na\u0161a naloga je bila prevesti mobilno aplikacijo v dva jezika s programsko opremo, ki jo je zagotovil naro\u010dnik. Kako smo se lotili prevajalskega projekta?","breadcrumb":{"@id":"https:\/\/www.adriatiqa.com\/sl\/studije-primerov\/prevajanje-mobilne-aplikacije\/#breadcrumb"},"inLanguage":"sl","potentialAction":[{"@type":"ReadAction","target":["https:\/\/www.adriatiqa.com\/sl\/studije-primerov\/prevajanje-mobilne-aplikacije\/"]}]},{"@type":"BreadcrumbList","@id":"https:\/\/www.adriatiqa.com\/sl\/studije-primerov\/prevajanje-mobilne-aplikacije\/#breadcrumb","itemListElement":[{"@type":"ListItem","position":1,"name":"Home","item":"https:\/\/www.adriatiqa.com\/sl\/"},{"@type":"ListItem","position":2,"name":"\u0160tudije primerov","item":"https:\/\/www.adriatiqa.com\/sl\/studije-primerov\/"},{"@type":"ListItem","position":3,"name":"Prevajanje mobilne aplikacije"}]},{"@type":"WebSite","@id":"https:\/\/www.adriatiqa.com\/sl\/#website","url":"https:\/\/www.adriatiqa.com\/sl\/","name":"AdriatIQa Prevodi, prevajalska agencija","description":"Prevajanje, prevod v angle\u0161\u010dino, nem\u0161\u010dino","publisher":{"@id":"https:\/\/www.adriatiqa.com\/sl\/#organization"},"potentialAction":[{"@type":"SearchAction","target":{"@type":"EntryPoint","urlTemplate":"https:\/\/www.adriatiqa.com\/sl\/?s={search_term_string}"},"query-input":{"@type":"PropertyValueSpecification","valueRequired":true,"valueName":"search_term_string"}}],"inLanguage":"sl"},{"@type":"Organization","@id":"https:\/\/www.adriatiqa.com\/sl\/#organization","name":"ATE Globalis d.o.o.","url":"https:\/\/www.adriatiqa.com\/sl\/","logo":{"@type":"ImageObject","inLanguage":"sl","@id":"https:\/\/www.adriatiqa.com\/sl\/#\/schema\/logo\/image\/","url":"https:\/\/www.adriatiqa.com\/wp-content\/uploads\/2012\/11\/adriatiqa-logo.png","contentUrl":"https:\/\/www.adriatiqa.com\/wp-content\/uploads\/2012\/11\/adriatiqa-logo.png","width":297,"height":57,"caption":"ATE Globalis d.o.o."},"image":{"@id":"https:\/\/www.adriatiqa.com\/sl\/#\/schema\/logo\/image\/"},"sameAs":["https:\/\/www.facebook.com\/AdriatIQa","https:\/\/www.linkedin.com\/company\/adriatiqa-translations"]}]}},"_links":{"self":[{"href":"https:\/\/www.adriatiqa.com\/sl\/wp-json\/wp\/v2\/pages\/31306","targetHints":{"allow":["GET"]}}],"collection":[{"href":"https:\/\/www.adriatiqa.com\/sl\/wp-json\/wp\/v2\/pages"}],"about":[{"href":"https:\/\/www.adriatiqa.com\/sl\/wp-json\/wp\/v2\/types\/page"}],"author":[{"embeddable":true,"href":"https:\/\/www.adriatiqa.com\/sl\/wp-json\/wp\/v2\/users\/4"}],"replies":[{"embeddable":true,"href":"https:\/\/www.adriatiqa.com\/sl\/wp-json\/wp\/v2\/comments?post=31306"}],"version-history":[{"count":6,"href":"https:\/\/www.adriatiqa.com\/sl\/wp-json\/wp\/v2\/pages\/31306\/revisions"}],"predecessor-version":[{"id":31390,"href":"https:\/\/www.adriatiqa.com\/sl\/wp-json\/wp\/v2\/pages\/31306\/revisions\/31390"}],"up":[{"embeddable":true,"href":"https:\/\/www.adriatiqa.com\/sl\/wp-json\/wp\/v2\/pages\/283"}],"wp:attachment":[{"href":"https:\/\/www.adriatiqa.com\/sl\/wp-json\/wp\/v2\/media?parent=31306"}],"curies":[{"name":"wp","href":"https:\/\/api.w.org\/{rel}","templated":true}]}}