{"id":3139,"date":"2014-06-04T14:02:45","date_gmt":"2014-06-04T12:02:45","guid":{"rendered":"https:\/\/www.adriatiqa.com\/?page_id=3139"},"modified":"2022-10-03T11:26:57","modified_gmt":"2022-10-03T09:26:57","slug":"prevajalske-storitve","status":"publish","type":"page","link":"https:\/\/www.adriatiqa.com\/sl\/prevajanje\/prevajalske-storitve\/","title":{"rendered":"Prevajalske storitve"},"content":{"rendered":"<div class=\"wpb-content-wrapper\"><p>[vc_row][vc_column width=&#8221;2\/3&#8243;][vc_column_text width=&#8221;1\/1&#8243; el_position=&#8221;first last&#8221;]<\/p>\n<h2>Potrebujete prevajalske storitve?<\/h2>\n<p>V <a href=\"mailto:info@adriatiqa.com\">AdriatIQi<\/a> vam zagotavljamo kakovostne <b>prevajalske storitve<\/b>:<\/p>\n<h4>Prevajanje<\/h4>\n<p>Zagotavljamo <b>prevajalske storitve v ve\u010d kot <a href=\"https:\/\/www.adriatiqa.com\/sl\/jeziki\/\">30 tujih jezikov<\/a><\/b>. Pri svojem delu uporabljamo vrhunsko programsko opremo za prevajanje, ki nam pomaga zagotavljati najvi\u0161jo mo\u017eno kakovost ob hkratnem zni\u017eanju stro\u0161kov prevajalskih storitev.<\/p>\n<p>Opravljamo prevode obi\u010dajnih in strokovnih besedil z razli\u010dnih podro\u010dij, poskrbimo pa tudi za <b>hitre prevode, <a title=\"Sodni prevodi\" href=\"https:\/\/www.adriatiqa.com\/sl\/sodni-prevodi\/\">sodno overjene prevode<\/a> in lektoriranje<\/b>. Da vam lahko ponudimo kakovostne prevajalske storitve, sodelujemo z ve\u010d kot 300 <a href=\"https:\/\/www.adriatiqa.com\/sl\/o-nas\/prevajalci\/\">prevajalci<\/a>, ki obvladujejo znanja vseh strokovnih podro\u010dij, vklju\u010dno s\u00a0<a href=\"https:\/\/www.adriatiqa.com\/sl\/prevajanje\/podrocja-prevajanja\/tehnicni-prevodi\/\">tehniko<\/a>, <a href=\"https:\/\/www.adriatiqa.com\/sl\/prevajanje\/podrocja-prevajanja\/medicinski-prevodi\/\">medicino<\/a>, farmacijo, naravoslovnimi znanostmi, <a href=\"https:\/\/www.adriatiqa.com\/sl\/prevajanje\/podrocja-prevajanja\/pravni-prevodi\/\">pravom<\/a>, financami ter IT in programsko opremo.<\/p>\n<h4>Tolma\u010denje<\/h4>\n<p>Tolma\u010denje poteka v \u017eivo, zato je \u0161e posebej zahtevna oblika prevajanja. AdriatIQa sodeluje le z najbolj\u0161imi in izku\u0161enimi tolma\u010di ter ponudniki tehni\u010dne opreme. Pripravimo vam ponudbo po meri za <b><a title=\"Tolma\u010denje\" href=\"https:\/\/www.adriatiqa.com\/sl\/storitve\/tolmacenje\/\">simultano ali konsekutivno tolma\u010denje<\/a> vseh vrst<\/b> \u2013 konferen\u010dno, sodno, \u0161epetano in znakovno tolma\u010denje. Redno zagotavljamo tolma\u010denje za angle\u0161ki, nem\u0161ki, italijanski, francoski, \u0161panski in ruski jezik, na va\u0161o \u017eeljo pa lahko zagotovimo tudi tolma\u010denje \u0161tevilnih drugih jezikov.<\/p>\n<h4>Jezikovni te\u010daji<\/h4>\n<p>Znanja ni nikoli dovolj. Za jezike to \u0161e posebej velja. Zato pri AdriatIQi poleg prevajalskih storitev ponujamo tudi kakovostne <a title=\"Jezikovni te\u010daji\" href=\"https:\/\/www.adriatiqa.com\/sl\/storitve\/jezikovni-tecaji\/\">jezikovne te\u010daje za podjetja<\/a>, kjer se popolnoma prilagodimo va\u0161im zahtevam na podro\u010dju dela. Prednosti na\u0161ih jezikovnih te\u010dajev so delo v majhnih skupinah in poudarek na govorni komunikaciji, prav tako pa so namenjeni utrjevanju vezi med sodelavci.<\/p>\n<p>&nbsp;<\/p>\n<p>Svojim naro\u010dnikom nudimo celostne prevajalske storitve. Poleg \u017ee omenjenih prevajalskih storitev poskrbimo tudi za lokalizacijo. Va\u0161e besedilo prilagodimo lokalnemu okolju, upo\u0161tevamo kulturne razlike, in vam na ta na\u010din omogo\u010damo, da vas bodo razumeli tudi v tujini.[\/vc_column_text][vc_column_text width=&#8221;1\/1&#8243; el_position=&#8221;first last&#8221;]Pri prevajalskih storitvah vedno spo\u0161tujemo naro\u010dnikove \u017eelje in zahteve, zato v prevajalski proces vklju\u010dujemo zanesljive in izku\u0161ene prevajalce, najve\u010dkrat rojene govorce, ki svoje delo opravljajo vestno in odgovorno. Na\u0161i prevajalci se zavedajo, da so prevajalske storitve mnogo ve\u010d kot le mehansko spreminjanje besed v drug jezik, zato se vsakemu prevodu dobro posvetijo. Ker sodelujemo le z najbolj\u0161imi prevajalci, smo prepri\u010dani, da vam lahko ponudimo vrhunske prevajalske storitve.<\/p>\n<h1><a href=\"https:\/\/www.adriatiqa.com\/wp-content\/uploads\/2014\/06\/prevajalske-storitve.jpg\"><img class=\"aligncenter size-medium wp-image-3709\" src=\"https:\/\/www.adriatiqa.com\/wp-content\/uploads\/2014\/06\/prevajalske-storitve-400x250.jpg\" alt=\"prevajalske-storitve\" width=\"300\" height=\"187\" \/><\/a><\/h1>\n<h4>POTRJENA KAKOVOST<\/h4>\n<p>Bili smo eno izmed prvih podjetij s\u00a0prevajalskimi storitvami v\u00a0svojem obmo\u010dju, ki je uvedlo sistem <b>zagotavljanja kakovosti v\u00a0skladu s <a href=\"https:\/\/www.adriatiqa.com\/sl\/kakovost\/\">standardi\u00a0ISO<\/a><\/b>. Maja 2002 smo s strani T\u00dcV S\u00fcddeutschland Holding (M\u00fcnchen) prejeli potrdilo EN ISO 9001:2000. Od takrat naprej smo vsako leto brezhibno opravili vsa notranja in zunanja preverjanja in uspe\u0161no podalj\u0161evali omenjeni standard, do trenutno veljavnega ISO 9001:2015.<\/p>\n<p>Ravnamo se tudi po standardu <strong>ISO 17100, <\/strong>ki podrobno opredeljuje postopek izvajanja prevajalskih naro\u010dil, pogoje poslovanja, pogodbe in organizacijo prevajalskega postopka.[\/vc_column_text][\/vc_column][vc_column width=&#8221;1\/3&#8243;][vc_single_image image=&#8221;30590&#8243; img_size=&#8221;large&#8221;][vc_column_text]<strong>PI\u0160ITE NAM ALI PA NAS OBI\u0160\u010cITE<\/strong><strong>. ADRIATIQA<\/strong>[\/vc_column_text]\n<div class=\"wpcf7 no-js\" id=\"wpcf7-f25110-o1\" lang=\"en\" dir=\"ltr\" data-wpcf7-id=\"25110\">\n<div class=\"screen-reader-response\"><p role=\"status\" aria-live=\"polite\" aria-atomic=\"true\"><\/p> <ul><\/ul><\/div>\n<form action=\"\/sl\/wp-json\/wp\/v2\/pages\/3139#wpcf7-f25110-o1\" method=\"post\" class=\"wpcf7-form init\" aria-label=\"Contact form\" novalidate=\"novalidate\" data-status=\"init\">\n<fieldset class=\"hidden-fields-container\"><legend class=\"screen-reader-text\">Hidden fields<\/legend><input type=\"hidden\" name=\"_wpcf7\" value=\"25110\" \/><input type=\"hidden\" name=\"_wpcf7_version\" value=\"6.1.5\" \/><input type=\"hidden\" name=\"_wpcf7_locale\" value=\"en\" \/><input type=\"hidden\" name=\"_wpcf7_unit_tag\" value=\"wpcf7-f25110-o1\" \/><input type=\"hidden\" name=\"_wpcf7_container_post\" value=\"0\" \/><input type=\"hidden\" name=\"_wpcf7_posted_data_hash\" value=\"\" \/>\n<\/fieldset>\n<style>\n    .wpcf7-form div, \n    .wpcf7-form p, \n    .wpcf7-form label {\n        margin-bottom: 15px; \/* Pove\u010danje razmika med elementi *\/\n        display: block;\n    }\n    .wpcf7-textarea, \n    .wpcf7-text, \n    .wpcf7-email {\n        padding: 8px; \/* Dodajanje prostora za bolj\u0161o berljivost *\/\n        width: 100%; \/* Polna \u0161irina vseh vnosnih polj *\/\n        box-sizing: border-box; \/* Prepre\u010duje prelivanje *\/\n    }\n    .wpcf7-submit {\n        display: block;\n        text-align: left;\n        margin-top: 15px;\n    }\n<\/style>\n\n<div style=\"padding: 5px 0;\">Podjetje \/ Ime (*) <span class=\"wpcf7-form-control-wrap\" data-name=\"your-name\"><input size=\"40\" maxlength=\"400\" class=\"wpcf7-form-control wpcf7-text wpcf7-validates-as-required\" aria-required=\"true\" aria-invalid=\"false\" value=\"\" type=\"text\" name=\"your-name\" \/><\/span><\/div>\n<div style=\"padding: 5px 0;\">Telefonska \u0161tevilka <span class=\"wpcf7-form-control-wrap\" data-name=\"text-56\"><input size=\"40\" maxlength=\"400\" class=\"wpcf7-form-control wpcf7-text\" aria-invalid=\"false\" value=\"\" type=\"text\" name=\"text-56\" \/><\/span><\/div>\n<div style=\"padding: 5px 0;\">E-naslov (*) <span class=\"wpcf7-form-control-wrap\" data-name=\"your-email\"><input size=\"40\" maxlength=\"400\" class=\"wpcf7-form-control wpcf7-email wpcf7-validates-as-required wpcf7-text wpcf7-validates-as-email\" aria-required=\"true\" aria-invalid=\"false\" value=\"\" type=\"email\" name=\"your-email\" \/><\/span><\/div>\n<div style=\"padding: 5px 0;\">\n    Kako vam lahko pomagamo?  \n    <span class=\"wpcf7-form-control-wrap\" data-name=\"your-message\"><textarea cols=\"40\" rows=\"3\" maxlength=\"2000\" class=\"wpcf7-form-control wpcf7-textarea\" aria-invalid=\"false\" placeholder=\"Pri naro\u010dilu ponudbe za prevod ne pozabite navesti jezikovne kombinacije in predvidenega datuma zaklju\u010dka naro\u010dila.\" name=\"your-message\"><\/textarea><\/span>\n<\/div>\n<label><span class=\"wpcf7-form-control-wrap\" data-name=\"upload-file-786\"><input size=\"40\" class=\"wpcf7-form-control wpcf7-drag-n-drop-file d-none\" aria-invalid=\"false\" type=\"file\" multiple=\"multiple\" data-name=\"upload-file-786\" data-type=\"pdf|txt|jpg|jpeg|png|gif|doc|docx|ppt|pptx|odt|avi|ogg|m4a|mov|mp3|mp4|mpg|wav|wmv|xlsx|zip|rar|7z\" data-id=\"25110\" data-version=\"free version 1.3.9.5\" accept=\".pdf, .txt, .jpg, .jpeg, .png, .gif, .doc, .docx, .ppt, .pptx, .odt, .avi, .ogg, .m4a, .mov, .mp3, .mp4, .mpg, .wav, .wmv, .xlsx, .zip, .rar, .7z\" \/><\/span><\/label>\n<p style=\"font-size: small; line-height: 140%; margin-bottom: 15px;\">\n    Najve\u010dja velikost nalo\u017eene datoteke ne sme presegati 20 MB.\n<\/p>\n<p style=\"color: black; font-size: 12px; margin-bottom: 15px;\"><div class=\"wpcf7-response-output\" aria-hidden=\"true\"><\/div>\n<\/form>\n<\/div>\n[\/vc_column][\/vc_row]<\/p>\n<\/div>","protected":false},"excerpt":{"rendered":"<p>[vc_row][vc_column width=&#8221;2\/3&#8243;][vc_column_text width=&#8221;1\/1&#8243; el_position=&#8221;first last&#8221;] Potrebujete prevajalske storitve? V AdriatIQi vam zagotavljamo kakovostne prevajalske storitve: Prevajanje Zagotavljamo prevajalske storitve v&#8230;<\/p>\n","protected":false},"author":2,"featured_media":0,"parent":366,"menu_order":0,"comment_status":"closed","ping_status":"closed","template":"","meta":{"footnotes":""},"class_list":["post-3139","page","type-page","status-publish"],"yoast_head":"<!-- This site is optimized with the Yoast SEO plugin v27.5 - https:\/\/yoast.com\/product\/yoast-seo-wordpress\/ -->\n<title>Prevajalske storitve | AdriatIQa Prevodi, prevajalska agencija<\/title>\n<meta name=\"description\" content=\"V AdriatIQi vam zagotavljamo kakovostne prevajalske storitve. Pri prevajalskih storitvah vedno spo\u0161tujemo naro\u010dnikove \u017eelje in zahteve.\" \/>\n<meta name=\"robots\" content=\"index, follow, max-snippet:-1, max-image-preview:large, max-video-preview:-1\" \/>\n<link rel=\"canonical\" href=\"https:\/\/www.adriatiqa.com\/sl\/prevajanje\/prevajalske-storitve\/\" \/>\n<meta name=\"twitter:label1\" content=\"Est. reading time\" \/>\n\t<meta name=\"twitter:data1\" content=\"3 minutes\" \/>\n<script type=\"application\/ld+json\" class=\"yoast-schema-graph\">{\"@context\":\"https:\\\/\\\/schema.org\",\"@graph\":[{\"@type\":\"WebPage\",\"@id\":\"https:\\\/\\\/www.adriatiqa.com\\\/sl\\\/prevajanje\\\/prevajalske-storitve\\\/\",\"url\":\"https:\\\/\\\/www.adriatiqa.com\\\/sl\\\/prevajanje\\\/prevajalske-storitve\\\/\",\"name\":\"Prevajalske storitve | AdriatIQa Prevodi, prevajalska agencija\",\"isPartOf\":{\"@id\":\"https:\\\/\\\/www.adriatiqa.com\\\/sl\\\/#website\"},\"primaryImageOfPage\":{\"@id\":\"https:\\\/\\\/www.adriatiqa.com\\\/sl\\\/prevajanje\\\/prevajalske-storitve\\\/#primaryimage\"},\"image\":{\"@id\":\"https:\\\/\\\/www.adriatiqa.com\\\/sl\\\/prevajanje\\\/prevajalske-storitve\\\/#primaryimage\"},\"thumbnailUrl\":\"https:\\\/\\\/www.adriatiqa.com\\\/wp-content\\\/uploads\\\/2014\\\/06\\\/prevajalske-storitve-400x250.jpg\",\"datePublished\":\"2014-06-04T12:02:45+00:00\",\"dateModified\":\"2022-10-03T09:26:57+00:00\",\"description\":\"V AdriatIQi vam zagotavljamo kakovostne prevajalske storitve. Pri prevajalskih storitvah vedno spo\u0161tujemo naro\u010dnikove \u017eelje in zahteve.\",\"breadcrumb\":{\"@id\":\"https:\\\/\\\/www.adriatiqa.com\\\/sl\\\/prevajanje\\\/prevajalske-storitve\\\/#breadcrumb\"},\"inLanguage\":\"sl\",\"potentialAction\":[{\"@type\":\"ReadAction\",\"target\":[\"https:\\\/\\\/www.adriatiqa.com\\\/sl\\\/prevajanje\\\/prevajalske-storitve\\\/\"]}]},{\"@type\":\"ImageObject\",\"inLanguage\":\"sl\",\"@id\":\"https:\\\/\\\/www.adriatiqa.com\\\/sl\\\/prevajanje\\\/prevajalske-storitve\\\/#primaryimage\",\"url\":\"https:\\\/\\\/www.adriatiqa.com\\\/wp-content\\\/uploads\\\/2014\\\/06\\\/prevajalske-storitve-400x250.jpg\",\"contentUrl\":\"https:\\\/\\\/www.adriatiqa.com\\\/wp-content\\\/uploads\\\/2014\\\/06\\\/prevajalske-storitve-400x250.jpg\"},{\"@type\":\"BreadcrumbList\",\"@id\":\"https:\\\/\\\/www.adriatiqa.com\\\/sl\\\/prevajanje\\\/prevajalske-storitve\\\/#breadcrumb\",\"itemListElement\":[{\"@type\":\"ListItem\",\"position\":1,\"name\":\"Home\",\"item\":\"https:\\\/\\\/www.adriatiqa.com\\\/sl\\\/\"},{\"@type\":\"ListItem\",\"position\":2,\"name\":\"Prevajanje\",\"item\":\"https:\\\/\\\/www.adriatiqa.com\\\/sl\\\/prevajanje\\\/\"},{\"@type\":\"ListItem\",\"position\":3,\"name\":\"Prevajalske storitve\"}]},{\"@type\":\"WebSite\",\"@id\":\"https:\\\/\\\/www.adriatiqa.com\\\/sl\\\/#website\",\"url\":\"https:\\\/\\\/www.adriatiqa.com\\\/sl\\\/\",\"name\":\"AdriatIQa Prevodi, prevajalska agencija\",\"description\":\"Prevajanje, prevod v angle\u0161\u010dino, nem\u0161\u010dino\",\"publisher\":{\"@id\":\"https:\\\/\\\/www.adriatiqa.com\\\/sl\\\/#organization\"},\"potentialAction\":[{\"@type\":\"SearchAction\",\"target\":{\"@type\":\"EntryPoint\",\"urlTemplate\":\"https:\\\/\\\/www.adriatiqa.com\\\/sl\\\/?s={search_term_string}\"},\"query-input\":{\"@type\":\"PropertyValueSpecification\",\"valueRequired\":true,\"valueName\":\"search_term_string\"}}],\"inLanguage\":\"sl\"},{\"@type\":\"Organization\",\"@id\":\"https:\\\/\\\/www.adriatiqa.com\\\/sl\\\/#organization\",\"name\":\"ATE Globalis d.o.o.\",\"url\":\"https:\\\/\\\/www.adriatiqa.com\\\/sl\\\/\",\"logo\":{\"@type\":\"ImageObject\",\"inLanguage\":\"sl\",\"@id\":\"https:\\\/\\\/www.adriatiqa.com\\\/sl\\\/#\\\/schema\\\/logo\\\/image\\\/\",\"url\":\"https:\\\/\\\/www.adriatiqa.com\\\/wp-content\\\/uploads\\\/2012\\\/11\\\/adriatiqa-logo.png\",\"contentUrl\":\"https:\\\/\\\/www.adriatiqa.com\\\/wp-content\\\/uploads\\\/2012\\\/11\\\/adriatiqa-logo.png\",\"width\":297,\"height\":57,\"caption\":\"ATE Globalis d.o.o.\"},\"image\":{\"@id\":\"https:\\\/\\\/www.adriatiqa.com\\\/sl\\\/#\\\/schema\\\/logo\\\/image\\\/\"},\"sameAs\":[\"https:\\\/\\\/www.facebook.com\\\/AdriatIQa\",\"https:\\\/\\\/www.linkedin.com\\\/company\\\/adriatiqa-translations\"]}]}<\/script>\n<!-- \/ Yoast SEO plugin. -->","yoast_head_json":{"title":"Prevajalske storitve | AdriatIQa Prevodi, prevajalska agencija","description":"V AdriatIQi vam zagotavljamo kakovostne prevajalske storitve. Pri prevajalskih storitvah vedno spo\u0161tujemo naro\u010dnikove \u017eelje in zahteve.","robots":{"index":"index","follow":"follow","max-snippet":"max-snippet:-1","max-image-preview":"max-image-preview:large","max-video-preview":"max-video-preview:-1"},"canonical":"https:\/\/www.adriatiqa.com\/sl\/prevajanje\/prevajalske-storitve\/","twitter_misc":{"Est. reading time":"3 minutes"},"schema":{"@context":"https:\/\/schema.org","@graph":[{"@type":"WebPage","@id":"https:\/\/www.adriatiqa.com\/sl\/prevajanje\/prevajalske-storitve\/","url":"https:\/\/www.adriatiqa.com\/sl\/prevajanje\/prevajalske-storitve\/","name":"Prevajalske storitve | AdriatIQa Prevodi, prevajalska agencija","isPartOf":{"@id":"https:\/\/www.adriatiqa.com\/sl\/#website"},"primaryImageOfPage":{"@id":"https:\/\/www.adriatiqa.com\/sl\/prevajanje\/prevajalske-storitve\/#primaryimage"},"image":{"@id":"https:\/\/www.adriatiqa.com\/sl\/prevajanje\/prevajalske-storitve\/#primaryimage"},"thumbnailUrl":"https:\/\/www.adriatiqa.com\/wp-content\/uploads\/2014\/06\/prevajalske-storitve-400x250.jpg","datePublished":"2014-06-04T12:02:45+00:00","dateModified":"2022-10-03T09:26:57+00:00","description":"V AdriatIQi vam zagotavljamo kakovostne prevajalske storitve. Pri prevajalskih storitvah vedno spo\u0161tujemo naro\u010dnikove \u017eelje in zahteve.","breadcrumb":{"@id":"https:\/\/www.adriatiqa.com\/sl\/prevajanje\/prevajalske-storitve\/#breadcrumb"},"inLanguage":"sl","potentialAction":[{"@type":"ReadAction","target":["https:\/\/www.adriatiqa.com\/sl\/prevajanje\/prevajalske-storitve\/"]}]},{"@type":"ImageObject","inLanguage":"sl","@id":"https:\/\/www.adriatiqa.com\/sl\/prevajanje\/prevajalske-storitve\/#primaryimage","url":"https:\/\/www.adriatiqa.com\/wp-content\/uploads\/2014\/06\/prevajalske-storitve-400x250.jpg","contentUrl":"https:\/\/www.adriatiqa.com\/wp-content\/uploads\/2014\/06\/prevajalske-storitve-400x250.jpg"},{"@type":"BreadcrumbList","@id":"https:\/\/www.adriatiqa.com\/sl\/prevajanje\/prevajalske-storitve\/#breadcrumb","itemListElement":[{"@type":"ListItem","position":1,"name":"Home","item":"https:\/\/www.adriatiqa.com\/sl\/"},{"@type":"ListItem","position":2,"name":"Prevajanje","item":"https:\/\/www.adriatiqa.com\/sl\/prevajanje\/"},{"@type":"ListItem","position":3,"name":"Prevajalske storitve"}]},{"@type":"WebSite","@id":"https:\/\/www.adriatiqa.com\/sl\/#website","url":"https:\/\/www.adriatiqa.com\/sl\/","name":"AdriatIQa Prevodi, prevajalska agencija","description":"Prevajanje, prevod v angle\u0161\u010dino, nem\u0161\u010dino","publisher":{"@id":"https:\/\/www.adriatiqa.com\/sl\/#organization"},"potentialAction":[{"@type":"SearchAction","target":{"@type":"EntryPoint","urlTemplate":"https:\/\/www.adriatiqa.com\/sl\/?s={search_term_string}"},"query-input":{"@type":"PropertyValueSpecification","valueRequired":true,"valueName":"search_term_string"}}],"inLanguage":"sl"},{"@type":"Organization","@id":"https:\/\/www.adriatiqa.com\/sl\/#organization","name":"ATE Globalis d.o.o.","url":"https:\/\/www.adriatiqa.com\/sl\/","logo":{"@type":"ImageObject","inLanguage":"sl","@id":"https:\/\/www.adriatiqa.com\/sl\/#\/schema\/logo\/image\/","url":"https:\/\/www.adriatiqa.com\/wp-content\/uploads\/2012\/11\/adriatiqa-logo.png","contentUrl":"https:\/\/www.adriatiqa.com\/wp-content\/uploads\/2012\/11\/adriatiqa-logo.png","width":297,"height":57,"caption":"ATE Globalis d.o.o."},"image":{"@id":"https:\/\/www.adriatiqa.com\/sl\/#\/schema\/logo\/image\/"},"sameAs":["https:\/\/www.facebook.com\/AdriatIQa","https:\/\/www.linkedin.com\/company\/adriatiqa-translations"]}]}},"_links":{"self":[{"href":"https:\/\/www.adriatiqa.com\/sl\/wp-json\/wp\/v2\/pages\/3139","targetHints":{"allow":["GET"]}}],"collection":[{"href":"https:\/\/www.adriatiqa.com\/sl\/wp-json\/wp\/v2\/pages"}],"about":[{"href":"https:\/\/www.adriatiqa.com\/sl\/wp-json\/wp\/v2\/types\/page"}],"author":[{"embeddable":true,"href":"https:\/\/www.adriatiqa.com\/sl\/wp-json\/wp\/v2\/users\/2"}],"replies":[{"embeddable":true,"href":"https:\/\/www.adriatiqa.com\/sl\/wp-json\/wp\/v2\/comments?post=3139"}],"version-history":[{"count":12,"href":"https:\/\/www.adriatiqa.com\/sl\/wp-json\/wp\/v2\/pages\/3139\/revisions"}],"predecessor-version":[{"id":30705,"href":"https:\/\/www.adriatiqa.com\/sl\/wp-json\/wp\/v2\/pages\/3139\/revisions\/30705"}],"up":[{"embeddable":true,"href":"https:\/\/www.adriatiqa.com\/sl\/wp-json\/wp\/v2\/pages\/366"}],"wp:attachment":[{"href":"https:\/\/www.adriatiqa.com\/sl\/wp-json\/wp\/v2\/media?parent=3139"}],"curies":[{"name":"wp","href":"https:\/\/api.w.org\/{rel}","templated":true}]}}