{"id":31735,"date":"2023-10-27T11:55:43","date_gmt":"2023-10-27T09:55:43","guid":{"rendered":"https:\/\/www.adriatiqa.com\/?page_id=31735"},"modified":"2023-10-27T11:55:43","modified_gmt":"2023-10-27T09:55:43","slug":"kaj-so-piskotki","status":"publish","type":"page","link":"https:\/\/www.adriatiqa.com\/sl\/kaj-so-piskotki\/","title":{"rendered":"Kaj so pi\u0161kotki?"},"content":{"rendered":"<p>To so majhne podatkovne datoteke, ki so bistvene za dolo\u010dene funkcije spletnih mest, kot je prijava. Pi\u0161kotki omogo\u010dajo, da si spletna mesta zapomnijo razli\u010dne nastavitve, kot so jezik, pisava in druge mo\u017enosti, ki ste jih sami izbrali za prikazovanje spletnih strani. Zato pi\u0161kotke shranjujemo v va\u0161em ra\u010dunalniku. Enako po\u010dne ve\u010dina velikih spletnih mest in ponudnikov storitev.<\/p>\n<p><strong>ZA KAJ UPORABLJAMO PI\u0160KOTKE NA TEM SPLETNEM MESTU?<\/strong><\/p>\n<p>Glede na njihovo trajanje lahko pi\u0161kotke razdelimo na dve osnovni vrsti:<\/p>\n<ul>\n<li>Kratkoro\u010dni (sejni pi\u0161kotki) ostanejo v va\u0161em ra\u010dunalniku, dokler ne zaprete spletnega brskalnika, nato pa se izbri\u0161ejo.<\/li>\n<li>Dolgoro\u010dni (trajni pi\u0161kotki) ostanejo shranjeni v va\u0161em brskalniku dlje \u010dasa (odvisno od brskalnika in nastavitev pi\u0161kotkov) oz. dokler jih ro\u010dno ne izbri\u0161ete.<\/li>\n<\/ul>\n<p><strong>Na na\u0161em spletnem mestu uporabljamo naslednje vrste pi\u0161kotkov:<\/strong><\/p>\n<ul>\n<li>Tehni\u010dni (kratkoro\u010dni) pi\u0161kotki so nujni za zagotavljanje osnovnega delovanja spletnih mest, kot so dodajanje izdelkov v ko\u0161arico, obdelava nakupa in prikaz razli\u010dice spletnega mesta, ki zahteva ali ne zahteva JavaScript.<\/li>\n<li>YouTube (kratkoro\u010dni in dolgoro\u010dni) pi\u0161kotki se uporabljajo v predvajalniku videoposnetkov YouTube. Pi\u0161kotki se shranijo v va\u0161 ra\u010dunalnik v trenutku, ko za\u017eenete predvajalnik.<\/li>\n<li>Google Analytics (dolgoro\u010dni) pi\u0161kotki nam omogo\u010dajo bolj\u0161e prilagajanje spletnih mest, uporabljamo pa jih za merjenje anonimnih podatkov o vedenju uporabnikov orodja Google Analytics.<\/li>\n<li>Pi\u0161kotki AdWords (dolgoro\u010dni) se ustvarjajo v ogla\u0161evalskem sistemu. Ti pi\u0161kotki omogo\u010dajo ocenjevanje u\u010dinkovitosti prodajnih poti.<\/li>\n<li>Sklik (dolgoro\u010dni) pi\u0161kotki so ustvarjeni s strani ogla\u0161evalskega sistema. Ti pi\u0161kotki omogo\u010dajo ocenjevanje u\u010dinkovitosti prodajnih poti.<\/li>\n<li>Facebook (kratkoro\u010dni in dolgoro\u010dni) pi\u0161kotki, ki jih uporablja aplikacija Facebook in so shranjeni na spletnih straneh Facebook.<\/li>\n<\/ul>\n<p><strong>Pi\u0161kotkov nikoli ne uporabljamo za osebno identifikacijo in vanje nikoli ne vna\u0161amo ob\u010dutljivih ali osebnih podatkov.<\/strong><\/p>\n<p><strong>KAKO LAHKO SPREMENITE UPORABO PI\u0160KOTKOV?<\/strong><\/p>\n<p>Izbri\u0161ete lahko vse pi\u0161kotke, ki so \u017ee shranjeni v va\u0161em ra\u010dunalniku. Ve\u010dina brskalnikov ponuja tudi mo\u017enost blokiranja name\u0161\u010danja pi\u0161kotkov v ra\u010dunalnik, vendar v tem primeru ne boste mogli uporabljati vseh na\u0161ih spletnih storitev. Podrobnej\u0161e informacije o nastavitvah pi\u0161kotkov v brskalniku najdete na spletni strani ponudnika spletnega brskalnika.<\/p>\n<p>Podrobnosti najdete na spletnem mestu <a href=\"https:\/\/www.aboutcookies.org\/\">AboutCookies.org<\/a>.<\/p>\n<p><strong>UPORABA ORODJA GOOGLE ANALYTICS<\/strong><\/p>\n<p>To spletno mesto uporablja storitev Google Analytics, ki jo zagotavlja dru\u017eba Google, Inc (v nadaljevanju &#8220;Google&#8221;). Storitev Google Analytics uporablja pi\u0161kotke. Informacije o uporabi spletnega mesta skupaj z vsebino vsakega pi\u0161kotka Google prenese in shrani na stre\u017enikih v Zdru\u017eenih dr\u017eavah Amerike. Te informacije bo Google uporabil za ocenjevanje uporabe spletnega mesta in izdelavo poro\u010dil o njegovi dejavnosti, namenjenih upravljavcu, ter za zagotavljanje dodatnih storitev, povezanih z dejavnostmi na spletnem mestu in uporabo interneta na splo\u0161no. Google lahko te podatke posreduje tudi tretjim osebam, \u010de to zahteva zakon oz. \u010de te tretje osebe obdelujejo podatke za Google.<\/p>\n<p>Da bi za\u0161\u010ditili va\u0161o zasebnost, smo storitev Google Analytics spremenili tako, da ne bele\u017ei va\u0161ega naslova IP.<\/p>\n<p>Storitev Google Analytics je bila raz\u0161irjena tako, da vklju\u010duje povezane ogla\u0161evalske funkcije, ki jih zagotavlja Google, zlasti:<\/p>\n<ul>\n<li>pregled prikazov v Googlovem ogla\u0161evalskem omre\u017eju,<\/li>\n<li>ponovno tr\u017eenje (prikazovanje oglasov v vsebinskem omre\u017eju na podlagi iskanih izdelkov),<\/li>\n<li>raz\u0161irjeni demografski pregledi (poro\u010danje o anonimnih demografskih podatkih).<\/li>\n<\/ul>\n<p>Ve\u010d informacij o obdelavi in uporabi podatkov je na voljo v <a href=\"https:\/\/www.google.com\/intl\/en\/policies\/privacy\/partners\/\">Googlovih pogodbenih pogojih<\/a>.<\/p>\n<p><strong>Kako prepovedati sledenje s storitvijo Google Analytics<\/strong><\/p>\n<p>\u010ce \u017eelite prepre\u010diti po\u0161iljanje anonimnih statisti\u010dnih podatkov prek storitve Google Analytics, lahko uporabite <a href=\"https:\/\/tools.google.com\/dlpage\/gaoptout\">vti\u010dnik<\/a>, ki ga v ta namen zagotavlja Google. Ta vti\u010dnik bo treba prenesti in namestiti v brskalnik.<\/p>\n","protected":false},"excerpt":{"rendered":"<p>To so majhne podatkovne datoteke, ki so bistvene za dolo\u010dene funkcije spletnih mest, kot je prijava. Pi\u0161kotki omogo\u010dajo, da si&#8230;<\/p>\n","protected":false},"author":4,"featured_media":0,"parent":0,"menu_order":0,"comment_status":"closed","ping_status":"closed","template":"","meta":{"footnotes":""},"class_list":["post-31735","page","type-page","status-publish"],"yoast_head":"<!-- This site is optimized with the Yoast SEO plugin v27.4 - https:\/\/yoast.com\/product\/yoast-seo-wordpress\/ -->\n<title>Kaj so pi\u0161kotki? | AdriatIQa Prevodi, prevajalska agencija<\/title>\n<meta name=\"description\" content=\"Pi\u0161kotki so majhne podatkovne datoteke, ki so bistvene za dolo\u010dene funkcije spletnih mest. Omogo\u010dajo, da si spletna mesta zapomnijo izbrane nastavitve.\" \/>\n<meta name=\"robots\" content=\"index, follow, max-snippet:-1, max-image-preview:large, max-video-preview:-1\" \/>\n<link rel=\"canonical\" href=\"https:\/\/www.adriatiqa.com\/sl\/kaj-so-piskotki\/\" \/>\n<meta name=\"twitter:label1\" content=\"Est. reading time\" \/>\n\t<meta name=\"twitter:data1\" content=\"3 minutes\" \/>\n<script type=\"application\/ld+json\" class=\"yoast-schema-graph\">{\"@context\":\"https:\\\/\\\/schema.org\",\"@graph\":[{\"@type\":\"WebPage\",\"@id\":\"https:\\\/\\\/www.adriatiqa.com\\\/sl\\\/kaj-so-piskotki\\\/\",\"url\":\"https:\\\/\\\/www.adriatiqa.com\\\/sl\\\/kaj-so-piskotki\\\/\",\"name\":\"Kaj so pi\u0161kotki? | AdriatIQa Prevodi, prevajalska agencija\",\"isPartOf\":{\"@id\":\"https:\\\/\\\/www.adriatiqa.com\\\/sl\\\/#website\"},\"datePublished\":\"2023-10-27T09:55:43+00:00\",\"description\":\"Pi\u0161kotki so majhne podatkovne datoteke, ki so bistvene za dolo\u010dene funkcije spletnih mest. Omogo\u010dajo, da si spletna mesta zapomnijo izbrane nastavitve.\",\"breadcrumb\":{\"@id\":\"https:\\\/\\\/www.adriatiqa.com\\\/sl\\\/kaj-so-piskotki\\\/#breadcrumb\"},\"inLanguage\":\"sl\",\"potentialAction\":[{\"@type\":\"ReadAction\",\"target\":[\"https:\\\/\\\/www.adriatiqa.com\\\/sl\\\/kaj-so-piskotki\\\/\"]}]},{\"@type\":\"BreadcrumbList\",\"@id\":\"https:\\\/\\\/www.adriatiqa.com\\\/sl\\\/kaj-so-piskotki\\\/#breadcrumb\",\"itemListElement\":[{\"@type\":\"ListItem\",\"position\":1,\"name\":\"Home\",\"item\":\"https:\\\/\\\/www.adriatiqa.com\\\/sl\\\/\"},{\"@type\":\"ListItem\",\"position\":2,\"name\":\"Kaj so pi\u0161kotki?\"}]},{\"@type\":\"WebSite\",\"@id\":\"https:\\\/\\\/www.adriatiqa.com\\\/sl\\\/#website\",\"url\":\"https:\\\/\\\/www.adriatiqa.com\\\/sl\\\/\",\"name\":\"AdriatIQa Prevodi, prevajalska agencija\",\"description\":\"Prevajanje, prevod v angle\u0161\u010dino, nem\u0161\u010dino\",\"publisher\":{\"@id\":\"https:\\\/\\\/www.adriatiqa.com\\\/sl\\\/#organization\"},\"potentialAction\":[{\"@type\":\"SearchAction\",\"target\":{\"@type\":\"EntryPoint\",\"urlTemplate\":\"https:\\\/\\\/www.adriatiqa.com\\\/sl\\\/?s={search_term_string}\"},\"query-input\":{\"@type\":\"PropertyValueSpecification\",\"valueRequired\":true,\"valueName\":\"search_term_string\"}}],\"inLanguage\":\"sl\"},{\"@type\":\"Organization\",\"@id\":\"https:\\\/\\\/www.adriatiqa.com\\\/sl\\\/#organization\",\"name\":\"ATE Globalis d.o.o.\",\"url\":\"https:\\\/\\\/www.adriatiqa.com\\\/sl\\\/\",\"logo\":{\"@type\":\"ImageObject\",\"inLanguage\":\"sl\",\"@id\":\"https:\\\/\\\/www.adriatiqa.com\\\/sl\\\/#\\\/schema\\\/logo\\\/image\\\/\",\"url\":\"https:\\\/\\\/www.adriatiqa.com\\\/wp-content\\\/uploads\\\/2012\\\/11\\\/adriatiqa-logo.png\",\"contentUrl\":\"https:\\\/\\\/www.adriatiqa.com\\\/wp-content\\\/uploads\\\/2012\\\/11\\\/adriatiqa-logo.png\",\"width\":297,\"height\":57,\"caption\":\"ATE Globalis d.o.o.\"},\"image\":{\"@id\":\"https:\\\/\\\/www.adriatiqa.com\\\/sl\\\/#\\\/schema\\\/logo\\\/image\\\/\"},\"sameAs\":[\"https:\\\/\\\/www.facebook.com\\\/AdriatIQa\",\"https:\\\/\\\/www.linkedin.com\\\/company\\\/adriatiqa-translations\"]}]}<\/script>\n<!-- \/ Yoast SEO plugin. -->","yoast_head_json":{"title":"Kaj so pi\u0161kotki? | AdriatIQa Prevodi, prevajalska agencija","description":"Pi\u0161kotki so majhne podatkovne datoteke, ki so bistvene za dolo\u010dene funkcije spletnih mest. Omogo\u010dajo, da si spletna mesta zapomnijo izbrane nastavitve.","robots":{"index":"index","follow":"follow","max-snippet":"max-snippet:-1","max-image-preview":"max-image-preview:large","max-video-preview":"max-video-preview:-1"},"canonical":"https:\/\/www.adriatiqa.com\/sl\/kaj-so-piskotki\/","twitter_misc":{"Est. reading time":"3 minutes"},"schema":{"@context":"https:\/\/schema.org","@graph":[{"@type":"WebPage","@id":"https:\/\/www.adriatiqa.com\/sl\/kaj-so-piskotki\/","url":"https:\/\/www.adriatiqa.com\/sl\/kaj-so-piskotki\/","name":"Kaj so pi\u0161kotki? | AdriatIQa Prevodi, prevajalska agencija","isPartOf":{"@id":"https:\/\/www.adriatiqa.com\/sl\/#website"},"datePublished":"2023-10-27T09:55:43+00:00","description":"Pi\u0161kotki so majhne podatkovne datoteke, ki so bistvene za dolo\u010dene funkcije spletnih mest. Omogo\u010dajo, da si spletna mesta zapomnijo izbrane nastavitve.","breadcrumb":{"@id":"https:\/\/www.adriatiqa.com\/sl\/kaj-so-piskotki\/#breadcrumb"},"inLanguage":"sl","potentialAction":[{"@type":"ReadAction","target":["https:\/\/www.adriatiqa.com\/sl\/kaj-so-piskotki\/"]}]},{"@type":"BreadcrumbList","@id":"https:\/\/www.adriatiqa.com\/sl\/kaj-so-piskotki\/#breadcrumb","itemListElement":[{"@type":"ListItem","position":1,"name":"Home","item":"https:\/\/www.adriatiqa.com\/sl\/"},{"@type":"ListItem","position":2,"name":"Kaj so pi\u0161kotki?"}]},{"@type":"WebSite","@id":"https:\/\/www.adriatiqa.com\/sl\/#website","url":"https:\/\/www.adriatiqa.com\/sl\/","name":"AdriatIQa Prevodi, prevajalska agencija","description":"Prevajanje, prevod v angle\u0161\u010dino, nem\u0161\u010dino","publisher":{"@id":"https:\/\/www.adriatiqa.com\/sl\/#organization"},"potentialAction":[{"@type":"SearchAction","target":{"@type":"EntryPoint","urlTemplate":"https:\/\/www.adriatiqa.com\/sl\/?s={search_term_string}"},"query-input":{"@type":"PropertyValueSpecification","valueRequired":true,"valueName":"search_term_string"}}],"inLanguage":"sl"},{"@type":"Organization","@id":"https:\/\/www.adriatiqa.com\/sl\/#organization","name":"ATE Globalis d.o.o.","url":"https:\/\/www.adriatiqa.com\/sl\/","logo":{"@type":"ImageObject","inLanguage":"sl","@id":"https:\/\/www.adriatiqa.com\/sl\/#\/schema\/logo\/image\/","url":"https:\/\/www.adriatiqa.com\/wp-content\/uploads\/2012\/11\/adriatiqa-logo.png","contentUrl":"https:\/\/www.adriatiqa.com\/wp-content\/uploads\/2012\/11\/adriatiqa-logo.png","width":297,"height":57,"caption":"ATE Globalis d.o.o."},"image":{"@id":"https:\/\/www.adriatiqa.com\/sl\/#\/schema\/logo\/image\/"},"sameAs":["https:\/\/www.facebook.com\/AdriatIQa","https:\/\/www.linkedin.com\/company\/adriatiqa-translations"]}]}},"_links":{"self":[{"href":"https:\/\/www.adriatiqa.com\/sl\/wp-json\/wp\/v2\/pages\/31735","targetHints":{"allow":["GET"]}}],"collection":[{"href":"https:\/\/www.adriatiqa.com\/sl\/wp-json\/wp\/v2\/pages"}],"about":[{"href":"https:\/\/www.adriatiqa.com\/sl\/wp-json\/wp\/v2\/types\/page"}],"author":[{"embeddable":true,"href":"https:\/\/www.adriatiqa.com\/sl\/wp-json\/wp\/v2\/users\/4"}],"replies":[{"embeddable":true,"href":"https:\/\/www.adriatiqa.com\/sl\/wp-json\/wp\/v2\/comments?post=31735"}],"version-history":[{"count":2,"href":"https:\/\/www.adriatiqa.com\/sl\/wp-json\/wp\/v2\/pages\/31735\/revisions"}],"predecessor-version":[{"id":31737,"href":"https:\/\/www.adriatiqa.com\/sl\/wp-json\/wp\/v2\/pages\/31735\/revisions\/31737"}],"wp:attachment":[{"href":"https:\/\/www.adriatiqa.com\/sl\/wp-json\/wp\/v2\/media?parent=31735"}],"curies":[{"name":"wp","href":"https:\/\/api.w.org\/{rel}","templated":true}]}}