{"id":32077,"date":"2024-01-03T11:37:02","date_gmt":"2024-01-03T10:37:02","guid":{"rendered":"https:\/\/www.adriatiqa.com\/?page_id=32077"},"modified":"2024-01-03T11:37:02","modified_gmt":"2024-01-03T10:37:02","slug":"kako-prevesti-spletno-mesto-joomla-z-adriatiqo","status":"publish","type":"page","link":"https:\/\/www.adriatiqa.com\/sl\/storitve\/lokalizacija\/kako-prevesti-spletno-mesto-joomla-z-adriatiqo\/","title":{"rendered":"Kako prevesti spletno mesto Joomla z AdriatIQo?"},"content":{"rendered":"<div class=\"wpb-content-wrapper\"><p>[vc_row css=&#8221;.vc_custom_1659448394189{margin-top: -40px !important;}&#8221;][vc_column][vc_row_inner][vc_column_inner width=&#8221;2\/3&#8243; css=&#8221;.vc_custom_1542116862280{padding-top: 0px !important;}&#8221;]<div class=\"clearboth\"><\/div><style>#thegem-divider-69fade429ff40 {margin-top: 8px !important;}<\/style><div id=\"thegem-divider-69fade429ff40\" class=\"gem-divider  \" style=\"\" ><\/div>[vc_column_text css_animation=&#8221;bottom-to-top&#8221; css=&#8221;.vc_custom_1704276295113{margin-bottom: 0px !important;padding-top: 13px !important;padding-bottom: 23px !important;}&#8221;]<\/p>\n<div class=\"styled-subtitle\">\n<h2><strong>LOKALIZACIJA SPLETNEGA MESTA JOOMLA<\/strong><\/h2>\n<\/div>\n<p>[\/vc_column_text][vc_column_text]Joomla je z aktivno skupnostjo skoraj 700.000 uporabnikov eden najbolj\u0161ih brezpla\u010dnih sistemov za upravljanje vsebin in se uporablja v ve\u010d kot 9 % najpogosteje uporabljenih poslovnih spletnih mest.<\/p>\n<p>V nasprotju z drugimi sistemi CMS, ki za vzpostavitev pretvornika jezikov zahtevajo namestitev dodatnih vti\u010dnikov, Joomla privzeto vklju\u010duje modul za preklapljanje jezikov. Za lokalizacijo sistema Joomla dodelimo vse informacije jezikom, ki jih \u017eelimo uporabiti, in na spletno stran dodamo novo komponento preklopnika jezikov.<\/p>\n<p>Verjamemo, da je Joomla CMS (sistem za upravljanje vsebin), ki omogo\u010da zelo dobro lokalizacijo. Ker je bila Joomla prevedena v \u0161tevilne jezike po vsem svetu, se bo del gradiva na spletni strani \u010dude\u017eno preklopil, \u010de ga dodelimo drugemu jeziku.<\/p>\n<p>[\/vc_column_text][\/vc_column_inner][vc_column_inner width=&#8221;1\/3&#8243;][vc_column_text css_animation=&#8221;none&#8221; css=&#8221;.vc_custom_1660055604409{margin-bottom: 0px !important;padding-top: 13px !important;padding-bottom: 23px !important;}&#8221;]<\/p>\n<div class=\"styled-subtitle\">\n<h6><strong>Pi\u0161ite nam ali pa nas obi\u0161\u010dite. Adriatiqa<\/strong><\/h6>\n<\/div>\n<p>[\/vc_column_text]\n<div class=\"wpcf7 no-js\" id=\"wpcf7-f25110-o1\" lang=\"en\" dir=\"ltr\" data-wpcf7-id=\"25110\">\n<div class=\"screen-reader-response\"><p role=\"status\" aria-live=\"polite\" aria-atomic=\"true\"><\/p> <ul><\/ul><\/div>\n<form action=\"\/sl\/wp-json\/wp\/v2\/pages\/32077#wpcf7-f25110-o1\" method=\"post\" class=\"wpcf7-form init\" aria-label=\"Contact form\" novalidate=\"novalidate\" data-status=\"init\">\n<fieldset class=\"hidden-fields-container\"><legend class=\"screen-reader-text\">Hidden fields<\/legend><input type=\"hidden\" name=\"_wpcf7\" value=\"25110\" \/><input type=\"hidden\" name=\"_wpcf7_version\" value=\"6.1.5\" \/><input type=\"hidden\" name=\"_wpcf7_locale\" value=\"en\" \/><input type=\"hidden\" name=\"_wpcf7_unit_tag\" value=\"wpcf7-f25110-o1\" \/><input type=\"hidden\" name=\"_wpcf7_container_post\" value=\"0\" \/><input type=\"hidden\" name=\"_wpcf7_posted_data_hash\" value=\"\" \/>\n<\/fieldset>\n<style>\n    .wpcf7-form div, \n    .wpcf7-form p, \n    .wpcf7-form label {\n        margin-bottom: 15px; \/* Pove\u010danje razmika med elementi *\/\n        display: block;\n    }\n\n    .wpcf7-textarea, \n    .wpcf7-text, \n    .wpcf7-email {\n        padding: 8px; \/* Dodajanje prostora za bolj\u0161o berljivost *\/\n        width: 100%; \/* Polna \u0161irina vseh vnosnih polj *\/\n        box-sizing: border-box; \/* Prepre\u010duje prelivanje *\/\n    }\n\n    .wpcf7-submit {\n        display: block;\n        text-align: left;\n        margin-top: 15px;\n    }\n<\/style>\n\n<div style=\"padding: 5px 0;\">Podjetje \/ Ime (*) <span class=\"wpcf7-form-control-wrap\" data-name=\"your-name\"><input size=\"40\" maxlength=\"400\" class=\"wpcf7-form-control wpcf7-text wpcf7-validates-as-required\" aria-required=\"true\" aria-invalid=\"false\" value=\"\" type=\"text\" name=\"your-name\" \/><\/span><\/div>\n\n<div style=\"padding: 5px 0;\">Telefonska \u0161tevilka <span class=\"wpcf7-form-control-wrap\" data-name=\"text-56\"><input size=\"40\" maxlength=\"400\" class=\"wpcf7-form-control wpcf7-text\" aria-invalid=\"false\" value=\"\" type=\"text\" name=\"text-56\" \/><\/span><\/div>\n\n<div style=\"padding: 5px 0;\">E-naslov (*) <span class=\"wpcf7-form-control-wrap\" data-name=\"your-email\"><input size=\"40\" maxlength=\"400\" class=\"wpcf7-form-control wpcf7-email wpcf7-validates-as-required wpcf7-text wpcf7-validates-as-email\" aria-required=\"true\" aria-invalid=\"false\" value=\"\" type=\"email\" name=\"your-email\" \/><\/span><\/div>\n\n<div style=\"padding: 5px 0;\">\n    Kako vam lahko pomagamo?  \n    <span class=\"wpcf7-form-control-wrap\" data-name=\"your-message\"><textarea cols=\"40\" rows=\"3\" maxlength=\"2000\" class=\"wpcf7-form-control wpcf7-textarea\" aria-invalid=\"false\" placeholder=\"Pri naro\u010dilu ponudbe za prevod ne pozabite navesti jezikovne kombinacije in predvidenega datuma zaklju\u010dka naro\u010dila.\" name=\"your-message\"><\/textarea><\/span>\n<\/div>\n\n<label><span class=\"wpcf7-form-control-wrap\" data-name=\"upload-file-786\"><input size=\"40\" class=\"wpcf7-form-control wpcf7-drag-n-drop-file d-none\" aria-invalid=\"false\" type=\"file\" multiple=\"multiple\" data-name=\"upload-file-786\" data-type=\"pdf|txt|jpg|jpeg|png|gif|pdf|doc|docx|ppt|pptx|odt|avi|ogg|m4a|mov|mp3|mp4|mpg|wav|wmv|xsx|zip|rar|7z\" data-max=\"20Mb\" data-id=\"25110\" data-version=\"free version 1.3.9.5\" accept=\".pdf, .txt, .jpg, .jpeg, .png, .gif, .pdf, .doc, .docx, .ppt, .pptx, .odt, .avi, .ogg, .m4a, .mov, .mp3, .mp4, .mpg, .wav, .wmv, .xsx, .zip, .rar, .7z\" \/><\/span><\/label>\n\n<p style=\"font-size: small; line-height: 140%; margin-bottom: 15px;\">\n    Najve\u010dja velikost nalo\u017eene datoteke ne sme presegati 20 MB.\n<\/p>\n\n<p style=\"color: black; font-size: 12px; margin-bottom: 15px;\">\n    Z oddajo obrazca se strinjate s  \n    <a href=\"https:\/\/www.adriatiqa.com\/sl\/gdpr\/\" target=\"_blank\" style=\"color: black; text-decoration: underline;\">politiko zasebnosti<\/a>.\n<\/p>\n\n<input class=\"wpcf7-form-control wpcf7-submit has-spinner\" type=\"submit\" value=\"Po\u0161lji\" \/>\n<span id=\"wpcf7-69fade42a0d6c-wrapper\" class=\"wpcf7-form-control-wrap honeypot-415-wrap\" style=\"display:none !important; visibility:hidden !important;\"><label for=\"wpcf7-69fade42a0d6c-field\" class=\"hp-message\">Please leave this field empty.<\/label><input id=\"wpcf7-69fade42a0d6c-field\"  class=\"wpcf7-form-control wpcf7-text\" type=\"text\" name=\"honeypot-415\" value=\"\" size=\"40\" tabindex=\"-1\" autocomplete=\"new-password\" \/><\/span><div class=\"wpcf7-response-output\" aria-hidden=\"true\"><\/div>\n<\/form>\n<\/div>\n[\/vc_column_inner][\/vc_row_inner][vc_row_inner][vc_column_inner width=&#8221;1\/2&#8243;][vc_single_image image=&#8221;31136&#8243; img_size=&#8221;large&#8221; alignment=&#8221;center&#8221;][\/vc_column_inner][vc_column_inner width=&#8221;1\/2&#8243;][vc_single_image image=&#8221;31150&#8243; img_size=&#8221;large&#8221; alignment=&#8221;center&#8221;][\/vc_column_inner][\/vc_row_inner][\/vc_column][\/vc_row][vc_row][vc_column][vc_column_text css_animation=&#8221;bottom-to-top&#8221; css=&#8221;.vc_custom_1704276432449{margin-bottom: 0px !important;padding-top: 13px !important;padding-bottom: 23px !important;}&#8221;]<\/p>\n<div class=\"styled-subtitle\">\n<h3><strong>KAKO PREVESTI VA\u0160E SPLETNO MESTO JOOMLA Z ADRIATIQO?<\/strong><\/h3>\n<\/div>\n<p>[\/vc_column_text][vc_column_text]S prevajalskimi storitvami in s storitvami prilagajanja spletnih mest, ki vam jih nudi podjetje AdriatIQa, lahko vzpostavite poslovne stike po vsem svetu in svoje izdelke ogla\u0161ujete na mednarodni ravni.<\/p>\n<p>AdriatIQa zagotavlja prevajanje spletnih mest v ve\u010d kot 100 jezikov v razli\u010dnih konfiguracijah, zaradi njihovega osebnega pristopa k vsaki stranki pa je vsaka ponudba posebna in prilagojena specifi\u010dnim zahtevam.<\/p>\n<p data-pm-slice=\"1 1 []\">AdriatIQa lahko upravlja in prevede tudi najzahtevnej\u0161e podporno gradivo. Zagotovi lahko prevod vseh gradiv na spletni strani \u2013 od strani in strani s kategorijami do gradiva za gradnike, podrobnosti o projektu in besedilnih referenc. Ko prevode svojega spletnega mesta Joomla zaupate podjetju AdriatIQa, lahko pri\u010dakujete brezhibno sodelovanje.<\/p>\n<p>[\/vc_column_text][\/vc_column][\/vc_row][vc_row][vc_column][vc_column_text]<\/p>\n<h3><strong>ZA\u010cNITE Z ADRIATIQO IN JOOMLO<\/strong><\/h3>\n<p>\u010ce \u017eelite prevajati z Joomlo in AdriatIQo, imate nekaj mo\u017enosti:<\/p>\n<p>1. Vti\u010dnik FaLang, ki ga lahko namestite iz uradnega imenika Joomle, omogo\u010da uvoz\/izvoz vsebine z va\u0161ega spletnega mesta in je brezpla\u010den.<\/p>\n<p><a href=\"https:\/\/www.adriatiqa.com\/wp-content\/uploads\/2024\/01\/yoomla-cms_1.jpg\"><img class=\"alignnone wp-image-32078 size-full\" src=\"https:\/\/www.adriatiqa.com\/wp-content\/uploads\/2024\/01\/yoomla-cms_1.jpg\" alt=\"prevajanje joomla\" width=\"404\" height=\"513\" srcset=\"https:\/\/www.adriatiqa.com\/wp-content\/uploads\/2024\/01\/yoomla-cms_1.jpg 404w, https:\/\/www.adriatiqa.com\/wp-content\/uploads\/2024\/01\/yoomla-cms_1-236x300.jpg 236w\" sizes=\"(max-width: 404px) 100vw, 404px\" \/><\/a><\/p>\n<p>2. ConveyThis \u2013 po nakupu naro\u010dnine se dodelijo na\u0161i prevajalci.<\/p>\n<p><strong><a href=\"https:\/\/www.adriatiqa.com\/wp-content\/uploads\/2024\/01\/yoomla-cms_2.png\"><img class=\"alignnone wp-image-32083 size-full\" src=\"https:\/\/www.adriatiqa.com\/wp-content\/uploads\/2024\/01\/yoomla-cms_2.png\" alt=\"lokalizacija joomla\" width=\"1024\" height=\"364\" srcset=\"https:\/\/www.adriatiqa.com\/wp-content\/uploads\/2024\/01\/yoomla-cms_2.png 1024w, https:\/\/www.adriatiqa.com\/wp-content\/uploads\/2024\/01\/yoomla-cms_2-300x107.png 300w, https:\/\/www.adriatiqa.com\/wp-content\/uploads\/2024\/01\/yoomla-cms_2-768x273.png 768w\" sizes=\"(max-width: 1024px) 100vw, 1024px\" \/><\/a><\/strong><\/p>\n<h3><strong>ZAKLJU\u010cEK<\/strong><\/h3>\n<p data-pm-slice=\"1 1 []\">To je na\u0161 celoten vodnik za prevajanje spletnih strani Joomla v katerikoli jezik, ki vam ne bi smel vzeti veliko \u010dasa, \u010de boste pozorno sledili korakom.\u00a0\u010ce imate ve\u010djezi\u010dno spletno mesto, ki sodeluje z obiskovalci z vsega sveta, je skrajni \u010das, da svoje spletno mesto prevedete z AdriatIQo in se tako izognete prihodnjim te\u017eavam.<\/p>\n<p>&nbsp;<\/p>\n<p><strong><a href=\"https:\/\/www.adriatiqa.com\/sl\/kontakt\/\">Stopite v stik z nami!<\/a><\/strong>[\/vc_column_text][\/vc_column][\/vc_row]<\/p>\n<\/div>","protected":false},"excerpt":{"rendered":"<p>[vc_row css=&#8221;.vc_custom_1659448394189{margin-top: -40px !important;}&#8221;][vc_column][vc_row_inner][vc_column_inner width=&#8221;2\/3&#8243; css=&#8221;.vc_custom_1542116862280{padding-top: 0px !important;}&#8221;][vc_column_text css_animation=&#8221;bottom-to-top&#8221; css=&#8221;.vc_custom_1704276295113{margin-bottom: 0px !important;padding-top: 13px !important;padding-bottom: 23px !important;}&#8221;] LOKALIZACIJA SPLETNEGA MESTA JOOMLA&#8230;<\/p>\n","protected":false},"author":2,"featured_media":0,"parent":388,"menu_order":0,"comment_status":"closed","ping_status":"closed","template":"","meta":{"footnotes":""},"class_list":["post-32077","page","type-page","status-publish"],"yoast_head":"<!-- This site is optimized with the Yoast SEO plugin v27.4 - https:\/\/yoast.com\/product\/yoast-seo-wordpress\/ -->\n<title>Kako prevesti spletno mesto Joomla z AdriatIQo? | AdriatIQa Prevodi, prevajalska agencija<\/title>\n<meta name=\"description\" content=\"Joomla je eden najbolj\u0161ih brezpla\u010dnih sistemov za upravljanje vsebin in se uporablja v ve\u010d kot 9 % najpogosteje uporabljenih poslovnih spletnih mest. Privzeto vklju\u010duje modul za preklapljanje jezikov in tako omogo\u010da zelo dobro lokalizacijo.\" \/>\n<meta name=\"robots\" content=\"index, follow, max-snippet:-1, max-image-preview:large, max-video-preview:-1\" \/>\n<link rel=\"canonical\" href=\"https:\/\/www.adriatiqa.com\/sl\/storitve\/lokalizacija\/kako-prevesti-spletno-mesto-joomla-z-adriatiqo\/\" \/>\n<meta name=\"twitter:label1\" content=\"Est. reading time\" \/>\n\t<meta name=\"twitter:data1\" content=\"3 minutes\" \/>\n<script type=\"application\/ld+json\" class=\"yoast-schema-graph\">{\"@context\":\"https:\\\/\\\/schema.org\",\"@graph\":[{\"@type\":\"WebPage\",\"@id\":\"https:\\\/\\\/www.adriatiqa.com\\\/sl\\\/storitve\\\/lokalizacija\\\/kako-prevesti-spletno-mesto-joomla-z-adriatiqo\\\/\",\"url\":\"https:\\\/\\\/www.adriatiqa.com\\\/sl\\\/storitve\\\/lokalizacija\\\/kako-prevesti-spletno-mesto-joomla-z-adriatiqo\\\/\",\"name\":\"Kako prevesti spletno mesto Joomla z AdriatIQo? | AdriatIQa Prevodi, prevajalska agencija\",\"isPartOf\":{\"@id\":\"https:\\\/\\\/www.adriatiqa.com\\\/sl\\\/#website\"},\"primaryImageOfPage\":{\"@id\":\"https:\\\/\\\/www.adriatiqa.com\\\/sl\\\/storitve\\\/lokalizacija\\\/kako-prevesti-spletno-mesto-joomla-z-adriatiqo\\\/#primaryimage\"},\"image\":{\"@id\":\"https:\\\/\\\/www.adriatiqa.com\\\/sl\\\/storitve\\\/lokalizacija\\\/kako-prevesti-spletno-mesto-joomla-z-adriatiqo\\\/#primaryimage\"},\"thumbnailUrl\":\"https:\\\/\\\/www.adriatiqa.com\\\/wp-content\\\/uploads\\\/2024\\\/01\\\/yoomla-cms_1.jpg\",\"datePublished\":\"2024-01-03T10:37:02+00:00\",\"description\":\"Joomla je eden najbolj\u0161ih brezpla\u010dnih sistemov za upravljanje vsebin in se uporablja v ve\u010d kot 9 % najpogosteje uporabljenih poslovnih spletnih mest. Privzeto vklju\u010duje modul za preklapljanje jezikov in tako omogo\u010da zelo dobro lokalizacijo.\",\"breadcrumb\":{\"@id\":\"https:\\\/\\\/www.adriatiqa.com\\\/sl\\\/storitve\\\/lokalizacija\\\/kako-prevesti-spletno-mesto-joomla-z-adriatiqo\\\/#breadcrumb\"},\"inLanguage\":\"sl\",\"potentialAction\":[{\"@type\":\"ReadAction\",\"target\":[\"https:\\\/\\\/www.adriatiqa.com\\\/sl\\\/storitve\\\/lokalizacija\\\/kako-prevesti-spletno-mesto-joomla-z-adriatiqo\\\/\"]}]},{\"@type\":\"ImageObject\",\"inLanguage\":\"sl\",\"@id\":\"https:\\\/\\\/www.adriatiqa.com\\\/sl\\\/storitve\\\/lokalizacija\\\/kako-prevesti-spletno-mesto-joomla-z-adriatiqo\\\/#primaryimage\",\"url\":\"https:\\\/\\\/www.adriatiqa.com\\\/wp-content\\\/uploads\\\/2024\\\/01\\\/yoomla-cms_1.jpg\",\"contentUrl\":\"https:\\\/\\\/www.adriatiqa.com\\\/wp-content\\\/uploads\\\/2024\\\/01\\\/yoomla-cms_1.jpg\"},{\"@type\":\"BreadcrumbList\",\"@id\":\"https:\\\/\\\/www.adriatiqa.com\\\/sl\\\/storitve\\\/lokalizacija\\\/kako-prevesti-spletno-mesto-joomla-z-adriatiqo\\\/#breadcrumb\",\"itemListElement\":[{\"@type\":\"ListItem\",\"position\":1,\"name\":\"Home\",\"item\":\"https:\\\/\\\/www.adriatiqa.com\\\/sl\\\/\"},{\"@type\":\"ListItem\",\"position\":2,\"name\":\"Storitve\",\"item\":\"https:\\\/\\\/www.adriatiqa.com\\\/sl\\\/storitve\\\/\"},{\"@type\":\"ListItem\",\"position\":3,\"name\":\"Lokalizacija\",\"item\":\"https:\\\/\\\/www.adriatiqa.com\\\/sl\\\/storitve\\\/lokalizacija\\\/\"},{\"@type\":\"ListItem\",\"position\":4,\"name\":\"Kako prevesti spletno mesto Joomla z AdriatIQo?\"}]},{\"@type\":\"WebSite\",\"@id\":\"https:\\\/\\\/www.adriatiqa.com\\\/sl\\\/#website\",\"url\":\"https:\\\/\\\/www.adriatiqa.com\\\/sl\\\/\",\"name\":\"AdriatIQa Prevodi, prevajalska agencija\",\"description\":\"Prevajanje, prevod v angle\u0161\u010dino, nem\u0161\u010dino\",\"publisher\":{\"@id\":\"https:\\\/\\\/www.adriatiqa.com\\\/sl\\\/#organization\"},\"potentialAction\":[{\"@type\":\"SearchAction\",\"target\":{\"@type\":\"EntryPoint\",\"urlTemplate\":\"https:\\\/\\\/www.adriatiqa.com\\\/sl\\\/?s={search_term_string}\"},\"query-input\":{\"@type\":\"PropertyValueSpecification\",\"valueRequired\":true,\"valueName\":\"search_term_string\"}}],\"inLanguage\":\"sl\"},{\"@type\":\"Organization\",\"@id\":\"https:\\\/\\\/www.adriatiqa.com\\\/sl\\\/#organization\",\"name\":\"ATE Globalis d.o.o.\",\"url\":\"https:\\\/\\\/www.adriatiqa.com\\\/sl\\\/\",\"logo\":{\"@type\":\"ImageObject\",\"inLanguage\":\"sl\",\"@id\":\"https:\\\/\\\/www.adriatiqa.com\\\/sl\\\/#\\\/schema\\\/logo\\\/image\\\/\",\"url\":\"https:\\\/\\\/www.adriatiqa.com\\\/wp-content\\\/uploads\\\/2012\\\/11\\\/adriatiqa-logo.png\",\"contentUrl\":\"https:\\\/\\\/www.adriatiqa.com\\\/wp-content\\\/uploads\\\/2012\\\/11\\\/adriatiqa-logo.png\",\"width\":297,\"height\":57,\"caption\":\"ATE Globalis d.o.o.\"},\"image\":{\"@id\":\"https:\\\/\\\/www.adriatiqa.com\\\/sl\\\/#\\\/schema\\\/logo\\\/image\\\/\"},\"sameAs\":[\"https:\\\/\\\/www.facebook.com\\\/AdriatIQa\",\"https:\\\/\\\/www.linkedin.com\\\/company\\\/adriatiqa-translations\"]}]}<\/script>\n<!-- \/ Yoast SEO plugin. -->","yoast_head_json":{"title":"Kako prevesti spletno mesto Joomla z AdriatIQo? | AdriatIQa Prevodi, prevajalska agencija","description":"Joomla je eden najbolj\u0161ih brezpla\u010dnih sistemov za upravljanje vsebin in se uporablja v ve\u010d kot 9 % najpogosteje uporabljenih poslovnih spletnih mest. Privzeto vklju\u010duje modul za preklapljanje jezikov in tako omogo\u010da zelo dobro lokalizacijo.","robots":{"index":"index","follow":"follow","max-snippet":"max-snippet:-1","max-image-preview":"max-image-preview:large","max-video-preview":"max-video-preview:-1"},"canonical":"https:\/\/www.adriatiqa.com\/sl\/storitve\/lokalizacija\/kako-prevesti-spletno-mesto-joomla-z-adriatiqo\/","twitter_misc":{"Est. reading time":"3 minutes"},"schema":{"@context":"https:\/\/schema.org","@graph":[{"@type":"WebPage","@id":"https:\/\/www.adriatiqa.com\/sl\/storitve\/lokalizacija\/kako-prevesti-spletno-mesto-joomla-z-adriatiqo\/","url":"https:\/\/www.adriatiqa.com\/sl\/storitve\/lokalizacija\/kako-prevesti-spletno-mesto-joomla-z-adriatiqo\/","name":"Kako prevesti spletno mesto Joomla z AdriatIQo? | AdriatIQa Prevodi, prevajalska agencija","isPartOf":{"@id":"https:\/\/www.adriatiqa.com\/sl\/#website"},"primaryImageOfPage":{"@id":"https:\/\/www.adriatiqa.com\/sl\/storitve\/lokalizacija\/kako-prevesti-spletno-mesto-joomla-z-adriatiqo\/#primaryimage"},"image":{"@id":"https:\/\/www.adriatiqa.com\/sl\/storitve\/lokalizacija\/kako-prevesti-spletno-mesto-joomla-z-adriatiqo\/#primaryimage"},"thumbnailUrl":"https:\/\/www.adriatiqa.com\/wp-content\/uploads\/2024\/01\/yoomla-cms_1.jpg","datePublished":"2024-01-03T10:37:02+00:00","description":"Joomla je eden najbolj\u0161ih brezpla\u010dnih sistemov za upravljanje vsebin in se uporablja v ve\u010d kot 9 % najpogosteje uporabljenih poslovnih spletnih mest. Privzeto vklju\u010duje modul za preklapljanje jezikov in tako omogo\u010da zelo dobro lokalizacijo.","breadcrumb":{"@id":"https:\/\/www.adriatiqa.com\/sl\/storitve\/lokalizacija\/kako-prevesti-spletno-mesto-joomla-z-adriatiqo\/#breadcrumb"},"inLanguage":"sl","potentialAction":[{"@type":"ReadAction","target":["https:\/\/www.adriatiqa.com\/sl\/storitve\/lokalizacija\/kako-prevesti-spletno-mesto-joomla-z-adriatiqo\/"]}]},{"@type":"ImageObject","inLanguage":"sl","@id":"https:\/\/www.adriatiqa.com\/sl\/storitve\/lokalizacija\/kako-prevesti-spletno-mesto-joomla-z-adriatiqo\/#primaryimage","url":"https:\/\/www.adriatiqa.com\/wp-content\/uploads\/2024\/01\/yoomla-cms_1.jpg","contentUrl":"https:\/\/www.adriatiqa.com\/wp-content\/uploads\/2024\/01\/yoomla-cms_1.jpg"},{"@type":"BreadcrumbList","@id":"https:\/\/www.adriatiqa.com\/sl\/storitve\/lokalizacija\/kako-prevesti-spletno-mesto-joomla-z-adriatiqo\/#breadcrumb","itemListElement":[{"@type":"ListItem","position":1,"name":"Home","item":"https:\/\/www.adriatiqa.com\/sl\/"},{"@type":"ListItem","position":2,"name":"Storitve","item":"https:\/\/www.adriatiqa.com\/sl\/storitve\/"},{"@type":"ListItem","position":3,"name":"Lokalizacija","item":"https:\/\/www.adriatiqa.com\/sl\/storitve\/lokalizacija\/"},{"@type":"ListItem","position":4,"name":"Kako prevesti spletno mesto Joomla z AdriatIQo?"}]},{"@type":"WebSite","@id":"https:\/\/www.adriatiqa.com\/sl\/#website","url":"https:\/\/www.adriatiqa.com\/sl\/","name":"AdriatIQa Prevodi, prevajalska agencija","description":"Prevajanje, prevod v angle\u0161\u010dino, nem\u0161\u010dino","publisher":{"@id":"https:\/\/www.adriatiqa.com\/sl\/#organization"},"potentialAction":[{"@type":"SearchAction","target":{"@type":"EntryPoint","urlTemplate":"https:\/\/www.adriatiqa.com\/sl\/?s={search_term_string}"},"query-input":{"@type":"PropertyValueSpecification","valueRequired":true,"valueName":"search_term_string"}}],"inLanguage":"sl"},{"@type":"Organization","@id":"https:\/\/www.adriatiqa.com\/sl\/#organization","name":"ATE Globalis d.o.o.","url":"https:\/\/www.adriatiqa.com\/sl\/","logo":{"@type":"ImageObject","inLanguage":"sl","@id":"https:\/\/www.adriatiqa.com\/sl\/#\/schema\/logo\/image\/","url":"https:\/\/www.adriatiqa.com\/wp-content\/uploads\/2012\/11\/adriatiqa-logo.png","contentUrl":"https:\/\/www.adriatiqa.com\/wp-content\/uploads\/2012\/11\/adriatiqa-logo.png","width":297,"height":57,"caption":"ATE Globalis d.o.o."},"image":{"@id":"https:\/\/www.adriatiqa.com\/sl\/#\/schema\/logo\/image\/"},"sameAs":["https:\/\/www.facebook.com\/AdriatIQa","https:\/\/www.linkedin.com\/company\/adriatiqa-translations"]}]}},"_links":{"self":[{"href":"https:\/\/www.adriatiqa.com\/sl\/wp-json\/wp\/v2\/pages\/32077","targetHints":{"allow":["GET"]}}],"collection":[{"href":"https:\/\/www.adriatiqa.com\/sl\/wp-json\/wp\/v2\/pages"}],"about":[{"href":"https:\/\/www.adriatiqa.com\/sl\/wp-json\/wp\/v2\/types\/page"}],"author":[{"embeddable":true,"href":"https:\/\/www.adriatiqa.com\/sl\/wp-json\/wp\/v2\/users\/2"}],"replies":[{"embeddable":true,"href":"https:\/\/www.adriatiqa.com\/sl\/wp-json\/wp\/v2\/comments?post=32077"}],"version-history":[{"count":3,"href":"https:\/\/www.adriatiqa.com\/sl\/wp-json\/wp\/v2\/pages\/32077\/revisions"}],"predecessor-version":[{"id":32090,"href":"https:\/\/www.adriatiqa.com\/sl\/wp-json\/wp\/v2\/pages\/32077\/revisions\/32090"}],"up":[{"embeddable":true,"href":"https:\/\/www.adriatiqa.com\/sl\/wp-json\/wp\/v2\/pages\/388"}],"wp:attachment":[{"href":"https:\/\/www.adriatiqa.com\/sl\/wp-json\/wp\/v2\/media?parent=32077"}],"curies":[{"name":"wp","href":"https:\/\/api.w.org\/{rel}","templated":true}]}}