{"id":3338,"date":"2015-03-03T11:22:33","date_gmt":"2015-03-03T10:22:33","guid":{"rendered":"https:\/\/www.adriatiqa.com\/?page_id=3338"},"modified":"2024-12-03T18:03:31","modified_gmt":"2024-12-03T17:03:31","slug":"prevajanje-letnih-porocil","status":"publish","type":"page","link":"https:\/\/www.adriatiqa.com\/sl\/prevajanje\/podrocja-prevajanja\/prevajanje-letnih-porocil\/","title":{"rendered":"Prevajanje letnih poro\u010dil"},"content":{"rendered":"<div class=\"wpb-content-wrapper\"><p>[vc_row][vc_column width=&#8221;1\/3&#8243;][vc_column_text]<\/p>\n<h6>Podro\u010dja prevajanja<\/h6>\n<p>[\/vc_column_text][vc_empty_space height=&#8221;10&#8243;][vc_column_text css=&#8221;.vc_custom_1659514110806{margin-top: -19px !important;margin-right: 40px !important;border-top-width: 1px !important;border-right-width: 1px !important;border-bottom-width: 1px !important;border-left-width: 1px !important;padding-top: 10px !important;padding-right: 5px !important;padding-bottom: 10px !important;padding-left: 10px !important;border-left-color: #afafaf !important;border-left-style: solid !important;border-right-color: #afafaf !important;border-right-style: solid !important;border-top-color: #afafaf !important;border-top-style: solid !important;border-bottom-color: #afafaf !important;border-bottom-style: solid !important;}&#8221;]<\/p>\n<h6><a href=\"https:\/\/www.adriatiqa.com\/sl\/prevajanje\/podrocja-prevajanja\/pravni-prevodi\/\">Pravni prevodi<\/a><\/h6>\n<p>[\/vc_column_text][vc_column_text css=&#8221;.vc_custom_1659516387721{margin-top: -19px !important;margin-right: 40px !important;border-top-width: 1px !important;border-right-width: 1px !important;border-bottom-width: 1px !important;border-left-width: 1px !important;padding-top: 10px !important;padding-right: 5px !important;padding-bottom: 10px !important;padding-left: 10px !important;border-left-color: #afafaf !important;border-left-style: solid !important;border-right-color: #afafaf !important;border-right-style: solid !important;border-top-color: #afafaf !important;border-top-style: solid !important;border-bottom-color: #afafaf !important;border-bottom-style: solid !important;}&#8221;]<\/p>\n<h6><a href=\"https:\/\/www.adriatiqa.com\/sl\/prevajanje\/podrocja-prevajanja\/financni-prevodi\/\">Finan\u010dni prevodi<\/a><\/h6>\n<p>[\/vc_column_text][vc_column_text css=&#8221;.vc_custom_1659514131573{margin-top: -19px !important;margin-right: 40px !important;border-top-width: 1px !important;border-right-width: 1px !important;border-bottom-width: 1px !important;border-left-width: 1px !important;padding-top: 10px !important;padding-right: 5px !important;padding-bottom: 10px !important;padding-left: 10px !important;border-left-color: #afafaf !important;border-left-style: solid !important;border-right-color: #afafaf !important;border-right-style: solid !important;border-top-color: #afafaf !important;border-top-style: solid !important;border-bottom-color: #afafaf !important;border-bottom-style: solid !important;}&#8221;]<\/p>\n<h6><a href=\"https:\/\/www.adriatiqa.com\/sl\/prevajanje\/podrocja-prevajanja\/tehnicni-prevodi\/\">Tehni\u010dni prevodi<\/a><\/h6>\n<p>[\/vc_column_text][vc_column_text css=&#8221;.vc_custom_1660053336487{margin-top: -18px !important;margin-right: 40px !important;border-top-width: 1px !important;border-right-width: 1px !important;border-bottom-width: 1px !important;border-left-width: 1px !important;padding-top: 10px !important;padding-right: 5px !important;padding-bottom: 10px !important;padding-left: 10px !important;border-left-color: #afafaf !important;border-left-style: solid !important;border-right-color: #afafaf !important;border-right-style: solid !important;border-top-color: #afafaf !important;border-top-style: solid !important;border-bottom-color: #afafaf !important;border-bottom-style: solid !important;}&#8221;]<\/p>\n<h6><a href=\"https:\/\/www.adriatiqa.com\/sl\/prevajanje\/podrocja-prevajanja\/medicinski-prevodi\/\">Medicinski prevodi<\/a><\/h6>\n<p>[\/vc_column_text][vc_column_text css=&#8221;.vc_custom_1659514174809{margin-top: -19px !important;margin-right: 40px !important;border-top-width: 1px !important;border-right-width: 1px !important;border-bottom-width: 1px !important;border-left-width: 1px !important;padding-top: 10px !important;padding-right: 5px !important;padding-bottom: 10px !important;padding-left: 10px !important;border-left-color: #afafaf !important;border-left-style: solid !important;border-right-color: #afafaf !important;border-right-style: solid !important;border-top-color: #afafaf !important;border-top-style: solid !important;border-bottom-color: #afafaf !important;border-bottom-style: solid !important;}&#8221;]<\/p>\n<h6><a href=\"https:\/\/www.adriatiqa.com\/sl\/prevajanje\/podrocja-prevajanja\/avtomobilska-industrija\/\">Avtomobilska industrija<\/a><\/h6>\n<p>[\/vc_column_text][vc_column_text css=&#8221;.vc_custom_1660053343149{margin-top: -18px !important;margin-right: 40px !important;border-top-width: 1px !important;border-right-width: 1px !important;border-bottom-width: 1px !important;border-left-width: 1px !important;padding-top: 10px !important;padding-right: 5px !important;padding-bottom: 10px !important;padding-left: 10px !important;border-left-color: #afafaf !important;border-left-style: solid !important;border-right-color: #afafaf !important;border-right-style: solid !important;border-top-color: #afafaf !important;border-top-style: solid !important;border-bottom-color: #afafaf !important;border-bottom-style: solid !important;}&#8221;]<\/p>\n<h6><a href=\"https:\/\/www.adriatiqa.com\/sl\/prevajanje\/podrocja-prevajanja\/javna-uprava\/\">Javna uprava<\/a><\/h6>\n<p>[\/vc_column_text][vc_column_text css=&#8221;.vc_custom_1659514279166{margin-top: -19px !important;margin-right: 40px !important;border-top-width: 1px !important;border-right-width: 1px !important;border-bottom-width: 1px !important;border-left-width: 1px !important;padding-top: 10px !important;padding-right: 5px !important;padding-bottom: 10px !important;padding-left: 10px !important;border-left-color: #afafaf !important;border-left-style: solid !important;border-right-color: #afafaf !important;border-right-style: solid !important;border-top-color: #afafaf !important;border-top-style: solid !important;border-bottom-color: #afafaf !important;border-bottom-style: solid !important;}&#8221;]<\/p>\n<h6><a href=\"https:\/\/www.adriatiqa.com\/sl\/prevajanje\/podrocja-prevajanja\/prevajanje-spletnih-strani\/\">Prevajanje spletnih strani<\/a><\/h6>\n<p>[\/vc_column_text][vc_column_text css=&#8221;.vc_custom_1659514323504{margin-top: -19px !important;margin-right: 40px !important;border-top-width: 1px !important;border-right-width: 1px !important;border-bottom-width: 1px !important;border-left-width: 1px !important;padding-top: 10px !important;padding-right: 5px !important;padding-bottom: 10px !important;padding-left: 10px !important;border-left-color: #afafaf !important;border-left-style: solid !important;border-right-color: #afafaf !important;border-right-style: solid !important;border-top-color: #afafaf !important;border-top-style: solid !important;border-bottom-color: #afafaf !important;border-bottom-style: solid !important;}&#8221;]<\/p>\n<h6><a href=\"https:\/\/www.adriatiqa.com\/sl\/prevajanje\/podrocja-prevajanja\/prevajanje-letnih-porocil\/\">Prevajanje letnih poro\u010dil<\/a><\/h6>\n<p>[\/vc_column_text][vc_column_text]<\/p>\n<h6>Pi\u0161ite nam ali pa nas obi\u0161\u010dite. Adriatiqa<\/h6>\n<p>[\/vc_column_text]\n<div class=\"wpcf7 no-js\" id=\"wpcf7-f25110-o1\" lang=\"en\" dir=\"ltr\" data-wpcf7-id=\"25110\">\n<div class=\"screen-reader-response\"><p role=\"status\" aria-live=\"polite\" aria-atomic=\"true\"><\/p> <ul><\/ul><\/div>\n<form action=\"\/sl\/wp-json\/wp\/v2\/pages\/3338#wpcf7-f25110-o1\" method=\"post\" class=\"wpcf7-form init\" aria-label=\"Contact form\" novalidate=\"novalidate\" data-status=\"init\">\n<fieldset class=\"hidden-fields-container\"><legend class=\"screen-reader-text\">Hidden fields<\/legend><input type=\"hidden\" name=\"_wpcf7\" value=\"25110\" \/><input type=\"hidden\" name=\"_wpcf7_version\" value=\"6.1.5\" \/><input type=\"hidden\" name=\"_wpcf7_locale\" value=\"en\" \/><input type=\"hidden\" name=\"_wpcf7_unit_tag\" value=\"wpcf7-f25110-o1\" \/><input type=\"hidden\" name=\"_wpcf7_container_post\" value=\"0\" \/><input type=\"hidden\" name=\"_wpcf7_posted_data_hash\" value=\"\" \/>\n<\/fieldset>\n<style>\n    .wpcf7-form div, \n    .wpcf7-form p, \n    .wpcf7-form label {\n        margin-bottom: 15px; \/* Pove\u010danje razmika med elementi *\/\n        display: block;\n    }\n\n    .wpcf7-textarea, \n    .wpcf7-text, \n    .wpcf7-email {\n        padding: 8px; \/* Dodajanje prostora za bolj\u0161o berljivost *\/\n        width: 100%; \/* Polna \u0161irina vseh vnosnih polj *\/\n        box-sizing: border-box; \/* Prepre\u010duje prelivanje *\/\n    }\n\n    .wpcf7-submit {\n        display: block;\n        text-align: left;\n        margin-top: 15px;\n    }\n<\/style>\n\n<div style=\"padding: 5px 0;\">Podjetje \/ Ime (*) <span class=\"wpcf7-form-control-wrap\" data-name=\"your-name\"><input size=\"40\" maxlength=\"400\" class=\"wpcf7-form-control wpcf7-text wpcf7-validates-as-required\" aria-required=\"true\" aria-invalid=\"false\" value=\"\" type=\"text\" name=\"your-name\" \/><\/span><\/div>\n\n<div style=\"padding: 5px 0;\">Telefonska \u0161tevilka <span class=\"wpcf7-form-control-wrap\" data-name=\"text-56\"><input size=\"40\" maxlength=\"400\" class=\"wpcf7-form-control wpcf7-text\" aria-invalid=\"false\" value=\"\" type=\"text\" name=\"text-56\" \/><\/span><\/div>\n\n<div style=\"padding: 5px 0;\">E-naslov (*) <span class=\"wpcf7-form-control-wrap\" data-name=\"your-email\"><input size=\"40\" maxlength=\"400\" class=\"wpcf7-form-control wpcf7-email wpcf7-validates-as-required wpcf7-text wpcf7-validates-as-email\" aria-required=\"true\" aria-invalid=\"false\" value=\"\" type=\"email\" name=\"your-email\" \/><\/span><\/div>\n\n<div style=\"padding: 5px 0;\">\n    Kako vam lahko pomagamo?  \n    <span class=\"wpcf7-form-control-wrap\" data-name=\"your-message\"><textarea cols=\"40\" rows=\"3\" maxlength=\"2000\" class=\"wpcf7-form-control wpcf7-textarea\" aria-invalid=\"false\" placeholder=\"Pri naro\u010dilu ponudbe za prevod ne pozabite navesti jezikovne kombinacije in predvidenega datuma zaklju\u010dka naro\u010dila.\" name=\"your-message\"><\/textarea><\/span>\n<\/div>\n\n<label><span class=\"wpcf7-form-control-wrap\" data-name=\"upload-file-786\"><input size=\"40\" class=\"wpcf7-form-control wpcf7-drag-n-drop-file d-none\" aria-invalid=\"false\" type=\"file\" multiple=\"multiple\" data-name=\"upload-file-786\" data-type=\"pdf|txt|jpg|jpeg|png|gif|pdf|doc|docx|ppt|pptx|odt|avi|ogg|m4a|mov|mp3|mp4|mpg|wav|wmv|xsx|zip|rar|7z\" data-max=\"20Mb\" data-id=\"25110\" data-version=\"free version 1.3.9.5\" accept=\".pdf, .txt, .jpg, .jpeg, .png, .gif, .pdf, .doc, .docx, .ppt, .pptx, .odt, .avi, .ogg, .m4a, .mov, .mp3, .mp4, .mpg, .wav, .wmv, .xsx, .zip, .rar, .7z\" \/><\/span><\/label>\n\n<p style=\"font-size: small; line-height: 140%; margin-bottom: 15px;\">\n    Najve\u010dja velikost nalo\u017eene datoteke ne sme presegati 20 MB.\n<\/p>\n\n<p style=\"color: black; font-size: 12px; margin-bottom: 15px;\">\n    Z oddajo obrazca se strinjate s  \n    <a href=\"https:\/\/www.adriatiqa.com\/sl\/gdpr\/\" target=\"_blank\" style=\"color: black; text-decoration: underline;\">politiko zasebnosti<\/a>.\n<\/p>\n\n<input class=\"wpcf7-form-control wpcf7-submit has-spinner\" type=\"submit\" value=\"Po\u0161lji\" \/>\n<span id=\"wpcf7-69df2481b3e68-wrapper\" class=\"wpcf7-form-control-wrap honeypot-415-wrap\" style=\"display:none !important; visibility:hidden !important;\"><label for=\"wpcf7-69df2481b3e68-field\" class=\"hp-message\">Please leave this field empty.<\/label><input id=\"wpcf7-69df2481b3e68-field\"  class=\"wpcf7-form-control wpcf7-text\" type=\"text\" name=\"honeypot-415\" value=\"\" size=\"40\" tabindex=\"-1\" autocomplete=\"new-password\" \/><\/span><div class=\"wpcf7-response-output\" aria-hidden=\"true\"><\/div>\n<\/form>\n<\/div>\n[\/vc_column][vc_column width=&#8221;2\/3&#8243;][vc_single_image image=&#8221;25187&#8243; img_size=&#8221;large&#8221;][vc_column_text title=&#8221;Zaupajte prevajanje letnih poro\u010dil strokovnjakom&#8221; width=&#8221;2\/3&#8243; el_position=&#8221;first&#8221;]<\/p>\n<h1>prevajanje letnih poro\u010dil<\/h1>\n<h5>Dobro pripravljeno in korektno prevedeno letno poro\u010dilo je odraz vsakega podjetja. Vanj je vredno investirati. Zato zaupajte prevajanje letnih poro\u010dil strokovnjakom.<\/h5>\n<p>V prvih mesecih leta je obi\u010dajno \u010das za pripravo letnih poro\u010dil (poslovna in revizijska poro\u010dila, bilance stanja in uspeha ipd.). Pri tem najve\u010d dela vzamejo zbiranje podatkov, priprava besedil in revizorski pregledi, vendar pa moramo biti za kakovosten kon\u010dni izdelek enako pozorni tudi pri vseh ostalih nalogah, ki sodijo zraven. Ker v veliko podjetjih letno poro\u010dilo obi\u010dajno pripravljajo v slovenskem in angle\u0161kem jeziku, je ena od nalog tudi skrb za strokovno in natan\u010dno prevajanje letnega poro\u010dila.<\/p>\n<p>Gospodarske dru\u017ebe, zadruge in samostojni podjetniki morajo predlo\u017eiti letna poro\u010dila za dr\u017eavno statistiko do konca marca za preteklo koledarsko leto. Rok za predlo\u017eitev konsolidiranih in revidiranih letnih poro\u010dil za javno objavo je 8 mesecev po koncu poslovnega leta, za nerevidirana letna poro\u010dila pa 3 mesece po koncu poslovnega leta.<\/p>\n<p>Letno poro\u010dilo je eden izmed pomembnej\u0161ih dokumentov va\u0161ega podjetja, saj je <b>neposredni odraz va\u0161ega poslovnega uspeha in stanja v va\u0161em podjetju<\/b>. Dobro letno poro\u010dilo je tudi odli\u010den na\u010din navezovanja novih poslovnih stikov. Vse na\u0161teto pa so tudi razlogi, zakaj potrebujete dobrega prevajalca in lektorja, ki bosta vsebino poro\u010dila ustrezno prenesla v jezik va\u0161ih poslovnih partnerjev v tujini. <b>Prevode letnih poro\u010dil namre\u010d lahko opravljajo le posebej izobra\u017eeni prevajalci<\/b>, <b>ki poleg strokovnega obvladajo tudi ra\u010dunovodsko izrazoslovje in poznajo standarde ra\u010dunovodskega poro\u010danja, obenem pa razumejo pomen in upo\u0161tevajo vsa pravila poslovnega komuniciranja.<\/b><\/p>\n<p>Pametno je, \u010de se odlo\u010dite za stalno sodelovanje s prevajalskim podjetjem, saj je pri prevajanju letnega poro\u010dila \u0161e posebej pomembno, da pridobimo pozitivne medsebojne izku\u0161nje, ki so osnova za uspe\u0161no ve\u010dletno sodelovanje.<\/p>\n<p>V AdriatIQi vam zagotavljamo <b>kakovostne prevode letnih poro\u010dil v <a title=\"Jezikovne kombinacije\" href=\"https:\/\/www.adriatiqa.com\/sl\/jeziki\/\">ve\u010d kot 30 jezikov<\/a> po ugodnih cenah.<\/b> Z veseljem vam pripravimo ponudbo, zato vas vabimo, da nam pi\u0161ete na <a href=\"mailto:info@adriatiqa.com\"><b>info@adriatiqa.com<\/b><\/a> ali nas pokli\u010dete na <b>0<\/b><b>1 511 31 46<\/b>.[\/vc_column_text][vc_single_image image=&#8221;4487&#8243; img_size=&#8221;large&#8221; width=&#8221;3\/4&#8243; el_position=&#8221;first last&#8221;][vc_column_text]<strong>Izkoristite 15 % popust za naro\u010dilo prevoda letnega poro\u010dila!<\/strong><\/p>\n<p>Preverite \u0161e: <a title=\"Ali v va\u0161em podjetju potrebujete prevod letnega poro\u010dila?\" href=\"https:\/\/www.adriatiqa.com\/sl\/ali-v-vasem-podjetju-potrebujete-prevod-letnega-porocila\/\">Ali v va\u0161em podjetju potrebujete prevod letnega poro\u010dila?<\/a>[\/vc_column_text][\/vc_column][\/vc_row]<\/p>\n<\/div>","protected":false},"excerpt":{"rendered":"<p>[vc_row][vc_column width=&#8221;1\/3&#8243;][vc_column_text] Podro\u010dja prevajanja [\/vc_column_text][vc_empty_space height=&#8221;10&#8243;][vc_column_text css=&#8221;.vc_custom_1659514110806{margin-top: -19px !important;margin-right: 40px !important;border-top-width: 1px !important;border-right-width: 1px !important;border-bottom-width: 1px !important;border-left-width: 1px !important;padding-top: 10px&#8230;<\/p>\n","protected":false},"author":2,"featured_media":0,"parent":372,"menu_order":0,"comment_status":"closed","ping_status":"closed","template":"","meta":{"footnotes":""},"class_list":["post-3338","page","type-page","status-publish"],"yoast_head":"<!-- This site is optimized with the Yoast SEO plugin v27.3 - https:\/\/yoast.com\/product\/yoast-seo-wordpress\/ -->\n<title>Prevajanje letnih poro\u010dil za podjetja<\/title>\n<meta name=\"description\" content=\"Dobro pripravljeno in korektno prevedeno letno poro\u010dilo je odraz vsakega podjetja. Vanj je vredno investirati. Zato zaupajte prevajanje letnih poro\u010dil strokovnjakom.\" \/>\n<meta name=\"robots\" content=\"index, follow, max-snippet:-1, max-image-preview:large, max-video-preview:-1\" \/>\n<link rel=\"canonical\" href=\"https:\/\/www.adriatiqa.com\/sl\/prevajanje\/podrocja-prevajanja\/prevajanje-letnih-porocil\/\" \/>\n<meta name=\"twitter:label1\" content=\"Est. reading time\" \/>\n\t<meta name=\"twitter:data1\" content=\"4 minutes\" \/>\n<script type=\"application\/ld+json\" class=\"yoast-schema-graph\">{\"@context\":\"https:\\\/\\\/schema.org\",\"@graph\":[{\"@type\":\"WebPage\",\"@id\":\"https:\\\/\\\/www.adriatiqa.com\\\/sl\\\/prevajanje\\\/podrocja-prevajanja\\\/prevajanje-letnih-porocil\\\/\",\"url\":\"https:\\\/\\\/www.adriatiqa.com\\\/sl\\\/prevajanje\\\/podrocja-prevajanja\\\/prevajanje-letnih-porocil\\\/\",\"name\":\"Prevajanje letnih poro\u010dil za podjetja\",\"isPartOf\":{\"@id\":\"https:\\\/\\\/www.adriatiqa.com\\\/sl\\\/#website\"},\"datePublished\":\"2015-03-03T10:22:33+00:00\",\"dateModified\":\"2024-12-03T17:03:31+00:00\",\"description\":\"Dobro pripravljeno in korektno prevedeno letno poro\u010dilo je odraz vsakega podjetja. Vanj je vredno investirati. Zato zaupajte prevajanje letnih poro\u010dil strokovnjakom.\",\"breadcrumb\":{\"@id\":\"https:\\\/\\\/www.adriatiqa.com\\\/sl\\\/prevajanje\\\/podrocja-prevajanja\\\/prevajanje-letnih-porocil\\\/#breadcrumb\"},\"inLanguage\":\"sl\",\"potentialAction\":[{\"@type\":\"ReadAction\",\"target\":[\"https:\\\/\\\/www.adriatiqa.com\\\/sl\\\/prevajanje\\\/podrocja-prevajanja\\\/prevajanje-letnih-porocil\\\/\"]}]},{\"@type\":\"BreadcrumbList\",\"@id\":\"https:\\\/\\\/www.adriatiqa.com\\\/sl\\\/prevajanje\\\/podrocja-prevajanja\\\/prevajanje-letnih-porocil\\\/#breadcrumb\",\"itemListElement\":[{\"@type\":\"ListItem\",\"position\":1,\"name\":\"Home\",\"item\":\"https:\\\/\\\/www.adriatiqa.com\\\/sl\\\/\"},{\"@type\":\"ListItem\",\"position\":2,\"name\":\"Prevajanje\",\"item\":\"https:\\\/\\\/www.adriatiqa.com\\\/sl\\\/prevajanje\\\/\"},{\"@type\":\"ListItem\",\"position\":3,\"name\":\"Podro\u010dja prevajanja\",\"item\":\"https:\\\/\\\/www.adriatiqa.com\\\/sl\\\/prevajanje\\\/podrocja-prevajanja\\\/\"},{\"@type\":\"ListItem\",\"position\":4,\"name\":\"Prevajanje letnih poro\u010dil\"}]},{\"@type\":\"WebSite\",\"@id\":\"https:\\\/\\\/www.adriatiqa.com\\\/sl\\\/#website\",\"url\":\"https:\\\/\\\/www.adriatiqa.com\\\/sl\\\/\",\"name\":\"AdriatIQa Prevodi, prevajalska agencija\",\"description\":\"Prevajanje, prevod v angle\u0161\u010dino, nem\u0161\u010dino\",\"publisher\":{\"@id\":\"https:\\\/\\\/www.adriatiqa.com\\\/sl\\\/#organization\"},\"potentialAction\":[{\"@type\":\"SearchAction\",\"target\":{\"@type\":\"EntryPoint\",\"urlTemplate\":\"https:\\\/\\\/www.adriatiqa.com\\\/sl\\\/?s={search_term_string}\"},\"query-input\":{\"@type\":\"PropertyValueSpecification\",\"valueRequired\":true,\"valueName\":\"search_term_string\"}}],\"inLanguage\":\"sl\"},{\"@type\":\"Organization\",\"@id\":\"https:\\\/\\\/www.adriatiqa.com\\\/sl\\\/#organization\",\"name\":\"ATE Globalis d.o.o.\",\"url\":\"https:\\\/\\\/www.adriatiqa.com\\\/sl\\\/\",\"logo\":{\"@type\":\"ImageObject\",\"inLanguage\":\"sl\",\"@id\":\"https:\\\/\\\/www.adriatiqa.com\\\/sl\\\/#\\\/schema\\\/logo\\\/image\\\/\",\"url\":\"https:\\\/\\\/www.adriatiqa.com\\\/wp-content\\\/uploads\\\/2012\\\/11\\\/adriatiqa-logo.png\",\"contentUrl\":\"https:\\\/\\\/www.adriatiqa.com\\\/wp-content\\\/uploads\\\/2012\\\/11\\\/adriatiqa-logo.png\",\"width\":297,\"height\":57,\"caption\":\"ATE Globalis d.o.o.\"},\"image\":{\"@id\":\"https:\\\/\\\/www.adriatiqa.com\\\/sl\\\/#\\\/schema\\\/logo\\\/image\\\/\"},\"sameAs\":[\"https:\\\/\\\/www.facebook.com\\\/AdriatIQa\",\"https:\\\/\\\/www.linkedin.com\\\/company\\\/adriatiqa-translations\"]}]}<\/script>\n<!-- \/ Yoast SEO plugin. -->","yoast_head_json":{"title":"Prevajanje letnih poro\u010dil za podjetja","description":"Dobro pripravljeno in korektno prevedeno letno poro\u010dilo je odraz vsakega podjetja. Vanj je vredno investirati. Zato zaupajte prevajanje letnih poro\u010dil strokovnjakom.","robots":{"index":"index","follow":"follow","max-snippet":"max-snippet:-1","max-image-preview":"max-image-preview:large","max-video-preview":"max-video-preview:-1"},"canonical":"https:\/\/www.adriatiqa.com\/sl\/prevajanje\/podrocja-prevajanja\/prevajanje-letnih-porocil\/","twitter_misc":{"Est. reading time":"4 minutes"},"schema":{"@context":"https:\/\/schema.org","@graph":[{"@type":"WebPage","@id":"https:\/\/www.adriatiqa.com\/sl\/prevajanje\/podrocja-prevajanja\/prevajanje-letnih-porocil\/","url":"https:\/\/www.adriatiqa.com\/sl\/prevajanje\/podrocja-prevajanja\/prevajanje-letnih-porocil\/","name":"Prevajanje letnih poro\u010dil za podjetja","isPartOf":{"@id":"https:\/\/www.adriatiqa.com\/sl\/#website"},"datePublished":"2015-03-03T10:22:33+00:00","dateModified":"2024-12-03T17:03:31+00:00","description":"Dobro pripravljeno in korektno prevedeno letno poro\u010dilo je odraz vsakega podjetja. Vanj je vredno investirati. Zato zaupajte prevajanje letnih poro\u010dil strokovnjakom.","breadcrumb":{"@id":"https:\/\/www.adriatiqa.com\/sl\/prevajanje\/podrocja-prevajanja\/prevajanje-letnih-porocil\/#breadcrumb"},"inLanguage":"sl","potentialAction":[{"@type":"ReadAction","target":["https:\/\/www.adriatiqa.com\/sl\/prevajanje\/podrocja-prevajanja\/prevajanje-letnih-porocil\/"]}]},{"@type":"BreadcrumbList","@id":"https:\/\/www.adriatiqa.com\/sl\/prevajanje\/podrocja-prevajanja\/prevajanje-letnih-porocil\/#breadcrumb","itemListElement":[{"@type":"ListItem","position":1,"name":"Home","item":"https:\/\/www.adriatiqa.com\/sl\/"},{"@type":"ListItem","position":2,"name":"Prevajanje","item":"https:\/\/www.adriatiqa.com\/sl\/prevajanje\/"},{"@type":"ListItem","position":3,"name":"Podro\u010dja prevajanja","item":"https:\/\/www.adriatiqa.com\/sl\/prevajanje\/podrocja-prevajanja\/"},{"@type":"ListItem","position":4,"name":"Prevajanje letnih poro\u010dil"}]},{"@type":"WebSite","@id":"https:\/\/www.adriatiqa.com\/sl\/#website","url":"https:\/\/www.adriatiqa.com\/sl\/","name":"AdriatIQa Prevodi, prevajalska agencija","description":"Prevajanje, prevod v angle\u0161\u010dino, nem\u0161\u010dino","publisher":{"@id":"https:\/\/www.adriatiqa.com\/sl\/#organization"},"potentialAction":[{"@type":"SearchAction","target":{"@type":"EntryPoint","urlTemplate":"https:\/\/www.adriatiqa.com\/sl\/?s={search_term_string}"},"query-input":{"@type":"PropertyValueSpecification","valueRequired":true,"valueName":"search_term_string"}}],"inLanguage":"sl"},{"@type":"Organization","@id":"https:\/\/www.adriatiqa.com\/sl\/#organization","name":"ATE Globalis d.o.o.","url":"https:\/\/www.adriatiqa.com\/sl\/","logo":{"@type":"ImageObject","inLanguage":"sl","@id":"https:\/\/www.adriatiqa.com\/sl\/#\/schema\/logo\/image\/","url":"https:\/\/www.adriatiqa.com\/wp-content\/uploads\/2012\/11\/adriatiqa-logo.png","contentUrl":"https:\/\/www.adriatiqa.com\/wp-content\/uploads\/2012\/11\/adriatiqa-logo.png","width":297,"height":57,"caption":"ATE Globalis d.o.o."},"image":{"@id":"https:\/\/www.adriatiqa.com\/sl\/#\/schema\/logo\/image\/"},"sameAs":["https:\/\/www.facebook.com\/AdriatIQa","https:\/\/www.linkedin.com\/company\/adriatiqa-translations"]}]}},"_links":{"self":[{"href":"https:\/\/www.adriatiqa.com\/sl\/wp-json\/wp\/v2\/pages\/3338","targetHints":{"allow":["GET"]}}],"collection":[{"href":"https:\/\/www.adriatiqa.com\/sl\/wp-json\/wp\/v2\/pages"}],"about":[{"href":"https:\/\/www.adriatiqa.com\/sl\/wp-json\/wp\/v2\/types\/page"}],"author":[{"embeddable":true,"href":"https:\/\/www.adriatiqa.com\/sl\/wp-json\/wp\/v2\/users\/2"}],"replies":[{"embeddable":true,"href":"https:\/\/www.adriatiqa.com\/sl\/wp-json\/wp\/v2\/comments?post=3338"}],"version-history":[{"count":25,"href":"https:\/\/www.adriatiqa.com\/sl\/wp-json\/wp\/v2\/pages\/3338\/revisions"}],"predecessor-version":[{"id":32313,"href":"https:\/\/www.adriatiqa.com\/sl\/wp-json\/wp\/v2\/pages\/3338\/revisions\/32313"}],"up":[{"embeddable":true,"href":"https:\/\/www.adriatiqa.com\/sl\/wp-json\/wp\/v2\/pages\/372"}],"wp:attachment":[{"href":"https:\/\/www.adriatiqa.com\/sl\/wp-json\/wp\/v2\/media?parent=3338"}],"curies":[{"name":"wp","href":"https:\/\/api.w.org\/{rel}","templated":true}]}}