{"id":3431,"date":"2015-06-16T11:13:59","date_gmt":"2015-06-16T09:13:59","guid":{"rendered":"https:\/\/www.adriatiqa.com\/?page_id=3431"},"modified":"2022-08-09T15:50:52","modified_gmt":"2022-08-09T13:50:52","slug":"lokalizacija-mobilnih-aplikacij","status":"publish","type":"page","link":"https:\/\/www.adriatiqa.com\/sl\/storitve\/lokalizacija\/lokalizacija-mobilnih-aplikacij\/","title":{"rendered":"Lokalizacija mobilnih aplikacij"},"content":{"rendered":"<div class=\"wpb-content-wrapper\"><p>[vc_row][vc_column width=&#8221;2\/3&#8243;][vc_column_text width=&#8221;2\/3&#8243; el_position=&#8221;first&#8221;]<b>Lokalizacija mobilnih aplikacij &#8211; zakaj in kako?<\/b><\/p>\n<p>Vse ve\u010d ljudi po svetu uporablja pametne mobilne naprave, hkrati pa postajajo tudi vse bolj zahtevni uporabniki. Razvijalci mobilnih aplikacij se tako soo\u010dajo z novim izzivom \u2013 ni ve\u010d dovolj le dober produkt, pa\u010d pa pomembno vlogo igrata tudi lokalizacija in jezik.<\/p>\n<p><a href=\"https:\/\/www.adriatiqa.com\/sl\/storitve\/lokalizacija\/\">Lokalizacija<\/a> aplikacije pomeni, da jo pripravite tako, da bo na voljo v razli\u010dnih jezikih, poleg tega pa bo izpolnjevala lokalne, jezikovne in kulturne zahteve. Lokalizirana aplikacija bo omogo\u010dala dostopnost \u0161ir\u0161emu krogu ljudi.<\/p>\n<p>O lokalizaciji razmi\u0161ljajte \u017ee v fazi razvoja aplikacije, tako bo ta projekt hitrej\u0161i, enostavnej\u0161i in cenej\u0161i. \u010ce morda mislite, da lokalizacije aplikacije ne potrebujete, je velika verjetnost, da se motite.\u00a0 Zato o tem dobro razmislite \u017ee v prvi fazi, saj se boste tako lahko izognili ve\u010djim programerskim posegom v zaklju\u010dnih fazah izdelave, kar bi lahko pove\u010dalo stro\u0161ke, poleg tega zaradi tovrstnih nev\u0161e\u010dnosti lahko pride do zamud. V prvi fazi je torej <b>pomembno, da definirate klju\u010dna tr\u017ei\u0161\u010da<\/b>.<\/p>\n<p>Ne pozabite upo\u0161tevati dejstva, da je prevod v tujem jeziku lahko precej dalj\u0161i od izvirnika, zato aplikacijo oblikujte tako, da boste lahko raz\u0161irili polja za besedilo, dovolj prostorni naj bodo tudi gumbi v glavnem meniju.<\/p>\n<p>Poleg prevoda vsebin znotraj aplikacije bo v ciljni jezik potrebno prevesti tudi produktno stran v trgovini z aplikacijami (Google Play ali AppStore). Pri lokalizaciji bo tako potrebna sprememba opisa aplikacije, izbira slik, ocene uporabnikov itd.<\/p>\n<p>Vsaka platforma (Android, iOS, Windows) ima na spletnih straneh, namenjenih razvijalcem, navodila in nasvete, ki zadevajo lokalizacijo va\u0161e aplikacije, in vam lahko pridejo zelo prav pri uresni\u010devanju cilja.<\/p>\n<p style=\"text-align: left;\" align=\"center\">Vsebine, ki jih \u017eelite prevesti, lo\u010dite od izvorne kode. Razvijalci aplikacij morajo poskrbeti, da spisana koda za aplikacijo podpira razli\u010dne jezike, \u010dasovne pasove, datumske zapise, valute ipd. S tem lahko poskrbijo, da se prenos aplikacije v drugi jezik opravi hitro in brez zapletov.<\/p>\n<p>Lokalizacija aplikacije ne pomeni zgolj prevajanja. <b>Pomembno je, da se temeljno sporo\u010dilo aplikacije ne izgubi s prevodom<\/b>, zato priporo\u010damo, da lokalizacijo prepustite izku\u0161enim <a href=\"https:\/\/www.adriatiqa.com\/sl\/o-nas\/prevajalci\/\">prevajalcem<\/a>, ki bodo va\u0161e sporo\u010dilo primerno prilagodili ciljnemu uporabniku.<\/p>\n<p>Dokument za prevod pripravite tako, da vklju\u010dite komentarje, ki bodo prevajalcu slu\u017eili kot vir informacij, ki jih iz same vsebine ni mogo\u010de razbrati, so pa pomembne za postavitev v pravi kontekst. S tem boste prihranili veliko \u010dasa in se izognili ve\u010dkratnemu popravljanju.<\/p>\n<p>V <a title=\"Kontakt\" href=\"https:\/\/www.adriatiqa.com\/sl\/kontakt\/\">AdriatIQi <\/a>bomo poskrbeli, da bo za va\u0161e besedilo poskrbel prevajalec, ki je rojeni govorec in bo lahko zagotovil kakovostno lokalizacijo, ki vam bo omogo\u010dila uspeh na globalnem trgu.<\/p>\n<p>[\/vc_column_text][\/vc_column][vc_column width=&#8221;1\/3&#8243;][vc_column_text]<\/p>\n<h6>Pi\u0161ite nam ali pa nas obi\u0161\u010dite. Adriatiqa<\/h6>\n<p>[\/vc_column_text]\n<div class=\"wpcf7 no-js\" id=\"wpcf7-f25110-o1\" lang=\"en\" dir=\"ltr\" data-wpcf7-id=\"25110\">\n<div class=\"screen-reader-response\"><p role=\"status\" aria-live=\"polite\" aria-atomic=\"true\"><\/p> <ul><\/ul><\/div>\n<form action=\"\/sl\/wp-json\/wp\/v2\/pages\/3431#wpcf7-f25110-o1\" method=\"post\" class=\"wpcf7-form init\" aria-label=\"Contact form\" novalidate=\"novalidate\" data-status=\"init\">\n<fieldset class=\"hidden-fields-container\"><legend class=\"screen-reader-text\">Hidden fields<\/legend><input type=\"hidden\" name=\"_wpcf7\" value=\"25110\" \/><input type=\"hidden\" name=\"_wpcf7_version\" value=\"6.1.5\" \/><input type=\"hidden\" name=\"_wpcf7_locale\" value=\"en\" \/><input type=\"hidden\" name=\"_wpcf7_unit_tag\" value=\"wpcf7-f25110-o1\" \/><input type=\"hidden\" name=\"_wpcf7_container_post\" value=\"0\" \/><input type=\"hidden\" name=\"_wpcf7_posted_data_hash\" value=\"\" \/>\n<\/fieldset>\n<style>\n    .wpcf7-form div, \n    .wpcf7-form p, \n    .wpcf7-form label {\n        margin-bottom: 15px; \/* Pove\u010danje razmika med elementi *\/\n        display: block;\n    }\n\n    .wpcf7-textarea, \n    .wpcf7-text, \n    .wpcf7-email {\n        padding: 8px; \/* Dodajanje prostora za bolj\u0161o berljivost *\/\n        width: 100%; \/* Polna \u0161irina vseh vnosnih polj *\/\n        box-sizing: border-box; \/* Prepre\u010duje prelivanje *\/\n    }\n\n    .wpcf7-submit {\n        display: block;\n        text-align: left;\n        margin-top: 15px;\n    }\n<\/style>\n\n<div style=\"padding: 5px 0;\">Podjetje \/ Ime (*) <span class=\"wpcf7-form-control-wrap\" data-name=\"your-name\"><input size=\"40\" maxlength=\"400\" class=\"wpcf7-form-control wpcf7-text wpcf7-validates-as-required\" aria-required=\"true\" aria-invalid=\"false\" value=\"\" type=\"text\" name=\"your-name\" \/><\/span><\/div>\n\n<div style=\"padding: 5px 0;\">Telefonska \u0161tevilka <span class=\"wpcf7-form-control-wrap\" data-name=\"text-56\"><input size=\"40\" maxlength=\"400\" class=\"wpcf7-form-control wpcf7-text\" aria-invalid=\"false\" value=\"\" type=\"text\" name=\"text-56\" \/><\/span><\/div>\n\n<div style=\"padding: 5px 0;\">E-naslov (*) <span class=\"wpcf7-form-control-wrap\" data-name=\"your-email\"><input size=\"40\" maxlength=\"400\" class=\"wpcf7-form-control wpcf7-email wpcf7-validates-as-required wpcf7-text wpcf7-validates-as-email\" aria-required=\"true\" aria-invalid=\"false\" value=\"\" type=\"email\" name=\"your-email\" \/><\/span><\/div>\n\n<div style=\"padding: 5px 0;\">\n    Kako vam lahko pomagamo?  \n    <span class=\"wpcf7-form-control-wrap\" data-name=\"your-message\"><textarea cols=\"40\" rows=\"3\" maxlength=\"2000\" class=\"wpcf7-form-control wpcf7-textarea\" aria-invalid=\"false\" placeholder=\"Pri naro\u010dilu ponudbe za prevod ne pozabite navesti jezikovne kombinacije in predvidenega datuma zaklju\u010dka naro\u010dila.\" name=\"your-message\"><\/textarea><\/span>\n<\/div>\n\n<label><span class=\"wpcf7-form-control-wrap\" data-name=\"upload-file-786\"><input size=\"40\" class=\"wpcf7-form-control wpcf7-drag-n-drop-file d-none\" aria-invalid=\"false\" type=\"file\" multiple=\"multiple\" data-name=\"upload-file-786\" data-type=\"pdf|txt|jpg|jpeg|png|gif|pdf|doc|docx|ppt|pptx|odt|avi|ogg|m4a|mov|mp3|mp4|mpg|wav|wmv|xsx|zip|rar|7z\" data-max=\"20Mb\" data-id=\"25110\" data-version=\"free version 1.3.9.5\" accept=\".pdf, .txt, .jpg, .jpeg, .png, .gif, .pdf, .doc, .docx, .ppt, .pptx, .odt, .avi, .ogg, .m4a, .mov, .mp3, .mp4, .mpg, .wav, .wmv, .xsx, .zip, .rar, .7z\" \/><\/span><\/label>\n\n<p style=\"font-size: small; line-height: 140%; margin-bottom: 15px;\">\n    Najve\u010dja velikost nalo\u017eene datoteke ne sme presegati 20 MB.\n<\/p>\n\n<p style=\"color: black; font-size: 12px; margin-bottom: 15px;\">\n    Z oddajo obrazca se strinjate s  \n    <a href=\"https:\/\/www.adriatiqa.com\/sl\/gdpr\/\" target=\"_blank\" style=\"color: black; text-decoration: underline;\">politiko zasebnosti<\/a>.\n<\/p>\n\n<input class=\"wpcf7-form-control wpcf7-submit has-spinner\" type=\"submit\" value=\"Po\u0161lji\" \/>\n<span id=\"wpcf7-69e074ae42dc6-wrapper\" class=\"wpcf7-form-control-wrap honeypot-415-wrap\" style=\"display:none !important; visibility:hidden !important;\"><label for=\"wpcf7-69e074ae42dc6-field\" class=\"hp-message\">Please leave this field empty.<\/label><input id=\"wpcf7-69e074ae42dc6-field\"  class=\"wpcf7-form-control wpcf7-text\" type=\"text\" name=\"honeypot-415\" value=\"\" size=\"40\" tabindex=\"-1\" autocomplete=\"new-password\" \/><\/span><div class=\"wpcf7-response-output\" aria-hidden=\"true\"><\/div>\n<\/form>\n<\/div>\n[\/vc_column][\/vc_row]<\/p>\n<\/div>","protected":false},"excerpt":{"rendered":"<p>[vc_row][vc_column width=&#8221;2\/3&#8243;][vc_column_text width=&#8221;2\/3&#8243; el_position=&#8221;first&#8221;]Lokalizacija mobilnih aplikacij &#8211; zakaj in kako? Vse ve\u010d ljudi po svetu uporablja pametne mobilne naprave, hkrati&#8230;<\/p>\n","protected":false},"author":2,"featured_media":0,"parent":388,"menu_order":0,"comment_status":"closed","ping_status":"closed","template":"","meta":{"footnotes":""},"class_list":["post-3431","page","type-page","status-publish"],"yoast_head":"<!-- This site is optimized with the Yoast SEO plugin v27.3 - https:\/\/yoast.com\/product\/yoast-seo-wordpress\/ -->\n<title>Lokalizacija mobilnih aplikacij | AdriatIQa Prevodi, prevajalska agencija<\/title>\n<meta name=\"description\" content=\"Lokalizacija mobilnih aplikacij zagotovi, da je ta na voljo v razli\u010dnih jezikih in izpolnjuje lokalne, jezikovne in kulturne zahteve. Tako bo dostopna \u0161ir\u0161emu krogu ljudi.\" \/>\n<meta name=\"robots\" content=\"index, follow, max-snippet:-1, max-image-preview:large, max-video-preview:-1\" \/>\n<link rel=\"canonical\" href=\"https:\/\/www.adriatiqa.com\/sl\/storitve\/lokalizacija\/lokalizacija-mobilnih-aplikacij\/\" \/>\n<meta name=\"twitter:label1\" content=\"Est. reading time\" \/>\n\t<meta name=\"twitter:data1\" content=\"2 minutes\" \/>\n<script type=\"application\/ld+json\" class=\"yoast-schema-graph\">{\"@context\":\"https:\\\/\\\/schema.org\",\"@graph\":[{\"@type\":\"WebPage\",\"@id\":\"https:\\\/\\\/www.adriatiqa.com\\\/sl\\\/storitve\\\/lokalizacija\\\/lokalizacija-mobilnih-aplikacij\\\/\",\"url\":\"https:\\\/\\\/www.adriatiqa.com\\\/sl\\\/storitve\\\/lokalizacija\\\/lokalizacija-mobilnih-aplikacij\\\/\",\"name\":\"Lokalizacija mobilnih aplikacij | AdriatIQa Prevodi, prevajalska agencija\",\"isPartOf\":{\"@id\":\"https:\\\/\\\/www.adriatiqa.com\\\/sl\\\/#website\"},\"datePublished\":\"2015-06-16T09:13:59+00:00\",\"dateModified\":\"2022-08-09T13:50:52+00:00\",\"description\":\"Lokalizacija mobilnih aplikacij zagotovi, da je ta na voljo v razli\u010dnih jezikih in izpolnjuje lokalne, jezikovne in kulturne zahteve. Tako bo dostopna \u0161ir\u0161emu krogu ljudi.\",\"breadcrumb\":{\"@id\":\"https:\\\/\\\/www.adriatiqa.com\\\/sl\\\/storitve\\\/lokalizacija\\\/lokalizacija-mobilnih-aplikacij\\\/#breadcrumb\"},\"inLanguage\":\"sl\",\"potentialAction\":[{\"@type\":\"ReadAction\",\"target\":[\"https:\\\/\\\/www.adriatiqa.com\\\/sl\\\/storitve\\\/lokalizacija\\\/lokalizacija-mobilnih-aplikacij\\\/\"]}]},{\"@type\":\"BreadcrumbList\",\"@id\":\"https:\\\/\\\/www.adriatiqa.com\\\/sl\\\/storitve\\\/lokalizacija\\\/lokalizacija-mobilnih-aplikacij\\\/#breadcrumb\",\"itemListElement\":[{\"@type\":\"ListItem\",\"position\":1,\"name\":\"Home\",\"item\":\"https:\\\/\\\/www.adriatiqa.com\\\/sl\\\/\"},{\"@type\":\"ListItem\",\"position\":2,\"name\":\"Storitve\",\"item\":\"https:\\\/\\\/www.adriatiqa.com\\\/sl\\\/storitve\\\/\"},{\"@type\":\"ListItem\",\"position\":3,\"name\":\"Lokalizacija\",\"item\":\"https:\\\/\\\/www.adriatiqa.com\\\/sl\\\/storitve\\\/lokalizacija\\\/\"},{\"@type\":\"ListItem\",\"position\":4,\"name\":\"Lokalizacija mobilnih aplikacij\"}]},{\"@type\":\"WebSite\",\"@id\":\"https:\\\/\\\/www.adriatiqa.com\\\/sl\\\/#website\",\"url\":\"https:\\\/\\\/www.adriatiqa.com\\\/sl\\\/\",\"name\":\"AdriatIQa Prevodi, prevajalska agencija\",\"description\":\"Prevajanje, prevod v angle\u0161\u010dino, nem\u0161\u010dino\",\"publisher\":{\"@id\":\"https:\\\/\\\/www.adriatiqa.com\\\/sl\\\/#organization\"},\"potentialAction\":[{\"@type\":\"SearchAction\",\"target\":{\"@type\":\"EntryPoint\",\"urlTemplate\":\"https:\\\/\\\/www.adriatiqa.com\\\/sl\\\/?s={search_term_string}\"},\"query-input\":{\"@type\":\"PropertyValueSpecification\",\"valueRequired\":true,\"valueName\":\"search_term_string\"}}],\"inLanguage\":\"sl\"},{\"@type\":\"Organization\",\"@id\":\"https:\\\/\\\/www.adriatiqa.com\\\/sl\\\/#organization\",\"name\":\"ATE Globalis d.o.o.\",\"url\":\"https:\\\/\\\/www.adriatiqa.com\\\/sl\\\/\",\"logo\":{\"@type\":\"ImageObject\",\"inLanguage\":\"sl\",\"@id\":\"https:\\\/\\\/www.adriatiqa.com\\\/sl\\\/#\\\/schema\\\/logo\\\/image\\\/\",\"url\":\"https:\\\/\\\/www.adriatiqa.com\\\/wp-content\\\/uploads\\\/2012\\\/11\\\/adriatiqa-logo.png\",\"contentUrl\":\"https:\\\/\\\/www.adriatiqa.com\\\/wp-content\\\/uploads\\\/2012\\\/11\\\/adriatiqa-logo.png\",\"width\":297,\"height\":57,\"caption\":\"ATE Globalis d.o.o.\"},\"image\":{\"@id\":\"https:\\\/\\\/www.adriatiqa.com\\\/sl\\\/#\\\/schema\\\/logo\\\/image\\\/\"},\"sameAs\":[\"https:\\\/\\\/www.facebook.com\\\/AdriatIQa\",\"https:\\\/\\\/www.linkedin.com\\\/company\\\/adriatiqa-translations\"]}]}<\/script>\n<!-- \/ Yoast SEO plugin. -->","yoast_head_json":{"title":"Lokalizacija mobilnih aplikacij | AdriatIQa Prevodi, prevajalska agencija","description":"Lokalizacija mobilnih aplikacij zagotovi, da je ta na voljo v razli\u010dnih jezikih in izpolnjuje lokalne, jezikovne in kulturne zahteve. Tako bo dostopna \u0161ir\u0161emu krogu ljudi.","robots":{"index":"index","follow":"follow","max-snippet":"max-snippet:-1","max-image-preview":"max-image-preview:large","max-video-preview":"max-video-preview:-1"},"canonical":"https:\/\/www.adriatiqa.com\/sl\/storitve\/lokalizacija\/lokalizacija-mobilnih-aplikacij\/","twitter_misc":{"Est. reading time":"2 minutes"},"schema":{"@context":"https:\/\/schema.org","@graph":[{"@type":"WebPage","@id":"https:\/\/www.adriatiqa.com\/sl\/storitve\/lokalizacija\/lokalizacija-mobilnih-aplikacij\/","url":"https:\/\/www.adriatiqa.com\/sl\/storitve\/lokalizacija\/lokalizacija-mobilnih-aplikacij\/","name":"Lokalizacija mobilnih aplikacij | AdriatIQa Prevodi, prevajalska agencija","isPartOf":{"@id":"https:\/\/www.adriatiqa.com\/sl\/#website"},"datePublished":"2015-06-16T09:13:59+00:00","dateModified":"2022-08-09T13:50:52+00:00","description":"Lokalizacija mobilnih aplikacij zagotovi, da je ta na voljo v razli\u010dnih jezikih in izpolnjuje lokalne, jezikovne in kulturne zahteve. Tako bo dostopna \u0161ir\u0161emu krogu ljudi.","breadcrumb":{"@id":"https:\/\/www.adriatiqa.com\/sl\/storitve\/lokalizacija\/lokalizacija-mobilnih-aplikacij\/#breadcrumb"},"inLanguage":"sl","potentialAction":[{"@type":"ReadAction","target":["https:\/\/www.adriatiqa.com\/sl\/storitve\/lokalizacija\/lokalizacija-mobilnih-aplikacij\/"]}]},{"@type":"BreadcrumbList","@id":"https:\/\/www.adriatiqa.com\/sl\/storitve\/lokalizacija\/lokalizacija-mobilnih-aplikacij\/#breadcrumb","itemListElement":[{"@type":"ListItem","position":1,"name":"Home","item":"https:\/\/www.adriatiqa.com\/sl\/"},{"@type":"ListItem","position":2,"name":"Storitve","item":"https:\/\/www.adriatiqa.com\/sl\/storitve\/"},{"@type":"ListItem","position":3,"name":"Lokalizacija","item":"https:\/\/www.adriatiqa.com\/sl\/storitve\/lokalizacija\/"},{"@type":"ListItem","position":4,"name":"Lokalizacija mobilnih aplikacij"}]},{"@type":"WebSite","@id":"https:\/\/www.adriatiqa.com\/sl\/#website","url":"https:\/\/www.adriatiqa.com\/sl\/","name":"AdriatIQa Prevodi, prevajalska agencija","description":"Prevajanje, prevod v angle\u0161\u010dino, nem\u0161\u010dino","publisher":{"@id":"https:\/\/www.adriatiqa.com\/sl\/#organization"},"potentialAction":[{"@type":"SearchAction","target":{"@type":"EntryPoint","urlTemplate":"https:\/\/www.adriatiqa.com\/sl\/?s={search_term_string}"},"query-input":{"@type":"PropertyValueSpecification","valueRequired":true,"valueName":"search_term_string"}}],"inLanguage":"sl"},{"@type":"Organization","@id":"https:\/\/www.adriatiqa.com\/sl\/#organization","name":"ATE Globalis d.o.o.","url":"https:\/\/www.adriatiqa.com\/sl\/","logo":{"@type":"ImageObject","inLanguage":"sl","@id":"https:\/\/www.adriatiqa.com\/sl\/#\/schema\/logo\/image\/","url":"https:\/\/www.adriatiqa.com\/wp-content\/uploads\/2012\/11\/adriatiqa-logo.png","contentUrl":"https:\/\/www.adriatiqa.com\/wp-content\/uploads\/2012\/11\/adriatiqa-logo.png","width":297,"height":57,"caption":"ATE Globalis d.o.o."},"image":{"@id":"https:\/\/www.adriatiqa.com\/sl\/#\/schema\/logo\/image\/"},"sameAs":["https:\/\/www.facebook.com\/AdriatIQa","https:\/\/www.linkedin.com\/company\/adriatiqa-translations"]}]}},"_links":{"self":[{"href":"https:\/\/www.adriatiqa.com\/sl\/wp-json\/wp\/v2\/pages\/3431","targetHints":{"allow":["GET"]}}],"collection":[{"href":"https:\/\/www.adriatiqa.com\/sl\/wp-json\/wp\/v2\/pages"}],"about":[{"href":"https:\/\/www.adriatiqa.com\/sl\/wp-json\/wp\/v2\/types\/page"}],"author":[{"embeddable":true,"href":"https:\/\/www.adriatiqa.com\/sl\/wp-json\/wp\/v2\/users\/2"}],"replies":[{"embeddable":true,"href":"https:\/\/www.adriatiqa.com\/sl\/wp-json\/wp\/v2\/comments?post=3431"}],"version-history":[{"count":8,"href":"https:\/\/www.adriatiqa.com\/sl\/wp-json\/wp\/v2\/pages\/3431\/revisions"}],"predecessor-version":[{"id":25151,"href":"https:\/\/www.adriatiqa.com\/sl\/wp-json\/wp\/v2\/pages\/3431\/revisions\/25151"}],"up":[{"embeddable":true,"href":"https:\/\/www.adriatiqa.com\/sl\/wp-json\/wp\/v2\/pages\/388"}],"wp:attachment":[{"href":"https:\/\/www.adriatiqa.com\/sl\/wp-json\/wp\/v2\/media?parent=3431"}],"curies":[{"name":"wp","href":"https:\/\/api.w.org\/{rel}","templated":true}]}}