{"id":3652,"date":"2015-10-27T17:45:08","date_gmt":"2015-10-27T16:45:08","guid":{"rendered":"https:\/\/www.adriatiqa.com\/?page_id=3652"},"modified":"2015-10-27T17:50:29","modified_gmt":"2015-10-27T16:50:29","slug":"koliko-casa-potrebujemo-za-prevod-besedila","status":"publish","type":"page","link":"https:\/\/www.adriatiqa.com\/sl\/jezikovni-koticek\/koliko-casa-potrebujemo-za-prevod-besedila\/","title":{"rendered":"Koliko \u010dasa potrebujemo za prevod besedila?"},"content":{"rendered":"<p>\u00bb\u010cez koliko \u010dasa bo prevod pripravljen?\u00ab je eno najbolj pogostih vpra\u0161anj naro\u010dnikov prevoda. \u010ceprav je neka mednarodno uveljavljena norma, da prevajalec lahko v enem dnevu korektno prevede 6-8 prevajalskih strani besedila, pa nekega univerzalnega odgovora seveda ni. <b>Vsak prevajalski projekt je unikaten;<\/b> odvisen je od strokovne zahtevnosti besedila, pa tudi od kakovosti izvirnika. Nemogo\u010de pa je na vpra\u0161anje odgovoriti brez usklajevanja s prevajalcem, zato je pravo\u010dasna komunikacija pomemben del vsakega prevajalskega naro\u010dila.<\/p>\n<p>Pomembno je, da se s ponudnikom prevajalskih storitev pogovorite o dejavnikih, ki so del vsakega prevajalskega projekta. Samo tako lahko skupaj<b> pripravite \u010dasovni na\u010drt,<\/b> ki bo ustrezal vsem. Pravo\u010dasen in kakovosten prevod nastane samo v uspe\u0161nem usklajevanju zahtev in potreb.<\/p>\n<p>Da bi la\u017eje dolo\u010dili pribli\u017een \u010dasovni okvir, je potrebno odgovoriti na nekaj vpra\u0161anj:<\/p>\n<p>&#8211;\u00a0\u00a0\u00a0\u00a0\u00a0\u00a0\u00a0\u00a0\u00a0 Kako kompleksna je tema?<\/p>\n<p>&#8211;\u00a0\u00a0\u00a0\u00a0\u00a0\u00a0\u00a0\u00a0\u00a0 Kako dolgo je originalno besedilo?<\/p>\n<p>&#8211;\u00a0\u00a0\u00a0\u00a0\u00a0\u00a0\u00a0\u00a0\u00a0 Je vsebina strokovna ali zelo kreativna?<\/p>\n<p>&#8211;\u00a0\u00a0\u00a0\u00a0\u00a0\u00a0\u00a0\u00a0\u00a0 Bodo v prevajalski proces vklju\u010deni strojni programi za prevajanje?<\/p>\n<p>&#8211;\u00a0\u00a0\u00a0\u00a0\u00a0\u00a0\u00a0\u00a0\u00a0 Bo prevod treba tudi grafi\u010dno oblikovati?<\/p>\n<p>Zavedati se je potrebno, da je do korektno prevedenega besedila<a href=\"https:\/\/www.adriatiqa.com\/sl\/prevajanje\/\"> potrebnih ve\u010d korakov<\/a>: vse od prevzema dokumentacije v izvirnem jeziku, predpriprave izvirnega dokumenta za prevod, priprave projekta, samega prevajalskega procesa, in nato \u0161e primerjave med izvirnim in ciljnim besedilom. Pred oddajo prevedenega besedila ga je na \u017eeljo naro\u010dnika v\u010dasih potrebno \u0161e grafi\u010dno oblikovati in\/ali pripraviti za tisk. Za kakovosten prevod si je zato potrebno vzeti \u010das, zato <b>z naro\u010dili ne odla\u0161ajte do zadnjega trenutka.<\/b><\/p>\n<p><a href=\"https:\/\/www.adriatiqa.com\/wp-content\/uploads\/2015\/10\/prevodi.jpg\"><img class=\"size-medium wp-image-3653 alignnone\" alt=\"prevodi\" src=\"https:\/\/www.adriatiqa.com\/wp-content\/uploads\/2015\/10\/prevodi-400x250.jpg\" width=\"300\" height=\"187\" \/><\/a><\/p>\n","protected":false},"excerpt":{"rendered":"<p>\u00bb\u010cez koliko \u010dasa bo prevod pripravljen?\u00ab je eno najbolj pogostih vpra\u0161anj naro\u010dnikov prevoda. \u010ceprav je neka mednarodno uveljavljena norma, da&#8230;<\/p>\n","protected":false},"author":2,"featured_media":0,"parent":3629,"menu_order":0,"comment_status":"closed","ping_status":"closed","template":"","meta":{"footnotes":""},"class_list":["post-3652","page","type-page","status-publish"],"yoast_head":"<!-- This site is optimized with the Yoast SEO plugin v27.5 - https:\/\/yoast.com\/product\/yoast-seo-wordpress\/ -->\n<title>Koliko \u010dasa potrebujemo za prevod besedila? | AdriatIQa Prevodi, prevajalska agencija<\/title>\n<meta name=\"description\" content=\"Potreben \u010das za prevod besedila je odvisen od razli\u010dnih dejavnikov. Po nekaterih mednarodno uveljavljenih normah naj bi prevajalec v enem dnevu prevedel 6-8 prevajalskih strani besedila.\" \/>\n<meta name=\"robots\" content=\"index, follow, max-snippet:-1, max-image-preview:large, max-video-preview:-1\" \/>\n<link rel=\"canonical\" href=\"https:\/\/www.adriatiqa.com\/sl\/jezikovni-koticek\/koliko-casa-potrebujemo-za-prevod-besedila\/\" \/>\n<meta name=\"twitter:label1\" content=\"Est. reading time\" \/>\n\t<meta name=\"twitter:data1\" content=\"1 minute\" \/>\n<script type=\"application\/ld+json\" class=\"yoast-schema-graph\">{\"@context\":\"https:\\\/\\\/schema.org\",\"@graph\":[{\"@type\":\"WebPage\",\"@id\":\"https:\\\/\\\/www.adriatiqa.com\\\/sl\\\/jezikovni-koticek\\\/koliko-casa-potrebujemo-za-prevod-besedila\\\/\",\"url\":\"https:\\\/\\\/www.adriatiqa.com\\\/sl\\\/jezikovni-koticek\\\/koliko-casa-potrebujemo-za-prevod-besedila\\\/\",\"name\":\"Koliko \u010dasa potrebujemo za prevod besedila? | AdriatIQa Prevodi, prevajalska agencija\",\"isPartOf\":{\"@id\":\"https:\\\/\\\/www.adriatiqa.com\\\/sl\\\/#website\"},\"primaryImageOfPage\":{\"@id\":\"https:\\\/\\\/www.adriatiqa.com\\\/sl\\\/jezikovni-koticek\\\/koliko-casa-potrebujemo-za-prevod-besedila\\\/#primaryimage\"},\"image\":{\"@id\":\"https:\\\/\\\/www.adriatiqa.com\\\/sl\\\/jezikovni-koticek\\\/koliko-casa-potrebujemo-za-prevod-besedila\\\/#primaryimage\"},\"thumbnailUrl\":\"https:\\\/\\\/www.adriatiqa.com\\\/wp-content\\\/uploads\\\/2015\\\/10\\\/prevodi-400x250.jpg\",\"datePublished\":\"2015-10-27T16:45:08+00:00\",\"dateModified\":\"2015-10-27T16:50:29+00:00\",\"description\":\"Potreben \u010das za prevod besedila je odvisen od razli\u010dnih dejavnikov. Po nekaterih mednarodno uveljavljenih normah naj bi prevajalec v enem dnevu prevedel 6-8 prevajalskih strani besedila.\",\"breadcrumb\":{\"@id\":\"https:\\\/\\\/www.adriatiqa.com\\\/sl\\\/jezikovni-koticek\\\/koliko-casa-potrebujemo-za-prevod-besedila\\\/#breadcrumb\"},\"inLanguage\":\"sl\",\"potentialAction\":[{\"@type\":\"ReadAction\",\"target\":[\"https:\\\/\\\/www.adriatiqa.com\\\/sl\\\/jezikovni-koticek\\\/koliko-casa-potrebujemo-za-prevod-besedila\\\/\"]}]},{\"@type\":\"ImageObject\",\"inLanguage\":\"sl\",\"@id\":\"https:\\\/\\\/www.adriatiqa.com\\\/sl\\\/jezikovni-koticek\\\/koliko-casa-potrebujemo-za-prevod-besedila\\\/#primaryimage\",\"url\":\"https:\\\/\\\/www.adriatiqa.com\\\/wp-content\\\/uploads\\\/2015\\\/10\\\/prevodi-400x250.jpg\",\"contentUrl\":\"https:\\\/\\\/www.adriatiqa.com\\\/wp-content\\\/uploads\\\/2015\\\/10\\\/prevodi-400x250.jpg\"},{\"@type\":\"BreadcrumbList\",\"@id\":\"https:\\\/\\\/www.adriatiqa.com\\\/sl\\\/jezikovni-koticek\\\/koliko-casa-potrebujemo-za-prevod-besedila\\\/#breadcrumb\",\"itemListElement\":[{\"@type\":\"ListItem\",\"position\":1,\"name\":\"Home\",\"item\":\"https:\\\/\\\/www.adriatiqa.com\\\/sl\\\/\"},{\"@type\":\"ListItem\",\"position\":2,\"name\":\"Jezikovni koti\u010dek\",\"item\":\"https:\\\/\\\/www.adriatiqa.com\\\/sl\\\/jezikovni-koticek\\\/\"},{\"@type\":\"ListItem\",\"position\":3,\"name\":\"Koliko \u010dasa potrebujemo za prevod besedila?\"}]},{\"@type\":\"WebSite\",\"@id\":\"https:\\\/\\\/www.adriatiqa.com\\\/sl\\\/#website\",\"url\":\"https:\\\/\\\/www.adriatiqa.com\\\/sl\\\/\",\"name\":\"AdriatIQa Prevodi, prevajalska agencija\",\"description\":\"Prevajanje, prevod v angle\u0161\u010dino, nem\u0161\u010dino\",\"publisher\":{\"@id\":\"https:\\\/\\\/www.adriatiqa.com\\\/sl\\\/#organization\"},\"potentialAction\":[{\"@type\":\"SearchAction\",\"target\":{\"@type\":\"EntryPoint\",\"urlTemplate\":\"https:\\\/\\\/www.adriatiqa.com\\\/sl\\\/?s={search_term_string}\"},\"query-input\":{\"@type\":\"PropertyValueSpecification\",\"valueRequired\":true,\"valueName\":\"search_term_string\"}}],\"inLanguage\":\"sl\"},{\"@type\":\"Organization\",\"@id\":\"https:\\\/\\\/www.adriatiqa.com\\\/sl\\\/#organization\",\"name\":\"ATE Globalis d.o.o.\",\"url\":\"https:\\\/\\\/www.adriatiqa.com\\\/sl\\\/\",\"logo\":{\"@type\":\"ImageObject\",\"inLanguage\":\"sl\",\"@id\":\"https:\\\/\\\/www.adriatiqa.com\\\/sl\\\/#\\\/schema\\\/logo\\\/image\\\/\",\"url\":\"https:\\\/\\\/www.adriatiqa.com\\\/wp-content\\\/uploads\\\/2012\\\/11\\\/adriatiqa-logo.png\",\"contentUrl\":\"https:\\\/\\\/www.adriatiqa.com\\\/wp-content\\\/uploads\\\/2012\\\/11\\\/adriatiqa-logo.png\",\"width\":297,\"height\":57,\"caption\":\"ATE Globalis d.o.o.\"},\"image\":{\"@id\":\"https:\\\/\\\/www.adriatiqa.com\\\/sl\\\/#\\\/schema\\\/logo\\\/image\\\/\"},\"sameAs\":[\"https:\\\/\\\/www.facebook.com\\\/AdriatIQa\",\"https:\\\/\\\/www.linkedin.com\\\/company\\\/adriatiqa-translations\"]}]}<\/script>\n<!-- \/ Yoast SEO plugin. -->","yoast_head_json":{"title":"Koliko \u010dasa potrebujemo za prevod besedila? | AdriatIQa Prevodi, prevajalska agencija","description":"Potreben \u010das za prevod besedila je odvisen od razli\u010dnih dejavnikov. Po nekaterih mednarodno uveljavljenih normah naj bi prevajalec v enem dnevu prevedel 6-8 prevajalskih strani besedila.","robots":{"index":"index","follow":"follow","max-snippet":"max-snippet:-1","max-image-preview":"max-image-preview:large","max-video-preview":"max-video-preview:-1"},"canonical":"https:\/\/www.adriatiqa.com\/sl\/jezikovni-koticek\/koliko-casa-potrebujemo-za-prevod-besedila\/","twitter_misc":{"Est. reading time":"1 minute"},"schema":{"@context":"https:\/\/schema.org","@graph":[{"@type":"WebPage","@id":"https:\/\/www.adriatiqa.com\/sl\/jezikovni-koticek\/koliko-casa-potrebujemo-za-prevod-besedila\/","url":"https:\/\/www.adriatiqa.com\/sl\/jezikovni-koticek\/koliko-casa-potrebujemo-za-prevod-besedila\/","name":"Koliko \u010dasa potrebujemo za prevod besedila? | AdriatIQa Prevodi, prevajalska agencija","isPartOf":{"@id":"https:\/\/www.adriatiqa.com\/sl\/#website"},"primaryImageOfPage":{"@id":"https:\/\/www.adriatiqa.com\/sl\/jezikovni-koticek\/koliko-casa-potrebujemo-za-prevod-besedila\/#primaryimage"},"image":{"@id":"https:\/\/www.adriatiqa.com\/sl\/jezikovni-koticek\/koliko-casa-potrebujemo-za-prevod-besedila\/#primaryimage"},"thumbnailUrl":"https:\/\/www.adriatiqa.com\/wp-content\/uploads\/2015\/10\/prevodi-400x250.jpg","datePublished":"2015-10-27T16:45:08+00:00","dateModified":"2015-10-27T16:50:29+00:00","description":"Potreben \u010das za prevod besedila je odvisen od razli\u010dnih dejavnikov. Po nekaterih mednarodno uveljavljenih normah naj bi prevajalec v enem dnevu prevedel 6-8 prevajalskih strani besedila.","breadcrumb":{"@id":"https:\/\/www.adriatiqa.com\/sl\/jezikovni-koticek\/koliko-casa-potrebujemo-za-prevod-besedila\/#breadcrumb"},"inLanguage":"sl","potentialAction":[{"@type":"ReadAction","target":["https:\/\/www.adriatiqa.com\/sl\/jezikovni-koticek\/koliko-casa-potrebujemo-za-prevod-besedila\/"]}]},{"@type":"ImageObject","inLanguage":"sl","@id":"https:\/\/www.adriatiqa.com\/sl\/jezikovni-koticek\/koliko-casa-potrebujemo-za-prevod-besedila\/#primaryimage","url":"https:\/\/www.adriatiqa.com\/wp-content\/uploads\/2015\/10\/prevodi-400x250.jpg","contentUrl":"https:\/\/www.adriatiqa.com\/wp-content\/uploads\/2015\/10\/prevodi-400x250.jpg"},{"@type":"BreadcrumbList","@id":"https:\/\/www.adriatiqa.com\/sl\/jezikovni-koticek\/koliko-casa-potrebujemo-za-prevod-besedila\/#breadcrumb","itemListElement":[{"@type":"ListItem","position":1,"name":"Home","item":"https:\/\/www.adriatiqa.com\/sl\/"},{"@type":"ListItem","position":2,"name":"Jezikovni koti\u010dek","item":"https:\/\/www.adriatiqa.com\/sl\/jezikovni-koticek\/"},{"@type":"ListItem","position":3,"name":"Koliko \u010dasa potrebujemo za prevod besedila?"}]},{"@type":"WebSite","@id":"https:\/\/www.adriatiqa.com\/sl\/#website","url":"https:\/\/www.adriatiqa.com\/sl\/","name":"AdriatIQa Prevodi, prevajalska agencija","description":"Prevajanje, prevod v angle\u0161\u010dino, nem\u0161\u010dino","publisher":{"@id":"https:\/\/www.adriatiqa.com\/sl\/#organization"},"potentialAction":[{"@type":"SearchAction","target":{"@type":"EntryPoint","urlTemplate":"https:\/\/www.adriatiqa.com\/sl\/?s={search_term_string}"},"query-input":{"@type":"PropertyValueSpecification","valueRequired":true,"valueName":"search_term_string"}}],"inLanguage":"sl"},{"@type":"Organization","@id":"https:\/\/www.adriatiqa.com\/sl\/#organization","name":"ATE Globalis d.o.o.","url":"https:\/\/www.adriatiqa.com\/sl\/","logo":{"@type":"ImageObject","inLanguage":"sl","@id":"https:\/\/www.adriatiqa.com\/sl\/#\/schema\/logo\/image\/","url":"https:\/\/www.adriatiqa.com\/wp-content\/uploads\/2012\/11\/adriatiqa-logo.png","contentUrl":"https:\/\/www.adriatiqa.com\/wp-content\/uploads\/2012\/11\/adriatiqa-logo.png","width":297,"height":57,"caption":"ATE Globalis d.o.o."},"image":{"@id":"https:\/\/www.adriatiqa.com\/sl\/#\/schema\/logo\/image\/"},"sameAs":["https:\/\/www.facebook.com\/AdriatIQa","https:\/\/www.linkedin.com\/company\/adriatiqa-translations"]}]}},"_links":{"self":[{"href":"https:\/\/www.adriatiqa.com\/sl\/wp-json\/wp\/v2\/pages\/3652","targetHints":{"allow":["GET"]}}],"collection":[{"href":"https:\/\/www.adriatiqa.com\/sl\/wp-json\/wp\/v2\/pages"}],"about":[{"href":"https:\/\/www.adriatiqa.com\/sl\/wp-json\/wp\/v2\/types\/page"}],"author":[{"embeddable":true,"href":"https:\/\/www.adriatiqa.com\/sl\/wp-json\/wp\/v2\/users\/2"}],"replies":[{"embeddable":true,"href":"https:\/\/www.adriatiqa.com\/sl\/wp-json\/wp\/v2\/comments?post=3652"}],"version-history":[{"count":3,"href":"https:\/\/www.adriatiqa.com\/sl\/wp-json\/wp\/v2\/pages\/3652\/revisions"}],"predecessor-version":[{"id":3655,"href":"https:\/\/www.adriatiqa.com\/sl\/wp-json\/wp\/v2\/pages\/3652\/revisions\/3655"}],"up":[{"embeddable":true,"href":"https:\/\/www.adriatiqa.com\/sl\/wp-json\/wp\/v2\/pages\/3629"}],"wp:attachment":[{"href":"https:\/\/www.adriatiqa.com\/sl\/wp-json\/wp\/v2\/media?parent=3652"}],"curies":[{"name":"wp","href":"https:\/\/api.w.org\/{rel}","templated":true}]}}