{"id":3693,"date":"2015-11-23T14:32:32","date_gmt":"2015-11-23T13:32:32","guid":{"rendered":"https:\/\/www.adriatiqa.com\/?page_id=3693"},"modified":"2015-11-23T14:39:03","modified_gmt":"2015-11-23T13:39:03","slug":"voscila","status":"publish","type":"page","link":"https:\/\/www.adriatiqa.com\/sl\/voscila\/","title":{"rendered":"Vo\u0161\u010dila"},"content":{"rendered":"<p>[vc_column_text width=&#8221;2\/3&#8243; el_position=&#8221;first&#8221;]<\/p>\n<div>\n<p>December je tisti mesec, ko izre\u010demo najve\u010d lepih \u017eelja. Pomagamo vam, da boste letos lahko vo\u0161\u010dili tudi v\u00a0tujih jezikih.<\/p>\n<p><strong>Slovenski jezik<\/strong><\/p>\n<ul>\n<li>V novem letu vam \u017eelimo veliko sre\u010de, zdravja in uspehov!<\/li>\n<li>\u017delimo vam vesele bo\u017ei\u010dne praznike in sre\u010dno novo leto!<\/li>\n<\/ul>\n<p><strong>Angle\u0161ki jezik<\/strong><\/p>\n<ul>\n<li>May the coming year bring you much happiness, health and success!<\/li>\n<li>We wish you a\u00a0Merry Christmas and a\u00a0Happy New Year!<\/li>\n<\/ul>\n<p><strong>Nem\u0161ki jezik<\/strong><\/p>\n<ul>\n<li>F\u00fcr das neue Jahr w\u00fcnschen wir Ihnen viel Gl\u00fcck, Gesundheit und Erfolg!<\/li>\n<li>Wir w\u00fcnschen Ihnen frohe Weihnachtsfeiertage und alles Gute zum neuen Jahr!<\/li>\n<\/ul>\n<p><strong>Francoski jezik<\/strong><\/p>\n<ul>\n<li>Que l\u2019ann\u00e9e qui vienne vous apporte joie, sant\u00e9 et succ\u00e8s!<\/li>\n<li>Nous vous souhaitons un joyeux No\u00ebl et une bonne ann\u00e9e!<\/li>\n<\/ul>\n<p><strong>Italijanski jezik<\/strong><\/p>\n<ul>\n<li>Che il Nuovo Anno sia pieno di felicit\u00e0, salute e successo!<\/li>\n<li>Vi auguriamo un sereno Natale e un felice Anno Nuovo!<\/li>\n<\/ul>\n<p><strong>Hrva\u0161ki jezik<\/strong><\/p>\n<ul>\n<li>U novoj godini \u017eelimo Vam mnogo sre\u0107e, zdravlja i\u00a0uspjeha!<\/li>\n<li>\u017delimo Vam vesele bo\u017ei\u0107ne blagdane i\u00a0sretnu novu godinu!<\/li>\n<\/ul>\n<p><strong>\u010ce\u0161ki jezik<\/strong><\/p>\n<ul>\n<li>P\u0159ejeme V\u00e1m hodn\u011b \u0161t\u011bst\u00ed, zdrav\u00ed a\u00a0\u00fasp\u011bch\u016f v\u00a0nov\u00e9m roce!<\/li>\n<li>Vesel\u00e9 V\u00e1noce a\u00a0\u0161\u0165astn\u00fd Nov\u00fd rok!<\/li>\n<\/ul>\n<p><strong>Slova\u0161ki jezik<\/strong><\/p>\n<ul>\n<li>V novom roku V\u00e1m \u017eel\u00e1me ve\u013ea \u0161\u0165astia, zdravia a\u00a0\u00faspechov!<\/li>\n<li>Prajeme V\u00e1m vesel\u00e9 Vianoce a\u00a0\u0161tastn\u00fd Nov\u00fd rok!<\/li>\n<\/ul>\n<p><strong>Poljski jezik<\/strong><\/p>\n<ul>\n<li>Niech nadchodz\u0105cy rok przyniesie Ci wiele rado\u015bci, zdrowia i\u00a0sukces\u00f3w!<\/li>\n<li>\u017byczymy Weso\u0142ych \u015awi\u0105t Bo\u017cego Narodzenia i\u00a0Szcz\u0119\u015bliwego Nowego Roku!<\/li>\n<\/ul>\n<p><strong>Ruski jezik<\/strong><\/p>\n<ul>\n<li>\u041f\u0443\u0441\u0442\u044c \u043d\u0430\u0441\u0442\u0443\u043f\u0430\u044e\u0449\u0438\u0439 \u0433\u043e\u0434 \u043f\u0440\u0438\u043d\u0435\u0441\u0435\u0442 \u0412\u0430\u043c \u0441\u0447\u0430\u0441\u0442\u044c\u0435, \u0437\u0434\u043e\u0440\u043e\u0432\u044c\u0435 \u0438 \u0443\u0441\u043f\u0435\u0445!<\/li>\n<li>\u0421 \u041d\u043e\u0432\u044b\u043c \u0413\u043e\u0434\u043e\u043c \u0438 \u0420\u043e\u0436\u0434\u0435\u0441\u0442\u0432\u043e\u043c \u0425\u0440\u0438\u0441\u0442\u043e\u0432\u044b\u043c!<\/li>\n<\/ul>\n<p>&nbsp;<\/p>\n<\/div>\n<p>[\/vc_column_text] [vc_single_image image=&#8221;3694&#8243; img_size=&#8221;full&#8221; img_link_target=&#8221;pphoto&#8221; width=&#8221;1\/3&#8243; el_position=&#8221;last&#8221;]<\/p>\n","protected":false},"excerpt":{"rendered":"<p>[vc_column_text width=&#8221;2\/3&#8243; el_position=&#8221;first&#8221;] December je tisti mesec, ko izre\u010demo najve\u010d lepih \u017eelja. Pomagamo vam, da boste letos lahko vo\u0161\u010dili tudi&#8230;<\/p>\n","protected":false},"author":2,"featured_media":0,"parent":0,"menu_order":0,"comment_status":"closed","ping_status":"closed","template":"","meta":{"footnotes":""},"class_list":["post-3693","page","type-page","status-publish"],"yoast_head":"<!-- This site is optimized with the Yoast SEO plugin v27.5 - https:\/\/yoast.com\/product\/yoast-seo-wordpress\/ -->\n<title>Vo\u0161\u010dila | AdriatIQa Prevodi, prevajalska agencija<\/title>\n<meta name=\"description\" content=\"Vo\u0161\u010dite svojim tujim partnerjem v njihovem jeziku.\" \/>\n<meta name=\"robots\" content=\"index, follow, max-snippet:-1, max-image-preview:large, max-video-preview:-1\" \/>\n<link rel=\"canonical\" href=\"https:\/\/www.adriatiqa.com\/sl\/voscila\/\" \/>\n<meta name=\"twitter:label1\" content=\"Est. reading time\" \/>\n\t<meta name=\"twitter:data1\" content=\"1 minute\" \/>\n<script type=\"application\/ld+json\" class=\"yoast-schema-graph\">{\"@context\":\"https:\\\/\\\/schema.org\",\"@graph\":[{\"@type\":\"WebPage\",\"@id\":\"https:\\\/\\\/www.adriatiqa.com\\\/sl\\\/voscila\\\/\",\"url\":\"https:\\\/\\\/www.adriatiqa.com\\\/sl\\\/voscila\\\/\",\"name\":\"Vo\u0161\u010dila | AdriatIQa Prevodi, prevajalska agencija\",\"isPartOf\":{\"@id\":\"https:\\\/\\\/www.adriatiqa.com\\\/sl\\\/#website\"},\"datePublished\":\"2015-11-23T13:32:32+00:00\",\"dateModified\":\"2015-11-23T13:39:03+00:00\",\"description\":\"Vo\u0161\u010dite svojim tujim partnerjem v njihovem jeziku.\",\"breadcrumb\":{\"@id\":\"https:\\\/\\\/www.adriatiqa.com\\\/sl\\\/voscila\\\/#breadcrumb\"},\"inLanguage\":\"sl\",\"potentialAction\":[{\"@type\":\"ReadAction\",\"target\":[\"https:\\\/\\\/www.adriatiqa.com\\\/sl\\\/voscila\\\/\"]}]},{\"@type\":\"BreadcrumbList\",\"@id\":\"https:\\\/\\\/www.adriatiqa.com\\\/sl\\\/voscila\\\/#breadcrumb\",\"itemListElement\":[{\"@type\":\"ListItem\",\"position\":1,\"name\":\"Home\",\"item\":\"https:\\\/\\\/www.adriatiqa.com\\\/sl\\\/\"},{\"@type\":\"ListItem\",\"position\":2,\"name\":\"Vo\u0161\u010dila\"}]},{\"@type\":\"WebSite\",\"@id\":\"https:\\\/\\\/www.adriatiqa.com\\\/sl\\\/#website\",\"url\":\"https:\\\/\\\/www.adriatiqa.com\\\/sl\\\/\",\"name\":\"AdriatIQa Prevodi, prevajalska agencija\",\"description\":\"Prevajanje, prevod v angle\u0161\u010dino, nem\u0161\u010dino\",\"publisher\":{\"@id\":\"https:\\\/\\\/www.adriatiqa.com\\\/sl\\\/#organization\"},\"potentialAction\":[{\"@type\":\"SearchAction\",\"target\":{\"@type\":\"EntryPoint\",\"urlTemplate\":\"https:\\\/\\\/www.adriatiqa.com\\\/sl\\\/?s={search_term_string}\"},\"query-input\":{\"@type\":\"PropertyValueSpecification\",\"valueRequired\":true,\"valueName\":\"search_term_string\"}}],\"inLanguage\":\"sl\"},{\"@type\":\"Organization\",\"@id\":\"https:\\\/\\\/www.adriatiqa.com\\\/sl\\\/#organization\",\"name\":\"ATE Globalis d.o.o.\",\"url\":\"https:\\\/\\\/www.adriatiqa.com\\\/sl\\\/\",\"logo\":{\"@type\":\"ImageObject\",\"inLanguage\":\"sl\",\"@id\":\"https:\\\/\\\/www.adriatiqa.com\\\/sl\\\/#\\\/schema\\\/logo\\\/image\\\/\",\"url\":\"https:\\\/\\\/www.adriatiqa.com\\\/wp-content\\\/uploads\\\/2012\\\/11\\\/adriatiqa-logo.png\",\"contentUrl\":\"https:\\\/\\\/www.adriatiqa.com\\\/wp-content\\\/uploads\\\/2012\\\/11\\\/adriatiqa-logo.png\",\"width\":297,\"height\":57,\"caption\":\"ATE Globalis d.o.o.\"},\"image\":{\"@id\":\"https:\\\/\\\/www.adriatiqa.com\\\/sl\\\/#\\\/schema\\\/logo\\\/image\\\/\"},\"sameAs\":[\"https:\\\/\\\/www.facebook.com\\\/AdriatIQa\",\"https:\\\/\\\/www.linkedin.com\\\/company\\\/adriatiqa-translations\"]}]}<\/script>\n<!-- \/ Yoast SEO plugin. -->","yoast_head_json":{"title":"Vo\u0161\u010dila | AdriatIQa Prevodi, prevajalska agencija","description":"Vo\u0161\u010dite svojim tujim partnerjem v njihovem jeziku.","robots":{"index":"index","follow":"follow","max-snippet":"max-snippet:-1","max-image-preview":"max-image-preview:large","max-video-preview":"max-video-preview:-1"},"canonical":"https:\/\/www.adriatiqa.com\/sl\/voscila\/","twitter_misc":{"Est. reading time":"1 minute"},"schema":{"@context":"https:\/\/schema.org","@graph":[{"@type":"WebPage","@id":"https:\/\/www.adriatiqa.com\/sl\/voscila\/","url":"https:\/\/www.adriatiqa.com\/sl\/voscila\/","name":"Vo\u0161\u010dila | AdriatIQa Prevodi, prevajalska agencija","isPartOf":{"@id":"https:\/\/www.adriatiqa.com\/sl\/#website"},"datePublished":"2015-11-23T13:32:32+00:00","dateModified":"2015-11-23T13:39:03+00:00","description":"Vo\u0161\u010dite svojim tujim partnerjem v njihovem jeziku.","breadcrumb":{"@id":"https:\/\/www.adriatiqa.com\/sl\/voscila\/#breadcrumb"},"inLanguage":"sl","potentialAction":[{"@type":"ReadAction","target":["https:\/\/www.adriatiqa.com\/sl\/voscila\/"]}]},{"@type":"BreadcrumbList","@id":"https:\/\/www.adriatiqa.com\/sl\/voscila\/#breadcrumb","itemListElement":[{"@type":"ListItem","position":1,"name":"Home","item":"https:\/\/www.adriatiqa.com\/sl\/"},{"@type":"ListItem","position":2,"name":"Vo\u0161\u010dila"}]},{"@type":"WebSite","@id":"https:\/\/www.adriatiqa.com\/sl\/#website","url":"https:\/\/www.adriatiqa.com\/sl\/","name":"AdriatIQa Prevodi, prevajalska agencija","description":"Prevajanje, prevod v angle\u0161\u010dino, nem\u0161\u010dino","publisher":{"@id":"https:\/\/www.adriatiqa.com\/sl\/#organization"},"potentialAction":[{"@type":"SearchAction","target":{"@type":"EntryPoint","urlTemplate":"https:\/\/www.adriatiqa.com\/sl\/?s={search_term_string}"},"query-input":{"@type":"PropertyValueSpecification","valueRequired":true,"valueName":"search_term_string"}}],"inLanguage":"sl"},{"@type":"Organization","@id":"https:\/\/www.adriatiqa.com\/sl\/#organization","name":"ATE Globalis d.o.o.","url":"https:\/\/www.adriatiqa.com\/sl\/","logo":{"@type":"ImageObject","inLanguage":"sl","@id":"https:\/\/www.adriatiqa.com\/sl\/#\/schema\/logo\/image\/","url":"https:\/\/www.adriatiqa.com\/wp-content\/uploads\/2012\/11\/adriatiqa-logo.png","contentUrl":"https:\/\/www.adriatiqa.com\/wp-content\/uploads\/2012\/11\/adriatiqa-logo.png","width":297,"height":57,"caption":"ATE Globalis d.o.o."},"image":{"@id":"https:\/\/www.adriatiqa.com\/sl\/#\/schema\/logo\/image\/"},"sameAs":["https:\/\/www.facebook.com\/AdriatIQa","https:\/\/www.linkedin.com\/company\/adriatiqa-translations"]}]}},"_links":{"self":[{"href":"https:\/\/www.adriatiqa.com\/sl\/wp-json\/wp\/v2\/pages\/3693","targetHints":{"allow":["GET"]}}],"collection":[{"href":"https:\/\/www.adriatiqa.com\/sl\/wp-json\/wp\/v2\/pages"}],"about":[{"href":"https:\/\/www.adriatiqa.com\/sl\/wp-json\/wp\/v2\/types\/page"}],"author":[{"embeddable":true,"href":"https:\/\/www.adriatiqa.com\/sl\/wp-json\/wp\/v2\/users\/2"}],"replies":[{"embeddable":true,"href":"https:\/\/www.adriatiqa.com\/sl\/wp-json\/wp\/v2\/comments?post=3693"}],"version-history":[{"count":7,"href":"https:\/\/www.adriatiqa.com\/sl\/wp-json\/wp\/v2\/pages\/3693\/revisions"}],"predecessor-version":[{"id":3696,"href":"https:\/\/www.adriatiqa.com\/sl\/wp-json\/wp\/v2\/pages\/3693\/revisions\/3696"}],"wp:attachment":[{"href":"https:\/\/www.adriatiqa.com\/sl\/wp-json\/wp\/v2\/media?parent=3693"}],"curies":[{"name":"wp","href":"https:\/\/api.w.org\/{rel}","templated":true}]}}