{"id":370,"date":"2012-11-29T14:39:14","date_gmt":"2012-11-29T13:39:14","guid":{"rendered":"http:\/\/adriatiqa598432.infonova.si\/?page_id=370"},"modified":"2023-11-19T19:41:19","modified_gmt":"2023-11-19T18:41:19","slug":"jeziki","status":"publish","type":"page","link":"https:\/\/www.adriatiqa.com\/sl\/jeziki\/","title":{"rendered":"Jeziki"},"content":{"rendered":"<div class=\"wpb-content-wrapper\"><p>[vc_row][vc_column][vc_column_text width=&#8221;2\/3&#8243; el_position=&#8221;first&#8221;]<\/p>\n<div>\n<p>Zagotavljamo prevode v\u00a0ve\u010d kot 30 svetovnih jezikov in sodelujemo le s preverjenimi prevajalci.<\/p>\n<p><strong>Jeziki, ki jih najpogosteje prevajamo:<\/strong><\/p>\n<p>&nbsp;<\/p>\n<\/div>\n<p>[\/vc_column_text][vc_row_inner][vc_column_inner width=&#8221;1\/3&#8243;][vc_column_text]<\/p>\n<h5><a title=\"Prevodi v sloven\u0161\u010dino\" href=\"https:\/\/www.adriatiqa.com\/sl\/jeziki\/prevodi-v-slovenscino\/\">Slovenski<\/a><\/h5>\n<h5><a title=\"Prevodi v italijan\u0161\u010dino\" href=\"https:\/\/www.adriatiqa.com\/sl\/jeziki\/prevodi-v-italijanscino\/\">Italijanski<\/a><\/h5>\n<h5><a title=\"Prevodi v hrva\u0161\u010dino\" href=\"https:\/\/www.adriatiqa.com\/sl\/jeziki\/prevodi-v-hrvascino\/\">Hrva\u0161ki<\/a><\/h5>\n<h5><a title=\"Prevodi v srb\u0161\u010dino\" href=\"https:\/\/www.adriatiqa.com\/sl\/jeziki\/prevodi-v-srbscino-2\/\">Srbski<\/a><\/h5>\n<h5><a title=\"Prevodi v bosan\u0161\u010dino\" href=\"https:\/\/www.adriatiqa.com\/sl\/jeziki\/prevodi-v-bosanscino\/\">Bosanski<\/a><\/h5>\n<h5>Makedonski<\/h5>\n<h5><a title=\"Prevodi v alban\u0161\u010dino\" href=\"https:\/\/www.adriatiqa.com\/sl\/jeziki\/prevodi-v-albanscino\/\">Albanski<\/a><\/h5>\n<h5><a title=\"Prevodi v kitaj\u0161\u010dino\" href=\"https:\/\/www.adriatiqa.com\/sl\/jeziki\/prevodi-v-kitajscino\/\">Kitajski<\/a><\/h5>\n<h5><a title=\"Prevodi v tur\u0161\u010dino\" href=\"https:\/\/www.adriatiqa.com\/sl\/jeziki\/prevodi-v-turscino\/\">Tur\u0161ki<\/a><\/h5>\n<h5><a title=\"Prevodi v \u0161ved\u0161\u010dino\" href=\"https:\/\/www.adriatiqa.com\/sl\/jeziki\/prevodi-v-svedscino\/\">\u0160vedski<\/a><\/h5>\n<p>[\/vc_column_text][vc_column_text]<\/p>\n<hr \/>\n<h5><a href=\"https:\/\/www.adriatiqa.com\/sl\/jeziki\/prevajanje-iz-anglescine-v-slovenscino\/\">Prevajanje iz angle\u0161\u010dine v sloven\u0161\u010dino<\/a><\/h5>\n<p>[\/vc_column_text][\/vc_column_inner][vc_column_inner width=&#8221;1\/3&#8243;][vc_column_text]<\/p>\n<h5><a title=\"Prevodi v angle\u0161\u010dino\" href=\"https:\/\/www.adriatiqa.com\/sl\/jeziki\/prevodi-v-anglescino\/\">Angle\u0161ki<\/a><\/h5>\n<h5><a title=\"Prevodi v nem\u0161\u010dino\" href=\"https:\/\/www.adriatiqa.com\/sl\/jeziki\/prevodi-v-nemscino\/\">Nem\u0161ki<\/a><\/h5>\n<h5><a title=\"Prevodi v \u0161pan\u0161\u010dino\" href=\"https:\/\/www.adriatiqa.com\/sl\/jeziki\/prevodi-v-spanscino\/\">\u0160panski<\/a><\/h5>\n<h5><a title=\"Prevodi v franco\u0161\u010dino\" href=\"https:\/\/www.adriatiqa.com\/sl\/jeziki\/prevodi-v-francoscino\/\">Francoski<\/a><\/h5>\n<h5><a title=\"Prevodi v portugal\u0161\u010dino\" href=\"https:\/\/www.adriatiqa.com\/sl\/jeziki\/prevodi-v-portugalscino\/\">Portugalski<\/a><\/h5>\n<h5><a title=\"Prevodi v ru\u0161\u010dino\" href=\"https:\/\/www.adriatiqa.com\/sl\/jeziki\/prevodi-v-ruscino\/\">Ruski<\/a><\/h5>\n<h5><a title=\"Prevodi v ukrajin\u0161\u010dino\" href=\"https:\/\/www.adriatiqa.com\/sl\/jeziki\/prevodi-v-ukrajinscino\/\">Ukrajinski<\/a><\/h5>\n<h5><a title=\"Prevodi v eston\u0161\u010dino\" href=\"https:\/\/www.adriatiqa.com\/sl\/jeziki\/prevodi-v-estonscino\/\">Estonski<\/a><\/h5>\n<h5><a title=\"Prevodi v latvij\u0161\u010dino\" href=\"https:\/\/www.adriatiqa.com\/sl\/jeziki\/prevodi-v-latvijscino\/\">Latvijski<\/a><\/h5>\n<h5><a title=\"Prevodi v litov\u0161\u010dino\" href=\"https:\/\/www.adriatiqa.com\/sl\/jeziki\/prevodi-v-litovscino\/\">Litovski<\/a><\/h5>\n<p>[\/vc_column_text][vc_column_text]<\/p>\n<hr \/>\n<h5><a href=\"https:\/\/www.adriatiqa.com\/sl\/jeziki\/prevod-iz-nemscine-v-slovenscino\/\">Prevod iz nem\u0161\u010dine v sloven\u0161\u010dino<\/a><\/h5>\n<p>[\/vc_column_text][\/vc_column_inner][vc_column_inner width=&#8221;1\/3&#8243;][vc_column_text]<\/p>\n<h5><a title=\"Prevodi v mad\u017ear\u0161\u010dino\" href=\"https:\/\/www.adriatiqa.com\/sl\/jeziki\/prevodi-v-madzarscino\/\">Mad\u017earski<\/a><\/h5>\n<h5><a title=\"Prevodi v polj\u0161\u010dino\" href=\"https:\/\/www.adriatiqa.com\/sl\/jeziki\/prevodi-v-poljscino\/\">Poljski<\/a><\/h5>\n<h5><a title=\"Prevodi v \u010de\u0161\u010dino\" href=\"https:\/\/www.adriatiqa.com\/sl\/jeziki\/prevodi-v-cescino\/\">\u010ce\u0161ki<\/a><\/h5>\n<h5><a title=\"Prevodi v slova\u0161\u010dino\" href=\"https:\/\/www.adriatiqa.com\/sl\/jeziki\/prevodi-v-slovascino\/\">Slova\u0161ki<\/a><\/h5>\n<h5><a title=\"Prevodi v bolgar\u0161\u010dino\" href=\"https:\/\/www.adriatiqa.com\/sl\/jeziki\/prevodi-v-bolgarscino\/\">Bolgarski<\/a><\/h5>\n<h5><a title=\"Prevodi v romun\u0161\u010dino\" href=\"https:\/\/www.adriatiqa.com\/sl\/jeziki\/prevodi-v-romunscino\/\">Romunski<\/a><\/h5>\n<h5><a title=\"Prevodi v gr\u0161\u010dino\" href=\"https:\/\/www.adriatiqa.com\/sl\/jeziki\/prevodi-v-grscino\/\">Gr\u0161ki<\/a><\/h5>\n<h5><a title=\"Prevodi v nizozem\u0161\u010dino\" href=\"https:\/\/www.adriatiqa.com\/sl\/jeziki\/prevodi-v-nizozemscino\/\">Nizozemski<\/a><\/h5>\n<h5><a title=\"Prevodi v dan\u0161\u010dino\" href=\"https:\/\/www.adriatiqa.com\/sl\/jeziki\/prevodi-v-danscino\/\">Danski<\/a><\/h5>\n<h5><a title=\"Prevodi v fin\u0161\u010dino\" href=\"https:\/\/www.adriatiqa.com\/sl\/jeziki\/prevodi-v-finscino\/\">Finski<\/a><\/h5>\n<p>[\/vc_column_text][\/vc_column_inner][\/vc_row_inner][vc_column_text width=&#8221;2\/3&#8243; el_position=&#8221;first&#8221;]<\/p>\n<div>\n<p>\u010ce jezika, ki ga potrebujete, ni na seznamu, po\u0161ljite povpra\u0161evanje na <a href=\"mailto:info@adriatiqa.com\">info@adriatiqa.com<\/a> in potrudili se bomo, da najdemo najbolj\u0161ega prevajalca za va\u0161 jezik.<\/p>\n<\/div>\n<p>[\/vc_column_text][\/vc_column][\/vc_row]<\/p>\n<\/div>","protected":false},"excerpt":{"rendered":"<p>[vc_row][vc_column][vc_column_text width=&#8221;2\/3&#8243; el_position=&#8221;first&#8221;] Zagotavljamo prevode v\u00a0ve\u010d kot 30 svetovnih jezikov in sodelujemo le s preverjenimi prevajalci. Jeziki, ki jih najpogosteje&#8230;<\/p>\n","protected":false},"author":2,"featured_media":519,"parent":0,"menu_order":0,"comment_status":"closed","ping_status":"closed","template":"","meta":{"footnotes":""},"class_list":["post-370","page","type-page","status-publish","has-post-thumbnail"],"yoast_head":"<!-- This site is optimized with the Yoast SEO plugin v27.4 - https:\/\/yoast.com\/product\/yoast-seo-wordpress\/ -->\n<title>Kakovostni prevodi iz sloven\u0161\u010dine v angle\u0161\u010dino<\/title>\n<meta name=\"description\" content=\"Na\u0161i prevajalci se najpogosteje sre\u010dujejo s prevodi iz sloven\u0161\u010dine v angle\u0161\u010dino, nem\u0161\u010dine v sloven\u0161\u010dino ter franco\u0161\u010dine v sloven\u0161\u010dino.\" \/>\n<meta name=\"robots\" content=\"index, follow, max-snippet:-1, max-image-preview:large, max-video-preview:-1\" \/>\n<link rel=\"canonical\" href=\"https:\/\/www.adriatiqa.com\/sl\/jeziki\/\" \/>\n<meta name=\"twitter:label1\" content=\"Est. reading time\" \/>\n\t<meta name=\"twitter:data1\" content=\"1 minute\" \/>\n<script type=\"application\/ld+json\" class=\"yoast-schema-graph\">{\"@context\":\"https:\\\/\\\/schema.org\",\"@graph\":[{\"@type\":\"WebPage\",\"@id\":\"https:\\\/\\\/www.adriatiqa.com\\\/sl\\\/jeziki\\\/\",\"url\":\"https:\\\/\\\/www.adriatiqa.com\\\/sl\\\/jeziki\\\/\",\"name\":\"Kakovostni prevodi iz sloven\u0161\u010dine v angle\u0161\u010dino\",\"isPartOf\":{\"@id\":\"https:\\\/\\\/www.adriatiqa.com\\\/sl\\\/#website\"},\"primaryImageOfPage\":{\"@id\":\"https:\\\/\\\/www.adriatiqa.com\\\/sl\\\/jeziki\\\/#primaryimage\"},\"image\":{\"@id\":\"https:\\\/\\\/www.adriatiqa.com\\\/sl\\\/jeziki\\\/#primaryimage\"},\"thumbnailUrl\":\"https:\\\/\\\/www.adriatiqa.com\\\/wp-content\\\/uploads\\\/2012\\\/11\\\/Human_Language_Families_wikicolors.png\",\"datePublished\":\"2012-11-29T13:39:14+00:00\",\"dateModified\":\"2023-11-19T18:41:19+00:00\",\"description\":\"Na\u0161i prevajalci se najpogosteje sre\u010dujejo s prevodi iz sloven\u0161\u010dine v angle\u0161\u010dino, nem\u0161\u010dine v sloven\u0161\u010dino ter franco\u0161\u010dine v sloven\u0161\u010dino.\",\"breadcrumb\":{\"@id\":\"https:\\\/\\\/www.adriatiqa.com\\\/sl\\\/jeziki\\\/#breadcrumb\"},\"inLanguage\":\"sl\",\"potentialAction\":[{\"@type\":\"ReadAction\",\"target\":[\"https:\\\/\\\/www.adriatiqa.com\\\/sl\\\/jeziki\\\/\"]}]},{\"@type\":\"ImageObject\",\"inLanguage\":\"sl\",\"@id\":\"https:\\\/\\\/www.adriatiqa.com\\\/sl\\\/jeziki\\\/#primaryimage\",\"url\":\"https:\\\/\\\/www.adriatiqa.com\\\/wp-content\\\/uploads\\\/2012\\\/11\\\/Human_Language_Families_wikicolors.png\",\"contentUrl\":\"https:\\\/\\\/www.adriatiqa.com\\\/wp-content\\\/uploads\\\/2012\\\/11\\\/Human_Language_Families_wikicolors.png\",\"width\":\"1339\",\"height\":\"636\",\"caption\":\"jeziki\"},{\"@type\":\"BreadcrumbList\",\"@id\":\"https:\\\/\\\/www.adriatiqa.com\\\/sl\\\/jeziki\\\/#breadcrumb\",\"itemListElement\":[{\"@type\":\"ListItem\",\"position\":1,\"name\":\"Home\",\"item\":\"https:\\\/\\\/www.adriatiqa.com\\\/sl\\\/\"},{\"@type\":\"ListItem\",\"position\":2,\"name\":\"Jeziki\"}]},{\"@type\":\"WebSite\",\"@id\":\"https:\\\/\\\/www.adriatiqa.com\\\/sl\\\/#website\",\"url\":\"https:\\\/\\\/www.adriatiqa.com\\\/sl\\\/\",\"name\":\"AdriatIQa Prevodi, prevajalska agencija\",\"description\":\"Prevajanje, prevod v angle\u0161\u010dino, nem\u0161\u010dino\",\"publisher\":{\"@id\":\"https:\\\/\\\/www.adriatiqa.com\\\/sl\\\/#organization\"},\"potentialAction\":[{\"@type\":\"SearchAction\",\"target\":{\"@type\":\"EntryPoint\",\"urlTemplate\":\"https:\\\/\\\/www.adriatiqa.com\\\/sl\\\/?s={search_term_string}\"},\"query-input\":{\"@type\":\"PropertyValueSpecification\",\"valueRequired\":true,\"valueName\":\"search_term_string\"}}],\"inLanguage\":\"sl\"},{\"@type\":\"Organization\",\"@id\":\"https:\\\/\\\/www.adriatiqa.com\\\/sl\\\/#organization\",\"name\":\"ATE Globalis d.o.o.\",\"url\":\"https:\\\/\\\/www.adriatiqa.com\\\/sl\\\/\",\"logo\":{\"@type\":\"ImageObject\",\"inLanguage\":\"sl\",\"@id\":\"https:\\\/\\\/www.adriatiqa.com\\\/sl\\\/#\\\/schema\\\/logo\\\/image\\\/\",\"url\":\"https:\\\/\\\/www.adriatiqa.com\\\/wp-content\\\/uploads\\\/2012\\\/11\\\/adriatiqa-logo.png\",\"contentUrl\":\"https:\\\/\\\/www.adriatiqa.com\\\/wp-content\\\/uploads\\\/2012\\\/11\\\/adriatiqa-logo.png\",\"width\":297,\"height\":57,\"caption\":\"ATE Globalis d.o.o.\"},\"image\":{\"@id\":\"https:\\\/\\\/www.adriatiqa.com\\\/sl\\\/#\\\/schema\\\/logo\\\/image\\\/\"},\"sameAs\":[\"https:\\\/\\\/www.facebook.com\\\/AdriatIQa\",\"https:\\\/\\\/www.linkedin.com\\\/company\\\/adriatiqa-translations\"]}]}<\/script>\n<!-- \/ Yoast SEO plugin. -->","yoast_head_json":{"title":"Kakovostni prevodi iz sloven\u0161\u010dine v angle\u0161\u010dino","description":"Na\u0161i prevajalci se najpogosteje sre\u010dujejo s prevodi iz sloven\u0161\u010dine v angle\u0161\u010dino, nem\u0161\u010dine v sloven\u0161\u010dino ter franco\u0161\u010dine v sloven\u0161\u010dino.","robots":{"index":"index","follow":"follow","max-snippet":"max-snippet:-1","max-image-preview":"max-image-preview:large","max-video-preview":"max-video-preview:-1"},"canonical":"https:\/\/www.adriatiqa.com\/sl\/jeziki\/","twitter_misc":{"Est. reading time":"1 minute"},"schema":{"@context":"https:\/\/schema.org","@graph":[{"@type":"WebPage","@id":"https:\/\/www.adriatiqa.com\/sl\/jeziki\/","url":"https:\/\/www.adriatiqa.com\/sl\/jeziki\/","name":"Kakovostni prevodi iz sloven\u0161\u010dine v angle\u0161\u010dino","isPartOf":{"@id":"https:\/\/www.adriatiqa.com\/sl\/#website"},"primaryImageOfPage":{"@id":"https:\/\/www.adriatiqa.com\/sl\/jeziki\/#primaryimage"},"image":{"@id":"https:\/\/www.adriatiqa.com\/sl\/jeziki\/#primaryimage"},"thumbnailUrl":"https:\/\/www.adriatiqa.com\/wp-content\/uploads\/2012\/11\/Human_Language_Families_wikicolors.png","datePublished":"2012-11-29T13:39:14+00:00","dateModified":"2023-11-19T18:41:19+00:00","description":"Na\u0161i prevajalci se najpogosteje sre\u010dujejo s prevodi iz sloven\u0161\u010dine v angle\u0161\u010dino, nem\u0161\u010dine v sloven\u0161\u010dino ter franco\u0161\u010dine v sloven\u0161\u010dino.","breadcrumb":{"@id":"https:\/\/www.adriatiqa.com\/sl\/jeziki\/#breadcrumb"},"inLanguage":"sl","potentialAction":[{"@type":"ReadAction","target":["https:\/\/www.adriatiqa.com\/sl\/jeziki\/"]}]},{"@type":"ImageObject","inLanguage":"sl","@id":"https:\/\/www.adriatiqa.com\/sl\/jeziki\/#primaryimage","url":"https:\/\/www.adriatiqa.com\/wp-content\/uploads\/2012\/11\/Human_Language_Families_wikicolors.png","contentUrl":"https:\/\/www.adriatiqa.com\/wp-content\/uploads\/2012\/11\/Human_Language_Families_wikicolors.png","width":"1339","height":"636","caption":"jeziki"},{"@type":"BreadcrumbList","@id":"https:\/\/www.adriatiqa.com\/sl\/jeziki\/#breadcrumb","itemListElement":[{"@type":"ListItem","position":1,"name":"Home","item":"https:\/\/www.adriatiqa.com\/sl\/"},{"@type":"ListItem","position":2,"name":"Jeziki"}]},{"@type":"WebSite","@id":"https:\/\/www.adriatiqa.com\/sl\/#website","url":"https:\/\/www.adriatiqa.com\/sl\/","name":"AdriatIQa Prevodi, prevajalska agencija","description":"Prevajanje, prevod v angle\u0161\u010dino, nem\u0161\u010dino","publisher":{"@id":"https:\/\/www.adriatiqa.com\/sl\/#organization"},"potentialAction":[{"@type":"SearchAction","target":{"@type":"EntryPoint","urlTemplate":"https:\/\/www.adriatiqa.com\/sl\/?s={search_term_string}"},"query-input":{"@type":"PropertyValueSpecification","valueRequired":true,"valueName":"search_term_string"}}],"inLanguage":"sl"},{"@type":"Organization","@id":"https:\/\/www.adriatiqa.com\/sl\/#organization","name":"ATE Globalis d.o.o.","url":"https:\/\/www.adriatiqa.com\/sl\/","logo":{"@type":"ImageObject","inLanguage":"sl","@id":"https:\/\/www.adriatiqa.com\/sl\/#\/schema\/logo\/image\/","url":"https:\/\/www.adriatiqa.com\/wp-content\/uploads\/2012\/11\/adriatiqa-logo.png","contentUrl":"https:\/\/www.adriatiqa.com\/wp-content\/uploads\/2012\/11\/adriatiqa-logo.png","width":297,"height":57,"caption":"ATE Globalis d.o.o."},"image":{"@id":"https:\/\/www.adriatiqa.com\/sl\/#\/schema\/logo\/image\/"},"sameAs":["https:\/\/www.facebook.com\/AdriatIQa","https:\/\/www.linkedin.com\/company\/adriatiqa-translations"]}]}},"_links":{"self":[{"href":"https:\/\/www.adriatiqa.com\/sl\/wp-json\/wp\/v2\/pages\/370","targetHints":{"allow":["GET"]}}],"collection":[{"href":"https:\/\/www.adriatiqa.com\/sl\/wp-json\/wp\/v2\/pages"}],"about":[{"href":"https:\/\/www.adriatiqa.com\/sl\/wp-json\/wp\/v2\/types\/page"}],"author":[{"embeddable":true,"href":"https:\/\/www.adriatiqa.com\/sl\/wp-json\/wp\/v2\/users\/2"}],"replies":[{"embeddable":true,"href":"https:\/\/www.adriatiqa.com\/sl\/wp-json\/wp\/v2\/comments?post=370"}],"version-history":[{"count":32,"href":"https:\/\/www.adriatiqa.com\/sl\/wp-json\/wp\/v2\/pages\/370\/revisions"}],"predecessor-version":[{"id":31889,"href":"https:\/\/www.adriatiqa.com\/sl\/wp-json\/wp\/v2\/pages\/370\/revisions\/31889"}],"wp:featuredmedia":[{"embeddable":true,"href":"https:\/\/www.adriatiqa.com\/sl\/wp-json\/wp\/v2\/media\/519"}],"wp:attachment":[{"href":"https:\/\/www.adriatiqa.com\/sl\/wp-json\/wp\/v2\/media?parent=370"}],"curies":[{"name":"wp","href":"https:\/\/api.w.org\/{rel}","templated":true}]}}