{"id":382,"date":"2012-11-29T14:41:38","date_gmt":"2012-11-29T13:41:38","guid":{"rendered":"http:\/\/adriatiqa598432.infonova.si\/?page_id=382"},"modified":"2022-08-09T15:49:05","modified_gmt":"2022-08-09T13:49:05","slug":"konferencno-tolmacenje","status":"publish","type":"page","link":"https:\/\/www.adriatiqa.com\/sl\/storitve\/tolmacenje\/konferencno-tolmacenje\/","title":{"rendered":"Konferen\u010dno tolma\u010denje"},"content":{"rendered":"<div class=\"wpb-content-wrapper\"><p>[vc_row][vc_column width=&#8221;2\/3&#8243;][vc_column_text width=&#8221;2\/3&#8243; el_position=&#8221;first&#8221;]<\/p>\n<h4><strong>Kaj je konferen\u010dno tolma\u010denje?<\/strong><\/h4>\n<p>Konferen\u010dno tolma\u010denje se izvaja na konferencah, okroglih mizah in podobnih sre\u010danjih, kjer sodeluje ve\u010dje \u0161tevilo udele\u017eencev. Pri tem se lahko izvaja <a href=\"https:\/\/www.adriatiqa.com\/sl\/storitve\/tolmacenje\/simultano-tolmacenje\/\"><strong>simultano tolma\u010denje<\/strong><\/a>, <a href=\"https:\/\/www.adriatiqa.com\/sl\/storitve\/tolmacenje\/konsekutivno-tolmacenje\/\"><strong>konsekutivno tolma\u010denje<\/strong><\/a> ali kombinacija obojega.<\/p>\n<p><strong>Simultano tolma\u010denje<\/strong> je primerno za dalj\u0161e dogodke z\u00a0ve\u010djim \u0161tevilom udele\u017eencev in jezikov. <strong>Konsekutivno tolma\u010denje<\/strong> trajanje dogodka mo\u010dno podalj\u0161a, zato za tak\u0161ne prilo\u017enosti najve\u010dkrat ni primerno. Obi\u010dajno se uporablja na manj\u0161ih sestankih in sre\u010danjih, \u0161e posebej, \u010de je potrebna zelo velika natan\u010dnost pri podajanju informacij, na primer na sodi\u0161\u010dih ali pri pomembnih poslovnih pogovorih.<\/p>\n<p>Na AdriatIQi vam lahko zagotovimo konferen\u010dno <strong>tolma\u010denje<\/strong> za <strong>ve\u010d kot deset najbolj pogostih jezikov<\/strong>, ki se uporabljajo tudi pri nas: angle\u0161\u010dina, nem\u0161\u010dina, franco\u0161\u010dina, \u0161pan\u0161\u010dina, srb\u0161\u010dina, bosan\u0161\u010dina, hrva\u0161\u010dina, italijan\u0161\u010dina, mad\u017ear\u0161\u010dina, makedon\u0161\u010dina in ru\u0161\u010dina.<\/p>\n<p>\u010ce potrebujete <strong>tolma\u010denje<\/strong> za druge jezike, se obrnite na na\u0161e <a title=\"Kdo je kdo\" href=\"https:\/\/www.adriatiqa.com\/sl\/?page_id=398\">sodelavce<\/a>, ki vam bodo znali svetovati in poiskati pravo re\u0161itev za vas.<\/p>\n<h4><\/h4>\n<h4><strong>Kako organizirati konferen\u010dno tolma\u010denje?<\/strong><\/h4>\n<p><strong>Organizacija konferenc<\/strong> in drugih ve\u010djih sre\u010danj je zahtevna in stresna naloga. <strong>\u010ce govorci in udele\u017eenci prihajajo iz tujine<\/strong>, je za kon\u010dni uspeh zelo pomembno tudi kakovostno tolma\u010denje in primerna oprema. Za pomo\u010d pri organizaciji tolma\u010denja smo za vas pripravili nekaj koristnih nasvetov:<\/p>\n<ul>\n<li>Zagotovite <strong>zadostno \u0161tevilo tolma\u010dev<\/strong> in potrebno <strong>tehni\u010dno opremo<\/strong> za konferen\u010dno tolma\u010denje. Pri AdriatIQi prevzamemo celotno skrb za izvedbo tolma\u010denja in zagotovimo vso potrebno opremo.<\/li>\n<li>Poskrbite za to, da bodo <strong>tolma\u010di pravo\u010dasno prejeli gradivo z\u00a0va\u0161ega sre\u010danja<\/strong>. Z\u00a0govorci in predavatelji se dogovorite, da vam svoje govore in predstavitve posredujejo vnaprej, prav tako tudi video gradivo, raziskave in drugo, kar bodo uporabili pri svojem nastopu. <strong>Tolma\u010de vnaprej opozorite na morebitne te\u017eavne teme in specifi\u010dne izraze.<\/strong><\/li>\n<li>\u010ce je sre\u010danje strokovno zelo zahtevno, pred izvedbo priporo\u010damo <strong>sestanek med govorci in tolma\u010di, kjer se bodo lahko pogovorili o\u00a0terminologiji in raz\u010distili morebitne nejasnosti.<\/strong> V\u00a0vsakem primeru pa je dobro, da je vsaj pred za\u010detkom sre\u010danja na voljo nekaj \u010dasa, ko se lahko govorci in tolma\u010di pogovorijo o\u00a0morebitnih dilemah.<\/li>\n<li><strong>Govorce obvestite, da bo na sre\u010danju potekalo tolma\u010denje<\/strong> in jih prosite, da to upo\u0161tevajo pri svojih nastopih.<\/li>\n<li>Pred za\u010detkom dogodka \u017ee pred prihodom udele\u017eencev <strong>preizkusite delovanje tehni\u010dne opreme.<\/strong><\/li>\n<\/ul>\n<p>[\/vc_column_text][\/vc_column][vc_column width=&#8221;1\/3&#8243;][vc_column_text]<\/p>\n<h6>Pi\u0161ite nam ali pa nas obi\u0161\u010dite. Adriatiqa<\/h6>\n<p>[\/vc_column_text]\n<div class=\"wpcf7 no-js\" id=\"wpcf7-f25110-o1\" lang=\"en\" dir=\"ltr\" data-wpcf7-id=\"25110\">\n<div class=\"screen-reader-response\"><p role=\"status\" aria-live=\"polite\" aria-atomic=\"true\"><\/p> <ul><\/ul><\/div>\n<form action=\"\/sl\/wp-json\/wp\/v2\/pages\/382#wpcf7-f25110-o1\" method=\"post\" class=\"wpcf7-form init\" aria-label=\"Contact form\" novalidate=\"novalidate\" data-status=\"init\">\n<fieldset class=\"hidden-fields-container\"><legend class=\"screen-reader-text\">Hidden fields<\/legend><input type=\"hidden\" name=\"_wpcf7\" value=\"25110\" \/><input type=\"hidden\" name=\"_wpcf7_version\" value=\"6.1.5\" \/><input type=\"hidden\" name=\"_wpcf7_locale\" value=\"en\" \/><input type=\"hidden\" name=\"_wpcf7_unit_tag\" value=\"wpcf7-f25110-o1\" \/><input type=\"hidden\" name=\"_wpcf7_container_post\" value=\"0\" \/><input type=\"hidden\" name=\"_wpcf7_posted_data_hash\" value=\"\" \/>\n<\/fieldset>\n<style>\n    .wpcf7-form div, \n    .wpcf7-form p, \n    .wpcf7-form label {\n        margin-bottom: 15px; \/* Pove\u010danje razmika med elementi *\/\n        display: block;\n    }\n\n    .wpcf7-textarea, \n    .wpcf7-text, \n    .wpcf7-email {\n        padding: 8px; \/* Dodajanje prostora za bolj\u0161o berljivost *\/\n        width: 100%; \/* Polna \u0161irina vseh vnosnih polj *\/\n        box-sizing: border-box; \/* Prepre\u010duje prelivanje *\/\n    }\n\n    .wpcf7-submit {\n        display: block;\n        text-align: left;\n        margin-top: 15px;\n    }\n<\/style>\n\n<div style=\"padding: 5px 0;\">Podjetje \/ Ime (*) <span class=\"wpcf7-form-control-wrap\" data-name=\"your-name\"><input size=\"40\" maxlength=\"400\" class=\"wpcf7-form-control wpcf7-text wpcf7-validates-as-required\" aria-required=\"true\" aria-invalid=\"false\" value=\"\" type=\"text\" name=\"your-name\" \/><\/span><\/div>\n\n<div style=\"padding: 5px 0;\">Telefonska \u0161tevilka <span class=\"wpcf7-form-control-wrap\" data-name=\"text-56\"><input size=\"40\" maxlength=\"400\" class=\"wpcf7-form-control wpcf7-text\" aria-invalid=\"false\" value=\"\" type=\"text\" name=\"text-56\" \/><\/span><\/div>\n\n<div style=\"padding: 5px 0;\">E-naslov (*) <span class=\"wpcf7-form-control-wrap\" data-name=\"your-email\"><input size=\"40\" maxlength=\"400\" class=\"wpcf7-form-control wpcf7-email wpcf7-validates-as-required wpcf7-text wpcf7-validates-as-email\" aria-required=\"true\" aria-invalid=\"false\" value=\"\" type=\"email\" name=\"your-email\" \/><\/span><\/div>\n\n<div style=\"padding: 5px 0;\">\n    Kako vam lahko pomagamo?  \n    <span class=\"wpcf7-form-control-wrap\" data-name=\"your-message\"><textarea cols=\"40\" rows=\"3\" maxlength=\"2000\" class=\"wpcf7-form-control wpcf7-textarea\" aria-invalid=\"false\" placeholder=\"Pri naro\u010dilu ponudbe za prevod ne pozabite navesti jezikovne kombinacije in predvidenega datuma zaklju\u010dka naro\u010dila.\" name=\"your-message\"><\/textarea><\/span>\n<\/div>\n\n<label><span class=\"wpcf7-form-control-wrap\" data-name=\"upload-file-786\"><input size=\"40\" class=\"wpcf7-form-control wpcf7-drag-n-drop-file d-none\" aria-invalid=\"false\" type=\"file\" multiple=\"multiple\" data-name=\"upload-file-786\" data-type=\"pdf|txt|jpg|jpeg|png|gif|pdf|doc|docx|ppt|pptx|odt|avi|ogg|m4a|mov|mp3|mp4|mpg|wav|wmv|xsx|zip|rar|7z\" data-max=\"20Mb\" data-id=\"25110\" data-version=\"free version 1.3.9.5\" accept=\".pdf, .txt, .jpg, .jpeg, .png, .gif, .pdf, .doc, .docx, .ppt, .pptx, .odt, .avi, .ogg, .m4a, .mov, .mp3, .mp4, .mpg, .wav, .wmv, .xsx, .zip, .rar, .7z\" \/><\/span><\/label>\n\n<p style=\"font-size: small; line-height: 140%; margin-bottom: 15px;\">\n    Najve\u010dja velikost nalo\u017eene datoteke ne sme presegati 20 MB.\n<\/p>\n\n<p style=\"color: black; font-size: 12px; margin-bottom: 15px;\">\n    Z oddajo obrazca se strinjate s  \n    <a href=\"https:\/\/www.adriatiqa.com\/sl\/gdpr\/\" target=\"_blank\" style=\"color: black; text-decoration: underline;\">politiko zasebnosti<\/a>.\n<\/p>\n\n<input class=\"wpcf7-form-control wpcf7-submit has-spinner\" type=\"submit\" value=\"Po\u0161lji\" \/>\n<span id=\"wpcf7-69e25b64a85b7-wrapper\" class=\"wpcf7-form-control-wrap honeypot-415-wrap\" style=\"display:none !important; visibility:hidden !important;\"><label for=\"wpcf7-69e25b64a85b7-field\" class=\"hp-message\">Please leave this field empty.<\/label><input id=\"wpcf7-69e25b64a85b7-field\"  class=\"wpcf7-form-control wpcf7-text\" type=\"text\" name=\"honeypot-415\" value=\"\" size=\"40\" tabindex=\"-1\" autocomplete=\"new-password\" \/><\/span><div class=\"wpcf7-response-output\" aria-hidden=\"true\"><\/div>\n<\/form>\n<\/div>\n[\/vc_column][\/vc_row][vc_row][vc_column][vc_column_text]<\/p>\n<h4><strong>Nasveti za govorce pri konferen\u010dnem tolma\u010denju<\/strong><\/h4>\n<p>Govorci se morajo pri svojem nastopu vsak delno prilagoditi delu tolma\u010da. Pri tem priporo\u010damo:<\/p>\n<ul>\n<li>Pred za\u010detkom dogodka si vzemite \u010das za <strong>kratko sre\u010danje z\u00a0ekipo tolma\u010dev<\/strong>, na katerem vam bodo lahko zastavili morebitna vpra\u0161anja, vi pa jih boste lahko opozorili na posebnosti v\u00a0va\u0161em nastopu.<\/li>\n<li>\u010ce radi za\u010dinite svoj nastop s\u00a0humorjem, se o\u00a0tem prej posvetujte s\u00a0tolma\u010dem, saj je \u0161ale pogosto te\u017eko prevesti tako, da ohranijo smisel.<\/li>\n<li>\u010ce bo tolma\u010denje konsekutivno, se dogovorite s\u00a0tolma\u010dem glede na\u010dina njegovega dela, \u0161e posebej o tem, <strong>kako pogosto morate delati premore v\u00a0govoru<\/strong>.<\/li>\n<li>Pri poslovnih sestankih in drugih manj\u0161ih sre\u010danjih je pomembno, da <strong>vzpostavite oseben stik s\u00a0sogovorniki.<\/strong> Zato vedno nagovarjajte njih, \u010deprav vas ne razumejo. Nikoli ne naslavljajte tolma\u010da. Ko govorijo oni, jim sledite s\u00a0pogledom in zanimanjem na obrazu.<\/li>\n<li><strong>Govorite po\u010dasi in jasno<\/strong>.<\/li>\n<\/ul>\n<p>[\/vc_column_text][\/vc_column][\/vc_row]<\/p>\n<\/div>","protected":false},"excerpt":{"rendered":"<p>[vc_row][vc_column width=&#8221;2\/3&#8243;][vc_column_text width=&#8221;2\/3&#8243; el_position=&#8221;first&#8221;] Kaj je konferen\u010dno tolma\u010denje? Konferen\u010dno tolma\u010denje se izvaja na konferencah, okroglih mizah in podobnih sre\u010danjih, kjer&#8230;<\/p>\n","protected":false},"author":2,"featured_media":0,"parent":376,"menu_order":0,"comment_status":"closed","ping_status":"closed","template":"","meta":{"footnotes":""},"class_list":["post-382","page","type-page","status-publish"],"yoast_head":"<!-- This site is optimized with the Yoast SEO plugin v27.3 - https:\/\/yoast.com\/product\/yoast-seo-wordpress\/ -->\n<title>Konferen\u010dno tolma\u010denje | AdriatIQa Prevodi, prevajalska agencija<\/title>\n<meta name=\"description\" content=\"Zagotovimo vam lahko konferen\u010dno tolma\u010denje za ve\u010d kot deset najbolj pogostih jezikov. Izvaja se na konferencah, okroglih mizah in podobnih sre\u010danjih\" \/>\n<meta name=\"robots\" content=\"index, follow, max-snippet:-1, max-image-preview:large, max-video-preview:-1\" \/>\n<link rel=\"canonical\" href=\"https:\/\/www.adriatiqa.com\/sl\/storitve\/tolmacenje\/konferencno-tolmacenje\/\" \/>\n<meta name=\"twitter:label1\" content=\"Est. reading time\" \/>\n\t<meta name=\"twitter:data1\" content=\"3 minutes\" \/>\n<script type=\"application\/ld+json\" class=\"yoast-schema-graph\">{\"@context\":\"https:\\\/\\\/schema.org\",\"@graph\":[{\"@type\":\"WebPage\",\"@id\":\"https:\\\/\\\/www.adriatiqa.com\\\/sl\\\/storitve\\\/tolmacenje\\\/konferencno-tolmacenje\\\/\",\"url\":\"https:\\\/\\\/www.adriatiqa.com\\\/sl\\\/storitve\\\/tolmacenje\\\/konferencno-tolmacenje\\\/\",\"name\":\"Konferen\u010dno tolma\u010denje | AdriatIQa Prevodi, prevajalska agencija\",\"isPartOf\":{\"@id\":\"https:\\\/\\\/www.adriatiqa.com\\\/sl\\\/#website\"},\"datePublished\":\"2012-11-29T13:41:38+00:00\",\"dateModified\":\"2022-08-09T13:49:05+00:00\",\"description\":\"Zagotovimo vam lahko konferen\u010dno tolma\u010denje za ve\u010d kot deset najbolj pogostih jezikov. Izvaja se na konferencah, okroglih mizah in podobnih sre\u010danjih\",\"breadcrumb\":{\"@id\":\"https:\\\/\\\/www.adriatiqa.com\\\/sl\\\/storitve\\\/tolmacenje\\\/konferencno-tolmacenje\\\/#breadcrumb\"},\"inLanguage\":\"sl\",\"potentialAction\":[{\"@type\":\"ReadAction\",\"target\":[\"https:\\\/\\\/www.adriatiqa.com\\\/sl\\\/storitve\\\/tolmacenje\\\/konferencno-tolmacenje\\\/\"]}]},{\"@type\":\"BreadcrumbList\",\"@id\":\"https:\\\/\\\/www.adriatiqa.com\\\/sl\\\/storitve\\\/tolmacenje\\\/konferencno-tolmacenje\\\/#breadcrumb\",\"itemListElement\":[{\"@type\":\"ListItem\",\"position\":1,\"name\":\"Home\",\"item\":\"https:\\\/\\\/www.adriatiqa.com\\\/sl\\\/\"},{\"@type\":\"ListItem\",\"position\":2,\"name\":\"Storitve\",\"item\":\"https:\\\/\\\/www.adriatiqa.com\\\/sl\\\/storitve\\\/\"},{\"@type\":\"ListItem\",\"position\":3,\"name\":\"Tolma\u010denje\",\"item\":\"https:\\\/\\\/www.adriatiqa.com\\\/sl\\\/storitve\\\/tolmacenje\\\/\"},{\"@type\":\"ListItem\",\"position\":4,\"name\":\"Konferen\u010dno tolma\u010denje\"}]},{\"@type\":\"WebSite\",\"@id\":\"https:\\\/\\\/www.adriatiqa.com\\\/sl\\\/#website\",\"url\":\"https:\\\/\\\/www.adriatiqa.com\\\/sl\\\/\",\"name\":\"AdriatIQa Prevodi, prevajalska agencija\",\"description\":\"Prevajanje, prevod v angle\u0161\u010dino, nem\u0161\u010dino\",\"publisher\":{\"@id\":\"https:\\\/\\\/www.adriatiqa.com\\\/sl\\\/#organization\"},\"potentialAction\":[{\"@type\":\"SearchAction\",\"target\":{\"@type\":\"EntryPoint\",\"urlTemplate\":\"https:\\\/\\\/www.adriatiqa.com\\\/sl\\\/?s={search_term_string}\"},\"query-input\":{\"@type\":\"PropertyValueSpecification\",\"valueRequired\":true,\"valueName\":\"search_term_string\"}}],\"inLanguage\":\"sl\"},{\"@type\":\"Organization\",\"@id\":\"https:\\\/\\\/www.adriatiqa.com\\\/sl\\\/#organization\",\"name\":\"ATE Globalis d.o.o.\",\"url\":\"https:\\\/\\\/www.adriatiqa.com\\\/sl\\\/\",\"logo\":{\"@type\":\"ImageObject\",\"inLanguage\":\"sl\",\"@id\":\"https:\\\/\\\/www.adriatiqa.com\\\/sl\\\/#\\\/schema\\\/logo\\\/image\\\/\",\"url\":\"https:\\\/\\\/www.adriatiqa.com\\\/wp-content\\\/uploads\\\/2012\\\/11\\\/adriatiqa-logo.png\",\"contentUrl\":\"https:\\\/\\\/www.adriatiqa.com\\\/wp-content\\\/uploads\\\/2012\\\/11\\\/adriatiqa-logo.png\",\"width\":297,\"height\":57,\"caption\":\"ATE Globalis d.o.o.\"},\"image\":{\"@id\":\"https:\\\/\\\/www.adriatiqa.com\\\/sl\\\/#\\\/schema\\\/logo\\\/image\\\/\"},\"sameAs\":[\"https:\\\/\\\/www.facebook.com\\\/AdriatIQa\",\"https:\\\/\\\/www.linkedin.com\\\/company\\\/adriatiqa-translations\"]}]}<\/script>\n<!-- \/ Yoast SEO plugin. -->","yoast_head_json":{"title":"Konferen\u010dno tolma\u010denje | AdriatIQa Prevodi, prevajalska agencija","description":"Zagotovimo vam lahko konferen\u010dno tolma\u010denje za ve\u010d kot deset najbolj pogostih jezikov. Izvaja se na konferencah, okroglih mizah in podobnih sre\u010danjih","robots":{"index":"index","follow":"follow","max-snippet":"max-snippet:-1","max-image-preview":"max-image-preview:large","max-video-preview":"max-video-preview:-1"},"canonical":"https:\/\/www.adriatiqa.com\/sl\/storitve\/tolmacenje\/konferencno-tolmacenje\/","twitter_misc":{"Est. reading time":"3 minutes"},"schema":{"@context":"https:\/\/schema.org","@graph":[{"@type":"WebPage","@id":"https:\/\/www.adriatiqa.com\/sl\/storitve\/tolmacenje\/konferencno-tolmacenje\/","url":"https:\/\/www.adriatiqa.com\/sl\/storitve\/tolmacenje\/konferencno-tolmacenje\/","name":"Konferen\u010dno tolma\u010denje | AdriatIQa Prevodi, prevajalska agencija","isPartOf":{"@id":"https:\/\/www.adriatiqa.com\/sl\/#website"},"datePublished":"2012-11-29T13:41:38+00:00","dateModified":"2022-08-09T13:49:05+00:00","description":"Zagotovimo vam lahko konferen\u010dno tolma\u010denje za ve\u010d kot deset najbolj pogostih jezikov. Izvaja se na konferencah, okroglih mizah in podobnih sre\u010danjih","breadcrumb":{"@id":"https:\/\/www.adriatiqa.com\/sl\/storitve\/tolmacenje\/konferencno-tolmacenje\/#breadcrumb"},"inLanguage":"sl","potentialAction":[{"@type":"ReadAction","target":["https:\/\/www.adriatiqa.com\/sl\/storitve\/tolmacenje\/konferencno-tolmacenje\/"]}]},{"@type":"BreadcrumbList","@id":"https:\/\/www.adriatiqa.com\/sl\/storitve\/tolmacenje\/konferencno-tolmacenje\/#breadcrumb","itemListElement":[{"@type":"ListItem","position":1,"name":"Home","item":"https:\/\/www.adriatiqa.com\/sl\/"},{"@type":"ListItem","position":2,"name":"Storitve","item":"https:\/\/www.adriatiqa.com\/sl\/storitve\/"},{"@type":"ListItem","position":3,"name":"Tolma\u010denje","item":"https:\/\/www.adriatiqa.com\/sl\/storitve\/tolmacenje\/"},{"@type":"ListItem","position":4,"name":"Konferen\u010dno tolma\u010denje"}]},{"@type":"WebSite","@id":"https:\/\/www.adriatiqa.com\/sl\/#website","url":"https:\/\/www.adriatiqa.com\/sl\/","name":"AdriatIQa Prevodi, prevajalska agencija","description":"Prevajanje, prevod v angle\u0161\u010dino, nem\u0161\u010dino","publisher":{"@id":"https:\/\/www.adriatiqa.com\/sl\/#organization"},"potentialAction":[{"@type":"SearchAction","target":{"@type":"EntryPoint","urlTemplate":"https:\/\/www.adriatiqa.com\/sl\/?s={search_term_string}"},"query-input":{"@type":"PropertyValueSpecification","valueRequired":true,"valueName":"search_term_string"}}],"inLanguage":"sl"},{"@type":"Organization","@id":"https:\/\/www.adriatiqa.com\/sl\/#organization","name":"ATE Globalis d.o.o.","url":"https:\/\/www.adriatiqa.com\/sl\/","logo":{"@type":"ImageObject","inLanguage":"sl","@id":"https:\/\/www.adriatiqa.com\/sl\/#\/schema\/logo\/image\/","url":"https:\/\/www.adriatiqa.com\/wp-content\/uploads\/2012\/11\/adriatiqa-logo.png","contentUrl":"https:\/\/www.adriatiqa.com\/wp-content\/uploads\/2012\/11\/adriatiqa-logo.png","width":297,"height":57,"caption":"ATE Globalis d.o.o."},"image":{"@id":"https:\/\/www.adriatiqa.com\/sl\/#\/schema\/logo\/image\/"},"sameAs":["https:\/\/www.facebook.com\/AdriatIQa","https:\/\/www.linkedin.com\/company\/adriatiqa-translations"]}]}},"_links":{"self":[{"href":"https:\/\/www.adriatiqa.com\/sl\/wp-json\/wp\/v2\/pages\/382","targetHints":{"allow":["GET"]}}],"collection":[{"href":"https:\/\/www.adriatiqa.com\/sl\/wp-json\/wp\/v2\/pages"}],"about":[{"href":"https:\/\/www.adriatiqa.com\/sl\/wp-json\/wp\/v2\/types\/page"}],"author":[{"embeddable":true,"href":"https:\/\/www.adriatiqa.com\/sl\/wp-json\/wp\/v2\/users\/2"}],"replies":[{"embeddable":true,"href":"https:\/\/www.adriatiqa.com\/sl\/wp-json\/wp\/v2\/comments?post=382"}],"version-history":[{"count":16,"href":"https:\/\/www.adriatiqa.com\/sl\/wp-json\/wp\/v2\/pages\/382\/revisions"}],"predecessor-version":[{"id":25142,"href":"https:\/\/www.adriatiqa.com\/sl\/wp-json\/wp\/v2\/pages\/382\/revisions\/25142"}],"up":[{"embeddable":true,"href":"https:\/\/www.adriatiqa.com\/sl\/wp-json\/wp\/v2\/pages\/376"}],"wp:attachment":[{"href":"https:\/\/www.adriatiqa.com\/sl\/wp-json\/wp\/v2\/media?parent=382"}],"curies":[{"name":"wp","href":"https:\/\/api.w.org\/{rel}","templated":true}]}}