{"id":3850,"date":"2016-02-29T16:28:12","date_gmt":"2016-02-29T15:28:12","guid":{"rendered":"https:\/\/www.adriatiqa.com\/?page_id=3850"},"modified":"2016-02-29T16:47:35","modified_gmt":"2016-02-29T15:47:35","slug":"najbolj-zabavni-prevajalski-spodrsljaji","status":"publish","type":"page","link":"https:\/\/www.adriatiqa.com\/sl\/najbolj-zabavni-prevajalski-spodrsljaji\/","title":{"rendered":"Najbolj zabavni prevajalski spodrsljaji"},"content":{"rendered":"<p>[vc_column_text width=&#8221;1\/1&#8243; el_position=&#8221;first last&#8221;]<\/p>\n<p><b>\u010ce se s prevajanjem ukvarjate poklicno, vam verjetno povzro\u010dajo glavobole, \u010de prevode naro\u010date, ste ob njih verjetno malce nejevoljni, \u010de pa ste med tistimi, ki jih pogosto zasledijo, pa se jim najve\u010dkrat iskreno nasmejite. A dejstvo je, da se prevajalski spodrsljaji dogajajo \u2013 in to niti ne tako zelo redko. Nekateri so sme\u0161ni, drugi zabavni, tretji pa malce manj prijetni. Danes se bomo osredoto\u010dili predvsem na tiste najbolj zabavne, ki so nam na obraz narisali nasmeh.<\/b><\/p>\n<p>&nbsp;<\/p>\n<h2>#1: Ah, ti prevajalski programi<\/h2>\n<p>Vsi, ki se s <a href=\"https:\/\/www.adriatiqa.com\/sl\/prevajanje\/\">prevajanjem <\/a>ukvarjajo poklicno, so \u0161e kako veseli, da obstajajo programi, ki jim olaj\u0161ajo delo \u2013 a seveda sama uporaba programa nikakor ni dovolj, potrebno je namre\u010d \u0161e znanje, da prevod kriti\u010dno ovrednotimo. No, tega v tem primeru zagotovo niso storili, zato sploh niso opazili, da so namesto dejanskega prevoda uporabili kar obvestilo o napaki.<\/p>\n<p><a href=\"https:\/\/www.adriatiqa.com\/wp-content\/uploads\/2016\/02\/prevajalski-spodrsljaji.jpg\"><img class=\"size-full wp-image-3851 alignnone\" alt=\"prevajalski spodrsljaji\" src=\"https:\/\/www.adriatiqa.com\/wp-content\/uploads\/2016\/02\/prevajalski-spodrsljaji.jpg\" width=\"518\" height=\"329\" \/><\/a><\/p>\n<p style=\"text-align: left;\" align=\"center\">Vir slike: <a href=\"http:\/\/www.mirror.co.uk\/\">http:\/\/www.mirror.co.uk\/<\/a><\/p>\n<p>&nbsp;<\/p>\n<h2>#2: Khm \u2026 kaj?<\/h2>\n<p>Z dobr\u0161no mero domi\u0161ljije sicer lahko ugotovimo, da se od nas pri\u010dakuje, da cigaretnih ogorkov in drugih smeti ne odmetavamo na tla \u2013 a kaj ve\u010d bi iz napisa res te\u017eko razbrali. V procesu prevajanja besedila je \u0161lo nekaj o\u010ditno zelo narobe \u2013 razen seveda, \u010de smo vse skupaj popolnoma napa\u010dno razumeli in je napis v resnici povezan z neko veli\u010dastno \u017eivaljo.<\/p>\n<p><a href=\"https:\/\/www.adriatiqa.com\/wp-content\/uploads\/2016\/02\/prevajalski-spodrsljaji11.jpg\"><img class=\"size-full wp-image-3858 alignnone\" alt=\"prevajalski spodrsljaji1\" src=\"https:\/\/www.adriatiqa.com\/wp-content\/uploads\/2016\/02\/prevajalski-spodrsljaji11.jpg\" width=\"589\" height=\"406\" \/><\/a><\/p>\n<p style=\"text-align: left;\" align=\"center\">Vir slike: <a href=\"http:\/\/www.mirror.co.uk\/\">http:\/\/www.mirror.co.uk\/<\/a><\/p>\n<p>&nbsp;<\/p>\n<h2>#3: Ko prevod obeta \u0161e ve\u010d kot original \u2026<\/h2>\n<p style=\"text-align: left;\" align=\"center\">Da, tudi to se dogaja \u2013 in prav to se je zgodilo tudi v tem primeru. Prevod obljublja nekaj, kar original skoraj zagotovo ne \u2013 a \u010de je namen dober, ne bomo komplicirali, kajne? Le kdo si ne bi z veseljem privo\u0161\u010dil ve\u010derje, ob kateri ga ne bo doletela morebitna neza\u017eelena nose\u010dnost?<\/p>\n<p style=\"text-align: left;\" align=\"center\"><a href=\"https:\/\/www.adriatiqa.com\/wp-content\/uploads\/2016\/02\/prevajalski-spodrsljaji2.jpg\"><img class=\"size-full wp-image-3853 alignnone\" alt=\"prevajalski spodrsljaji2\" src=\"https:\/\/www.adriatiqa.com\/wp-content\/uploads\/2016\/02\/prevajalski-spodrsljaji2.jpg\" width=\"478\" height=\"317\" \/><\/a><\/p>\n<p style=\"text-align: left;\" align=\"center\">Vir slike: <a href=\"http:\/\/www.lonelyplanet.com\/\">http:\/\/<\/a><a href=\"http:\/\/www.lonelyplanet.com\/\">www.lonelyplanet.com\/<\/a><\/p>\n<p>&nbsp;<\/p>\n<h2>#4: V\u010dasih lahko samo upamo, da je prevod napa\u010den \u2026<\/h2>\n<p>Enako velja tudi v tem primeru! Samo upamo lahko, da gre le za napa\u010den prevod \u2013 in da dojen\u010dki v resnici ne bodo izmenjevali umazanih plenic. A glede na to, da imajo ljudje precej nenavadne hobije, je povsem mogo\u010de tudi, da gre za dojen\u010dke, ki so se odlo\u010dili, da je uporabljene plenice kar malce \u0161koda zavre\u010di \u2026<\/p>\n<p><a href=\"https:\/\/www.adriatiqa.com\/wp-content\/uploads\/2016\/02\/prevajalski-spodrsljaji3.jpg\"><img class=\"wp-image-3854 alignnone\" alt=\"prevajalski spodrsljaji3\" src=\"https:\/\/www.adriatiqa.com\/wp-content\/uploads\/2016\/02\/prevajalski-spodrsljaji3.jpg\" width=\"580\" height=\"363\" srcset=\"https:\/\/www.adriatiqa.com\/wp-content\/uploads\/2016\/02\/prevajalski-spodrsljaji3.jpg 725w, https:\/\/www.adriatiqa.com\/wp-content\/uploads\/2016\/02\/prevajalski-spodrsljaji3-400x250.jpg 400w\" sizes=\"(max-width: 580px) 100vw, 580px\" \/><\/a><\/p>\n<p style=\"text-align: left;\" align=\"center\">Vir slike: <a href=\"http:\/\/www.dailymail.co.uk\">www.dailymail.co.uk<\/a><\/p>\n<p>&nbsp;<\/p>\n<h2>#5: Ko prevod preprosto \u2013 preseneti<\/h2>\n<p>Tudi v tem primeru lahko le upamo, da gre za napako \u2026 Seveda se zavedamo, da imajo ljudje na razli\u010dnih koncih sveta radi razli\u010dne jedi. Tudi mi si denimo ne predstavljamo, da bi prav z u\u017eitkom pohrustali kak\u0161nega pajka ali drugo gomaze\u010do \u017eival \u2013 ampak ocvrti dojen\u010dki so morda vseeno kaplja \u010dez rob, kaj pravite?<\/p>\n<p><a href=\"https:\/\/www.adriatiqa.com\/wp-content\/uploads\/2016\/02\/prevajalski-spodrsljaji4.jpg\"><img class=\"wp-image-3855 alignnone\" alt=\"prevajalski spodrsljaji4\" src=\"https:\/\/www.adriatiqa.com\/wp-content\/uploads\/2016\/02\/prevajalski-spodrsljaji4.jpg\" width=\"580\" height=\"434\" \/><\/a><\/p>\n<p style=\"text-align: left;\" align=\"center\">Vir slike: <a href=\"http:\/\/www.notey.com\">www.notey.com<\/a><\/p>\n<p>&nbsp;<\/p>\n<h2>#6: Z najbolj\u0161imi nameni \u2026<\/h2>\n<p>Namen je sicer dober, izvedba pa malce slab\u0161a \u2013 a vseeno je dobro vedeti, da moramo biti pri zdrsih in padcih kar se da previdni. Ne nazadnje ni povsem vseeno, kako pademo, kajne?<\/p>\n<p><a href=\"https:\/\/www.adriatiqa.com\/wp-content\/uploads\/2016\/02\/prevajalski-spodrsljaji5.jpg\"><img class=\"size-full wp-image-3856 alignnone\" alt=\"prevajalski spodrsljaji5\" src=\"https:\/\/www.adriatiqa.com\/wp-content\/uploads\/2016\/02\/prevajalski-spodrsljaji5.jpg\" width=\"417\" height=\"310\" \/><\/a><\/p>\n<p style=\"text-align: left;\" align=\"center\">Vir slike: <a href=\"http:\/\/www.booksfromfinland.fi\/\">http:\/\/www.booksfromfinland.fi\/<\/a><\/p>\n<p>&nbsp;<\/p>\n<h2>#7: Ko vas zgrabi panika \u2026<\/h2>\n<p>Napis na vlaku je od vas pravkar zahteval, da poka\u017eete svojo hobotnico \u2013 vi pa ste presneto stvar o\u010ditno pustili doma! Prebrskali ste \u017ee vse \u017eepe, pogledali tudi v torbico, celo kov\u010dek ste odprli, \u010de ste lovkasto \u017eival morda vtaknili tja \u2013 a prav nikjer je ni! Ko se vam naslednji\u010d zgodi kaj podobnega, najprej globoko vdihnite in pomislite, \u010de ne gre morda za napako \u2013 saj veste, prevajalski spodrsljaji so kar pogosta stvar&#8230;<\/p>\n<p><a href=\"https:\/\/www.adriatiqa.com\/wp-content\/uploads\/2016\/02\/prevajalski-spodrsljaji6.jpg\"><img class=\"size-full wp-image-3857 alignnone\" alt=\"prevajalski spodrsljaji6\" src=\"https:\/\/www.adriatiqa.com\/wp-content\/uploads\/2016\/02\/prevajalski-spodrsljaji6.jpg\" width=\"286\" height=\"219\" \/><\/a><\/p>\n<p style=\"text-align: left;\" align=\"center\">Vir slike: <a href=\"http:\/\/www.pinterest.com\">www.pinterest.com<\/a><\/p>\n<h3 style=\"text-align: left;\" align=\"center\"><strong>Da se vse to ne zgodi tudi vam, zaupajte svoje prevode strokovnjakom!<\/strong><\/h3>\n<p>[\/vc_column_text]<\/p>\n","protected":false},"excerpt":{"rendered":"<p>[vc_column_text width=&#8221;1\/1&#8243; el_position=&#8221;first last&#8221;] \u010ce se s prevajanjem ukvarjate poklicno, vam verjetno povzro\u010dajo glavobole, \u010de prevode naro\u010date, ste ob njih&#8230;<\/p>\n","protected":false},"author":2,"featured_media":0,"parent":0,"menu_order":0,"comment_status":"closed","ping_status":"closed","template":"","meta":{"footnotes":""},"class_list":["post-3850","page","type-page","status-publish"],"yoast_head":"<!-- This site is optimized with the Yoast SEO plugin v27.4 - https:\/\/yoast.com\/product\/yoast-seo-wordpress\/ -->\n<title>Najbolj zabavni prevajalski spodrsljaji | AdriatIQa Prevodi, prevajalska agencija<\/title>\n<meta name=\"description\" content=\"Dejstvo je, da se prevajalski spodrsljaji dogajajo \u2013 in to niti ne tako zelo redko. Nekateri so sme\u0161ni, drugi zabavni, tretji pa malce manj prijetni...\" \/>\n<meta name=\"robots\" content=\"index, follow, max-snippet:-1, max-image-preview:large, max-video-preview:-1\" \/>\n<link rel=\"canonical\" href=\"https:\/\/www.adriatiqa.com\/sl\/najbolj-zabavni-prevajalski-spodrsljaji\/\" \/>\n<meta name=\"twitter:label1\" content=\"Est. reading time\" \/>\n\t<meta name=\"twitter:data1\" content=\"3 minutes\" \/>\n<script type=\"application\/ld+json\" class=\"yoast-schema-graph\">{\"@context\":\"https:\\\/\\\/schema.org\",\"@graph\":[{\"@type\":\"WebPage\",\"@id\":\"https:\\\/\\\/www.adriatiqa.com\\\/sl\\\/najbolj-zabavni-prevajalski-spodrsljaji\\\/\",\"url\":\"https:\\\/\\\/www.adriatiqa.com\\\/sl\\\/najbolj-zabavni-prevajalski-spodrsljaji\\\/\",\"name\":\"Najbolj zabavni prevajalski spodrsljaji | AdriatIQa Prevodi, prevajalska agencija\",\"isPartOf\":{\"@id\":\"https:\\\/\\\/www.adriatiqa.com\\\/sl\\\/#website\"},\"primaryImageOfPage\":{\"@id\":\"https:\\\/\\\/www.adriatiqa.com\\\/sl\\\/najbolj-zabavni-prevajalski-spodrsljaji\\\/#primaryimage\"},\"image\":{\"@id\":\"https:\\\/\\\/www.adriatiqa.com\\\/sl\\\/najbolj-zabavni-prevajalski-spodrsljaji\\\/#primaryimage\"},\"thumbnailUrl\":\"https:\\\/\\\/www.adriatiqa.com\\\/wp-content\\\/uploads\\\/2016\\\/02\\\/prevajalski-spodrsljaji.jpg\",\"datePublished\":\"2016-02-29T15:28:12+00:00\",\"dateModified\":\"2016-02-29T15:47:35+00:00\",\"description\":\"Dejstvo je, da se prevajalski spodrsljaji dogajajo \u2013 in to niti ne tako zelo redko. Nekateri so sme\u0161ni, drugi zabavni, tretji pa malce manj prijetni...\",\"breadcrumb\":{\"@id\":\"https:\\\/\\\/www.adriatiqa.com\\\/sl\\\/najbolj-zabavni-prevajalski-spodrsljaji\\\/#breadcrumb\"},\"inLanguage\":\"sl\",\"potentialAction\":[{\"@type\":\"ReadAction\",\"target\":[\"https:\\\/\\\/www.adriatiqa.com\\\/sl\\\/najbolj-zabavni-prevajalski-spodrsljaji\\\/\"]}]},{\"@type\":\"ImageObject\",\"inLanguage\":\"sl\",\"@id\":\"https:\\\/\\\/www.adriatiqa.com\\\/sl\\\/najbolj-zabavni-prevajalski-spodrsljaji\\\/#primaryimage\",\"url\":\"https:\\\/\\\/www.adriatiqa.com\\\/wp-content\\\/uploads\\\/2016\\\/02\\\/prevajalski-spodrsljaji.jpg\",\"contentUrl\":\"https:\\\/\\\/www.adriatiqa.com\\\/wp-content\\\/uploads\\\/2016\\\/02\\\/prevajalski-spodrsljaji.jpg\"},{\"@type\":\"BreadcrumbList\",\"@id\":\"https:\\\/\\\/www.adriatiqa.com\\\/sl\\\/najbolj-zabavni-prevajalski-spodrsljaji\\\/#breadcrumb\",\"itemListElement\":[{\"@type\":\"ListItem\",\"position\":1,\"name\":\"Home\",\"item\":\"https:\\\/\\\/www.adriatiqa.com\\\/sl\\\/\"},{\"@type\":\"ListItem\",\"position\":2,\"name\":\"Najbolj zabavni prevajalski spodrsljaji\"}]},{\"@type\":\"WebSite\",\"@id\":\"https:\\\/\\\/www.adriatiqa.com\\\/sl\\\/#website\",\"url\":\"https:\\\/\\\/www.adriatiqa.com\\\/sl\\\/\",\"name\":\"AdriatIQa Prevodi, prevajalska agencija\",\"description\":\"Prevajanje, prevod v angle\u0161\u010dino, nem\u0161\u010dino\",\"publisher\":{\"@id\":\"https:\\\/\\\/www.adriatiqa.com\\\/sl\\\/#organization\"},\"potentialAction\":[{\"@type\":\"SearchAction\",\"target\":{\"@type\":\"EntryPoint\",\"urlTemplate\":\"https:\\\/\\\/www.adriatiqa.com\\\/sl\\\/?s={search_term_string}\"},\"query-input\":{\"@type\":\"PropertyValueSpecification\",\"valueRequired\":true,\"valueName\":\"search_term_string\"}}],\"inLanguage\":\"sl\"},{\"@type\":\"Organization\",\"@id\":\"https:\\\/\\\/www.adriatiqa.com\\\/sl\\\/#organization\",\"name\":\"ATE Globalis d.o.o.\",\"url\":\"https:\\\/\\\/www.adriatiqa.com\\\/sl\\\/\",\"logo\":{\"@type\":\"ImageObject\",\"inLanguage\":\"sl\",\"@id\":\"https:\\\/\\\/www.adriatiqa.com\\\/sl\\\/#\\\/schema\\\/logo\\\/image\\\/\",\"url\":\"https:\\\/\\\/www.adriatiqa.com\\\/wp-content\\\/uploads\\\/2012\\\/11\\\/adriatiqa-logo.png\",\"contentUrl\":\"https:\\\/\\\/www.adriatiqa.com\\\/wp-content\\\/uploads\\\/2012\\\/11\\\/adriatiqa-logo.png\",\"width\":297,\"height\":57,\"caption\":\"ATE Globalis d.o.o.\"},\"image\":{\"@id\":\"https:\\\/\\\/www.adriatiqa.com\\\/sl\\\/#\\\/schema\\\/logo\\\/image\\\/\"},\"sameAs\":[\"https:\\\/\\\/www.facebook.com\\\/AdriatIQa\",\"https:\\\/\\\/www.linkedin.com\\\/company\\\/adriatiqa-translations\"]}]}<\/script>\n<!-- \/ Yoast SEO plugin. -->","yoast_head_json":{"title":"Najbolj zabavni prevajalski spodrsljaji | AdriatIQa Prevodi, prevajalska agencija","description":"Dejstvo je, da se prevajalski spodrsljaji dogajajo \u2013 in to niti ne tako zelo redko. Nekateri so sme\u0161ni, drugi zabavni, tretji pa malce manj prijetni...","robots":{"index":"index","follow":"follow","max-snippet":"max-snippet:-1","max-image-preview":"max-image-preview:large","max-video-preview":"max-video-preview:-1"},"canonical":"https:\/\/www.adriatiqa.com\/sl\/najbolj-zabavni-prevajalski-spodrsljaji\/","twitter_misc":{"Est. reading time":"3 minutes"},"schema":{"@context":"https:\/\/schema.org","@graph":[{"@type":"WebPage","@id":"https:\/\/www.adriatiqa.com\/sl\/najbolj-zabavni-prevajalski-spodrsljaji\/","url":"https:\/\/www.adriatiqa.com\/sl\/najbolj-zabavni-prevajalski-spodrsljaji\/","name":"Najbolj zabavni prevajalski spodrsljaji | AdriatIQa Prevodi, prevajalska agencija","isPartOf":{"@id":"https:\/\/www.adriatiqa.com\/sl\/#website"},"primaryImageOfPage":{"@id":"https:\/\/www.adriatiqa.com\/sl\/najbolj-zabavni-prevajalski-spodrsljaji\/#primaryimage"},"image":{"@id":"https:\/\/www.adriatiqa.com\/sl\/najbolj-zabavni-prevajalski-spodrsljaji\/#primaryimage"},"thumbnailUrl":"https:\/\/www.adriatiqa.com\/wp-content\/uploads\/2016\/02\/prevajalski-spodrsljaji.jpg","datePublished":"2016-02-29T15:28:12+00:00","dateModified":"2016-02-29T15:47:35+00:00","description":"Dejstvo je, da se prevajalski spodrsljaji dogajajo \u2013 in to niti ne tako zelo redko. Nekateri so sme\u0161ni, drugi zabavni, tretji pa malce manj prijetni...","breadcrumb":{"@id":"https:\/\/www.adriatiqa.com\/sl\/najbolj-zabavni-prevajalski-spodrsljaji\/#breadcrumb"},"inLanguage":"sl","potentialAction":[{"@type":"ReadAction","target":["https:\/\/www.adriatiqa.com\/sl\/najbolj-zabavni-prevajalski-spodrsljaji\/"]}]},{"@type":"ImageObject","inLanguage":"sl","@id":"https:\/\/www.adriatiqa.com\/sl\/najbolj-zabavni-prevajalski-spodrsljaji\/#primaryimage","url":"https:\/\/www.adriatiqa.com\/wp-content\/uploads\/2016\/02\/prevajalski-spodrsljaji.jpg","contentUrl":"https:\/\/www.adriatiqa.com\/wp-content\/uploads\/2016\/02\/prevajalski-spodrsljaji.jpg"},{"@type":"BreadcrumbList","@id":"https:\/\/www.adriatiqa.com\/sl\/najbolj-zabavni-prevajalski-spodrsljaji\/#breadcrumb","itemListElement":[{"@type":"ListItem","position":1,"name":"Home","item":"https:\/\/www.adriatiqa.com\/sl\/"},{"@type":"ListItem","position":2,"name":"Najbolj zabavni prevajalski spodrsljaji"}]},{"@type":"WebSite","@id":"https:\/\/www.adriatiqa.com\/sl\/#website","url":"https:\/\/www.adriatiqa.com\/sl\/","name":"AdriatIQa Prevodi, prevajalska agencija","description":"Prevajanje, prevod v angle\u0161\u010dino, nem\u0161\u010dino","publisher":{"@id":"https:\/\/www.adriatiqa.com\/sl\/#organization"},"potentialAction":[{"@type":"SearchAction","target":{"@type":"EntryPoint","urlTemplate":"https:\/\/www.adriatiqa.com\/sl\/?s={search_term_string}"},"query-input":{"@type":"PropertyValueSpecification","valueRequired":true,"valueName":"search_term_string"}}],"inLanguage":"sl"},{"@type":"Organization","@id":"https:\/\/www.adriatiqa.com\/sl\/#organization","name":"ATE Globalis d.o.o.","url":"https:\/\/www.adriatiqa.com\/sl\/","logo":{"@type":"ImageObject","inLanguage":"sl","@id":"https:\/\/www.adriatiqa.com\/sl\/#\/schema\/logo\/image\/","url":"https:\/\/www.adriatiqa.com\/wp-content\/uploads\/2012\/11\/adriatiqa-logo.png","contentUrl":"https:\/\/www.adriatiqa.com\/wp-content\/uploads\/2012\/11\/adriatiqa-logo.png","width":297,"height":57,"caption":"ATE Globalis d.o.o."},"image":{"@id":"https:\/\/www.adriatiqa.com\/sl\/#\/schema\/logo\/image\/"},"sameAs":["https:\/\/www.facebook.com\/AdriatIQa","https:\/\/www.linkedin.com\/company\/adriatiqa-translations"]}]}},"_links":{"self":[{"href":"https:\/\/www.adriatiqa.com\/sl\/wp-json\/wp\/v2\/pages\/3850","targetHints":{"allow":["GET"]}}],"collection":[{"href":"https:\/\/www.adriatiqa.com\/sl\/wp-json\/wp\/v2\/pages"}],"about":[{"href":"https:\/\/www.adriatiqa.com\/sl\/wp-json\/wp\/v2\/types\/page"}],"author":[{"embeddable":true,"href":"https:\/\/www.adriatiqa.com\/sl\/wp-json\/wp\/v2\/users\/2"}],"replies":[{"embeddable":true,"href":"https:\/\/www.adriatiqa.com\/sl\/wp-json\/wp\/v2\/comments?post=3850"}],"version-history":[{"count":6,"href":"https:\/\/www.adriatiqa.com\/sl\/wp-json\/wp\/v2\/pages\/3850\/revisions"}],"predecessor-version":[{"id":3860,"href":"https:\/\/www.adriatiqa.com\/sl\/wp-json\/wp\/v2\/pages\/3850\/revisions\/3860"}],"wp:attachment":[{"href":"https:\/\/www.adriatiqa.com\/sl\/wp-json\/wp\/v2\/media?parent=3850"}],"curies":[{"name":"wp","href":"https:\/\/api.w.org\/{rel}","templated":true}]}}