{"id":3873,"date":"2016-03-01T11:10:15","date_gmt":"2016-03-01T10:10:15","guid":{"rendered":"https:\/\/www.adriatiqa.com\/?page_id=3873"},"modified":"2016-03-01T11:25:14","modified_gmt":"2016-03-01T10:25:14","slug":"kako-organizirati-konferencno-tolmacenje","status":"publish","type":"page","link":"https:\/\/www.adriatiqa.com\/sl\/kako-organizirati-konferencno-tolmacenje\/","title":{"rendered":"Kako organizirati konferen\u010dno tolma\u010denje"},"content":{"rendered":"<p>[vc_column_text width=&#8221;2\/3&#8243; el_position=&#8221;first&#8221;]<\/p>\n<p><b>Organizacija konferenc<\/b> in drugih ve\u010djih sre\u010danj je zahtevna in stresna naloga. Konferen\u010dno tolma\u010denje se izvaja na konferencah, okroglih mizah in podobnih sre\u010danjih, kjer sodeluje ve\u010dje \u0161tevilo udele\u017eencev. Pri tem se lahko izvaja <b>simultano tolma\u010denje<\/b>, <b>konsekutivno tolma\u010denje<\/b> ali kombinacija obojega.<\/p>\n<p>Za pomo\u010d pri organizaciji tolma\u010denja smo za vas pripravili nekaj koristnih nasvetov:<\/p>\n<ul>\n<li>Zagotovite <b>zadostno \u0161tevilo tolma\u010dev<\/b> in potrebno <b>tehni\u010dno opremo<\/b> za konferen\u010dno tolma\u010denje.<\/li>\n<li>Poskrbite za to, da bodo <b>tolma\u010di pravo\u010dasno prejeli gradivo z\u00a0va\u0161ega sre\u010danja<\/b>. Z\u00a0govorci in predavatelji se dogovorite, da vam svoje govore in predstavitve posredujejo vnaprej, prav tako tudi video gradivo, raziskave in drugo, kar bodo uporabili pri svojem nastopu. <b>Tolma\u010de vnaprej opozorite na morebitne te\u017eavne teme in specifi\u010dne izraze.<\/b><\/li>\n<li>\u010ce je sre\u010danje strokovno zelo zahtevno, pred izvedbo priporo\u010damo <b>sestanek med govorci in tolma\u010di, kjer se bodo lahko pogovorili o\u00a0terminologiji in raz\u010distili morebitne nejasnosti.<\/b> V\u00a0vsakem primeru pa je dobro, da je vsaj pred za\u010detkom sre\u010danja na voljo nekaj \u010dasa, ko se lahko govorci in tolma\u010di pogovorijo o\u00a0morebitnih dilemah.<\/li>\n<li><b>Govorce obvestite, da bo na sre\u010danju potekalo tolma\u010denje<\/b> in jih prosite, da to upo\u0161tevajo pri svojih nastopih.<\/li>\n<li>Pred za\u010detkom dogodka \u017ee pred prihodom udele\u017eencev <b>preizkusite delovanje tehni\u010dne opreme.<\/b><\/li>\n<\/ul>\n<h3><\/h3>\n<h3>Nasveti za govorce pri konferen\u010dnem tolma\u010denju<\/h3>\n<p>Govorci se morajo pri svojem nastopu vsaj delno prilagoditi delu tolma\u010da. Pri tem priporo\u010damo:<\/p>\n<ul>\n<li>Pred za\u010detkom dogodka si vzemite \u010das za <b>kratko sre\u010danje z\u00a0ekipo tolma\u010dev<\/b>, na katerem vam bodo lahko zastavili morebitna vpra\u0161anja, vi pa jih boste lahko opozorili na posebnosti v\u00a0va\u0161em nastopu.<\/li>\n<li>\u010ce radi za\u010dinite svoj nastop s\u00a0humorjem, se o\u00a0tem prej posvetujte s\u00a0tolma\u010dem, saj je \u0161ale pogosto te\u017eko prevesti tako, da ohranijo smisel.<\/li>\n<li>\u010ce bo tolma\u010denje konsekutivno, se dogovorite s\u00a0tolma\u010dem glede na\u010dina njegovega dela, \u0161e posebej o tem, <b>kako pogosto morate delati premore v\u00a0govoru<\/b>.<\/li>\n<li>Pri poslovnih sestankih in drugih manj\u0161ih sre\u010danjih je pomembno, da <b>vzpostavite oseben stik s\u00a0sogovorniki.<\/b> Zato vedno nagovarjajte njih, \u010deprav vas ne razumejo. Nikoli ne naslavljajte tolma\u010da. Ko govorijo oni, jim sledite s\u00a0pogledom in zanimanjem na obrazu.<\/li>\n<li><b>Govorite po\u010dasi in jasno<\/b>.<\/li>\n<\/ul>\n<p>&nbsp;<\/p>\n<p>V prevajalskem podjetju <b>AdriatIQa prevodi<\/b> nudimo vse vrste tolma\u010denj za <strong>ve\u010d kot 10 jezikov<\/strong>. Na podlagi na\u0161ih izku\u0161enj smo pripravili \u0161e nekaj odgovorov na pogosta prakti\u010dna vpra\u0161anja o tolma\u010denju:<\/p>\n<p>&nbsp;<\/p>\n<p><b>Kak\u0161na je razlika med simultanim in konsekutivnim tolma\u010denjem?<\/b><\/p>\n<p><a href=\"https:\/\/www.adriatiqa.com\/sl\/storitve\/tolmacenje\/simultano-tolmacenje\/\"><b>Simultano tolma\u010denje<\/b><\/a>\u00a0poteka sproti, tolma\u010d dela v\u00a0posebni kabini, ob\u010dinstvo pa ga poslu\u0161a prek slu\u0161alk. Pri <a href=\"https:\/\/www.adriatiqa.com\/sl\/storitve\/tolmacenje\/konsekutivno-tolmacenje\/\"><b>konsekutivnem <\/b><\/a><a href=\"https:\/\/www.adriatiqa.com\/sl\/storitve\/tolmacenje\/konsekutivno-tolmacenje\/\"><b>tolma\u010denj<\/b><b>u<\/b><\/a> pa govorec med stavki dela premore, v\u00a0katerih prevajalec ponovi povedano v\u00a0drugem jeziku. Konsekutivno tolma\u010denje zagotavlja ve\u010djo natan\u010dnost in bolj pozorno sledenje tudi tonu glasu govorca in poudarkom. Ker za konsekutivno tolma\u010denje ne potrebujete posebne tehni\u010dne opreme, v\u00a0primerjavi s\u00a0simultanim predstavlja ni\u017eji stro\u0161ek.<\/p>\n<p><b>\u00a0<\/b><\/p>\n<p><b>Ali naj izberem simultano ali konsekutivno tolma\u010denje?<\/b><\/p>\n<p>\u010ce pripravljate seminar, konferenco, kongres ali razpravo, kjer pri\u010dakujete veliko \u0161tevilo udele\u017eencev, je primernej\u0161a izbira <b>simultano tolma\u010denje<\/b>. Za simultano tolma\u010denje boste potrebovali \u0161e posebno <strong>tehni\u010dno opremo<\/strong>: kabine in mikrofone za govorce ter slu\u0161alke za udele\u017eence. Simultano prevajanje je bolj\u0161e tudi takrat, ko potrebujete tolma\u010denje med ve\u010d kot dvema jezikoma.<\/p>\n<p><b>\u00a0<\/b><\/p>\n<p><b>Koliko \u010dasa pred dogodkom moram naro\u010diti tolma\u010denje?<\/b><\/p>\n<p>Najbolje je, da tolma\u010denje naro\u010dite \u017ee <strong>ve\u010d tednov pred dogodkom<\/strong>. Tako je na voljo dovolj \u010dasa, da priskrbite vso potrebno gradivo za tolma\u010de. Organizator tolma\u010denja si bo prav tako lahko ogledal prostor, kjer bo tolma\u010denje potekalo, in predvidel postavitev potrebne tehni\u010dne opreme.<\/p>\n<p>Podatki, po katerih vas bodo vpra\u0161ali ob naro\u010dilu tolma\u010denja,\u00a0so:<\/p>\n<ul>\n<li>za <strong>kak\u0161no prilo\u017enost<\/strong> potrebujete tolma\u010denje: kaj bo tema, kdo bodo udele\u017eenci in govorci, kako dolg bo dogodek in kje bo potekal,<\/li>\n<li>za katere <strong>jezikovne kombinacije<\/strong> potrebujete tolma\u010denje,<\/li>\n<li>koliko udele\u017eencev pri\u010dakujete,<\/li>\n<li>ali potrebujete tudi <strong>tehni\u010dno opremo za simultano tolma\u010denje<\/strong>.<\/li>\n<\/ul>\n<p>&nbsp;<\/p>\n<p>[\/vc_column_text] [vc_single_image image=&#8221;3874&#8243; img_size=&#8221;full&#8221; img_link_target=&#8221;pphoto&#8221; width=&#8221;1\/3&#8243; el_position=&#8221;last&#8221;] [vc_cta_button title=&#8221;Ponudba&#8221; href=&#8221;mailto:info@adriatiqa.com&#8221; color=&#8221;btn-info&#8221; size=&#8221;btn-large&#8221; icon=&#8221;none&#8221; target=&#8221;_self&#8221; position=&#8221;cta_align_right&#8221; call_text=&#8221;Prosim za informativno ponudbo&#8221; width=&#8221;1\/1&#8243; el_position=&#8221;first last&#8221;]<\/p>\n","protected":false},"excerpt":{"rendered":"<p>[vc_column_text width=&#8221;2\/3&#8243; el_position=&#8221;first&#8221;] Organizacija konferenc in drugih ve\u010djih sre\u010danj je zahtevna in stresna naloga. Konferen\u010dno tolma\u010denje se izvaja na konferencah,&#8230;<\/p>\n","protected":false},"author":2,"featured_media":0,"parent":0,"menu_order":0,"comment_status":"closed","ping_status":"closed","template":"","meta":{"footnotes":""},"class_list":["post-3873","page","type-page","status-publish"],"yoast_head":"<!-- This site is optimized with the Yoast SEO plugin v27.5 - https:\/\/yoast.com\/product\/yoast-seo-wordpress\/ -->\n<title>Kako organizirati konferen\u010dno tolma\u010denje | AdriatIQa Prevodi, prevajalska agencija<\/title>\n<meta name=\"description\" content=\"Organizacija konferenc in drugih ve\u010djih sre\u010danj je zahtevna in stresna naloga. Konferen\u010dno tolma\u010denje se izvaja na konferencah, okroglih mizah in podobnih sre\u010danjih, kjer sodeluje ve\u010dje \u0161tevilo udele\u017eencev.\" \/>\n<meta name=\"robots\" content=\"index, follow, max-snippet:-1, max-image-preview:large, max-video-preview:-1\" \/>\n<link rel=\"canonical\" href=\"https:\/\/www.adriatiqa.com\/sl\/kako-organizirati-konferencno-tolmacenje\/\" \/>\n<meta name=\"twitter:label1\" content=\"Est. reading time\" \/>\n\t<meta name=\"twitter:data1\" content=\"4 minutes\" \/>\n<script type=\"application\/ld+json\" class=\"yoast-schema-graph\">{\"@context\":\"https:\\\/\\\/schema.org\",\"@graph\":[{\"@type\":\"WebPage\",\"@id\":\"https:\\\/\\\/www.adriatiqa.com\\\/sl\\\/kako-organizirati-konferencno-tolmacenje\\\/\",\"url\":\"https:\\\/\\\/www.adriatiqa.com\\\/sl\\\/kako-organizirati-konferencno-tolmacenje\\\/\",\"name\":\"Kako organizirati konferen\u010dno tolma\u010denje | AdriatIQa Prevodi, prevajalska agencija\",\"isPartOf\":{\"@id\":\"https:\\\/\\\/www.adriatiqa.com\\\/sl\\\/#website\"},\"datePublished\":\"2016-03-01T10:10:15+00:00\",\"dateModified\":\"2016-03-01T10:25:14+00:00\",\"description\":\"Organizacija konferenc in drugih ve\u010djih sre\u010danj je zahtevna in stresna naloga. Konferen\u010dno tolma\u010denje se izvaja na konferencah, okroglih mizah in podobnih sre\u010danjih, kjer sodeluje ve\u010dje \u0161tevilo udele\u017eencev.\",\"breadcrumb\":{\"@id\":\"https:\\\/\\\/www.adriatiqa.com\\\/sl\\\/kako-organizirati-konferencno-tolmacenje\\\/#breadcrumb\"},\"inLanguage\":\"sl\",\"potentialAction\":[{\"@type\":\"ReadAction\",\"target\":[\"https:\\\/\\\/www.adriatiqa.com\\\/sl\\\/kako-organizirati-konferencno-tolmacenje\\\/\"]}]},{\"@type\":\"BreadcrumbList\",\"@id\":\"https:\\\/\\\/www.adriatiqa.com\\\/sl\\\/kako-organizirati-konferencno-tolmacenje\\\/#breadcrumb\",\"itemListElement\":[{\"@type\":\"ListItem\",\"position\":1,\"name\":\"Home\",\"item\":\"https:\\\/\\\/www.adriatiqa.com\\\/sl\\\/\"},{\"@type\":\"ListItem\",\"position\":2,\"name\":\"Kako organizirati konferen\u010dno tolma\u010denje\"}]},{\"@type\":\"WebSite\",\"@id\":\"https:\\\/\\\/www.adriatiqa.com\\\/sl\\\/#website\",\"url\":\"https:\\\/\\\/www.adriatiqa.com\\\/sl\\\/\",\"name\":\"AdriatIQa Prevodi, prevajalska agencija\",\"description\":\"Prevajanje, prevod v angle\u0161\u010dino, nem\u0161\u010dino\",\"publisher\":{\"@id\":\"https:\\\/\\\/www.adriatiqa.com\\\/sl\\\/#organization\"},\"potentialAction\":[{\"@type\":\"SearchAction\",\"target\":{\"@type\":\"EntryPoint\",\"urlTemplate\":\"https:\\\/\\\/www.adriatiqa.com\\\/sl\\\/?s={search_term_string}\"},\"query-input\":{\"@type\":\"PropertyValueSpecification\",\"valueRequired\":true,\"valueName\":\"search_term_string\"}}],\"inLanguage\":\"sl\"},{\"@type\":\"Organization\",\"@id\":\"https:\\\/\\\/www.adriatiqa.com\\\/sl\\\/#organization\",\"name\":\"ATE Globalis d.o.o.\",\"url\":\"https:\\\/\\\/www.adriatiqa.com\\\/sl\\\/\",\"logo\":{\"@type\":\"ImageObject\",\"inLanguage\":\"sl\",\"@id\":\"https:\\\/\\\/www.adriatiqa.com\\\/sl\\\/#\\\/schema\\\/logo\\\/image\\\/\",\"url\":\"https:\\\/\\\/www.adriatiqa.com\\\/wp-content\\\/uploads\\\/2012\\\/11\\\/adriatiqa-logo.png\",\"contentUrl\":\"https:\\\/\\\/www.adriatiqa.com\\\/wp-content\\\/uploads\\\/2012\\\/11\\\/adriatiqa-logo.png\",\"width\":297,\"height\":57,\"caption\":\"ATE Globalis d.o.o.\"},\"image\":{\"@id\":\"https:\\\/\\\/www.adriatiqa.com\\\/sl\\\/#\\\/schema\\\/logo\\\/image\\\/\"},\"sameAs\":[\"https:\\\/\\\/www.facebook.com\\\/AdriatIQa\",\"https:\\\/\\\/www.linkedin.com\\\/company\\\/adriatiqa-translations\"]}]}<\/script>\n<!-- \/ Yoast SEO plugin. -->","yoast_head_json":{"title":"Kako organizirati konferen\u010dno tolma\u010denje | AdriatIQa Prevodi, prevajalska agencija","description":"Organizacija konferenc in drugih ve\u010djih sre\u010danj je zahtevna in stresna naloga. Konferen\u010dno tolma\u010denje se izvaja na konferencah, okroglih mizah in podobnih sre\u010danjih, kjer sodeluje ve\u010dje \u0161tevilo udele\u017eencev.","robots":{"index":"index","follow":"follow","max-snippet":"max-snippet:-1","max-image-preview":"max-image-preview:large","max-video-preview":"max-video-preview:-1"},"canonical":"https:\/\/www.adriatiqa.com\/sl\/kako-organizirati-konferencno-tolmacenje\/","twitter_misc":{"Est. reading time":"4 minutes"},"schema":{"@context":"https:\/\/schema.org","@graph":[{"@type":"WebPage","@id":"https:\/\/www.adriatiqa.com\/sl\/kako-organizirati-konferencno-tolmacenje\/","url":"https:\/\/www.adriatiqa.com\/sl\/kako-organizirati-konferencno-tolmacenje\/","name":"Kako organizirati konferen\u010dno tolma\u010denje | AdriatIQa Prevodi, prevajalska agencija","isPartOf":{"@id":"https:\/\/www.adriatiqa.com\/sl\/#website"},"datePublished":"2016-03-01T10:10:15+00:00","dateModified":"2016-03-01T10:25:14+00:00","description":"Organizacija konferenc in drugih ve\u010djih sre\u010danj je zahtevna in stresna naloga. Konferen\u010dno tolma\u010denje se izvaja na konferencah, okroglih mizah in podobnih sre\u010danjih, kjer sodeluje ve\u010dje \u0161tevilo udele\u017eencev.","breadcrumb":{"@id":"https:\/\/www.adriatiqa.com\/sl\/kako-organizirati-konferencno-tolmacenje\/#breadcrumb"},"inLanguage":"sl","potentialAction":[{"@type":"ReadAction","target":["https:\/\/www.adriatiqa.com\/sl\/kako-organizirati-konferencno-tolmacenje\/"]}]},{"@type":"BreadcrumbList","@id":"https:\/\/www.adriatiqa.com\/sl\/kako-organizirati-konferencno-tolmacenje\/#breadcrumb","itemListElement":[{"@type":"ListItem","position":1,"name":"Home","item":"https:\/\/www.adriatiqa.com\/sl\/"},{"@type":"ListItem","position":2,"name":"Kako organizirati konferen\u010dno tolma\u010denje"}]},{"@type":"WebSite","@id":"https:\/\/www.adriatiqa.com\/sl\/#website","url":"https:\/\/www.adriatiqa.com\/sl\/","name":"AdriatIQa Prevodi, prevajalska agencija","description":"Prevajanje, prevod v angle\u0161\u010dino, nem\u0161\u010dino","publisher":{"@id":"https:\/\/www.adriatiqa.com\/sl\/#organization"},"potentialAction":[{"@type":"SearchAction","target":{"@type":"EntryPoint","urlTemplate":"https:\/\/www.adriatiqa.com\/sl\/?s={search_term_string}"},"query-input":{"@type":"PropertyValueSpecification","valueRequired":true,"valueName":"search_term_string"}}],"inLanguage":"sl"},{"@type":"Organization","@id":"https:\/\/www.adriatiqa.com\/sl\/#organization","name":"ATE Globalis d.o.o.","url":"https:\/\/www.adriatiqa.com\/sl\/","logo":{"@type":"ImageObject","inLanguage":"sl","@id":"https:\/\/www.adriatiqa.com\/sl\/#\/schema\/logo\/image\/","url":"https:\/\/www.adriatiqa.com\/wp-content\/uploads\/2012\/11\/adriatiqa-logo.png","contentUrl":"https:\/\/www.adriatiqa.com\/wp-content\/uploads\/2012\/11\/adriatiqa-logo.png","width":297,"height":57,"caption":"ATE Globalis d.o.o."},"image":{"@id":"https:\/\/www.adriatiqa.com\/sl\/#\/schema\/logo\/image\/"},"sameAs":["https:\/\/www.facebook.com\/AdriatIQa","https:\/\/www.linkedin.com\/company\/adriatiqa-translations"]}]}},"_links":{"self":[{"href":"https:\/\/www.adriatiqa.com\/sl\/wp-json\/wp\/v2\/pages\/3873","targetHints":{"allow":["GET"]}}],"collection":[{"href":"https:\/\/www.adriatiqa.com\/sl\/wp-json\/wp\/v2\/pages"}],"about":[{"href":"https:\/\/www.adriatiqa.com\/sl\/wp-json\/wp\/v2\/types\/page"}],"author":[{"embeddable":true,"href":"https:\/\/www.adriatiqa.com\/sl\/wp-json\/wp\/v2\/users\/2"}],"replies":[{"embeddable":true,"href":"https:\/\/www.adriatiqa.com\/sl\/wp-json\/wp\/v2\/comments?post=3873"}],"version-history":[{"count":7,"href":"https:\/\/www.adriatiqa.com\/sl\/wp-json\/wp\/v2\/pages\/3873\/revisions"}],"predecessor-version":[{"id":3881,"href":"https:\/\/www.adriatiqa.com\/sl\/wp-json\/wp\/v2\/pages\/3873\/revisions\/3881"}],"wp:attachment":[{"href":"https:\/\/www.adriatiqa.com\/sl\/wp-json\/wp\/v2\/media?parent=3873"}],"curies":[{"name":"wp","href":"https:\/\/api.w.org\/{rel}","templated":true}]}}