{"id":3938,"date":"2016-04-11T15:56:46","date_gmt":"2016-04-11T13:56:46","guid":{"rendered":"https:\/\/www.adriatiqa.com\/?page_id=3938"},"modified":"2016-04-11T16:12:55","modified_gmt":"2016-04-11T14:12:55","slug":"5-zlatih-pravil-za-ucinkovito-narocanje-prevoda-ali-lekture","status":"publish","type":"page","link":"https:\/\/www.adriatiqa.com\/sl\/5-zlatih-pravil-za-ucinkovito-narocanje-prevoda-ali-lekture\/","title":{"rendered":"5 zlatih pravil za u\u010dinkovito naro\u010danje prevoda ali lekture"},"content":{"rendered":"<p>[vc_column_text width=&#8221;2\/3&#8243; el_position=&#8221;first&#8221;]<\/p>\n<p><b>Se pogosto znajdete v vlogi naro\u010dnika prevodov ali lektur? Potem zagotovo \u017ee veste, kaj vse prevajalska agencija potrebuje za prevzem naro\u010dila, \u010de pa se s tem soo\u010date prvi\u010d, pa nekaj osnovnih pravil morda ne bo odve\u010d. \u0160tevilni naro\u010dniki so namre\u010d mnenja, da zadostuje, \u010de agenciji po\u0161ljejo le besedilo, ki potrebuje <a href=\"https:\/\/www.adriatiqa.com\/sl\/prevajanje\/\">prevod <\/a>ali lekturo, a \u010de boste poskrbeli \u0161e za nekaj dodatnih informacij, bo kon\u010dni izdelek \u0161e bolj kvaliteten, vi pa z rezultati \u0161e bolj zadovoljni.<\/b><\/p>\n<p>&nbsp;<\/p>\n<h2>Pravilo #1: Dajte natan\u010dna navodila<\/h2>\n<p>Pomembno je, da prevajalski agenciji \u017ee ob naro\u010dilu poveste, kak\u0161no storitev \u017eelite (prevod, lekturo, <a href=\"https:\/\/www.adriatiqa.com\/sl\/sodni-prevodi\/\">sodni prevod<\/a> \u2026). \u010ce potrebujete prevod, agenciji nikar ne pozabite zaupati tudi jezika, v katerega naj prevedejo besedilo \u2013 najpogosteje gre res za kombinacijo sloven\u0161\u010dine in <a href=\"https:\/\/www.adriatiqa.com\/sl\/jezikovne-kombinacije\/prevodi-v-anglescino\/\">angle\u0161\u010dine<\/a>, a ker ve\u010dina agencij prevaja tudi razli\u010dne druge jezikovne kombinacije, brez te informacije ne bo \u0161lo.<\/p>\n<p>&nbsp;<\/p>\n<h2>Pravilo #2: Izberite pravi format<\/h2>\n<p>Najla\u017eje, najhitreje in najceneje bo, \u010de svoje besedilo po\u0161ljete v formatu, ki ga je mo\u010d urejati; tak\u0161ne so denimo datoteke, ki jih ustvarite v programu Word, Excel, Power Point. Drugi formati, kot sta denimo PDF ali celo JPEG, so precej bolj zapleteni in \u010dasovno zamudni za obdelavo, poleg tega pa bo kon\u010dna cena prevoda zaradi ve\u010d vlo\u017eenega \u010dasa mogo\u010de vi\u0161ja. \u010ce je to le mo\u017eno, prevajalski agenciji torej po\u0161ljite besedilo v Wordovi datoteki, saj boste s tem vsem vpletenim prihranili kar nekaj \u010dasa in denarja, predvsem pa bo tudi oblika besedila ostala enaka kot v izvirniku.<\/p>\n<p>&nbsp;<\/p>\n<h2>Pravilo #3: Postavite konkreten rok<\/h2>\n<p>Prevajalske agencije pogosto prejmejo naro\u010dila, v katerih je kot rok zapisano \u00bb\u010dim prej\u00ab. A \u010dim prej je zelo raztegljiv pojem: za nekatere je to \u010dez mesec dni, za nekatere \u010dez teden dni, za nekatere pa \u017ee jutri. \u010ce boste izvajalcu zaupali to\u010den datum in po mo\u017enosti tudi uro, do katere potrebujete prevod oziroma lekturo, boste hitreje dobili natan\u010dno oceno stro\u0161kov in informacijo, ali je storitev v va\u0161em \u010dasovnem roku sploh mogo\u010da.<\/p>\n<p>&nbsp;<\/p>\n<h2>Pravilo #4: Zahtevajte potrditev<\/h2>\n<p>Vsaka dobra prevajalska agencija redno spremlja svoj elektronski po\u0161tni predal in ohranja nenehen nadzor nad naro\u010dili, ki prihajajo \u2013 a vseeno ne bo odve\u010d, \u010de ob naro\u010dilu prosite tudi za potrditev, da so va\u0161i dokumenti varno prispeli do prevajalca. Tehnologija v\u010dasih vseeno zataji, do napak pa prihaja tudi zaradi \u010dlove\u0161kega faktorja (tako na va\u0161i kot tudi na izvajal\u010devi strani), zato si lahko z zahtevo po potrditvi naro\u010dila prihranite kar nekaj sivih las.<\/p>\n<p>&nbsp;<\/p>\n<h2>Pravilo #5: Zagotovite kontaktno osebo<\/h2>\n<p>To je \u0161e posebej pomembno v primerih, ko je rok za prevod ali lekturo zelo kratek. Prevajalski agenciji zagotovite e-po\u0161tni naslov in telefonsko \u0161tevilko osebe, ki lahko poda odgovore na morebitna vpra\u0161anja. Pri \u0161tevilnih prevodih se namre\u010d pojavijo dileme, ki se s pomo\u010djo pravih informacij lahko hitro razre\u0161ijo, kar posledi\u010dno poskrbi za \u0161e bolj\u0161o <a href=\"https:\/\/www.adriatiqa.com\/sl\/kakovost\/\">kakovost <\/a>prevoda. Pomembno je, da je kontaktna oseba nekdo, ki dobro pozna cilje in namene besedila, ki se prevaja oziroma lektorira, obenem pa mora biti ta oseba tudi zelo odzivna, saj je hiter pretok informacij ob kratkih rokih klju\u010dnega pomena.<\/p>\n<p>[\/vc_column_text] [vc_single_image image=&#8221;3941&#8243; img_size=&#8221;full&#8221; img_link_target=&#8221;pphoto&#8221; width=&#8221;1\/3&#8243; el_position=&#8221;last&#8221;]<\/p>\n","protected":false},"excerpt":{"rendered":"<p>[vc_column_text width=&#8221;2\/3&#8243; el_position=&#8221;first&#8221;] Se pogosto znajdete v vlogi naro\u010dnika prevodov ali lektur? Potem zagotovo \u017ee veste, kaj vse prevajalska agencija&#8230;<\/p>\n","protected":false},"author":2,"featured_media":0,"parent":0,"menu_order":0,"comment_status":"closed","ping_status":"closed","template":"","meta":{"footnotes":""},"class_list":["post-3938","page","type-page","status-publish"],"yoast_head":"<!-- This site is optimized with the Yoast SEO plugin v27.5 - https:\/\/yoast.com\/product\/yoast-seo-wordpress\/ -->\n<title>5 zlatih pravil za u\u010dinkovito naro\u010danje prevoda ali lekture | AdriatIQa Prevodi, prevajalska agencija<\/title>\n<meta name=\"description\" content=\"Se prvi\u010d sre\u010dujete z naro\u010danjem prevoda ali lekture? Potem preberite 5 zlatih pravil, ki vam bodo zagotovo olaj\u0161ala delo.\" \/>\n<meta name=\"robots\" content=\"index, follow, max-snippet:-1, max-image-preview:large, max-video-preview:-1\" \/>\n<link rel=\"canonical\" href=\"https:\/\/www.adriatiqa.com\/sl\/5-zlatih-pravil-za-ucinkovito-narocanje-prevoda-ali-lekture\/\" \/>\n<meta name=\"twitter:label1\" content=\"Est. reading time\" \/>\n\t<meta name=\"twitter:data1\" content=\"3 minutes\" \/>\n<script type=\"application\/ld+json\" class=\"yoast-schema-graph\">{\"@context\":\"https:\\\/\\\/schema.org\",\"@graph\":[{\"@type\":\"WebPage\",\"@id\":\"https:\\\/\\\/www.adriatiqa.com\\\/sl\\\/5-zlatih-pravil-za-ucinkovito-narocanje-prevoda-ali-lekture\\\/\",\"url\":\"https:\\\/\\\/www.adriatiqa.com\\\/sl\\\/5-zlatih-pravil-za-ucinkovito-narocanje-prevoda-ali-lekture\\\/\",\"name\":\"5 zlatih pravil za u\u010dinkovito naro\u010danje prevoda ali lekture | AdriatIQa Prevodi, prevajalska agencija\",\"isPartOf\":{\"@id\":\"https:\\\/\\\/www.adriatiqa.com\\\/sl\\\/#website\"},\"datePublished\":\"2016-04-11T13:56:46+00:00\",\"dateModified\":\"2016-04-11T14:12:55+00:00\",\"description\":\"Se prvi\u010d sre\u010dujete z naro\u010danjem prevoda ali lekture? Potem preberite 5 zlatih pravil, ki vam bodo zagotovo olaj\u0161ala delo.\",\"breadcrumb\":{\"@id\":\"https:\\\/\\\/www.adriatiqa.com\\\/sl\\\/5-zlatih-pravil-za-ucinkovito-narocanje-prevoda-ali-lekture\\\/#breadcrumb\"},\"inLanguage\":\"sl\",\"potentialAction\":[{\"@type\":\"ReadAction\",\"target\":[\"https:\\\/\\\/www.adriatiqa.com\\\/sl\\\/5-zlatih-pravil-za-ucinkovito-narocanje-prevoda-ali-lekture\\\/\"]}]},{\"@type\":\"BreadcrumbList\",\"@id\":\"https:\\\/\\\/www.adriatiqa.com\\\/sl\\\/5-zlatih-pravil-za-ucinkovito-narocanje-prevoda-ali-lekture\\\/#breadcrumb\",\"itemListElement\":[{\"@type\":\"ListItem\",\"position\":1,\"name\":\"Home\",\"item\":\"https:\\\/\\\/www.adriatiqa.com\\\/sl\\\/\"},{\"@type\":\"ListItem\",\"position\":2,\"name\":\"5 zlatih pravil za u\u010dinkovito naro\u010danje prevoda ali lekture\"}]},{\"@type\":\"WebSite\",\"@id\":\"https:\\\/\\\/www.adriatiqa.com\\\/sl\\\/#website\",\"url\":\"https:\\\/\\\/www.adriatiqa.com\\\/sl\\\/\",\"name\":\"AdriatIQa Prevodi, prevajalska agencija\",\"description\":\"Prevajanje, prevod v angle\u0161\u010dino, nem\u0161\u010dino\",\"publisher\":{\"@id\":\"https:\\\/\\\/www.adriatiqa.com\\\/sl\\\/#organization\"},\"potentialAction\":[{\"@type\":\"SearchAction\",\"target\":{\"@type\":\"EntryPoint\",\"urlTemplate\":\"https:\\\/\\\/www.adriatiqa.com\\\/sl\\\/?s={search_term_string}\"},\"query-input\":{\"@type\":\"PropertyValueSpecification\",\"valueRequired\":true,\"valueName\":\"search_term_string\"}}],\"inLanguage\":\"sl\"},{\"@type\":\"Organization\",\"@id\":\"https:\\\/\\\/www.adriatiqa.com\\\/sl\\\/#organization\",\"name\":\"ATE Globalis d.o.o.\",\"url\":\"https:\\\/\\\/www.adriatiqa.com\\\/sl\\\/\",\"logo\":{\"@type\":\"ImageObject\",\"inLanguage\":\"sl\",\"@id\":\"https:\\\/\\\/www.adriatiqa.com\\\/sl\\\/#\\\/schema\\\/logo\\\/image\\\/\",\"url\":\"https:\\\/\\\/www.adriatiqa.com\\\/wp-content\\\/uploads\\\/2012\\\/11\\\/adriatiqa-logo.png\",\"contentUrl\":\"https:\\\/\\\/www.adriatiqa.com\\\/wp-content\\\/uploads\\\/2012\\\/11\\\/adriatiqa-logo.png\",\"width\":297,\"height\":57,\"caption\":\"ATE Globalis d.o.o.\"},\"image\":{\"@id\":\"https:\\\/\\\/www.adriatiqa.com\\\/sl\\\/#\\\/schema\\\/logo\\\/image\\\/\"},\"sameAs\":[\"https:\\\/\\\/www.facebook.com\\\/AdriatIQa\",\"https:\\\/\\\/www.linkedin.com\\\/company\\\/adriatiqa-translations\"]}]}<\/script>\n<!-- \/ Yoast SEO plugin. -->","yoast_head_json":{"title":"5 zlatih pravil za u\u010dinkovito naro\u010danje prevoda ali lekture | AdriatIQa Prevodi, prevajalska agencija","description":"Se prvi\u010d sre\u010dujete z naro\u010danjem prevoda ali lekture? Potem preberite 5 zlatih pravil, ki vam bodo zagotovo olaj\u0161ala delo.","robots":{"index":"index","follow":"follow","max-snippet":"max-snippet:-1","max-image-preview":"max-image-preview:large","max-video-preview":"max-video-preview:-1"},"canonical":"https:\/\/www.adriatiqa.com\/sl\/5-zlatih-pravil-za-ucinkovito-narocanje-prevoda-ali-lekture\/","twitter_misc":{"Est. reading time":"3 minutes"},"schema":{"@context":"https:\/\/schema.org","@graph":[{"@type":"WebPage","@id":"https:\/\/www.adriatiqa.com\/sl\/5-zlatih-pravil-za-ucinkovito-narocanje-prevoda-ali-lekture\/","url":"https:\/\/www.adriatiqa.com\/sl\/5-zlatih-pravil-za-ucinkovito-narocanje-prevoda-ali-lekture\/","name":"5 zlatih pravil za u\u010dinkovito naro\u010danje prevoda ali lekture | AdriatIQa Prevodi, prevajalska agencija","isPartOf":{"@id":"https:\/\/www.adriatiqa.com\/sl\/#website"},"datePublished":"2016-04-11T13:56:46+00:00","dateModified":"2016-04-11T14:12:55+00:00","description":"Se prvi\u010d sre\u010dujete z naro\u010danjem prevoda ali lekture? Potem preberite 5 zlatih pravil, ki vam bodo zagotovo olaj\u0161ala delo.","breadcrumb":{"@id":"https:\/\/www.adriatiqa.com\/sl\/5-zlatih-pravil-za-ucinkovito-narocanje-prevoda-ali-lekture\/#breadcrumb"},"inLanguage":"sl","potentialAction":[{"@type":"ReadAction","target":["https:\/\/www.adriatiqa.com\/sl\/5-zlatih-pravil-za-ucinkovito-narocanje-prevoda-ali-lekture\/"]}]},{"@type":"BreadcrumbList","@id":"https:\/\/www.adriatiqa.com\/sl\/5-zlatih-pravil-za-ucinkovito-narocanje-prevoda-ali-lekture\/#breadcrumb","itemListElement":[{"@type":"ListItem","position":1,"name":"Home","item":"https:\/\/www.adriatiqa.com\/sl\/"},{"@type":"ListItem","position":2,"name":"5 zlatih pravil za u\u010dinkovito naro\u010danje prevoda ali lekture"}]},{"@type":"WebSite","@id":"https:\/\/www.adriatiqa.com\/sl\/#website","url":"https:\/\/www.adriatiqa.com\/sl\/","name":"AdriatIQa Prevodi, prevajalska agencija","description":"Prevajanje, prevod v angle\u0161\u010dino, nem\u0161\u010dino","publisher":{"@id":"https:\/\/www.adriatiqa.com\/sl\/#organization"},"potentialAction":[{"@type":"SearchAction","target":{"@type":"EntryPoint","urlTemplate":"https:\/\/www.adriatiqa.com\/sl\/?s={search_term_string}"},"query-input":{"@type":"PropertyValueSpecification","valueRequired":true,"valueName":"search_term_string"}}],"inLanguage":"sl"},{"@type":"Organization","@id":"https:\/\/www.adriatiqa.com\/sl\/#organization","name":"ATE Globalis d.o.o.","url":"https:\/\/www.adriatiqa.com\/sl\/","logo":{"@type":"ImageObject","inLanguage":"sl","@id":"https:\/\/www.adriatiqa.com\/sl\/#\/schema\/logo\/image\/","url":"https:\/\/www.adriatiqa.com\/wp-content\/uploads\/2012\/11\/adriatiqa-logo.png","contentUrl":"https:\/\/www.adriatiqa.com\/wp-content\/uploads\/2012\/11\/adriatiqa-logo.png","width":297,"height":57,"caption":"ATE Globalis d.o.o."},"image":{"@id":"https:\/\/www.adriatiqa.com\/sl\/#\/schema\/logo\/image\/"},"sameAs":["https:\/\/www.facebook.com\/AdriatIQa","https:\/\/www.linkedin.com\/company\/adriatiqa-translations"]}]}},"_links":{"self":[{"href":"https:\/\/www.adriatiqa.com\/sl\/wp-json\/wp\/v2\/pages\/3938","targetHints":{"allow":["GET"]}}],"collection":[{"href":"https:\/\/www.adriatiqa.com\/sl\/wp-json\/wp\/v2\/pages"}],"about":[{"href":"https:\/\/www.adriatiqa.com\/sl\/wp-json\/wp\/v2\/types\/page"}],"author":[{"embeddable":true,"href":"https:\/\/www.adriatiqa.com\/sl\/wp-json\/wp\/v2\/users\/2"}],"replies":[{"embeddable":true,"href":"https:\/\/www.adriatiqa.com\/sl\/wp-json\/wp\/v2\/comments?post=3938"}],"version-history":[{"count":3,"href":"https:\/\/www.adriatiqa.com\/sl\/wp-json\/wp\/v2\/pages\/3938\/revisions"}],"predecessor-version":[{"id":3940,"href":"https:\/\/www.adriatiqa.com\/sl\/wp-json\/wp\/v2\/pages\/3938\/revisions\/3940"}],"wp:attachment":[{"href":"https:\/\/www.adriatiqa.com\/sl\/wp-json\/wp\/v2\/media?parent=3938"}],"curies":[{"name":"wp","href":"https:\/\/api.w.org\/{rel}","templated":true}]}}