{"id":4098,"date":"2016-05-05T16:38:05","date_gmt":"2016-05-05T14:38:05","guid":{"rendered":"https:\/\/www.adriatiqa.com\/?page_id=4098"},"modified":"2017-06-06T16:15:34","modified_gmt":"2017-06-06T14:15:34","slug":"znanja-tujega-jezika-iz-domacega-fotelja","status":"publish","type":"page","link":"https:\/\/www.adriatiqa.com\/sl\/znanja-tujega-jezika-iz-domacega-fotelja\/","title":{"rendered":"Do znanja tujega jezika iz doma\u010dega fotelja"},"content":{"rendered":"<p>[vc_column_text width=&#8221;2\/3&#8243; el_position=&#8221;first&#8221;]<\/p>\n<p><b>Ste si \u017ee od nekdaj \u017eeleli, da bi znali ve\u010d tujih jezikov, pa za u\u010denje nikoli ni bilo dovolj \u010dasa, volje ali denarja? To je seveda povsem razumljivo \u2013 dandana\u0161nji \u017eivljenjski tempo resda ne pu\u0161\u010da prav veliko \u010dasa za obiskovanje intenzivnega <a href=\"https:\/\/www.adriatiqa.com\/sl\/storitve\/jezikovni-tecaji\/\">jezikovnega te\u010daja<\/a>, poleg tega pa so lahko tovrstne aktivnosti tudi precej\u0161en finan\u010dni zalogaj. A sodobna tehnologija se vse bolj razvija in nam danes med drugim omogo\u010da tudi to, da se tujega jezika nau\u010dite kar v udobju doma\u010dega naslonja\u010da. Jezika se lahko u\u010dite takrat, ko imate za to \u010das, s svojim lastnim tempom in prakti\u010dno povsem brez stro\u0161kov. V katerem jeziku se boste torej teko\u010de pogovarjali do konca leto\u0161njega poletja?<\/b><\/p>\n<p>&nbsp;<\/p>\n<h2>Duolingo<\/h2>\n<p><a href=\"https:\/\/www.duolingo.com\/\">Duolingo<\/a> je preprost in u\u010dinkovit program u\u010denja tujih jezikov, ki vas bo zagotovo navdu\u0161il \u2013 je namre\u010d neverjetno zabaven, zato se boste vedno z veseljem lotili u\u010denja. Na platformi Duolingo se trenutno lahko u\u010dite 16 razli\u010dnih jezikov \u2013 od tistih skoraj obveznih (angle\u0161\u010dina in nem\u0161\u010dina) pa vse do tistih najbolj priljubljenih, kot so denimo \u0161pan\u0161\u010dina, franco\u0161\u010dina in portugal\u0161\u010dina, in nekoliko bolj eksoti\u010dnih, kot so denimo tur\u0161\u010dina, dan\u0161\u010dina in vale\u017ean\u0161\u010dina. Duolingo lahko uporabljate na svojem ra\u010dunalniku, lahko pa si na svoj pametni telefon namestite aplikacijo in z u\u010denjem tujih jezikov opravite kar med \u010dakanjem na avtobus.<\/p>\n<p>&nbsp;<\/p>\n<h2>Memrise<\/h2>\n<p><a href=\"https:\/\/www.memrise.com\/\">Memrise<\/a> spada med najve\u010dje in najbolj obse\u017ene platforme za u\u010denje tujih jezikov, saj vam omogo\u010da, da se u\u010dite ve\u010d kot 200 razli\u010dnih jezikov. V praksi to pomeni, da se lahko u\u010dite skoraj kateregakoli jezika na svetu, vsi jeziki pa so razporejeni glede na za\u010detno znanje in va\u0161e potrebe. Tudi Memrise ponuja mobilno aplikacijo, s pomo\u010djo katere lahko v jezikovnih te\u010dajih u\u017eivate na poti, a pozor \u2013 naloge, s katerimi se boste sre\u010dali, so pogosto tako zabavne, da vam nekaj smeha ne uide! \u010ce ste bolj tekmovalne narave, pa vas bo zagotovo navdu\u0161ilo dejstvo, da lahko pri u\u010denju tekmujete s prijatelji in tako hitro ugotovite, kdo v dru\u017ebi je najbolj nadarjen za tuje jezike.<\/p>\n<p>&nbsp;<\/p>\n<h2>busuu<\/h2>\n<p>Tudi <a href=\"https:\/\/www.busuu.com\">busuu<\/a> ponuja enostaven in zabaven na\u010din u\u010denja tujih jezikov, ki ga lahko prilagodite svojemu tempu. Osnovna verzija programa je na voljo povsem brezpla\u010dno, za naprednej\u0161e funkcije, kot je denimo ocenjevanje in popravljane oddanih nalog s strani rojenih govorcev jezika, ki se ga u\u010dite, pa boste morali pla\u010dati mese\u010dno naro\u010dnino (cene se gibljejo od 5 do 10 \u20ac na mesec, odvisno od trajanja va\u0161e naro\u010dnine). Tudi busuu je na voljo v obliki aplikacije za mobilne telefone za u\u010denje na razli\u010dnih lokacijah, trenutno pa ponuja 12 razli\u010dnih tujih jezikov, med katerimi boste zagotovo na\u0161li tudi kak\u0161nega, ki vas zanima.<\/p>\n<p>&nbsp;<\/p>\n<p>[\/vc_column_text] [vc_single_image image=&#8221;4105&#8243; img_size=&#8221;full&#8221; img_link_target=&#8221;pphoto&#8221; width=&#8221;1\/3&#8243; el_position=&#8221;last&#8221;]<\/p>\n","protected":false},"excerpt":{"rendered":"<p>[vc_column_text width=&#8221;2\/3&#8243; el_position=&#8221;first&#8221;] Ste si \u017ee od nekdaj \u017eeleli, da bi znali ve\u010d tujih jezikov, pa za u\u010denje nikoli ni&#8230;<\/p>\n","protected":false},"author":2,"featured_media":0,"parent":0,"menu_order":0,"comment_status":"closed","ping_status":"closed","template":"","meta":{"footnotes":""},"class_list":["post-4098","page","type-page","status-publish"],"yoast_head":"<!-- This site is optimized with the Yoast SEO plugin v27.5 - https:\/\/yoast.com\/product\/yoast-seo-wordpress\/ -->\n<title>Do znanja tujega jezika iz doma\u010dega fotelja | AdriatIQa Prevodi, prevajalska agencija<\/title>\n<meta name=\"description\" content=\"Sodobna tehnologija se vse bolj razvija in nam danes med drugim omogo\u010da tudi to, da se tujega jezika nau\u010dimo kar v udobju doma\u010dega naslonja\u010da.\" \/>\n<meta name=\"robots\" content=\"index, follow, max-snippet:-1, max-image-preview:large, max-video-preview:-1\" \/>\n<link rel=\"canonical\" href=\"https:\/\/www.adriatiqa.com\/sl\/znanja-tujega-jezika-iz-domacega-fotelja\/\" \/>\n<meta name=\"twitter:label1\" content=\"Est. reading time\" \/>\n\t<meta name=\"twitter:data1\" content=\"3 minutes\" \/>\n<script type=\"application\/ld+json\" class=\"yoast-schema-graph\">{\"@context\":\"https:\\\/\\\/schema.org\",\"@graph\":[{\"@type\":\"WebPage\",\"@id\":\"https:\\\/\\\/www.adriatiqa.com\\\/sl\\\/znanja-tujega-jezika-iz-domacega-fotelja\\\/\",\"url\":\"https:\\\/\\\/www.adriatiqa.com\\\/sl\\\/znanja-tujega-jezika-iz-domacega-fotelja\\\/\",\"name\":\"Do znanja tujega jezika iz doma\u010dega fotelja | AdriatIQa Prevodi, prevajalska agencija\",\"isPartOf\":{\"@id\":\"https:\\\/\\\/www.adriatiqa.com\\\/sl\\\/#website\"},\"datePublished\":\"2016-05-05T14:38:05+00:00\",\"dateModified\":\"2017-06-06T14:15:34+00:00\",\"description\":\"Sodobna tehnologija se vse bolj razvija in nam danes med drugim omogo\u010da tudi to, da se tujega jezika nau\u010dimo kar v udobju doma\u010dega naslonja\u010da.\",\"breadcrumb\":{\"@id\":\"https:\\\/\\\/www.adriatiqa.com\\\/sl\\\/znanja-tujega-jezika-iz-domacega-fotelja\\\/#breadcrumb\"},\"inLanguage\":\"sl\",\"potentialAction\":[{\"@type\":\"ReadAction\",\"target\":[\"https:\\\/\\\/www.adriatiqa.com\\\/sl\\\/znanja-tujega-jezika-iz-domacega-fotelja\\\/\"]}]},{\"@type\":\"BreadcrumbList\",\"@id\":\"https:\\\/\\\/www.adriatiqa.com\\\/sl\\\/znanja-tujega-jezika-iz-domacega-fotelja\\\/#breadcrumb\",\"itemListElement\":[{\"@type\":\"ListItem\",\"position\":1,\"name\":\"Home\",\"item\":\"https:\\\/\\\/www.adriatiqa.com\\\/sl\\\/\"},{\"@type\":\"ListItem\",\"position\":2,\"name\":\"Do znanja tujega jezika iz doma\u010dega fotelja\"}]},{\"@type\":\"WebSite\",\"@id\":\"https:\\\/\\\/www.adriatiqa.com\\\/sl\\\/#website\",\"url\":\"https:\\\/\\\/www.adriatiqa.com\\\/sl\\\/\",\"name\":\"AdriatIQa Prevodi, prevajalska agencija\",\"description\":\"Prevajanje, prevod v angle\u0161\u010dino, nem\u0161\u010dino\",\"publisher\":{\"@id\":\"https:\\\/\\\/www.adriatiqa.com\\\/sl\\\/#organization\"},\"potentialAction\":[{\"@type\":\"SearchAction\",\"target\":{\"@type\":\"EntryPoint\",\"urlTemplate\":\"https:\\\/\\\/www.adriatiqa.com\\\/sl\\\/?s={search_term_string}\"},\"query-input\":{\"@type\":\"PropertyValueSpecification\",\"valueRequired\":true,\"valueName\":\"search_term_string\"}}],\"inLanguage\":\"sl\"},{\"@type\":\"Organization\",\"@id\":\"https:\\\/\\\/www.adriatiqa.com\\\/sl\\\/#organization\",\"name\":\"ATE Globalis d.o.o.\",\"url\":\"https:\\\/\\\/www.adriatiqa.com\\\/sl\\\/\",\"logo\":{\"@type\":\"ImageObject\",\"inLanguage\":\"sl\",\"@id\":\"https:\\\/\\\/www.adriatiqa.com\\\/sl\\\/#\\\/schema\\\/logo\\\/image\\\/\",\"url\":\"https:\\\/\\\/www.adriatiqa.com\\\/wp-content\\\/uploads\\\/2012\\\/11\\\/adriatiqa-logo.png\",\"contentUrl\":\"https:\\\/\\\/www.adriatiqa.com\\\/wp-content\\\/uploads\\\/2012\\\/11\\\/adriatiqa-logo.png\",\"width\":297,\"height\":57,\"caption\":\"ATE Globalis d.o.o.\"},\"image\":{\"@id\":\"https:\\\/\\\/www.adriatiqa.com\\\/sl\\\/#\\\/schema\\\/logo\\\/image\\\/\"},\"sameAs\":[\"https:\\\/\\\/www.facebook.com\\\/AdriatIQa\",\"https:\\\/\\\/www.linkedin.com\\\/company\\\/adriatiqa-translations\"]}]}<\/script>\n<!-- \/ Yoast SEO plugin. -->","yoast_head_json":{"title":"Do znanja tujega jezika iz doma\u010dega fotelja | AdriatIQa Prevodi, prevajalska agencija","description":"Sodobna tehnologija se vse bolj razvija in nam danes med drugim omogo\u010da tudi to, da se tujega jezika nau\u010dimo kar v udobju doma\u010dega naslonja\u010da.","robots":{"index":"index","follow":"follow","max-snippet":"max-snippet:-1","max-image-preview":"max-image-preview:large","max-video-preview":"max-video-preview:-1"},"canonical":"https:\/\/www.adriatiqa.com\/sl\/znanja-tujega-jezika-iz-domacega-fotelja\/","twitter_misc":{"Est. reading time":"3 minutes"},"schema":{"@context":"https:\/\/schema.org","@graph":[{"@type":"WebPage","@id":"https:\/\/www.adriatiqa.com\/sl\/znanja-tujega-jezika-iz-domacega-fotelja\/","url":"https:\/\/www.adriatiqa.com\/sl\/znanja-tujega-jezika-iz-domacega-fotelja\/","name":"Do znanja tujega jezika iz doma\u010dega fotelja | AdriatIQa Prevodi, prevajalska agencija","isPartOf":{"@id":"https:\/\/www.adriatiqa.com\/sl\/#website"},"datePublished":"2016-05-05T14:38:05+00:00","dateModified":"2017-06-06T14:15:34+00:00","description":"Sodobna tehnologija se vse bolj razvija in nam danes med drugim omogo\u010da tudi to, da se tujega jezika nau\u010dimo kar v udobju doma\u010dega naslonja\u010da.","breadcrumb":{"@id":"https:\/\/www.adriatiqa.com\/sl\/znanja-tujega-jezika-iz-domacega-fotelja\/#breadcrumb"},"inLanguage":"sl","potentialAction":[{"@type":"ReadAction","target":["https:\/\/www.adriatiqa.com\/sl\/znanja-tujega-jezika-iz-domacega-fotelja\/"]}]},{"@type":"BreadcrumbList","@id":"https:\/\/www.adriatiqa.com\/sl\/znanja-tujega-jezika-iz-domacega-fotelja\/#breadcrumb","itemListElement":[{"@type":"ListItem","position":1,"name":"Home","item":"https:\/\/www.adriatiqa.com\/sl\/"},{"@type":"ListItem","position":2,"name":"Do znanja tujega jezika iz doma\u010dega fotelja"}]},{"@type":"WebSite","@id":"https:\/\/www.adriatiqa.com\/sl\/#website","url":"https:\/\/www.adriatiqa.com\/sl\/","name":"AdriatIQa Prevodi, prevajalska agencija","description":"Prevajanje, prevod v angle\u0161\u010dino, nem\u0161\u010dino","publisher":{"@id":"https:\/\/www.adriatiqa.com\/sl\/#organization"},"potentialAction":[{"@type":"SearchAction","target":{"@type":"EntryPoint","urlTemplate":"https:\/\/www.adriatiqa.com\/sl\/?s={search_term_string}"},"query-input":{"@type":"PropertyValueSpecification","valueRequired":true,"valueName":"search_term_string"}}],"inLanguage":"sl"},{"@type":"Organization","@id":"https:\/\/www.adriatiqa.com\/sl\/#organization","name":"ATE Globalis d.o.o.","url":"https:\/\/www.adriatiqa.com\/sl\/","logo":{"@type":"ImageObject","inLanguage":"sl","@id":"https:\/\/www.adriatiqa.com\/sl\/#\/schema\/logo\/image\/","url":"https:\/\/www.adriatiqa.com\/wp-content\/uploads\/2012\/11\/adriatiqa-logo.png","contentUrl":"https:\/\/www.adriatiqa.com\/wp-content\/uploads\/2012\/11\/adriatiqa-logo.png","width":297,"height":57,"caption":"ATE Globalis d.o.o."},"image":{"@id":"https:\/\/www.adriatiqa.com\/sl\/#\/schema\/logo\/image\/"},"sameAs":["https:\/\/www.facebook.com\/AdriatIQa","https:\/\/www.linkedin.com\/company\/adriatiqa-translations"]}]}},"_links":{"self":[{"href":"https:\/\/www.adriatiqa.com\/sl\/wp-json\/wp\/v2\/pages\/4098","targetHints":{"allow":["GET"]}}],"collection":[{"href":"https:\/\/www.adriatiqa.com\/sl\/wp-json\/wp\/v2\/pages"}],"about":[{"href":"https:\/\/www.adriatiqa.com\/sl\/wp-json\/wp\/v2\/types\/page"}],"author":[{"embeddable":true,"href":"https:\/\/www.adriatiqa.com\/sl\/wp-json\/wp\/v2\/users\/2"}],"replies":[{"embeddable":true,"href":"https:\/\/www.adriatiqa.com\/sl\/wp-json\/wp\/v2\/comments?post=4098"}],"version-history":[{"count":9,"href":"https:\/\/www.adriatiqa.com\/sl\/wp-json\/wp\/v2\/pages\/4098\/revisions"}],"predecessor-version":[{"id":4101,"href":"https:\/\/www.adriatiqa.com\/sl\/wp-json\/wp\/v2\/pages\/4098\/revisions\/4101"}],"wp:attachment":[{"href":"https:\/\/www.adriatiqa.com\/sl\/wp-json\/wp\/v2\/media?parent=4098"}],"curies":[{"name":"wp","href":"https:\/\/api.w.org\/{rel}","templated":true}]}}