{"id":4133,"date":"2016-06-01T15:29:33","date_gmt":"2016-06-01T13:29:33","guid":{"rendered":"https:\/\/www.adriatiqa.com\/?page_id=4133"},"modified":"2022-09-16T12:51:10","modified_gmt":"2022-09-16T10:51:10","slug":"lahko-jezik-vpliva-na-uspeh-vase-spletne-strani","status":"publish","type":"page","link":"https:\/\/www.adriatiqa.com\/sl\/lahko-jezik-vpliva-na-uspeh-vase-spletne-strani\/","title":{"rendered":"Lahko jezik vpliva na uspeh va\u0161e spletne strani?"},"content":{"rendered":"<div class=\"wpb-content-wrapper\"><p>[vc_row][vc_column]<div class=\"thegem-te-heading thegem-custom-69e25bba172264969\" ><h1 id=\"thegem-heading-69e25bba171ac\" class=\"thegem-heading thegem-custom-heading-69e25bba1719d5614\" style=\"text-align: left;\" ><\/h1><style type=\"text\/css\">#thegem-heading-69e25bba171ac {margin: 0;}#thegem-heading-69e25bba171ac a:hover, #thegem-heading-69e25bba171ac a:hover span.colored {color: var(--thegem-to-menu-level1-color-hover, #00BCD4) !important;}<\/style><\/div><style>@media screen and (max-width: 1023px) {.thegem-heading.thegem-custom-heading-69e25bba1719d5614{display: block!important;}}@media screen and (max-width: 767px) {.thegem-heading.thegem-custom-heading-69e25bba1719d5614{display: block!important;}}@media screen and (max-width: 1023px) {.thegem-heading.thegem-custom-heading-69e25bba1719d5614{position: relative !important;}}@media screen and (max-width: 767px) {.thegem-heading.thegem-custom-heading-69e25bba1719d5614{position: relative !important;}}<\/style>[\/vc_column][\/vc_row][vc_row][vc_column][vc_column_text width=&#8221;2\/3&#8243; el_position=&#8221;first&#8221;]<\/p>\n<p><b>Ste kdaj razmi\u0161ljali o tem, kako jezik vpliva na uspeh va\u0161e spletne strani? Verjetno ste vanjo vlo\u017eili veliko truda, energije in ne nazadnje tudi denarja \u2013 a \u0161tevilni lastniki spletnih strani prav v ciljni ravnini storijo kolosalno napako in prevod oziroma lekturo prepustijo nekomu, ki se z jeziki ukvarja le ljubiteljsko. Preverili smo, kako pomembna je zares jezikovna pravilnost, in raziskali, \u010de lahko jezik va\u0161e spletne strani res poskrbi za bodisi njen uspeh ali pa popoln polom.<\/b><\/p>\n<p>&nbsp;<\/p>\n<p>\u017dalostno dejstvo je, da dandanes vse manj spletnih mest poskrbi za jezikovno pravilnost besedil na svojih straneh; razli\u010dne jezikovne napake in spodrsljaji so tako pogosto tar\u010da komentarjev in posmeha, \u017eal pa se zaradi tega ni\u010d ne spremeni. A razli\u010dne raziskave so pokazale, da vam jezikovne zagate na va\u0161em spletnem mestu lahko povzro\u010dijo precej ve\u010d \u0161kode kot le posmeh obiskovalcev \u2013 <b>lahko vas namre\u010d celo stanejo naro\u010dil<\/b>!<\/p>\n<p>Pa poglejmo \u0161tevilke. Raziskava, ki so jo izvedli v Veliki Britaniji, je pokazala, da kar 59 % Britancev <b>ne bi sodelovalo s podjetjem, ki ima na svoji spletni strani o\u010ditne slovni\u010dne napake<\/b>. In \u010detudi domnevamo, da smo Slovenci glede tega morda malce manj strogi kot Britanci, to \u0161e vedno pomeni, da se pribli\u017eno polovica obiskovalcev va\u0161ega spletnega mesta le na podlagi slovni\u010dnih napak na va\u0161i spletni strani ne bo odlo\u010dila za sodelovanje z va\u0161im podjetjem. Si res lahko privo\u0161\u010dite, da izgubite kar polovico svojih potencialnih strank?<\/p>\n<p>Poslujete s tujino? Potem je izjemno pomembno, da stran prevedete tudi v <a href=\"https:\/\/www.adriatiqa.com\/sl\/jeziki\/\">jezike<\/a> vseh svojih potencialnih strank \u2013 a nikar ne domnevajte, da bodo obiskovalci cenili \u017ee va\u0161 trud. <b>\u010ce prevod ne bo kakovosten, bodo od\u0161li drugam<\/b>; kar 82 % Britancev je namre\u010d povedalo, da ne bi nikdar sodelovali s ponudnikom, ki svoje spletne strani ni pravilno <a href=\"https:\/\/www.adriatiqa.com\/sl\/jeziki\/prevodi-v-anglescino\/\">prevedel v angle\u0161\u010dino<\/a>.<\/p>\n<p>A poglejmo na stvari \u0161e s svetlej\u0161e plati \u2013 namesto da bi razmi\u0161ljali o strankah, ki jih izgubite, se osredoto\u010dite raje na stranke, ki jih lahko pridobite. Raziskave so namre\u010d pokazale, da ve\u010d kot 72 % ljudi ve\u010dino \u010dasa, pre\u017eivetega na svetovnem spletu, pre\u017eivi na straneh v svojem jeziku. Tudi <b>pri odlo\u010ditvi za nakup je jezik pomemben dejavnik<\/b>: ve\u010d kot 72 % vpra\u0161anih je povedalo, da se pri izdelkih, ki informacije ponujajo v njihovem jeziku, hitreje odlo\u010dijo za nakup. Ve\u010d kot polovica vpra\u0161anih je zatrdila celo, da so <b>pripravljeni za izdelek z informacijami v svojem jeziku od\u0161teti ve\u010d denarja<\/b>.<\/p>\n<p>A kaj to v resnici pomeni in kolik\u0161en dele\u017e strank dejansko izgubite zaradi slabo prevedene oziroma neprevedene strani? Raziskave ka\u017eejo, da ogromen; ena izmed \u0161tudij je namre\u010d pokazala, da <b>kar 42 % Evropejcev nikoli ne opravi nakupa izdelkov ali storitev v tujem jeziku<\/b>. Precej velik dele\u017e strank, ki ga nikakor ne velja zanemariti, kajne? Enkratna <a href=\"https:\/\/www.adriatiqa.com\/sl\/kakovost\/\">investicija v kakovosten prevod<\/a> vam lahko torej kar nekaj let pomaga do <b>bolj uspe\u0161nega poslovanja z zadovoljnimi strankami<\/b>!<\/p>\n<p>&nbsp;<\/p>\n<p>[\/vc_column_text][vc_single_image image=&#8221;3432&#8243; img_size=&#8221;full&#8221; width=&#8221;1\/3&#8243; el_position=&#8221;last&#8221;][\/vc_column][\/vc_row]<\/p>\n<\/div>","protected":false},"excerpt":{"rendered":"<p>[vc_row][vc_column][\/vc_column][\/vc_row][vc_row][vc_column][vc_column_text width=&#8221;2\/3&#8243; el_position=&#8221;first&#8221;] Ste kdaj razmi\u0161ljali o tem, kako jezik vpliva na uspeh va\u0161e spletne strani? Verjetno ste vanjo vlo\u017eili&#8230;<\/p>\n","protected":false},"author":2,"featured_media":0,"parent":0,"menu_order":0,"comment_status":"closed","ping_status":"closed","template":"","meta":{"footnotes":""},"class_list":["post-4133","page","type-page","status-publish"],"yoast_head":"<!-- This site is optimized with the Yoast SEO plugin v27.3 - https:\/\/yoast.com\/product\/yoast-seo-wordpress\/ -->\n<title>Lahko jezik vpliva na uspeh va\u0161e spletne strani? | AdriatIQa Prevodi, prevajalska agencija<\/title>\n<meta name=\"description\" content=\"Ste kdaj razmi\u0161ljali o tem, kako jezik vpliva na uspeh va\u0161e spletne strani? Preverili smo, \u010de lahko jezik va\u0161e spletne strani res poskrbi za bodisi njen uspeh ali pa popoln polom.\" \/>\n<meta name=\"robots\" content=\"index, follow, max-snippet:-1, max-image-preview:large, max-video-preview:-1\" \/>\n<link rel=\"canonical\" href=\"https:\/\/www.adriatiqa.com\/sl\/lahko-jezik-vpliva-na-uspeh-vase-spletne-strani\/\" \/>\n<meta name=\"twitter:label1\" content=\"Est. reading time\" \/>\n\t<meta name=\"twitter:data1\" content=\"3 minutes\" \/>\n<script type=\"application\/ld+json\" class=\"yoast-schema-graph\">{\"@context\":\"https:\\\/\\\/schema.org\",\"@graph\":[{\"@type\":\"WebPage\",\"@id\":\"https:\\\/\\\/www.adriatiqa.com\\\/sl\\\/lahko-jezik-vpliva-na-uspeh-vase-spletne-strani\\\/\",\"url\":\"https:\\\/\\\/www.adriatiqa.com\\\/sl\\\/lahko-jezik-vpliva-na-uspeh-vase-spletne-strani\\\/\",\"name\":\"Lahko jezik vpliva na uspeh va\u0161e spletne strani? | AdriatIQa Prevodi, prevajalska agencija\",\"isPartOf\":{\"@id\":\"https:\\\/\\\/www.adriatiqa.com\\\/sl\\\/#website\"},\"datePublished\":\"2016-06-01T13:29:33+00:00\",\"dateModified\":\"2022-09-16T10:51:10+00:00\",\"description\":\"Ste kdaj razmi\u0161ljali o tem, kako jezik vpliva na uspeh va\u0161e spletne strani? Preverili smo, \u010de lahko jezik va\u0161e spletne strani res poskrbi za bodisi njen uspeh ali pa popoln polom.\",\"breadcrumb\":{\"@id\":\"https:\\\/\\\/www.adriatiqa.com\\\/sl\\\/lahko-jezik-vpliva-na-uspeh-vase-spletne-strani\\\/#breadcrumb\"},\"inLanguage\":\"sl\",\"potentialAction\":[{\"@type\":\"ReadAction\",\"target\":[\"https:\\\/\\\/www.adriatiqa.com\\\/sl\\\/lahko-jezik-vpliva-na-uspeh-vase-spletne-strani\\\/\"]}]},{\"@type\":\"BreadcrumbList\",\"@id\":\"https:\\\/\\\/www.adriatiqa.com\\\/sl\\\/lahko-jezik-vpliva-na-uspeh-vase-spletne-strani\\\/#breadcrumb\",\"itemListElement\":[{\"@type\":\"ListItem\",\"position\":1,\"name\":\"Home\",\"item\":\"https:\\\/\\\/www.adriatiqa.com\\\/sl\\\/\"},{\"@type\":\"ListItem\",\"position\":2,\"name\":\"Lahko jezik vpliva na uspeh va\u0161e spletne strani?\"}]},{\"@type\":\"WebSite\",\"@id\":\"https:\\\/\\\/www.adriatiqa.com\\\/sl\\\/#website\",\"url\":\"https:\\\/\\\/www.adriatiqa.com\\\/sl\\\/\",\"name\":\"AdriatIQa Prevodi, prevajalska agencija\",\"description\":\"Prevajanje, prevod v angle\u0161\u010dino, nem\u0161\u010dino\",\"publisher\":{\"@id\":\"https:\\\/\\\/www.adriatiqa.com\\\/sl\\\/#organization\"},\"potentialAction\":[{\"@type\":\"SearchAction\",\"target\":{\"@type\":\"EntryPoint\",\"urlTemplate\":\"https:\\\/\\\/www.adriatiqa.com\\\/sl\\\/?s={search_term_string}\"},\"query-input\":{\"@type\":\"PropertyValueSpecification\",\"valueRequired\":true,\"valueName\":\"search_term_string\"}}],\"inLanguage\":\"sl\"},{\"@type\":\"Organization\",\"@id\":\"https:\\\/\\\/www.adriatiqa.com\\\/sl\\\/#organization\",\"name\":\"ATE Globalis d.o.o.\",\"url\":\"https:\\\/\\\/www.adriatiqa.com\\\/sl\\\/\",\"logo\":{\"@type\":\"ImageObject\",\"inLanguage\":\"sl\",\"@id\":\"https:\\\/\\\/www.adriatiqa.com\\\/sl\\\/#\\\/schema\\\/logo\\\/image\\\/\",\"url\":\"https:\\\/\\\/www.adriatiqa.com\\\/wp-content\\\/uploads\\\/2012\\\/11\\\/adriatiqa-logo.png\",\"contentUrl\":\"https:\\\/\\\/www.adriatiqa.com\\\/wp-content\\\/uploads\\\/2012\\\/11\\\/adriatiqa-logo.png\",\"width\":297,\"height\":57,\"caption\":\"ATE Globalis d.o.o.\"},\"image\":{\"@id\":\"https:\\\/\\\/www.adriatiqa.com\\\/sl\\\/#\\\/schema\\\/logo\\\/image\\\/\"},\"sameAs\":[\"https:\\\/\\\/www.facebook.com\\\/AdriatIQa\",\"https:\\\/\\\/www.linkedin.com\\\/company\\\/adriatiqa-translations\"]}]}<\/script>\n<!-- \/ Yoast SEO plugin. -->","yoast_head_json":{"title":"Lahko jezik vpliva na uspeh va\u0161e spletne strani? | AdriatIQa Prevodi, prevajalska agencija","description":"Ste kdaj razmi\u0161ljali o tem, kako jezik vpliva na uspeh va\u0161e spletne strani? Preverili smo, \u010de lahko jezik va\u0161e spletne strani res poskrbi za bodisi njen uspeh ali pa popoln polom.","robots":{"index":"index","follow":"follow","max-snippet":"max-snippet:-1","max-image-preview":"max-image-preview:large","max-video-preview":"max-video-preview:-1"},"canonical":"https:\/\/www.adriatiqa.com\/sl\/lahko-jezik-vpliva-na-uspeh-vase-spletne-strani\/","twitter_misc":{"Est. reading time":"3 minutes"},"schema":{"@context":"https:\/\/schema.org","@graph":[{"@type":"WebPage","@id":"https:\/\/www.adriatiqa.com\/sl\/lahko-jezik-vpliva-na-uspeh-vase-spletne-strani\/","url":"https:\/\/www.adriatiqa.com\/sl\/lahko-jezik-vpliva-na-uspeh-vase-spletne-strani\/","name":"Lahko jezik vpliva na uspeh va\u0161e spletne strani? | AdriatIQa Prevodi, prevajalska agencija","isPartOf":{"@id":"https:\/\/www.adriatiqa.com\/sl\/#website"},"datePublished":"2016-06-01T13:29:33+00:00","dateModified":"2022-09-16T10:51:10+00:00","description":"Ste kdaj razmi\u0161ljali o tem, kako jezik vpliva na uspeh va\u0161e spletne strani? Preverili smo, \u010de lahko jezik va\u0161e spletne strani res poskrbi za bodisi njen uspeh ali pa popoln polom.","breadcrumb":{"@id":"https:\/\/www.adriatiqa.com\/sl\/lahko-jezik-vpliva-na-uspeh-vase-spletne-strani\/#breadcrumb"},"inLanguage":"sl","potentialAction":[{"@type":"ReadAction","target":["https:\/\/www.adriatiqa.com\/sl\/lahko-jezik-vpliva-na-uspeh-vase-spletne-strani\/"]}]},{"@type":"BreadcrumbList","@id":"https:\/\/www.adriatiqa.com\/sl\/lahko-jezik-vpliva-na-uspeh-vase-spletne-strani\/#breadcrumb","itemListElement":[{"@type":"ListItem","position":1,"name":"Home","item":"https:\/\/www.adriatiqa.com\/sl\/"},{"@type":"ListItem","position":2,"name":"Lahko jezik vpliva na uspeh va\u0161e spletne strani?"}]},{"@type":"WebSite","@id":"https:\/\/www.adriatiqa.com\/sl\/#website","url":"https:\/\/www.adriatiqa.com\/sl\/","name":"AdriatIQa Prevodi, prevajalska agencija","description":"Prevajanje, prevod v angle\u0161\u010dino, nem\u0161\u010dino","publisher":{"@id":"https:\/\/www.adriatiqa.com\/sl\/#organization"},"potentialAction":[{"@type":"SearchAction","target":{"@type":"EntryPoint","urlTemplate":"https:\/\/www.adriatiqa.com\/sl\/?s={search_term_string}"},"query-input":{"@type":"PropertyValueSpecification","valueRequired":true,"valueName":"search_term_string"}}],"inLanguage":"sl"},{"@type":"Organization","@id":"https:\/\/www.adriatiqa.com\/sl\/#organization","name":"ATE Globalis d.o.o.","url":"https:\/\/www.adriatiqa.com\/sl\/","logo":{"@type":"ImageObject","inLanguage":"sl","@id":"https:\/\/www.adriatiqa.com\/sl\/#\/schema\/logo\/image\/","url":"https:\/\/www.adriatiqa.com\/wp-content\/uploads\/2012\/11\/adriatiqa-logo.png","contentUrl":"https:\/\/www.adriatiqa.com\/wp-content\/uploads\/2012\/11\/adriatiqa-logo.png","width":297,"height":57,"caption":"ATE Globalis d.o.o."},"image":{"@id":"https:\/\/www.adriatiqa.com\/sl\/#\/schema\/logo\/image\/"},"sameAs":["https:\/\/www.facebook.com\/AdriatIQa","https:\/\/www.linkedin.com\/company\/adriatiqa-translations"]}]}},"_links":{"self":[{"href":"https:\/\/www.adriatiqa.com\/sl\/wp-json\/wp\/v2\/pages\/4133","targetHints":{"allow":["GET"]}}],"collection":[{"href":"https:\/\/www.adriatiqa.com\/sl\/wp-json\/wp\/v2\/pages"}],"about":[{"href":"https:\/\/www.adriatiqa.com\/sl\/wp-json\/wp\/v2\/types\/page"}],"author":[{"embeddable":true,"href":"https:\/\/www.adriatiqa.com\/sl\/wp-json\/wp\/v2\/users\/2"}],"replies":[{"embeddable":true,"href":"https:\/\/www.adriatiqa.com\/sl\/wp-json\/wp\/v2\/comments?post=4133"}],"version-history":[{"count":6,"href":"https:\/\/www.adriatiqa.com\/sl\/wp-json\/wp\/v2\/pages\/4133\/revisions"}],"predecessor-version":[{"id":30674,"href":"https:\/\/www.adriatiqa.com\/sl\/wp-json\/wp\/v2\/pages\/4133\/revisions\/30674"}],"wp:attachment":[{"href":"https:\/\/www.adriatiqa.com\/sl\/wp-json\/wp\/v2\/media?parent=4133"}],"curies":[{"name":"wp","href":"https:\/\/api.w.org\/{rel}","templated":true}]}}