{"id":4197,"date":"2016-08-02T11:11:37","date_gmt":"2016-08-02T09:11:37","guid":{"rendered":"https:\/\/www.adriatiqa.com\/?page_id=4197"},"modified":"2016-08-02T11:12:33","modified_gmt":"2016-08-02T09:12:33","slug":"ali-poznate-organizacijo-translators-without-borders","status":"publish","type":"page","link":"https:\/\/www.adriatiqa.com\/sl\/ali-poznate-organizacijo-translators-without-borders\/","title":{"rendered":"Ali poznate organizacijo Translators without Borders?"},"content":{"rendered":"<p>[vc_column_text width=&#8221;2\/3&#8243; el_position=&#8221;first&#8221;]<\/p>\n<p><b>Ste \u017ee sli\u0161ali za organizacijo M\u00e9decins Sans Fronti\u00e8res (MSF), ki jo pri nas poznamo pod imenom Zdravniki brez meja, v angle\u0161ko govore\u010dem svetu pa pod imenom Doctors without Borders? Gre za zdravnike, ki so pripravljeni \u017ertvovati svoj \u010das in znanje, da pomagajo ljudem na prizadetih obmo\u010djih, ki sicer nimajo dostopa do primerne zdravstvene oskrbe. \u010clani te organizacije spreminjajo \u017eivljenja ljudi po vsem svetu, na osnovi podobnega principa pa so se zdru\u017eili tudi prevajalci. V okviru organizacije Translators without Borders oziroma Prevajalci brez meja prostovoljci prevajajo besedila in s svojimi prevodi pomagajo tistim, ki njihovo pomo\u010d najbolj potrebujejo.<\/b><\/p>\n<p>&nbsp;<\/p>\n<h2>Organizacija Prevajalci brez meja in njeni za\u010detki<\/h2>\n<p>\u010ceprav za organizacijo Prevajalci brez meja morda sli\u0161ite prvi\u010d, pa ta obstaja \u017ee kar nekaj \u010dasa; ustanovljena je bila namre\u010d \u017ee leta 1993. Namenjena je bila pomo\u010di razli\u010dnim nevladnim organizacijam, ki delujejo na podro\u010djih zdravja, prehrane in izobra\u017eevanja ter za svoje delovanje potrebujejo prevode, ki pa si jih zaradi omejenih sredstev pogosto ne morejo privo\u0161\u010diti.<\/p>\n<p>Tudi dandanes organizacija sledi enakemu poslanstvu, vendar pa je v vmesnem \u010dasu mo\u010dno zrasla in pomagala ne\u0161teto ljudem po vsem svetu. Velik dele\u017e zaslug za njeno uspe\u0161nost nosijo prevajalci prostovoljci, ki v svojem prostem \u010dasu nudijo svoje znanje in izku\u0161nje, da prevajajo razli\u010dna besedila. Pomembno vlogo pa igrajo tudi prevajalska podjetja, ki nastopajo kot ponudniki jezikovnih storitev ali kot pokrovitelji organizacije.<\/p>\n<p>&nbsp;<\/p>\n<h2>Za kak\u0161ne projekte pravzaprav gre?<\/h2>\n<p>Organizacija Prevajalci brez meja se osredoto\u010da na <a href=\"https:\/\/www.adriatiqa.com\/sl\/prevajanje\/\">prevajanje<\/a> besedil, ki izbolj\u0161ujejo \u017eivljenja ljudi po vsem svetu. Gre za zelo razli\u010dne projekte: prevajalci prostovoljci lahko tako prevajajo pisma nevladnih organizacij, v katerih ta prosijo za finan\u010dna sredstva, lahko prevajajo pomembne informacije o boleznih, kot je denimo virus Zika, in tako pomagajo prepre\u010devati nadaljnje \u0161irjenje bolezni, prevajajo pa lahko tudi materiale velikih mednarodnih dobrodelnih organizacij, kot je denimo Rde\u010di kri\u017e.<\/p>\n<p>&nbsp;<\/p>\n<h2>\u017delite tudi vi s svojimi prevodi spreminjati svet?<\/h2>\n<p>\u010ce se ukvarjate s prevajanjem in \u010de bi \u017eeleli s svojimi prevodi vsaj malce izbolj\u0161ati \u017eivljenja ljudi po vsem svetu, se lahko organizaciji pridru\u017eite tudi sami. Va\u0161e delo je seveda povsem prostovoljno, kar pomeni, da lahko projekte kadarkoli zavrnete, \u010de za njih trenutno nimate \u010dasa, primernega znanja ali potrebnih izku\u0161enj. Ker celotna organizacija sloni na delu prostovoljcev, so roki za dokon\u010danje prevoda navadno precej dolgi in torej prilagojeni dejstvu, da morajo profesionalni prevajalci poskrbeti tudi, da je opravljeno njihovo redno delo.<\/p>\n<p>\u010ce vas zanima ve\u010d o organizaciji Prevajalci brez meja in \u010de bi se ji morda \u017eeleli pridru\u017eiti tudi sami, si oglejte spletno stran <a href=\"http:\/\/translatorswithoutborders.org\/\">Translators without Borders<\/a>. In zakaj bi se sploh odlo\u010dili za to, da svoj prosti \u010das namenjate brezpla\u010dnemu delu? Gre za nove izku\u0161nje, nova znanja, nova poznanstva in odli\u010dne reference, ne nazadnje pa tudi za zavest, da ste vsaj malce pomagali izbolj\u0161ati svet, v katerem \u017eivite.<\/p>\n<p>&nbsp;<\/p>\n<p>[\/vc_column_text] [vc_single_image image=&#8221;4198&#8243; img_size=&#8221;full&#8221; img_link_target=&#8221;pphoto&#8221; width=&#8221;1\/3&#8243; el_position=&#8221;last&#8221;]<\/p>\n","protected":false},"excerpt":{"rendered":"<p>[vc_column_text width=&#8221;2\/3&#8243; el_position=&#8221;first&#8221;] Ste \u017ee sli\u0161ali za organizacijo M\u00e9decins Sans Fronti\u00e8res (MSF), ki jo pri nas poznamo pod imenom Zdravniki&#8230;<\/p>\n","protected":false},"author":2,"featured_media":0,"parent":0,"menu_order":0,"comment_status":"closed","ping_status":"closed","template":"","meta":{"footnotes":""},"class_list":["post-4197","page","type-page","status-publish"],"yoast_head":"<!-- This site is optimized with the Yoast SEO plugin v27.5 - https:\/\/yoast.com\/product\/yoast-seo-wordpress\/ -->\n<title>Ali poznate organizacijo Translators without Borders? | AdriatIQa Prevodi, prevajalska agencija<\/title>\n<meta name=\"description\" content=\"V okviru organizacije Translators without Borders oziroma Prevajalci brez meja prostovoljci prevajajo besedila in s svojimi prevodi pomagajo tistim, ki njihovo pomo\u010d najbolj potrebujejo.\" \/>\n<meta name=\"robots\" content=\"index, follow, max-snippet:-1, max-image-preview:large, max-video-preview:-1\" \/>\n<link rel=\"canonical\" href=\"https:\/\/www.adriatiqa.com\/sl\/ali-poznate-organizacijo-translators-without-borders\/\" \/>\n<meta name=\"twitter:label1\" content=\"Est. reading time\" \/>\n\t<meta name=\"twitter:data1\" content=\"3 minutes\" \/>\n<script type=\"application\/ld+json\" class=\"yoast-schema-graph\">{\"@context\":\"https:\\\/\\\/schema.org\",\"@graph\":[{\"@type\":\"WebPage\",\"@id\":\"https:\\\/\\\/www.adriatiqa.com\\\/sl\\\/ali-poznate-organizacijo-translators-without-borders\\\/\",\"url\":\"https:\\\/\\\/www.adriatiqa.com\\\/sl\\\/ali-poznate-organizacijo-translators-without-borders\\\/\",\"name\":\"Ali poznate organizacijo Translators without Borders? | AdriatIQa Prevodi, prevajalska agencija\",\"isPartOf\":{\"@id\":\"https:\\\/\\\/www.adriatiqa.com\\\/sl\\\/#website\"},\"datePublished\":\"2016-08-02T09:11:37+00:00\",\"dateModified\":\"2016-08-02T09:12:33+00:00\",\"description\":\"V okviru organizacije Translators without Borders oziroma Prevajalci brez meja prostovoljci prevajajo besedila in s svojimi prevodi pomagajo tistim, ki njihovo pomo\u010d najbolj potrebujejo.\",\"breadcrumb\":{\"@id\":\"https:\\\/\\\/www.adriatiqa.com\\\/sl\\\/ali-poznate-organizacijo-translators-without-borders\\\/#breadcrumb\"},\"inLanguage\":\"sl\",\"potentialAction\":[{\"@type\":\"ReadAction\",\"target\":[\"https:\\\/\\\/www.adriatiqa.com\\\/sl\\\/ali-poznate-organizacijo-translators-without-borders\\\/\"]}]},{\"@type\":\"BreadcrumbList\",\"@id\":\"https:\\\/\\\/www.adriatiqa.com\\\/sl\\\/ali-poznate-organizacijo-translators-without-borders\\\/#breadcrumb\",\"itemListElement\":[{\"@type\":\"ListItem\",\"position\":1,\"name\":\"Home\",\"item\":\"https:\\\/\\\/www.adriatiqa.com\\\/sl\\\/\"},{\"@type\":\"ListItem\",\"position\":2,\"name\":\"Ali poznate organizacijo Translators without Borders?\"}]},{\"@type\":\"WebSite\",\"@id\":\"https:\\\/\\\/www.adriatiqa.com\\\/sl\\\/#website\",\"url\":\"https:\\\/\\\/www.adriatiqa.com\\\/sl\\\/\",\"name\":\"AdriatIQa Prevodi, prevajalska agencija\",\"description\":\"Prevajanje, prevod v angle\u0161\u010dino, nem\u0161\u010dino\",\"publisher\":{\"@id\":\"https:\\\/\\\/www.adriatiqa.com\\\/sl\\\/#organization\"},\"potentialAction\":[{\"@type\":\"SearchAction\",\"target\":{\"@type\":\"EntryPoint\",\"urlTemplate\":\"https:\\\/\\\/www.adriatiqa.com\\\/sl\\\/?s={search_term_string}\"},\"query-input\":{\"@type\":\"PropertyValueSpecification\",\"valueRequired\":true,\"valueName\":\"search_term_string\"}}],\"inLanguage\":\"sl\"},{\"@type\":\"Organization\",\"@id\":\"https:\\\/\\\/www.adriatiqa.com\\\/sl\\\/#organization\",\"name\":\"ATE Globalis d.o.o.\",\"url\":\"https:\\\/\\\/www.adriatiqa.com\\\/sl\\\/\",\"logo\":{\"@type\":\"ImageObject\",\"inLanguage\":\"sl\",\"@id\":\"https:\\\/\\\/www.adriatiqa.com\\\/sl\\\/#\\\/schema\\\/logo\\\/image\\\/\",\"url\":\"https:\\\/\\\/www.adriatiqa.com\\\/wp-content\\\/uploads\\\/2012\\\/11\\\/adriatiqa-logo.png\",\"contentUrl\":\"https:\\\/\\\/www.adriatiqa.com\\\/wp-content\\\/uploads\\\/2012\\\/11\\\/adriatiqa-logo.png\",\"width\":297,\"height\":57,\"caption\":\"ATE Globalis d.o.o.\"},\"image\":{\"@id\":\"https:\\\/\\\/www.adriatiqa.com\\\/sl\\\/#\\\/schema\\\/logo\\\/image\\\/\"},\"sameAs\":[\"https:\\\/\\\/www.facebook.com\\\/AdriatIQa\",\"https:\\\/\\\/www.linkedin.com\\\/company\\\/adriatiqa-translations\"]}]}<\/script>\n<!-- \/ Yoast SEO plugin. -->","yoast_head_json":{"title":"Ali poznate organizacijo Translators without Borders? | AdriatIQa Prevodi, prevajalska agencija","description":"V okviru organizacije Translators without Borders oziroma Prevajalci brez meja prostovoljci prevajajo besedila in s svojimi prevodi pomagajo tistim, ki njihovo pomo\u010d najbolj potrebujejo.","robots":{"index":"index","follow":"follow","max-snippet":"max-snippet:-1","max-image-preview":"max-image-preview:large","max-video-preview":"max-video-preview:-1"},"canonical":"https:\/\/www.adriatiqa.com\/sl\/ali-poznate-organizacijo-translators-without-borders\/","twitter_misc":{"Est. reading time":"3 minutes"},"schema":{"@context":"https:\/\/schema.org","@graph":[{"@type":"WebPage","@id":"https:\/\/www.adriatiqa.com\/sl\/ali-poznate-organizacijo-translators-without-borders\/","url":"https:\/\/www.adriatiqa.com\/sl\/ali-poznate-organizacijo-translators-without-borders\/","name":"Ali poznate organizacijo Translators without Borders? | AdriatIQa Prevodi, prevajalska agencija","isPartOf":{"@id":"https:\/\/www.adriatiqa.com\/sl\/#website"},"datePublished":"2016-08-02T09:11:37+00:00","dateModified":"2016-08-02T09:12:33+00:00","description":"V okviru organizacije Translators without Borders oziroma Prevajalci brez meja prostovoljci prevajajo besedila in s svojimi prevodi pomagajo tistim, ki njihovo pomo\u010d najbolj potrebujejo.","breadcrumb":{"@id":"https:\/\/www.adriatiqa.com\/sl\/ali-poznate-organizacijo-translators-without-borders\/#breadcrumb"},"inLanguage":"sl","potentialAction":[{"@type":"ReadAction","target":["https:\/\/www.adriatiqa.com\/sl\/ali-poznate-organizacijo-translators-without-borders\/"]}]},{"@type":"BreadcrumbList","@id":"https:\/\/www.adriatiqa.com\/sl\/ali-poznate-organizacijo-translators-without-borders\/#breadcrumb","itemListElement":[{"@type":"ListItem","position":1,"name":"Home","item":"https:\/\/www.adriatiqa.com\/sl\/"},{"@type":"ListItem","position":2,"name":"Ali poznate organizacijo Translators without Borders?"}]},{"@type":"WebSite","@id":"https:\/\/www.adriatiqa.com\/sl\/#website","url":"https:\/\/www.adriatiqa.com\/sl\/","name":"AdriatIQa Prevodi, prevajalska agencija","description":"Prevajanje, prevod v angle\u0161\u010dino, nem\u0161\u010dino","publisher":{"@id":"https:\/\/www.adriatiqa.com\/sl\/#organization"},"potentialAction":[{"@type":"SearchAction","target":{"@type":"EntryPoint","urlTemplate":"https:\/\/www.adriatiqa.com\/sl\/?s={search_term_string}"},"query-input":{"@type":"PropertyValueSpecification","valueRequired":true,"valueName":"search_term_string"}}],"inLanguage":"sl"},{"@type":"Organization","@id":"https:\/\/www.adriatiqa.com\/sl\/#organization","name":"ATE Globalis d.o.o.","url":"https:\/\/www.adriatiqa.com\/sl\/","logo":{"@type":"ImageObject","inLanguage":"sl","@id":"https:\/\/www.adriatiqa.com\/sl\/#\/schema\/logo\/image\/","url":"https:\/\/www.adriatiqa.com\/wp-content\/uploads\/2012\/11\/adriatiqa-logo.png","contentUrl":"https:\/\/www.adriatiqa.com\/wp-content\/uploads\/2012\/11\/adriatiqa-logo.png","width":297,"height":57,"caption":"ATE Globalis d.o.o."},"image":{"@id":"https:\/\/www.adriatiqa.com\/sl\/#\/schema\/logo\/image\/"},"sameAs":["https:\/\/www.facebook.com\/AdriatIQa","https:\/\/www.linkedin.com\/company\/adriatiqa-translations"]}]}},"_links":{"self":[{"href":"https:\/\/www.adriatiqa.com\/sl\/wp-json\/wp\/v2\/pages\/4197","targetHints":{"allow":["GET"]}}],"collection":[{"href":"https:\/\/www.adriatiqa.com\/sl\/wp-json\/wp\/v2\/pages"}],"about":[{"href":"https:\/\/www.adriatiqa.com\/sl\/wp-json\/wp\/v2\/types\/page"}],"author":[{"embeddable":true,"href":"https:\/\/www.adriatiqa.com\/sl\/wp-json\/wp\/v2\/users\/2"}],"replies":[{"embeddable":true,"href":"https:\/\/www.adriatiqa.com\/sl\/wp-json\/wp\/v2\/comments?post=4197"}],"version-history":[{"count":2,"href":"https:\/\/www.adriatiqa.com\/sl\/wp-json\/wp\/v2\/pages\/4197\/revisions"}],"predecessor-version":[{"id":4200,"href":"https:\/\/www.adriatiqa.com\/sl\/wp-json\/wp\/v2\/pages\/4197\/revisions\/4200"}],"wp:attachment":[{"href":"https:\/\/www.adriatiqa.com\/sl\/wp-json\/wp\/v2\/media?parent=4197"}],"curies":[{"name":"wp","href":"https:\/\/api.w.org\/{rel}","templated":true}]}}