{"id":4260,"date":"2016-10-06T14:39:17","date_gmt":"2016-10-06T12:39:17","guid":{"rendered":"https:\/\/www.adriatiqa.com\/?page_id=4260"},"modified":"2016-10-06T14:45:19","modified_gmt":"2016-10-06T12:45:19","slug":"imate-v-vasem-podjetju-terminoloski-slovar","status":"publish","type":"page","link":"https:\/\/www.adriatiqa.com\/sl\/imate-v-vasem-podjetju-terminoloski-slovar\/","title":{"rendered":"Imate v va\u0161em podjetju terminolo\u0161ki slovar?"},"content":{"rendered":"<p>[vc_column_text width=&#8221;2\/3&#8243; el_position=&#8221;first&#8221;]<\/p>\n<p><b>Ne glede na to, s katero stroko, industrijo ali znanostjo se v podjetju ukvarjate, se prav gotovo dnevno sre\u010dujete s \u0161tevilnimi strokovnimi izrazi &#8211; termini, ki povpre\u010dnemu \u010dloveku ne povedo prav veliko. Vam, va\u0161im sodelavcem, strankam in drugim dele\u017enikom podjetja pa omogo\u010dajo, da se natan\u010dno, nedvoumno in profesionalno sporazumevate med seboj. Zakaj pa podjetja sploh potrebujejo terminolo\u0161ke slovarje? In \u0161e pomembneje \u2013 kaj sploh je terminolo\u0161ki slovar?<\/b><\/p>\n<p>&nbsp;<\/p>\n<h2>Kaj je terminolo\u0161ki slovar?<\/h2>\n<p>Terminolo\u0161ki slovar ni ni\u010d drugega kot sistemati\u010dno urejena zbirka strokovnih izrazov, ki opisujejo in ozna\u010dujejo pojme dolo\u010denega <a href=\"https:\/\/www.adriatiqa.com\/sl\/prevajanje\/podrocja-prevajanja\/\">strokovnega podro\u010dja<\/a>. Ker te strokovne izraze ozna\u010dujemo tudi z besedo t\u00earmin (za razliko od term\u00edna, ki pomeni izbrano ali dolo\u010deno \u010dasovno obdobje), zbirko imenujemo kar terminolo\u0161ki slovar. Terminolo\u0161ki slovarji pa pogosto ne vsebujejo le strokovnih izrazov v maternem jeziku podjetja, temve\u010d tudi prevode teh izrazov v relevantne tuje jezike, saj mnoga sodobna podjetja dandanes seveda nastopajo tudi na \u0161tevilnih tujih trgih. Zakaj pa je taka zbirka sploh pomembna za podjetja?<\/p>\n<p>&nbsp;<\/p>\n<h2>Prihranek \u010dasa<\/h2>\n<p>Terminolo\u0161ki slovarji prihranijo ogromno \u010dasa \u0161tevilnim oddelkom podjetij, saj z njihovo pomo\u010djo vedno hitro najdejo prave izraze za svoja sporo\u010dila, ne glede na to, komu so ta sporo\u010dila namenjena. Terminolo\u0161ke slovarje tako s pridom uporabljajo <a href=\"https:\/\/www.adriatiqa.com\/sl\/o-nas\/prevajalci\/\">prevajalci<\/a>, marketin\u0161ki oddelki, tehni\u010dni pisci, in\u017eenirji, zaposleni v oddelku za podporo strankam, prodajalci, osebe, odgovorne za odnose z javnostmi, in \u0161e bi jih lahko na\u0161tevali &#8230;<\/p>\n<p>&nbsp;<\/p>\n<h2>U\u010dinkovita komunikacija<\/h2>\n<p>Komunikacija v podjetju je te\u017eko u\u010dinkovita, \u010de nih\u010de pravzaprav sploh ne ve, o \u010dem natanko nekdo drug govori. Tu nastopijo t\u00earmini, ki komunikacijo podjetja na izbranem strokovnem podro\u010dju poenotijo in olaj\u0161ajo sporazumevanje \u2013 ne le znotraj podjetja, temve\u010d tudi med podjetjem in drugimi javnostmi (denimo kupci, nadzornimi organi, dobavitelji, vlagatelji ipd). U\u010dinkovita komunikacija pa ni koristna le sama po sebi, temve\u010d prina\u0161a \u0161e eno veliko dodatno prednost &#8230;<\/p>\n<p>&nbsp;<\/p>\n<h2>Manj napak<\/h2>\n<p>Zaradi u\u010dinkovite komunikacije, ki je podprta z ustreznimi strokovnimi izrazi, nastane manj napak v \u0161tevilnih procesih podjetja \u2013 pri proizvodnji, pri pripravi in tiskanju promocijskih materialov, pri\u00a0 naro\u010dilih dobaviteljem materialov in \u2013 morda najpomembneje \u2013 pri prodaji kon\u010dnim kupcem, ki je kon\u010dni cilj vsakega podjetja.<\/p>\n<p>&nbsp;<\/p>\n<h2>Za zaklju\u010dek \u2026<\/h2>\n<p>Izdelava terminolo\u0161kega slovarja v ve\u010d jezikih zahteva relativno malo \u010dasa in stane malo denarja, sploh \u010de jo primerjamo s \u0161tevilnimi pozitivnimi u\u010dinki, ki jih obstoj terminolo\u0161kega slovarja prina\u0161a podjetju. Kako pa se izdelave terminolo\u0161kega slovarja sploh lotiti?<\/p>\n<h3>Sistemati\u010dni pristop<\/h3>\n<p>Na za\u010detku procesa mora klju\u010dno vlogo seveda odigrati vodstvo podjetja, ki v sodelovanju z relevantnimi strokovnjaki dolo\u010di na\u010din izdelave in vpeljave terminolo\u0161kega slovarja v podjetje. Pri tem mora odgovoriti na vpra\u0161anja, kot so: <i>\u00bbKako lahko strokovne izraze pridobimo iz obstoje\u010dih dokumentov podjetja?\u00ab<\/i>, <i>\u00bbKako bomo poskrbeli, da bodo na voljo celotnemu podjetju in da jih bodo zaposleni ustrezno uporabljali?\u00ab<\/i> in <i>\u00bbKdo bo poskrbel, da bodo strokovni izrazi na voljo tudi v drugih jezikih?\u00ab <\/i>Za slednje bomo seveda najbolje poskrbeli prevajalci z znanjem iz dolo\u010denega strokovnega podro\u010dja &#8230;<\/p>\n<p>&nbsp;<\/p>\n<p>&nbsp;<\/p>\n<p>&nbsp;<\/p>\n<p>&nbsp;<\/p>\n<p>[\/vc_column_text] [vc_single_image image=&#8221;4265&#8243; img_size=&#8221;full&#8221; img_link_target=&#8221;pphoto&#8221; width=&#8221;1\/3&#8243; el_position=&#8221;last&#8221;]<\/p>\n","protected":false},"excerpt":{"rendered":"<p>[vc_column_text width=&#8221;2\/3&#8243; el_position=&#8221;first&#8221;] Ne glede na to, s katero stroko, industrijo ali znanostjo se v podjetju ukvarjate, se prav gotovo&#8230;<\/p>\n","protected":false},"author":2,"featured_media":0,"parent":0,"menu_order":0,"comment_status":"closed","ping_status":"closed","template":"","meta":{"footnotes":""},"class_list":["post-4260","page","type-page","status-publish"],"yoast_head":"<!-- This site is optimized with the Yoast SEO plugin v27.5 - https:\/\/yoast.com\/product\/yoast-seo-wordpress\/ -->\n<title>Imate v va\u0161em podjetju terminolo\u0161ki slovar? | AdriatIQa Prevodi, prevajalska agencija<\/title>\n<meta name=\"description\" content=\"Zakaj podjetja sploh potrebujejo terminolo\u0161ke slovarje? In \u0161e pomembneje \u2013 kaj sploh je terminolo\u0161ki slovar?\" \/>\n<meta name=\"robots\" content=\"index, follow, max-snippet:-1, max-image-preview:large, max-video-preview:-1\" \/>\n<link rel=\"canonical\" href=\"https:\/\/www.adriatiqa.com\/sl\/imate-v-vasem-podjetju-terminoloski-slovar\/\" \/>\n<meta name=\"twitter:label1\" content=\"Est. reading time\" \/>\n\t<meta name=\"twitter:data1\" content=\"3 minutes\" \/>\n<script type=\"application\/ld+json\" class=\"yoast-schema-graph\">{\"@context\":\"https:\\\/\\\/schema.org\",\"@graph\":[{\"@type\":\"WebPage\",\"@id\":\"https:\\\/\\\/www.adriatiqa.com\\\/sl\\\/imate-v-vasem-podjetju-terminoloski-slovar\\\/\",\"url\":\"https:\\\/\\\/www.adriatiqa.com\\\/sl\\\/imate-v-vasem-podjetju-terminoloski-slovar\\\/\",\"name\":\"Imate v va\u0161em podjetju terminolo\u0161ki slovar? | AdriatIQa Prevodi, prevajalska agencija\",\"isPartOf\":{\"@id\":\"https:\\\/\\\/www.adriatiqa.com\\\/sl\\\/#website\"},\"datePublished\":\"2016-10-06T12:39:17+00:00\",\"dateModified\":\"2016-10-06T12:45:19+00:00\",\"description\":\"Zakaj podjetja sploh potrebujejo terminolo\u0161ke slovarje? In \u0161e pomembneje \u2013 kaj sploh je terminolo\u0161ki slovar?\",\"breadcrumb\":{\"@id\":\"https:\\\/\\\/www.adriatiqa.com\\\/sl\\\/imate-v-vasem-podjetju-terminoloski-slovar\\\/#breadcrumb\"},\"inLanguage\":\"sl\",\"potentialAction\":[{\"@type\":\"ReadAction\",\"target\":[\"https:\\\/\\\/www.adriatiqa.com\\\/sl\\\/imate-v-vasem-podjetju-terminoloski-slovar\\\/\"]}]},{\"@type\":\"BreadcrumbList\",\"@id\":\"https:\\\/\\\/www.adriatiqa.com\\\/sl\\\/imate-v-vasem-podjetju-terminoloski-slovar\\\/#breadcrumb\",\"itemListElement\":[{\"@type\":\"ListItem\",\"position\":1,\"name\":\"Home\",\"item\":\"https:\\\/\\\/www.adriatiqa.com\\\/sl\\\/\"},{\"@type\":\"ListItem\",\"position\":2,\"name\":\"Imate v va\u0161em podjetju terminolo\u0161ki slovar?\"}]},{\"@type\":\"WebSite\",\"@id\":\"https:\\\/\\\/www.adriatiqa.com\\\/sl\\\/#website\",\"url\":\"https:\\\/\\\/www.adriatiqa.com\\\/sl\\\/\",\"name\":\"AdriatIQa Prevodi, prevajalska agencija\",\"description\":\"Prevajanje, prevod v angle\u0161\u010dino, nem\u0161\u010dino\",\"publisher\":{\"@id\":\"https:\\\/\\\/www.adriatiqa.com\\\/sl\\\/#organization\"},\"potentialAction\":[{\"@type\":\"SearchAction\",\"target\":{\"@type\":\"EntryPoint\",\"urlTemplate\":\"https:\\\/\\\/www.adriatiqa.com\\\/sl\\\/?s={search_term_string}\"},\"query-input\":{\"@type\":\"PropertyValueSpecification\",\"valueRequired\":true,\"valueName\":\"search_term_string\"}}],\"inLanguage\":\"sl\"},{\"@type\":\"Organization\",\"@id\":\"https:\\\/\\\/www.adriatiqa.com\\\/sl\\\/#organization\",\"name\":\"ATE Globalis d.o.o.\",\"url\":\"https:\\\/\\\/www.adriatiqa.com\\\/sl\\\/\",\"logo\":{\"@type\":\"ImageObject\",\"inLanguage\":\"sl\",\"@id\":\"https:\\\/\\\/www.adriatiqa.com\\\/sl\\\/#\\\/schema\\\/logo\\\/image\\\/\",\"url\":\"https:\\\/\\\/www.adriatiqa.com\\\/wp-content\\\/uploads\\\/2012\\\/11\\\/adriatiqa-logo.png\",\"contentUrl\":\"https:\\\/\\\/www.adriatiqa.com\\\/wp-content\\\/uploads\\\/2012\\\/11\\\/adriatiqa-logo.png\",\"width\":297,\"height\":57,\"caption\":\"ATE Globalis d.o.o.\"},\"image\":{\"@id\":\"https:\\\/\\\/www.adriatiqa.com\\\/sl\\\/#\\\/schema\\\/logo\\\/image\\\/\"},\"sameAs\":[\"https:\\\/\\\/www.facebook.com\\\/AdriatIQa\",\"https:\\\/\\\/www.linkedin.com\\\/company\\\/adriatiqa-translations\"]}]}<\/script>\n<!-- \/ Yoast SEO plugin. -->","yoast_head_json":{"title":"Imate v va\u0161em podjetju terminolo\u0161ki slovar? | AdriatIQa Prevodi, prevajalska agencija","description":"Zakaj podjetja sploh potrebujejo terminolo\u0161ke slovarje? In \u0161e pomembneje \u2013 kaj sploh je terminolo\u0161ki slovar?","robots":{"index":"index","follow":"follow","max-snippet":"max-snippet:-1","max-image-preview":"max-image-preview:large","max-video-preview":"max-video-preview:-1"},"canonical":"https:\/\/www.adriatiqa.com\/sl\/imate-v-vasem-podjetju-terminoloski-slovar\/","twitter_misc":{"Est. reading time":"3 minutes"},"schema":{"@context":"https:\/\/schema.org","@graph":[{"@type":"WebPage","@id":"https:\/\/www.adriatiqa.com\/sl\/imate-v-vasem-podjetju-terminoloski-slovar\/","url":"https:\/\/www.adriatiqa.com\/sl\/imate-v-vasem-podjetju-terminoloski-slovar\/","name":"Imate v va\u0161em podjetju terminolo\u0161ki slovar? | AdriatIQa Prevodi, prevajalska agencija","isPartOf":{"@id":"https:\/\/www.adriatiqa.com\/sl\/#website"},"datePublished":"2016-10-06T12:39:17+00:00","dateModified":"2016-10-06T12:45:19+00:00","description":"Zakaj podjetja sploh potrebujejo terminolo\u0161ke slovarje? In \u0161e pomembneje \u2013 kaj sploh je terminolo\u0161ki slovar?","breadcrumb":{"@id":"https:\/\/www.adriatiqa.com\/sl\/imate-v-vasem-podjetju-terminoloski-slovar\/#breadcrumb"},"inLanguage":"sl","potentialAction":[{"@type":"ReadAction","target":["https:\/\/www.adriatiqa.com\/sl\/imate-v-vasem-podjetju-terminoloski-slovar\/"]}]},{"@type":"BreadcrumbList","@id":"https:\/\/www.adriatiqa.com\/sl\/imate-v-vasem-podjetju-terminoloski-slovar\/#breadcrumb","itemListElement":[{"@type":"ListItem","position":1,"name":"Home","item":"https:\/\/www.adriatiqa.com\/sl\/"},{"@type":"ListItem","position":2,"name":"Imate v va\u0161em podjetju terminolo\u0161ki slovar?"}]},{"@type":"WebSite","@id":"https:\/\/www.adriatiqa.com\/sl\/#website","url":"https:\/\/www.adriatiqa.com\/sl\/","name":"AdriatIQa Prevodi, prevajalska agencija","description":"Prevajanje, prevod v angle\u0161\u010dino, nem\u0161\u010dino","publisher":{"@id":"https:\/\/www.adriatiqa.com\/sl\/#organization"},"potentialAction":[{"@type":"SearchAction","target":{"@type":"EntryPoint","urlTemplate":"https:\/\/www.adriatiqa.com\/sl\/?s={search_term_string}"},"query-input":{"@type":"PropertyValueSpecification","valueRequired":true,"valueName":"search_term_string"}}],"inLanguage":"sl"},{"@type":"Organization","@id":"https:\/\/www.adriatiqa.com\/sl\/#organization","name":"ATE Globalis d.o.o.","url":"https:\/\/www.adriatiqa.com\/sl\/","logo":{"@type":"ImageObject","inLanguage":"sl","@id":"https:\/\/www.adriatiqa.com\/sl\/#\/schema\/logo\/image\/","url":"https:\/\/www.adriatiqa.com\/wp-content\/uploads\/2012\/11\/adriatiqa-logo.png","contentUrl":"https:\/\/www.adriatiqa.com\/wp-content\/uploads\/2012\/11\/adriatiqa-logo.png","width":297,"height":57,"caption":"ATE Globalis d.o.o."},"image":{"@id":"https:\/\/www.adriatiqa.com\/sl\/#\/schema\/logo\/image\/"},"sameAs":["https:\/\/www.facebook.com\/AdriatIQa","https:\/\/www.linkedin.com\/company\/adriatiqa-translations"]}]}},"_links":{"self":[{"href":"https:\/\/www.adriatiqa.com\/sl\/wp-json\/wp\/v2\/pages\/4260","targetHints":{"allow":["GET"]}}],"collection":[{"href":"https:\/\/www.adriatiqa.com\/sl\/wp-json\/wp\/v2\/pages"}],"about":[{"href":"https:\/\/www.adriatiqa.com\/sl\/wp-json\/wp\/v2\/types\/page"}],"author":[{"embeddable":true,"href":"https:\/\/www.adriatiqa.com\/sl\/wp-json\/wp\/v2\/users\/2"}],"replies":[{"embeddable":true,"href":"https:\/\/www.adriatiqa.com\/sl\/wp-json\/wp\/v2\/comments?post=4260"}],"version-history":[{"count":3,"href":"https:\/\/www.adriatiqa.com\/sl\/wp-json\/wp\/v2\/pages\/4260\/revisions"}],"predecessor-version":[{"id":4264,"href":"https:\/\/www.adriatiqa.com\/sl\/wp-json\/wp\/v2\/pages\/4260\/revisions\/4264"}],"wp:attachment":[{"href":"https:\/\/www.adriatiqa.com\/sl\/wp-json\/wp\/v2\/media?parent=4260"}],"curies":[{"name":"wp","href":"https:\/\/api.w.org\/{rel}","templated":true}]}}