{"id":4312,"date":"2016-12-14T17:37:10","date_gmt":"2016-12-14T16:37:10","guid":{"rendered":"https:\/\/www.adriatiqa.com\/?page_id=4312"},"modified":"2016-12-14T17:37:10","modified_gmt":"2016-12-14T16:37:10","slug":"zaposleni-v-prevajalskih-agencijah-kdo-pocne-kaj","status":"publish","type":"page","link":"https:\/\/www.adriatiqa.com\/sl\/zaposleni-v-prevajalskih-agencijah-kdo-pocne-kaj\/","title":{"rendered":"Zaposleni v prevajalskih agencijah \u2013 kdo po\u010dne kaj?"},"content":{"rendered":"<p>[vc_column_text width=&#8221;2\/3&#8243; el_position=&#8221;first&#8221;]<\/p>\n<p><b>\u010ce se va\u0161e podjetje ali organizacija prvi\u010d sre\u010duje s sodelovanjem s profesionalno prevajalsko agencijo, se kaj lahko zgodi, da boste ob nazivih, kot so vodja projektov, prevajalec, lektor, pregledovalec in podobno, kar malce zmedeni, saj ne boste vedeli, kaj to\u010dno kdo po\u010dne in na koga se lahko obrnete z dolo\u010denim problemom ali vpra\u0161anjem. Kdo torej po\u010dne kaj v ve\u010djih prevajalskih agencijah?<\/b><\/p>\n<p>&nbsp;<\/p>\n<h2>Razli\u010dne organizacijske strukture in nazivi<\/h2>\n<p>\u0160e preden se lotimo konkretnih vlog v prevajalskem podjetju, velja omeniti, da se podjetja med seboj razlikujejo tako po organizacijski strukturi in delitvi vlog v podjetju kot tudi po nazivih, ki jih uporabljajo, zato stoodstotno natan\u010dno delitve vlog ni mogo\u010de opredeliti. Kljub temu pa obstajajo splo\u0161ne vloge, ki jih boste skoraj zagotovo na\u0161li tudi v prevajalskem podjetju, s katerim sodelujete.<\/p>\n<p>&nbsp;<\/p>\n<h2>Vodje projektov<\/h2>\n<p>V ve\u010djih prevajalskih agencijah vsaki stranki ob za\u010detku novega projekta obi\u010dajno dodelijo vodjo projektov. Kaj pa ta vodja projektov dejansko po\u010dne in s kak\u0161nimi vpra\u0161anji se lahko obrnete nanj?<\/p>\n<p>Vodje projektov so zaposleni, ki so odgovorni za dejansko izvedbo dolo\u010denega prevajalskega projekta oz. skrbijo za nemoten <a href=\"https:\/\/www.adriatiqa.com\/sl\/prevajanje\/\">prevajalski proces<\/a>; ta vklju\u010duje analizo besedila, pripravo pomnilnikov\/glosarjev, pripravo ponudbe, dolo\u010ditev in nadzor prevajalcev ter drugih sodelavcev, ki so nujni za uspe\u0161no izvedbo projekta, pa tudi drugih resursov, ki omogo\u010dajo izvedbo projekta, ter seveda pravo\u010dasno oddajo brezhibnega prevoda naro\u010dniku. Vodje projekta so tako odgovorne predvsem za vsebinski del izvedbe in vam bodo zato znali tudi povedati, koliko \u010dasa bo projekt trajal in koliko vas bo stal.<\/p>\n<p>&nbsp;<\/p>\n<h2>Prevajalci<\/h2>\n<p><a href=\"https:\/\/www.adriatiqa.com\/sl\/o-nas\/prevajalci\/\">Prevajalci<\/a> (in prevajalke) so tisti \u010dleni v prevajalskih agencijah, ki bodo dejansko prevedli va\u0161e tekste v tuj jezik (ali iz tujega v doma\u010dega). Po definiciji prevajalec prenese pomen iz izvirnega v ciljni jezik tako, da izdela besedilo, ki je skladno z jezikovnimi pravili ciljnega jezika in ustreza navodilom, prejetim ob dodelitvi projekta. V procesu prevajanja je prevajalec stalno pozoren na terminologijo, slovnico, besedi\u0161\u010de, slog, krajevne zna\u010dilnosti, oblikovanje, ciljno skupino in namen prevoda. Pri ve\u010djih projektih obi\u010dajno sodeluje tudi ve\u010d prevajalcev, pa tudi pri manj\u0161ih projektih va\u0161a besedila najbr\u017e ne bodo odvisna samo od enega posameznika. \u010ce ni\u010d drugega, bo delo prvega prevajalca preveril \u0161e drug prevajalec, ki bo takrat nastopil v vlogi pregledovalca.<\/p>\n<p>&nbsp;<\/p>\n<h2>Popravljavci\/pregledovalci\/strokovni pregledovalci<\/h2>\n<p>Profesionalne prevajalske agencije zaposlujejo tudi razli\u010dne pregledovalce (\u0161ir\u0161e poimenovane &#8216;lektorje&#8217;) \u2013 kako pa se njihova vloga sploh razlikuje od vloge prevajalcev? Lo\u010dimo ve\u010d vrst pregledov:<\/p>\n<p><b>Pregledovalec<\/b> je oseba, ki pregleda prevod: to ni ista oseba kot prevajalec ter mora imeti ustrezne sposobnosti in <span style=\"text-decoration: underline;\">znanje izvirnega in ciljnega jezika<\/span>. Pregledovalec preveri, ali prevod ustreza namenu. To vklju\u010duje &#8211; odvisno od zahtev projekta &#8211; <span style=\"text-decoration: underline;\">primerjavo izvirnega in ciljnega besedila glede dosledne rabe terminologije, nabora zna\u010dilnosti in sloga.<\/span><\/p>\n<p><b>Strokovni pregledovalec<\/b> je oseba, ki strokovno <span style=\"text-decoration: underline;\">pregleda ciljno besedilo<\/span>: opravi <span style=\"text-decoration: underline;\">enojezi\u010dni pregled<\/span>, da oceni primernost prevoda za dogovorjeni namen, in predlaga popravke.<\/p>\n<p><b>Popravljavec<\/b> je oseba, ki opravi <span style=\"text-decoration: underline;\">pregled dokumentov pred uporabo<\/span> (tiskom, objavo ali druga\u010dno uporabo) in vnese popravke.<\/p>\n<p>Pregledovalci so torej tisti, ki poskrbijo, da je v \u017ee narejenem prevodu vse brezhibno in da lahko dolo\u010deno besedilo brez vsakr\u0161ne skrbi objavite na spletni strani, v izbrani reviji ali pa ga po\u0161ljete poslovnemu partnerju.<\/p>\n<p>[\/vc_column_text] [vc_single_image image=&#8221;4172&#8243; img_size=&#8221;full&#8221; img_link_target=&#8221;pphoto&#8221; width=&#8221;1\/3&#8243; el_position=&#8221;last&#8221;]<\/p>\n","protected":false},"excerpt":{"rendered":"<p>[vc_column_text width=&#8221;2\/3&#8243; el_position=&#8221;first&#8221;] \u010ce se va\u0161e podjetje ali organizacija prvi\u010d sre\u010duje s sodelovanjem s profesionalno prevajalsko agencijo, se kaj lahko&#8230;<\/p>\n","protected":false},"author":2,"featured_media":0,"parent":0,"menu_order":0,"comment_status":"closed","ping_status":"closed","template":"","meta":{"footnotes":""},"class_list":["post-4312","page","type-page","status-publish"],"yoast_head":"<!-- This site is optimized with the Yoast SEO plugin v27.5 - https:\/\/yoast.com\/product\/yoast-seo-wordpress\/ -->\n<title>Zaposleni v prevajalskih agencijah \u2013 kdo po\u010dne kaj? | AdriatIQa Prevodi, prevajalska agencija<\/title>\n<meta name=\"description\" content=\"Vodja projektov, prevajalec, lektor, pregledovalec in podobno - kdo po\u010dne kaj v ve\u010djih prevajalskih agencijah?\" \/>\n<meta name=\"robots\" content=\"index, follow, max-snippet:-1, max-image-preview:large, max-video-preview:-1\" \/>\n<link rel=\"canonical\" href=\"https:\/\/www.adriatiqa.com\/sl\/zaposleni-v-prevajalskih-agencijah-kdo-pocne-kaj\/\" \/>\n<meta name=\"twitter:label1\" content=\"Est. reading time\" \/>\n\t<meta name=\"twitter:data1\" content=\"3 minutes\" \/>\n<script type=\"application\/ld+json\" class=\"yoast-schema-graph\">{\"@context\":\"https:\\\/\\\/schema.org\",\"@graph\":[{\"@type\":\"WebPage\",\"@id\":\"https:\\\/\\\/www.adriatiqa.com\\\/sl\\\/zaposleni-v-prevajalskih-agencijah-kdo-pocne-kaj\\\/\",\"url\":\"https:\\\/\\\/www.adriatiqa.com\\\/sl\\\/zaposleni-v-prevajalskih-agencijah-kdo-pocne-kaj\\\/\",\"name\":\"Zaposleni v prevajalskih agencijah \u2013 kdo po\u010dne kaj? | AdriatIQa Prevodi, prevajalska agencija\",\"isPartOf\":{\"@id\":\"https:\\\/\\\/www.adriatiqa.com\\\/sl\\\/#website\"},\"datePublished\":\"2016-12-14T16:37:10+00:00\",\"description\":\"Vodja projektov, prevajalec, lektor, pregledovalec in podobno - kdo po\u010dne kaj v ve\u010djih prevajalskih agencijah?\",\"breadcrumb\":{\"@id\":\"https:\\\/\\\/www.adriatiqa.com\\\/sl\\\/zaposleni-v-prevajalskih-agencijah-kdo-pocne-kaj\\\/#breadcrumb\"},\"inLanguage\":\"sl\",\"potentialAction\":[{\"@type\":\"ReadAction\",\"target\":[\"https:\\\/\\\/www.adriatiqa.com\\\/sl\\\/zaposleni-v-prevajalskih-agencijah-kdo-pocne-kaj\\\/\"]}]},{\"@type\":\"BreadcrumbList\",\"@id\":\"https:\\\/\\\/www.adriatiqa.com\\\/sl\\\/zaposleni-v-prevajalskih-agencijah-kdo-pocne-kaj\\\/#breadcrumb\",\"itemListElement\":[{\"@type\":\"ListItem\",\"position\":1,\"name\":\"Home\",\"item\":\"https:\\\/\\\/www.adriatiqa.com\\\/sl\\\/\"},{\"@type\":\"ListItem\",\"position\":2,\"name\":\"Zaposleni v prevajalskih agencijah \u2013 kdo po\u010dne kaj?\"}]},{\"@type\":\"WebSite\",\"@id\":\"https:\\\/\\\/www.adriatiqa.com\\\/sl\\\/#website\",\"url\":\"https:\\\/\\\/www.adriatiqa.com\\\/sl\\\/\",\"name\":\"AdriatIQa Prevodi, prevajalska agencija\",\"description\":\"Prevajanje, prevod v angle\u0161\u010dino, nem\u0161\u010dino\",\"publisher\":{\"@id\":\"https:\\\/\\\/www.adriatiqa.com\\\/sl\\\/#organization\"},\"potentialAction\":[{\"@type\":\"SearchAction\",\"target\":{\"@type\":\"EntryPoint\",\"urlTemplate\":\"https:\\\/\\\/www.adriatiqa.com\\\/sl\\\/?s={search_term_string}\"},\"query-input\":{\"@type\":\"PropertyValueSpecification\",\"valueRequired\":true,\"valueName\":\"search_term_string\"}}],\"inLanguage\":\"sl\"},{\"@type\":\"Organization\",\"@id\":\"https:\\\/\\\/www.adriatiqa.com\\\/sl\\\/#organization\",\"name\":\"ATE Globalis d.o.o.\",\"url\":\"https:\\\/\\\/www.adriatiqa.com\\\/sl\\\/\",\"logo\":{\"@type\":\"ImageObject\",\"inLanguage\":\"sl\",\"@id\":\"https:\\\/\\\/www.adriatiqa.com\\\/sl\\\/#\\\/schema\\\/logo\\\/image\\\/\",\"url\":\"https:\\\/\\\/www.adriatiqa.com\\\/wp-content\\\/uploads\\\/2012\\\/11\\\/adriatiqa-logo.png\",\"contentUrl\":\"https:\\\/\\\/www.adriatiqa.com\\\/wp-content\\\/uploads\\\/2012\\\/11\\\/adriatiqa-logo.png\",\"width\":297,\"height\":57,\"caption\":\"ATE Globalis d.o.o.\"},\"image\":{\"@id\":\"https:\\\/\\\/www.adriatiqa.com\\\/sl\\\/#\\\/schema\\\/logo\\\/image\\\/\"},\"sameAs\":[\"https:\\\/\\\/www.facebook.com\\\/AdriatIQa\",\"https:\\\/\\\/www.linkedin.com\\\/company\\\/adriatiqa-translations\"]}]}<\/script>\n<!-- \/ Yoast SEO plugin. -->","yoast_head_json":{"title":"Zaposleni v prevajalskih agencijah \u2013 kdo po\u010dne kaj? | AdriatIQa Prevodi, prevajalska agencija","description":"Vodja projektov, prevajalec, lektor, pregledovalec in podobno - kdo po\u010dne kaj v ve\u010djih prevajalskih agencijah?","robots":{"index":"index","follow":"follow","max-snippet":"max-snippet:-1","max-image-preview":"max-image-preview:large","max-video-preview":"max-video-preview:-1"},"canonical":"https:\/\/www.adriatiqa.com\/sl\/zaposleni-v-prevajalskih-agencijah-kdo-pocne-kaj\/","twitter_misc":{"Est. reading time":"3 minutes"},"schema":{"@context":"https:\/\/schema.org","@graph":[{"@type":"WebPage","@id":"https:\/\/www.adriatiqa.com\/sl\/zaposleni-v-prevajalskih-agencijah-kdo-pocne-kaj\/","url":"https:\/\/www.adriatiqa.com\/sl\/zaposleni-v-prevajalskih-agencijah-kdo-pocne-kaj\/","name":"Zaposleni v prevajalskih agencijah \u2013 kdo po\u010dne kaj? | AdriatIQa Prevodi, prevajalska agencija","isPartOf":{"@id":"https:\/\/www.adriatiqa.com\/sl\/#website"},"datePublished":"2016-12-14T16:37:10+00:00","description":"Vodja projektov, prevajalec, lektor, pregledovalec in podobno - kdo po\u010dne kaj v ve\u010djih prevajalskih agencijah?","breadcrumb":{"@id":"https:\/\/www.adriatiqa.com\/sl\/zaposleni-v-prevajalskih-agencijah-kdo-pocne-kaj\/#breadcrumb"},"inLanguage":"sl","potentialAction":[{"@type":"ReadAction","target":["https:\/\/www.adriatiqa.com\/sl\/zaposleni-v-prevajalskih-agencijah-kdo-pocne-kaj\/"]}]},{"@type":"BreadcrumbList","@id":"https:\/\/www.adriatiqa.com\/sl\/zaposleni-v-prevajalskih-agencijah-kdo-pocne-kaj\/#breadcrumb","itemListElement":[{"@type":"ListItem","position":1,"name":"Home","item":"https:\/\/www.adriatiqa.com\/sl\/"},{"@type":"ListItem","position":2,"name":"Zaposleni v prevajalskih agencijah \u2013 kdo po\u010dne kaj?"}]},{"@type":"WebSite","@id":"https:\/\/www.adriatiqa.com\/sl\/#website","url":"https:\/\/www.adriatiqa.com\/sl\/","name":"AdriatIQa Prevodi, prevajalska agencija","description":"Prevajanje, prevod v angle\u0161\u010dino, nem\u0161\u010dino","publisher":{"@id":"https:\/\/www.adriatiqa.com\/sl\/#organization"},"potentialAction":[{"@type":"SearchAction","target":{"@type":"EntryPoint","urlTemplate":"https:\/\/www.adriatiqa.com\/sl\/?s={search_term_string}"},"query-input":{"@type":"PropertyValueSpecification","valueRequired":true,"valueName":"search_term_string"}}],"inLanguage":"sl"},{"@type":"Organization","@id":"https:\/\/www.adriatiqa.com\/sl\/#organization","name":"ATE Globalis d.o.o.","url":"https:\/\/www.adriatiqa.com\/sl\/","logo":{"@type":"ImageObject","inLanguage":"sl","@id":"https:\/\/www.adriatiqa.com\/sl\/#\/schema\/logo\/image\/","url":"https:\/\/www.adriatiqa.com\/wp-content\/uploads\/2012\/11\/adriatiqa-logo.png","contentUrl":"https:\/\/www.adriatiqa.com\/wp-content\/uploads\/2012\/11\/adriatiqa-logo.png","width":297,"height":57,"caption":"ATE Globalis d.o.o."},"image":{"@id":"https:\/\/www.adriatiqa.com\/sl\/#\/schema\/logo\/image\/"},"sameAs":["https:\/\/www.facebook.com\/AdriatIQa","https:\/\/www.linkedin.com\/company\/adriatiqa-translations"]}]}},"_links":{"self":[{"href":"https:\/\/www.adriatiqa.com\/sl\/wp-json\/wp\/v2\/pages\/4312","targetHints":{"allow":["GET"]}}],"collection":[{"href":"https:\/\/www.adriatiqa.com\/sl\/wp-json\/wp\/v2\/pages"}],"about":[{"href":"https:\/\/www.adriatiqa.com\/sl\/wp-json\/wp\/v2\/types\/page"}],"author":[{"embeddable":true,"href":"https:\/\/www.adriatiqa.com\/sl\/wp-json\/wp\/v2\/users\/2"}],"replies":[{"embeddable":true,"href":"https:\/\/www.adriatiqa.com\/sl\/wp-json\/wp\/v2\/comments?post=4312"}],"version-history":[{"count":1,"href":"https:\/\/www.adriatiqa.com\/sl\/wp-json\/wp\/v2\/pages\/4312\/revisions"}],"predecessor-version":[{"id":4313,"href":"https:\/\/www.adriatiqa.com\/sl\/wp-json\/wp\/v2\/pages\/4312\/revisions\/4313"}],"wp:attachment":[{"href":"https:\/\/www.adriatiqa.com\/sl\/wp-json\/wp\/v2\/media?parent=4312"}],"curies":[{"name":"wp","href":"https:\/\/api.w.org\/{rel}","templated":true}]}}