{"id":4446,"date":"2017-03-07T16:16:29","date_gmt":"2017-03-07T15:16:29","guid":{"rendered":"https:\/\/www.adriatiqa.com\/?page_id=4446"},"modified":"2017-03-07T16:46:57","modified_gmt":"2017-03-07T15:46:57","slug":"na-obisk-k-poslovnemu-partnerju-v-paris-ali-pariz","status":"publish","type":"page","link":"https:\/\/www.adriatiqa.com\/sl\/na-obisk-k-poslovnemu-partnerju-v-paris-ali-pariz\/","title":{"rendered":"Na obisk k poslovnemu partnerju v Paris ali Pariz?"},"content":{"rendered":"<p>[vc_column_text width=&#8221;2\/3&#8243; el_position=&#8221;first&#8221;]<\/p>\n<p><b>Na\u0161 materni jezik je v\u010dasih lahko tudi zelo zakomplicirana zadeva. Nekatere tuje izraze podoma\u010dimo, pri nekaterih dopu\u0161\u010damo izvirnik ali podoma\u010den izraz, spet pri dolo\u010denih pa vztrajamo kar pri izvirniku, tudi \u010de vklju\u010duje x, y, w ali \u0161e kako bolj nenavadno \u010drko. Kako pa je s pisanjem zemljepisnih imen \u2013 imen dr\u017eav, pokrajin, otokov, mest, gorovij, morij? Jih podoma\u010dimo, pustimo v izvirniku, morda kaj tretjega? Da ne boste v slu\u017ebena poro\u010dila pisali neumnosti, nato pa se hkrati zagovarjali pred \u0161efom, lektorico in srednje\u0161olsko u\u010diteljico zemljepisa\u2026<\/b><\/p>\n<p>&nbsp;<\/p>\n<h3><span style=\"color: #00ccff;\">Kako pi\u0161emo imena dr\u017eav?<\/span><\/h3>\n<p>Jutri pa na sestanek v <i>England<\/i>! Zveni malce nenavadno, kajne? Seveda, saj tega v slovenskem jeziku nikoli ne uporabljamo. Po dolo\u010dilih Slovenskega pravopisa se namre\u010d imena dr\u017eav zapisujejo podoma\u010deno \u2013 <i>England<\/i> je torej Anglija, <i>France<\/i> Francija, USA pa ZDA. Enako velja tudi za imena celin in pokrajin (vsaj tistih bolj znanih).<\/p>\n<p>&nbsp;<\/p>\n<h3><span style=\"color: #00ccff;\">Kaj pa oceani, morja, reke in potoki?<\/span><\/h3>\n<p>Tudi oceane in morja vedno podoma\u010dimo, zato gremo plavat v Atlantik, Egejsko morje in Indijski ocean. Pri rekah zadeva ni tako enostavna \u2013 bolj znane podoma\u010dimo, manj znane pustimo v izvirniku. Na naslednjem slu\u017ebenem izletu boste \u0161efa torej nalo\u017eili v \u010doln in ga spustili po reki Donavi\u2026<\/p>\n<p>Kaj pa imena potokov \u2013 jih pi\u0161emo po doma\u010de ali ohranjamo izvirna imena? Odgovor se ponuja sam od sebe \u2013 koliko tujih potokov pa sploh poznate?<\/p>\n<p>&nbsp;<\/p>\n<h3><span style=\"color: #00ccff;\">Mont Blanc ali Bela gora?<\/span><\/h3>\n<p>Izraza Bela gora najbr\u017e niste videli prav velikokrat in to zato, ker ime najvi\u0161je evropske gore ohranjamo v izvirniku. Z vsemi gorami pa ni tako, saj nekatere bolj znane tudi podoma\u010dimo, prav tako tudi gorovja. Slovenci pa\u010d radi hodimo na Mont Blanc in Mount Everest, ob\u010dasno pa tudi na Kilimand\u017earo in v Pireneje. Seveda pa \u0161e najraje na Triglav, kjer na sre\u010do tudi ni nobene dileme, kako ga pisati\u2026<\/p>\n<p>&nbsp;<\/p>\n<h3><span style=\"color: #00ccff;\">Mesta \u2013 po tuje ali po doma\u010de?<\/span><\/h3>\n<p>Kaj boste torej napisali v potni nalog, ko boste obiskali poslovnega partnerja v francoskem glavnem mestu \u2013 Paris ali Pariz? Prava je druga mo\u017enost, saj imena ve\u010dine bolj znanih krajev poslovenimo. Zakaj pa samo imena ve\u010dine? Ker mesti, kot sta New York in M\u00fcnchen, pi\u0161emo kar v izvirniku, \u010deprav ju seveda pozna ves svet.<\/p>\n<p>Zakaj pa torej Pariz, Dunaj, D\u017eakarta, Hiro\u0161ima in Benetke pi\u0161emo po doma\u010de? Najve\u010dkrat zato, ker so tudi zgodovinsko povezana s Slovenci ali pomembna za Slovence, zato so se v preteklosti za njih uveljavili bolj doma\u010di izrazi. \u00bbGrem v Vijeno\u00ab se pa\u010d sli\u0161i malce nenavadno, ni res?<\/p>\n<p>&nbsp;<\/p>\n<h3><span style=\"color: #00ccff;\">Na pomo\u010d, \u0161e vedno ne vem, kako naj zapi\u0161em dolo\u010deno zemljepisno ime v pomemben slu\u017ebeni dokument!<\/span><\/h3>\n<p>Hja, povsem vas razumemo. Pravila zapisovanja zemljepisnih imen po doma\u010de ali v izvirniku so v\u010dasih res malce nejasna, obstaja pa tudi veliko izjem. \u010ce niste prepri\u010dani, odprite Slovenski pravopis (ali pa ga obi\u0161\u010dite kar <a href=\"http:\/\/www.fran.si\/134\/slovenski-pravopis\">v elektronski obliki<\/a>) in preverite konkretno ime. <strong>V pomo\u010d pa vam bosta zagotovo tudi naslednja dva vira:<\/strong><\/p>\n<h4><b><a href=\"http:\/\/www.gu.gov.si\/fileadmin\/gu.gov.si\/pageuploads\/publikacije\/arhiv_publik\/seznam_tujih_zemljepisnih_imen.pdf\">Seznam tujih zemljepisnih imen v slovenskem jeziku<\/a><\/b><\/h4>\n<h4><b><a href=\"http:\/\/publications.europa.eu\/code\/sl\/sl-5000500.htm\">Seznam dr\u017eav, ozemelj in valut<\/a><\/b><\/h4>\n<p>&nbsp;<\/p>\n<p>Pa sre\u010dno pot!<\/p>\n<p>&nbsp;<\/p>\n<p>[\/vc_column_text] [vc_single_image image=&#8221;4448&#8243; img_size=&#8221;full&#8221; img_link_target=&#8221;pphoto&#8221; width=&#8221;1\/3&#8243; el_position=&#8221;last&#8221;]<\/p>\n","protected":false},"excerpt":{"rendered":"<p>[vc_column_text width=&#8221;2\/3&#8243; el_position=&#8221;first&#8221;] Na\u0161 materni jezik je v\u010dasih lahko tudi zelo zakomplicirana zadeva. Nekatere tuje izraze podoma\u010dimo, pri nekaterih dopu\u0161\u010damo&#8230;<\/p>\n","protected":false},"author":2,"featured_media":0,"parent":0,"menu_order":0,"comment_status":"closed","ping_status":"closed","template":"","meta":{"footnotes":""},"class_list":["post-4446","page","type-page","status-publish"],"yoast_head":"<!-- This site is optimized with the Yoast SEO plugin v27.5 - https:\/\/yoast.com\/product\/yoast-seo-wordpress\/ -->\n<title>Na obisk k poslovnemu partnerju v Paris ali Pariz? | AdriatIQa Prevodi, prevajalska agencija<\/title>\n<meta name=\"description\" content=\"Kako je s pisanjem zemljepisnih imen \u2013 imen dr\u017eav, pokrajin, otokov, mest, gorovij, morij? Jih podoma\u010dimo, pustimo v izvirniku, ali morda kaj tretjega?\" \/>\n<meta name=\"robots\" content=\"index, follow, max-snippet:-1, max-image-preview:large, max-video-preview:-1\" \/>\n<link rel=\"canonical\" href=\"https:\/\/www.adriatiqa.com\/sl\/na-obisk-k-poslovnemu-partnerju-v-paris-ali-pariz\/\" \/>\n<meta name=\"twitter:label1\" content=\"Est. reading time\" \/>\n\t<meta name=\"twitter:data1\" content=\"3 minutes\" \/>\n<script type=\"application\/ld+json\" class=\"yoast-schema-graph\">{\"@context\":\"https:\\\/\\\/schema.org\",\"@graph\":[{\"@type\":\"WebPage\",\"@id\":\"https:\\\/\\\/www.adriatiqa.com\\\/sl\\\/na-obisk-k-poslovnemu-partnerju-v-paris-ali-pariz\\\/\",\"url\":\"https:\\\/\\\/www.adriatiqa.com\\\/sl\\\/na-obisk-k-poslovnemu-partnerju-v-paris-ali-pariz\\\/\",\"name\":\"Na obisk k poslovnemu partnerju v Paris ali Pariz? | AdriatIQa Prevodi, prevajalska agencija\",\"isPartOf\":{\"@id\":\"https:\\\/\\\/www.adriatiqa.com\\\/sl\\\/#website\"},\"datePublished\":\"2017-03-07T15:16:29+00:00\",\"dateModified\":\"2017-03-07T15:46:57+00:00\",\"description\":\"Kako je s pisanjem zemljepisnih imen \u2013 imen dr\u017eav, pokrajin, otokov, mest, gorovij, morij? Jih podoma\u010dimo, pustimo v izvirniku, ali morda kaj tretjega?\",\"breadcrumb\":{\"@id\":\"https:\\\/\\\/www.adriatiqa.com\\\/sl\\\/na-obisk-k-poslovnemu-partnerju-v-paris-ali-pariz\\\/#breadcrumb\"},\"inLanguage\":\"sl\",\"potentialAction\":[{\"@type\":\"ReadAction\",\"target\":[\"https:\\\/\\\/www.adriatiqa.com\\\/sl\\\/na-obisk-k-poslovnemu-partnerju-v-paris-ali-pariz\\\/\"]}]},{\"@type\":\"BreadcrumbList\",\"@id\":\"https:\\\/\\\/www.adriatiqa.com\\\/sl\\\/na-obisk-k-poslovnemu-partnerju-v-paris-ali-pariz\\\/#breadcrumb\",\"itemListElement\":[{\"@type\":\"ListItem\",\"position\":1,\"name\":\"Home\",\"item\":\"https:\\\/\\\/www.adriatiqa.com\\\/sl\\\/\"},{\"@type\":\"ListItem\",\"position\":2,\"name\":\"Na obisk k poslovnemu partnerju v Paris ali Pariz?\"}]},{\"@type\":\"WebSite\",\"@id\":\"https:\\\/\\\/www.adriatiqa.com\\\/sl\\\/#website\",\"url\":\"https:\\\/\\\/www.adriatiqa.com\\\/sl\\\/\",\"name\":\"AdriatIQa Prevodi, prevajalska agencija\",\"description\":\"Prevajanje, prevod v angle\u0161\u010dino, nem\u0161\u010dino\",\"publisher\":{\"@id\":\"https:\\\/\\\/www.adriatiqa.com\\\/sl\\\/#organization\"},\"potentialAction\":[{\"@type\":\"SearchAction\",\"target\":{\"@type\":\"EntryPoint\",\"urlTemplate\":\"https:\\\/\\\/www.adriatiqa.com\\\/sl\\\/?s={search_term_string}\"},\"query-input\":{\"@type\":\"PropertyValueSpecification\",\"valueRequired\":true,\"valueName\":\"search_term_string\"}}],\"inLanguage\":\"sl\"},{\"@type\":\"Organization\",\"@id\":\"https:\\\/\\\/www.adriatiqa.com\\\/sl\\\/#organization\",\"name\":\"ATE Globalis d.o.o.\",\"url\":\"https:\\\/\\\/www.adriatiqa.com\\\/sl\\\/\",\"logo\":{\"@type\":\"ImageObject\",\"inLanguage\":\"sl\",\"@id\":\"https:\\\/\\\/www.adriatiqa.com\\\/sl\\\/#\\\/schema\\\/logo\\\/image\\\/\",\"url\":\"https:\\\/\\\/www.adriatiqa.com\\\/wp-content\\\/uploads\\\/2012\\\/11\\\/adriatiqa-logo.png\",\"contentUrl\":\"https:\\\/\\\/www.adriatiqa.com\\\/wp-content\\\/uploads\\\/2012\\\/11\\\/adriatiqa-logo.png\",\"width\":297,\"height\":57,\"caption\":\"ATE Globalis d.o.o.\"},\"image\":{\"@id\":\"https:\\\/\\\/www.adriatiqa.com\\\/sl\\\/#\\\/schema\\\/logo\\\/image\\\/\"},\"sameAs\":[\"https:\\\/\\\/www.facebook.com\\\/AdriatIQa\",\"https:\\\/\\\/www.linkedin.com\\\/company\\\/adriatiqa-translations\"]}]}<\/script>\n<!-- \/ Yoast SEO plugin. -->","yoast_head_json":{"title":"Na obisk k poslovnemu partnerju v Paris ali Pariz? | AdriatIQa Prevodi, prevajalska agencija","description":"Kako je s pisanjem zemljepisnih imen \u2013 imen dr\u017eav, pokrajin, otokov, mest, gorovij, morij? Jih podoma\u010dimo, pustimo v izvirniku, ali morda kaj tretjega?","robots":{"index":"index","follow":"follow","max-snippet":"max-snippet:-1","max-image-preview":"max-image-preview:large","max-video-preview":"max-video-preview:-1"},"canonical":"https:\/\/www.adriatiqa.com\/sl\/na-obisk-k-poslovnemu-partnerju-v-paris-ali-pariz\/","twitter_misc":{"Est. reading time":"3 minutes"},"schema":{"@context":"https:\/\/schema.org","@graph":[{"@type":"WebPage","@id":"https:\/\/www.adriatiqa.com\/sl\/na-obisk-k-poslovnemu-partnerju-v-paris-ali-pariz\/","url":"https:\/\/www.adriatiqa.com\/sl\/na-obisk-k-poslovnemu-partnerju-v-paris-ali-pariz\/","name":"Na obisk k poslovnemu partnerju v Paris ali Pariz? | AdriatIQa Prevodi, prevajalska agencija","isPartOf":{"@id":"https:\/\/www.adriatiqa.com\/sl\/#website"},"datePublished":"2017-03-07T15:16:29+00:00","dateModified":"2017-03-07T15:46:57+00:00","description":"Kako je s pisanjem zemljepisnih imen \u2013 imen dr\u017eav, pokrajin, otokov, mest, gorovij, morij? Jih podoma\u010dimo, pustimo v izvirniku, ali morda kaj tretjega?","breadcrumb":{"@id":"https:\/\/www.adriatiqa.com\/sl\/na-obisk-k-poslovnemu-partnerju-v-paris-ali-pariz\/#breadcrumb"},"inLanguage":"sl","potentialAction":[{"@type":"ReadAction","target":["https:\/\/www.adriatiqa.com\/sl\/na-obisk-k-poslovnemu-partnerju-v-paris-ali-pariz\/"]}]},{"@type":"BreadcrumbList","@id":"https:\/\/www.adriatiqa.com\/sl\/na-obisk-k-poslovnemu-partnerju-v-paris-ali-pariz\/#breadcrumb","itemListElement":[{"@type":"ListItem","position":1,"name":"Home","item":"https:\/\/www.adriatiqa.com\/sl\/"},{"@type":"ListItem","position":2,"name":"Na obisk k poslovnemu partnerju v Paris ali Pariz?"}]},{"@type":"WebSite","@id":"https:\/\/www.adriatiqa.com\/sl\/#website","url":"https:\/\/www.adriatiqa.com\/sl\/","name":"AdriatIQa Prevodi, prevajalska agencija","description":"Prevajanje, prevod v angle\u0161\u010dino, nem\u0161\u010dino","publisher":{"@id":"https:\/\/www.adriatiqa.com\/sl\/#organization"},"potentialAction":[{"@type":"SearchAction","target":{"@type":"EntryPoint","urlTemplate":"https:\/\/www.adriatiqa.com\/sl\/?s={search_term_string}"},"query-input":{"@type":"PropertyValueSpecification","valueRequired":true,"valueName":"search_term_string"}}],"inLanguage":"sl"},{"@type":"Organization","@id":"https:\/\/www.adriatiqa.com\/sl\/#organization","name":"ATE Globalis d.o.o.","url":"https:\/\/www.adriatiqa.com\/sl\/","logo":{"@type":"ImageObject","inLanguage":"sl","@id":"https:\/\/www.adriatiqa.com\/sl\/#\/schema\/logo\/image\/","url":"https:\/\/www.adriatiqa.com\/wp-content\/uploads\/2012\/11\/adriatiqa-logo.png","contentUrl":"https:\/\/www.adriatiqa.com\/wp-content\/uploads\/2012\/11\/adriatiqa-logo.png","width":297,"height":57,"caption":"ATE Globalis d.o.o."},"image":{"@id":"https:\/\/www.adriatiqa.com\/sl\/#\/schema\/logo\/image\/"},"sameAs":["https:\/\/www.facebook.com\/AdriatIQa","https:\/\/www.linkedin.com\/company\/adriatiqa-translations"]}]}},"_links":{"self":[{"href":"https:\/\/www.adriatiqa.com\/sl\/wp-json\/wp\/v2\/pages\/4446","targetHints":{"allow":["GET"]}}],"collection":[{"href":"https:\/\/www.adriatiqa.com\/sl\/wp-json\/wp\/v2\/pages"}],"about":[{"href":"https:\/\/www.adriatiqa.com\/sl\/wp-json\/wp\/v2\/types\/page"}],"author":[{"embeddable":true,"href":"https:\/\/www.adriatiqa.com\/sl\/wp-json\/wp\/v2\/users\/2"}],"replies":[{"embeddable":true,"href":"https:\/\/www.adriatiqa.com\/sl\/wp-json\/wp\/v2\/comments?post=4446"}],"version-history":[{"count":6,"href":"https:\/\/www.adriatiqa.com\/sl\/wp-json\/wp\/v2\/pages\/4446\/revisions"}],"predecessor-version":[{"id":4455,"href":"https:\/\/www.adriatiqa.com\/sl\/wp-json\/wp\/v2\/pages\/4446\/revisions\/4455"}],"wp:attachment":[{"href":"https:\/\/www.adriatiqa.com\/sl\/wp-json\/wp\/v2\/media?parent=4446"}],"curies":[{"name":"wp","href":"https:\/\/api.w.org\/{rel}","templated":true}]}}