{"id":4560,"date":"2017-06-09T11:24:08","date_gmt":"2017-06-09T09:24:08","guid":{"rendered":"https:\/\/www.adriatiqa.com\/?page_id=4560"},"modified":"2017-06-09T11:28:31","modified_gmt":"2017-06-09T09:28:31","slug":"izogibajmo-se-tujkam","status":"publish","type":"page","link":"https:\/\/www.adriatiqa.com\/sl\/izogibajmo-se-tujkam\/","title":{"rendered":"Izogibajmo se tujkam"},"content":{"rendered":"<p>[vc_column_text width=&#8221;2\/3&#8243; el_position=&#8221;first&#8221;]<\/p>\n<p>Tujke so povsem sprejemljive in so sestavni del slovenskega jezika. Vendar lahko izbolj\u0161amo jasnost\u00a0besedila, \u010de se izogibamo \u010dezmerni rabi tujk.<\/p>\n<p>Dober pisec odlikuje po tem, da zna zapletene in strokovne zadeve zapisati preprosto, enostavno, vsem razumljivo. In do tega vodi tudi ustrezna izbira besed, pri \u010demer so tujke pogosto povsem odve\u010d. Slovenske besede imajo ve\u010djo predstavno mo\u010d in so torej pogosto jasnej\u0161e, tujke pa (v\u010dasih namerno) ohlapne. Vendar slovenimo le, \u010de to lahko storimo brez prehudega posega v pomen.<\/p>\n<p><strong>Zbrali smo nekaj najpogostej\u0161ih tujk, ki se uporabljajo v poslovni komunikaciji \u2013 in zanje poiskali ustreznej\u0161e in lep\u0161e slovenske izraze.<\/strong><\/p>\n<p>&nbsp;<\/p>\n<table border=\"0\" cellspacing=\"0\" cellpadding=\"0\">\n<tbody>\n<tr>\n<td valign=\"top\" width=\"236\"><b>V\u010dasih je namesto tega&#8230;<\/b><\/td>\n<td valign=\"top\" width=\"368\"><b>&#8230;bolje tako:<\/b><\/td>\n<\/tr>\n<tr>\n<td valign=\"top\" width=\"236\">aktivno, aktivnosti<\/td>\n<td valign=\"top\" width=\"368\">dejavno, dejavnosti<\/td>\n<\/tr>\n<tr>\n<td valign=\"top\" width=\"236\">anga\u017eirati<\/td>\n<td valign=\"top\" width=\"368\">zavzemati se, zavzeti se, prizadevati si, pritegniti<\/td>\n<\/tr>\n<tr>\n<td valign=\"top\" width=\"236\">bilateralni (trilateralni, multilateralni)<\/td>\n<td valign=\"top\" width=\"368\">dvostranski (tristranski, ve\u010dstranski, mnogostranski)<\/td>\n<\/tr>\n<tr>\n<td valign=\"top\" width=\"236\">bipartiten (tripartiten \u2026)<\/td>\n<td valign=\"top\" width=\"368\">dvostranski (tristranski \u2026)<\/td>\n<\/tr>\n<tr>\n<td valign=\"top\" width=\"236\">ekspert<\/td>\n<td valign=\"top\" width=\"368\">izvedenec, strokovnjak<\/td>\n<\/tr>\n<tr>\n<td valign=\"top\" width=\"236\">evidentirati<\/td>\n<td valign=\"top\" width=\"368\">zapisati, zabele\u017eiti<\/td>\n<\/tr>\n<tr>\n<td valign=\"top\" width=\"236\">garancija<\/td>\n<td valign=\"top\" width=\"368\">jamstvo, zagotovilo<\/td>\n<\/tr>\n<tr>\n<td valign=\"top\" width=\"236\">informacija<\/td>\n<td valign=\"top\" width=\"368\">podatek, obvestilo, pojasnilo<\/td>\n<\/tr>\n<tr>\n<td valign=\"top\" width=\"236\">iniciativa<\/td>\n<td valign=\"top\" width=\"368\">pobuda, spodbuda<\/td>\n<\/tr>\n<tr>\n<td valign=\"top\" width=\"236\">insolvenca<\/td>\n<td valign=\"top\" width=\"368\">pla\u010dilna nesposobnost<\/td>\n<\/tr>\n<tr>\n<td valign=\"top\" width=\"236\">investicija<\/td>\n<td valign=\"top\" width=\"368\">nalo\u017eba, vlaganje<\/td>\n<\/tr>\n<tr>\n<td valign=\"top\" width=\"236\">investitor<\/td>\n<td valign=\"top\" width=\"368\">vlagatelj, nalo\u017ebenik<\/td>\n<\/tr>\n<tr>\n<td valign=\"top\" width=\"236\">kompatibilen<\/td>\n<td valign=\"top\" width=\"368\">zdru\u017eljiv<\/td>\n<\/tr>\n<tr>\n<td valign=\"top\" width=\"236\">kontekst (v tem kontekstu)<\/td>\n<td valign=\"top\" width=\"368\">s tem v zvezi, v zvezi s tem, pri tem, glede tega<\/td>\n<\/tr>\n<tr>\n<td valign=\"top\" width=\"236\">korespondenca<\/td>\n<td valign=\"top\" width=\"368\">dopisovanje<\/td>\n<\/tr>\n<tr>\n<td valign=\"top\" width=\"236\">kvaliteta<\/td>\n<td valign=\"top\" width=\"368\">kakovost<\/td>\n<\/tr>\n<tr>\n<td valign=\"top\" width=\"236\">plan, planirati<\/td>\n<td valign=\"top\" width=\"368\">na\u010drt, na\u010drtovati<\/td>\n<\/tr>\n<tr>\n<td valign=\"top\" width=\"236\">potencialni<\/td>\n<td valign=\"top\" width=\"368\">mo\u017eni, morebitni, mogo\u010di<\/td>\n<\/tr>\n<tr>\n<td valign=\"top\" width=\"236\">prioriteta<\/td>\n<td valign=\"top\" width=\"368\">prednostna naloga, prednostno podro\u010dje<\/td>\n<\/tr>\n<tr>\n<td valign=\"top\" width=\"236\">problem<\/td>\n<td valign=\"top\" width=\"368\">vpra\u0161anje, zadeva, te\u017eava, zaplet, past<\/td>\n<\/tr>\n<tr>\n<td valign=\"top\" width=\"236\">produkt<\/td>\n<td valign=\"top\" width=\"368\">izdelek<\/td>\n<\/tr>\n<tr>\n<td valign=\"top\" width=\"236\">promovirati<\/td>\n<td valign=\"top\" width=\"368\">spodbujati, pospe\u0161evati, podpirati, uveljavljati, olaj\u0161ati, krepiti, prizadevati si, zavzemati se, (p)o\u017eivljati, raz\u0161irjati &#8230;<\/td>\n<\/tr>\n<tr>\n<td valign=\"top\" width=\"236\">rezultat (rezultati)<\/td>\n<td valign=\"top\" width=\"368\">izsledek, ugotovitev, izid, izvid, sad, posledica, dose\u017eek, uspe\u0161nost, u\u010dinkovitost, zmogljivost, delovanje, obna\u0161anje, nastop, izvedba, potek, izhaja, se obnese, nastane &#8230;<\/td>\n<\/tr>\n<tr>\n<td valign=\"top\" width=\"236\">tekst<\/td>\n<td valign=\"top\" width=\"368\">besedilo<\/td>\n<\/tr>\n<tr>\n<td valign=\"top\" width=\"236\">urgentno<\/td>\n<td valign=\"top\" width=\"368\">nujno<\/td>\n<\/tr>\n<tr>\n<td valign=\"top\" width=\"236\">varianta<\/td>\n<td valign=\"top\" width=\"368\">razli\u010dica<\/td>\n<\/tr>\n<\/tbody>\n<\/table>\n<p>&nbsp;<\/p>\n<p>\u0160e ve\u010d nasvetov za pravilno rabo slovenskega jezika pa si lahko pogledate v razdelku <a title=\"Minuta za jezik\" href=\"https:\/\/www.adriatiqa.com\/sl\/o-nas\/minuta-za-jezik\/\">Minuta za jezik<\/a> in <a title=\"Jezikovni koti\u010dek\" href=\"https:\/\/www.adriatiqa.com\/sl\/jezikovni-koticek\/\">Jezikovnem koti\u010dku<\/a>.<\/p>\n<p><strong>Skrbimo za lep slovenski jezik!<\/strong><\/p>\n<p>&nbsp;<\/p>\n<p>&nbsp;<\/p>\n<p>[\/vc_column_text] [vc_single_image image=&#8221;4561&#8243; img_size=&#8221;full&#8221; img_link_target=&#8221;pphoto&#8221; width=&#8221;1\/3&#8243; el_position=&#8221;last&#8221;]<\/p>\n","protected":false},"excerpt":{"rendered":"<p>[vc_column_text width=&#8221;2\/3&#8243; el_position=&#8221;first&#8221;] Tujke so povsem sprejemljive in so sestavni del slovenskega jezika. Vendar lahko izbolj\u0161amo jasnost\u00a0besedila, \u010de se izogibamo&#8230;<\/p>\n","protected":false},"author":2,"featured_media":0,"parent":0,"menu_order":0,"comment_status":"closed","ping_status":"closed","template":"","meta":{"footnotes":""},"class_list":["post-4560","page","type-page","status-publish"],"yoast_head":"<!-- This site is optimized with the Yoast SEO plugin v27.5 - https:\/\/yoast.com\/product\/yoast-seo-wordpress\/ -->\n<title>Izogibajmo se tujkam | AdriatIQa Prevodi, prevajalska agencija<\/title>\n<meta name=\"description\" content=\"Tujke so povsem sprejemljive in so sestavni del slovenskega jezika. Vendar lahko izbolj\u0161amo jasnost besedila, \u010de se izogibamo \u010dezmerni rabi tujk.\" \/>\n<meta name=\"robots\" content=\"index, follow, max-snippet:-1, max-image-preview:large, max-video-preview:-1\" \/>\n<link rel=\"canonical\" href=\"https:\/\/www.adriatiqa.com\/sl\/izogibajmo-se-tujkam\/\" \/>\n<meta name=\"twitter:label1\" content=\"Est. reading time\" \/>\n\t<meta name=\"twitter:data1\" content=\"2 minutes\" \/>\n<script type=\"application\/ld+json\" class=\"yoast-schema-graph\">{\"@context\":\"https:\\\/\\\/schema.org\",\"@graph\":[{\"@type\":\"WebPage\",\"@id\":\"https:\\\/\\\/www.adriatiqa.com\\\/sl\\\/izogibajmo-se-tujkam\\\/\",\"url\":\"https:\\\/\\\/www.adriatiqa.com\\\/sl\\\/izogibajmo-se-tujkam\\\/\",\"name\":\"Izogibajmo se tujkam | AdriatIQa Prevodi, prevajalska agencija\",\"isPartOf\":{\"@id\":\"https:\\\/\\\/www.adriatiqa.com\\\/sl\\\/#website\"},\"datePublished\":\"2017-06-09T09:24:08+00:00\",\"dateModified\":\"2017-06-09T09:28:31+00:00\",\"description\":\"Tujke so povsem sprejemljive in so sestavni del slovenskega jezika. Vendar lahko izbolj\u0161amo jasnost besedila, \u010de se izogibamo \u010dezmerni rabi tujk.\",\"breadcrumb\":{\"@id\":\"https:\\\/\\\/www.adriatiqa.com\\\/sl\\\/izogibajmo-se-tujkam\\\/#breadcrumb\"},\"inLanguage\":\"sl\",\"potentialAction\":[{\"@type\":\"ReadAction\",\"target\":[\"https:\\\/\\\/www.adriatiqa.com\\\/sl\\\/izogibajmo-se-tujkam\\\/\"]}]},{\"@type\":\"BreadcrumbList\",\"@id\":\"https:\\\/\\\/www.adriatiqa.com\\\/sl\\\/izogibajmo-se-tujkam\\\/#breadcrumb\",\"itemListElement\":[{\"@type\":\"ListItem\",\"position\":1,\"name\":\"Home\",\"item\":\"https:\\\/\\\/www.adriatiqa.com\\\/sl\\\/\"},{\"@type\":\"ListItem\",\"position\":2,\"name\":\"Izogibajmo se tujkam\"}]},{\"@type\":\"WebSite\",\"@id\":\"https:\\\/\\\/www.adriatiqa.com\\\/sl\\\/#website\",\"url\":\"https:\\\/\\\/www.adriatiqa.com\\\/sl\\\/\",\"name\":\"AdriatIQa Prevodi, prevajalska agencija\",\"description\":\"Prevajanje, prevod v angle\u0161\u010dino, nem\u0161\u010dino\",\"publisher\":{\"@id\":\"https:\\\/\\\/www.adriatiqa.com\\\/sl\\\/#organization\"},\"potentialAction\":[{\"@type\":\"SearchAction\",\"target\":{\"@type\":\"EntryPoint\",\"urlTemplate\":\"https:\\\/\\\/www.adriatiqa.com\\\/sl\\\/?s={search_term_string}\"},\"query-input\":{\"@type\":\"PropertyValueSpecification\",\"valueRequired\":true,\"valueName\":\"search_term_string\"}}],\"inLanguage\":\"sl\"},{\"@type\":\"Organization\",\"@id\":\"https:\\\/\\\/www.adriatiqa.com\\\/sl\\\/#organization\",\"name\":\"ATE Globalis d.o.o.\",\"url\":\"https:\\\/\\\/www.adriatiqa.com\\\/sl\\\/\",\"logo\":{\"@type\":\"ImageObject\",\"inLanguage\":\"sl\",\"@id\":\"https:\\\/\\\/www.adriatiqa.com\\\/sl\\\/#\\\/schema\\\/logo\\\/image\\\/\",\"url\":\"https:\\\/\\\/www.adriatiqa.com\\\/wp-content\\\/uploads\\\/2012\\\/11\\\/adriatiqa-logo.png\",\"contentUrl\":\"https:\\\/\\\/www.adriatiqa.com\\\/wp-content\\\/uploads\\\/2012\\\/11\\\/adriatiqa-logo.png\",\"width\":297,\"height\":57,\"caption\":\"ATE Globalis d.o.o.\"},\"image\":{\"@id\":\"https:\\\/\\\/www.adriatiqa.com\\\/sl\\\/#\\\/schema\\\/logo\\\/image\\\/\"},\"sameAs\":[\"https:\\\/\\\/www.facebook.com\\\/AdriatIQa\",\"https:\\\/\\\/www.linkedin.com\\\/company\\\/adriatiqa-translations\"]}]}<\/script>\n<!-- \/ Yoast SEO plugin. -->","yoast_head_json":{"title":"Izogibajmo se tujkam | AdriatIQa Prevodi, prevajalska agencija","description":"Tujke so povsem sprejemljive in so sestavni del slovenskega jezika. Vendar lahko izbolj\u0161amo jasnost besedila, \u010de se izogibamo \u010dezmerni rabi tujk.","robots":{"index":"index","follow":"follow","max-snippet":"max-snippet:-1","max-image-preview":"max-image-preview:large","max-video-preview":"max-video-preview:-1"},"canonical":"https:\/\/www.adriatiqa.com\/sl\/izogibajmo-se-tujkam\/","twitter_misc":{"Est. reading time":"2 minutes"},"schema":{"@context":"https:\/\/schema.org","@graph":[{"@type":"WebPage","@id":"https:\/\/www.adriatiqa.com\/sl\/izogibajmo-se-tujkam\/","url":"https:\/\/www.adriatiqa.com\/sl\/izogibajmo-se-tujkam\/","name":"Izogibajmo se tujkam | AdriatIQa Prevodi, prevajalska agencija","isPartOf":{"@id":"https:\/\/www.adriatiqa.com\/sl\/#website"},"datePublished":"2017-06-09T09:24:08+00:00","dateModified":"2017-06-09T09:28:31+00:00","description":"Tujke so povsem sprejemljive in so sestavni del slovenskega jezika. Vendar lahko izbolj\u0161amo jasnost besedila, \u010de se izogibamo \u010dezmerni rabi tujk.","breadcrumb":{"@id":"https:\/\/www.adriatiqa.com\/sl\/izogibajmo-se-tujkam\/#breadcrumb"},"inLanguage":"sl","potentialAction":[{"@type":"ReadAction","target":["https:\/\/www.adriatiqa.com\/sl\/izogibajmo-se-tujkam\/"]}]},{"@type":"BreadcrumbList","@id":"https:\/\/www.adriatiqa.com\/sl\/izogibajmo-se-tujkam\/#breadcrumb","itemListElement":[{"@type":"ListItem","position":1,"name":"Home","item":"https:\/\/www.adriatiqa.com\/sl\/"},{"@type":"ListItem","position":2,"name":"Izogibajmo se tujkam"}]},{"@type":"WebSite","@id":"https:\/\/www.adriatiqa.com\/sl\/#website","url":"https:\/\/www.adriatiqa.com\/sl\/","name":"AdriatIQa Prevodi, prevajalska agencija","description":"Prevajanje, prevod v angle\u0161\u010dino, nem\u0161\u010dino","publisher":{"@id":"https:\/\/www.adriatiqa.com\/sl\/#organization"},"potentialAction":[{"@type":"SearchAction","target":{"@type":"EntryPoint","urlTemplate":"https:\/\/www.adriatiqa.com\/sl\/?s={search_term_string}"},"query-input":{"@type":"PropertyValueSpecification","valueRequired":true,"valueName":"search_term_string"}}],"inLanguage":"sl"},{"@type":"Organization","@id":"https:\/\/www.adriatiqa.com\/sl\/#organization","name":"ATE Globalis d.o.o.","url":"https:\/\/www.adriatiqa.com\/sl\/","logo":{"@type":"ImageObject","inLanguage":"sl","@id":"https:\/\/www.adriatiqa.com\/sl\/#\/schema\/logo\/image\/","url":"https:\/\/www.adriatiqa.com\/wp-content\/uploads\/2012\/11\/adriatiqa-logo.png","contentUrl":"https:\/\/www.adriatiqa.com\/wp-content\/uploads\/2012\/11\/adriatiqa-logo.png","width":297,"height":57,"caption":"ATE Globalis d.o.o."},"image":{"@id":"https:\/\/www.adriatiqa.com\/sl\/#\/schema\/logo\/image\/"},"sameAs":["https:\/\/www.facebook.com\/AdriatIQa","https:\/\/www.linkedin.com\/company\/adriatiqa-translations"]}]}},"_links":{"self":[{"href":"https:\/\/www.adriatiqa.com\/sl\/wp-json\/wp\/v2\/pages\/4560","targetHints":{"allow":["GET"]}}],"collection":[{"href":"https:\/\/www.adriatiqa.com\/sl\/wp-json\/wp\/v2\/pages"}],"about":[{"href":"https:\/\/www.adriatiqa.com\/sl\/wp-json\/wp\/v2\/types\/page"}],"author":[{"embeddable":true,"href":"https:\/\/www.adriatiqa.com\/sl\/wp-json\/wp\/v2\/users\/2"}],"replies":[{"embeddable":true,"href":"https:\/\/www.adriatiqa.com\/sl\/wp-json\/wp\/v2\/comments?post=4560"}],"version-history":[{"count":5,"href":"https:\/\/www.adriatiqa.com\/sl\/wp-json\/wp\/v2\/pages\/4560\/revisions"}],"predecessor-version":[{"id":4564,"href":"https:\/\/www.adriatiqa.com\/sl\/wp-json\/wp\/v2\/pages\/4560\/revisions\/4564"}],"wp:attachment":[{"href":"https:\/\/www.adriatiqa.com\/sl\/wp-json\/wp\/v2\/media?parent=4560"}],"curies":[{"name":"wp","href":"https:\/\/api.w.org\/{rel}","templated":true}]}}