{"id":4640,"date":"2017-08-10T11:47:31","date_gmt":"2017-08-10T09:47:31","guid":{"rendered":"https:\/\/www.adriatiqa.com\/?page_id=4640"},"modified":"2017-08-10T15:14:04","modified_gmt":"2017-08-10T13:14:04","slug":"bomo-za-malico-jedli-rzen-ali-rzeni-kruh","status":"publish","type":"page","link":"https:\/\/www.adriatiqa.com\/sl\/bomo-za-malico-jedli-rzen-ali-rzeni-kruh\/","title":{"rendered":"Bomo za malico jedli r\u017een ali r\u017eeni kruh?"},"content":{"rendered":"<p>[vc_column_text width=&#8221;2\/3&#8243; el_position=&#8221;first&#8221;]<\/p>\n<p><b>Je (\u017eal) \u017ee tako, da je treba za profesionalno komunikacijo z vsemi dele\u017eniki podjetja znati tudi nekaj slovnice, ni res? Seveda je! Kako pa vam in va\u0161im zaposlenim kaj gredo dolo\u010dne in nedolo\u010dne oblike pridevnikov? Odli\u010dno? Srednje? Slabo? Morda \u0161e nikoli niste sli\u0161ali za kaj takega? Pa poglejmo skupaj, kdaj uporabljamo dolo\u010dne in kdaj nedolo\u010dne oblike pridevnikov \u2013 da bo va\u0161a poslovna komunikacija \u0161e korak bli\u017eje popolnosti.<\/b><\/p>\n<p>&nbsp;<\/p>\n<h3><span style=\"color: #3399cc;\">Kako se sploh razlikujeta dolo\u010dna in nedolo\u010dna oblika pridevnika?<\/span><\/h3>\n<p>Povedano na kratko in posplo\u0161eno: dolo\u010dna oblika pridevnika ima dodano kon\u010dnico -i (primer: lep\/lepi fant), seveda pa obstajajo tudi izjeme, o katerih bomo ve\u010d povedali v enem izmed naslednjih odstavkov.<\/p>\n<p>Kako pa lo\u010dimo, kdaj uporabiti dolo\u010dno oziroma nedolo\u010dno obliko? Najenostavneje je, \u010de si pomagamo z vpra\u0161alnicama kak\u0161en in kateri \u2013 vpra\u0161alnico kak\u0161en uporabimo za nedolo\u010dno obliko (primer: kak\u0161en avto si kupil? Nov avto.), vpra\u0161alnico kateri pa za dolo\u010dno obliko (primer: kateri izmed fantov je ukradel \u010dokolado? Veliki fant.). Vse jasno? Ne? Pa gremo v podrobnosti\u2026<\/p>\n<p>&nbsp;<\/p>\n<h3><span style=\"color: #3399cc;\">Podrobnosti: kdaj natanko uporabiti katero obliko<\/span><\/h3>\n<h4>Nedolo\u010dna oblika (kak\u0161en?)<\/h4>\n<p>Nedolo\u010dno obliko vedno uporabljamo v naslednjih treh primerih: ob prvi omembi samostalnika s pridevnikom, za zaimkom vsak in kadar je pridevnik v vlogi povedkovega dolo\u010dila. S primeri bo la\u017eje, kajne?<\/p>\n<p>Na parkiri\u0161\u010de sta pripeljala rumen in zelen avto. (prva omemba)<\/p>\n<p>Zeleni je bil Fiat. (zdaj \u017ee vemo, o katerem \u2013 dolo\u010denem \u2013 avtomobilu govorimo, zato sprememba v dolo\u010dno obliko)<\/p>\n<p>Vsak majhen fant sanja, da bi bil velik. (za zaimkom vsak)<\/p>\n<p>Fant je \u0161e mlad. (povedkovo dolo\u010dilo \u2013 je \u0161e mlad)<\/p>\n<h4>Dolo\u010dna oblika (kateri?)<\/h4>\n<p>Dolo\u010dno obliko uporabljamo pri lastnih imenih, kadar ozna\u010dujemo posebne vrste predmetov ali oseb, kadar govorimo o \u017ee znani lastnosti, kadar pridevnik uporabljamo kot samostalnik in za dolo\u010denimi zaimki (kazalnimi zaimki, zaimkom ves). Pa poglejmo spet nekaj primerov, da bo vse skupaj la\u017eje razumljivo\u2026<\/p>\n<p>Karel Veliki ni nikoli obiskal Male Polane. (obe lastni imeni)<\/p>\n<p>De\u017eurni elektri\u010dar je za malico jedel r\u017eeni kruh. (oba pridevnika ozna\u010dujeta posebno vrsto ne\u010desa)<\/p>\n<p>Zeleni je bil Fiat. (se spomnite primera iz zgornjega odstavka? \u017de vemo, da je avto zelene barve.)<\/p>\n<p>Obto\u017eeni je vstal in ozmerjal sodnico. (pridevnik obto\u017eeni uporabljamo kot samostalnik)<\/p>\n<p>Ta poredni fant mi krati spanec. (za kazalnim zaimkom ta)<\/p>\n<p>&nbsp;<\/p>\n<h3><span style=\"color: #3399cc;\">Zakaj je vse to dobro?<\/span><\/h3>\n<p>Ne le za to, da se boste pred sodelavci in poslovnimi partnerji lahko hvalili z brezhibnim znanjem <a href=\"https:\/\/www.adriatiqa.com\/sl\/o-nas\/minuta-za-jezik\/\">sloven\u0161\u010dine<\/a>, temve\u010d tudi zato, ker uporaba dolo\u010dne\/nedolo\u010dne oblike v\u010dasih pomeni tudi razliko v pomenu. Mala za\u010detnica je tako slovni\u010dni pojem (nasprotje velike za\u010detnice), medtem ko je majhna za\u010detnica le oznaka velikosti za\u010detnici (torej je za\u010detnica po velikosti majhna). Podobno so mali mo\u017egani to\u010dno dolo\u010den del \u010dlove\u0161kega telesa, majhni mo\u017egani pa le ne blestijo posebej v velikosti.<\/p>\n<p>[\/vc_column_text] [vc_single_image image=&#8221;4641&#8243; img_size=&#8221;full&#8221; img_link_target=&#8221;pphoto&#8221; width=&#8221;1\/3&#8243; el_position=&#8221;last&#8221;]<\/p>\n","protected":false},"excerpt":{"rendered":"<p>[vc_column_text width=&#8221;2\/3&#8243; el_position=&#8221;first&#8221;] Je (\u017eal) \u017ee tako, da je treba za profesionalno komunikacijo z vsemi dele\u017eniki podjetja znati tudi nekaj&#8230;<\/p>\n","protected":false},"author":2,"featured_media":0,"parent":0,"menu_order":0,"comment_status":"closed","ping_status":"closed","template":"","meta":{"footnotes":""},"class_list":["post-4640","page","type-page","status-publish"],"yoast_head":"<!-- This site is optimized with the Yoast SEO plugin v27.5 - https:\/\/yoast.com\/product\/yoast-seo-wordpress\/ -->\n<title>Bomo za malico jedli r\u017een ali r\u017eeni kruh? | AdriatIQa Prevodi, prevajalska agencija<\/title>\n<meta name=\"description\" content=\"R\u017een ali r\u017eeni? Poglejmo, kdaj uporabljamo dolo\u010dne in kdaj nedolo\u010dne oblike pridevnikov \u2013 da bo va\u0161a poslovna komunikacija \u0161e korak bli\u017eje popolnosti.\" \/>\n<meta name=\"robots\" content=\"index, follow, max-snippet:-1, max-image-preview:large, max-video-preview:-1\" \/>\n<link rel=\"canonical\" href=\"https:\/\/www.adriatiqa.com\/sl\/bomo-za-malico-jedli-rzen-ali-rzeni-kruh\/\" \/>\n<meta name=\"twitter:label1\" content=\"Est. reading time\" \/>\n\t<meta name=\"twitter:data1\" content=\"3 minutes\" \/>\n<script type=\"application\/ld+json\" class=\"yoast-schema-graph\">{\"@context\":\"https:\\\/\\\/schema.org\",\"@graph\":[{\"@type\":\"WebPage\",\"@id\":\"https:\\\/\\\/www.adriatiqa.com\\\/sl\\\/bomo-za-malico-jedli-rzen-ali-rzeni-kruh\\\/\",\"url\":\"https:\\\/\\\/www.adriatiqa.com\\\/sl\\\/bomo-za-malico-jedli-rzen-ali-rzeni-kruh\\\/\",\"name\":\"Bomo za malico jedli r\u017een ali r\u017eeni kruh? | AdriatIQa Prevodi, prevajalska agencija\",\"isPartOf\":{\"@id\":\"https:\\\/\\\/www.adriatiqa.com\\\/sl\\\/#website\"},\"datePublished\":\"2017-08-10T09:47:31+00:00\",\"dateModified\":\"2017-08-10T13:14:04+00:00\",\"description\":\"R\u017een ali r\u017eeni? Poglejmo, kdaj uporabljamo dolo\u010dne in kdaj nedolo\u010dne oblike pridevnikov \u2013 da bo va\u0161a poslovna komunikacija \u0161e korak bli\u017eje popolnosti.\",\"breadcrumb\":{\"@id\":\"https:\\\/\\\/www.adriatiqa.com\\\/sl\\\/bomo-za-malico-jedli-rzen-ali-rzeni-kruh\\\/#breadcrumb\"},\"inLanguage\":\"sl\",\"potentialAction\":[{\"@type\":\"ReadAction\",\"target\":[\"https:\\\/\\\/www.adriatiqa.com\\\/sl\\\/bomo-za-malico-jedli-rzen-ali-rzeni-kruh\\\/\"]}]},{\"@type\":\"BreadcrumbList\",\"@id\":\"https:\\\/\\\/www.adriatiqa.com\\\/sl\\\/bomo-za-malico-jedli-rzen-ali-rzeni-kruh\\\/#breadcrumb\",\"itemListElement\":[{\"@type\":\"ListItem\",\"position\":1,\"name\":\"Home\",\"item\":\"https:\\\/\\\/www.adriatiqa.com\\\/sl\\\/\"},{\"@type\":\"ListItem\",\"position\":2,\"name\":\"Bomo za malico jedli r\u017een ali r\u017eeni kruh?\"}]},{\"@type\":\"WebSite\",\"@id\":\"https:\\\/\\\/www.adriatiqa.com\\\/sl\\\/#website\",\"url\":\"https:\\\/\\\/www.adriatiqa.com\\\/sl\\\/\",\"name\":\"AdriatIQa Prevodi, prevajalska agencija\",\"description\":\"Prevajanje, prevod v angle\u0161\u010dino, nem\u0161\u010dino\",\"publisher\":{\"@id\":\"https:\\\/\\\/www.adriatiqa.com\\\/sl\\\/#organization\"},\"potentialAction\":[{\"@type\":\"SearchAction\",\"target\":{\"@type\":\"EntryPoint\",\"urlTemplate\":\"https:\\\/\\\/www.adriatiqa.com\\\/sl\\\/?s={search_term_string}\"},\"query-input\":{\"@type\":\"PropertyValueSpecification\",\"valueRequired\":true,\"valueName\":\"search_term_string\"}}],\"inLanguage\":\"sl\"},{\"@type\":\"Organization\",\"@id\":\"https:\\\/\\\/www.adriatiqa.com\\\/sl\\\/#organization\",\"name\":\"ATE Globalis d.o.o.\",\"url\":\"https:\\\/\\\/www.adriatiqa.com\\\/sl\\\/\",\"logo\":{\"@type\":\"ImageObject\",\"inLanguage\":\"sl\",\"@id\":\"https:\\\/\\\/www.adriatiqa.com\\\/sl\\\/#\\\/schema\\\/logo\\\/image\\\/\",\"url\":\"https:\\\/\\\/www.adriatiqa.com\\\/wp-content\\\/uploads\\\/2012\\\/11\\\/adriatiqa-logo.png\",\"contentUrl\":\"https:\\\/\\\/www.adriatiqa.com\\\/wp-content\\\/uploads\\\/2012\\\/11\\\/adriatiqa-logo.png\",\"width\":297,\"height\":57,\"caption\":\"ATE Globalis d.o.o.\"},\"image\":{\"@id\":\"https:\\\/\\\/www.adriatiqa.com\\\/sl\\\/#\\\/schema\\\/logo\\\/image\\\/\"},\"sameAs\":[\"https:\\\/\\\/www.facebook.com\\\/AdriatIQa\",\"https:\\\/\\\/www.linkedin.com\\\/company\\\/adriatiqa-translations\"]}]}<\/script>\n<!-- \/ Yoast SEO plugin. -->","yoast_head_json":{"title":"Bomo za malico jedli r\u017een ali r\u017eeni kruh? | AdriatIQa Prevodi, prevajalska agencija","description":"R\u017een ali r\u017eeni? Poglejmo, kdaj uporabljamo dolo\u010dne in kdaj nedolo\u010dne oblike pridevnikov \u2013 da bo va\u0161a poslovna komunikacija \u0161e korak bli\u017eje popolnosti.","robots":{"index":"index","follow":"follow","max-snippet":"max-snippet:-1","max-image-preview":"max-image-preview:large","max-video-preview":"max-video-preview:-1"},"canonical":"https:\/\/www.adriatiqa.com\/sl\/bomo-za-malico-jedli-rzen-ali-rzeni-kruh\/","twitter_misc":{"Est. reading time":"3 minutes"},"schema":{"@context":"https:\/\/schema.org","@graph":[{"@type":"WebPage","@id":"https:\/\/www.adriatiqa.com\/sl\/bomo-za-malico-jedli-rzen-ali-rzeni-kruh\/","url":"https:\/\/www.adriatiqa.com\/sl\/bomo-za-malico-jedli-rzen-ali-rzeni-kruh\/","name":"Bomo za malico jedli r\u017een ali r\u017eeni kruh? | AdriatIQa Prevodi, prevajalska agencija","isPartOf":{"@id":"https:\/\/www.adriatiqa.com\/sl\/#website"},"datePublished":"2017-08-10T09:47:31+00:00","dateModified":"2017-08-10T13:14:04+00:00","description":"R\u017een ali r\u017eeni? Poglejmo, kdaj uporabljamo dolo\u010dne in kdaj nedolo\u010dne oblike pridevnikov \u2013 da bo va\u0161a poslovna komunikacija \u0161e korak bli\u017eje popolnosti.","breadcrumb":{"@id":"https:\/\/www.adriatiqa.com\/sl\/bomo-za-malico-jedli-rzen-ali-rzeni-kruh\/#breadcrumb"},"inLanguage":"sl","potentialAction":[{"@type":"ReadAction","target":["https:\/\/www.adriatiqa.com\/sl\/bomo-za-malico-jedli-rzen-ali-rzeni-kruh\/"]}]},{"@type":"BreadcrumbList","@id":"https:\/\/www.adriatiqa.com\/sl\/bomo-za-malico-jedli-rzen-ali-rzeni-kruh\/#breadcrumb","itemListElement":[{"@type":"ListItem","position":1,"name":"Home","item":"https:\/\/www.adriatiqa.com\/sl\/"},{"@type":"ListItem","position":2,"name":"Bomo za malico jedli r\u017een ali r\u017eeni kruh?"}]},{"@type":"WebSite","@id":"https:\/\/www.adriatiqa.com\/sl\/#website","url":"https:\/\/www.adriatiqa.com\/sl\/","name":"AdriatIQa Prevodi, prevajalska agencija","description":"Prevajanje, prevod v angle\u0161\u010dino, nem\u0161\u010dino","publisher":{"@id":"https:\/\/www.adriatiqa.com\/sl\/#organization"},"potentialAction":[{"@type":"SearchAction","target":{"@type":"EntryPoint","urlTemplate":"https:\/\/www.adriatiqa.com\/sl\/?s={search_term_string}"},"query-input":{"@type":"PropertyValueSpecification","valueRequired":true,"valueName":"search_term_string"}}],"inLanguage":"sl"},{"@type":"Organization","@id":"https:\/\/www.adriatiqa.com\/sl\/#organization","name":"ATE Globalis d.o.o.","url":"https:\/\/www.adriatiqa.com\/sl\/","logo":{"@type":"ImageObject","inLanguage":"sl","@id":"https:\/\/www.adriatiqa.com\/sl\/#\/schema\/logo\/image\/","url":"https:\/\/www.adriatiqa.com\/wp-content\/uploads\/2012\/11\/adriatiqa-logo.png","contentUrl":"https:\/\/www.adriatiqa.com\/wp-content\/uploads\/2012\/11\/adriatiqa-logo.png","width":297,"height":57,"caption":"ATE Globalis d.o.o."},"image":{"@id":"https:\/\/www.adriatiqa.com\/sl\/#\/schema\/logo\/image\/"},"sameAs":["https:\/\/www.facebook.com\/AdriatIQa","https:\/\/www.linkedin.com\/company\/adriatiqa-translations"]}]}},"_links":{"self":[{"href":"https:\/\/www.adriatiqa.com\/sl\/wp-json\/wp\/v2\/pages\/4640","targetHints":{"allow":["GET"]}}],"collection":[{"href":"https:\/\/www.adriatiqa.com\/sl\/wp-json\/wp\/v2\/pages"}],"about":[{"href":"https:\/\/www.adriatiqa.com\/sl\/wp-json\/wp\/v2\/types\/page"}],"author":[{"embeddable":true,"href":"https:\/\/www.adriatiqa.com\/sl\/wp-json\/wp\/v2\/users\/2"}],"replies":[{"embeddable":true,"href":"https:\/\/www.adriatiqa.com\/sl\/wp-json\/wp\/v2\/comments?post=4640"}],"version-history":[{"count":3,"href":"https:\/\/www.adriatiqa.com\/sl\/wp-json\/wp\/v2\/pages\/4640\/revisions"}],"predecessor-version":[{"id":4650,"href":"https:\/\/www.adriatiqa.com\/sl\/wp-json\/wp\/v2\/pages\/4640\/revisions\/4650"}],"wp:attachment":[{"href":"https:\/\/www.adriatiqa.com\/sl\/wp-json\/wp\/v2\/media?parent=4640"}],"curies":[{"name":"wp","href":"https:\/\/api.w.org\/{rel}","templated":true}]}}