{"id":4756,"date":"2017-12-18T13:56:06","date_gmt":"2017-12-18T12:56:06","guid":{"rendered":"https:\/\/www.adriatiqa.com\/?page_id=4756"},"modified":"2017-12-18T13:56:06","modified_gmt":"2017-12-18T12:56:06","slug":"ali-imajo-eskimi-res-100-besed-za-sneg","status":"publish","type":"page","link":"https:\/\/www.adriatiqa.com\/sl\/ali-imajo-eskimi-res-100-besed-za-sneg\/","title":{"rendered":"Ali imajo Eskimi res 100 besed za sneg?"},"content":{"rendered":"<p>[vc_column_text width=&#8221;2\/3&#8243; el_position=&#8221;first&#8221;]<\/p>\n<p><b>Zagotovo ste \u017ee sli\u0161ali trditev, da imajo Eskimi ogromno, celo ve\u010d kot 100 besed, ki opisujejo eno in isto stvar \u2013 sneg. Verjetno ste sli\u0161ali tudi, da je ta trditev le mit, ki se je razvil na podlagi nepreverjenih govoric, slabega poro\u010danja in nepravilnega razumevanja specifik inuitskega jezika, enega od jezikov, ki ga uporabljajo Eskimi. Pobrskali smo globje in ugotovili, da je resnica \u2013 kot se to pogosto zgodi \u2013 nekje vmes. Eskimi imajo v resnici ve\u010d deset besed, ki opisujejo sneg \u2013 ta namre\u010d pri njih nikakor ni le en sam samcat pojav.<\/b><\/p>\n<p>&nbsp;<\/p>\n<h4><span style=\"color: #3399cc;\">Na severu je pa\u010d veliko snega in ledu\u2026<\/span><\/h4>\n<p>Povsem razumljivo je torej, da za sneg potrebujejo ve\u010d kot le en izraz! Pri nas sneg zapade nekajkrat na leto, zato je povsem dovolj, da mu pa\u010d re\u010demo sneg in ga \u0161e dodatno opi\u0161emo z izrazi, kot so moker sneg, suh sneg ali kaj podobnega. Na severu pa je sneg stalnica, ki si zaslu\u017ei svoj besednjak.<\/p>\n<p>&nbsp;<\/p>\n<h4><span style=\"color: #3399cc;\">Veste, kaj je \u00bbmatsaaruti\u00ab in kaj \u00bbsiguliaksraq\u00ab?<\/span><\/h4>\n<p>In s katerimi izrazi Eskimi torej opisujejo sneg? Uf, veliko preve\u010d jih je, da bi na\u0161teli vse, za poku\u0161ino pa vam lahko zaupamo, da radi uporabljajo izraz \u00bbmatsaaruti\u00ab, da ozna\u010dijo moker sneg, s katerim lahko nama\u017eejo sani, in izraz \u00bbpukak\u00ab za kristalen sneg v prahu, ki je videti kot sol.<\/p>\n<p>A ker na severu ni popularen le sneg, pa\u010d pa tudi led, so Eskimi tudi na tem podro\u010dju razvili \u0161irok nabor izrazov. Gre za ve\u010d kot 70 besed, med njimi pa lahko najdemo izraze, kot so \u00bbutuqaq\u00ab, ki pomeni led, ki zdr\u017ei leto za letom, \u00bbsiguliaksraq\u00ab, ki ozna\u010duje luknjasto plast kristalov, ki se oblikuje, ko za\u010dne zmrzovati morje, in \u00bbauniq\u00ab za led, ki je, prav tako kot \u0161vicarski sir, poln lukenj.<\/p>\n<p>&nbsp;<\/p>\n<h4><span style=\"color: #3399cc;\">Eskimi niso edini navdu\u0161enci nad ledom in snegom<\/span><\/h4>\n<p>Ker severni del na\u0161ega planeta naseljujejo tudi druga ljudstva, ne le Eskimi, je povsem razumljivo, da imamo na svetu \u0161e kar nekaj drugih navdu\u0161encev nad ledom in snegom. Mednje spada tudi ljudstvo Sami, ki \u017eivi na samem severu Skandinavije in Rusije, in pozna ve\u010d kot 180 izrazov, povezanih z ledom in snegom.<\/p>\n<p>&nbsp;<\/p>\n<h4><span style=\"color: #3399cc;\">Kaj pa severni jeleni?<\/span><\/h4>\n<p>Ne, severni jeleni \u017eal ne poznajo \u0161tevilnih izrazov, s katerimi opisujejo led in sneg (ali pa jih poznajo in jih mi preprosto ne razumemo), pozna pa zato ljudstvo Sami ve\u010d kot 1000 izrazov, s katerimi opisujejo severne jelene. Ste malce zmedeni, ker se vam zdijo vsi severni jeleni v resnici precej podobna re\u010d?<\/p>\n<p>Hja, ljudstvo Sami pa denimo ve, da so severni jeleni lahko tudi majhni in debeli, saj tak\u0161ne jelene ozna\u010dujejo z izrazom \u00bbleami\u00ab, da imajo lahko razli\u010dne oblike rogov, saj tiste s kratkimi, razvejanimi rogovi imenujejo \u00bbsnarri\u00ab, seveda pa tudi severnim jelenom v \u017eivljenju ni vedno lahko, zato obstaja poseben izraz za trmoglave samice: \u00bbnjirru\u00ab. In \u010de ste se kdaj spra\u0161evali, kako se re\u010de samcu severnega jelena z le enim, zelo velikim testisom: \u00bbbusat\u00ab. Tako, sedaj veste vse. \ud83d\ude42<\/p>\n<p>[\/vc_column_text] [vc_single_image image=&#8221;4757&#8243; img_size=&#8221;full&#8221; img_link_target=&#8221;pphoto&#8221; width=&#8221;1\/3&#8243; el_position=&#8221;last&#8221;]<\/p>\n","protected":false},"excerpt":{"rendered":"<p>[vc_column_text width=&#8221;2\/3&#8243; el_position=&#8221;first&#8221;] Zagotovo ste \u017ee sli\u0161ali trditev, da imajo Eskimi ogromno, celo ve\u010d kot 100 besed, ki opisujejo eno&#8230;<\/p>\n","protected":false},"author":2,"featured_media":0,"parent":0,"menu_order":0,"comment_status":"closed","ping_status":"closed","template":"","meta":{"footnotes":""},"class_list":["post-4756","page","type-page","status-publish"],"yoast_head":"<!-- This site is optimized with the Yoast SEO plugin v27.5 - https:\/\/yoast.com\/product\/yoast-seo-wordpress\/ -->\n<title>Ali imajo Eskimi res 100 besed za sneg? | AdriatIQa Prevodi, prevajalska agencija<\/title>\n<meta name=\"description\" content=\"Zagotovo ste \u017ee sli\u0161ali trditev, da imajo Eskimi ogromno, celo ve\u010d kot 100 besed, ki opisujejo eno in isto stvar \u2013 sneg. Je ta trditev resni\u010dna, ali le mit?\" \/>\n<meta name=\"robots\" content=\"index, follow, max-snippet:-1, max-image-preview:large, max-video-preview:-1\" \/>\n<link rel=\"canonical\" href=\"https:\/\/www.adriatiqa.com\/sl\/ali-imajo-eskimi-res-100-besed-za-sneg\/\" \/>\n<meta name=\"twitter:label1\" content=\"Est. reading time\" \/>\n\t<meta name=\"twitter:data1\" content=\"3 minutes\" \/>\n<script type=\"application\/ld+json\" class=\"yoast-schema-graph\">{\"@context\":\"https:\\\/\\\/schema.org\",\"@graph\":[{\"@type\":\"WebPage\",\"@id\":\"https:\\\/\\\/www.adriatiqa.com\\\/sl\\\/ali-imajo-eskimi-res-100-besed-za-sneg\\\/\",\"url\":\"https:\\\/\\\/www.adriatiqa.com\\\/sl\\\/ali-imajo-eskimi-res-100-besed-za-sneg\\\/\",\"name\":\"Ali imajo Eskimi res 100 besed za sneg? | AdriatIQa Prevodi, prevajalska agencija\",\"isPartOf\":{\"@id\":\"https:\\\/\\\/www.adriatiqa.com\\\/sl\\\/#website\"},\"datePublished\":\"2017-12-18T12:56:06+00:00\",\"description\":\"Zagotovo ste \u017ee sli\u0161ali trditev, da imajo Eskimi ogromno, celo ve\u010d kot 100 besed, ki opisujejo eno in isto stvar \u2013 sneg. Je ta trditev resni\u010dna, ali le mit?\",\"breadcrumb\":{\"@id\":\"https:\\\/\\\/www.adriatiqa.com\\\/sl\\\/ali-imajo-eskimi-res-100-besed-za-sneg\\\/#breadcrumb\"},\"inLanguage\":\"sl\",\"potentialAction\":[{\"@type\":\"ReadAction\",\"target\":[\"https:\\\/\\\/www.adriatiqa.com\\\/sl\\\/ali-imajo-eskimi-res-100-besed-za-sneg\\\/\"]}]},{\"@type\":\"BreadcrumbList\",\"@id\":\"https:\\\/\\\/www.adriatiqa.com\\\/sl\\\/ali-imajo-eskimi-res-100-besed-za-sneg\\\/#breadcrumb\",\"itemListElement\":[{\"@type\":\"ListItem\",\"position\":1,\"name\":\"Home\",\"item\":\"https:\\\/\\\/www.adriatiqa.com\\\/sl\\\/\"},{\"@type\":\"ListItem\",\"position\":2,\"name\":\"Ali imajo Eskimi res 100 besed za sneg?\"}]},{\"@type\":\"WebSite\",\"@id\":\"https:\\\/\\\/www.adriatiqa.com\\\/sl\\\/#website\",\"url\":\"https:\\\/\\\/www.adriatiqa.com\\\/sl\\\/\",\"name\":\"AdriatIQa Prevodi, prevajalska agencija\",\"description\":\"Prevajanje, prevod v angle\u0161\u010dino, nem\u0161\u010dino\",\"publisher\":{\"@id\":\"https:\\\/\\\/www.adriatiqa.com\\\/sl\\\/#organization\"},\"potentialAction\":[{\"@type\":\"SearchAction\",\"target\":{\"@type\":\"EntryPoint\",\"urlTemplate\":\"https:\\\/\\\/www.adriatiqa.com\\\/sl\\\/?s={search_term_string}\"},\"query-input\":{\"@type\":\"PropertyValueSpecification\",\"valueRequired\":true,\"valueName\":\"search_term_string\"}}],\"inLanguage\":\"sl\"},{\"@type\":\"Organization\",\"@id\":\"https:\\\/\\\/www.adriatiqa.com\\\/sl\\\/#organization\",\"name\":\"ATE Globalis d.o.o.\",\"url\":\"https:\\\/\\\/www.adriatiqa.com\\\/sl\\\/\",\"logo\":{\"@type\":\"ImageObject\",\"inLanguage\":\"sl\",\"@id\":\"https:\\\/\\\/www.adriatiqa.com\\\/sl\\\/#\\\/schema\\\/logo\\\/image\\\/\",\"url\":\"https:\\\/\\\/www.adriatiqa.com\\\/wp-content\\\/uploads\\\/2012\\\/11\\\/adriatiqa-logo.png\",\"contentUrl\":\"https:\\\/\\\/www.adriatiqa.com\\\/wp-content\\\/uploads\\\/2012\\\/11\\\/adriatiqa-logo.png\",\"width\":297,\"height\":57,\"caption\":\"ATE Globalis d.o.o.\"},\"image\":{\"@id\":\"https:\\\/\\\/www.adriatiqa.com\\\/sl\\\/#\\\/schema\\\/logo\\\/image\\\/\"},\"sameAs\":[\"https:\\\/\\\/www.facebook.com\\\/AdriatIQa\",\"https:\\\/\\\/www.linkedin.com\\\/company\\\/adriatiqa-translations\"]}]}<\/script>\n<!-- \/ Yoast SEO plugin. -->","yoast_head_json":{"title":"Ali imajo Eskimi res 100 besed za sneg? | AdriatIQa Prevodi, prevajalska agencija","description":"Zagotovo ste \u017ee sli\u0161ali trditev, da imajo Eskimi ogromno, celo ve\u010d kot 100 besed, ki opisujejo eno in isto stvar \u2013 sneg. Je ta trditev resni\u010dna, ali le mit?","robots":{"index":"index","follow":"follow","max-snippet":"max-snippet:-1","max-image-preview":"max-image-preview:large","max-video-preview":"max-video-preview:-1"},"canonical":"https:\/\/www.adriatiqa.com\/sl\/ali-imajo-eskimi-res-100-besed-za-sneg\/","twitter_misc":{"Est. reading time":"3 minutes"},"schema":{"@context":"https:\/\/schema.org","@graph":[{"@type":"WebPage","@id":"https:\/\/www.adriatiqa.com\/sl\/ali-imajo-eskimi-res-100-besed-za-sneg\/","url":"https:\/\/www.adriatiqa.com\/sl\/ali-imajo-eskimi-res-100-besed-za-sneg\/","name":"Ali imajo Eskimi res 100 besed za sneg? | AdriatIQa Prevodi, prevajalska agencija","isPartOf":{"@id":"https:\/\/www.adriatiqa.com\/sl\/#website"},"datePublished":"2017-12-18T12:56:06+00:00","description":"Zagotovo ste \u017ee sli\u0161ali trditev, da imajo Eskimi ogromno, celo ve\u010d kot 100 besed, ki opisujejo eno in isto stvar \u2013 sneg. Je ta trditev resni\u010dna, ali le mit?","breadcrumb":{"@id":"https:\/\/www.adriatiqa.com\/sl\/ali-imajo-eskimi-res-100-besed-za-sneg\/#breadcrumb"},"inLanguage":"sl","potentialAction":[{"@type":"ReadAction","target":["https:\/\/www.adriatiqa.com\/sl\/ali-imajo-eskimi-res-100-besed-za-sneg\/"]}]},{"@type":"BreadcrumbList","@id":"https:\/\/www.adriatiqa.com\/sl\/ali-imajo-eskimi-res-100-besed-za-sneg\/#breadcrumb","itemListElement":[{"@type":"ListItem","position":1,"name":"Home","item":"https:\/\/www.adriatiqa.com\/sl\/"},{"@type":"ListItem","position":2,"name":"Ali imajo Eskimi res 100 besed za sneg?"}]},{"@type":"WebSite","@id":"https:\/\/www.adriatiqa.com\/sl\/#website","url":"https:\/\/www.adriatiqa.com\/sl\/","name":"AdriatIQa Prevodi, prevajalska agencija","description":"Prevajanje, prevod v angle\u0161\u010dino, nem\u0161\u010dino","publisher":{"@id":"https:\/\/www.adriatiqa.com\/sl\/#organization"},"potentialAction":[{"@type":"SearchAction","target":{"@type":"EntryPoint","urlTemplate":"https:\/\/www.adriatiqa.com\/sl\/?s={search_term_string}"},"query-input":{"@type":"PropertyValueSpecification","valueRequired":true,"valueName":"search_term_string"}}],"inLanguage":"sl"},{"@type":"Organization","@id":"https:\/\/www.adriatiqa.com\/sl\/#organization","name":"ATE Globalis d.o.o.","url":"https:\/\/www.adriatiqa.com\/sl\/","logo":{"@type":"ImageObject","inLanguage":"sl","@id":"https:\/\/www.adriatiqa.com\/sl\/#\/schema\/logo\/image\/","url":"https:\/\/www.adriatiqa.com\/wp-content\/uploads\/2012\/11\/adriatiqa-logo.png","contentUrl":"https:\/\/www.adriatiqa.com\/wp-content\/uploads\/2012\/11\/adriatiqa-logo.png","width":297,"height":57,"caption":"ATE Globalis d.o.o."},"image":{"@id":"https:\/\/www.adriatiqa.com\/sl\/#\/schema\/logo\/image\/"},"sameAs":["https:\/\/www.facebook.com\/AdriatIQa","https:\/\/www.linkedin.com\/company\/adriatiqa-translations"]}]}},"_links":{"self":[{"href":"https:\/\/www.adriatiqa.com\/sl\/wp-json\/wp\/v2\/pages\/4756","targetHints":{"allow":["GET"]}}],"collection":[{"href":"https:\/\/www.adriatiqa.com\/sl\/wp-json\/wp\/v2\/pages"}],"about":[{"href":"https:\/\/www.adriatiqa.com\/sl\/wp-json\/wp\/v2\/types\/page"}],"author":[{"embeddable":true,"href":"https:\/\/www.adriatiqa.com\/sl\/wp-json\/wp\/v2\/users\/2"}],"replies":[{"embeddable":true,"href":"https:\/\/www.adriatiqa.com\/sl\/wp-json\/wp\/v2\/comments?post=4756"}],"version-history":[{"count":3,"href":"https:\/\/www.adriatiqa.com\/sl\/wp-json\/wp\/v2\/pages\/4756\/revisions"}],"predecessor-version":[{"id":4760,"href":"https:\/\/www.adriatiqa.com\/sl\/wp-json\/wp\/v2\/pages\/4756\/revisions\/4760"}],"wp:attachment":[{"href":"https:\/\/www.adriatiqa.com\/sl\/wp-json\/wp\/v2\/media?parent=4756"}],"curies":[{"name":"wp","href":"https:\/\/api.w.org\/{rel}","templated":true}]}}