{"id":4833,"date":"2018-02-06T13:49:52","date_gmt":"2018-02-06T12:49:52","guid":{"rendered":"https:\/\/www.adriatiqa.com\/?page_id=4833"},"modified":"2018-02-06T13:52:38","modified_gmt":"2018-02-06T12:52:38","slug":"7-zanimivosti-o-slovenskem-jeziku-ki-bi-jih-morali-poznati","status":"publish","type":"page","link":"https:\/\/www.adriatiqa.com\/sl\/7-zanimivosti-o-slovenskem-jeziku-ki-bi-jih-morali-poznati\/","title":{"rendered":"7 zanimivosti o slovenskem jeziku, ki bi jih morali poznati"},"content":{"rendered":"<p>[vc_column_text width=&#8221;2\/3&#8243; el_position=&#8221;first&#8221;]<\/p>\n<p><b>Kot vsako leto tudi letos 21. februarja praznujemo <a href=\"https:\/\/www.adriatiqa.com\/sl\/praznujmo-mednarodni-dan-maternega-jezika\/\">mednarodni dan maternega jezika<\/a>. Na ta dan se spomnimo svoje materin\u0161\u010dine, pa tudi raznolikosti in raznovrstnosti jezikov po vsem svetu. Sloven\u0161\u010dino zagotovo \u017ee dodobra poznate, mi pa smo za vas izbrskali \u0161e 7 zanimivosti, za katere morda \u0161e niste sli\u0161ali. Ste pripravljeni?<\/b><\/p>\n<p>&nbsp;<\/p>\n<h4><span style=\"color: #0099cc;\">#1: Slovenski jezik govori pribli\u017eno 2.500.000 govorcev po svetu<\/span><\/h4>\n<p>A od tega jih ve\u010dina \u017eivi v Sloveniji, kar okoli 1,85 milijona. Preostali pa se potepajo po svetu in pridno \u0161irijo na\u0161 lep jezik tudi po tujih krajih\u2026 Najpogosteje lahko sloven\u0161\u010dino sli\u0161imo v Italiji, v Avstriji, na Hrva\u0161kem, na Mad\u017earskem, v Nem\u010diji, pa tudi v ZDA, Kanadi, Argentini, Avstraliji in Ju\u017enoafri\u0161ki republiki.<\/p>\n<p>&nbsp;<\/p>\n<h4><span style=\"color: #0099cc;\">#2: Sloven\u0161\u010dina je eden od redkih jezikov, ki pozna dvojino \u2013 nikakor pa ne edini<\/span><\/h4>\n<p>\u0160tevilni verjamejo, da je dvojina le slovenska posebnost, a to nikakor ne dr\u017ei. Dvojino, v tak\u0161ni ali druga\u010dni obliki, denimo pozna tudi lu\u017ei\u0161ka srb\u0161\u010dina, ki se govori v jugovzhodnem delu Nem\u010dije, ka\u0161ub\u0161\u010dina, ki se govori na severu Poljske, keltska breton\u0161\u010dina, ki je v uporabi na severozahodu Francije, pa tudi sodobna arab\u0161\u010dina in hebrej\u0161\u010dina.<\/p>\n<p>&nbsp;<\/p>\n<p>[\/vc_column_text] [vc_single_image image=&#8221;4561&#8243; img_size=&#8221;full&#8221; img_link_target=&#8221;pphoto&#8221; width=&#8221;1\/3&#8243; el_position=&#8221;last&#8221;] [vc_column_text width=&#8221;2\/3&#8243; el_position=&#8221;first&#8221;]<\/p>\n<h4><span style=\"color: #0099cc;\">#3: Sloven\u0161\u010dina pozna kar 48 nare\u010dij in govorov<\/span><\/h4>\n<p>Kar je resni\u010dno ogromno za jezik, ki se govori na tako majhnem geografskem obmo\u010dju. Nare\u010dja se med seboj mo\u010dno razlikujejo, zdru\u017eena pa so v 8 nare\u010dnih skupin: dolenjsko, gorenjsko, koro\u0161ko, primorsko, \u0161tajersko, panonsko, rovtarsko in ko\u010devsko.<\/p>\n<p>&nbsp;<\/p>\n<h4><span style=\"color: #0099cc;\">#4: Sloven\u0161\u010dina v \u0161tevilkah<\/span><\/h4>\n<p>Slovenski jezik ima 25 \u010drk, s katerimi zapisujemo 29 glasov. Pozna 3 slovni\u010dna \u0161tevila, 6 sklonov, 8 sklanjatev, 3 slovni\u010dne spole in 4 slovni\u010dne \u010dase. Kdo zna na\u0161teti vse?<\/p>\n<p>&nbsp;<\/p>\n<h4><span style=\"color: #0099cc;\">#5: Slovenskega jezika se lahko nau\u010dite tudi v tujini<\/span><\/h4>\n<p>Sloven\u0161\u010dino namre\u010d pou\u010dujejo kar na 54 univerzah v 25 dr\u017eavah po vsem svetu.<\/p>\n<p>&nbsp;<\/p>\n<h4><span style=\"color: #0099cc;\">#6: Sloven\u0161\u010dina ima \u010disto svojo pisavo<\/span><\/h4>\n<p>Slovenci sicer uporabljamo gajico, pisavo, ki jo je razvil hrva\u0161ki jezikoslovec Ljudevit Gaj, vendar pa smo pisavo prilagodili svojim potrebam. Na\u0161a oblika gajice se imenuje slovenica.<\/p>\n<p>&nbsp;<\/p>\n<h4><span style=\"color: #0099cc;\">#7: Kako pa sloven\u0161\u010dini re\u010dejo drugi?<\/span><\/h4>\n<p>Tujci slovenski jezik poimenujejo zelo razli\u010dno, Hrvati ga denimo imenujejo\u00a0<i>slovenski<\/i>, Srbi\u00a0<i>slovena\u010dki<\/i>, Rusi\u00a0<i>slovenskij<\/i>, Nemci\u00a0<i>Slowenisch<\/i>, v angle\u0161\u010dini pa je sloven\u0161\u010dina lahko\u00a0<i>Slovene<\/i>\u00a0ali\u00a0<i>Slovenian<\/i>. Latinski izraz za na\u0161 jezik je\u00a0<i>lingua Slavonica<\/i>\u00a0ali\u00a0<i>lingua Slovenica<\/i>.<\/p>\n<p>&nbsp;<\/p>\n<p>Svoje znanje sloven\u0161\u010dine lahko preizkusite v na\u0161em\u00a0<a href=\"https:\/\/www.adriatiqa.com\/sl\/jezikovni-test-slovenscine\/\">jezikovnem testu<\/a>!<\/p>\n<p>[\/vc_column_text] [blockquote width=&#8221;1\/3&#8243; el_position=&#8221;last&#8221;]<\/p>\n<p><span style=\"color: #ff0000;\"><strong>Ne spreglejte!<\/strong><\/span><strong><br \/>\n<\/strong><\/p>\n<p>Na mednarodni dan materin\u0161\u010dine vam priznamo <span style=\"color: #ff0000;\"><strong>15 % popust<\/strong><\/span> za navadne pisne <span style=\"color: #ff0000;\"><strong>prevode v sloven\u0161\u010dino<\/strong><\/span>. Velja samo za naro\u010dila, oddana 21. februarja!<\/p>\n<p><a href=\"mailto:info@adriatiqa.com\">Naro\u010dilo oddajte tukaj.<\/a><\/p>\n<p>[\/blockquote]<\/p>\n","protected":false},"excerpt":{"rendered":"<p>[vc_column_text width=&#8221;2\/3&#8243; el_position=&#8221;first&#8221;] Kot vsako leto tudi letos 21. februarja praznujemo mednarodni dan maternega jezika. Na ta dan se spomnimo&#8230;<\/p>\n","protected":false},"author":2,"featured_media":0,"parent":0,"menu_order":0,"comment_status":"closed","ping_status":"closed","template":"","meta":{"footnotes":""},"class_list":["post-4833","page","type-page","status-publish"],"yoast_head":"<!-- This site is optimized with the Yoast SEO plugin v27.5 - https:\/\/yoast.com\/product\/yoast-seo-wordpress\/ -->\n<title>7 zanimivosti o slovenskem jeziku, ki bi jih morali poznati | AdriatIQa Prevodi, prevajalska agencija<\/title>\n<meta name=\"description\" content=\"Slovenski jezik zagotovo \u017ee dodobra poznate, mi pa smo za vas izbrskali \u0161e 7 zanimivosti, za katere morda \u0161e niste sli\u0161ali. Ste pripravljeni?\" \/>\n<meta name=\"robots\" content=\"index, follow, max-snippet:-1, max-image-preview:large, max-video-preview:-1\" \/>\n<link rel=\"canonical\" href=\"https:\/\/www.adriatiqa.com\/sl\/7-zanimivosti-o-slovenskem-jeziku-ki-bi-jih-morali-poznati\/\" \/>\n<meta name=\"twitter:label1\" content=\"Est. reading time\" \/>\n\t<meta name=\"twitter:data1\" content=\"2 minutes\" \/>\n<script type=\"application\/ld+json\" class=\"yoast-schema-graph\">{\"@context\":\"https:\\\/\\\/schema.org\",\"@graph\":[{\"@type\":\"WebPage\",\"@id\":\"https:\\\/\\\/www.adriatiqa.com\\\/sl\\\/7-zanimivosti-o-slovenskem-jeziku-ki-bi-jih-morali-poznati\\\/\",\"url\":\"https:\\\/\\\/www.adriatiqa.com\\\/sl\\\/7-zanimivosti-o-slovenskem-jeziku-ki-bi-jih-morali-poznati\\\/\",\"name\":\"7 zanimivosti o slovenskem jeziku, ki bi jih morali poznati | AdriatIQa Prevodi, prevajalska agencija\",\"isPartOf\":{\"@id\":\"https:\\\/\\\/www.adriatiqa.com\\\/sl\\\/#website\"},\"datePublished\":\"2018-02-06T12:49:52+00:00\",\"dateModified\":\"2018-02-06T12:52:38+00:00\",\"description\":\"Slovenski jezik zagotovo \u017ee dodobra poznate, mi pa smo za vas izbrskali \u0161e 7 zanimivosti, za katere morda \u0161e niste sli\u0161ali. Ste pripravljeni?\",\"breadcrumb\":{\"@id\":\"https:\\\/\\\/www.adriatiqa.com\\\/sl\\\/7-zanimivosti-o-slovenskem-jeziku-ki-bi-jih-morali-poznati\\\/#breadcrumb\"},\"inLanguage\":\"sl\",\"potentialAction\":[{\"@type\":\"ReadAction\",\"target\":[\"https:\\\/\\\/www.adriatiqa.com\\\/sl\\\/7-zanimivosti-o-slovenskem-jeziku-ki-bi-jih-morali-poznati\\\/\"]}]},{\"@type\":\"BreadcrumbList\",\"@id\":\"https:\\\/\\\/www.adriatiqa.com\\\/sl\\\/7-zanimivosti-o-slovenskem-jeziku-ki-bi-jih-morali-poznati\\\/#breadcrumb\",\"itemListElement\":[{\"@type\":\"ListItem\",\"position\":1,\"name\":\"Home\",\"item\":\"https:\\\/\\\/www.adriatiqa.com\\\/sl\\\/\"},{\"@type\":\"ListItem\",\"position\":2,\"name\":\"7 zanimivosti o slovenskem jeziku, ki bi jih morali poznati\"}]},{\"@type\":\"WebSite\",\"@id\":\"https:\\\/\\\/www.adriatiqa.com\\\/sl\\\/#website\",\"url\":\"https:\\\/\\\/www.adriatiqa.com\\\/sl\\\/\",\"name\":\"AdriatIQa Prevodi, prevajalska agencija\",\"description\":\"Prevajanje, prevod v angle\u0161\u010dino, nem\u0161\u010dino\",\"publisher\":{\"@id\":\"https:\\\/\\\/www.adriatiqa.com\\\/sl\\\/#organization\"},\"potentialAction\":[{\"@type\":\"SearchAction\",\"target\":{\"@type\":\"EntryPoint\",\"urlTemplate\":\"https:\\\/\\\/www.adriatiqa.com\\\/sl\\\/?s={search_term_string}\"},\"query-input\":{\"@type\":\"PropertyValueSpecification\",\"valueRequired\":true,\"valueName\":\"search_term_string\"}}],\"inLanguage\":\"sl\"},{\"@type\":\"Organization\",\"@id\":\"https:\\\/\\\/www.adriatiqa.com\\\/sl\\\/#organization\",\"name\":\"ATE Globalis d.o.o.\",\"url\":\"https:\\\/\\\/www.adriatiqa.com\\\/sl\\\/\",\"logo\":{\"@type\":\"ImageObject\",\"inLanguage\":\"sl\",\"@id\":\"https:\\\/\\\/www.adriatiqa.com\\\/sl\\\/#\\\/schema\\\/logo\\\/image\\\/\",\"url\":\"https:\\\/\\\/www.adriatiqa.com\\\/wp-content\\\/uploads\\\/2012\\\/11\\\/adriatiqa-logo.png\",\"contentUrl\":\"https:\\\/\\\/www.adriatiqa.com\\\/wp-content\\\/uploads\\\/2012\\\/11\\\/adriatiqa-logo.png\",\"width\":297,\"height\":57,\"caption\":\"ATE Globalis d.o.o.\"},\"image\":{\"@id\":\"https:\\\/\\\/www.adriatiqa.com\\\/sl\\\/#\\\/schema\\\/logo\\\/image\\\/\"},\"sameAs\":[\"https:\\\/\\\/www.facebook.com\\\/AdriatIQa\",\"https:\\\/\\\/www.linkedin.com\\\/company\\\/adriatiqa-translations\"]}]}<\/script>\n<!-- \/ Yoast SEO plugin. -->","yoast_head_json":{"title":"7 zanimivosti o slovenskem jeziku, ki bi jih morali poznati | AdriatIQa Prevodi, prevajalska agencija","description":"Slovenski jezik zagotovo \u017ee dodobra poznate, mi pa smo za vas izbrskali \u0161e 7 zanimivosti, za katere morda \u0161e niste sli\u0161ali. Ste pripravljeni?","robots":{"index":"index","follow":"follow","max-snippet":"max-snippet:-1","max-image-preview":"max-image-preview:large","max-video-preview":"max-video-preview:-1"},"canonical":"https:\/\/www.adriatiqa.com\/sl\/7-zanimivosti-o-slovenskem-jeziku-ki-bi-jih-morali-poznati\/","twitter_misc":{"Est. reading time":"2 minutes"},"schema":{"@context":"https:\/\/schema.org","@graph":[{"@type":"WebPage","@id":"https:\/\/www.adriatiqa.com\/sl\/7-zanimivosti-o-slovenskem-jeziku-ki-bi-jih-morali-poznati\/","url":"https:\/\/www.adriatiqa.com\/sl\/7-zanimivosti-o-slovenskem-jeziku-ki-bi-jih-morali-poznati\/","name":"7 zanimivosti o slovenskem jeziku, ki bi jih morali poznati | AdriatIQa Prevodi, prevajalska agencija","isPartOf":{"@id":"https:\/\/www.adriatiqa.com\/sl\/#website"},"datePublished":"2018-02-06T12:49:52+00:00","dateModified":"2018-02-06T12:52:38+00:00","description":"Slovenski jezik zagotovo \u017ee dodobra poznate, mi pa smo za vas izbrskali \u0161e 7 zanimivosti, za katere morda \u0161e niste sli\u0161ali. Ste pripravljeni?","breadcrumb":{"@id":"https:\/\/www.adriatiqa.com\/sl\/7-zanimivosti-o-slovenskem-jeziku-ki-bi-jih-morali-poznati\/#breadcrumb"},"inLanguage":"sl","potentialAction":[{"@type":"ReadAction","target":["https:\/\/www.adriatiqa.com\/sl\/7-zanimivosti-o-slovenskem-jeziku-ki-bi-jih-morali-poznati\/"]}]},{"@type":"BreadcrumbList","@id":"https:\/\/www.adriatiqa.com\/sl\/7-zanimivosti-o-slovenskem-jeziku-ki-bi-jih-morali-poznati\/#breadcrumb","itemListElement":[{"@type":"ListItem","position":1,"name":"Home","item":"https:\/\/www.adriatiqa.com\/sl\/"},{"@type":"ListItem","position":2,"name":"7 zanimivosti o slovenskem jeziku, ki bi jih morali poznati"}]},{"@type":"WebSite","@id":"https:\/\/www.adriatiqa.com\/sl\/#website","url":"https:\/\/www.adriatiqa.com\/sl\/","name":"AdriatIQa Prevodi, prevajalska agencija","description":"Prevajanje, prevod v angle\u0161\u010dino, nem\u0161\u010dino","publisher":{"@id":"https:\/\/www.adriatiqa.com\/sl\/#organization"},"potentialAction":[{"@type":"SearchAction","target":{"@type":"EntryPoint","urlTemplate":"https:\/\/www.adriatiqa.com\/sl\/?s={search_term_string}"},"query-input":{"@type":"PropertyValueSpecification","valueRequired":true,"valueName":"search_term_string"}}],"inLanguage":"sl"},{"@type":"Organization","@id":"https:\/\/www.adriatiqa.com\/sl\/#organization","name":"ATE Globalis d.o.o.","url":"https:\/\/www.adriatiqa.com\/sl\/","logo":{"@type":"ImageObject","inLanguage":"sl","@id":"https:\/\/www.adriatiqa.com\/sl\/#\/schema\/logo\/image\/","url":"https:\/\/www.adriatiqa.com\/wp-content\/uploads\/2012\/11\/adriatiqa-logo.png","contentUrl":"https:\/\/www.adriatiqa.com\/wp-content\/uploads\/2012\/11\/adriatiqa-logo.png","width":297,"height":57,"caption":"ATE Globalis d.o.o."},"image":{"@id":"https:\/\/www.adriatiqa.com\/sl\/#\/schema\/logo\/image\/"},"sameAs":["https:\/\/www.facebook.com\/AdriatIQa","https:\/\/www.linkedin.com\/company\/adriatiqa-translations"]}]}},"_links":{"self":[{"href":"https:\/\/www.adriatiqa.com\/sl\/wp-json\/wp\/v2\/pages\/4833","targetHints":{"allow":["GET"]}}],"collection":[{"href":"https:\/\/www.adriatiqa.com\/sl\/wp-json\/wp\/v2\/pages"}],"about":[{"href":"https:\/\/www.adriatiqa.com\/sl\/wp-json\/wp\/v2\/types\/page"}],"author":[{"embeddable":true,"href":"https:\/\/www.adriatiqa.com\/sl\/wp-json\/wp\/v2\/users\/2"}],"replies":[{"embeddable":true,"href":"https:\/\/www.adriatiqa.com\/sl\/wp-json\/wp\/v2\/comments?post=4833"}],"version-history":[{"count":4,"href":"https:\/\/www.adriatiqa.com\/sl\/wp-json\/wp\/v2\/pages\/4833\/revisions"}],"predecessor-version":[{"id":4837,"href":"https:\/\/www.adriatiqa.com\/sl\/wp-json\/wp\/v2\/pages\/4833\/revisions\/4837"}],"wp:attachment":[{"href":"https:\/\/www.adriatiqa.com\/sl\/wp-json\/wp\/v2\/media?parent=4833"}],"curies":[{"name":"wp","href":"https:\/\/api.w.org\/{rel}","templated":true}]}}