{"id":4875,"date":"2018-04-09T14:26:00","date_gmt":"2018-04-09T12:26:00","guid":{"rendered":"https:\/\/www.adriatiqa.com\/?page_id=4875"},"modified":"2018-04-09T14:26:00","modified_gmt":"2018-04-09T12:26:00","slug":"katere-vsebine-v-vasem-podjetju-je-pametno-prevesti","status":"publish","type":"page","link":"https:\/\/www.adriatiqa.com\/sl\/katere-vsebine-v-vasem-podjetju-je-pametno-prevesti\/","title":{"rendered":"Katere vsebine v va\u0161em podjetju je pametno prevesti?"},"content":{"rendered":"<p>[vc_column_text title=&#8221;Katere vsebine v va\u0161em podjetju je pametno prevesti (in katerih v resnici ni treba)&#8221; width=&#8221;2\/3&#8243; el_position=&#8221;first&#8221;]<\/p>\n<p><b>V va\u0161em podjetju verjetno prav vsak dan nastane ogromno besedil \u2013 nekatera so bolj, druga manj pomembna. Zagotovo se dobro zavedate, kako klju\u010dnega pomena je, da pripravite dobre prevode besedil, ki jih namenjate zunanjim javnostim \u2013 kaj pa besedila, ki so namenjena uporabi v podjetju? Predvsem v mednarodnih podjetjih se pogosto dogaja, da so vsa interna besedila spisana v angle\u0161kem ali nem\u0161kem jeziku (ki ju tako ali tako \u00bbvsi\u00ab razumejo), vendar pa to \u017eal ni vedno najbolj\u0161a odlo\u010ditev. Vas zanima, katera besedila bi bilo vendarle pametno prevesti in zakaj?<\/b><\/p>\n<p>&nbsp;<\/p>\n<h4><span style=\"color: #0099cc;\">Najprej temeljito razmislite in se posvetujte<\/span><\/h4>\n<p>Najbolje bo, da skli\u010dete sestanek vodilnega kadra in skupaj ugotovite, katera besedila resni\u010dno potrebujete tudi v prevodu. Nekatera podjetja so denimo ugotovila, da je klju\u010dnega pomena, da prevedejo priro\u010dnik, s katerim nove sodelavce usposabljajo za prodajo njihovih storitev oziroma izdelkov. Seveda so novi sodelavci priro\u010dnik razumeli tudi, ko so ga prebrali v tujem jeziku, vendar pa so ga \u0161ele tedaj, ko so ga prebrali \u0161e v maternem jeziku, resni\u010dno ponotranjili in posledi\u010dno ob\u010dutno izbolj\u0161ali svoje rezultate.<\/p>\n<p>Tudi v va\u0161em podjetju so verjetno dokumenti, ki so klju\u010dni za va\u0161 uspeh \u2013 pogovorite se, za katere dokumente gre, saj lahko to skokovito pove\u010da va\u0161o prodajo in posledi\u010dno izbolj\u0161a uspe\u0161nost.<\/p>\n<p>&nbsp;<\/p>\n<h4><span style=\"color: #0099cc;\">Kako velika je ciljna publika?<\/span><\/h4>\n<p>Pri dolo\u010danju vsebin, ki bi jih bilo pametno prevesti, si lahko pomagate z dolo\u010denimi kriteriji. Eden izmed njih je tudi velikost ciljne publike. Seveda bi bilo najbolje, \u010de bi lahko prevedli prav vse dokumente, vendar bi bil stro\u0161ek tega precej visok \u2013 verjetno previsok, da bi lahko upravi\u010dil smotrnost tak\u0161nega po\u010detja.<\/p>\n<p>Je posamezen dokument namenjen le manj\u0161i skupini ljudi? Potem ga verjetno ni smiselno prevesti. Bo priro\u010dnik uporabljalo na stotine prodajnikov po vsem svetu? Potem je prevod vsekakor prava izbira!<\/p>\n<p>&nbsp;<\/p>\n<h4><span style=\"color: #0099cc;\">Ali gre za zelo tehni\u010dno besedilo?<\/span><\/h4>\n<p>Morda se vam zdi, da zelo tehni\u010dna besedila ne potrebujejo prevoda, saj vsebujejo strokovne termine, ki bi jih morali razumeti prav vsi, ki delajo v stroki. A to \u017eal ne dr\u017ei \u2013 pogosto se namre\u010d zgodi, da prav pri bolj zapletenih in zahtevnej\u0161ih besedilih pride do napa\u010dnega razumevanja. Pri tehni\u010dnih vsebinah, ki vsebujejo veliko podrobnosti, pa to seveda lahko pripelje do velikih te\u017eav.<\/p>\n<p><a href=\"https:\/\/www.adriatiqa.com\/sl\/prevajanje\/podrocja-prevajanja\/tehnicni-prevodi\/\">Tehni\u010dna besedila<\/a> je torej vsekakor pametno prevesti, vendar pa morate biti izjemno pozorni na to, komu zaupate tak prevod. Morda se vam zdi, da bo vodilni in\u017eenir v va\u0161em podjetju, ki dobro govori tudi kak tuj jezik, odli\u010dna izbira za to, vendar pa takemu kadru pogosto manjka izku\u0161enj, ki so potrebne za dober prevod. Izberite raje izku\u0161enega prevajalca, ki se odli\u010dno spozna tudi na va\u0161o stroko.<\/p>\n<p>&nbsp;<\/p>\n<h4><span style=\"color: #0099cc;\">Kako pomembno je besedilo?<\/span><\/h4>\n<p>Pomembnost besedila je eden izmed glavnih kriterijev pri odlo\u010danju, ali bi vsebino veljalo prevesti. Dokumenti, ki so klju\u010dni za va\u0161e podjetje in njegovo delovanje, si vsekakor zaslu\u017eijo prevod \u2013 tudi \u010de niso tehni\u010dno zahtevni in \u010de imajo majhno ciljno publiko.<\/p>\n<p>Predstavljajte si denimo, da pripravljate predstavitev podjetja za pomembnega potencialnega vlagatelja ali partnerja, ki ne govori enakega jezika kot vi. \u010ce ga boste sku\u0161ali o\u010darati s polomljenim prevodom, do sodelovanja verjetno ne bo pri\u0161lo, zato je v klju\u010dne dokumente vsekakor vredno vlo\u017eiti malce ve\u010d \u010dasa in denarja.<\/p>\n<p>[\/vc_column_text] [vc_single_image image=&#8221;4352&#8243; img_size=&#8221;full&#8221; img_link_target=&#8221;pphoto&#8221; width=&#8221;1\/3&#8243; el_position=&#8221;last&#8221;]<\/p>\n","protected":false},"excerpt":{"rendered":"<p>[vc_column_text title=&#8221;Katere vsebine v va\u0161em podjetju je pametno prevesti (in katerih v resnici ni treba)&#8221; width=&#8221;2\/3&#8243; el_position=&#8221;first&#8221;] V va\u0161em podjetju&#8230;<\/p>\n","protected":false},"author":2,"featured_media":0,"parent":0,"menu_order":0,"comment_status":"closed","ping_status":"closed","template":"","meta":{"footnotes":""},"class_list":["post-4875","page","type-page","status-publish"],"yoast_head":"<!-- This site is optimized with the Yoast SEO plugin v27.5 - https:\/\/yoast.com\/product\/yoast-seo-wordpress\/ -->\n<title>Katere vsebine v va\u0161em podjetju je pametno prevesti? | AdriatIQa Prevodi, prevajalska agencija<\/title>\n<meta name=\"description\" content=\"Tudi v va\u0161em podjetju so dokumenti, ki so klju\u010dni za uspeh \u2013 pametno jih je prevesti, saj lahko to skokovito pove\u010da va\u0161o prodajo in izbolj\u0161a uspe\u0161nost.\" \/>\n<meta name=\"robots\" content=\"index, follow, max-snippet:-1, max-image-preview:large, max-video-preview:-1\" \/>\n<link rel=\"canonical\" href=\"https:\/\/www.adriatiqa.com\/sl\/katere-vsebine-v-vasem-podjetju-je-pametno-prevesti\/\" \/>\n<meta name=\"twitter:label1\" content=\"Est. reading time\" \/>\n\t<meta name=\"twitter:data1\" content=\"3 minutes\" \/>\n<script type=\"application\/ld+json\" class=\"yoast-schema-graph\">{\"@context\":\"https:\\\/\\\/schema.org\",\"@graph\":[{\"@type\":\"WebPage\",\"@id\":\"https:\\\/\\\/www.adriatiqa.com\\\/sl\\\/katere-vsebine-v-vasem-podjetju-je-pametno-prevesti\\\/\",\"url\":\"https:\\\/\\\/www.adriatiqa.com\\\/sl\\\/katere-vsebine-v-vasem-podjetju-je-pametno-prevesti\\\/\",\"name\":\"Katere vsebine v va\u0161em podjetju je pametno prevesti? | AdriatIQa Prevodi, prevajalska agencija\",\"isPartOf\":{\"@id\":\"https:\\\/\\\/www.adriatiqa.com\\\/sl\\\/#website\"},\"datePublished\":\"2018-04-09T12:26:00+00:00\",\"description\":\"Tudi v va\u0161em podjetju so dokumenti, ki so klju\u010dni za uspeh \u2013 pametno jih je prevesti, saj lahko to skokovito pove\u010da va\u0161o prodajo in izbolj\u0161a uspe\u0161nost.\",\"breadcrumb\":{\"@id\":\"https:\\\/\\\/www.adriatiqa.com\\\/sl\\\/katere-vsebine-v-vasem-podjetju-je-pametno-prevesti\\\/#breadcrumb\"},\"inLanguage\":\"sl\",\"potentialAction\":[{\"@type\":\"ReadAction\",\"target\":[\"https:\\\/\\\/www.adriatiqa.com\\\/sl\\\/katere-vsebine-v-vasem-podjetju-je-pametno-prevesti\\\/\"]}]},{\"@type\":\"BreadcrumbList\",\"@id\":\"https:\\\/\\\/www.adriatiqa.com\\\/sl\\\/katere-vsebine-v-vasem-podjetju-je-pametno-prevesti\\\/#breadcrumb\",\"itemListElement\":[{\"@type\":\"ListItem\",\"position\":1,\"name\":\"Home\",\"item\":\"https:\\\/\\\/www.adriatiqa.com\\\/sl\\\/\"},{\"@type\":\"ListItem\",\"position\":2,\"name\":\"Katere vsebine v va\u0161em podjetju je pametno prevesti?\"}]},{\"@type\":\"WebSite\",\"@id\":\"https:\\\/\\\/www.adriatiqa.com\\\/sl\\\/#website\",\"url\":\"https:\\\/\\\/www.adriatiqa.com\\\/sl\\\/\",\"name\":\"AdriatIQa Prevodi, prevajalska agencija\",\"description\":\"Prevajanje, prevod v angle\u0161\u010dino, nem\u0161\u010dino\",\"publisher\":{\"@id\":\"https:\\\/\\\/www.adriatiqa.com\\\/sl\\\/#organization\"},\"potentialAction\":[{\"@type\":\"SearchAction\",\"target\":{\"@type\":\"EntryPoint\",\"urlTemplate\":\"https:\\\/\\\/www.adriatiqa.com\\\/sl\\\/?s={search_term_string}\"},\"query-input\":{\"@type\":\"PropertyValueSpecification\",\"valueRequired\":true,\"valueName\":\"search_term_string\"}}],\"inLanguage\":\"sl\"},{\"@type\":\"Organization\",\"@id\":\"https:\\\/\\\/www.adriatiqa.com\\\/sl\\\/#organization\",\"name\":\"ATE Globalis d.o.o.\",\"url\":\"https:\\\/\\\/www.adriatiqa.com\\\/sl\\\/\",\"logo\":{\"@type\":\"ImageObject\",\"inLanguage\":\"sl\",\"@id\":\"https:\\\/\\\/www.adriatiqa.com\\\/sl\\\/#\\\/schema\\\/logo\\\/image\\\/\",\"url\":\"https:\\\/\\\/www.adriatiqa.com\\\/wp-content\\\/uploads\\\/2012\\\/11\\\/adriatiqa-logo.png\",\"contentUrl\":\"https:\\\/\\\/www.adriatiqa.com\\\/wp-content\\\/uploads\\\/2012\\\/11\\\/adriatiqa-logo.png\",\"width\":297,\"height\":57,\"caption\":\"ATE Globalis d.o.o.\"},\"image\":{\"@id\":\"https:\\\/\\\/www.adriatiqa.com\\\/sl\\\/#\\\/schema\\\/logo\\\/image\\\/\"},\"sameAs\":[\"https:\\\/\\\/www.facebook.com\\\/AdriatIQa\",\"https:\\\/\\\/www.linkedin.com\\\/company\\\/adriatiqa-translations\"]}]}<\/script>\n<!-- \/ Yoast SEO plugin. -->","yoast_head_json":{"title":"Katere vsebine v va\u0161em podjetju je pametno prevesti? | AdriatIQa Prevodi, prevajalska agencija","description":"Tudi v va\u0161em podjetju so dokumenti, ki so klju\u010dni za uspeh \u2013 pametno jih je prevesti, saj lahko to skokovito pove\u010da va\u0161o prodajo in izbolj\u0161a uspe\u0161nost.","robots":{"index":"index","follow":"follow","max-snippet":"max-snippet:-1","max-image-preview":"max-image-preview:large","max-video-preview":"max-video-preview:-1"},"canonical":"https:\/\/www.adriatiqa.com\/sl\/katere-vsebine-v-vasem-podjetju-je-pametno-prevesti\/","twitter_misc":{"Est. reading time":"3 minutes"},"schema":{"@context":"https:\/\/schema.org","@graph":[{"@type":"WebPage","@id":"https:\/\/www.adriatiqa.com\/sl\/katere-vsebine-v-vasem-podjetju-je-pametno-prevesti\/","url":"https:\/\/www.adriatiqa.com\/sl\/katere-vsebine-v-vasem-podjetju-je-pametno-prevesti\/","name":"Katere vsebine v va\u0161em podjetju je pametno prevesti? | AdriatIQa Prevodi, prevajalska agencija","isPartOf":{"@id":"https:\/\/www.adriatiqa.com\/sl\/#website"},"datePublished":"2018-04-09T12:26:00+00:00","description":"Tudi v va\u0161em podjetju so dokumenti, ki so klju\u010dni za uspeh \u2013 pametno jih je prevesti, saj lahko to skokovito pove\u010da va\u0161o prodajo in izbolj\u0161a uspe\u0161nost.","breadcrumb":{"@id":"https:\/\/www.adriatiqa.com\/sl\/katere-vsebine-v-vasem-podjetju-je-pametno-prevesti\/#breadcrumb"},"inLanguage":"sl","potentialAction":[{"@type":"ReadAction","target":["https:\/\/www.adriatiqa.com\/sl\/katere-vsebine-v-vasem-podjetju-je-pametno-prevesti\/"]}]},{"@type":"BreadcrumbList","@id":"https:\/\/www.adriatiqa.com\/sl\/katere-vsebine-v-vasem-podjetju-je-pametno-prevesti\/#breadcrumb","itemListElement":[{"@type":"ListItem","position":1,"name":"Home","item":"https:\/\/www.adriatiqa.com\/sl\/"},{"@type":"ListItem","position":2,"name":"Katere vsebine v va\u0161em podjetju je pametno prevesti?"}]},{"@type":"WebSite","@id":"https:\/\/www.adriatiqa.com\/sl\/#website","url":"https:\/\/www.adriatiqa.com\/sl\/","name":"AdriatIQa Prevodi, prevajalska agencija","description":"Prevajanje, prevod v angle\u0161\u010dino, nem\u0161\u010dino","publisher":{"@id":"https:\/\/www.adriatiqa.com\/sl\/#organization"},"potentialAction":[{"@type":"SearchAction","target":{"@type":"EntryPoint","urlTemplate":"https:\/\/www.adriatiqa.com\/sl\/?s={search_term_string}"},"query-input":{"@type":"PropertyValueSpecification","valueRequired":true,"valueName":"search_term_string"}}],"inLanguage":"sl"},{"@type":"Organization","@id":"https:\/\/www.adriatiqa.com\/sl\/#organization","name":"ATE Globalis d.o.o.","url":"https:\/\/www.adriatiqa.com\/sl\/","logo":{"@type":"ImageObject","inLanguage":"sl","@id":"https:\/\/www.adriatiqa.com\/sl\/#\/schema\/logo\/image\/","url":"https:\/\/www.adriatiqa.com\/wp-content\/uploads\/2012\/11\/adriatiqa-logo.png","contentUrl":"https:\/\/www.adriatiqa.com\/wp-content\/uploads\/2012\/11\/adriatiqa-logo.png","width":297,"height":57,"caption":"ATE Globalis d.o.o."},"image":{"@id":"https:\/\/www.adriatiqa.com\/sl\/#\/schema\/logo\/image\/"},"sameAs":["https:\/\/www.facebook.com\/AdriatIQa","https:\/\/www.linkedin.com\/company\/adriatiqa-translations"]}]}},"_links":{"self":[{"href":"https:\/\/www.adriatiqa.com\/sl\/wp-json\/wp\/v2\/pages\/4875","targetHints":{"allow":["GET"]}}],"collection":[{"href":"https:\/\/www.adriatiqa.com\/sl\/wp-json\/wp\/v2\/pages"}],"about":[{"href":"https:\/\/www.adriatiqa.com\/sl\/wp-json\/wp\/v2\/types\/page"}],"author":[{"embeddable":true,"href":"https:\/\/www.adriatiqa.com\/sl\/wp-json\/wp\/v2\/users\/2"}],"replies":[{"embeddable":true,"href":"https:\/\/www.adriatiqa.com\/sl\/wp-json\/wp\/v2\/comments?post=4875"}],"version-history":[{"count":2,"href":"https:\/\/www.adriatiqa.com\/sl\/wp-json\/wp\/v2\/pages\/4875\/revisions"}],"predecessor-version":[{"id":4877,"href":"https:\/\/www.adriatiqa.com\/sl\/wp-json\/wp\/v2\/pages\/4875\/revisions\/4877"}],"wp:attachment":[{"href":"https:\/\/www.adriatiqa.com\/sl\/wp-json\/wp\/v2\/media?parent=4875"}],"curies":[{"name":"wp","href":"https:\/\/api.w.org\/{rel}","templated":true}]}}