{"id":4892,"date":"2018-05-18T15:00:14","date_gmt":"2018-05-18T13:00:14","guid":{"rendered":"https:\/\/www.adriatiqa.com\/?page_id=4892"},"modified":"2018-05-18T15:00:14","modified_gmt":"2018-05-18T13:00:14","slug":"potrebujem-prevajalca-tolmaca-ali-lektorja","status":"publish","type":"page","link":"https:\/\/www.adriatiqa.com\/sl\/potrebujem-prevajalca-tolmaca-ali-lektorja\/","title":{"rendered":"Potrebujem prevajalca, tolma\u010da ali lektorja?"},"content":{"rendered":"<p>[vc_column_text width=&#8221;2\/3&#8243; el_position=&#8221;first&#8221;]<\/p>\n<p><b>Morda kar vse tri? Kar po\u010dasi! \u010ceprav so vse tri stroke povezane s prevajalskim delom (torej prena\u0161anju sporo\u010dila iz enega jezika v drugega), se le dve z njim ukvarjata neposredno, tretja pa pri prevajanju nudi podporno storitev. Obi\u010dajno tudi ne boste potrebovali vseh treh hkrati, dva pa pogosto\u2026 Zmedeni? Pa poglejmo, kaj to\u010dno vsak izmed njih po\u010dne in kdaj boste potrebovali njihove storitve.<\/b><\/p>\n<p>&nbsp;<\/p>\n<h4><span style=\"color: #0099cc;\">Prevajalci in prevajanje<\/span><\/h4>\n<p>Omenili smo \u017ee, da je prevajanje prena\u0161anje sporo\u010dila iz enega jezika v drugega, prevajalci pa se ukvarjajo predvsem s prevajanjem pisnih besedil. \u010ce torej potrebujete prevode poslovnih dokumentov, strokovnih besedil, \u010dlankov, blogov, <a href=\"https:\/\/www.adriatiqa.com\/sl\/prevajanje\/podrocja-prevajanja\/prevajanje-spletnih-strani\/\">spletnih strani<\/a> in drugih pisnih besedil, se boste obrnili na prevajalca, najbolje na takega, ki \u017ee ima izku\u0161nje s pripravo podobnih besedil. Pri tem naj omenimo \u0161e, da profesionalni prevajalci obi\u010dajno prevajajo le v svoj materni jezik. \u010ce torej potrebujete prevod iz angle\u0161\u010dine v sloven\u0161\u010dino, boste najbr\u017e iskali Slovenca, \u010de pa obratno (<a href=\"https:\/\/www.adriatiqa.com\/sl\/jezikovne-kombinacije\/prevodi-v-anglescino\/\">torej iz sloven\u0161\u010dine v angle\u0161\u010dino<\/a>) pa angle\u0161ko govore\u010dega prevajalca.<\/p>\n<p>&nbsp;<\/p>\n<h4><span style=\"color: #0099cc;\">Tolma\u010di in tolma\u010denje<\/span><\/h4>\n<p>Tolma\u010di se za razliko od prevajalcev ukvarjajo s prevajanjem govorjenega ali znakovnega jezika (in ne pisnega), torej jih boste potrebovali v primeru, ko se boste zna\u0161li v medosebni komunikacijski situaciji, ki vklju\u010duje dva ali ve\u010d jezikov (ali oblik jezikov), ki jih sami ne obvladate. Najbolj pogoste situacije, ko podjetja ali organizacije potrebujejo tolma\u010de, so organizacija razli\u010dnih prireditev, <a href=\"https:\/\/www.adriatiqa.com\/sl\/storitve\/tolmacenje\/konferencno-tolmacenje\/\">konferenc<\/a> ali drugih mednarodnih dogodkov, telefonski pogovori s tujino ali pa obisk tujih poslovne\u017eev v podjetju oziroma obisk predstavnikov podjetja v tujini. Vse te situacije seveda zahtevajo strokovnjaka, ki olaj\u0161a govorno komunikacijo in omogo\u010da, da se vse vpletene strani popolnoma razumejo.<\/p>\n<p>V osnovi poznamo dve vrsti tolma\u010denja: <a href=\"https:\/\/www.adriatiqa.com\/sl\/storitve\/tolmacenje\/simultano-tolmacenje\/\">simultano<\/a>, ki poteka vzporedno z govorjenjem in obi\u010dajno zahteva vsaj 2 izku\u0161ena tolma\u010da, ki se na nekaj minut izmenjujeta, ter <a href=\"https:\/\/www.adriatiqa.com\/sl\/storitve\/tolmacenje\/konsekutivno-tolmacenje\/\">konsekutivno<\/a>, kjer prevajanje ustnega sporo\u010dila poteka po sklopih \u2013 govorec pove nekaj stavkov, nato pa tolma\u010d prevede bistvo celotnega sporo\u010dila.<\/p>\n<p>Katero vrsto tolma\u010denja boste potrebovali, je popolnoma odvisno od situacije. Konference in drugi ve\u010dji poslovni dogodki obi\u010dajno ponujajo simultano tolma\u010denje, malce manj formalna poslovna komunikacija v \u017eivo ali po telefonu pa konsekutivno.<\/p>\n<p>&nbsp;<\/p>\n<h4><span style=\"color: #0099cc;\">Lektorji (pregledovalci) in lektoriranje<\/span><\/h4>\n<p>Lektorji oz. pregledovalci se pravzaprav sploh ne ukvarjajo s prenosom sporo\u010dila iz enega jezika v drugega, temve\u010d poskrbijo, da je prevod v ciljni jezik slovni\u010dno, pravopisno in slogovno ustrezen. Lektorji pogosto sodelujejo s prevajalci, saj pregledajo in poskrbijo za jezikovno pravilnost njihovih pisnih prevodov, pri ustni komunikaciji in tolma\u010denju pa lektorja seveda ne potrebujemo. Tudi lektorji obi\u010dajno pregledujejo le besedila, ki so v njihovem maternem jeziku.<\/p>\n<p>&nbsp;<\/p>\n<p>In morda za konec \u0161e ponazoritev, kam se uvr\u0161\u010data prevajalec in pregledovalec (lektor) znotraj prevajalskega procesa:<\/p>\n<p><a href=\"https:\/\/www.adriatiqa.com\/wp-content\/uploads\/2018\/05\/prevajalski-proces_osnutek-sheme2.png\"><img class=\"alignnone size-full wp-image-4893\" alt=\"prevajalski proces_osnutek sheme2\" src=\"https:\/\/www.adriatiqa.com\/wp-content\/uploads\/2018\/05\/prevajalski-proces_osnutek-sheme2.png\" width=\"1241\" height=\"1755\" srcset=\"https:\/\/www.adriatiqa.com\/wp-content\/uploads\/2018\/05\/prevajalski-proces_osnutek-sheme2.png 1241w, https:\/\/www.adriatiqa.com\/wp-content\/uploads\/2018\/05\/prevajalski-proces_osnutek-sheme2-860x1216.png 860w, https:\/\/www.adriatiqa.com\/wp-content\/uploads\/2018\/05\/prevajalski-proces_osnutek-sheme2-1170x1654.png 1170w\" sizes=\"(max-width: 1241px) 100vw, 1241px\" \/><\/a><\/p>\n<p>[\/vc_column_text] [vc_single_image image=&#8221;4894&#8243; img_size=&#8221;full&#8221; img_link_target=&#8221;pphoto&#8221; width=&#8221;1\/3&#8243; el_position=&#8221;last&#8221;]<\/p>\n","protected":false},"excerpt":{"rendered":"<p>[vc_column_text width=&#8221;2\/3&#8243; el_position=&#8221;first&#8221;] Morda kar vse tri? Kar po\u010dasi! \u010ceprav so vse tri stroke povezane s prevajalskim delom (torej prena\u0161anju&#8230;<\/p>\n","protected":false},"author":2,"featured_media":0,"parent":0,"menu_order":0,"comment_status":"closed","ping_status":"closed","template":"","meta":{"footnotes":""},"class_list":["post-4892","page","type-page","status-publish"],"yoast_head":"<!-- This site is optimized with the Yoast SEO plugin v27.5 - https:\/\/yoast.com\/product\/yoast-seo-wordpress\/ -->\n<title>Potrebujem prevajalca, tolma\u010da ali lektorja? | AdriatIQa Prevodi, prevajalska agencija<\/title>\n<meta name=\"description\" content=\"Obi\u010dajno ne boste potrebovali prevajalca, tolma\u010da in lektorja hkrati, dva pa pogosto\u2026 Kaj to\u010dno vsak izmed njih po\u010dne in kdaj boste potrebovali njihove storitve?\" \/>\n<meta name=\"robots\" content=\"index, follow, max-snippet:-1, max-image-preview:large, max-video-preview:-1\" \/>\n<link rel=\"canonical\" href=\"https:\/\/www.adriatiqa.com\/sl\/potrebujem-prevajalca-tolmaca-ali-lektorja\/\" \/>\n<meta name=\"twitter:label1\" content=\"Est. reading time\" \/>\n\t<meta name=\"twitter:data1\" content=\"2 minutes\" \/>\n<script type=\"application\/ld+json\" class=\"yoast-schema-graph\">{\"@context\":\"https:\\\/\\\/schema.org\",\"@graph\":[{\"@type\":\"WebPage\",\"@id\":\"https:\\\/\\\/www.adriatiqa.com\\\/sl\\\/potrebujem-prevajalca-tolmaca-ali-lektorja\\\/\",\"url\":\"https:\\\/\\\/www.adriatiqa.com\\\/sl\\\/potrebujem-prevajalca-tolmaca-ali-lektorja\\\/\",\"name\":\"Potrebujem prevajalca, tolma\u010da ali lektorja? | AdriatIQa Prevodi, prevajalska agencija\",\"isPartOf\":{\"@id\":\"https:\\\/\\\/www.adriatiqa.com\\\/sl\\\/#website\"},\"primaryImageOfPage\":{\"@id\":\"https:\\\/\\\/www.adriatiqa.com\\\/sl\\\/potrebujem-prevajalca-tolmaca-ali-lektorja\\\/#primaryimage\"},\"image\":{\"@id\":\"https:\\\/\\\/www.adriatiqa.com\\\/sl\\\/potrebujem-prevajalca-tolmaca-ali-lektorja\\\/#primaryimage\"},\"thumbnailUrl\":\"https:\\\/\\\/www.adriatiqa.com\\\/wp-content\\\/uploads\\\/2018\\\/05\\\/prevajalski-proces_osnutek-sheme2.png\",\"datePublished\":\"2018-05-18T13:00:14+00:00\",\"description\":\"Obi\u010dajno ne boste potrebovali prevajalca, tolma\u010da in lektorja hkrati, dva pa pogosto\u2026 Kaj to\u010dno vsak izmed njih po\u010dne in kdaj boste potrebovali njihove storitve?\",\"breadcrumb\":{\"@id\":\"https:\\\/\\\/www.adriatiqa.com\\\/sl\\\/potrebujem-prevajalca-tolmaca-ali-lektorja\\\/#breadcrumb\"},\"inLanguage\":\"sl\",\"potentialAction\":[{\"@type\":\"ReadAction\",\"target\":[\"https:\\\/\\\/www.adriatiqa.com\\\/sl\\\/potrebujem-prevajalca-tolmaca-ali-lektorja\\\/\"]}]},{\"@type\":\"ImageObject\",\"inLanguage\":\"sl\",\"@id\":\"https:\\\/\\\/www.adriatiqa.com\\\/sl\\\/potrebujem-prevajalca-tolmaca-ali-lektorja\\\/#primaryimage\",\"url\":\"https:\\\/\\\/www.adriatiqa.com\\\/wp-content\\\/uploads\\\/2018\\\/05\\\/prevajalski-proces_osnutek-sheme2.png\",\"contentUrl\":\"https:\\\/\\\/www.adriatiqa.com\\\/wp-content\\\/uploads\\\/2018\\\/05\\\/prevajalski-proces_osnutek-sheme2.png\"},{\"@type\":\"BreadcrumbList\",\"@id\":\"https:\\\/\\\/www.adriatiqa.com\\\/sl\\\/potrebujem-prevajalca-tolmaca-ali-lektorja\\\/#breadcrumb\",\"itemListElement\":[{\"@type\":\"ListItem\",\"position\":1,\"name\":\"Home\",\"item\":\"https:\\\/\\\/www.adriatiqa.com\\\/sl\\\/\"},{\"@type\":\"ListItem\",\"position\":2,\"name\":\"Potrebujem prevajalca, tolma\u010da ali lektorja?\"}]},{\"@type\":\"WebSite\",\"@id\":\"https:\\\/\\\/www.adriatiqa.com\\\/sl\\\/#website\",\"url\":\"https:\\\/\\\/www.adriatiqa.com\\\/sl\\\/\",\"name\":\"AdriatIQa Prevodi, prevajalska agencija\",\"description\":\"Prevajanje, prevod v angle\u0161\u010dino, nem\u0161\u010dino\",\"publisher\":{\"@id\":\"https:\\\/\\\/www.adriatiqa.com\\\/sl\\\/#organization\"},\"potentialAction\":[{\"@type\":\"SearchAction\",\"target\":{\"@type\":\"EntryPoint\",\"urlTemplate\":\"https:\\\/\\\/www.adriatiqa.com\\\/sl\\\/?s={search_term_string}\"},\"query-input\":{\"@type\":\"PropertyValueSpecification\",\"valueRequired\":true,\"valueName\":\"search_term_string\"}}],\"inLanguage\":\"sl\"},{\"@type\":\"Organization\",\"@id\":\"https:\\\/\\\/www.adriatiqa.com\\\/sl\\\/#organization\",\"name\":\"ATE Globalis d.o.o.\",\"url\":\"https:\\\/\\\/www.adriatiqa.com\\\/sl\\\/\",\"logo\":{\"@type\":\"ImageObject\",\"inLanguage\":\"sl\",\"@id\":\"https:\\\/\\\/www.adriatiqa.com\\\/sl\\\/#\\\/schema\\\/logo\\\/image\\\/\",\"url\":\"https:\\\/\\\/www.adriatiqa.com\\\/wp-content\\\/uploads\\\/2012\\\/11\\\/adriatiqa-logo.png\",\"contentUrl\":\"https:\\\/\\\/www.adriatiqa.com\\\/wp-content\\\/uploads\\\/2012\\\/11\\\/adriatiqa-logo.png\",\"width\":297,\"height\":57,\"caption\":\"ATE Globalis d.o.o.\"},\"image\":{\"@id\":\"https:\\\/\\\/www.adriatiqa.com\\\/sl\\\/#\\\/schema\\\/logo\\\/image\\\/\"},\"sameAs\":[\"https:\\\/\\\/www.facebook.com\\\/AdriatIQa\",\"https:\\\/\\\/www.linkedin.com\\\/company\\\/adriatiqa-translations\"]}]}<\/script>\n<!-- \/ Yoast SEO plugin. -->","yoast_head_json":{"title":"Potrebujem prevajalca, tolma\u010da ali lektorja? | AdriatIQa Prevodi, prevajalska agencija","description":"Obi\u010dajno ne boste potrebovali prevajalca, tolma\u010da in lektorja hkrati, dva pa pogosto\u2026 Kaj to\u010dno vsak izmed njih po\u010dne in kdaj boste potrebovali njihove storitve?","robots":{"index":"index","follow":"follow","max-snippet":"max-snippet:-1","max-image-preview":"max-image-preview:large","max-video-preview":"max-video-preview:-1"},"canonical":"https:\/\/www.adriatiqa.com\/sl\/potrebujem-prevajalca-tolmaca-ali-lektorja\/","twitter_misc":{"Est. reading time":"2 minutes"},"schema":{"@context":"https:\/\/schema.org","@graph":[{"@type":"WebPage","@id":"https:\/\/www.adriatiqa.com\/sl\/potrebujem-prevajalca-tolmaca-ali-lektorja\/","url":"https:\/\/www.adriatiqa.com\/sl\/potrebujem-prevajalca-tolmaca-ali-lektorja\/","name":"Potrebujem prevajalca, tolma\u010da ali lektorja? | AdriatIQa Prevodi, prevajalska agencija","isPartOf":{"@id":"https:\/\/www.adriatiqa.com\/sl\/#website"},"primaryImageOfPage":{"@id":"https:\/\/www.adriatiqa.com\/sl\/potrebujem-prevajalca-tolmaca-ali-lektorja\/#primaryimage"},"image":{"@id":"https:\/\/www.adriatiqa.com\/sl\/potrebujem-prevajalca-tolmaca-ali-lektorja\/#primaryimage"},"thumbnailUrl":"https:\/\/www.adriatiqa.com\/wp-content\/uploads\/2018\/05\/prevajalski-proces_osnutek-sheme2.png","datePublished":"2018-05-18T13:00:14+00:00","description":"Obi\u010dajno ne boste potrebovali prevajalca, tolma\u010da in lektorja hkrati, dva pa pogosto\u2026 Kaj to\u010dno vsak izmed njih po\u010dne in kdaj boste potrebovali njihove storitve?","breadcrumb":{"@id":"https:\/\/www.adriatiqa.com\/sl\/potrebujem-prevajalca-tolmaca-ali-lektorja\/#breadcrumb"},"inLanguage":"sl","potentialAction":[{"@type":"ReadAction","target":["https:\/\/www.adriatiqa.com\/sl\/potrebujem-prevajalca-tolmaca-ali-lektorja\/"]}]},{"@type":"ImageObject","inLanguage":"sl","@id":"https:\/\/www.adriatiqa.com\/sl\/potrebujem-prevajalca-tolmaca-ali-lektorja\/#primaryimage","url":"https:\/\/www.adriatiqa.com\/wp-content\/uploads\/2018\/05\/prevajalski-proces_osnutek-sheme2.png","contentUrl":"https:\/\/www.adriatiqa.com\/wp-content\/uploads\/2018\/05\/prevajalski-proces_osnutek-sheme2.png"},{"@type":"BreadcrumbList","@id":"https:\/\/www.adriatiqa.com\/sl\/potrebujem-prevajalca-tolmaca-ali-lektorja\/#breadcrumb","itemListElement":[{"@type":"ListItem","position":1,"name":"Home","item":"https:\/\/www.adriatiqa.com\/sl\/"},{"@type":"ListItem","position":2,"name":"Potrebujem prevajalca, tolma\u010da ali lektorja?"}]},{"@type":"WebSite","@id":"https:\/\/www.adriatiqa.com\/sl\/#website","url":"https:\/\/www.adriatiqa.com\/sl\/","name":"AdriatIQa Prevodi, prevajalska agencija","description":"Prevajanje, prevod v angle\u0161\u010dino, nem\u0161\u010dino","publisher":{"@id":"https:\/\/www.adriatiqa.com\/sl\/#organization"},"potentialAction":[{"@type":"SearchAction","target":{"@type":"EntryPoint","urlTemplate":"https:\/\/www.adriatiqa.com\/sl\/?s={search_term_string}"},"query-input":{"@type":"PropertyValueSpecification","valueRequired":true,"valueName":"search_term_string"}}],"inLanguage":"sl"},{"@type":"Organization","@id":"https:\/\/www.adriatiqa.com\/sl\/#organization","name":"ATE Globalis d.o.o.","url":"https:\/\/www.adriatiqa.com\/sl\/","logo":{"@type":"ImageObject","inLanguage":"sl","@id":"https:\/\/www.adriatiqa.com\/sl\/#\/schema\/logo\/image\/","url":"https:\/\/www.adriatiqa.com\/wp-content\/uploads\/2012\/11\/adriatiqa-logo.png","contentUrl":"https:\/\/www.adriatiqa.com\/wp-content\/uploads\/2012\/11\/adriatiqa-logo.png","width":297,"height":57,"caption":"ATE Globalis d.o.o."},"image":{"@id":"https:\/\/www.adriatiqa.com\/sl\/#\/schema\/logo\/image\/"},"sameAs":["https:\/\/www.facebook.com\/AdriatIQa","https:\/\/www.linkedin.com\/company\/adriatiqa-translations"]}]}},"_links":{"self":[{"href":"https:\/\/www.adriatiqa.com\/sl\/wp-json\/wp\/v2\/pages\/4892","targetHints":{"allow":["GET"]}}],"collection":[{"href":"https:\/\/www.adriatiqa.com\/sl\/wp-json\/wp\/v2\/pages"}],"about":[{"href":"https:\/\/www.adriatiqa.com\/sl\/wp-json\/wp\/v2\/types\/page"}],"author":[{"embeddable":true,"href":"https:\/\/www.adriatiqa.com\/sl\/wp-json\/wp\/v2\/users\/2"}],"replies":[{"embeddable":true,"href":"https:\/\/www.adriatiqa.com\/sl\/wp-json\/wp\/v2\/comments?post=4892"}],"version-history":[{"count":2,"href":"https:\/\/www.adriatiqa.com\/sl\/wp-json\/wp\/v2\/pages\/4892\/revisions"}],"predecessor-version":[{"id":4896,"href":"https:\/\/www.adriatiqa.com\/sl\/wp-json\/wp\/v2\/pages\/4892\/revisions\/4896"}],"wp:attachment":[{"href":"https:\/\/www.adriatiqa.com\/sl\/wp-json\/wp\/v2\/media?parent=4892"}],"curies":[{"name":"wp","href":"https:\/\/api.w.org\/{rel}","templated":true}]}}