{"id":4915,"date":"2018-06-28T15:51:24","date_gmt":"2018-06-28T13:51:24","guid":{"rendered":"https:\/\/www.adriatiqa.com\/?page_id=4915"},"modified":"2022-10-25T13:31:09","modified_gmt":"2022-10-25T11:31:09","slug":"8-korakov-odlicnega-marketinskega-prevoda","status":"publish","type":"page","link":"https:\/\/www.adriatiqa.com\/sl\/8-korakov-odlicnega-marketinskega-prevoda\/","title":{"rendered":"8 korakov do odli\u010dnega marketin\u0161kega prevoda"},"content":{"rendered":"<div class=\"wpb-content-wrapper\"><p>[vc_row][vc_column][vc_column_text width=&#8221;2\/3&#8243; el_position=&#8221;first&#8221;]<\/p>\n<p><b>V podjetju potrebujete prevod marketin\u0161kega besedila, zato ste na internetu poiskali prevajalca, mu posredovali besedilo, \u010dez nekaj dni pa pri\u010dakujete \u017ee odli\u010den prevod\u2026 Preprosto, kajne? \u017dal temu v realnosti ni vedno tako, saj je prevajanje marketin\u0161kih besedil izjemno zapletena stvar, ki jo mora izvesti pravi strokovnjak, ki bo pri svojem prevajanju potreboval tudi malce va\u0161e pomo\u010di. Pa poglejmo, na katerih 8 korakov ne smete pozabiti, da boste na koncu res pri\u0161li do odli\u010dnega prevoda marketin\u0161kega besedila.<\/b><\/p>\n<p>&nbsp;<\/p>\n<h4><span style=\"color: #0099cc;\">#1: Izberite pravega prevajalca<\/span><\/h4>\n<p>Vsi prevajalci ne znajo prevajati vseh vrst besedil \u2013 \u010de tega \u0161e niste vedeli, je zdaj \u010das, da si to enkrat za vselej zapomnite. Tako kot so zdravniki specializirani za dolo\u010deno vejo medicine ali pa programerji za dolo\u010den programski jezik, so tudi prevajalci specializirani za nekatere vrste besedil, za katere imajo dovolj znanja in izku\u0161enj, da jih odli\u010dno prevedejo. Pri iskanju pravega prevajalca za marketin\u0161ka besedila tako ni pomembno le, koliko \u010dasa se \u017ee ukvarjajo s prevajanjem in kak\u0161ne so njihove cene, temve\u010d predvsem, koliko izku\u0161enj imajo na podro\u010dju marketin\u0161kih besedil.<\/p>\n<p>&nbsp;<\/p>\n<h4><span style=\"color: #0099cc;\">#2: Prevajalcu predstavite svoje ob\u010dinstvo<\/span><\/h4>\n<p>Skrivnost uspe\u0161nega marketin\u0161kega besedila se seveda skriva v tem, da je prilagojeno ob\u010dinstvu, ki ga nagovarja \u2013 to velja tako za pisanje tovrstnih besedil kot tudi za njihovo prevajanje. Najbolj\u0161e pa svoje ob\u010dinstvo poznate prav vi sami v podjetju, zato poskrbite, da ga boste ustrezno predstavili tudi izbranemu prevajalcu, saj bo le tako lahko pripravil u\u010dinkovit prevod marketin\u0161kega besedila.<\/p>\n<p>&nbsp;<\/p>\n<h4><span style=\"color: #0099cc;\">#3: Natan\u010dno definirajte cilj besedila<\/span><\/h4>\n<p>Vam in va\u0161im sodelavcem bo najbr\u017e popolnoma jasno, kaj \u017eelite dose\u010di z dolo\u010denim marketin\u0161kim besedilom, prevajalcu pa morda ne, zato je treba natan\u010dno opredeliti cilje. Vsako marketin\u0161ko besedilo ima seveda svoj cilj, med najpogostej\u0161imi pa so povi\u0161anje prodaje dolo\u010denega izdelka ali storitve, splo\u0161na predstavitev podjetja, pridobivanje kontaktov ali grajenje blagovne znamke.<\/p>\n<p>&nbsp;<\/p>\n<h4><span style=\"color: #0099cc;\">#4: Dogovor s prevajalcem naj bo v pisni obliki<\/span><\/h4>\n<p>Zgornje sicer velja za vsa besedila (ne le marketin\u0161ka), vendar ne \u0161kodi, \u010de tako pomemben korak \u0161e enkrat poudarimo, mar ne? S prevajalcem se \u0161e pred za\u010detkom dela dogovorite o ceni, obsegu dela, morebitnih dodatnih popravkih, roku izvedbe in na\u010dinu izvedbe, saj si boste tako prihranili precej \u017eivcev, \u010de bodo va\u0161e predstave o kon\u010dnem izdelku precej razli\u010dne.<\/p>\n<p>&nbsp;<\/p>\n<h4><span style=\"color: #0099cc;\">#5: Omogo\u010dite prevajalcu, da razume kontekst besedila<\/span><\/h4>\n<p>Jasna komunikacija je mogo\u010da le, kadar dobro razumemo kontekst sporo\u010dila. Zaradi tega je izjemno pomembno, da izbranega prevajalca seznanite z vsemi relevantnimi informacijami, povezanimi s poslovanjem (in \u0161e posebej ogla\u0161evanjem in drugimi marketin\u0161kimi dejavnostmi) podjetja.<\/p>\n<p>&nbsp;<\/p>\n<h4><span style=\"color: #0099cc;\">#6: Pripravite slovar\u010dek strokovnih izrazov<\/span><\/h4>\n<p>Nekatera podro\u010dja dela s seboj prinesejo ogromno teoreti\u010dnega znanja in z njim povezanih strokovnih izrazov, ki jih prevajalec morda ne pozna oziroma jih pozna le povr\u0161no. S pripravo slovar\u010dka boste prevajalcu olaj\u0161ali delo ter pripomogli k bolj\u0161emu kon\u010dnemu izdelku, ki bo zahteval manj popravkov in manj dodatnega usklajevanja s prevajalcem, zato bosta zaradi tega obe strani na bolj\u0161em.<\/p>\n<p>&nbsp;<\/p>\n<h4><span style=\"color: #0099cc;\">#7: Optimizirajte \u010das<\/span><\/h4>\n<p>Manj \u010dasa kot boste prevajalcu \u00bbukradli\u00ab za sestanke, telefonske pogovore, dodatne \u017eelje in usklajevanje, ve\u010d \u010dasa bo prevajalec imel, da se osredoto\u010di na sam prevod, ki v primeru marketin\u0161kih besedil zahteva tudi precej kreativnosti. Pripravite se vnaprej in prevajalcu organizirano posredujte vse, kar potrebuje, saj boste le tako postavili trdne temelje za kakovosten prevod.<\/p>\n<p>&nbsp;<\/p>\n<h4><span style=\"color: #0099cc;\">#8: Materiale posredujte \u010dim prej<\/span><\/h4>\n<p>Kot \u017ee omenjeno marketin\u0161ki prevodi zahtevajo tudi ogromno kreativnosti, zato je dobro, da ima prevajalec za svoje delo malce ve\u010d \u010dasa in manevrskega prostora kot obi\u010dajno. To mu boste najla\u017eje omogo\u010dili tako, da mu materiale po\u0161ljete \u010dim prej, tako da jih lahko v miru pregleda in o prevodu razmi\u0161lja, \u0161e preden se ga loti.<\/p>\n<p>[\/vc_column_text][vc_single_image image=&#8221;30756&#8243; img_size=&#8221;full&#8221; width=&#8221;1\/3&#8243; el_position=&#8221;last&#8221;][\/vc_column][\/vc_row]<\/p>\n<\/div>","protected":false},"excerpt":{"rendered":"<p>[vc_row][vc_column][vc_column_text width=&#8221;2\/3&#8243; el_position=&#8221;first&#8221;] V podjetju potrebujete prevod marketin\u0161kega besedila, zato ste na internetu poiskali prevajalca, mu posredovali besedilo, \u010dez nekaj&#8230;<\/p>\n","protected":false},"author":2,"featured_media":0,"parent":0,"menu_order":0,"comment_status":"closed","ping_status":"closed","template":"","meta":{"footnotes":""},"class_list":["post-4915","page","type-page","status-publish"],"yoast_head":"<!-- This site is optimized with the Yoast SEO plugin v27.5 - https:\/\/yoast.com\/product\/yoast-seo-wordpress\/ -->\n<title>8 korakov do odli\u010dnega marketin\u0161kega prevoda | AdriatIQa Prevodi, prevajalska agencija<\/title>\n<meta name=\"description\" content=\"Prevajanje marketin\u0161kih besedil ni enostavno. Na katerih 8 korakov ne smete pozabiti, da boste na koncu res dobili odli\u010den prevod marketin\u0161kega besedila?\" \/>\n<meta name=\"robots\" content=\"index, follow, max-snippet:-1, max-image-preview:large, max-video-preview:-1\" \/>\n<link rel=\"canonical\" href=\"https:\/\/www.adriatiqa.com\/sl\/8-korakov-odlicnega-marketinskega-prevoda\/\" \/>\n<meta name=\"twitter:label1\" content=\"Est. reading time\" \/>\n\t<meta name=\"twitter:data1\" content=\"3 minutes\" \/>\n<script type=\"application\/ld+json\" class=\"yoast-schema-graph\">{\"@context\":\"https:\\\/\\\/schema.org\",\"@graph\":[{\"@type\":\"WebPage\",\"@id\":\"https:\\\/\\\/www.adriatiqa.com\\\/sl\\\/8-korakov-odlicnega-marketinskega-prevoda\\\/\",\"url\":\"https:\\\/\\\/www.adriatiqa.com\\\/sl\\\/8-korakov-odlicnega-marketinskega-prevoda\\\/\",\"name\":\"8 korakov do odli\u010dnega marketin\u0161kega prevoda | AdriatIQa Prevodi, prevajalska agencija\",\"isPartOf\":{\"@id\":\"https:\\\/\\\/www.adriatiqa.com\\\/sl\\\/#website\"},\"datePublished\":\"2018-06-28T13:51:24+00:00\",\"dateModified\":\"2022-10-25T11:31:09+00:00\",\"description\":\"Prevajanje marketin\u0161kih besedil ni enostavno. Na katerih 8 korakov ne smete pozabiti, da boste na koncu res dobili odli\u010den prevod marketin\u0161kega besedila?\",\"breadcrumb\":{\"@id\":\"https:\\\/\\\/www.adriatiqa.com\\\/sl\\\/8-korakov-odlicnega-marketinskega-prevoda\\\/#breadcrumb\"},\"inLanguage\":\"sl\",\"potentialAction\":[{\"@type\":\"ReadAction\",\"target\":[\"https:\\\/\\\/www.adriatiqa.com\\\/sl\\\/8-korakov-odlicnega-marketinskega-prevoda\\\/\"]}]},{\"@type\":\"BreadcrumbList\",\"@id\":\"https:\\\/\\\/www.adriatiqa.com\\\/sl\\\/8-korakov-odlicnega-marketinskega-prevoda\\\/#breadcrumb\",\"itemListElement\":[{\"@type\":\"ListItem\",\"position\":1,\"name\":\"Home\",\"item\":\"https:\\\/\\\/www.adriatiqa.com\\\/sl\\\/\"},{\"@type\":\"ListItem\",\"position\":2,\"name\":\"8 korakov do odli\u010dnega marketin\u0161kega prevoda\"}]},{\"@type\":\"WebSite\",\"@id\":\"https:\\\/\\\/www.adriatiqa.com\\\/sl\\\/#website\",\"url\":\"https:\\\/\\\/www.adriatiqa.com\\\/sl\\\/\",\"name\":\"AdriatIQa Prevodi, prevajalska agencija\",\"description\":\"Prevajanje, prevod v angle\u0161\u010dino, nem\u0161\u010dino\",\"publisher\":{\"@id\":\"https:\\\/\\\/www.adriatiqa.com\\\/sl\\\/#organization\"},\"potentialAction\":[{\"@type\":\"SearchAction\",\"target\":{\"@type\":\"EntryPoint\",\"urlTemplate\":\"https:\\\/\\\/www.adriatiqa.com\\\/sl\\\/?s={search_term_string}\"},\"query-input\":{\"@type\":\"PropertyValueSpecification\",\"valueRequired\":true,\"valueName\":\"search_term_string\"}}],\"inLanguage\":\"sl\"},{\"@type\":\"Organization\",\"@id\":\"https:\\\/\\\/www.adriatiqa.com\\\/sl\\\/#organization\",\"name\":\"ATE Globalis d.o.o.\",\"url\":\"https:\\\/\\\/www.adriatiqa.com\\\/sl\\\/\",\"logo\":{\"@type\":\"ImageObject\",\"inLanguage\":\"sl\",\"@id\":\"https:\\\/\\\/www.adriatiqa.com\\\/sl\\\/#\\\/schema\\\/logo\\\/image\\\/\",\"url\":\"https:\\\/\\\/www.adriatiqa.com\\\/wp-content\\\/uploads\\\/2012\\\/11\\\/adriatiqa-logo.png\",\"contentUrl\":\"https:\\\/\\\/www.adriatiqa.com\\\/wp-content\\\/uploads\\\/2012\\\/11\\\/adriatiqa-logo.png\",\"width\":297,\"height\":57,\"caption\":\"ATE Globalis d.o.o.\"},\"image\":{\"@id\":\"https:\\\/\\\/www.adriatiqa.com\\\/sl\\\/#\\\/schema\\\/logo\\\/image\\\/\"},\"sameAs\":[\"https:\\\/\\\/www.facebook.com\\\/AdriatIQa\",\"https:\\\/\\\/www.linkedin.com\\\/company\\\/adriatiqa-translations\"]}]}<\/script>\n<!-- \/ Yoast SEO plugin. -->","yoast_head_json":{"title":"8 korakov do odli\u010dnega marketin\u0161kega prevoda | AdriatIQa Prevodi, prevajalska agencija","description":"Prevajanje marketin\u0161kih besedil ni enostavno. Na katerih 8 korakov ne smete pozabiti, da boste na koncu res dobili odli\u010den prevod marketin\u0161kega besedila?","robots":{"index":"index","follow":"follow","max-snippet":"max-snippet:-1","max-image-preview":"max-image-preview:large","max-video-preview":"max-video-preview:-1"},"canonical":"https:\/\/www.adriatiqa.com\/sl\/8-korakov-odlicnega-marketinskega-prevoda\/","twitter_misc":{"Est. reading time":"3 minutes"},"schema":{"@context":"https:\/\/schema.org","@graph":[{"@type":"WebPage","@id":"https:\/\/www.adriatiqa.com\/sl\/8-korakov-odlicnega-marketinskega-prevoda\/","url":"https:\/\/www.adriatiqa.com\/sl\/8-korakov-odlicnega-marketinskega-prevoda\/","name":"8 korakov do odli\u010dnega marketin\u0161kega prevoda | AdriatIQa Prevodi, prevajalska agencija","isPartOf":{"@id":"https:\/\/www.adriatiqa.com\/sl\/#website"},"datePublished":"2018-06-28T13:51:24+00:00","dateModified":"2022-10-25T11:31:09+00:00","description":"Prevajanje marketin\u0161kih besedil ni enostavno. Na katerih 8 korakov ne smete pozabiti, da boste na koncu res dobili odli\u010den prevod marketin\u0161kega besedila?","breadcrumb":{"@id":"https:\/\/www.adriatiqa.com\/sl\/8-korakov-odlicnega-marketinskega-prevoda\/#breadcrumb"},"inLanguage":"sl","potentialAction":[{"@type":"ReadAction","target":["https:\/\/www.adriatiqa.com\/sl\/8-korakov-odlicnega-marketinskega-prevoda\/"]}]},{"@type":"BreadcrumbList","@id":"https:\/\/www.adriatiqa.com\/sl\/8-korakov-odlicnega-marketinskega-prevoda\/#breadcrumb","itemListElement":[{"@type":"ListItem","position":1,"name":"Home","item":"https:\/\/www.adriatiqa.com\/sl\/"},{"@type":"ListItem","position":2,"name":"8 korakov do odli\u010dnega marketin\u0161kega prevoda"}]},{"@type":"WebSite","@id":"https:\/\/www.adriatiqa.com\/sl\/#website","url":"https:\/\/www.adriatiqa.com\/sl\/","name":"AdriatIQa Prevodi, prevajalska agencija","description":"Prevajanje, prevod v angle\u0161\u010dino, nem\u0161\u010dino","publisher":{"@id":"https:\/\/www.adriatiqa.com\/sl\/#organization"},"potentialAction":[{"@type":"SearchAction","target":{"@type":"EntryPoint","urlTemplate":"https:\/\/www.adriatiqa.com\/sl\/?s={search_term_string}"},"query-input":{"@type":"PropertyValueSpecification","valueRequired":true,"valueName":"search_term_string"}}],"inLanguage":"sl"},{"@type":"Organization","@id":"https:\/\/www.adriatiqa.com\/sl\/#organization","name":"ATE Globalis d.o.o.","url":"https:\/\/www.adriatiqa.com\/sl\/","logo":{"@type":"ImageObject","inLanguage":"sl","@id":"https:\/\/www.adriatiqa.com\/sl\/#\/schema\/logo\/image\/","url":"https:\/\/www.adriatiqa.com\/wp-content\/uploads\/2012\/11\/adriatiqa-logo.png","contentUrl":"https:\/\/www.adriatiqa.com\/wp-content\/uploads\/2012\/11\/adriatiqa-logo.png","width":297,"height":57,"caption":"ATE Globalis d.o.o."},"image":{"@id":"https:\/\/www.adriatiqa.com\/sl\/#\/schema\/logo\/image\/"},"sameAs":["https:\/\/www.facebook.com\/AdriatIQa","https:\/\/www.linkedin.com\/company\/adriatiqa-translations"]}]}},"_links":{"self":[{"href":"https:\/\/www.adriatiqa.com\/sl\/wp-json\/wp\/v2\/pages\/4915","targetHints":{"allow":["GET"]}}],"collection":[{"href":"https:\/\/www.adriatiqa.com\/sl\/wp-json\/wp\/v2\/pages"}],"about":[{"href":"https:\/\/www.adriatiqa.com\/sl\/wp-json\/wp\/v2\/types\/page"}],"author":[{"embeddable":true,"href":"https:\/\/www.adriatiqa.com\/sl\/wp-json\/wp\/v2\/users\/2"}],"replies":[{"embeddable":true,"href":"https:\/\/www.adriatiqa.com\/sl\/wp-json\/wp\/v2\/comments?post=4915"}],"version-history":[{"count":4,"href":"https:\/\/www.adriatiqa.com\/sl\/wp-json\/wp\/v2\/pages\/4915\/revisions"}],"predecessor-version":[{"id":30903,"href":"https:\/\/www.adriatiqa.com\/sl\/wp-json\/wp\/v2\/pages\/4915\/revisions\/30903"}],"wp:attachment":[{"href":"https:\/\/www.adriatiqa.com\/sl\/wp-json\/wp\/v2\/media?parent=4915"}],"curies":[{"name":"wp","href":"https:\/\/api.w.org\/{rel}","templated":true}]}}