{"id":4948,"date":"2018-08-23T11:15:08","date_gmt":"2018-08-23T09:15:08","guid":{"rendered":"https:\/\/www.adriatiqa.com\/?page_id=4948"},"modified":"2018-08-23T11:15:08","modified_gmt":"2018-08-23T09:15:08","slug":"4-najpogostejse-zmote-o-prevajanju","status":"publish","type":"page","link":"https:\/\/www.adriatiqa.com\/sl\/4-najpogostejse-zmote-o-prevajanju\/","title":{"rendered":"4 najpogostej\u0161e zmote o prevajanju"},"content":{"rendered":"<p>[vc_column_text width=&#8221;2\/3&#8243; el_position=&#8221;first&#8221;]<\/p>\n<p><b>Prevajalstvo je poklic, ki ga ljudje pogosto malce napa\u010dno razumejo. Tisti, ki so prevajalstvo in prevajalce \u017ee imeli prilo\u017enost pobli\u017ee spoznati, vedo, zakaj je ta poklic tako zelo pomemben. \u0160tevilni naro\u010dniki pa ga v\u010dasih \u017eal razumejo tudi malce narobe. Vas zanima, katere so tiste zmote, ki jih najpogosteje sli\u0161imo, in kak\u0161na je pravzaprav resnica za njimi?<\/b><\/p>\n<p>&nbsp;<\/p>\n<h4><span style=\"color: #0099cc;\">Zmota #1: Dandanes skoraj vsi \u017ee govorijo angle\u0161ko. Zakaj bi sploh morali prevajati svoja besedila v druge jezike?<\/span><\/h4>\n<p>Motite se. Angle\u0161\u010dino na najvi\u0161jem nivoju, torej nivoju maternega jezika, pravzaprav govori le okoli 17 % svetovne populacije. Precej manj, kot ste mislili, kajne? Res je sicer, da veliko drugih ljudi angle\u0161\u010dino razume, in to precej dobro, a pri tujih jezikih zelo rado prihaja do pomot in napa\u010dnega razumevanja, sploh pri <a title=\"Zakaj se marketin\u0161kih prevodov lotevamo malce druga\u010de kot ostalih?\" href=\"https:\/\/www.adriatiqa.com\/sl\/zakaj-se-marketinskih-prevodov-lotevamo-malce-drugace-kot-ostalih\/\">marketin\u0161kih besedilih<\/a>, temu pa se verjetno vsekakor \u017eelite izogniti.<\/p>\n<p>Raziskave ka\u017eejo tudi, da ljudje raje zapravljajo denar za izdelke in storitve, katerih opisi so na voljo v njihovem jeziku. To je tudi razlog, da najve\u010dja podjetja na svetu svoja besedila prevajajo tudi v zelo majhne jezike \u2013 ker se jim to preprosto izpla\u010da.<\/p>\n<p>&nbsp;<\/p>\n<h4><span style=\"color: #0099cc;\">Zmota #2: Sodelavec govori nem\u0161ko, zakaj ne bi besedila prevedel kar on?<\/span><\/h4>\n<p>Predvsem zato, ker ni prevajalec. Tudi vi verjetno znate kuhati, pa zato \u0161e niste kuhar, kajne? Znate tudi kaj narisati, pa zato \u0161e niste slikar. Razumete, kam pes moli taco? Ljudje, ki govorijo dva jezika (pa tudi \u010de oba resni\u010dno obvladajo), zato \u0161e niso prevajalci ali tolma\u010di.<\/p>\n<p>Pri prevajanju in tolma\u010denju gre poleg odli\u010dnega poznavanja obeh jezikov tudi za sposobnost prena\u0161anja sporo\u010dila iz enega jezika v drugega \u2013 nih\u010de si namre\u010d ne \u017eeli brati preve\u010d dobesednih prevodov. Velike te\u017eave se pojavijo predvsem pri strokovnih besedilih, pri katerih resni\u010dno potrebujete prevajalca, ki ni le dober prevajalec, pa\u010d pa tudi strokovnjak za dolo\u010deno <a title=\"Podro\u010dja prevajanja\" href=\"https:\/\/www.adriatiqa.com\/sl\/prevajanje\/podrocja-prevajanja\/\">podro\u010dje<\/a>.<\/p>\n<p>&nbsp;<\/p>\n<h4><span style=\"color: #0099cc;\">Zmota #3: Saj lahko uporabim kar spletni strojni prevajalnik, kajne?<\/span><\/h4>\n<p>Seveda lahko \u2013 \u010de \u017eelite resni\u010dno obupen prevod. Spletni strojni prevajalniki so sicer \u010disto uporabna re\u010d, sploh \u010de vas zanima prevod za dolo\u010deno besedo ali pa \u010de \u017eelite dobiti le splo\u0161en vtis, o \u010dem govori dolo\u010deno besedilo, nikakor pa niso primerni za kaj ve\u010d.<\/p>\n<p>Preverite sami. Poi\u0161\u010dite besedilo v angle\u0161kem jeziku ali v drugem jeziku, ki ga dobro razumete, in strojni prevajalnik poprosite, da ga prevede v sloven\u0161\u010dino. Ko boste videli, kak\u0161en zmazek bo nastal, vam bo jasno, da si v poslovnem svetu \u010desa tak\u0161nega nikakor ne morete privo\u0161\u010diti.<\/p>\n<p>&nbsp;<\/p>\n<h4><span style=\"color: #0099cc;\">Zmota #4: Prevajalec, s katerim sodelujemo, sploh ne zna opravljati svojega dela \u2013 zadnji\u010d je moral denimo pogledati v slovar, ker ni poznal besede.<\/span><\/h4>\n<p>Noben prevajalec ne pozna vseh besed na svetu, pa naj bo \u0161e tako dober. Dejstvo, da si je prevajalec vzel \u010das in dejansko preveril besedo, o kateri ni bil prepri\u010dan, v slovarju, je pravzaprav odli\u010den znak \u2013 pomeni, da mu ni vseeno, kak\u0161en prevod bo pripravil.<\/p>\n<p>Enako velja za pro\u0161njo prevajalca, da mu po\u0161ljete glosar strokovnih izrazov, \u010de ga v podjetju imate. Ne gre za to, da prevajalec teh izrazov ne bi poznal, zaveda se le, da ste v va\u0161em podjetju strokovnjaki za dolo\u010deno podro\u010dje in da izraze pa\u010d poznate bolje kot nekdo, ki se s tem podro\u010djem ne ukvarja poklicno.<\/p>\n<p>&nbsp;<\/p>\n<p>[\/vc_column_text] [vc_single_image image=&#8221;4172&#8243; img_size=&#8221;full&#8221; img_link_target=&#8221;pphoto&#8221; width=&#8221;1\/3&#8243; el_position=&#8221;last&#8221;]<\/p>\n","protected":false},"excerpt":{"rendered":"<p>[vc_column_text width=&#8221;2\/3&#8243; el_position=&#8221;first&#8221;] Prevajalstvo je poklic, ki ga ljudje pogosto malce napa\u010dno razumejo. Tisti, ki so prevajalstvo in prevajalce \u017ee&#8230;<\/p>\n","protected":false},"author":2,"featured_media":0,"parent":0,"menu_order":0,"comment_status":"closed","ping_status":"closed","template":"","meta":{"footnotes":""},"class_list":["post-4948","page","type-page","status-publish"],"yoast_head":"<!-- This site is optimized with the Yoast SEO plugin v27.5 - https:\/\/yoast.com\/product\/yoast-seo-wordpress\/ -->\n<title>4 najpogostej\u0161e zmote o prevajanju | AdriatIQa Prevodi, prevajalska agencija<\/title>\n<meta name=\"description\" content=\"Vas zanima, katere so tiste zmote, ki jih o prevajanju in prevajalcih najpogosteje sli\u0161imo, in kak\u0161na je pravzaprav resnica za njimi?\" \/>\n<meta name=\"robots\" content=\"index, follow, max-snippet:-1, max-image-preview:large, max-video-preview:-1\" \/>\n<link rel=\"canonical\" href=\"https:\/\/www.adriatiqa.com\/sl\/4-najpogostejse-zmote-o-prevajanju\/\" \/>\n<meta name=\"twitter:label1\" content=\"Est. reading time\" \/>\n\t<meta name=\"twitter:data1\" content=\"3 minutes\" \/>\n<script type=\"application\/ld+json\" class=\"yoast-schema-graph\">{\"@context\":\"https:\\\/\\\/schema.org\",\"@graph\":[{\"@type\":\"WebPage\",\"@id\":\"https:\\\/\\\/www.adriatiqa.com\\\/sl\\\/4-najpogostejse-zmote-o-prevajanju\\\/\",\"url\":\"https:\\\/\\\/www.adriatiqa.com\\\/sl\\\/4-najpogostejse-zmote-o-prevajanju\\\/\",\"name\":\"4 najpogostej\u0161e zmote o prevajanju | AdriatIQa Prevodi, prevajalska agencija\",\"isPartOf\":{\"@id\":\"https:\\\/\\\/www.adriatiqa.com\\\/sl\\\/#website\"},\"datePublished\":\"2018-08-23T09:15:08+00:00\",\"description\":\"Vas zanima, katere so tiste zmote, ki jih o prevajanju in prevajalcih najpogosteje sli\u0161imo, in kak\u0161na je pravzaprav resnica za njimi?\",\"breadcrumb\":{\"@id\":\"https:\\\/\\\/www.adriatiqa.com\\\/sl\\\/4-najpogostejse-zmote-o-prevajanju\\\/#breadcrumb\"},\"inLanguage\":\"sl\",\"potentialAction\":[{\"@type\":\"ReadAction\",\"target\":[\"https:\\\/\\\/www.adriatiqa.com\\\/sl\\\/4-najpogostejse-zmote-o-prevajanju\\\/\"]}]},{\"@type\":\"BreadcrumbList\",\"@id\":\"https:\\\/\\\/www.adriatiqa.com\\\/sl\\\/4-najpogostejse-zmote-o-prevajanju\\\/#breadcrumb\",\"itemListElement\":[{\"@type\":\"ListItem\",\"position\":1,\"name\":\"Home\",\"item\":\"https:\\\/\\\/www.adriatiqa.com\\\/sl\\\/\"},{\"@type\":\"ListItem\",\"position\":2,\"name\":\"4 najpogostej\u0161e zmote o prevajanju\"}]},{\"@type\":\"WebSite\",\"@id\":\"https:\\\/\\\/www.adriatiqa.com\\\/sl\\\/#website\",\"url\":\"https:\\\/\\\/www.adriatiqa.com\\\/sl\\\/\",\"name\":\"AdriatIQa Prevodi, prevajalska agencija\",\"description\":\"Prevajanje, prevod v angle\u0161\u010dino, nem\u0161\u010dino\",\"publisher\":{\"@id\":\"https:\\\/\\\/www.adriatiqa.com\\\/sl\\\/#organization\"},\"potentialAction\":[{\"@type\":\"SearchAction\",\"target\":{\"@type\":\"EntryPoint\",\"urlTemplate\":\"https:\\\/\\\/www.adriatiqa.com\\\/sl\\\/?s={search_term_string}\"},\"query-input\":{\"@type\":\"PropertyValueSpecification\",\"valueRequired\":true,\"valueName\":\"search_term_string\"}}],\"inLanguage\":\"sl\"},{\"@type\":\"Organization\",\"@id\":\"https:\\\/\\\/www.adriatiqa.com\\\/sl\\\/#organization\",\"name\":\"ATE Globalis d.o.o.\",\"url\":\"https:\\\/\\\/www.adriatiqa.com\\\/sl\\\/\",\"logo\":{\"@type\":\"ImageObject\",\"inLanguage\":\"sl\",\"@id\":\"https:\\\/\\\/www.adriatiqa.com\\\/sl\\\/#\\\/schema\\\/logo\\\/image\\\/\",\"url\":\"https:\\\/\\\/www.adriatiqa.com\\\/wp-content\\\/uploads\\\/2012\\\/11\\\/adriatiqa-logo.png\",\"contentUrl\":\"https:\\\/\\\/www.adriatiqa.com\\\/wp-content\\\/uploads\\\/2012\\\/11\\\/adriatiqa-logo.png\",\"width\":297,\"height\":57,\"caption\":\"ATE Globalis d.o.o.\"},\"image\":{\"@id\":\"https:\\\/\\\/www.adriatiqa.com\\\/sl\\\/#\\\/schema\\\/logo\\\/image\\\/\"},\"sameAs\":[\"https:\\\/\\\/www.facebook.com\\\/AdriatIQa\",\"https:\\\/\\\/www.linkedin.com\\\/company\\\/adriatiqa-translations\"]}]}<\/script>\n<!-- \/ Yoast SEO plugin. -->","yoast_head_json":{"title":"4 najpogostej\u0161e zmote o prevajanju | AdriatIQa Prevodi, prevajalska agencija","description":"Vas zanima, katere so tiste zmote, ki jih o prevajanju in prevajalcih najpogosteje sli\u0161imo, in kak\u0161na je pravzaprav resnica za njimi?","robots":{"index":"index","follow":"follow","max-snippet":"max-snippet:-1","max-image-preview":"max-image-preview:large","max-video-preview":"max-video-preview:-1"},"canonical":"https:\/\/www.adriatiqa.com\/sl\/4-najpogostejse-zmote-o-prevajanju\/","twitter_misc":{"Est. reading time":"3 minutes"},"schema":{"@context":"https:\/\/schema.org","@graph":[{"@type":"WebPage","@id":"https:\/\/www.adriatiqa.com\/sl\/4-najpogostejse-zmote-o-prevajanju\/","url":"https:\/\/www.adriatiqa.com\/sl\/4-najpogostejse-zmote-o-prevajanju\/","name":"4 najpogostej\u0161e zmote o prevajanju | AdriatIQa Prevodi, prevajalska agencija","isPartOf":{"@id":"https:\/\/www.adriatiqa.com\/sl\/#website"},"datePublished":"2018-08-23T09:15:08+00:00","description":"Vas zanima, katere so tiste zmote, ki jih o prevajanju in prevajalcih najpogosteje sli\u0161imo, in kak\u0161na je pravzaprav resnica za njimi?","breadcrumb":{"@id":"https:\/\/www.adriatiqa.com\/sl\/4-najpogostejse-zmote-o-prevajanju\/#breadcrumb"},"inLanguage":"sl","potentialAction":[{"@type":"ReadAction","target":["https:\/\/www.adriatiqa.com\/sl\/4-najpogostejse-zmote-o-prevajanju\/"]}]},{"@type":"BreadcrumbList","@id":"https:\/\/www.adriatiqa.com\/sl\/4-najpogostejse-zmote-o-prevajanju\/#breadcrumb","itemListElement":[{"@type":"ListItem","position":1,"name":"Home","item":"https:\/\/www.adriatiqa.com\/sl\/"},{"@type":"ListItem","position":2,"name":"4 najpogostej\u0161e zmote o prevajanju"}]},{"@type":"WebSite","@id":"https:\/\/www.adriatiqa.com\/sl\/#website","url":"https:\/\/www.adriatiqa.com\/sl\/","name":"AdriatIQa Prevodi, prevajalska agencija","description":"Prevajanje, prevod v angle\u0161\u010dino, nem\u0161\u010dino","publisher":{"@id":"https:\/\/www.adriatiqa.com\/sl\/#organization"},"potentialAction":[{"@type":"SearchAction","target":{"@type":"EntryPoint","urlTemplate":"https:\/\/www.adriatiqa.com\/sl\/?s={search_term_string}"},"query-input":{"@type":"PropertyValueSpecification","valueRequired":true,"valueName":"search_term_string"}}],"inLanguage":"sl"},{"@type":"Organization","@id":"https:\/\/www.adriatiqa.com\/sl\/#organization","name":"ATE Globalis d.o.o.","url":"https:\/\/www.adriatiqa.com\/sl\/","logo":{"@type":"ImageObject","inLanguage":"sl","@id":"https:\/\/www.adriatiqa.com\/sl\/#\/schema\/logo\/image\/","url":"https:\/\/www.adriatiqa.com\/wp-content\/uploads\/2012\/11\/adriatiqa-logo.png","contentUrl":"https:\/\/www.adriatiqa.com\/wp-content\/uploads\/2012\/11\/adriatiqa-logo.png","width":297,"height":57,"caption":"ATE Globalis d.o.o."},"image":{"@id":"https:\/\/www.adriatiqa.com\/sl\/#\/schema\/logo\/image\/"},"sameAs":["https:\/\/www.facebook.com\/AdriatIQa","https:\/\/www.linkedin.com\/company\/adriatiqa-translations"]}]}},"_links":{"self":[{"href":"https:\/\/www.adriatiqa.com\/sl\/wp-json\/wp\/v2\/pages\/4948","targetHints":{"allow":["GET"]}}],"collection":[{"href":"https:\/\/www.adriatiqa.com\/sl\/wp-json\/wp\/v2\/pages"}],"about":[{"href":"https:\/\/www.adriatiqa.com\/sl\/wp-json\/wp\/v2\/types\/page"}],"author":[{"embeddable":true,"href":"https:\/\/www.adriatiqa.com\/sl\/wp-json\/wp\/v2\/users\/2"}],"replies":[{"embeddable":true,"href":"https:\/\/www.adriatiqa.com\/sl\/wp-json\/wp\/v2\/comments?post=4948"}],"version-history":[{"count":1,"href":"https:\/\/www.adriatiqa.com\/sl\/wp-json\/wp\/v2\/pages\/4948\/revisions"}],"predecessor-version":[{"id":4949,"href":"https:\/\/www.adriatiqa.com\/sl\/wp-json\/wp\/v2\/pages\/4948\/revisions\/4949"}],"wp:attachment":[{"href":"https:\/\/www.adriatiqa.com\/sl\/wp-json\/wp\/v2\/media?parent=4948"}],"curies":[{"name":"wp","href":"https:\/\/api.w.org\/{rel}","templated":true}]}}