{"id":4997,"date":"2019-01-07T15:02:57","date_gmt":"2019-01-07T14:02:57","guid":{"rendered":"https:\/\/www.adriatiqa.com\/?page_id=4997"},"modified":"2019-01-07T15:02:57","modified_gmt":"2019-01-07T14:02:57","slug":"greste-ta-vikend-na-krvavec-ali-na-krvavca","status":"publish","type":"page","link":"https:\/\/www.adriatiqa.com\/sl\/greste-ta-vikend-na-krvavec-ali-na-krvavca\/","title":{"rendered":"Greste ta vikend na Krvavec ali na Krvavca?"},"content":{"rendered":"<p>[vc_column_text width=&#8221;2\/3&#8243; el_position=&#8221;first&#8221;]<\/p>\n<p><b>\u010cas je za smu\u010danje! Ampak za to, da se boste lahko spustili po zasne\u017eenem pobo\u010dju s smu\u010dmi na nogah in ravno prav vetra v laseh, se bo prej nanj seveda \u0161e treba povzpeti. Boste torej \u0161li na Krvavec ali na Krvavca? Kaj pa na Lovrenc ali na Lovrenca? Pa poglejmo, kaj imata o tem povedati na\u0161a stara prijatelja, slovenska slovnica in pravopis \u2026<\/b><\/p>\n<p>&nbsp;<\/p>\n<h4><span style=\"color: #0099cc;\">Sklanjanje samostalnikov<\/span><\/h4>\n<p>Ste kdaj \u017ee sli\u0161ali za \u017eivost oziroma ne\u017eivost samostalnikov? Ta kategorija nam bo pomagala tudi pri tem, da samostalnike, kot sta denimo Krvavec in Lovrenc, pravilno sklanjamo. Pri tem gre za vpra\u0161anje, katero obliko uporabiti v to\u017eilniku (Na koga ali kaj grem smu\u010dat?).<\/p>\n<p>&nbsp;<\/p>\n<h4><span style=\"color: #0099cc;\">\u017divi in ne\u017eivi samostalniki<\/span><\/h4>\n<p>Splo\u0161no pravilo pravi, da je pri \u017eivih samostalnikih to\u017eilni\u0161ka oblika enaka rodilni\u0161ki, pri ne\u017eivih pa imenovalni\u0161ki. \u010ce je Krvavec torej \u017eiv, bi bilo pravilno na Krvavca (ker je to rodilni\u0161ka oblika), \u010de pa je mrtev, pa je pravilno na Krvavec (ker je to imenovalni\u0161ka oblika).<\/p>\n<p>Ob\u010dutek za jezik, ki ste se ga priu\u010dili v letih uporabe slovenskega jezika, vam najbr\u017e pravi, da je pravilna oblika na Krvavec. In seveda tudi res je!<\/p>\n<p>Potemtakem je Krvavec ne\u017eiv samostalnik. Zakaj? Pri tem se ne ozirajte preve\u010d na biolo\u0161ko kategorijo \u017eivosti, temve\u010d predvsem na to, ali je samostalnik povezan z \u017eivim oziroma je nastal od \u017eivega.<\/p>\n<p>&nbsp;<\/p>\n<h4><span style=\"color: #0099cc;\">Krvavec in Lovrenc<\/span><\/h4>\n<p>V prvem primeru smo \u017ee povedali, da je pravilna oblika zapisa s predlogom na torej na Krvavec, v drugem primeru pa je pravilno na Lovrenca. Povedano druga\u010de, Krvavec je ne\u017eiv samostalnik, zato je njegov to\u017eilnik enak imenovalniku. Lovrenc pa je hrib \u00bbod Lovrenca\u00ab in zatorej povezan z \u017eivo osebo, zato je njegov to\u017eilnik enak rodilniku.<\/p>\n<p>&nbsp;<\/p>\n<h4><span style=\"color: #0099cc;\">Uporaba \u0161ir\u0161e<\/span><\/h4>\n<p>Kategorijo \u017eivosti po Slovenskem pravopisu uporabljamo za skupine samostalnikov mo\u0161kega in srednjega spola, kot so denimo avtomobili, bitja, bolezni, karte, klubi, naprave, planeti in vina. Ti samostalniki so \u017eivi (torej povezani z \u017eivim), zato jih sklanjamo tako, da je to\u017eilni\u0161ka oblika enaka rodilni\u0161ki. Tako boste prodajali golfa, imeli raka, vrgli asa in pili maribor\u010dana.\u00a0 \u0160e vedno pa se boste povzpeli na Triglav, ker Triglav slovni\u010dno gledano pa\u010d ni \u017eiv. Preprosto, kajne?<\/p>\n<p>[\/vc_column_text] [vc_single_image image=&#8221;4998&#8243; img_size=&#8221;full&#8221; img_link_target=&#8221;pphoto&#8221; width=&#8221;1\/3&#8243; el_position=&#8221;last&#8221;]<\/p>\n","protected":false},"excerpt":{"rendered":"<p>[vc_column_text width=&#8221;2\/3&#8243; el_position=&#8221;first&#8221;] \u010cas je za smu\u010danje! Ampak za to, da se boste lahko spustili po zasne\u017eenem pobo\u010dju s smu\u010dmi&#8230;<\/p>\n","protected":false},"author":2,"featured_media":0,"parent":0,"menu_order":0,"comment_status":"closed","ping_status":"closed","template":"","meta":{"footnotes":""},"class_list":["post-4997","page","type-page","status-publish"],"yoast_head":"<!-- This site is optimized with the Yoast SEO plugin v27.5 - https:\/\/yoast.com\/product\/yoast-seo-wordpress\/ -->\n<title>Greste ta vikend na Krvavec ali na Krvavca? | AdriatIQa Prevodi, prevajalska agencija<\/title>\n<meta name=\"description\" content=\"Boste \u0161li na Krvavec ali na Krvavca? Kaj pa na Lovrenc ali na Lovrenca? Poglejmo, kaj imata o tem povedati slovenska slovnica in pravopis \u2026\" \/>\n<meta name=\"robots\" content=\"index, follow, max-snippet:-1, max-image-preview:large, max-video-preview:-1\" \/>\n<link rel=\"canonical\" href=\"https:\/\/www.adriatiqa.com\/sl\/greste-ta-vikend-na-krvavec-ali-na-krvavca\/\" \/>\n<meta name=\"twitter:label1\" content=\"Est. reading time\" \/>\n\t<meta name=\"twitter:data1\" content=\"2 minutes\" \/>\n<script type=\"application\/ld+json\" class=\"yoast-schema-graph\">{\"@context\":\"https:\\\/\\\/schema.org\",\"@graph\":[{\"@type\":\"WebPage\",\"@id\":\"https:\\\/\\\/www.adriatiqa.com\\\/sl\\\/greste-ta-vikend-na-krvavec-ali-na-krvavca\\\/\",\"url\":\"https:\\\/\\\/www.adriatiqa.com\\\/sl\\\/greste-ta-vikend-na-krvavec-ali-na-krvavca\\\/\",\"name\":\"Greste ta vikend na Krvavec ali na Krvavca? | AdriatIQa Prevodi, prevajalska agencija\",\"isPartOf\":{\"@id\":\"https:\\\/\\\/www.adriatiqa.com\\\/sl\\\/#website\"},\"datePublished\":\"2019-01-07T14:02:57+00:00\",\"description\":\"Boste \u0161li na Krvavec ali na Krvavca? Kaj pa na Lovrenc ali na Lovrenca? Poglejmo, kaj imata o tem povedati slovenska slovnica in pravopis \u2026\",\"breadcrumb\":{\"@id\":\"https:\\\/\\\/www.adriatiqa.com\\\/sl\\\/greste-ta-vikend-na-krvavec-ali-na-krvavca\\\/#breadcrumb\"},\"inLanguage\":\"sl\",\"potentialAction\":[{\"@type\":\"ReadAction\",\"target\":[\"https:\\\/\\\/www.adriatiqa.com\\\/sl\\\/greste-ta-vikend-na-krvavec-ali-na-krvavca\\\/\"]}]},{\"@type\":\"BreadcrumbList\",\"@id\":\"https:\\\/\\\/www.adriatiqa.com\\\/sl\\\/greste-ta-vikend-na-krvavec-ali-na-krvavca\\\/#breadcrumb\",\"itemListElement\":[{\"@type\":\"ListItem\",\"position\":1,\"name\":\"Home\",\"item\":\"https:\\\/\\\/www.adriatiqa.com\\\/sl\\\/\"},{\"@type\":\"ListItem\",\"position\":2,\"name\":\"Greste ta vikend na Krvavec ali na Krvavca?\"}]},{\"@type\":\"WebSite\",\"@id\":\"https:\\\/\\\/www.adriatiqa.com\\\/sl\\\/#website\",\"url\":\"https:\\\/\\\/www.adriatiqa.com\\\/sl\\\/\",\"name\":\"AdriatIQa Prevodi, prevajalska agencija\",\"description\":\"Prevajanje, prevod v angle\u0161\u010dino, nem\u0161\u010dino\",\"publisher\":{\"@id\":\"https:\\\/\\\/www.adriatiqa.com\\\/sl\\\/#organization\"},\"potentialAction\":[{\"@type\":\"SearchAction\",\"target\":{\"@type\":\"EntryPoint\",\"urlTemplate\":\"https:\\\/\\\/www.adriatiqa.com\\\/sl\\\/?s={search_term_string}\"},\"query-input\":{\"@type\":\"PropertyValueSpecification\",\"valueRequired\":true,\"valueName\":\"search_term_string\"}}],\"inLanguage\":\"sl\"},{\"@type\":\"Organization\",\"@id\":\"https:\\\/\\\/www.adriatiqa.com\\\/sl\\\/#organization\",\"name\":\"ATE Globalis d.o.o.\",\"url\":\"https:\\\/\\\/www.adriatiqa.com\\\/sl\\\/\",\"logo\":{\"@type\":\"ImageObject\",\"inLanguage\":\"sl\",\"@id\":\"https:\\\/\\\/www.adriatiqa.com\\\/sl\\\/#\\\/schema\\\/logo\\\/image\\\/\",\"url\":\"https:\\\/\\\/www.adriatiqa.com\\\/wp-content\\\/uploads\\\/2012\\\/11\\\/adriatiqa-logo.png\",\"contentUrl\":\"https:\\\/\\\/www.adriatiqa.com\\\/wp-content\\\/uploads\\\/2012\\\/11\\\/adriatiqa-logo.png\",\"width\":297,\"height\":57,\"caption\":\"ATE Globalis d.o.o.\"},\"image\":{\"@id\":\"https:\\\/\\\/www.adriatiqa.com\\\/sl\\\/#\\\/schema\\\/logo\\\/image\\\/\"},\"sameAs\":[\"https:\\\/\\\/www.facebook.com\\\/AdriatIQa\",\"https:\\\/\\\/www.linkedin.com\\\/company\\\/adriatiqa-translations\"]}]}<\/script>\n<!-- \/ Yoast SEO plugin. -->","yoast_head_json":{"title":"Greste ta vikend na Krvavec ali na Krvavca? | AdriatIQa Prevodi, prevajalska agencija","description":"Boste \u0161li na Krvavec ali na Krvavca? Kaj pa na Lovrenc ali na Lovrenca? Poglejmo, kaj imata o tem povedati slovenska slovnica in pravopis \u2026","robots":{"index":"index","follow":"follow","max-snippet":"max-snippet:-1","max-image-preview":"max-image-preview:large","max-video-preview":"max-video-preview:-1"},"canonical":"https:\/\/www.adriatiqa.com\/sl\/greste-ta-vikend-na-krvavec-ali-na-krvavca\/","twitter_misc":{"Est. reading time":"2 minutes"},"schema":{"@context":"https:\/\/schema.org","@graph":[{"@type":"WebPage","@id":"https:\/\/www.adriatiqa.com\/sl\/greste-ta-vikend-na-krvavec-ali-na-krvavca\/","url":"https:\/\/www.adriatiqa.com\/sl\/greste-ta-vikend-na-krvavec-ali-na-krvavca\/","name":"Greste ta vikend na Krvavec ali na Krvavca? | AdriatIQa Prevodi, prevajalska agencija","isPartOf":{"@id":"https:\/\/www.adriatiqa.com\/sl\/#website"},"datePublished":"2019-01-07T14:02:57+00:00","description":"Boste \u0161li na Krvavec ali na Krvavca? Kaj pa na Lovrenc ali na Lovrenca? Poglejmo, kaj imata o tem povedati slovenska slovnica in pravopis \u2026","breadcrumb":{"@id":"https:\/\/www.adriatiqa.com\/sl\/greste-ta-vikend-na-krvavec-ali-na-krvavca\/#breadcrumb"},"inLanguage":"sl","potentialAction":[{"@type":"ReadAction","target":["https:\/\/www.adriatiqa.com\/sl\/greste-ta-vikend-na-krvavec-ali-na-krvavca\/"]}]},{"@type":"BreadcrumbList","@id":"https:\/\/www.adriatiqa.com\/sl\/greste-ta-vikend-na-krvavec-ali-na-krvavca\/#breadcrumb","itemListElement":[{"@type":"ListItem","position":1,"name":"Home","item":"https:\/\/www.adriatiqa.com\/sl\/"},{"@type":"ListItem","position":2,"name":"Greste ta vikend na Krvavec ali na Krvavca?"}]},{"@type":"WebSite","@id":"https:\/\/www.adriatiqa.com\/sl\/#website","url":"https:\/\/www.adriatiqa.com\/sl\/","name":"AdriatIQa Prevodi, prevajalska agencija","description":"Prevajanje, prevod v angle\u0161\u010dino, nem\u0161\u010dino","publisher":{"@id":"https:\/\/www.adriatiqa.com\/sl\/#organization"},"potentialAction":[{"@type":"SearchAction","target":{"@type":"EntryPoint","urlTemplate":"https:\/\/www.adriatiqa.com\/sl\/?s={search_term_string}"},"query-input":{"@type":"PropertyValueSpecification","valueRequired":true,"valueName":"search_term_string"}}],"inLanguage":"sl"},{"@type":"Organization","@id":"https:\/\/www.adriatiqa.com\/sl\/#organization","name":"ATE Globalis d.o.o.","url":"https:\/\/www.adriatiqa.com\/sl\/","logo":{"@type":"ImageObject","inLanguage":"sl","@id":"https:\/\/www.adriatiqa.com\/sl\/#\/schema\/logo\/image\/","url":"https:\/\/www.adriatiqa.com\/wp-content\/uploads\/2012\/11\/adriatiqa-logo.png","contentUrl":"https:\/\/www.adriatiqa.com\/wp-content\/uploads\/2012\/11\/adriatiqa-logo.png","width":297,"height":57,"caption":"ATE Globalis d.o.o."},"image":{"@id":"https:\/\/www.adriatiqa.com\/sl\/#\/schema\/logo\/image\/"},"sameAs":["https:\/\/www.facebook.com\/AdriatIQa","https:\/\/www.linkedin.com\/company\/adriatiqa-translations"]}]}},"_links":{"self":[{"href":"https:\/\/www.adriatiqa.com\/sl\/wp-json\/wp\/v2\/pages\/4997","targetHints":{"allow":["GET"]}}],"collection":[{"href":"https:\/\/www.adriatiqa.com\/sl\/wp-json\/wp\/v2\/pages"}],"about":[{"href":"https:\/\/www.adriatiqa.com\/sl\/wp-json\/wp\/v2\/types\/page"}],"author":[{"embeddable":true,"href":"https:\/\/www.adriatiqa.com\/sl\/wp-json\/wp\/v2\/users\/2"}],"replies":[{"embeddable":true,"href":"https:\/\/www.adriatiqa.com\/sl\/wp-json\/wp\/v2\/comments?post=4997"}],"version-history":[{"count":3,"href":"https:\/\/www.adriatiqa.com\/sl\/wp-json\/wp\/v2\/pages\/4997\/revisions"}],"predecessor-version":[{"id":5001,"href":"https:\/\/www.adriatiqa.com\/sl\/wp-json\/wp\/v2\/pages\/4997\/revisions\/5001"}],"wp:attachment":[{"href":"https:\/\/www.adriatiqa.com\/sl\/wp-json\/wp\/v2\/media?parent=4997"}],"curies":[{"name":"wp","href":"https:\/\/api.w.org\/{rel}","templated":true}]}}