{"id":5002,"date":"2019-01-07T15:24:15","date_gmt":"2019-01-07T14:24:15","guid":{"rendered":"https:\/\/www.adriatiqa.com\/?page_id=5002"},"modified":"2019-01-07T15:24:15","modified_gmt":"2019-01-07T14:24:15","slug":"7-najpogostejsih-jezikov-na-svetu","status":"publish","type":"page","link":"https:\/\/www.adriatiqa.com\/sl\/7-najpogostejsih-jezikov-na-svetu\/","title":{"rendered":"7 najpogostej\u0161ih jezikov na svetu"},"content":{"rendered":"<p>[vc_column_text width=&#8221;2\/3&#8243; el_position=&#8221;first&#8221;]<\/p>\n<p><b>Razmi\u0161ljate, da bi se nau\u010dili nov tuj jezik? Morda tak\u0161nega, ki vam bo pomagal tudi pri poslovnem prodoru v svet? Potem bodo za vas zagotovo najbolj\u0161a izbira jeziki, ki jih govori najve\u010d ljudi na svetu. Pa poglejmo seznam 7 najpogostej\u0161e govorjenih jezikov na svetu \u2026<\/b><\/p>\n<p>&nbsp;<\/p>\n<h4><span style=\"color: #0099cc;\">#1: Angle\u0161\u010dina<\/span><\/h4>\n<p>Seveda angle\u0161\u010dina, kaj pa drugega! Angle\u0161\u010dina kot prvi tuj jezik ni priljubljena le v na\u0161em prostoru, temve\u010d po celem svetu. Po \u0161tevilu govorcev, ki jim je angle\u0161\u010dina materni jezik, je sicer \u00bb\u0161ele\u00ab na 3. mestu med vsemi jeziki, vendar pa jo kot drugi jezik govori tako veliko ljudi, da je priplezala na sam vrh najbolj raz\u0161irjenih jezikov na svetu. Skupno \u0161tevilo govorcev je ocenjeno na kar ve\u010d kot 1,1 milijardo. Kar pomeni, da angle\u0161\u010dino govori \u017ee vsak sedmi Zemljan. Impresivno, kajne?<\/p>\n<p>&nbsp;<\/p>\n<h4><span style=\"color: #0099cc;\">#2: Mandarin\u0161\u010dina<\/span><\/h4>\n<p>Kitajska mandarin\u0161\u010dina je najbolj raz\u0161irjen materni jezik na svetu z ve\u010d kot 900 milijoni govorcev. \u010ce pa gledamo skupno \u0161tevilo uporabnikov jezika po svetu, le za las zaostaja za angle\u0161\u010dino, saj jo po ocenah prav tako govori pribli\u017eno 1,1 milijarda ljudi. Ker azijski trgi ponujajo izjemen gospodarski potencial, je mandarin\u0161\u010dina pogosto tudi prva izbira globalnih podjetnikov.<\/p>\n<p>&nbsp;<\/p>\n<h4><span style=\"color: #0099cc;\">#3: Hindustan\u0161\u010dina<\/span><\/h4>\n<p>Izraz hindustan\u0161\u010dina zdru\u017euje 2 zelo podobna jezika: hindij\u0161\u010dino in urduj\u0161\u010dino. Govorijo ju predvsem v Indiji in Pakistanu, zaradi gospodarske rasti v tem predelu sveta pa sta vse bolj priljubljena tudi drugod. Skupno \u0161tevilo govorcev je ocenjeno na ve\u010d kot 600 milijonov.<\/p>\n<p>&nbsp;<\/p>\n<h4><span style=\"color: #0099cc;\">#4: \u0160pan\u0161\u010dina<\/span><\/h4>\n<p>\u010ceprav v na\u0161em izobra\u017eevalnem prostoru pri u\u010denju tujih jezikov obi\u010dajno dajemo prednost nem\u0161\u010dini, franco\u0161\u010dini in italijan\u0161\u010dini, je \u0161pan\u0161\u010dina globalno precej bolj raz\u0161irjen jezik. Gre seveda za materni jezik \u0160pancev in prebivalcev ve\u010d ju\u017enoameri\u0161kih dr\u017eav, skupno \u0161tevilo govorcev po svetu pa je ocenjeno na ve\u010d kot 500 milijonov.<\/p>\n<p>&nbsp;<\/p>\n<h4><span style=\"color: #0099cc;\">#5: Arab\u0161\u010dina<\/span><\/h4>\n<p>Tudi arabske de\u017eele so seveda pomemben gospodarski center sodobnega sveta, zato ni prav nobeno presene\u010denje, da v zadnjih desetletjih nara\u0161\u010da tudi skupno \u0161tevilo uporabnikov jezika po svetu. Poleg skoraj 300 milijonov ljudi, ki arab\u0161\u010dino uporabljajo kot materni jezik, jo po svetu govori \u0161e ve\u010d kot 100 milijonov drugih, kar pomeni, da je skupno \u0161tevilo govorcev arab\u0161\u010dine ve\u010d kot 400 milijonov.<\/p>\n<p>&nbsp;<\/p>\n<h4><span style=\"color: #0099cc;\">#6: Franco\u0161\u010dina<\/span><\/h4>\n<p>Franco\u0161\u010dina seveda ni materni jezik le za prebivalce Francije, temve\u010d jo govorijo tudi v \u0161tevilnih nekdanjih francoskih kolonijah po svetu. Skupno \u0161tevilo govorcev se po ocenah tako \u017ee pribli\u017euje 300 milijonom.<\/p>\n<p>&nbsp;<\/p>\n<h4><span style=\"color: #0099cc;\">#7: Ru\u0161\u010dina<\/span><\/h4>\n<p>Ker se ruska podjetja vse bolj ozirajo tudi na zahodne trge, je u\u010denje ru\u0161\u010dine zelo priljubljeno tudi pri nas. Pa seveda ne le pri nas, temve\u010d tudi \u0161ir\u0161e v svetu. Ru\u0161\u010dino po ocenah namre\u010d govori \u017ee ve\u010d kot 250 milijonov ljudi.<\/p>\n<p>&nbsp;<\/p>\n<h4><span style=\"color: #0099cc;\">Ostali jeziki<\/span><\/h4>\n<p>Kaj pa ostali pri nas priljubljeni tuji svetovni jeziki, kot denimo nem\u0161\u010dina, italijan\u0161\u010dina, portugal\u0161\u010dina ali japon\u0161\u010dina? Vsi omenjeni razen italijan\u0161\u010dine so med 15 najbolj priljubljenimi na svetu. Ocenjeno \u0161tevilo govorcev portugal\u0161\u010dine prav tako presega 200 milijonov, nem\u0161ko in japonsko govori pribli\u017eno 130 milijonov ljudi po svetu, govorcev italijan\u0161\u010dine pa je slabih 70 milijonov.<\/p>\n<p>Izbire je torej veliko, \u010daka pa vas tudi veliko ur u\u010denja. Sre\u010dno!<\/p>\n<p>[\/vc_column_text] [vc_single_image image=&#8221;5003&#8243; img_size=&#8221;full&#8221; img_link_target=&#8221;pphoto&#8221; width=&#8221;1\/3&#8243; el_position=&#8221;last&#8221;]<\/p>\n","protected":false},"excerpt":{"rendered":"<p>[vc_column_text width=&#8221;2\/3&#8243; el_position=&#8221;first&#8221;] Razmi\u0161ljate, da bi se nau\u010dili nov tuj jezik? Morda tak\u0161nega, ki vam bo pomagal tudi pri poslovnem&#8230;<\/p>\n","protected":false},"author":2,"featured_media":0,"parent":0,"menu_order":0,"comment_status":"closed","ping_status":"closed","template":"","meta":{"footnotes":""},"class_list":["post-5002","page","type-page","status-publish"],"yoast_head":"<!-- This site is optimized with the Yoast SEO plugin v27.5 - https:\/\/yoast.com\/product\/yoast-seo-wordpress\/ -->\n<title>7 najpogostej\u0161ih jezikov na svetu | AdriatIQa Prevodi, prevajalska agencija<\/title>\n<meta name=\"description\" content=\"Razmi\u0161ljate, da bi se nau\u010dili nov tuj jezik? Potem bodo za vas zagotovo najbolj\u0161a izbira jeziki, ki jih govori najve\u010d ljudi na svetu. Katerih 7 prevladuje?\" \/>\n<meta name=\"robots\" content=\"index, follow, max-snippet:-1, max-image-preview:large, max-video-preview:-1\" \/>\n<link rel=\"canonical\" href=\"https:\/\/www.adriatiqa.com\/sl\/7-najpogostejsih-jezikov-na-svetu\/\" \/>\n<meta name=\"twitter:label1\" content=\"Est. reading time\" \/>\n\t<meta name=\"twitter:data1\" content=\"3 minutes\" \/>\n<script type=\"application\/ld+json\" class=\"yoast-schema-graph\">{\"@context\":\"https:\\\/\\\/schema.org\",\"@graph\":[{\"@type\":\"WebPage\",\"@id\":\"https:\\\/\\\/www.adriatiqa.com\\\/sl\\\/7-najpogostejsih-jezikov-na-svetu\\\/\",\"url\":\"https:\\\/\\\/www.adriatiqa.com\\\/sl\\\/7-najpogostejsih-jezikov-na-svetu\\\/\",\"name\":\"7 najpogostej\u0161ih jezikov na svetu | AdriatIQa Prevodi, prevajalska agencija\",\"isPartOf\":{\"@id\":\"https:\\\/\\\/www.adriatiqa.com\\\/sl\\\/#website\"},\"datePublished\":\"2019-01-07T14:24:15+00:00\",\"description\":\"Razmi\u0161ljate, da bi se nau\u010dili nov tuj jezik? Potem bodo za vas zagotovo najbolj\u0161a izbira jeziki, ki jih govori najve\u010d ljudi na svetu. Katerih 7 prevladuje?\",\"breadcrumb\":{\"@id\":\"https:\\\/\\\/www.adriatiqa.com\\\/sl\\\/7-najpogostejsih-jezikov-na-svetu\\\/#breadcrumb\"},\"inLanguage\":\"sl\",\"potentialAction\":[{\"@type\":\"ReadAction\",\"target\":[\"https:\\\/\\\/www.adriatiqa.com\\\/sl\\\/7-najpogostejsih-jezikov-na-svetu\\\/\"]}]},{\"@type\":\"BreadcrumbList\",\"@id\":\"https:\\\/\\\/www.adriatiqa.com\\\/sl\\\/7-najpogostejsih-jezikov-na-svetu\\\/#breadcrumb\",\"itemListElement\":[{\"@type\":\"ListItem\",\"position\":1,\"name\":\"Home\",\"item\":\"https:\\\/\\\/www.adriatiqa.com\\\/sl\\\/\"},{\"@type\":\"ListItem\",\"position\":2,\"name\":\"7 najpogostej\u0161ih jezikov na svetu\"}]},{\"@type\":\"WebSite\",\"@id\":\"https:\\\/\\\/www.adriatiqa.com\\\/sl\\\/#website\",\"url\":\"https:\\\/\\\/www.adriatiqa.com\\\/sl\\\/\",\"name\":\"AdriatIQa Prevodi, prevajalska agencija\",\"description\":\"Prevajanje, prevod v angle\u0161\u010dino, nem\u0161\u010dino\",\"publisher\":{\"@id\":\"https:\\\/\\\/www.adriatiqa.com\\\/sl\\\/#organization\"},\"potentialAction\":[{\"@type\":\"SearchAction\",\"target\":{\"@type\":\"EntryPoint\",\"urlTemplate\":\"https:\\\/\\\/www.adriatiqa.com\\\/sl\\\/?s={search_term_string}\"},\"query-input\":{\"@type\":\"PropertyValueSpecification\",\"valueRequired\":true,\"valueName\":\"search_term_string\"}}],\"inLanguage\":\"sl\"},{\"@type\":\"Organization\",\"@id\":\"https:\\\/\\\/www.adriatiqa.com\\\/sl\\\/#organization\",\"name\":\"ATE Globalis d.o.o.\",\"url\":\"https:\\\/\\\/www.adriatiqa.com\\\/sl\\\/\",\"logo\":{\"@type\":\"ImageObject\",\"inLanguage\":\"sl\",\"@id\":\"https:\\\/\\\/www.adriatiqa.com\\\/sl\\\/#\\\/schema\\\/logo\\\/image\\\/\",\"url\":\"https:\\\/\\\/www.adriatiqa.com\\\/wp-content\\\/uploads\\\/2012\\\/11\\\/adriatiqa-logo.png\",\"contentUrl\":\"https:\\\/\\\/www.adriatiqa.com\\\/wp-content\\\/uploads\\\/2012\\\/11\\\/adriatiqa-logo.png\",\"width\":297,\"height\":57,\"caption\":\"ATE Globalis d.o.o.\"},\"image\":{\"@id\":\"https:\\\/\\\/www.adriatiqa.com\\\/sl\\\/#\\\/schema\\\/logo\\\/image\\\/\"},\"sameAs\":[\"https:\\\/\\\/www.facebook.com\\\/AdriatIQa\",\"https:\\\/\\\/www.linkedin.com\\\/company\\\/adriatiqa-translations\"]}]}<\/script>\n<!-- \/ Yoast SEO plugin. -->","yoast_head_json":{"title":"7 najpogostej\u0161ih jezikov na svetu | AdriatIQa Prevodi, prevajalska agencija","description":"Razmi\u0161ljate, da bi se nau\u010dili nov tuj jezik? Potem bodo za vas zagotovo najbolj\u0161a izbira jeziki, ki jih govori najve\u010d ljudi na svetu. Katerih 7 prevladuje?","robots":{"index":"index","follow":"follow","max-snippet":"max-snippet:-1","max-image-preview":"max-image-preview:large","max-video-preview":"max-video-preview:-1"},"canonical":"https:\/\/www.adriatiqa.com\/sl\/7-najpogostejsih-jezikov-na-svetu\/","twitter_misc":{"Est. reading time":"3 minutes"},"schema":{"@context":"https:\/\/schema.org","@graph":[{"@type":"WebPage","@id":"https:\/\/www.adriatiqa.com\/sl\/7-najpogostejsih-jezikov-na-svetu\/","url":"https:\/\/www.adriatiqa.com\/sl\/7-najpogostejsih-jezikov-na-svetu\/","name":"7 najpogostej\u0161ih jezikov na svetu | AdriatIQa Prevodi, prevajalska agencija","isPartOf":{"@id":"https:\/\/www.adriatiqa.com\/sl\/#website"},"datePublished":"2019-01-07T14:24:15+00:00","description":"Razmi\u0161ljate, da bi se nau\u010dili nov tuj jezik? Potem bodo za vas zagotovo najbolj\u0161a izbira jeziki, ki jih govori najve\u010d ljudi na svetu. Katerih 7 prevladuje?","breadcrumb":{"@id":"https:\/\/www.adriatiqa.com\/sl\/7-najpogostejsih-jezikov-na-svetu\/#breadcrumb"},"inLanguage":"sl","potentialAction":[{"@type":"ReadAction","target":["https:\/\/www.adriatiqa.com\/sl\/7-najpogostejsih-jezikov-na-svetu\/"]}]},{"@type":"BreadcrumbList","@id":"https:\/\/www.adriatiqa.com\/sl\/7-najpogostejsih-jezikov-na-svetu\/#breadcrumb","itemListElement":[{"@type":"ListItem","position":1,"name":"Home","item":"https:\/\/www.adriatiqa.com\/sl\/"},{"@type":"ListItem","position":2,"name":"7 najpogostej\u0161ih jezikov na svetu"}]},{"@type":"WebSite","@id":"https:\/\/www.adriatiqa.com\/sl\/#website","url":"https:\/\/www.adriatiqa.com\/sl\/","name":"AdriatIQa Prevodi, prevajalska agencija","description":"Prevajanje, prevod v angle\u0161\u010dino, nem\u0161\u010dino","publisher":{"@id":"https:\/\/www.adriatiqa.com\/sl\/#organization"},"potentialAction":[{"@type":"SearchAction","target":{"@type":"EntryPoint","urlTemplate":"https:\/\/www.adriatiqa.com\/sl\/?s={search_term_string}"},"query-input":{"@type":"PropertyValueSpecification","valueRequired":true,"valueName":"search_term_string"}}],"inLanguage":"sl"},{"@type":"Organization","@id":"https:\/\/www.adriatiqa.com\/sl\/#organization","name":"ATE Globalis d.o.o.","url":"https:\/\/www.adriatiqa.com\/sl\/","logo":{"@type":"ImageObject","inLanguage":"sl","@id":"https:\/\/www.adriatiqa.com\/sl\/#\/schema\/logo\/image\/","url":"https:\/\/www.adriatiqa.com\/wp-content\/uploads\/2012\/11\/adriatiqa-logo.png","contentUrl":"https:\/\/www.adriatiqa.com\/wp-content\/uploads\/2012\/11\/adriatiqa-logo.png","width":297,"height":57,"caption":"ATE Globalis d.o.o."},"image":{"@id":"https:\/\/www.adriatiqa.com\/sl\/#\/schema\/logo\/image\/"},"sameAs":["https:\/\/www.facebook.com\/AdriatIQa","https:\/\/www.linkedin.com\/company\/adriatiqa-translations"]}]}},"_links":{"self":[{"href":"https:\/\/www.adriatiqa.com\/sl\/wp-json\/wp\/v2\/pages\/5002","targetHints":{"allow":["GET"]}}],"collection":[{"href":"https:\/\/www.adriatiqa.com\/sl\/wp-json\/wp\/v2\/pages"}],"about":[{"href":"https:\/\/www.adriatiqa.com\/sl\/wp-json\/wp\/v2\/types\/page"}],"author":[{"embeddable":true,"href":"https:\/\/www.adriatiqa.com\/sl\/wp-json\/wp\/v2\/users\/2"}],"replies":[{"embeddable":true,"href":"https:\/\/www.adriatiqa.com\/sl\/wp-json\/wp\/v2\/comments?post=5002"}],"version-history":[{"count":3,"href":"https:\/\/www.adriatiqa.com\/sl\/wp-json\/wp\/v2\/pages\/5002\/revisions"}],"predecessor-version":[{"id":5006,"href":"https:\/\/www.adriatiqa.com\/sl\/wp-json\/wp\/v2\/pages\/5002\/revisions\/5006"}],"wp:attachment":[{"href":"https:\/\/www.adriatiqa.com\/sl\/wp-json\/wp\/v2\/media?parent=5002"}],"curies":[{"name":"wp","href":"https:\/\/api.w.org\/{rel}","templated":true}]}}