{"id":5050,"date":"2019-03-21T13:12:21","date_gmt":"2019-03-21T12:12:21","guid":{"rendered":"https:\/\/www.adriatiqa.com\/?page_id=5050"},"modified":"2023-10-05T13:23:01","modified_gmt":"2023-10-05T11:23:01","slug":"kako-pravilno-vikamo","status":"publish","type":"page","link":"https:\/\/www.adriatiqa.com\/sl\/kako-pravilno-vikamo\/","title":{"rendered":"Kako pravilno vikamo"},"content":{"rendered":"<p>[vc_column_text width=&#8221;2\/3&#8243; el_position=&#8221;first&#8221;]<\/p>\n<p><b>Vikanje je ena izmed zanimivosti slovenskega jezika, ki jo uporabljamo kot izraz spo\u0161tovanja do sogovornika. \u0160e posebej prav pride seveda v poslovnem svetu in pri uradnih opravkih, ko se sre\u010dujemo z ljudmi, ki jih ne poznamo dobro. Pa ste prepri\u010dani, da znate tudi sami pravilno vikati poslovne partnerje in druge ljudi, s katerimi se sre\u010dujete po \u00bburadni dol\u017enosti\u00ab? Ve\u010dina nas \u017ee misli tako, v praksi pa se pogosto izka\u017ee, da vikanja ne uporabljamo povsem pravilno. Poglejmo torej, kako pravilno vikamo in kako ne \u2026<\/b><\/p>\n<p>&nbsp;<\/p>\n<h4><span style=\"color: #0099cc;\">Osnove<\/span><\/h4>\n<p>Pri vikanju uporabljamo 2. osebo mno\u017eine \u2013 ne glede na to, ali govorimo z eno osebo, dvema ali ve\u010d. Pri tem uporabljamo besede, kot so vi, va\u0161, va\u0161emu, vam itd. Pri tem velja poudariti, da je oblika pri komunikaciji z eno samo osebo samo ena, pri dvojini in mno\u017eini (torej kadar komuniciramo z dvema ali ve\u010d osebami), pa vikanje prilagodimo tudi glede na spol.<\/p>\n<p>\u010ce nagovarjamo dve osebi \u017eenskega spola tako uporabimo denimo vpra\u0161anje \u00bbBosta sedli?\u00ab, pri dveh osebah mo\u0161kega spola pa seveda \u00bbBosta sedla?\u00ab. Kaj pa, \u010de nazivamo eno osebo mo\u0161kega in eno osebo \u017eenskega spola? V tem primeru se uporablja kar mo\u0161ka oblika. Vse jasno, kajne?<\/p>\n<p>&nbsp;<\/p>\n<h4><span style=\"color: #0099cc;\">Raba v praksi<\/span><\/h4>\n<p>V praksi pa (\u017eal) pogosto zasledimo napa\u010dne oblike vikanja, sploh v govorni rabi, vse ve\u010dkrat pa tudi v pisni. Pri tem gre predvsem za primere tako imenovanega \u00bbpolvikanja\u00ab.<\/p>\n<p>Boste povedala?<\/p>\n<p>Kako ste se imela?<\/p>\n<p>Ni\u010d kaj uporabnega niste povedal.<\/p>\n<p>V pisni uporabi jezika je tak\u0161no vikanje seveda povsem napa\u010dno, v govorni uporabi pa ga v praksi pogosto toleriramo, \u010deprav bi se seveda vsi skupaj morali truditi, da ga uporabljamo v skladu s pravili in normami slovenskega jezika. Pri poslovni komunikaciji (tako pisni kot tudi govorni) se zgoraj omenjeni napa\u010dni uporabi raje izogibajte, saj lahko, sploh v zelo uradnih situacijah, hitro naredite neprofesionalen vtis.<\/p>\n<p>&nbsp;<\/p>\n<h4><span style=\"color: #0099cc;\">Kaj pa pisanje z veliko za\u010detnico?<\/span><\/h4>\n<p>Pri pisni komunikaciji prek e-sporo\u010dil ali pa v razli\u010dnih tiskanih promocijskih materialih pogosto zasledimo veliko za\u010detnico pri uporabi vikanja.<\/p>\n<p>\u010caka Vas posebna prilo\u017enost!<\/p>\n<p>Vam in vsem Va\u0161im \u017eelimo vse dobro.<\/p>\n<p>Ker nam Va\u0161e mnenje veliko pomeni \u2026<\/p>\n<p>Ta nekoliko nenavadna (vsaj kar se ti\u010de obi\u010dajnih slovni\u010dnih pravil o rabi velike za\u010detnice) raba se je uveljavila kot izraz dodatnega spo\u0161tovanja, ki jo dovoljuje tudi Slovenski pravopis. V vsakdanji sodobni jezikovni rabi pa se vse bolj uporablja zapis z malo za\u010detnico, ki ga Pravopis prav tako seveda dovoljuje. Pri tem pa je treba poudariti, da spo\u0161tovanje pri uporabi male za\u010detnice seveda ni ni\u010d manj\u0161e.<\/p>\n<p>Sodobna raba jezika torej ka\u017ee bolj na uporabo male za\u010detnice, lahko pa uporabljate tudi veliko, \u010de vam je tako bolj pri srcu. Le bodite dosledni pri rabi. \u010ce torej enkrat v pisnem besedilu uporabite veliko za\u010detnico pri vikanju, jo uporabljajte v celotnem besedilu.<\/p>\n<p>&nbsp;<\/p>\n<p>[\/vc_column_text] [vc_single_image image=&#8221;4692&#8243; img_size=&#8221;full&#8221; img_link_target=&#8221;pphoto&#8221; width=&#8221;1\/3&#8243; el_position=&#8221;last&#8221;]<\/p>\n","protected":false},"excerpt":{"rendered":"<p>[vc_column_text width=&#8221;2\/3&#8243; el_position=&#8221;first&#8221;] Vikanje je ena izmed zanimivosti slovenskega jezika, ki jo uporabljamo kot izraz spo\u0161tovanja do sogovornika. \u0160e posebej&#8230;<\/p>\n","protected":false},"author":2,"featured_media":0,"parent":0,"menu_order":0,"comment_status":"closed","ping_status":"closed","template":"","meta":{"footnotes":""},"class_list":["post-5050","page","type-page","status-publish"],"yoast_head":"<!-- This site is optimized with the Yoast SEO plugin v27.5 - https:\/\/yoast.com\/product\/yoast-seo-wordpress\/ -->\n<title>Kako pravilno vikamo | AdriatIQa Prevodi, prevajalska agencija<\/title>\n<meta name=\"description\" content=\"Vikanje je ena izmed zanimivosti slovenskega jezika, ki jo uporabljamo kot izraz spo\u0161tovanja do sogovornika. Ste prepri\u010dani, da znate pravilno vikati?\" \/>\n<meta name=\"robots\" content=\"index, follow, max-snippet:-1, max-image-preview:large, max-video-preview:-1\" \/>\n<link rel=\"canonical\" href=\"https:\/\/www.adriatiqa.com\/sl\/kako-pravilno-vikamo\/\" \/>\n<meta name=\"twitter:label1\" content=\"Est. reading time\" \/>\n\t<meta name=\"twitter:data1\" content=\"3 minutes\" \/>\n<script type=\"application\/ld+json\" class=\"yoast-schema-graph\">{\"@context\":\"https:\\\/\\\/schema.org\",\"@graph\":[{\"@type\":\"WebPage\",\"@id\":\"https:\\\/\\\/www.adriatiqa.com\\\/sl\\\/kako-pravilno-vikamo\\\/\",\"url\":\"https:\\\/\\\/www.adriatiqa.com\\\/sl\\\/kako-pravilno-vikamo\\\/\",\"name\":\"Kako pravilno vikamo | AdriatIQa Prevodi, prevajalska agencija\",\"isPartOf\":{\"@id\":\"https:\\\/\\\/www.adriatiqa.com\\\/sl\\\/#website\"},\"datePublished\":\"2019-03-21T12:12:21+00:00\",\"dateModified\":\"2023-10-05T11:23:01+00:00\",\"description\":\"Vikanje je ena izmed zanimivosti slovenskega jezika, ki jo uporabljamo kot izraz spo\u0161tovanja do sogovornika. Ste prepri\u010dani, da znate pravilno vikati?\",\"breadcrumb\":{\"@id\":\"https:\\\/\\\/www.adriatiqa.com\\\/sl\\\/kako-pravilno-vikamo\\\/#breadcrumb\"},\"inLanguage\":\"sl\",\"potentialAction\":[{\"@type\":\"ReadAction\",\"target\":[\"https:\\\/\\\/www.adriatiqa.com\\\/sl\\\/kako-pravilno-vikamo\\\/\"]}]},{\"@type\":\"BreadcrumbList\",\"@id\":\"https:\\\/\\\/www.adriatiqa.com\\\/sl\\\/kako-pravilno-vikamo\\\/#breadcrumb\",\"itemListElement\":[{\"@type\":\"ListItem\",\"position\":1,\"name\":\"Home\",\"item\":\"https:\\\/\\\/www.adriatiqa.com\\\/sl\\\/\"},{\"@type\":\"ListItem\",\"position\":2,\"name\":\"Kako pravilno vikamo\"}]},{\"@type\":\"WebSite\",\"@id\":\"https:\\\/\\\/www.adriatiqa.com\\\/sl\\\/#website\",\"url\":\"https:\\\/\\\/www.adriatiqa.com\\\/sl\\\/\",\"name\":\"AdriatIQa Prevodi, prevajalska agencija\",\"description\":\"Prevajanje, prevod v angle\u0161\u010dino, nem\u0161\u010dino\",\"publisher\":{\"@id\":\"https:\\\/\\\/www.adriatiqa.com\\\/sl\\\/#organization\"},\"potentialAction\":[{\"@type\":\"SearchAction\",\"target\":{\"@type\":\"EntryPoint\",\"urlTemplate\":\"https:\\\/\\\/www.adriatiqa.com\\\/sl\\\/?s={search_term_string}\"},\"query-input\":{\"@type\":\"PropertyValueSpecification\",\"valueRequired\":true,\"valueName\":\"search_term_string\"}}],\"inLanguage\":\"sl\"},{\"@type\":\"Organization\",\"@id\":\"https:\\\/\\\/www.adriatiqa.com\\\/sl\\\/#organization\",\"name\":\"ATE Globalis d.o.o.\",\"url\":\"https:\\\/\\\/www.adriatiqa.com\\\/sl\\\/\",\"logo\":{\"@type\":\"ImageObject\",\"inLanguage\":\"sl\",\"@id\":\"https:\\\/\\\/www.adriatiqa.com\\\/sl\\\/#\\\/schema\\\/logo\\\/image\\\/\",\"url\":\"https:\\\/\\\/www.adriatiqa.com\\\/wp-content\\\/uploads\\\/2012\\\/11\\\/adriatiqa-logo.png\",\"contentUrl\":\"https:\\\/\\\/www.adriatiqa.com\\\/wp-content\\\/uploads\\\/2012\\\/11\\\/adriatiqa-logo.png\",\"width\":297,\"height\":57,\"caption\":\"ATE Globalis d.o.o.\"},\"image\":{\"@id\":\"https:\\\/\\\/www.adriatiqa.com\\\/sl\\\/#\\\/schema\\\/logo\\\/image\\\/\"},\"sameAs\":[\"https:\\\/\\\/www.facebook.com\\\/AdriatIQa\",\"https:\\\/\\\/www.linkedin.com\\\/company\\\/adriatiqa-translations\"]}]}<\/script>\n<!-- \/ Yoast SEO plugin. -->","yoast_head_json":{"title":"Kako pravilno vikamo | AdriatIQa Prevodi, prevajalska agencija","description":"Vikanje je ena izmed zanimivosti slovenskega jezika, ki jo uporabljamo kot izraz spo\u0161tovanja do sogovornika. Ste prepri\u010dani, da znate pravilno vikati?","robots":{"index":"index","follow":"follow","max-snippet":"max-snippet:-1","max-image-preview":"max-image-preview:large","max-video-preview":"max-video-preview:-1"},"canonical":"https:\/\/www.adriatiqa.com\/sl\/kako-pravilno-vikamo\/","twitter_misc":{"Est. reading time":"3 minutes"},"schema":{"@context":"https:\/\/schema.org","@graph":[{"@type":"WebPage","@id":"https:\/\/www.adriatiqa.com\/sl\/kako-pravilno-vikamo\/","url":"https:\/\/www.adriatiqa.com\/sl\/kako-pravilno-vikamo\/","name":"Kako pravilno vikamo | AdriatIQa Prevodi, prevajalska agencija","isPartOf":{"@id":"https:\/\/www.adriatiqa.com\/sl\/#website"},"datePublished":"2019-03-21T12:12:21+00:00","dateModified":"2023-10-05T11:23:01+00:00","description":"Vikanje je ena izmed zanimivosti slovenskega jezika, ki jo uporabljamo kot izraz spo\u0161tovanja do sogovornika. Ste prepri\u010dani, da znate pravilno vikati?","breadcrumb":{"@id":"https:\/\/www.adriatiqa.com\/sl\/kako-pravilno-vikamo\/#breadcrumb"},"inLanguage":"sl","potentialAction":[{"@type":"ReadAction","target":["https:\/\/www.adriatiqa.com\/sl\/kako-pravilno-vikamo\/"]}]},{"@type":"BreadcrumbList","@id":"https:\/\/www.adriatiqa.com\/sl\/kako-pravilno-vikamo\/#breadcrumb","itemListElement":[{"@type":"ListItem","position":1,"name":"Home","item":"https:\/\/www.adriatiqa.com\/sl\/"},{"@type":"ListItem","position":2,"name":"Kako pravilno vikamo"}]},{"@type":"WebSite","@id":"https:\/\/www.adriatiqa.com\/sl\/#website","url":"https:\/\/www.adriatiqa.com\/sl\/","name":"AdriatIQa Prevodi, prevajalska agencija","description":"Prevajanje, prevod v angle\u0161\u010dino, nem\u0161\u010dino","publisher":{"@id":"https:\/\/www.adriatiqa.com\/sl\/#organization"},"potentialAction":[{"@type":"SearchAction","target":{"@type":"EntryPoint","urlTemplate":"https:\/\/www.adriatiqa.com\/sl\/?s={search_term_string}"},"query-input":{"@type":"PropertyValueSpecification","valueRequired":true,"valueName":"search_term_string"}}],"inLanguage":"sl"},{"@type":"Organization","@id":"https:\/\/www.adriatiqa.com\/sl\/#organization","name":"ATE Globalis d.o.o.","url":"https:\/\/www.adriatiqa.com\/sl\/","logo":{"@type":"ImageObject","inLanguage":"sl","@id":"https:\/\/www.adriatiqa.com\/sl\/#\/schema\/logo\/image\/","url":"https:\/\/www.adriatiqa.com\/wp-content\/uploads\/2012\/11\/adriatiqa-logo.png","contentUrl":"https:\/\/www.adriatiqa.com\/wp-content\/uploads\/2012\/11\/adriatiqa-logo.png","width":297,"height":57,"caption":"ATE Globalis d.o.o."},"image":{"@id":"https:\/\/www.adriatiqa.com\/sl\/#\/schema\/logo\/image\/"},"sameAs":["https:\/\/www.facebook.com\/AdriatIQa","https:\/\/www.linkedin.com\/company\/adriatiqa-translations"]}]}},"_links":{"self":[{"href":"https:\/\/www.adriatiqa.com\/sl\/wp-json\/wp\/v2\/pages\/5050","targetHints":{"allow":["GET"]}}],"collection":[{"href":"https:\/\/www.adriatiqa.com\/sl\/wp-json\/wp\/v2\/pages"}],"about":[{"href":"https:\/\/www.adriatiqa.com\/sl\/wp-json\/wp\/v2\/types\/page"}],"author":[{"embeddable":true,"href":"https:\/\/www.adriatiqa.com\/sl\/wp-json\/wp\/v2\/users\/2"}],"replies":[{"embeddable":true,"href":"https:\/\/www.adriatiqa.com\/sl\/wp-json\/wp\/v2\/comments?post=5050"}],"version-history":[{"count":2,"href":"https:\/\/www.adriatiqa.com\/sl\/wp-json\/wp\/v2\/pages\/5050\/revisions"}],"predecessor-version":[{"id":5052,"href":"https:\/\/www.adriatiqa.com\/sl\/wp-json\/wp\/v2\/pages\/5050\/revisions\/5052"}],"wp:attachment":[{"href":"https:\/\/www.adriatiqa.com\/sl\/wp-json\/wp\/v2\/media?parent=5050"}],"curies":[{"name":"wp","href":"https:\/\/api.w.org\/{rel}","templated":true}]}}