{"id":5082,"date":"2019-05-20T12:45:43","date_gmt":"2019-05-20T10:45:43","guid":{"rendered":"https:\/\/www.adriatiqa.com\/?page_id=5082"},"modified":"2019-05-20T12:45:43","modified_gmt":"2019-05-20T10:45:43","slug":"6-odlicnih-idej-za-znizevanje-stroskov-prevodov","status":"publish","type":"page","link":"https:\/\/www.adriatiqa.com\/sl\/6-odlicnih-idej-za-znizevanje-stroskov-prevodov\/","title":{"rendered":"6 odli\u010dnih idej za zni\u017eevanje stro\u0161kov prevodov"},"content":{"rendered":"<p>[vc_column_text width=&#8221;2\/3&#8243; el_position=&#8221;first&#8221;]<\/p>\n<p><b>Ali v podjetju spet potrebujete prevode gore besedil, pa vas \u017ee vnaprej skrbijo stro\u0161ki? Hja, kakovostni in uporabni prevodi pa\u010d imajo svojo ceno. Je pa seveda res, da lahko te stro\u0161ke nekoliko zni\u017eate tudi sami, \u010de se vsega skupaj lotite premi\u0161ljeno. Predstavljamo vam 6 idej, s pomo\u010djo katerih lahko morda zni\u017eate stro\u0161ke prevodov va\u0161ega podjetja.<\/b><\/p>\n<p>&nbsp;<\/p>\n<h4><span style=\"color: #0099cc;\">Zvestoba se v\u010dasih spla\u010da<\/span><\/h4>\n<p>Pri iskanju ponudnika prevajalskih storitev je seveda dobro primerjati ponudbe ve\u010d prevajalskih agencij, vendar naj va\u0161e glavno vodilo nikar ne bo, da vedno izberete najcenej\u0161ega. Zakaj, boste izvedeli v nadaljevanju \u010dlanka.<\/p>\n<p>A to pravilo ima tudi izjemo. Pogosto se namre\u010d izka\u017ee, da ima zvestoba eni prevajalski agenciji svoje prednosti, ki so tudi finan\u010dne narave. Pogosta naro\u010dila ali celo sklenitev letne pogodbe za storitve <a href=\"https:\/\/www.adriatiqa.com\/sl\/prevajanje\/\">prevajanja<\/a> lahko zagotovijo ceno, ki je povsem primerljiva tudi z najugodnej\u0161imi ponudniki.<\/p>\n<p>&nbsp;<\/p>\n<h4><span style=\"color: #0099cc;\">Ne izbirajte le po ceni<\/span><\/h4>\n<p>Z najcenej\u0161im ponudnikom boste prihranili najve\u010d, torej je to edina logi\u010dna izbira, \u010de vas skrbijo stro\u0161ki, kajne? \u017dal ne. Najcenej\u0161i ponudnik se pogosto izka\u017ee tudi kot manj kakovosten, kar pomeni, da lahko za prevode na koncu pla\u010date \u0161e ve\u010d kot bi, \u010de bi izbrali najdra\u017ejega ponudnika. Napake pri prevodih namre\u010d prina\u0161ajo dodatne stro\u0161ke in pa tudi zamude, ki \u0161e nadalje prinesejo ve\u010d stro\u0161kov in morebiti tudi izgubljene poslovne prilo\u017enosti.<\/p>\n<p>Vse zgoraj povedano pa seveda ne pomeni, da je cenej\u0161i ponudnik nujno tudi slab\u0161i. Bistvo je v tem, da ne pustite, da vas vodi samo cena, temve\u010d da ceno pove\u017eete tudi z izku\u0161njami, referencami in znanjem ponudnika, morda tudi s certifikati <a href=\"https:\/\/www.adriatiqa.com\/sl\/kakovost\/\">kakovosti<\/a>, nato pa najdete najbolj\u0161o kombinacijo vseh.<\/p>\n<p>&nbsp;<\/p>\n<h4><span style=\"color: #0099cc;\">Vso potrebno dokumentacijo pripravite skrbno in vnaprej<\/span><\/h4>\n<p>Govorimo o slovarjih izrazov, slogovnih vodi\u010dih, kreativnih brifih in podobnih dokumentih, ki jih naro\u010dnik obi\u010dajno pripravi za prevajalce. Seveda z namenom, da lahko le-ti bolj kakovostno in hitreje opravijo svoje delo, s tem pa seveda minimalizirajo svoje in naro\u010dnikove stro\u0161ke.<\/p>\n<p>&nbsp;<\/p>\n<h4><span style=\"color: #0099cc;\">V proces prevoda vklju\u010dite ljudi iz svojega podjetja<\/span><\/h4>\n<p>To ne pomeni, da jih morate za nekaj dni ali tednov poslati na izbrano prevajalsko agencijo, kjer bodo opravljali delo namesto prevajalcev, temve\u010d to, da so ves \u010das v kontaktu s prevajalci oziroma skrbnikom strank na agenciji, tako da lahko sproti spremljajo napredek ter razre\u0161ujejo morebitne te\u017eave in nejasnosti. Tako boste spet zmanj\u0161ali mo\u017enost za napake in zamude ter posledi\u010dno prihranili denar.<\/p>\n<p>&nbsp;<\/p>\n<h4><span style=\"color: #0099cc;\">Optimizirajte vsebine, ki jih je treba prevesti<\/span><\/h4>\n<p>\u0160e preden prevajalcem po\u0161ljete besedila v prevod, jih lahko znotraj podjetja najprej optimizirate, tako da bodo besedila kraj\u0161a, s tem pa bo manj\u0161i tudi kon\u010dni stro\u0161ek. Ne boste verjeli, kako pogosto se zgodi, da podjetja (sploh ve\u010dja podjetja) v prevod po\u0161iljajo vsebine, ki jih dejansko sploh ne potrebujejo \u2026<\/p>\n<h4><\/h4>\n<h4><span style=\"color: #0099cc;\">Prevode naro\u010dite dovolj hitro<\/span><\/h4>\n<p>Zelo pogosto se zgodi, da podjetja prevode nujno potrebujejo tako reko\u010d z danes na jutri. V\u010dasih se temu ob hitrem tempu sodobnega poslovnega sveta sicer ne da izogniti, \u0161e precej ve\u010dkrat pa je razlog v tem, da podjetja sama zapravljajo \u010das, prevode pa nato res potrebujejo nujno. Kot najbr\u017e \u017ee veste, prevajalske agencije prevode na kratki rok zara\u010dunajo po precej vi\u0161ji postavki (tudi do 50 % vi\u0161ji ali \u0161e ve\u010d), saj morajo v takih primerih seveda na stranski tir postaviti druge projekte oziroma od svojih prevajalcev zahtevati dalj\u0161i delovni \u010das. S pravo\u010dasnim naro\u010dilom boste torej zlahka poskrbeli, da cene prevodov ostanejo ni\u017eje.<\/p>\n<p>&nbsp;<\/p>\n<p>[\/vc_column_text] [vc_single_image image=&#8221;4172&#8243; img_size=&#8221;full&#8221; img_link_target=&#8221;pphoto&#8221; width=&#8221;1\/3&#8243; el_position=&#8221;last&#8221;]<\/p>\n","protected":false},"excerpt":{"rendered":"<p>[vc_column_text width=&#8221;2\/3&#8243; el_position=&#8221;first&#8221;] Ali v podjetju spet potrebujete prevode gore besedil, pa vas \u017ee vnaprej skrbijo stro\u0161ki? Hja, kakovostni in&#8230;<\/p>\n","protected":false},"author":2,"featured_media":0,"parent":0,"menu_order":0,"comment_status":"closed","ping_status":"closed","template":"","meta":{"footnotes":""},"class_list":["post-5082","page","type-page","status-publish"],"yoast_head":"<!-- This site is optimized with the Yoast SEO plugin v27.5 - https:\/\/yoast.com\/product\/yoast-seo-wordpress\/ -->\n<title>6 odli\u010dnih idej za zni\u017eevanje stro\u0161kov prevodov | AdriatIQa Prevodi, prevajalska agencija<\/title>\n<meta name=\"description\" content=\"Kakovostni prevodi imajo svojo ceno. Preverite pa lahko 6 idej za zni\u017eevanje stro\u0161kov prevodov, s pomo\u010djo katerih lahko morda te stro\u0161ke nekoliko zni\u017eate.\" \/>\n<meta name=\"robots\" content=\"index, follow, max-snippet:-1, max-image-preview:large, max-video-preview:-1\" \/>\n<link rel=\"canonical\" href=\"https:\/\/www.adriatiqa.com\/sl\/6-odlicnih-idej-za-znizevanje-stroskov-prevodov\/\" \/>\n<meta name=\"twitter:label1\" content=\"Est. reading time\" \/>\n\t<meta name=\"twitter:data1\" content=\"3 minutes\" \/>\n<script type=\"application\/ld+json\" class=\"yoast-schema-graph\">{\"@context\":\"https:\\\/\\\/schema.org\",\"@graph\":[{\"@type\":\"WebPage\",\"@id\":\"https:\\\/\\\/www.adriatiqa.com\\\/sl\\\/6-odlicnih-idej-za-znizevanje-stroskov-prevodov\\\/\",\"url\":\"https:\\\/\\\/www.adriatiqa.com\\\/sl\\\/6-odlicnih-idej-za-znizevanje-stroskov-prevodov\\\/\",\"name\":\"6 odli\u010dnih idej za zni\u017eevanje stro\u0161kov prevodov | AdriatIQa Prevodi, prevajalska agencija\",\"isPartOf\":{\"@id\":\"https:\\\/\\\/www.adriatiqa.com\\\/sl\\\/#website\"},\"datePublished\":\"2019-05-20T10:45:43+00:00\",\"description\":\"Kakovostni prevodi imajo svojo ceno. Preverite pa lahko 6 idej za zni\u017eevanje stro\u0161kov prevodov, s pomo\u010djo katerih lahko morda te stro\u0161ke nekoliko zni\u017eate.\",\"breadcrumb\":{\"@id\":\"https:\\\/\\\/www.adriatiqa.com\\\/sl\\\/6-odlicnih-idej-za-znizevanje-stroskov-prevodov\\\/#breadcrumb\"},\"inLanguage\":\"sl\",\"potentialAction\":[{\"@type\":\"ReadAction\",\"target\":[\"https:\\\/\\\/www.adriatiqa.com\\\/sl\\\/6-odlicnih-idej-za-znizevanje-stroskov-prevodov\\\/\"]}]},{\"@type\":\"BreadcrumbList\",\"@id\":\"https:\\\/\\\/www.adriatiqa.com\\\/sl\\\/6-odlicnih-idej-za-znizevanje-stroskov-prevodov\\\/#breadcrumb\",\"itemListElement\":[{\"@type\":\"ListItem\",\"position\":1,\"name\":\"Home\",\"item\":\"https:\\\/\\\/www.adriatiqa.com\\\/sl\\\/\"},{\"@type\":\"ListItem\",\"position\":2,\"name\":\"6 odli\u010dnih idej za zni\u017eevanje stro\u0161kov prevodov\"}]},{\"@type\":\"WebSite\",\"@id\":\"https:\\\/\\\/www.adriatiqa.com\\\/sl\\\/#website\",\"url\":\"https:\\\/\\\/www.adriatiqa.com\\\/sl\\\/\",\"name\":\"AdriatIQa Prevodi, prevajalska agencija\",\"description\":\"Prevajanje, prevod v angle\u0161\u010dino, nem\u0161\u010dino\",\"publisher\":{\"@id\":\"https:\\\/\\\/www.adriatiqa.com\\\/sl\\\/#organization\"},\"potentialAction\":[{\"@type\":\"SearchAction\",\"target\":{\"@type\":\"EntryPoint\",\"urlTemplate\":\"https:\\\/\\\/www.adriatiqa.com\\\/sl\\\/?s={search_term_string}\"},\"query-input\":{\"@type\":\"PropertyValueSpecification\",\"valueRequired\":true,\"valueName\":\"search_term_string\"}}],\"inLanguage\":\"sl\"},{\"@type\":\"Organization\",\"@id\":\"https:\\\/\\\/www.adriatiqa.com\\\/sl\\\/#organization\",\"name\":\"ATE Globalis d.o.o.\",\"url\":\"https:\\\/\\\/www.adriatiqa.com\\\/sl\\\/\",\"logo\":{\"@type\":\"ImageObject\",\"inLanguage\":\"sl\",\"@id\":\"https:\\\/\\\/www.adriatiqa.com\\\/sl\\\/#\\\/schema\\\/logo\\\/image\\\/\",\"url\":\"https:\\\/\\\/www.adriatiqa.com\\\/wp-content\\\/uploads\\\/2012\\\/11\\\/adriatiqa-logo.png\",\"contentUrl\":\"https:\\\/\\\/www.adriatiqa.com\\\/wp-content\\\/uploads\\\/2012\\\/11\\\/adriatiqa-logo.png\",\"width\":297,\"height\":57,\"caption\":\"ATE Globalis d.o.o.\"},\"image\":{\"@id\":\"https:\\\/\\\/www.adriatiqa.com\\\/sl\\\/#\\\/schema\\\/logo\\\/image\\\/\"},\"sameAs\":[\"https:\\\/\\\/www.facebook.com\\\/AdriatIQa\",\"https:\\\/\\\/www.linkedin.com\\\/company\\\/adriatiqa-translations\"]}]}<\/script>\n<!-- \/ Yoast SEO plugin. -->","yoast_head_json":{"title":"6 odli\u010dnih idej za zni\u017eevanje stro\u0161kov prevodov | AdriatIQa Prevodi, prevajalska agencija","description":"Kakovostni prevodi imajo svojo ceno. Preverite pa lahko 6 idej za zni\u017eevanje stro\u0161kov prevodov, s pomo\u010djo katerih lahko morda te stro\u0161ke nekoliko zni\u017eate.","robots":{"index":"index","follow":"follow","max-snippet":"max-snippet:-1","max-image-preview":"max-image-preview:large","max-video-preview":"max-video-preview:-1"},"canonical":"https:\/\/www.adriatiqa.com\/sl\/6-odlicnih-idej-za-znizevanje-stroskov-prevodov\/","twitter_misc":{"Est. reading time":"3 minutes"},"schema":{"@context":"https:\/\/schema.org","@graph":[{"@type":"WebPage","@id":"https:\/\/www.adriatiqa.com\/sl\/6-odlicnih-idej-za-znizevanje-stroskov-prevodov\/","url":"https:\/\/www.adriatiqa.com\/sl\/6-odlicnih-idej-za-znizevanje-stroskov-prevodov\/","name":"6 odli\u010dnih idej za zni\u017eevanje stro\u0161kov prevodov | AdriatIQa Prevodi, prevajalska agencija","isPartOf":{"@id":"https:\/\/www.adriatiqa.com\/sl\/#website"},"datePublished":"2019-05-20T10:45:43+00:00","description":"Kakovostni prevodi imajo svojo ceno. Preverite pa lahko 6 idej za zni\u017eevanje stro\u0161kov prevodov, s pomo\u010djo katerih lahko morda te stro\u0161ke nekoliko zni\u017eate.","breadcrumb":{"@id":"https:\/\/www.adriatiqa.com\/sl\/6-odlicnih-idej-za-znizevanje-stroskov-prevodov\/#breadcrumb"},"inLanguage":"sl","potentialAction":[{"@type":"ReadAction","target":["https:\/\/www.adriatiqa.com\/sl\/6-odlicnih-idej-za-znizevanje-stroskov-prevodov\/"]}]},{"@type":"BreadcrumbList","@id":"https:\/\/www.adriatiqa.com\/sl\/6-odlicnih-idej-za-znizevanje-stroskov-prevodov\/#breadcrumb","itemListElement":[{"@type":"ListItem","position":1,"name":"Home","item":"https:\/\/www.adriatiqa.com\/sl\/"},{"@type":"ListItem","position":2,"name":"6 odli\u010dnih idej za zni\u017eevanje stro\u0161kov prevodov"}]},{"@type":"WebSite","@id":"https:\/\/www.adriatiqa.com\/sl\/#website","url":"https:\/\/www.adriatiqa.com\/sl\/","name":"AdriatIQa Prevodi, prevajalska agencija","description":"Prevajanje, prevod v angle\u0161\u010dino, nem\u0161\u010dino","publisher":{"@id":"https:\/\/www.adriatiqa.com\/sl\/#organization"},"potentialAction":[{"@type":"SearchAction","target":{"@type":"EntryPoint","urlTemplate":"https:\/\/www.adriatiqa.com\/sl\/?s={search_term_string}"},"query-input":{"@type":"PropertyValueSpecification","valueRequired":true,"valueName":"search_term_string"}}],"inLanguage":"sl"},{"@type":"Organization","@id":"https:\/\/www.adriatiqa.com\/sl\/#organization","name":"ATE Globalis d.o.o.","url":"https:\/\/www.adriatiqa.com\/sl\/","logo":{"@type":"ImageObject","inLanguage":"sl","@id":"https:\/\/www.adriatiqa.com\/sl\/#\/schema\/logo\/image\/","url":"https:\/\/www.adriatiqa.com\/wp-content\/uploads\/2012\/11\/adriatiqa-logo.png","contentUrl":"https:\/\/www.adriatiqa.com\/wp-content\/uploads\/2012\/11\/adriatiqa-logo.png","width":297,"height":57,"caption":"ATE Globalis d.o.o."},"image":{"@id":"https:\/\/www.adriatiqa.com\/sl\/#\/schema\/logo\/image\/"},"sameAs":["https:\/\/www.facebook.com\/AdriatIQa","https:\/\/www.linkedin.com\/company\/adriatiqa-translations"]}]}},"_links":{"self":[{"href":"https:\/\/www.adriatiqa.com\/sl\/wp-json\/wp\/v2\/pages\/5082","targetHints":{"allow":["GET"]}}],"collection":[{"href":"https:\/\/www.adriatiqa.com\/sl\/wp-json\/wp\/v2\/pages"}],"about":[{"href":"https:\/\/www.adriatiqa.com\/sl\/wp-json\/wp\/v2\/types\/page"}],"author":[{"embeddable":true,"href":"https:\/\/www.adriatiqa.com\/sl\/wp-json\/wp\/v2\/users\/2"}],"replies":[{"embeddable":true,"href":"https:\/\/www.adriatiqa.com\/sl\/wp-json\/wp\/v2\/comments?post=5082"}],"version-history":[{"count":2,"href":"https:\/\/www.adriatiqa.com\/sl\/wp-json\/wp\/v2\/pages\/5082\/revisions"}],"predecessor-version":[{"id":5084,"href":"https:\/\/www.adriatiqa.com\/sl\/wp-json\/wp\/v2\/pages\/5082\/revisions\/5084"}],"wp:attachment":[{"href":"https:\/\/www.adriatiqa.com\/sl\/wp-json\/wp\/v2\/media?parent=5082"}],"curies":[{"name":"wp","href":"https:\/\/api.w.org\/{rel}","templated":true}]}}