{"id":5138,"date":"2019-08-26T11:47:51","date_gmt":"2019-08-26T09:47:51","guid":{"rendered":"https:\/\/www.adriatiqa.com\/?page_id=5138"},"modified":"2019-08-26T11:47:51","modified_gmt":"2019-08-26T09:47:51","slug":"5-korakov-s-pomocjo-katerih-bo-proces-prevajanja-se-hitrejsi","status":"publish","type":"page","link":"https:\/\/www.adriatiqa.com\/sl\/5-korakov-s-pomocjo-katerih-bo-proces-prevajanja-se-hitrejsi\/","title":{"rendered":"5 korakov, s pomo\u010djo katerih bo proces prevajanja \u0161e hitrej\u0161i"},"content":{"rendered":"<p>[vc_column_text width=&#8221;2\/3&#8243; el_position=&#8221;first&#8221;]<\/p>\n<p><b>Dandanes se nam vsem in povsod (in vedno) mudi. Doma, v trgovini, na dopustu, v slu\u017ebi in seveda tudi pri \u010dakanju na prevode besedil, ki smo jih zaupali strokovnjakom. Pa ste vedeli, da vsakodnevno preganjanje prevajalcev po telefonu in e-po\u0161ti ne bo pospe\u0161ilo procesa, temve\u010d ga le upo\u010dasnilo? Profesionalni prevajalci bodo delo v vsakem primeru kon\u010dali do dogovorjenega roka. Je pa res, da lahko ta rok tudi sami skraj\u0161ate tako, da prevajalcem \u017ee v za\u010detku olaj\u0161ate delo. Predstavljamo vam 5 korakov, s pomo\u010djo katerih bo proces prevajanja \u0161e hitrej\u0161i.<\/b><\/p>\n<p>&nbsp;<\/p>\n<h4><span style=\"color: #0099cc;\">#1: Izvorna besedila naj bodo vrhunska<\/span><\/h4>\n<p>Dobra in profesionalna besedila je precej la\u017eje prevajati kot pomanjkljiva besedila, kar seveda tudi pomeni, da prevod traja manj \u010dasa. Dobra izvorna besedila so jasna, jezikovno ustrezna in kulturno nesporna. To pomeni tudi, da naj vsebujejo \u010dim manj \u017eargona, lokalnih izrazov in kulturnih referenc \u2013 \u010de je to le mogo\u010de in sploh smiselno glede na namen besedila, se razume.<\/p>\n<p>&nbsp;<\/p>\n<h4><span style=\"color: #0099cc;\">#2: Pripravite besedila na lokalizacijo<\/span><\/h4>\n<p>Kaj pa je to tak\u0161nega? Hja, zapleti in zamude lahko nastanejo predvsem pri razli\u010dnih vrstah datotek in formatih, ki jih prevajalci ne morejo odpreti ali pa denimo iz njih te\u017eko kopirajo tekst iz raznih grafi\u010dnih elementov. \u010ce \u017eelite prevod kar se da hitro, se s prevajalci \u017ee vnaprej dogovorite, v kak\u0161nem formatu jim boste poslali besedila.<\/p>\n<p>&nbsp;<\/p>\n<h4><span style=\"color: #0099cc;\">#3: Pripravite slovar izrazov<\/span><\/h4>\n<p>Pri svojem delu se sre\u010dujete z dolo\u010denimi strokovnimi izrazi, ki so vam precej bolje poznani kot prevajalcem. Seveda, saj ste vendar vi strokovnjak za svoje podro\u010dje, prevajalec pa je strokovnjak za jezike. Dober <a href=\"https:\/\/www.adriatiqa.com\/sl\/o-nas\/prevajalci\/\">prevajalec<\/a> bo sicer tudi sam seveda na\u0161el ustrezne prevode za vse zahtevne izraze va\u0161e stroke, vendar pa mu boste delo precej olaj\u0161ali in &#8211; \u0161e pomembneje za vas \u2013 ga pohitrili, \u010de mu pripravite slovar izrazov.<\/p>\n<p>&nbsp;<\/p>\n<h4><span style=\"color: #0099cc;\">#4: Prevajalcem po\u0161ljite kon\u010dno verzijo besedila, ki ga \u017eelite prevesti<\/span><\/h4>\n<p>V praksi se namre\u010d velikokrat zgodi, da naro\u010dniki najprej po\u0161ljejo eno besedilo, \u010dez nekaj dni besedilo s popravki, nato pa se kasneje morda spomnijo \u0161e, da bi besedilu nekaj dodali. Vse to seveda podalj\u0161uje proces <a href=\"https:\/\/www.adriatiqa.com\/sl\/prevajanje\/\">prevajanja<\/a>, saj morajo prevajalci ve\u010dkrat skozi isto fazo prevoda.<\/p>\n<p>&nbsp;<\/p>\n<h4><span style=\"color: #0099cc;\">#5: Organizirajte celoten proces<\/span><\/h4>\n<p>Celoten proces prevajanja ne vklju\u010duje le dejanskega prevajanja, temve\u010d \u0161e mnoge podporne aktivnosti, kot so denimo priprava besedil, po\u0161iljanje prevajalcem, pregledovanje ter potrjevanje prevodov in sprotna komunikacija s prevajalci. \u010ce \u0161e pred samim za\u010detkom prevajanja jasno opredelite, kdo v va\u0161em podjetju bo odgovoren za dolo\u010deno aktivnost v procesu prevajanja \u2013 in to jasno poveste tudi prevajalcem, lahko prihranite ogromno \u010dasa, energije in konec koncev tudi denarja.<\/p>\n<p>[\/vc_column_text] [vc_single_image image=&#8221;5139&#8243; img_size=&#8221;full&#8221; img_link_target=&#8221;pphoto&#8221; width=&#8221;1\/3&#8243; el_position=&#8221;last&#8221;]<\/p>\n","protected":false},"excerpt":{"rendered":"<p>[vc_column_text width=&#8221;2\/3&#8243; el_position=&#8221;first&#8221;] Dandanes se nam vsem in povsod (in vedno) mudi. Doma, v trgovini, na dopustu, v slu\u017ebi in&#8230;<\/p>\n","protected":false},"author":2,"featured_media":0,"parent":0,"menu_order":0,"comment_status":"closed","ping_status":"closed","template":"","meta":{"footnotes":""},"class_list":["post-5138","page","type-page","status-publish"],"yoast_head":"<!-- This site is optimized with the Yoast SEO plugin v27.5 - https:\/\/yoast.com\/product\/yoast-seo-wordpress\/ -->\n<title>5 korakov, s pomo\u010djo katerih bo proces prevajanja \u0161e hitrej\u0161i | AdriatIQa Prevodi, prevajalska agencija<\/title>\n<meta name=\"description\" content=\"Rok za dokon\u010danje prevoda lahko tudi sami pomagate skraj\u0161ati tako, da prevajalcem \u017ee v za\u010detku olaj\u0161ate delo. Predstavljamo vam 5 korakov, s pomo\u010djo katerih bo proces prevajanja \u0161e hitrej\u0161i.\" \/>\n<meta name=\"robots\" content=\"index, follow, max-snippet:-1, max-image-preview:large, max-video-preview:-1\" \/>\n<link rel=\"canonical\" href=\"https:\/\/www.adriatiqa.com\/sl\/5-korakov-s-pomocjo-katerih-bo-proces-prevajanja-se-hitrejsi\/\" \/>\n<meta name=\"twitter:label1\" content=\"Est. reading time\" \/>\n\t<meta name=\"twitter:data1\" content=\"2 minutes\" \/>\n<script type=\"application\/ld+json\" class=\"yoast-schema-graph\">{\"@context\":\"https:\\\/\\\/schema.org\",\"@graph\":[{\"@type\":\"WebPage\",\"@id\":\"https:\\\/\\\/www.adriatiqa.com\\\/sl\\\/5-korakov-s-pomocjo-katerih-bo-proces-prevajanja-se-hitrejsi\\\/\",\"url\":\"https:\\\/\\\/www.adriatiqa.com\\\/sl\\\/5-korakov-s-pomocjo-katerih-bo-proces-prevajanja-se-hitrejsi\\\/\",\"name\":\"5 korakov, s pomo\u010djo katerih bo proces prevajanja \u0161e hitrej\u0161i | AdriatIQa Prevodi, prevajalska agencija\",\"isPartOf\":{\"@id\":\"https:\\\/\\\/www.adriatiqa.com\\\/sl\\\/#website\"},\"datePublished\":\"2019-08-26T09:47:51+00:00\",\"description\":\"Rok za dokon\u010danje prevoda lahko tudi sami pomagate skraj\u0161ati tako, da prevajalcem \u017ee v za\u010detku olaj\u0161ate delo. Predstavljamo vam 5 korakov, s pomo\u010djo katerih bo proces prevajanja \u0161e hitrej\u0161i.\",\"breadcrumb\":{\"@id\":\"https:\\\/\\\/www.adriatiqa.com\\\/sl\\\/5-korakov-s-pomocjo-katerih-bo-proces-prevajanja-se-hitrejsi\\\/#breadcrumb\"},\"inLanguage\":\"sl\",\"potentialAction\":[{\"@type\":\"ReadAction\",\"target\":[\"https:\\\/\\\/www.adriatiqa.com\\\/sl\\\/5-korakov-s-pomocjo-katerih-bo-proces-prevajanja-se-hitrejsi\\\/\"]}]},{\"@type\":\"BreadcrumbList\",\"@id\":\"https:\\\/\\\/www.adriatiqa.com\\\/sl\\\/5-korakov-s-pomocjo-katerih-bo-proces-prevajanja-se-hitrejsi\\\/#breadcrumb\",\"itemListElement\":[{\"@type\":\"ListItem\",\"position\":1,\"name\":\"Home\",\"item\":\"https:\\\/\\\/www.adriatiqa.com\\\/sl\\\/\"},{\"@type\":\"ListItem\",\"position\":2,\"name\":\"5 korakov, s pomo\u010djo katerih bo proces prevajanja \u0161e hitrej\u0161i\"}]},{\"@type\":\"WebSite\",\"@id\":\"https:\\\/\\\/www.adriatiqa.com\\\/sl\\\/#website\",\"url\":\"https:\\\/\\\/www.adriatiqa.com\\\/sl\\\/\",\"name\":\"AdriatIQa Prevodi, prevajalska agencija\",\"description\":\"Prevajanje, prevod v angle\u0161\u010dino, nem\u0161\u010dino\",\"publisher\":{\"@id\":\"https:\\\/\\\/www.adriatiqa.com\\\/sl\\\/#organization\"},\"potentialAction\":[{\"@type\":\"SearchAction\",\"target\":{\"@type\":\"EntryPoint\",\"urlTemplate\":\"https:\\\/\\\/www.adriatiqa.com\\\/sl\\\/?s={search_term_string}\"},\"query-input\":{\"@type\":\"PropertyValueSpecification\",\"valueRequired\":true,\"valueName\":\"search_term_string\"}}],\"inLanguage\":\"sl\"},{\"@type\":\"Organization\",\"@id\":\"https:\\\/\\\/www.adriatiqa.com\\\/sl\\\/#organization\",\"name\":\"ATE Globalis d.o.o.\",\"url\":\"https:\\\/\\\/www.adriatiqa.com\\\/sl\\\/\",\"logo\":{\"@type\":\"ImageObject\",\"inLanguage\":\"sl\",\"@id\":\"https:\\\/\\\/www.adriatiqa.com\\\/sl\\\/#\\\/schema\\\/logo\\\/image\\\/\",\"url\":\"https:\\\/\\\/www.adriatiqa.com\\\/wp-content\\\/uploads\\\/2012\\\/11\\\/adriatiqa-logo.png\",\"contentUrl\":\"https:\\\/\\\/www.adriatiqa.com\\\/wp-content\\\/uploads\\\/2012\\\/11\\\/adriatiqa-logo.png\",\"width\":297,\"height\":57,\"caption\":\"ATE Globalis d.o.o.\"},\"image\":{\"@id\":\"https:\\\/\\\/www.adriatiqa.com\\\/sl\\\/#\\\/schema\\\/logo\\\/image\\\/\"},\"sameAs\":[\"https:\\\/\\\/www.facebook.com\\\/AdriatIQa\",\"https:\\\/\\\/www.linkedin.com\\\/company\\\/adriatiqa-translations\"]}]}<\/script>\n<!-- \/ Yoast SEO plugin. -->","yoast_head_json":{"title":"5 korakov, s pomo\u010djo katerih bo proces prevajanja \u0161e hitrej\u0161i | AdriatIQa Prevodi, prevajalska agencija","description":"Rok za dokon\u010danje prevoda lahko tudi sami pomagate skraj\u0161ati tako, da prevajalcem \u017ee v za\u010detku olaj\u0161ate delo. Predstavljamo vam 5 korakov, s pomo\u010djo katerih bo proces prevajanja \u0161e hitrej\u0161i.","robots":{"index":"index","follow":"follow","max-snippet":"max-snippet:-1","max-image-preview":"max-image-preview:large","max-video-preview":"max-video-preview:-1"},"canonical":"https:\/\/www.adriatiqa.com\/sl\/5-korakov-s-pomocjo-katerih-bo-proces-prevajanja-se-hitrejsi\/","twitter_misc":{"Est. reading time":"2 minutes"},"schema":{"@context":"https:\/\/schema.org","@graph":[{"@type":"WebPage","@id":"https:\/\/www.adriatiqa.com\/sl\/5-korakov-s-pomocjo-katerih-bo-proces-prevajanja-se-hitrejsi\/","url":"https:\/\/www.adriatiqa.com\/sl\/5-korakov-s-pomocjo-katerih-bo-proces-prevajanja-se-hitrejsi\/","name":"5 korakov, s pomo\u010djo katerih bo proces prevajanja \u0161e hitrej\u0161i | AdriatIQa Prevodi, prevajalska agencija","isPartOf":{"@id":"https:\/\/www.adriatiqa.com\/sl\/#website"},"datePublished":"2019-08-26T09:47:51+00:00","description":"Rok za dokon\u010danje prevoda lahko tudi sami pomagate skraj\u0161ati tako, da prevajalcem \u017ee v za\u010detku olaj\u0161ate delo. Predstavljamo vam 5 korakov, s pomo\u010djo katerih bo proces prevajanja \u0161e hitrej\u0161i.","breadcrumb":{"@id":"https:\/\/www.adriatiqa.com\/sl\/5-korakov-s-pomocjo-katerih-bo-proces-prevajanja-se-hitrejsi\/#breadcrumb"},"inLanguage":"sl","potentialAction":[{"@type":"ReadAction","target":["https:\/\/www.adriatiqa.com\/sl\/5-korakov-s-pomocjo-katerih-bo-proces-prevajanja-se-hitrejsi\/"]}]},{"@type":"BreadcrumbList","@id":"https:\/\/www.adriatiqa.com\/sl\/5-korakov-s-pomocjo-katerih-bo-proces-prevajanja-se-hitrejsi\/#breadcrumb","itemListElement":[{"@type":"ListItem","position":1,"name":"Home","item":"https:\/\/www.adriatiqa.com\/sl\/"},{"@type":"ListItem","position":2,"name":"5 korakov, s pomo\u010djo katerih bo proces prevajanja \u0161e hitrej\u0161i"}]},{"@type":"WebSite","@id":"https:\/\/www.adriatiqa.com\/sl\/#website","url":"https:\/\/www.adriatiqa.com\/sl\/","name":"AdriatIQa Prevodi, prevajalska agencija","description":"Prevajanje, prevod v angle\u0161\u010dino, nem\u0161\u010dino","publisher":{"@id":"https:\/\/www.adriatiqa.com\/sl\/#organization"},"potentialAction":[{"@type":"SearchAction","target":{"@type":"EntryPoint","urlTemplate":"https:\/\/www.adriatiqa.com\/sl\/?s={search_term_string}"},"query-input":{"@type":"PropertyValueSpecification","valueRequired":true,"valueName":"search_term_string"}}],"inLanguage":"sl"},{"@type":"Organization","@id":"https:\/\/www.adriatiqa.com\/sl\/#organization","name":"ATE Globalis d.o.o.","url":"https:\/\/www.adriatiqa.com\/sl\/","logo":{"@type":"ImageObject","inLanguage":"sl","@id":"https:\/\/www.adriatiqa.com\/sl\/#\/schema\/logo\/image\/","url":"https:\/\/www.adriatiqa.com\/wp-content\/uploads\/2012\/11\/adriatiqa-logo.png","contentUrl":"https:\/\/www.adriatiqa.com\/wp-content\/uploads\/2012\/11\/adriatiqa-logo.png","width":297,"height":57,"caption":"ATE Globalis d.o.o."},"image":{"@id":"https:\/\/www.adriatiqa.com\/sl\/#\/schema\/logo\/image\/"},"sameAs":["https:\/\/www.facebook.com\/AdriatIQa","https:\/\/www.linkedin.com\/company\/adriatiqa-translations"]}]}},"_links":{"self":[{"href":"https:\/\/www.adriatiqa.com\/sl\/wp-json\/wp\/v2\/pages\/5138","targetHints":{"allow":["GET"]}}],"collection":[{"href":"https:\/\/www.adriatiqa.com\/sl\/wp-json\/wp\/v2\/pages"}],"about":[{"href":"https:\/\/www.adriatiqa.com\/sl\/wp-json\/wp\/v2\/types\/page"}],"author":[{"embeddable":true,"href":"https:\/\/www.adriatiqa.com\/sl\/wp-json\/wp\/v2\/users\/2"}],"replies":[{"embeddable":true,"href":"https:\/\/www.adriatiqa.com\/sl\/wp-json\/wp\/v2\/comments?post=5138"}],"version-history":[{"count":2,"href":"https:\/\/www.adriatiqa.com\/sl\/wp-json\/wp\/v2\/pages\/5138\/revisions"}],"predecessor-version":[{"id":5141,"href":"https:\/\/www.adriatiqa.com\/sl\/wp-json\/wp\/v2\/pages\/5138\/revisions\/5141"}],"wp:attachment":[{"href":"https:\/\/www.adriatiqa.com\/sl\/wp-json\/wp\/v2\/media?parent=5138"}],"curies":[{"name":"wp","href":"https:\/\/api.w.org\/{rel}","templated":true}]}}