{"id":5177,"date":"2019-11-15T10:35:47","date_gmt":"2019-11-15T09:35:47","guid":{"rendered":"https:\/\/www.adriatiqa.com\/?page_id=5177"},"modified":"2021-11-02T12:05:12","modified_gmt":"2021-11-02T11:05:12","slug":"najbolj-zabavne-praznicne-tradicije-po-vsem-svetu","status":"publish","type":"page","link":"https:\/\/www.adriatiqa.com\/sl\/najbolj-zabavne-praznicne-tradicije-po-vsem-svetu\/","title":{"rendered":"Najbolj zabavne prazni\u010dne tradicije po vsem svetu"},"content":{"rendered":"<p>[vc_column_text width=&#8221;2\/3&#8243; el_position=&#8221;first&#8221;]<\/p>\n<p><b>\u010cas praznikov je spet tu, hura! Prazniki so \u010darobni, topli, prijetni in veseli, v\u010dasih pa so lahko tudi zelo zabavni. Sploh \u010de govorimo o nenavadnih prazni\u010dnih tradicijah, ki jih gojijo v nekaterih kulturah. Pa poglejmo 7 najbolj zabavnih bo\u017ei\u010dnih oziroma novoletnih tradicij po svetu \u2026<\/b><\/p>\n<p>&nbsp;<\/p>\n<h4><span style=\"color: #0099cc;\">#7: Bo\u017ei\u010d na Japonskem<\/span><\/h4>\n<p>Japonci bo\u017ei\u010da ne praznujejo prav na veliko. Vendarle gre v osnovi za kr\u0161\u010danski praznik, na Japonskem pa prevladujejo druge vere. \u017de to, da nekdo komajda opazi bo\u017ei\u010d, je za nas, ki ga obi\u010dajno praznujemo glasno, ble\u0161\u010de\u010de in razko\u0161no, zelo nenavadno, kaj pravite? No, na Japonskem pa se zadnje \u010dase za bo\u017ei\u010dni \u010das uveljavlja res nenavadna tradicija \u2013 pojedina s hrano iz znane ameri\u0161ke verige hitre hrane KFC.<\/p>\n<p>&nbsp;<\/p>\n<h4><span style=\"color: #0099cc;\">#6: Norve\u017eani in metle<\/span><\/h4>\n<p>Ali ste vedeli, da nekateri Norve\u017eani na bo\u017ei\u010dni ve\u010der skrijejo metle? Kaj? Prav zares. Le zakaj pa bi to po\u010deli? No, \u010de se spomnite, da so metle obi\u010dajno povezane s \u010darovnicami, zadeva takoj postane bolj jasna. Norve\u017eani svoje metle skrijejo zato, da jih na prazni\u010dni ve\u010der ne obi\u0161\u010dejo \u010darovnice in podobna zla bitja, ki takrat i\u0161\u010dejo prevozno sredstvo. Pravlji\u010dno, ni kaj!<\/p>\n<p>&nbsp;<\/p>\n<h4><span style=\"color: #0099cc;\">#5: Bo\u017ei\u010d na kolesih v Venezueli<\/span><\/h4>\n<p>Prebivalci glavnega mesta Venezuele, Caracasa, se jutro pred bo\u017ei\u010dnim ve\u010derom odpravijo v cerkev. Ni\u010d nenavadnega, kaj? Tudi pri nas se marsikdo! Vendar pa le malokdo na tak na\u010din kot Venezuelci. Ti se v cerkev namre\u010d odpravijo kar na kotalkah! Zakaj? Vpra\u0161ajte jih sami!<\/p>\n<p>&nbsp;<\/p>\n<h4><span style=\"color: #0099cc;\">#4: \u0160vedska koza<\/span><\/h4>\n<p>Na \u0160vedskem, natan\u010dneje v mestu G\u00e4vle, v \u010dasu pred prazniki tradicionalno (\u017ee ve\u010d kot 50 let) postavijo slamnato kozo, ki je visoka kar 13 metrov. \u017de to je samo po sebi precej nenavadno, kajne? No, ampak do najbolj nenavadnega dela te tradicije sploh \u0161e nismo pri\u0161li! V ve\u010d kot 50 letih te tradicije so nekateri prebivalci tega mesta dodali \u0161e svojo posebno tradicijo: vandalizem. Znamenito kozo so namre\u010d kar pribli\u017eno 30-krat po\u017egali. Presodite sami, kateri del tradicije vam je bolj v\u0161e\u010d \u2026<\/p>\n<p>&nbsp;<\/p>\n<h4><span style=\"color: #0099cc;\">#3: Filipinci in lanterne<\/span><\/h4>\n<p>Mesto San Fernando na Filipinih je enkrat letno &#8211; zadnjo soboto pred bo\u017ei\u010dnim ve\u010derom \u2013 prizori\u0161\u010de nenavadnega festivala: Festivala orja\u0161kih lantern. Mnogi okoli\u0161ki prebivalci takrat vso svojo energijo in umetni\u0161ki talent vlo\u017eijo v izdelavo kompleksnih lantern iz razli\u010dnih materialov, ki v premeru merijo tudi \u010dez 6 metrov! Spektakularno, kaj pravite?<\/p>\n<p>&nbsp;<\/p>\n<h4><span style=\"color: #0099cc;\">#2: Islandski fantje Yule<\/span><\/h4>\n<p>Trinajst fantov Yule na Islandiji zaznamuje zadnjih 13 dni pred bo\u017ei\u010dem. Vsako no\u010d eden izmed njih obi\u0161\u010de vse otroke v de\u017eeli in jim nastavi darilo \u2013 ali pa gnil krompir, odvisno od tega, ali so bili pridni ali poredni. V\u010dasih so bili ti fantje prav stra\u0161ljivi, danes pa so predvsem nagajivi. Sre\u010da za vse islandske otroke!<\/p>\n<p>&nbsp;<\/p>\n<h4><span style=\"color: #0099cc;\">#1: Na\u0161i parklji<\/span><\/h4>\n<p>Morda se to zdi nekoliko nepri\u010dakovano, ampak na\u0161i parklji so velik hit ponekod po svetu. Mnogim se namre\u010d zdi stra\u0161no nenavadno, da dobrotnika Miklav\u017ea spremljajo tako stra\u0161ljiva bitja. A parklji so prav res stra\u0161ljivi \u2013 veliko bolj kot denimo zgoraj omenjeni fantje Yule. So namre\u010d pol koze, pol demoni, ki ro\u017eljajo s te\u017ekimi verigami in kaznujejo poredne otroke. Poznajo jih tudi v nekaterih okoli\u0161kih dr\u017eavah. Vsi ostali pa se jim na dale\u010d izognejo ter se z varne razdalje \u010dudijo na\u0161emu nenavadnemu obi\u010daju \u2026<\/p>\n<p>&nbsp;<\/p>\n<p>&nbsp;<\/p>\n<p>[\/vc_column_text] [vc_single_image image=&#8221;5815&#8243; img_size=&#8221;full&#8221; img_link_target=&#8221;pphoto&#8221; width=&#8221;1\/3&#8243; el_position=&#8221;last&#8221;]<\/p>\n","protected":false},"excerpt":{"rendered":"<p>[vc_column_text width=&#8221;2\/3&#8243; el_position=&#8221;first&#8221;] \u010cas praznikov je spet tu, hura! Prazniki so \u010darobni, topli, prijetni in veseli, v\u010dasih pa so lahko&#8230;<\/p>\n","protected":false},"author":2,"featured_media":0,"parent":0,"menu_order":0,"comment_status":"closed","ping_status":"closed","template":"","meta":{"footnotes":""},"class_list":["post-5177","page","type-page","status-publish"],"yoast_head":"<!-- This site is optimized with the Yoast SEO plugin v27.5 - https:\/\/yoast.com\/product\/yoast-seo-wordpress\/ -->\n<title>Najbolj zabavne prazni\u010dne tradicije po vsem svetu | AdriatIQa Prevodi, prevajalska agencija<\/title>\n<meta name=\"description\" content=\"V nekaterih kulturah gojijo nenavadne prazni\u010dne tradicije. Poglejmo 7 najbolj zabavnih bo\u017ei\u010dnih oziroma novoletnih tradicij po svetu.\" \/>\n<meta name=\"robots\" content=\"index, follow, max-snippet:-1, max-image-preview:large, max-video-preview:-1\" \/>\n<link rel=\"canonical\" href=\"https:\/\/www.adriatiqa.com\/sl\/najbolj-zabavne-praznicne-tradicije-po-vsem-svetu\/\" \/>\n<meta name=\"twitter:label1\" content=\"Est. reading time\" \/>\n\t<meta name=\"twitter:data1\" content=\"3 minutes\" \/>\n<script type=\"application\/ld+json\" class=\"yoast-schema-graph\">{\"@context\":\"https:\\\/\\\/schema.org\",\"@graph\":[{\"@type\":\"WebPage\",\"@id\":\"https:\\\/\\\/www.adriatiqa.com\\\/sl\\\/najbolj-zabavne-praznicne-tradicije-po-vsem-svetu\\\/\",\"url\":\"https:\\\/\\\/www.adriatiqa.com\\\/sl\\\/najbolj-zabavne-praznicne-tradicije-po-vsem-svetu\\\/\",\"name\":\"Najbolj zabavne prazni\u010dne tradicije po vsem svetu | AdriatIQa Prevodi, prevajalska agencija\",\"isPartOf\":{\"@id\":\"https:\\\/\\\/www.adriatiqa.com\\\/sl\\\/#website\"},\"datePublished\":\"2019-11-15T09:35:47+00:00\",\"dateModified\":\"2021-11-02T11:05:12+00:00\",\"description\":\"V nekaterih kulturah gojijo nenavadne prazni\u010dne tradicije. Poglejmo 7 najbolj zabavnih bo\u017ei\u010dnih oziroma novoletnih tradicij po svetu.\",\"breadcrumb\":{\"@id\":\"https:\\\/\\\/www.adriatiqa.com\\\/sl\\\/najbolj-zabavne-praznicne-tradicije-po-vsem-svetu\\\/#breadcrumb\"},\"inLanguage\":\"sl\",\"potentialAction\":[{\"@type\":\"ReadAction\",\"target\":[\"https:\\\/\\\/www.adriatiqa.com\\\/sl\\\/najbolj-zabavne-praznicne-tradicije-po-vsem-svetu\\\/\"]}]},{\"@type\":\"BreadcrumbList\",\"@id\":\"https:\\\/\\\/www.adriatiqa.com\\\/sl\\\/najbolj-zabavne-praznicne-tradicije-po-vsem-svetu\\\/#breadcrumb\",\"itemListElement\":[{\"@type\":\"ListItem\",\"position\":1,\"name\":\"Home\",\"item\":\"https:\\\/\\\/www.adriatiqa.com\\\/sl\\\/\"},{\"@type\":\"ListItem\",\"position\":2,\"name\":\"Najbolj zabavne prazni\u010dne tradicije po vsem svetu\"}]},{\"@type\":\"WebSite\",\"@id\":\"https:\\\/\\\/www.adriatiqa.com\\\/sl\\\/#website\",\"url\":\"https:\\\/\\\/www.adriatiqa.com\\\/sl\\\/\",\"name\":\"AdriatIQa Prevodi, prevajalska agencija\",\"description\":\"Prevajanje, prevod v angle\u0161\u010dino, nem\u0161\u010dino\",\"publisher\":{\"@id\":\"https:\\\/\\\/www.adriatiqa.com\\\/sl\\\/#organization\"},\"potentialAction\":[{\"@type\":\"SearchAction\",\"target\":{\"@type\":\"EntryPoint\",\"urlTemplate\":\"https:\\\/\\\/www.adriatiqa.com\\\/sl\\\/?s={search_term_string}\"},\"query-input\":{\"@type\":\"PropertyValueSpecification\",\"valueRequired\":true,\"valueName\":\"search_term_string\"}}],\"inLanguage\":\"sl\"},{\"@type\":\"Organization\",\"@id\":\"https:\\\/\\\/www.adriatiqa.com\\\/sl\\\/#organization\",\"name\":\"ATE Globalis d.o.o.\",\"url\":\"https:\\\/\\\/www.adriatiqa.com\\\/sl\\\/\",\"logo\":{\"@type\":\"ImageObject\",\"inLanguage\":\"sl\",\"@id\":\"https:\\\/\\\/www.adriatiqa.com\\\/sl\\\/#\\\/schema\\\/logo\\\/image\\\/\",\"url\":\"https:\\\/\\\/www.adriatiqa.com\\\/wp-content\\\/uploads\\\/2012\\\/11\\\/adriatiqa-logo.png\",\"contentUrl\":\"https:\\\/\\\/www.adriatiqa.com\\\/wp-content\\\/uploads\\\/2012\\\/11\\\/adriatiqa-logo.png\",\"width\":297,\"height\":57,\"caption\":\"ATE Globalis d.o.o.\"},\"image\":{\"@id\":\"https:\\\/\\\/www.adriatiqa.com\\\/sl\\\/#\\\/schema\\\/logo\\\/image\\\/\"},\"sameAs\":[\"https:\\\/\\\/www.facebook.com\\\/AdriatIQa\",\"https:\\\/\\\/www.linkedin.com\\\/company\\\/adriatiqa-translations\"]}]}<\/script>\n<!-- \/ Yoast SEO plugin. -->","yoast_head_json":{"title":"Najbolj zabavne prazni\u010dne tradicije po vsem svetu | AdriatIQa Prevodi, prevajalska agencija","description":"V nekaterih kulturah gojijo nenavadne prazni\u010dne tradicije. Poglejmo 7 najbolj zabavnih bo\u017ei\u010dnih oziroma novoletnih tradicij po svetu.","robots":{"index":"index","follow":"follow","max-snippet":"max-snippet:-1","max-image-preview":"max-image-preview:large","max-video-preview":"max-video-preview:-1"},"canonical":"https:\/\/www.adriatiqa.com\/sl\/najbolj-zabavne-praznicne-tradicije-po-vsem-svetu\/","twitter_misc":{"Est. reading time":"3 minutes"},"schema":{"@context":"https:\/\/schema.org","@graph":[{"@type":"WebPage","@id":"https:\/\/www.adriatiqa.com\/sl\/najbolj-zabavne-praznicne-tradicije-po-vsem-svetu\/","url":"https:\/\/www.adriatiqa.com\/sl\/najbolj-zabavne-praznicne-tradicije-po-vsem-svetu\/","name":"Najbolj zabavne prazni\u010dne tradicije po vsem svetu | AdriatIQa Prevodi, prevajalska agencija","isPartOf":{"@id":"https:\/\/www.adriatiqa.com\/sl\/#website"},"datePublished":"2019-11-15T09:35:47+00:00","dateModified":"2021-11-02T11:05:12+00:00","description":"V nekaterih kulturah gojijo nenavadne prazni\u010dne tradicije. Poglejmo 7 najbolj zabavnih bo\u017ei\u010dnih oziroma novoletnih tradicij po svetu.","breadcrumb":{"@id":"https:\/\/www.adriatiqa.com\/sl\/najbolj-zabavne-praznicne-tradicije-po-vsem-svetu\/#breadcrumb"},"inLanguage":"sl","potentialAction":[{"@type":"ReadAction","target":["https:\/\/www.adriatiqa.com\/sl\/najbolj-zabavne-praznicne-tradicije-po-vsem-svetu\/"]}]},{"@type":"BreadcrumbList","@id":"https:\/\/www.adriatiqa.com\/sl\/najbolj-zabavne-praznicne-tradicije-po-vsem-svetu\/#breadcrumb","itemListElement":[{"@type":"ListItem","position":1,"name":"Home","item":"https:\/\/www.adriatiqa.com\/sl\/"},{"@type":"ListItem","position":2,"name":"Najbolj zabavne prazni\u010dne tradicije po vsem svetu"}]},{"@type":"WebSite","@id":"https:\/\/www.adriatiqa.com\/sl\/#website","url":"https:\/\/www.adriatiqa.com\/sl\/","name":"AdriatIQa Prevodi, prevajalska agencija","description":"Prevajanje, prevod v angle\u0161\u010dino, nem\u0161\u010dino","publisher":{"@id":"https:\/\/www.adriatiqa.com\/sl\/#organization"},"potentialAction":[{"@type":"SearchAction","target":{"@type":"EntryPoint","urlTemplate":"https:\/\/www.adriatiqa.com\/sl\/?s={search_term_string}"},"query-input":{"@type":"PropertyValueSpecification","valueRequired":true,"valueName":"search_term_string"}}],"inLanguage":"sl"},{"@type":"Organization","@id":"https:\/\/www.adriatiqa.com\/sl\/#organization","name":"ATE Globalis d.o.o.","url":"https:\/\/www.adriatiqa.com\/sl\/","logo":{"@type":"ImageObject","inLanguage":"sl","@id":"https:\/\/www.adriatiqa.com\/sl\/#\/schema\/logo\/image\/","url":"https:\/\/www.adriatiqa.com\/wp-content\/uploads\/2012\/11\/adriatiqa-logo.png","contentUrl":"https:\/\/www.adriatiqa.com\/wp-content\/uploads\/2012\/11\/adriatiqa-logo.png","width":297,"height":57,"caption":"ATE Globalis d.o.o."},"image":{"@id":"https:\/\/www.adriatiqa.com\/sl\/#\/schema\/logo\/image\/"},"sameAs":["https:\/\/www.facebook.com\/AdriatIQa","https:\/\/www.linkedin.com\/company\/adriatiqa-translations"]}]}},"_links":{"self":[{"href":"https:\/\/www.adriatiqa.com\/sl\/wp-json\/wp\/v2\/pages\/5177","targetHints":{"allow":["GET"]}}],"collection":[{"href":"https:\/\/www.adriatiqa.com\/sl\/wp-json\/wp\/v2\/pages"}],"about":[{"href":"https:\/\/www.adriatiqa.com\/sl\/wp-json\/wp\/v2\/types\/page"}],"author":[{"embeddable":true,"href":"https:\/\/www.adriatiqa.com\/sl\/wp-json\/wp\/v2\/users\/2"}],"replies":[{"embeddable":true,"href":"https:\/\/www.adriatiqa.com\/sl\/wp-json\/wp\/v2\/comments?post=5177"}],"version-history":[{"count":4,"href":"https:\/\/www.adriatiqa.com\/sl\/wp-json\/wp\/v2\/pages\/5177\/revisions"}],"predecessor-version":[{"id":5817,"href":"https:\/\/www.adriatiqa.com\/sl\/wp-json\/wp\/v2\/pages\/5177\/revisions\/5817"}],"wp:attachment":[{"href":"https:\/\/www.adriatiqa.com\/sl\/wp-json\/wp\/v2\/media?parent=5177"}],"curies":[{"name":"wp","href":"https:\/\/api.w.org\/{rel}","templated":true}]}}