{"id":5182,"date":"2019-11-15T10:47:00","date_gmt":"2019-11-15T09:47:00","guid":{"rendered":"https:\/\/www.adriatiqa.com\/?page_id=5182"},"modified":"2019-11-15T10:47:00","modified_gmt":"2019-11-15T09:47:00","slug":"vezaj-pri-sklanjanju-kdaj-ga-uporabimo-kdaj-ne","status":"publish","type":"page","link":"https:\/\/www.adriatiqa.com\/sl\/vezaj-pri-sklanjanju-kdaj-ga-uporabimo-kdaj-ne\/","title":{"rendered":"Vezaj pri sklanjanju \u2013 kdaj ga uporabimo in kdaj ne?"},"content":{"rendered":"<p>[vc_column_text width=&#8221;2\/3&#8243; el_position=&#8221;first&#8221;]<\/p>\n<p><b>Pomemben del vsake poslovne komunikacije je tudi ustrezna raba jezika. Prvi\u010d zato, da se s sogovornikom dobro in pravilno razumemo. In drugi\u010d zato, ker se tako predstavljamo kot resen in profesionalen partner. Najbr\u017e pa le malo ljudi v poslovnem svetu dobro ve, kdaj uporabljamo vezaj pri sklanjanju, kaj menite? Vi boste odslej znali tudi to \u2026<\/b><\/p>\n<p>&nbsp;<\/p>\n<h4><span style=\"color: #0099cc;\">Vezaj pri sklanjanju \u2013 da ali ne?<\/span><\/h4>\n<p>Poklical sem Gregor-ja. Unicefov seznam kulturne dedi\u0161\u010dine je vse dalj\u0161i. V\u010deraj sem sanjal o Jimmyju Hendrix-u. Teh problemov v ZDA-ju nimajo. Zgradba SAZU-ja je rde\u010de barve. Pri FIFI dela ve\u010d ljudi kot pri UEFI. Veljaki EU-ja so se zbrali na kosilu v Ljubljani. V NUK-u sem pre\u017eivel ve\u010dino svojega otro\u0161tva. Kam si postavila \u0161katlo PVCja? \u017dal nam je zmanjkalo H20-ja.<\/p>\n<p>Nekatere izmed zgornjih kratic so zapisane pravilne, druge pa napa\u010dno. Ali veste, katere so pravilne?<\/p>\n<p>&nbsp;<\/p>\n<h4><span style=\"color: #0099cc;\">Uporaba vezaja na splo\u0161no<\/span><\/h4>\n<p>Vezaj pri sklanjanju uporabimo pri kraticah, simbolih in okraj\u0161avah.\u00a0 Zgradba SAZU-ja je rde\u010de barve iz zgornjega odstavka je denimo tako pravilen zapis. Zakaj pa potem ne pi\u0161emo tudi pri FIFA-i? Ker je raba vezaja pri kraticah odvisna tudi od njihovega spola. Slovni\u010dnega spola, se razume.<\/p>\n<p>&nbsp;<\/p>\n<h4><span style=\"color: #0099cc;\">Sklanjanje, kratice in spol<\/span><\/h4>\n<p>Kraticam, kot sta denimo SAZU (Slovenska akademija znanosti in umetnosti) in TAM (Tovarna avtomobilov Maribor), lahko pripi\u0161emo mo\u0161ki spol, \u010deprav sta polna naziva slovni\u010dno \u017eenskega spola (akademija in tovarna). Kratici namre\u010d lahko pove\u017eemo z besedo tisti, s katero v sloven\u0161\u010dini povezujemo mo\u0161ki spol: tisti TAM oziroma tisti SAZU.<\/p>\n<p>Kratice (pa tudi simbole in okraj\u0161ave) mo\u0161kega spola sklanjamo z vezajem. Torej: SAZU, SAZU-ja, SAZU-ju, SAZU, SAZU-ju, SAZU-jem.<\/p>\n<p>&nbsp;<\/p>\n<h4><span style=\"color: #0099cc;\">\u017denske, sklanjanje in vezaj<\/span><\/h4>\n<p>Tista CIA, tista FIFA, tista NASA in tista UEFA so \u017eenskega spola, se strinjate? Seveda so. In kot ste najbr\u017e opazili tudi sami, imajo vse kon\u010dnico -a. Tak\u0161ne kratice sklanjamo brez vezaja, preprosto po 1. \u017eenski sklanjatvi. Torej: UEFA, UEFE, UEFI, UEFO, UEFI, UEFO.<\/p>\n<p>&nbsp;<\/p>\n<h4><span style=\"color: #0099cc;\">Komplikacije<\/span><\/h4>\n<p>Pravila pri na\u0161em \u010dudovitem jeziku pa so redko tako preprosta, kot se zdi na prvi pogled, kaj? Res je. Pri spolu je komplikacija lahko naslednja: nekatere kratice lahko razumemo kot mo\u0161ke ali \u017eenske. Primer? NLB. Tista NLB (Nova ljubljanska banka) ali tisti NLB. \u010ce jim pripi\u0161emo mo\u0161ki spol, jih sklanjamo z vezajem po 1. mo\u0161ki sklanjatvi, kot \u017ee omenjeno zgoraj. NLB, NLB-ja, NLB-ju itd. Lahko pa jim pripi\u0161emo tudi \u017eenski spol in jih sklanjamo, kot denimo sklanjamo nekatera tuje \u017eenska imena. Iris, Iris, Iris \u2026 NLB, NLB, NLB \u2026<\/p>\n<p>Kratice, ki imajo mno\u017einske kon\u010dnice, denimo ZDA (Zdru\u017eene dr\u017eave Amerike), sklanjamo po zgornjem vzoru NLB, \u010deprav se kon\u010dajo na -a. Torej ZDA, ZDA, ZDA \u2026<\/p>\n<p>Da bo vse skupaj \u0161e bolj veselo, pa vam naj razkrijemo \u0161e, da lahko nekatere kratice sklanjamo z vezajem ali brez, odvisno od tega, za kak\u0161en zapis se odlo\u010dimo. Primer je UNICEF oziroma Unicef. UNICEF sklanjamo po pravilu o sklanjanju kratic mo\u0161kega spola, torej UNICEF, UNICEF-a, UNICEF-u. Ker pa kratico lahko beremo tudi kot \u00bbnormalno\u00ab besedo (za razliko od denimo kratice NLB, ki jo \u010drkujemo), lahko Unicef sklanjamo tudi kot povsem navaden Unicef, Unicefa, Unicefu \u2026<\/p>\n<p>&nbsp;<\/p>\n<h4><span style=\"color: #0099cc;\">Tuja imena<\/span><\/h4>\n<p>Nekatere uporabnike slovenskega jezika zamika tudi, da bi vezaj uporabili pri sklanjanju tujih imen in priimkov. Poklical sem Jimmy-a. Besede Donalda Trump-a so nas prizadele. Michael-u Jackson-u nih\u010de ne more odvzeti naziva kralj popa.<\/p>\n<p>Tak\u0161en zapis pa ni pravilen. Tuja imena in priimke namre\u010d pri sklanjanju vedno pi\u0161emo brez vezaja. Svojo kitaro sem posodil Jimmyju Hendrixu. Donalda Trumpa \u0161e dolgo ne bo v na\u0161e kraje. Michaelu Jacksonu ve\u010dna slava ne more uiti.<\/p>\n<p>&nbsp;<\/p>\n<p>[\/vc_column_text] [vc_single_image image=&#8221;5183&#8243; img_size=&#8221;full&#8221; img_link_target=&#8221;pphoto&#8221; width=&#8221;1\/3&#8243; el_position=&#8221;last&#8221;]<\/p>\n","protected":false},"excerpt":{"rendered":"<p>[vc_column_text width=&#8221;2\/3&#8243; el_position=&#8221;first&#8221;] Pomemben del vsake poslovne komunikacije je tudi ustrezna raba jezika. Prvi\u010d zato, da se s sogovornikom dobro&#8230;<\/p>\n","protected":false},"author":2,"featured_media":0,"parent":0,"menu_order":0,"comment_status":"closed","ping_status":"closed","template":"","meta":{"footnotes":""},"class_list":["post-5182","page","type-page","status-publish"],"yoast_head":"<!-- This site is optimized with the Yoast SEO plugin v27.5 - https:\/\/yoast.com\/product\/yoast-seo-wordpress\/ -->\n<title>Vezaj pri sklanjanju \u2013 kdaj ga uporabimo in kdaj ne? | AdriatIQa Prevodi, prevajalska agencija<\/title>\n<meta name=\"description\" content=\"Pomemben del vsake poslovne komunikacije je tudi ustrezna raba jezika. Najbr\u017e pa le malo ljudi v poslovnem svetu ve, kdaj uporabljamo vezaj pri sklanjanju?\" \/>\n<meta name=\"robots\" content=\"index, follow, max-snippet:-1, max-image-preview:large, max-video-preview:-1\" \/>\n<link rel=\"canonical\" href=\"https:\/\/www.adriatiqa.com\/sl\/vezaj-pri-sklanjanju-kdaj-ga-uporabimo-kdaj-ne\/\" \/>\n<meta name=\"twitter:label1\" content=\"Est. reading time\" \/>\n\t<meta name=\"twitter:data1\" content=\"3 minutes\" \/>\n<script type=\"application\/ld+json\" class=\"yoast-schema-graph\">{\"@context\":\"https:\\\/\\\/schema.org\",\"@graph\":[{\"@type\":\"WebPage\",\"@id\":\"https:\\\/\\\/www.adriatiqa.com\\\/sl\\\/vezaj-pri-sklanjanju-kdaj-ga-uporabimo-kdaj-ne\\\/\",\"url\":\"https:\\\/\\\/www.adriatiqa.com\\\/sl\\\/vezaj-pri-sklanjanju-kdaj-ga-uporabimo-kdaj-ne\\\/\",\"name\":\"Vezaj pri sklanjanju \u2013 kdaj ga uporabimo in kdaj ne? | AdriatIQa Prevodi, prevajalska agencija\",\"isPartOf\":{\"@id\":\"https:\\\/\\\/www.adriatiqa.com\\\/sl\\\/#website\"},\"datePublished\":\"2019-11-15T09:47:00+00:00\",\"description\":\"Pomemben del vsake poslovne komunikacije je tudi ustrezna raba jezika. Najbr\u017e pa le malo ljudi v poslovnem svetu ve, kdaj uporabljamo vezaj pri sklanjanju?\",\"breadcrumb\":{\"@id\":\"https:\\\/\\\/www.adriatiqa.com\\\/sl\\\/vezaj-pri-sklanjanju-kdaj-ga-uporabimo-kdaj-ne\\\/#breadcrumb\"},\"inLanguage\":\"sl\",\"potentialAction\":[{\"@type\":\"ReadAction\",\"target\":[\"https:\\\/\\\/www.adriatiqa.com\\\/sl\\\/vezaj-pri-sklanjanju-kdaj-ga-uporabimo-kdaj-ne\\\/\"]}]},{\"@type\":\"BreadcrumbList\",\"@id\":\"https:\\\/\\\/www.adriatiqa.com\\\/sl\\\/vezaj-pri-sklanjanju-kdaj-ga-uporabimo-kdaj-ne\\\/#breadcrumb\",\"itemListElement\":[{\"@type\":\"ListItem\",\"position\":1,\"name\":\"Home\",\"item\":\"https:\\\/\\\/www.adriatiqa.com\\\/sl\\\/\"},{\"@type\":\"ListItem\",\"position\":2,\"name\":\"Vezaj pri sklanjanju \u2013 kdaj ga uporabimo in kdaj ne?\"}]},{\"@type\":\"WebSite\",\"@id\":\"https:\\\/\\\/www.adriatiqa.com\\\/sl\\\/#website\",\"url\":\"https:\\\/\\\/www.adriatiqa.com\\\/sl\\\/\",\"name\":\"AdriatIQa Prevodi, prevajalska agencija\",\"description\":\"Prevajanje, prevod v angle\u0161\u010dino, nem\u0161\u010dino\",\"publisher\":{\"@id\":\"https:\\\/\\\/www.adriatiqa.com\\\/sl\\\/#organization\"},\"potentialAction\":[{\"@type\":\"SearchAction\",\"target\":{\"@type\":\"EntryPoint\",\"urlTemplate\":\"https:\\\/\\\/www.adriatiqa.com\\\/sl\\\/?s={search_term_string}\"},\"query-input\":{\"@type\":\"PropertyValueSpecification\",\"valueRequired\":true,\"valueName\":\"search_term_string\"}}],\"inLanguage\":\"sl\"},{\"@type\":\"Organization\",\"@id\":\"https:\\\/\\\/www.adriatiqa.com\\\/sl\\\/#organization\",\"name\":\"ATE Globalis d.o.o.\",\"url\":\"https:\\\/\\\/www.adriatiqa.com\\\/sl\\\/\",\"logo\":{\"@type\":\"ImageObject\",\"inLanguage\":\"sl\",\"@id\":\"https:\\\/\\\/www.adriatiqa.com\\\/sl\\\/#\\\/schema\\\/logo\\\/image\\\/\",\"url\":\"https:\\\/\\\/www.adriatiqa.com\\\/wp-content\\\/uploads\\\/2012\\\/11\\\/adriatiqa-logo.png\",\"contentUrl\":\"https:\\\/\\\/www.adriatiqa.com\\\/wp-content\\\/uploads\\\/2012\\\/11\\\/adriatiqa-logo.png\",\"width\":297,\"height\":57,\"caption\":\"ATE Globalis d.o.o.\"},\"image\":{\"@id\":\"https:\\\/\\\/www.adriatiqa.com\\\/sl\\\/#\\\/schema\\\/logo\\\/image\\\/\"},\"sameAs\":[\"https:\\\/\\\/www.facebook.com\\\/AdriatIQa\",\"https:\\\/\\\/www.linkedin.com\\\/company\\\/adriatiqa-translations\"]}]}<\/script>\n<!-- \/ Yoast SEO plugin. -->","yoast_head_json":{"title":"Vezaj pri sklanjanju \u2013 kdaj ga uporabimo in kdaj ne? | AdriatIQa Prevodi, prevajalska agencija","description":"Pomemben del vsake poslovne komunikacije je tudi ustrezna raba jezika. Najbr\u017e pa le malo ljudi v poslovnem svetu ve, kdaj uporabljamo vezaj pri sklanjanju?","robots":{"index":"index","follow":"follow","max-snippet":"max-snippet:-1","max-image-preview":"max-image-preview:large","max-video-preview":"max-video-preview:-1"},"canonical":"https:\/\/www.adriatiqa.com\/sl\/vezaj-pri-sklanjanju-kdaj-ga-uporabimo-kdaj-ne\/","twitter_misc":{"Est. reading time":"3 minutes"},"schema":{"@context":"https:\/\/schema.org","@graph":[{"@type":"WebPage","@id":"https:\/\/www.adriatiqa.com\/sl\/vezaj-pri-sklanjanju-kdaj-ga-uporabimo-kdaj-ne\/","url":"https:\/\/www.adriatiqa.com\/sl\/vezaj-pri-sklanjanju-kdaj-ga-uporabimo-kdaj-ne\/","name":"Vezaj pri sklanjanju \u2013 kdaj ga uporabimo in kdaj ne? | AdriatIQa Prevodi, prevajalska agencija","isPartOf":{"@id":"https:\/\/www.adriatiqa.com\/sl\/#website"},"datePublished":"2019-11-15T09:47:00+00:00","description":"Pomemben del vsake poslovne komunikacije je tudi ustrezna raba jezika. Najbr\u017e pa le malo ljudi v poslovnem svetu ve, kdaj uporabljamo vezaj pri sklanjanju?","breadcrumb":{"@id":"https:\/\/www.adriatiqa.com\/sl\/vezaj-pri-sklanjanju-kdaj-ga-uporabimo-kdaj-ne\/#breadcrumb"},"inLanguage":"sl","potentialAction":[{"@type":"ReadAction","target":["https:\/\/www.adriatiqa.com\/sl\/vezaj-pri-sklanjanju-kdaj-ga-uporabimo-kdaj-ne\/"]}]},{"@type":"BreadcrumbList","@id":"https:\/\/www.adriatiqa.com\/sl\/vezaj-pri-sklanjanju-kdaj-ga-uporabimo-kdaj-ne\/#breadcrumb","itemListElement":[{"@type":"ListItem","position":1,"name":"Home","item":"https:\/\/www.adriatiqa.com\/sl\/"},{"@type":"ListItem","position":2,"name":"Vezaj pri sklanjanju \u2013 kdaj ga uporabimo in kdaj ne?"}]},{"@type":"WebSite","@id":"https:\/\/www.adriatiqa.com\/sl\/#website","url":"https:\/\/www.adriatiqa.com\/sl\/","name":"AdriatIQa Prevodi, prevajalska agencija","description":"Prevajanje, prevod v angle\u0161\u010dino, nem\u0161\u010dino","publisher":{"@id":"https:\/\/www.adriatiqa.com\/sl\/#organization"},"potentialAction":[{"@type":"SearchAction","target":{"@type":"EntryPoint","urlTemplate":"https:\/\/www.adriatiqa.com\/sl\/?s={search_term_string}"},"query-input":{"@type":"PropertyValueSpecification","valueRequired":true,"valueName":"search_term_string"}}],"inLanguage":"sl"},{"@type":"Organization","@id":"https:\/\/www.adriatiqa.com\/sl\/#organization","name":"ATE Globalis d.o.o.","url":"https:\/\/www.adriatiqa.com\/sl\/","logo":{"@type":"ImageObject","inLanguage":"sl","@id":"https:\/\/www.adriatiqa.com\/sl\/#\/schema\/logo\/image\/","url":"https:\/\/www.adriatiqa.com\/wp-content\/uploads\/2012\/11\/adriatiqa-logo.png","contentUrl":"https:\/\/www.adriatiqa.com\/wp-content\/uploads\/2012\/11\/adriatiqa-logo.png","width":297,"height":57,"caption":"ATE Globalis d.o.o."},"image":{"@id":"https:\/\/www.adriatiqa.com\/sl\/#\/schema\/logo\/image\/"},"sameAs":["https:\/\/www.facebook.com\/AdriatIQa","https:\/\/www.linkedin.com\/company\/adriatiqa-translations"]}]}},"_links":{"self":[{"href":"https:\/\/www.adriatiqa.com\/sl\/wp-json\/wp\/v2\/pages\/5182","targetHints":{"allow":["GET"]}}],"collection":[{"href":"https:\/\/www.adriatiqa.com\/sl\/wp-json\/wp\/v2\/pages"}],"about":[{"href":"https:\/\/www.adriatiqa.com\/sl\/wp-json\/wp\/v2\/types\/page"}],"author":[{"embeddable":true,"href":"https:\/\/www.adriatiqa.com\/sl\/wp-json\/wp\/v2\/users\/2"}],"replies":[{"embeddable":true,"href":"https:\/\/www.adriatiqa.com\/sl\/wp-json\/wp\/v2\/comments?post=5182"}],"version-history":[{"count":3,"href":"https:\/\/www.adriatiqa.com\/sl\/wp-json\/wp\/v2\/pages\/5182\/revisions"}],"predecessor-version":[{"id":5186,"href":"https:\/\/www.adriatiqa.com\/sl\/wp-json\/wp\/v2\/pages\/5182\/revisions\/5186"}],"wp:attachment":[{"href":"https:\/\/www.adriatiqa.com\/sl\/wp-json\/wp\/v2\/media?parent=5182"}],"curies":[{"name":"wp","href":"https:\/\/api.w.org\/{rel}","templated":true}]}}