{"id":5300,"date":"2020-02-13T13:58:06","date_gmt":"2020-02-13T12:58:06","guid":{"rendered":"https:\/\/www.adriatiqa.com\/?page_id=5300"},"modified":"2020-02-13T14:01:55","modified_gmt":"2020-02-13T13:01:55","slug":"najbolj-romanticne-fraze-v-razlicnih-jezikih-sveta","status":"publish","type":"page","link":"https:\/\/www.adriatiqa.com\/sl\/najbolj-romanticne-fraze-v-razlicnih-jezikih-sveta\/","title":{"rendered":"Najbolj romanti\u010dne fraze v razli\u010dnih jezikih sveta"},"content":{"rendered":"<p>[vc_column_text width=&#8221;2\/3&#8243; el_position=&#8221;first&#8221;]<\/p>\n<p><b>Hja, kaj naj re\u010demo? Pri potovanjih, pa naj bodo zasebna ali pa tudi poslovna, pa tudi v \u017eivljenju nasploh, v\u010dasih pride prav tudi govorica ljubezni. In ker je ravno februar, mesec ljubezni, o razlogih ne bomo preve\u010d razpravljali, raje se takoj lotimo razli\u010dnih fraz v nekaj najbolj raz\u0161irjenih jezikih sveta. V vsakem jeziku vas bomo nau\u010dili eno povsem nedol\u017eno frazo, eno malce bolj neposredno in eno, od katere se ljubezen kar kadi. Izberite sami, katera bo najbolj\u0161a za vas \ud83d\ude42<\/b><\/p>\n<p>&nbsp;<\/p>\n<h4><span style=\"color: #0099cc;\"><b>Na potovanju v francosko govore\u010de dele sveta<\/b><\/span><\/h4>\n<p>Franco\u0161\u010dina, jezik ljubezni in strasti! Skoraj karkoli, kar povemo v tem jeziku, je romanti\u010dno, a \u010de boste obenem zadeli \u0161e z vsebino, vam zagotovo ne bo spodletelo.<\/p>\n<p>&nbsp;<\/p>\n<p>Popolnoma nedol\u017ena: <span style=\"color: #0099cc;\"><i>Vous venez souvent ici<\/i>?<\/span><\/p>\n<p>Ali pogosto prihajate sem? Popolnoma nedol\u017eno, kajne? Pa \u0161e vikanje uporablja, tako da z njo ne boste res nikogar u\u017ealili. Je pa seveda tudi vpra\u0161anje, koliko romanti\u010dnega uspeha vam bo prinesla. \u010ce pa \u017eelite izbolj\u0161ati svoje mo\u017enosti, da ujamete postavnega Francoza ali Francozinjo \u2026<\/p>\n<p>&nbsp;<\/p>\n<p>Neposredna: <span style=\"color: #0099cc;\"><i>Tu as de beaux yeux<\/i>.<\/span><\/p>\n<p>Ima\u0161 lepe o\u010di. Ulala, tole pa lahko hitro postane zelo vro\u010de, kaj pravite? Kakorkoli \u017ee, gre za frazo, ki va\u0161ih namenov prav veliko ne skriva. \u010ce pa niti ta ni kos va\u0161i neposrednosti, lahko poskusite tudi z naslednjo \u2026<\/p>\n<p>&nbsp;<\/p>\n<p>Romantika brez zadr\u017ekov: <span style=\"color: #0099cc;\"><i>Que mes baisers soient les mots d&#8217;amour que je ne te dis pas.<\/i><\/span><\/p>\n<p>Naj bodo moji poljubi besede ljubezni, ki ti jih ne bom izrekel. Pa vso sre\u010do pri uporabi te fraze! \ud83d\ude42<\/p>\n<p>&nbsp;<\/p>\n<p>&nbsp;<\/p>\n<h4><strong><span style=\"color: #0099cc;\">Na potovanju v angle\u0161ko govore\u010de dele sveta<\/span><\/strong><\/h4>\n<p>Angle\u0161\u010dina sicer ne slovi kot tako romanti\u010den jezik kot franco\u0161\u010dina, vendar pa v romanti\u010dnih frazah prav ni\u010d ne zaostaja za franco\u0161\u010dino \u2026<\/p>\n<p>&nbsp;<\/p>\n<p>Popolnoma nedol\u017ena: <span style=\"color: #0099cc;\"><i>Can I buy you a drink?<\/i><\/span><i><\/i><\/p>\n<p>No, popolnoma nedol\u017ena ta fraza sicer nikakor ni, vendar je klasi\u010dna angle\u0161ka osvajalska fraza, s katero lahko (skoraj) vedno za\u010dnete pogovor. In ko bo pogovor \u017ee nekaj \u010dasa trajal, lahko poskusite s precej bolj drzno \u2026<\/p>\n<p>&nbsp;<\/p>\n<p>Neposredna: <span style=\"color: #0099cc;\"><i>I love everything there is to love about you.<\/i><\/span><\/p>\n<p>Na tebi ljubim vse, kar je mo\u017eno ljubiti. Precej poeti\u010dno, kaj pravite? Si upate to tudi dejansko izre\u010di? \u010cakamo na poro\u010dilo z naslednjega potovanja \u2026<\/p>\n<p>&nbsp;<\/p>\n<p>Romantika brez zadr\u017ekov: <i>I<span style=\"color: #0099cc;\"> love you more than wine or chocolate.<\/span><\/i><i><\/i><\/p>\n<p>Ljubim te bolj kot vino ali \u010dokolado. \u010ce vam to izre\u017ee \u017eenska, je va\u0161a. Enako tudi, \u010de vam to izre\u010de mo\u0161ki \u2026 Uporabljajte pazljivo!<\/p>\n<p>&nbsp;<\/p>\n<p>&nbsp;<\/p>\n<h4><span style=\"color: #0099cc;\"><b>Na potovanju v nem\u0161ko govore\u010de dele sveta<\/b><\/span><\/h4>\n<p>Nem\u0161ki jezik slovi kot trd in neprijazen \u2013 pa lahko kljub temu z njim re\u010demo kaj romanti\u010dnega? Seveda! Kar nem\u0161\u010dina izgubi v zvenu samega jezika, pridobi v izvirnosti govorcev \u2026<\/p>\n<p>&nbsp;<\/p>\n<p>Popolnoma nedol\u017ena: <span style=\"color: #0099cc;\"><i>Hallo!<\/i><\/span><\/p>\n<p>Predstavljajte si, da sedete k nekomu in mu re\u010dete: \u00bb\u017divjo!\u00ab Odli\u010den za\u010detek pogovora, ki pa hkrati ne pove prav veliko, tako da se \u0161e vedno lahko elegantno umaknete, \u010de iz kateregakoli razloga nadaljevanje pogovora ne bi bilo ravno pametno.<\/p>\n<p>&nbsp;<\/p>\n<p>Neposredna: <span style=\"color: #0099cc;\"><i>Ich liebe dich in allen Sprachen der Welt<\/i>.<\/span><\/p>\n<p>Ljubim te v vseh jezikih sveta. Tole pa zveni poeti\u010dno, kaj? Prav gotovo je to fraza, s katero boste takoj pritegnili pozornost. \u010ce pa bo ta pozornost dobra ali slaba, boste verjetno izvedeli kmalu za tem \u2026<\/p>\n<p>&nbsp;<\/p>\n<p>Romantika brez zadr\u017ekov: <span style=\"color: #0099cc;\"><i>Du bist mein Wunder der Natur.<\/i><\/span><\/p>\n<p>Ti si moje \u010dudo narave. V sloven\u0161\u010dini sicer niti ne zveni tako zelo romanti\u010dno, v nem\u0161\u010dini pa precej bolj, brez skrbi! \u010ce nam ne verjamete, preizkusite sami.<\/p>\n<p>&nbsp;<\/p>\n<p>Kjerkoli \u017ee boste, \u017eelimo vam veliko ljubezni! \ud83d\ude42<\/p>\n<p>[\/vc_column_text] [vc_single_image image=&#8221;5301&#8243; img_size=&#8221;full&#8221; img_link_target=&#8221;pphoto&#8221; width=&#8221;1\/3&#8243; el_position=&#8221;last&#8221;]<\/p>\n","protected":false},"excerpt":{"rendered":"<p>[vc_column_text width=&#8221;2\/3&#8243; el_position=&#8221;first&#8221;] Hja, kaj naj re\u010demo? Pri potovanjih, pa naj bodo zasebna ali pa tudi poslovna, pa tudi v&#8230;<\/p>\n","protected":false},"author":2,"featured_media":0,"parent":0,"menu_order":0,"comment_status":"closed","ping_status":"closed","template":"","meta":{"footnotes":""},"class_list":["post-5300","page","type-page","status-publish"],"yoast_head":"<!-- This site is optimized with the Yoast SEO plugin v27.5 - https:\/\/yoast.com\/product\/yoast-seo-wordpress\/ -->\n<title>Najbolj romanti\u010dne fraze v razli\u010dnih jezikih sveta | AdriatIQa Prevodi, prevajalska agencija<\/title>\n<meta name=\"description\" content=\"V \u017eivljenju v\u010dasih pride prav tudi govorica ljubezni. In ker je ravno februar, mesec ljubezni, smo poiskali nekaj romanti\u010dnih fraz v najbolj raz\u0161irjenih jezikih sveta.\" \/>\n<meta name=\"robots\" content=\"index, follow, max-snippet:-1, max-image-preview:large, max-video-preview:-1\" \/>\n<link rel=\"canonical\" href=\"https:\/\/www.adriatiqa.com\/sl\/najbolj-romanticne-fraze-v-razlicnih-jezikih-sveta\/\" \/>\n<meta name=\"twitter:label1\" content=\"Est. reading time\" \/>\n\t<meta name=\"twitter:data1\" content=\"3 minutes\" \/>\n<script type=\"application\/ld+json\" class=\"yoast-schema-graph\">{\"@context\":\"https:\\\/\\\/schema.org\",\"@graph\":[{\"@type\":\"WebPage\",\"@id\":\"https:\\\/\\\/www.adriatiqa.com\\\/sl\\\/najbolj-romanticne-fraze-v-razlicnih-jezikih-sveta\\\/\",\"url\":\"https:\\\/\\\/www.adriatiqa.com\\\/sl\\\/najbolj-romanticne-fraze-v-razlicnih-jezikih-sveta\\\/\",\"name\":\"Najbolj romanti\u010dne fraze v razli\u010dnih jezikih sveta | AdriatIQa Prevodi, prevajalska agencija\",\"isPartOf\":{\"@id\":\"https:\\\/\\\/www.adriatiqa.com\\\/sl\\\/#website\"},\"datePublished\":\"2020-02-13T12:58:06+00:00\",\"dateModified\":\"2020-02-13T13:01:55+00:00\",\"description\":\"V \u017eivljenju v\u010dasih pride prav tudi govorica ljubezni. In ker je ravno februar, mesec ljubezni, smo poiskali nekaj romanti\u010dnih fraz v najbolj raz\u0161irjenih jezikih sveta.\",\"breadcrumb\":{\"@id\":\"https:\\\/\\\/www.adriatiqa.com\\\/sl\\\/najbolj-romanticne-fraze-v-razlicnih-jezikih-sveta\\\/#breadcrumb\"},\"inLanguage\":\"sl\",\"potentialAction\":[{\"@type\":\"ReadAction\",\"target\":[\"https:\\\/\\\/www.adriatiqa.com\\\/sl\\\/najbolj-romanticne-fraze-v-razlicnih-jezikih-sveta\\\/\"]}]},{\"@type\":\"BreadcrumbList\",\"@id\":\"https:\\\/\\\/www.adriatiqa.com\\\/sl\\\/najbolj-romanticne-fraze-v-razlicnih-jezikih-sveta\\\/#breadcrumb\",\"itemListElement\":[{\"@type\":\"ListItem\",\"position\":1,\"name\":\"Home\",\"item\":\"https:\\\/\\\/www.adriatiqa.com\\\/sl\\\/\"},{\"@type\":\"ListItem\",\"position\":2,\"name\":\"Najbolj romanti\u010dne fraze v razli\u010dnih jezikih sveta\"}]},{\"@type\":\"WebSite\",\"@id\":\"https:\\\/\\\/www.adriatiqa.com\\\/sl\\\/#website\",\"url\":\"https:\\\/\\\/www.adriatiqa.com\\\/sl\\\/\",\"name\":\"AdriatIQa Prevodi, prevajalska agencija\",\"description\":\"Prevajanje, prevod v angle\u0161\u010dino, nem\u0161\u010dino\",\"publisher\":{\"@id\":\"https:\\\/\\\/www.adriatiqa.com\\\/sl\\\/#organization\"},\"potentialAction\":[{\"@type\":\"SearchAction\",\"target\":{\"@type\":\"EntryPoint\",\"urlTemplate\":\"https:\\\/\\\/www.adriatiqa.com\\\/sl\\\/?s={search_term_string}\"},\"query-input\":{\"@type\":\"PropertyValueSpecification\",\"valueRequired\":true,\"valueName\":\"search_term_string\"}}],\"inLanguage\":\"sl\"},{\"@type\":\"Organization\",\"@id\":\"https:\\\/\\\/www.adriatiqa.com\\\/sl\\\/#organization\",\"name\":\"ATE Globalis d.o.o.\",\"url\":\"https:\\\/\\\/www.adriatiqa.com\\\/sl\\\/\",\"logo\":{\"@type\":\"ImageObject\",\"inLanguage\":\"sl\",\"@id\":\"https:\\\/\\\/www.adriatiqa.com\\\/sl\\\/#\\\/schema\\\/logo\\\/image\\\/\",\"url\":\"https:\\\/\\\/www.adriatiqa.com\\\/wp-content\\\/uploads\\\/2012\\\/11\\\/adriatiqa-logo.png\",\"contentUrl\":\"https:\\\/\\\/www.adriatiqa.com\\\/wp-content\\\/uploads\\\/2012\\\/11\\\/adriatiqa-logo.png\",\"width\":297,\"height\":57,\"caption\":\"ATE Globalis d.o.o.\"},\"image\":{\"@id\":\"https:\\\/\\\/www.adriatiqa.com\\\/sl\\\/#\\\/schema\\\/logo\\\/image\\\/\"},\"sameAs\":[\"https:\\\/\\\/www.facebook.com\\\/AdriatIQa\",\"https:\\\/\\\/www.linkedin.com\\\/company\\\/adriatiqa-translations\"]}]}<\/script>\n<!-- \/ Yoast SEO plugin. -->","yoast_head_json":{"title":"Najbolj romanti\u010dne fraze v razli\u010dnih jezikih sveta | AdriatIQa Prevodi, prevajalska agencija","description":"V \u017eivljenju v\u010dasih pride prav tudi govorica ljubezni. In ker je ravno februar, mesec ljubezni, smo poiskali nekaj romanti\u010dnih fraz v najbolj raz\u0161irjenih jezikih sveta.","robots":{"index":"index","follow":"follow","max-snippet":"max-snippet:-1","max-image-preview":"max-image-preview:large","max-video-preview":"max-video-preview:-1"},"canonical":"https:\/\/www.adriatiqa.com\/sl\/najbolj-romanticne-fraze-v-razlicnih-jezikih-sveta\/","twitter_misc":{"Est. reading time":"3 minutes"},"schema":{"@context":"https:\/\/schema.org","@graph":[{"@type":"WebPage","@id":"https:\/\/www.adriatiqa.com\/sl\/najbolj-romanticne-fraze-v-razlicnih-jezikih-sveta\/","url":"https:\/\/www.adriatiqa.com\/sl\/najbolj-romanticne-fraze-v-razlicnih-jezikih-sveta\/","name":"Najbolj romanti\u010dne fraze v razli\u010dnih jezikih sveta | AdriatIQa Prevodi, prevajalska agencija","isPartOf":{"@id":"https:\/\/www.adriatiqa.com\/sl\/#website"},"datePublished":"2020-02-13T12:58:06+00:00","dateModified":"2020-02-13T13:01:55+00:00","description":"V \u017eivljenju v\u010dasih pride prav tudi govorica ljubezni. In ker je ravno februar, mesec ljubezni, smo poiskali nekaj romanti\u010dnih fraz v najbolj raz\u0161irjenih jezikih sveta.","breadcrumb":{"@id":"https:\/\/www.adriatiqa.com\/sl\/najbolj-romanticne-fraze-v-razlicnih-jezikih-sveta\/#breadcrumb"},"inLanguage":"sl","potentialAction":[{"@type":"ReadAction","target":["https:\/\/www.adriatiqa.com\/sl\/najbolj-romanticne-fraze-v-razlicnih-jezikih-sveta\/"]}]},{"@type":"BreadcrumbList","@id":"https:\/\/www.adriatiqa.com\/sl\/najbolj-romanticne-fraze-v-razlicnih-jezikih-sveta\/#breadcrumb","itemListElement":[{"@type":"ListItem","position":1,"name":"Home","item":"https:\/\/www.adriatiqa.com\/sl\/"},{"@type":"ListItem","position":2,"name":"Najbolj romanti\u010dne fraze v razli\u010dnih jezikih sveta"}]},{"@type":"WebSite","@id":"https:\/\/www.adriatiqa.com\/sl\/#website","url":"https:\/\/www.adriatiqa.com\/sl\/","name":"AdriatIQa Prevodi, prevajalska agencija","description":"Prevajanje, prevod v angle\u0161\u010dino, nem\u0161\u010dino","publisher":{"@id":"https:\/\/www.adriatiqa.com\/sl\/#organization"},"potentialAction":[{"@type":"SearchAction","target":{"@type":"EntryPoint","urlTemplate":"https:\/\/www.adriatiqa.com\/sl\/?s={search_term_string}"},"query-input":{"@type":"PropertyValueSpecification","valueRequired":true,"valueName":"search_term_string"}}],"inLanguage":"sl"},{"@type":"Organization","@id":"https:\/\/www.adriatiqa.com\/sl\/#organization","name":"ATE Globalis d.o.o.","url":"https:\/\/www.adriatiqa.com\/sl\/","logo":{"@type":"ImageObject","inLanguage":"sl","@id":"https:\/\/www.adriatiqa.com\/sl\/#\/schema\/logo\/image\/","url":"https:\/\/www.adriatiqa.com\/wp-content\/uploads\/2012\/11\/adriatiqa-logo.png","contentUrl":"https:\/\/www.adriatiqa.com\/wp-content\/uploads\/2012\/11\/adriatiqa-logo.png","width":297,"height":57,"caption":"ATE Globalis d.o.o."},"image":{"@id":"https:\/\/www.adriatiqa.com\/sl\/#\/schema\/logo\/image\/"},"sameAs":["https:\/\/www.facebook.com\/AdriatIQa","https:\/\/www.linkedin.com\/company\/adriatiqa-translations"]}]}},"_links":{"self":[{"href":"https:\/\/www.adriatiqa.com\/sl\/wp-json\/wp\/v2\/pages\/5300","targetHints":{"allow":["GET"]}}],"collection":[{"href":"https:\/\/www.adriatiqa.com\/sl\/wp-json\/wp\/v2\/pages"}],"about":[{"href":"https:\/\/www.adriatiqa.com\/sl\/wp-json\/wp\/v2\/types\/page"}],"author":[{"embeddable":true,"href":"https:\/\/www.adriatiqa.com\/sl\/wp-json\/wp\/v2\/users\/2"}],"replies":[{"embeddable":true,"href":"https:\/\/www.adriatiqa.com\/sl\/wp-json\/wp\/v2\/comments?post=5300"}],"version-history":[{"count":7,"href":"https:\/\/www.adriatiqa.com\/sl\/wp-json\/wp\/v2\/pages\/5300\/revisions"}],"predecessor-version":[{"id":5305,"href":"https:\/\/www.adriatiqa.com\/sl\/wp-json\/wp\/v2\/pages\/5300\/revisions\/5305"}],"wp:attachment":[{"href":"https:\/\/www.adriatiqa.com\/sl\/wp-json\/wp\/v2\/media?parent=5300"}],"curies":[{"name":"wp","href":"https:\/\/api.w.org\/{rel}","templated":true}]}}