{"id":5412,"date":"2020-08-21T14:25:46","date_gmt":"2020-08-21T12:25:46","guid":{"rendered":"https:\/\/www.adriatiqa.com\/?page_id=5412"},"modified":"2022-10-27T09:47:28","modified_gmt":"2022-10-27T07:47:28","slug":"na-kaj-vse-morate-pomisliti-preden-se-lotite-lokalizacije-spletne-strani","status":"publish","type":"page","link":"https:\/\/www.adriatiqa.com\/sl\/na-kaj-vse-morate-pomisliti-preden-se-lotite-lokalizacije-spletne-strani\/","title":{"rendered":"Na kaj vse morate pomisliti, preden se lotite lokalizacije spletne strani?"},"content":{"rendered":"<p>[vc_column_text width=&#8221;2\/3&#8243; el_position=&#8221;first&#8221;]<\/p>\n<p><b>Lokalizacija je zadeva, ki v dana\u0161nji globalni ekonomiji prej ali slej \u010daka vsako uspe\u0161no podjetje. V \u017eelji po osvajanju bogatih in mno\u017ei\u010dnih tujih trgov svoje izdelke in storitve tako ponujamo tudi v \u0161tevilnih tujih jezikih. Lokalizacija spletne strani pa nikakor ne pomeni samo prevod; gre namre\u010d tudi za prilagoditev lokalni kulturi, navadam, pri\u010dakovanjem \u2026 V nadaljevanju vam predstavljamo 5 najpomembnej\u0161ih stvari, na katere morate pomisliti pri lokalizaciji spletnih strani.<\/b><\/p>\n<p>&nbsp;<\/p>\n<h4><span style=\"color: #0099cc;\"><b>Dolo\u010dite prioritete<\/b><\/span><\/h4>\n<p>Zadeva je preprosta: ve\u010d spletnih strani in povezanih vsebin lokalizirate, vi\u0161ji bo stro\u0161ek. V idealnem svetu bi seveda lokalizirali \u010disto vse vsebine, ki jih kot podjetje ponujamo razli\u010dnim trgom, v praksi pa je zaradi optimizacije stro\u0161kov treba dolo\u010diti prioritete in za lokalizacijo izbrati le tiste vsebine, ki jih najbolj potrebujemo. Katere to so, je obi\u010dajno najbolj\u0161e vpra\u0161anje za marketin\u0161ke oddelke v podjetjih \u2026<\/p>\n<p>&nbsp;<\/p>\n<h4><span style=\"color: #0099cc;\"><b>Premislite o grafi\u010dnih elementih in splo\u0161nem dizajnu<\/b><\/span><\/h4>\n<p>\u017de na za\u010detku smo poudarili, da lokalizacija ni zgolj <a href=\"https:\/\/www.adriatiqa.com\/sl\/prevajanje\/\">prevajanje <\/a>besed. Gre bolj za prena\u0161anje ideje v drugo kulturno okolje, pri \u010demer pa seveda moramo preveriti, kaj to novo okolje pri\u010dakuje in dovoljuje. Nekateri grafi\u010dni elementi so na dolo\u010denih trgih lahko sporni, prav tako potro\u0161niki z razli\u010dnih trgov v\u010dasih pri\u010dakujejo zelo razli\u010dne informacije o izdelkih ali storitvah.<\/p>\n<p>&nbsp;<\/p>\n<h4><span style=\"color: #0099cc;\"><b>Ne pozabite na optimizacijo za mobilne naprave<\/b><\/span><\/h4>\n<p>Mobilne naprave so novi ra\u010dunalniki \u2013 to postaja iz leta v leto bolj res. Vse ve\u010d ljudi za brskanje po spletu uporablja predvsem ali samo mobilne naprave. In vse ve\u010d ljudi z mobilnimi napravami tudi opravlja nakupe po spletu. Poskrbite torej, da bo uporabni\u0161ka izku\u0161nja za mobilne naprave na lokaliziranih straneh enako dobra kot na va\u0161i izvorni spletni strani.<\/p>\n<p>&nbsp;<\/p>\n<h4><span style=\"color: #0099cc;\"><b>Testirajte<\/b><\/span><\/h4>\n<p>Pri <a href=\"https:\/\/www.adriatiqa.com\/sl\/storitve\/lokalizacija\/\">lokalizaciji <\/a>je treba misliti na veliko stvari. Denimo tudi na pravilen prikaz posebnih znakov in simbolov. Na uporabo bli\u017enjic na razli\u010dnih vrstah tipkovnic. Na prilagojen dizajn glede na spremenjeno dol\u017eino besedila. Vse te podrobnosti nam zlahka uidejo med samo pripravo lokalizacije, zato je vedno priporo\u010dljivo stran \u0161e temeljito testirati, preden gre v dejansko uporabo.<\/p>\n<p>&nbsp;<\/p>\n<h4><span style=\"color: #0099cc;\"><b>Pove\u017eite se z lokalnim strokovnjakom<\/b><\/span><\/h4>\n<p>\u010ce res \u017eelite zagotoviti popolno kulturno ustreznost lokalizirane strani, se boste morali povezati z nekom, ki to kulturo tudi res dobro in od blizu pozna. Pri prevajanju pogosto sli\u0161imo pravilo, da prevajalci prevajajo le iz tujega jezika v svoj materni <a href=\"https:\/\/www.adriatiqa.com\/sl\/jeziki\/\">jezik<\/a>. Ravno zaradi tega, da je ciljno besedilo res prilagojeno ciljni publiki.<\/p>\n<p>&nbsp;<\/p>\n<h4><span style=\"color: #0099cc;\"><b>Za zaklju\u010dek<\/b><\/span><\/h4>\n<p>Zdaj vam je najbr\u017e jasno, da lokalizacija res ni le prevajanje besedil. Gre za kompleksen proces, ki ga je treba skrbno na\u010drtovati vnaprej. Razmislite torej, kaj potrebujete in kako se boste vsega skupaj lotili, nato pa pripravite jasen na\u010drt in razdelite delovne naloge vsem sodelujo\u010dim \u2013 tako tistim znotraj va\u0161ega podjetja kot tudi zunanjim partnerjem pri projektu lokalizacije. Lokalizacija je vedno rezultat sodelovanja ve\u010d strani, najbolj\u0161e rezultate (in najmanj nepotrebno zapravljenega denarja) pa boste dosegli le z usklajenim sodelovanjem. Pa sre\u010dno!<\/p>\n<p>&nbsp;<\/p>\n<p>[\/vc_column_text] [vc_single_image image=&#8221;5413&#8243; img_size=&#8221;full&#8221; img_link_target=&#8221;pphoto&#8221; width=&#8221;1\/3&#8243; el_position=&#8221;last&#8221;]<\/p>\n","protected":false},"excerpt":{"rendered":"<p>[vc_column_text width=&#8221;2\/3&#8243; el_position=&#8221;first&#8221;] Lokalizacija je zadeva, ki v dana\u0161nji globalni ekonomiji prej ali slej \u010daka vsako uspe\u0161no podjetje. V \u017eelji&#8230;<\/p>\n","protected":false},"author":2,"featured_media":0,"parent":0,"menu_order":0,"comment_status":"closed","ping_status":"closed","template":"","meta":{"footnotes":""},"class_list":["post-5412","page","type-page","status-publish"],"yoast_head":"<!-- This site is optimized with the Yoast SEO plugin v27.5 - https:\/\/yoast.com\/product\/yoast-seo-wordpress\/ -->\n<title>Na kaj vse morate pomisliti, preden se lotite lokalizacije spletne strani? | AdriatIQa Prevodi, prevajalska agencija<\/title>\n<meta name=\"description\" content=\"Lokalizacija spletne strani ne pomeni samo prevod; gre namre\u010d tudi za prilagoditev lokalni kulturi, navadam, pri\u010dakovanjem \u2026\" \/>\n<meta name=\"robots\" content=\"index, follow, max-snippet:-1, max-image-preview:large, max-video-preview:-1\" \/>\n<link rel=\"canonical\" href=\"https:\/\/www.adriatiqa.com\/sl\/na-kaj-vse-morate-pomisliti-preden-se-lotite-lokalizacije-spletne-strani\/\" \/>\n<meta name=\"twitter:label1\" content=\"Est. reading time\" \/>\n\t<meta name=\"twitter:data1\" content=\"3 minutes\" \/>\n<script type=\"application\/ld+json\" class=\"yoast-schema-graph\">{\"@context\":\"https:\\\/\\\/schema.org\",\"@graph\":[{\"@type\":\"WebPage\",\"@id\":\"https:\\\/\\\/www.adriatiqa.com\\\/sl\\\/na-kaj-vse-morate-pomisliti-preden-se-lotite-lokalizacije-spletne-strani\\\/\",\"url\":\"https:\\\/\\\/www.adriatiqa.com\\\/sl\\\/na-kaj-vse-morate-pomisliti-preden-se-lotite-lokalizacije-spletne-strani\\\/\",\"name\":\"Na kaj vse morate pomisliti, preden se lotite lokalizacije spletne strani? | AdriatIQa Prevodi, prevajalska agencija\",\"isPartOf\":{\"@id\":\"https:\\\/\\\/www.adriatiqa.com\\\/sl\\\/#website\"},\"datePublished\":\"2020-08-21T12:25:46+00:00\",\"dateModified\":\"2022-10-27T07:47:28+00:00\",\"description\":\"Lokalizacija spletne strani ne pomeni samo prevod; gre namre\u010d tudi za prilagoditev lokalni kulturi, navadam, pri\u010dakovanjem \u2026\",\"breadcrumb\":{\"@id\":\"https:\\\/\\\/www.adriatiqa.com\\\/sl\\\/na-kaj-vse-morate-pomisliti-preden-se-lotite-lokalizacije-spletne-strani\\\/#breadcrumb\"},\"inLanguage\":\"sl\",\"potentialAction\":[{\"@type\":\"ReadAction\",\"target\":[\"https:\\\/\\\/www.adriatiqa.com\\\/sl\\\/na-kaj-vse-morate-pomisliti-preden-se-lotite-lokalizacije-spletne-strani\\\/\"]}]},{\"@type\":\"BreadcrumbList\",\"@id\":\"https:\\\/\\\/www.adriatiqa.com\\\/sl\\\/na-kaj-vse-morate-pomisliti-preden-se-lotite-lokalizacije-spletne-strani\\\/#breadcrumb\",\"itemListElement\":[{\"@type\":\"ListItem\",\"position\":1,\"name\":\"Home\",\"item\":\"https:\\\/\\\/www.adriatiqa.com\\\/sl\\\/\"},{\"@type\":\"ListItem\",\"position\":2,\"name\":\"Na kaj vse morate pomisliti, preden se lotite lokalizacije spletne strani?\"}]},{\"@type\":\"WebSite\",\"@id\":\"https:\\\/\\\/www.adriatiqa.com\\\/sl\\\/#website\",\"url\":\"https:\\\/\\\/www.adriatiqa.com\\\/sl\\\/\",\"name\":\"AdriatIQa Prevodi, prevajalska agencija\",\"description\":\"Prevajanje, prevod v angle\u0161\u010dino, nem\u0161\u010dino\",\"publisher\":{\"@id\":\"https:\\\/\\\/www.adriatiqa.com\\\/sl\\\/#organization\"},\"potentialAction\":[{\"@type\":\"SearchAction\",\"target\":{\"@type\":\"EntryPoint\",\"urlTemplate\":\"https:\\\/\\\/www.adriatiqa.com\\\/sl\\\/?s={search_term_string}\"},\"query-input\":{\"@type\":\"PropertyValueSpecification\",\"valueRequired\":true,\"valueName\":\"search_term_string\"}}],\"inLanguage\":\"sl\"},{\"@type\":\"Organization\",\"@id\":\"https:\\\/\\\/www.adriatiqa.com\\\/sl\\\/#organization\",\"name\":\"ATE Globalis d.o.o.\",\"url\":\"https:\\\/\\\/www.adriatiqa.com\\\/sl\\\/\",\"logo\":{\"@type\":\"ImageObject\",\"inLanguage\":\"sl\",\"@id\":\"https:\\\/\\\/www.adriatiqa.com\\\/sl\\\/#\\\/schema\\\/logo\\\/image\\\/\",\"url\":\"https:\\\/\\\/www.adriatiqa.com\\\/wp-content\\\/uploads\\\/2012\\\/11\\\/adriatiqa-logo.png\",\"contentUrl\":\"https:\\\/\\\/www.adriatiqa.com\\\/wp-content\\\/uploads\\\/2012\\\/11\\\/adriatiqa-logo.png\",\"width\":297,\"height\":57,\"caption\":\"ATE Globalis d.o.o.\"},\"image\":{\"@id\":\"https:\\\/\\\/www.adriatiqa.com\\\/sl\\\/#\\\/schema\\\/logo\\\/image\\\/\"},\"sameAs\":[\"https:\\\/\\\/www.facebook.com\\\/AdriatIQa\",\"https:\\\/\\\/www.linkedin.com\\\/company\\\/adriatiqa-translations\"]}]}<\/script>\n<!-- \/ Yoast SEO plugin. -->","yoast_head_json":{"title":"Na kaj vse morate pomisliti, preden se lotite lokalizacije spletne strani? | AdriatIQa Prevodi, prevajalska agencija","description":"Lokalizacija spletne strani ne pomeni samo prevod; gre namre\u010d tudi za prilagoditev lokalni kulturi, navadam, pri\u010dakovanjem \u2026","robots":{"index":"index","follow":"follow","max-snippet":"max-snippet:-1","max-image-preview":"max-image-preview:large","max-video-preview":"max-video-preview:-1"},"canonical":"https:\/\/www.adriatiqa.com\/sl\/na-kaj-vse-morate-pomisliti-preden-se-lotite-lokalizacije-spletne-strani\/","twitter_misc":{"Est. reading time":"3 minutes"},"schema":{"@context":"https:\/\/schema.org","@graph":[{"@type":"WebPage","@id":"https:\/\/www.adriatiqa.com\/sl\/na-kaj-vse-morate-pomisliti-preden-se-lotite-lokalizacije-spletne-strani\/","url":"https:\/\/www.adriatiqa.com\/sl\/na-kaj-vse-morate-pomisliti-preden-se-lotite-lokalizacije-spletne-strani\/","name":"Na kaj vse morate pomisliti, preden se lotite lokalizacije spletne strani? | AdriatIQa Prevodi, prevajalska agencija","isPartOf":{"@id":"https:\/\/www.adriatiqa.com\/sl\/#website"},"datePublished":"2020-08-21T12:25:46+00:00","dateModified":"2022-10-27T07:47:28+00:00","description":"Lokalizacija spletne strani ne pomeni samo prevod; gre namre\u010d tudi za prilagoditev lokalni kulturi, navadam, pri\u010dakovanjem \u2026","breadcrumb":{"@id":"https:\/\/www.adriatiqa.com\/sl\/na-kaj-vse-morate-pomisliti-preden-se-lotite-lokalizacije-spletne-strani\/#breadcrumb"},"inLanguage":"sl","potentialAction":[{"@type":"ReadAction","target":["https:\/\/www.adriatiqa.com\/sl\/na-kaj-vse-morate-pomisliti-preden-se-lotite-lokalizacije-spletne-strani\/"]}]},{"@type":"BreadcrumbList","@id":"https:\/\/www.adriatiqa.com\/sl\/na-kaj-vse-morate-pomisliti-preden-se-lotite-lokalizacije-spletne-strani\/#breadcrumb","itemListElement":[{"@type":"ListItem","position":1,"name":"Home","item":"https:\/\/www.adriatiqa.com\/sl\/"},{"@type":"ListItem","position":2,"name":"Na kaj vse morate pomisliti, preden se lotite lokalizacije spletne strani?"}]},{"@type":"WebSite","@id":"https:\/\/www.adriatiqa.com\/sl\/#website","url":"https:\/\/www.adriatiqa.com\/sl\/","name":"AdriatIQa Prevodi, prevajalska agencija","description":"Prevajanje, prevod v angle\u0161\u010dino, nem\u0161\u010dino","publisher":{"@id":"https:\/\/www.adriatiqa.com\/sl\/#organization"},"potentialAction":[{"@type":"SearchAction","target":{"@type":"EntryPoint","urlTemplate":"https:\/\/www.adriatiqa.com\/sl\/?s={search_term_string}"},"query-input":{"@type":"PropertyValueSpecification","valueRequired":true,"valueName":"search_term_string"}}],"inLanguage":"sl"},{"@type":"Organization","@id":"https:\/\/www.adriatiqa.com\/sl\/#organization","name":"ATE Globalis d.o.o.","url":"https:\/\/www.adriatiqa.com\/sl\/","logo":{"@type":"ImageObject","inLanguage":"sl","@id":"https:\/\/www.adriatiqa.com\/sl\/#\/schema\/logo\/image\/","url":"https:\/\/www.adriatiqa.com\/wp-content\/uploads\/2012\/11\/adriatiqa-logo.png","contentUrl":"https:\/\/www.adriatiqa.com\/wp-content\/uploads\/2012\/11\/adriatiqa-logo.png","width":297,"height":57,"caption":"ATE Globalis d.o.o."},"image":{"@id":"https:\/\/www.adriatiqa.com\/sl\/#\/schema\/logo\/image\/"},"sameAs":["https:\/\/www.facebook.com\/AdriatIQa","https:\/\/www.linkedin.com\/company\/adriatiqa-translations"]}]}},"_links":{"self":[{"href":"https:\/\/www.adriatiqa.com\/sl\/wp-json\/wp\/v2\/pages\/5412","targetHints":{"allow":["GET"]}}],"collection":[{"href":"https:\/\/www.adriatiqa.com\/sl\/wp-json\/wp\/v2\/pages"}],"about":[{"href":"https:\/\/www.adriatiqa.com\/sl\/wp-json\/wp\/v2\/types\/page"}],"author":[{"embeddable":true,"href":"https:\/\/www.adriatiqa.com\/sl\/wp-json\/wp\/v2\/users\/2"}],"replies":[{"embeddable":true,"href":"https:\/\/www.adriatiqa.com\/sl\/wp-json\/wp\/v2\/comments?post=5412"}],"version-history":[{"count":2,"href":"https:\/\/www.adriatiqa.com\/sl\/wp-json\/wp\/v2\/pages\/5412\/revisions"}],"predecessor-version":[{"id":30926,"href":"https:\/\/www.adriatiqa.com\/sl\/wp-json\/wp\/v2\/pages\/5412\/revisions\/30926"}],"wp:attachment":[{"href":"https:\/\/www.adriatiqa.com\/sl\/wp-json\/wp\/v2\/media?parent=5412"}],"curies":[{"name":"wp","href":"https:\/\/api.w.org\/{rel}","templated":true}]}}