{"id":5497,"date":"2020-12-20T20:45:44","date_gmt":"2020-12-20T19:45:44","guid":{"rendered":"https:\/\/www.adriatiqa.com\/?page_id=5497"},"modified":"2022-10-27T09:28:56","modified_gmt":"2022-10-27T07:28:56","slug":"imate-raje-hladen-ali-hladni-caj","status":"publish","type":"page","link":"https:\/\/www.adriatiqa.com\/sl\/imate-raje-hladen-ali-hladni-caj\/","title":{"rendered":"Imate raje hladen ali hladni \u010daj?"},"content":{"rendered":"<p>[vc_column_text width=&#8221;2\/3&#8243; el_position=&#8221;first&#8221;]<\/p>\n<p><b>Sloven\u0161\u010dina je \u010dudovit jezik \u2013 najbr\u017e se tudi vi strinjate, kajne? Seveda. Moramo pa priznati, da znajo nekatere podrobnosti na\u0161ega lepega jezika v\u010dasih biti zelo kompleksne. Pri vsakdanji rabi se sicer zlahka znajdemo tudi brez poznavanja vseh teh zapletenih podrobnosti, pri uradni rabi jezika \u2013 denimo v pisnih marketin\u0161kih vsebinah va\u0161ega podjetja \u2013 pa izgovorov seveda ne sme biti. Torej: ali denimo znate pravilno uporabljati dolo\u010dno in nedolo\u010dno obliko pridevnikov? Ali imate raje hladen ali hladni \u010daj? Pa poglejmo \u2026<\/b><\/p>\n<p>&nbsp;<\/p>\n<h4><span style=\"color: #0099cc;\"><b>Na kratko o vrstah pridevnikov<\/b><\/span><\/h4>\n<p>Se \u0161e spomnite 4 osnovnih vrst pridevnikov, o katerih ste se gotovo u\u010dili v \u0161oli? Svojilni (Matja\u017eev, moj, o\u010detov), koli\u010dinski (precej, sedem), vrstni (slovenski, modri, hladni) in kakovostni (majhen, rde\u010d). In ko se odlo\u010damo glede pravilnega zapisa pridevnika (kot denimo v primeru hladen oziroma hladni \u010daj), gre predvsem za vpra\u0161anje vrste pridevnika. Je pridevnik kakovosten ali vrstni?<\/p>\n<p>&nbsp;<\/p>\n<h4><span style=\"color: #0099cc;\"><b>Dolo\u010dni in nedolo\u010dni pridevniki<\/b><\/span><\/h4>\n<p>Kakovostni pridevniki so velikokrat nedolo\u010dni, kar pomeni, da nimajo kon\u010dnice -i (hladen), vrstni pa so vedno dolo\u010dni in jim zato dodamo kon\u010dnico -i, \u010de se to seveda da (hladni).\u00a0 Kako pa vemo, kdaj je pridevnik kakovosten in kdaj vrstni, da mu dodamo ustrezno kon\u010dnico (hladen \/ hladni)?<\/p>\n<p>&nbsp;<\/p>\n<h4><span style=\"color: #0099cc;\"><b>Kak\u0161en? Kateri?<\/b><\/span><\/h4>\n<p>Najla\u017eje si pomagamo z zgornjima vpra\u0161alnicama. \u010ce je v kontekstu stavka torej bolj smiselna vpra\u0161alnica kak\u0161en (\u010daj pijemo), je prava izbira oblika brez kon\u010dnega -i, torej hladen. \u010ce pa se vpra\u0161amo, kateri (\u010daj pijemo), pa je ustrezna raba dolo\u010dne oblike s kon\u010dnico -i, torej hladni. Poglejmo nekaj primerov, da bo bolj jasno.<\/p>\n<p>&nbsp;<\/p>\n<p>Pijem hladen \u010daj.<\/p>\n<p>V podjetju smo strokovnjaki za hladni \u010daj.<\/p>\n<p>&nbsp;<\/p>\n<p>V prvem primeru gre samo za lastnost \u010daja, torej KAK\u0160EN \u010daj pijemo. Pravilna oblika je nedolo\u010dna \u2013 hladen. V drugem primeru pa je bolj ustrezna vpra\u0161alnica za KATERI \u010daj smo strokovnjaki v podjetju, saj govorimo o vrsti \u010daja. V tem smislu lahko \u010daje lo\u010dimo na dve vrsti: denimo klasi\u010den topli \u010daj in hladni \u010daj, ki pride prav v poletnih dneh.<\/p>\n<p>Zamislimo si \u0161e primer, ko sta mogo\u010di obe mo\u017enosti.\u00a0 \u010ce nam nekdo ob obisku \u017eeli postre\u010di \u010daj in nas denimo vpra\u0161a, \u010de bi raje toplega ali hladnega (torej KAK\u0160NEGA), mu mirno odgovorimo z nedolo\u010dno obliko \u2013 Pil bi hladen \u010daj, prosim. \u010ce pa sta pred nami na mizi dve skodelici, v eni je topel, v drugi pa hladen \u010daj, pa je bolj ustrezna vpra\u0161alnica KATERI izmed obeh \u010dajev nam je bolj pri srcu. V tem primeru bi z vso pravico odgovorili, da hladni.<\/p>\n<p>&nbsp;<\/p>\n<p>Poskusite izbrati pravilno obliko pridevnika rde\u010d oziroma rde\u010di \u0161e sami v spodnjih primerih.<\/p>\n<p>&nbsp;<\/p>\n<p>Moj avto je __________.<\/p>\n<p>_______ avto je tisti, ki me je zaparkiral.<\/p>\n<p>&nbsp;<\/p>\n<p>Re\u0161itev: v prvem primeru je bolj ustrezna izbira rde\u010d, saj govorimo o lastnosti avtomobila, v drugem pa rde\u010di, saj govorimo o tem, kateri avto nas je zaparkiral. Preprosto, kajne? Z malce vaje res \u2026<\/p>\n<p>&nbsp;<\/p>\n<p>Vadite torej in kmalu bodo vsi va\u0161i pridevniki na pravem mestu in v pravi obliki, zaradi \u010desar bodo va\u0161a besedila ozna\u010dena kot profesionalna tudi s strani najbolj zahtevnih uporabnikov. Sre\u010dno!<\/p>\n<p>&nbsp;<\/p>\n<p>[\/vc_column_text] [vc_single_image image=&#8221;5498&#8243; img_size=&#8221;full&#8221; img_link_target=&#8221;pphoto&#8221; width=&#8221;1\/3&#8243; el_position=&#8221;last&#8221;]<\/p>\n","protected":false},"excerpt":{"rendered":"<p>[vc_column_text width=&#8221;2\/3&#8243; el_position=&#8221;first&#8221;] Sloven\u0161\u010dina je \u010dudovit jezik \u2013 najbr\u017e se tudi vi strinjate, kajne? Seveda. Moramo pa priznati, da znajo&#8230;<\/p>\n","protected":false},"author":2,"featured_media":0,"parent":0,"menu_order":0,"comment_status":"closed","ping_status":"closed","template":"","meta":{"footnotes":""},"class_list":["post-5497","page","type-page","status-publish"],"yoast_head":"<!-- This site is optimized with the Yoast SEO plugin v27.5 - https:\/\/yoast.com\/product\/yoast-seo-wordpress\/ -->\n<title>Imate raje hladen ali hladni \u010daj? | AdriatIQa Prevodi, prevajalska agencija<\/title>\n<meta name=\"description\" content=\"Nekatere podrobnosti na\u0161ega lepega jezika v\u010dasih biti zelo kompleksne. Ali znate pravilno uporabljati dolo\u010dno in nedolo\u010dno obliko pridevnikov? Ali imate raje hladen ali hladni \u010daj?\" \/>\n<meta name=\"robots\" content=\"index, follow, max-snippet:-1, max-image-preview:large, max-video-preview:-1\" \/>\n<link rel=\"canonical\" href=\"https:\/\/www.adriatiqa.com\/sl\/imate-raje-hladen-ali-hladni-caj\/\" \/>\n<meta name=\"twitter:label1\" content=\"Est. reading time\" \/>\n\t<meta name=\"twitter:data1\" content=\"3 minutes\" \/>\n<script type=\"application\/ld+json\" class=\"yoast-schema-graph\">{\"@context\":\"https:\\\/\\\/schema.org\",\"@graph\":[{\"@type\":\"WebPage\",\"@id\":\"https:\\\/\\\/www.adriatiqa.com\\\/sl\\\/imate-raje-hladen-ali-hladni-caj\\\/\",\"url\":\"https:\\\/\\\/www.adriatiqa.com\\\/sl\\\/imate-raje-hladen-ali-hladni-caj\\\/\",\"name\":\"Imate raje hladen ali hladni \u010daj? | AdriatIQa Prevodi, prevajalska agencija\",\"isPartOf\":{\"@id\":\"https:\\\/\\\/www.adriatiqa.com\\\/sl\\\/#website\"},\"datePublished\":\"2020-12-20T19:45:44+00:00\",\"dateModified\":\"2022-10-27T07:28:56+00:00\",\"description\":\"Nekatere podrobnosti na\u0161ega lepega jezika v\u010dasih biti zelo kompleksne. Ali znate pravilno uporabljati dolo\u010dno in nedolo\u010dno obliko pridevnikov? Ali imate raje hladen ali hladni \u010daj?\",\"breadcrumb\":{\"@id\":\"https:\\\/\\\/www.adriatiqa.com\\\/sl\\\/imate-raje-hladen-ali-hladni-caj\\\/#breadcrumb\"},\"inLanguage\":\"sl\",\"potentialAction\":[{\"@type\":\"ReadAction\",\"target\":[\"https:\\\/\\\/www.adriatiqa.com\\\/sl\\\/imate-raje-hladen-ali-hladni-caj\\\/\"]}]},{\"@type\":\"BreadcrumbList\",\"@id\":\"https:\\\/\\\/www.adriatiqa.com\\\/sl\\\/imate-raje-hladen-ali-hladni-caj\\\/#breadcrumb\",\"itemListElement\":[{\"@type\":\"ListItem\",\"position\":1,\"name\":\"Home\",\"item\":\"https:\\\/\\\/www.adriatiqa.com\\\/sl\\\/\"},{\"@type\":\"ListItem\",\"position\":2,\"name\":\"Imate raje hladen ali hladni \u010daj?\"}]},{\"@type\":\"WebSite\",\"@id\":\"https:\\\/\\\/www.adriatiqa.com\\\/sl\\\/#website\",\"url\":\"https:\\\/\\\/www.adriatiqa.com\\\/sl\\\/\",\"name\":\"AdriatIQa Prevodi, prevajalska agencija\",\"description\":\"Prevajanje, prevod v angle\u0161\u010dino, nem\u0161\u010dino\",\"publisher\":{\"@id\":\"https:\\\/\\\/www.adriatiqa.com\\\/sl\\\/#organization\"},\"potentialAction\":[{\"@type\":\"SearchAction\",\"target\":{\"@type\":\"EntryPoint\",\"urlTemplate\":\"https:\\\/\\\/www.adriatiqa.com\\\/sl\\\/?s={search_term_string}\"},\"query-input\":{\"@type\":\"PropertyValueSpecification\",\"valueRequired\":true,\"valueName\":\"search_term_string\"}}],\"inLanguage\":\"sl\"},{\"@type\":\"Organization\",\"@id\":\"https:\\\/\\\/www.adriatiqa.com\\\/sl\\\/#organization\",\"name\":\"ATE Globalis d.o.o.\",\"url\":\"https:\\\/\\\/www.adriatiqa.com\\\/sl\\\/\",\"logo\":{\"@type\":\"ImageObject\",\"inLanguage\":\"sl\",\"@id\":\"https:\\\/\\\/www.adriatiqa.com\\\/sl\\\/#\\\/schema\\\/logo\\\/image\\\/\",\"url\":\"https:\\\/\\\/www.adriatiqa.com\\\/wp-content\\\/uploads\\\/2012\\\/11\\\/adriatiqa-logo.png\",\"contentUrl\":\"https:\\\/\\\/www.adriatiqa.com\\\/wp-content\\\/uploads\\\/2012\\\/11\\\/adriatiqa-logo.png\",\"width\":297,\"height\":57,\"caption\":\"ATE Globalis d.o.o.\"},\"image\":{\"@id\":\"https:\\\/\\\/www.adriatiqa.com\\\/sl\\\/#\\\/schema\\\/logo\\\/image\\\/\"},\"sameAs\":[\"https:\\\/\\\/www.facebook.com\\\/AdriatIQa\",\"https:\\\/\\\/www.linkedin.com\\\/company\\\/adriatiqa-translations\"]}]}<\/script>\n<!-- \/ Yoast SEO plugin. -->","yoast_head_json":{"title":"Imate raje hladen ali hladni \u010daj? | AdriatIQa Prevodi, prevajalska agencija","description":"Nekatere podrobnosti na\u0161ega lepega jezika v\u010dasih biti zelo kompleksne. Ali znate pravilno uporabljati dolo\u010dno in nedolo\u010dno obliko pridevnikov? Ali imate raje hladen ali hladni \u010daj?","robots":{"index":"index","follow":"follow","max-snippet":"max-snippet:-1","max-image-preview":"max-image-preview:large","max-video-preview":"max-video-preview:-1"},"canonical":"https:\/\/www.adriatiqa.com\/sl\/imate-raje-hladen-ali-hladni-caj\/","twitter_misc":{"Est. reading time":"3 minutes"},"schema":{"@context":"https:\/\/schema.org","@graph":[{"@type":"WebPage","@id":"https:\/\/www.adriatiqa.com\/sl\/imate-raje-hladen-ali-hladni-caj\/","url":"https:\/\/www.adriatiqa.com\/sl\/imate-raje-hladen-ali-hladni-caj\/","name":"Imate raje hladen ali hladni \u010daj? | AdriatIQa Prevodi, prevajalska agencija","isPartOf":{"@id":"https:\/\/www.adriatiqa.com\/sl\/#website"},"datePublished":"2020-12-20T19:45:44+00:00","dateModified":"2022-10-27T07:28:56+00:00","description":"Nekatere podrobnosti na\u0161ega lepega jezika v\u010dasih biti zelo kompleksne. Ali znate pravilno uporabljati dolo\u010dno in nedolo\u010dno obliko pridevnikov? Ali imate raje hladen ali hladni \u010daj?","breadcrumb":{"@id":"https:\/\/www.adriatiqa.com\/sl\/imate-raje-hladen-ali-hladni-caj\/#breadcrumb"},"inLanguage":"sl","potentialAction":[{"@type":"ReadAction","target":["https:\/\/www.adriatiqa.com\/sl\/imate-raje-hladen-ali-hladni-caj\/"]}]},{"@type":"BreadcrumbList","@id":"https:\/\/www.adriatiqa.com\/sl\/imate-raje-hladen-ali-hladni-caj\/#breadcrumb","itemListElement":[{"@type":"ListItem","position":1,"name":"Home","item":"https:\/\/www.adriatiqa.com\/sl\/"},{"@type":"ListItem","position":2,"name":"Imate raje hladen ali hladni \u010daj?"}]},{"@type":"WebSite","@id":"https:\/\/www.adriatiqa.com\/sl\/#website","url":"https:\/\/www.adriatiqa.com\/sl\/","name":"AdriatIQa Prevodi, prevajalska agencija","description":"Prevajanje, prevod v angle\u0161\u010dino, nem\u0161\u010dino","publisher":{"@id":"https:\/\/www.adriatiqa.com\/sl\/#organization"},"potentialAction":[{"@type":"SearchAction","target":{"@type":"EntryPoint","urlTemplate":"https:\/\/www.adriatiqa.com\/sl\/?s={search_term_string}"},"query-input":{"@type":"PropertyValueSpecification","valueRequired":true,"valueName":"search_term_string"}}],"inLanguage":"sl"},{"@type":"Organization","@id":"https:\/\/www.adriatiqa.com\/sl\/#organization","name":"ATE Globalis d.o.o.","url":"https:\/\/www.adriatiqa.com\/sl\/","logo":{"@type":"ImageObject","inLanguage":"sl","@id":"https:\/\/www.adriatiqa.com\/sl\/#\/schema\/logo\/image\/","url":"https:\/\/www.adriatiqa.com\/wp-content\/uploads\/2012\/11\/adriatiqa-logo.png","contentUrl":"https:\/\/www.adriatiqa.com\/wp-content\/uploads\/2012\/11\/adriatiqa-logo.png","width":297,"height":57,"caption":"ATE Globalis d.o.o."},"image":{"@id":"https:\/\/www.adriatiqa.com\/sl\/#\/schema\/logo\/image\/"},"sameAs":["https:\/\/www.facebook.com\/AdriatIQa","https:\/\/www.linkedin.com\/company\/adriatiqa-translations"]}]}},"_links":{"self":[{"href":"https:\/\/www.adriatiqa.com\/sl\/wp-json\/wp\/v2\/pages\/5497","targetHints":{"allow":["GET"]}}],"collection":[{"href":"https:\/\/www.adriatiqa.com\/sl\/wp-json\/wp\/v2\/pages"}],"about":[{"href":"https:\/\/www.adriatiqa.com\/sl\/wp-json\/wp\/v2\/types\/page"}],"author":[{"embeddable":true,"href":"https:\/\/www.adriatiqa.com\/sl\/wp-json\/wp\/v2\/users\/2"}],"replies":[{"embeddable":true,"href":"https:\/\/www.adriatiqa.com\/sl\/wp-json\/wp\/v2\/comments?post=5497"}],"version-history":[{"count":2,"href":"https:\/\/www.adriatiqa.com\/sl\/wp-json\/wp\/v2\/pages\/5497\/revisions"}],"predecessor-version":[{"id":30921,"href":"https:\/\/www.adriatiqa.com\/sl\/wp-json\/wp\/v2\/pages\/5497\/revisions\/30921"}],"wp:attachment":[{"href":"https:\/\/www.adriatiqa.com\/sl\/wp-json\/wp\/v2\/media?parent=5497"}],"curies":[{"name":"wp","href":"https:\/\/api.w.org\/{rel}","templated":true}]}}