{"id":5518,"date":"2021-01-20T14:11:14","date_gmt":"2021-01-20T13:11:14","guid":{"rendered":"https:\/\/www.adriatiqa.com\/?page_id=5518"},"modified":"2022-10-27T09:13:55","modified_gmt":"2022-10-27T07:13:55","slug":"besede-leta-2020","status":"publish","type":"page","link":"https:\/\/www.adriatiqa.com\/sl\/besede-leta-2020\/","title":{"rendered":"Besede leta 2020"},"content":{"rendered":"<p>[vc_column_text width=&#8221;2\/3&#8243; el_position=&#8221;first&#8221;]<\/p>\n<p><b>V mnogih jezikih vsako leto izbirajo besedo leta \u2013 tudi v sloven\u0161\u010dini, se razume! Morda uganete, katera beseda bi to lahko bila? Se vam zdi, da je kak\u0161na tema \u0161e posebej zaznamovala preteklo leto? Morda se odgovor skriva tam. Pa poglejmo, katera je beseda leta 2020 v sloven\u0161\u010dini (in \u0161e kakem drugem jeziku) \u2026<\/b><\/p>\n<p>&nbsp;<\/p>\n<h4><span style=\"color: #0099cc;\"><b>Slovenska beseda leta 2020<\/b><\/span><\/h4>\n<p>Najbr\u017e ni bilo prav te\u017eko ugotoviti, katera tema je \u0161e posebej zaznamovala leto 2020, kaj? Seveda je bila to pandemija koronavirusa, zato ni prav veliko presene\u010denje, da je tudi beseda leta povezana z njo. Beseda leta 2020 v slovenskem jeziku je torej <i>karantena<\/i>. Da, karantena, ki s(m)o jo mnogi ljudje v preteklih mesecih tudi sami izkusili, SSKJ pa jo definira kot <i>osamitev zaradi suma oku<\/i><i>\u017e<\/i><i>enosti<\/i>. Hja, taki so pa\u010d \u010dasi, v katerih trenutno \u017eivimo, a smo prepri\u010dano, da bo kmalu bolje! V naslednjem odstavku pa vas \u010daka \u0161e nekaj ve\u010d zanimivosti o izboru besede leta v Sloveniji \u2026<\/p>\n<p>&nbsp;<\/p>\n<h4><span style=\"color: #0099cc;\"><b>Izbor besede leta<\/b><\/span><\/h4>\n<p>Izbor besede leta v Sloveniji organizira In\u0161titut za slovenski jezik Frana Ramov\u0161a ZRC SAZU (Znanstvenoraziskovalni center Slovenske akademije znanosti in umetnosti) \u2013 letos \u017ee 5. zapored! Vas zanimajo zmagovalci prej\u0161njih let, ki niso bila tako zaznamovana s pandemijo? Leto poprej je zmagala beseda <i>podnebje<\/i>, pred njo pa <i>\u010debela<\/i>, <i>evropski prvaki<\/i> in <i>begunec<\/i>. \u0160e nekaj zanimivosti iz leto\u0161njega izbora:<\/p>\n<ul>\n<li>izmed 10 finalistk se jih kar 9 skoraj neposredno nana\u0161a na pandemijo koronavirusa (<i>karantena<\/i>, <i>cepivo<\/i>, <i>mehur\u010dek<\/i>, <i>neleto<\/i>, <i>pozitiven<\/i>, <i>predihovalnik<\/i>, <i>rahljanje<\/i>, <i>\u0161oloto\u017eje<\/i>, <i>zoom<\/i>),<\/li>\n<li>drugo mesto je osvojila beseda <i>kolesarjenje<\/i>,<\/li>\n<li>kretnja leta v sodelovanju z Zvezo dru\u0161tev gluhih in naglu\u0161nih Slovenije je postala kretnja za <i>koronavirus<\/i> oziroma <i>covid-19<\/i>.<\/li>\n<\/ul>\n<p>&nbsp;<\/p>\n<p>Mimogrede: ste vedeli, da beseda <i>karantena<\/i> izhaja iz italijan\u0161\u010dine, v kateri <i>quaranta giorni<\/i> pomeni 40 dni, torej obdobje izolacije, ki je bilo potrebno ob bolezni? V starih \u010dasih so ladje, ki so prispele iz de\u017eel, ki jih je prizadela kuga, morale v pristani\u0161\u010du pred izkrcanjem najprej po\u010dakati 40 dni, saj so le tako lahko zagotovili, da se bolezen ni \u0161irila.<\/p>\n<p>&nbsp;<\/p>\n<h4><span style=\"color: #0099cc;\"><b>Kaj pa drugi jeziki?<\/b><\/span><\/h4>\n<p>Seveda, besede leta se izbirajo tudi v mnogih drugih jezikih! Za angle\u0161ki jezik jih je obi\u010dajno kar nekaj, priznani Collinsov slovar je denimo za besedo leta 2020 izbral <i>lockdown <\/i>(zaprtje), slovar Merriam-Webster pa <i>pandemic<\/i> (pandemija). Tudi angle\u0161ko govore\u010di del sveta torej ni mogel spregledati pandemije \u2026 Pa drugi? Nemci so izbrali <i>Corona-Pandemie<\/i> (prevod najbr\u017e ni potreben, kajne?), Norve\u017eani <i>koronaen (<\/i>spet korona!<i>)<\/i>, Portugalci <i>saudade <\/i>(globoko ob\u010dutenje nostalgije ali melanholi\u010dno hrepenenje po nekom ali ne\u010dem, kar imamo radi), Japonci pa pismenko, ki pomeni <i>blizu<\/i> ali <i>skrivnost<\/i>.<\/p>\n<p>&nbsp;<\/p>\n<h4><span style=\"color: #0099cc;\"><b>Kaj bo prineslo leto 2021?<\/b><\/span><\/h4>\n<p>Malce bo treba \u0161e po\u010dakati, da to vidimo, vsekakor pa upamo, da bodo izbori besede leta manj povezani z negativnimi aspekti koronavirusa. Nam so denimo v\u0161e\u010d besede zdravje, ljubezen, normala, dru\u017eenje, prijatelji in \u0161e kak\u0161na bi se na\u0161la. Svoje najljub\u0161e besede za aktualno leto pa lahko In\u0161titutu za slovenski jezik Frana Ramov\u0161a ZRC SAZU predlagate proti koncu leta, ko se bo za\u010del nov izbor. Dr\u017eimo pesti, da zmaga kaka lepa, ker to najbr\u017e pomeni, da bo tudi \u017eivljenje v letu 2021 za vse nas lepo.<\/p>\n<p>[\/vc_column_text] [vc_single_image image=&#8221;5519&#8243; img_size=&#8221;full&#8221; img_link_target=&#8221;pphoto&#8221; width=&#8221;1\/3&#8243; el_position=&#8221;last&#8221;]<\/p>\n","protected":false},"excerpt":{"rendered":"<p>[vc_column_text width=&#8221;2\/3&#8243; el_position=&#8221;first&#8221;] V mnogih jezikih vsako leto izbirajo besedo leta \u2013 tudi v sloven\u0161\u010dini, se razume! Morda uganete, katera&#8230;<\/p>\n","protected":false},"author":2,"featured_media":0,"parent":0,"menu_order":0,"comment_status":"closed","ping_status":"closed","template":"","meta":{"footnotes":""},"class_list":["post-5518","page","type-page","status-publish"],"yoast_head":"<!-- This site is optimized with the Yoast SEO plugin v27.5 - https:\/\/yoast.com\/product\/yoast-seo-wordpress\/ -->\n<title>Besede leta 2020 | AdriatIQa Prevodi, prevajalska agencija<\/title>\n<meta name=\"description\" content=\"V mnogih jezikih vsako leto izbirajo besedo leta \u2013 tudi v sloven\u0161\u010dini. Pa poglejmo, katera je beseda leta 2020 v sloven\u0161\u010dini (in \u0161e kakem drugem jeziku) \u2026\" \/>\n<meta name=\"robots\" content=\"index, follow, max-snippet:-1, max-image-preview:large, max-video-preview:-1\" \/>\n<link rel=\"canonical\" href=\"https:\/\/www.adriatiqa.com\/sl\/besede-leta-2020\/\" \/>\n<meta name=\"twitter:label1\" content=\"Est. reading time\" \/>\n\t<meta name=\"twitter:data1\" content=\"3 minutes\" \/>\n<script type=\"application\/ld+json\" class=\"yoast-schema-graph\">{\"@context\":\"https:\\\/\\\/schema.org\",\"@graph\":[{\"@type\":\"WebPage\",\"@id\":\"https:\\\/\\\/www.adriatiqa.com\\\/sl\\\/besede-leta-2020\\\/\",\"url\":\"https:\\\/\\\/www.adriatiqa.com\\\/sl\\\/besede-leta-2020\\\/\",\"name\":\"Besede leta 2020 | AdriatIQa Prevodi, prevajalska agencija\",\"isPartOf\":{\"@id\":\"https:\\\/\\\/www.adriatiqa.com\\\/sl\\\/#website\"},\"datePublished\":\"2021-01-20T13:11:14+00:00\",\"dateModified\":\"2022-10-27T07:13:55+00:00\",\"description\":\"V mnogih jezikih vsako leto izbirajo besedo leta \u2013 tudi v sloven\u0161\u010dini. Pa poglejmo, katera je beseda leta 2020 v sloven\u0161\u010dini (in \u0161e kakem drugem jeziku) \u2026\",\"breadcrumb\":{\"@id\":\"https:\\\/\\\/www.adriatiqa.com\\\/sl\\\/besede-leta-2020\\\/#breadcrumb\"},\"inLanguage\":\"sl\",\"potentialAction\":[{\"@type\":\"ReadAction\",\"target\":[\"https:\\\/\\\/www.adriatiqa.com\\\/sl\\\/besede-leta-2020\\\/\"]}]},{\"@type\":\"BreadcrumbList\",\"@id\":\"https:\\\/\\\/www.adriatiqa.com\\\/sl\\\/besede-leta-2020\\\/#breadcrumb\",\"itemListElement\":[{\"@type\":\"ListItem\",\"position\":1,\"name\":\"Home\",\"item\":\"https:\\\/\\\/www.adriatiqa.com\\\/sl\\\/\"},{\"@type\":\"ListItem\",\"position\":2,\"name\":\"Besede leta 2020\"}]},{\"@type\":\"WebSite\",\"@id\":\"https:\\\/\\\/www.adriatiqa.com\\\/sl\\\/#website\",\"url\":\"https:\\\/\\\/www.adriatiqa.com\\\/sl\\\/\",\"name\":\"AdriatIQa Prevodi, prevajalska agencija\",\"description\":\"Prevajanje, prevod v angle\u0161\u010dino, nem\u0161\u010dino\",\"publisher\":{\"@id\":\"https:\\\/\\\/www.adriatiqa.com\\\/sl\\\/#organization\"},\"potentialAction\":[{\"@type\":\"SearchAction\",\"target\":{\"@type\":\"EntryPoint\",\"urlTemplate\":\"https:\\\/\\\/www.adriatiqa.com\\\/sl\\\/?s={search_term_string}\"},\"query-input\":{\"@type\":\"PropertyValueSpecification\",\"valueRequired\":true,\"valueName\":\"search_term_string\"}}],\"inLanguage\":\"sl\"},{\"@type\":\"Organization\",\"@id\":\"https:\\\/\\\/www.adriatiqa.com\\\/sl\\\/#organization\",\"name\":\"ATE Globalis d.o.o.\",\"url\":\"https:\\\/\\\/www.adriatiqa.com\\\/sl\\\/\",\"logo\":{\"@type\":\"ImageObject\",\"inLanguage\":\"sl\",\"@id\":\"https:\\\/\\\/www.adriatiqa.com\\\/sl\\\/#\\\/schema\\\/logo\\\/image\\\/\",\"url\":\"https:\\\/\\\/www.adriatiqa.com\\\/wp-content\\\/uploads\\\/2012\\\/11\\\/adriatiqa-logo.png\",\"contentUrl\":\"https:\\\/\\\/www.adriatiqa.com\\\/wp-content\\\/uploads\\\/2012\\\/11\\\/adriatiqa-logo.png\",\"width\":297,\"height\":57,\"caption\":\"ATE Globalis d.o.o.\"},\"image\":{\"@id\":\"https:\\\/\\\/www.adriatiqa.com\\\/sl\\\/#\\\/schema\\\/logo\\\/image\\\/\"},\"sameAs\":[\"https:\\\/\\\/www.facebook.com\\\/AdriatIQa\",\"https:\\\/\\\/www.linkedin.com\\\/company\\\/adriatiqa-translations\"]}]}<\/script>\n<!-- \/ Yoast SEO plugin. -->","yoast_head_json":{"title":"Besede leta 2020 | AdriatIQa Prevodi, prevajalska agencija","description":"V mnogih jezikih vsako leto izbirajo besedo leta \u2013 tudi v sloven\u0161\u010dini. Pa poglejmo, katera je beseda leta 2020 v sloven\u0161\u010dini (in \u0161e kakem drugem jeziku) \u2026","robots":{"index":"index","follow":"follow","max-snippet":"max-snippet:-1","max-image-preview":"max-image-preview:large","max-video-preview":"max-video-preview:-1"},"canonical":"https:\/\/www.adriatiqa.com\/sl\/besede-leta-2020\/","twitter_misc":{"Est. reading time":"3 minutes"},"schema":{"@context":"https:\/\/schema.org","@graph":[{"@type":"WebPage","@id":"https:\/\/www.adriatiqa.com\/sl\/besede-leta-2020\/","url":"https:\/\/www.adriatiqa.com\/sl\/besede-leta-2020\/","name":"Besede leta 2020 | AdriatIQa Prevodi, prevajalska agencija","isPartOf":{"@id":"https:\/\/www.adriatiqa.com\/sl\/#website"},"datePublished":"2021-01-20T13:11:14+00:00","dateModified":"2022-10-27T07:13:55+00:00","description":"V mnogih jezikih vsako leto izbirajo besedo leta \u2013 tudi v sloven\u0161\u010dini. Pa poglejmo, katera je beseda leta 2020 v sloven\u0161\u010dini (in \u0161e kakem drugem jeziku) \u2026","breadcrumb":{"@id":"https:\/\/www.adriatiqa.com\/sl\/besede-leta-2020\/#breadcrumb"},"inLanguage":"sl","potentialAction":[{"@type":"ReadAction","target":["https:\/\/www.adriatiqa.com\/sl\/besede-leta-2020\/"]}]},{"@type":"BreadcrumbList","@id":"https:\/\/www.adriatiqa.com\/sl\/besede-leta-2020\/#breadcrumb","itemListElement":[{"@type":"ListItem","position":1,"name":"Home","item":"https:\/\/www.adriatiqa.com\/sl\/"},{"@type":"ListItem","position":2,"name":"Besede leta 2020"}]},{"@type":"WebSite","@id":"https:\/\/www.adriatiqa.com\/sl\/#website","url":"https:\/\/www.adriatiqa.com\/sl\/","name":"AdriatIQa Prevodi, prevajalska agencija","description":"Prevajanje, prevod v angle\u0161\u010dino, nem\u0161\u010dino","publisher":{"@id":"https:\/\/www.adriatiqa.com\/sl\/#organization"},"potentialAction":[{"@type":"SearchAction","target":{"@type":"EntryPoint","urlTemplate":"https:\/\/www.adriatiqa.com\/sl\/?s={search_term_string}"},"query-input":{"@type":"PropertyValueSpecification","valueRequired":true,"valueName":"search_term_string"}}],"inLanguage":"sl"},{"@type":"Organization","@id":"https:\/\/www.adriatiqa.com\/sl\/#organization","name":"ATE Globalis d.o.o.","url":"https:\/\/www.adriatiqa.com\/sl\/","logo":{"@type":"ImageObject","inLanguage":"sl","@id":"https:\/\/www.adriatiqa.com\/sl\/#\/schema\/logo\/image\/","url":"https:\/\/www.adriatiqa.com\/wp-content\/uploads\/2012\/11\/adriatiqa-logo.png","contentUrl":"https:\/\/www.adriatiqa.com\/wp-content\/uploads\/2012\/11\/adriatiqa-logo.png","width":297,"height":57,"caption":"ATE Globalis d.o.o."},"image":{"@id":"https:\/\/www.adriatiqa.com\/sl\/#\/schema\/logo\/image\/"},"sameAs":["https:\/\/www.facebook.com\/AdriatIQa","https:\/\/www.linkedin.com\/company\/adriatiqa-translations"]}]}},"_links":{"self":[{"href":"https:\/\/www.adriatiqa.com\/sl\/wp-json\/wp\/v2\/pages\/5518","targetHints":{"allow":["GET"]}}],"collection":[{"href":"https:\/\/www.adriatiqa.com\/sl\/wp-json\/wp\/v2\/pages"}],"about":[{"href":"https:\/\/www.adriatiqa.com\/sl\/wp-json\/wp\/v2\/types\/page"}],"author":[{"embeddable":true,"href":"https:\/\/www.adriatiqa.com\/sl\/wp-json\/wp\/v2\/users\/2"}],"replies":[{"embeddable":true,"href":"https:\/\/www.adriatiqa.com\/sl\/wp-json\/wp\/v2\/comments?post=5518"}],"version-history":[{"count":3,"href":"https:\/\/www.adriatiqa.com\/sl\/wp-json\/wp\/v2\/pages\/5518\/revisions"}],"predecessor-version":[{"id":30916,"href":"https:\/\/www.adriatiqa.com\/sl\/wp-json\/wp\/v2\/pages\/5518\/revisions\/30916"}],"wp:attachment":[{"href":"https:\/\/www.adriatiqa.com\/sl\/wp-json\/wp\/v2\/media?parent=5518"}],"curies":[{"name":"wp","href":"https:\/\/api.w.org\/{rel}","templated":true}]}}