{"id":5640,"date":"2021-05-04T09:09:33","date_gmt":"2021-05-04T07:09:33","guid":{"rendered":"https:\/\/www.adriatiqa.com\/?page_id=5640"},"modified":"2022-10-19T10:21:11","modified_gmt":"2022-10-19T08:21:11","slug":"prevajanje-seo-vsebin","status":"publish","type":"page","link":"https:\/\/www.adriatiqa.com\/sl\/prevajanje-seo-vsebin\/","title":{"rendered":"Prevajanje SEO vsebin"},"content":{"rendered":"<p>[vc_column_text width=&#8221;2\/3&#8243; el_position=&#8221;first&#8221;]<\/p>\n<p><b>Brez uporabe svetovnega spleta so podjetja v najrazli\u010dnej\u0161ih panogah dandanes te\u017eko uspe\u0161na. To tudi sami najbr\u017e \u017ee veste. Ena najpomembnej\u0161ih skrivnosti poslovnega uspeha na internetu pa je seveda tudi optimizacija spletnih strani in drugih vsebin za spletne iskalnike. SEO optimizacija je \u017ee sama po sebi cela znanost, stvari pa se lahko \u0161e dodatno malce zapletejo pri prevajanju vsebin. Pa poglejmo, zakaj \u2013 in seveda tudi, kako se temu izogniti!<\/b><\/p>\n<p>&nbsp;<\/p>\n<h4><span style=\"color: #0099cc;\"><b>SEO in prevajanje<\/b><\/span><\/h4>\n<p>Spletna stran, ki je lokalizirana denimo v <a href=\"https:\/\/www.adriatiqa.com\/sl\/jeziki\/prevodi-v-anglescino\/\">angle\u0161ki jezik<\/a>, je lahko \u017ee takoj odli\u010dno prodajno orodje. Nikakor pa ni nujno (in v ve\u010dini primerov je \u017eal res tako), da se bo dobro odrezala tudi pri spletnih iskalnikih. Zakaj? Predvsem zaradi klju\u010dnih besed. Prevodi klju\u010dnih besed v angle\u0161\u010dino namre\u010d niso nujno tudi klju\u010dne besede, ki jih potencialne stranke na angle\u0161ko govore\u010dih trgih dejansko i\u0161\u010dejo.<\/p>\n<p>&nbsp;<\/p>\n<h4><span style=\"color: #0099cc;\"><b>Klju\u010dne besede<\/b><\/span><\/h4>\n<p>Pri prevajanju klju\u010dnih besed je vedno dobro narediti \u0161e raziskavo najbolj relevantnih klju\u010dnih besed v ciljnem jeziku s pomo\u010djo strokovnjakov. V\u010dasih se izka\u017ee, da gre za neposredne prevode ustreznih besed v izvornem jeziku, pogosto pa tudi ne. Prevedene SEO vsebine je poleg obi\u010dajne lokalizacije tako treba prilagoditi tudi glede klju\u010dnih besed.<\/p>\n<p>Poglejmo primer. Klju\u010dna besedna zveza v sloven\u0161\u010dini \u00bbnadomestni deli za avtomobile\u00ab tako ni nujno najbolj\u0161a izbira tudi v neposrednem angle\u0161kem prevodu \u00bbreplacement parts for cars\u00ab. Morda angle\u0161ko govore\u010di potro\u0161niki pri iskanju pogosteje uporabljajo \u00bbcar spare parts\u00ab ali pa celo \u00bbcar repair\u00ab in podobno, ko i\u0161\u010dejo nadomestne dele.<\/p>\n<p>&nbsp;<\/p>\n<h4><span style=\"color: #0099cc;\"><b>Ostali parametri<\/b><\/span><\/h4>\n<p>Posebno pozornost je pri lokalizaciji SEO vsebin treba nameniti tudi meta oznakam, naslovom in opisom strani ter opisom grafi\u010dnih materialov. Pri tem nikar ne smemo pozabiti na t. i. \u00bbbacklinke\u00ab, ki jih je pri prevajanju vsebin v drug jezik seveda treba prilagoditi.<\/p>\n<p>&nbsp;<\/p>\n<h4><span style=\"color: #0099cc;\"><b>Ali se pri prevajanju SEO vsebin spremeni tudi gostota klju\u010dnih besed in druga pravila?<\/b><\/span><\/h4>\n<p>Ker se sama uporaba in dol\u017eina besedil pri lokalizaciji obi\u010dajno ne spremeni prav veliko, na\u010deloma veljajo enake zahteve po gostoti klju\u010dnih besed. Tudi ostala pravila SEO optimizacije, denimo dol\u017eina povedi in odstavkov, uporaba klju\u010dnih besed na dolo\u010denih mestih v besedilu, uporaba naslovov in podnaslovov ter podobno, ostajajo enaka. Iskalniki namre\u010d med jeziki ne delajo drasti\u010dnih razlik, upo\u0161tevajo pa seveda vnaprej dolo\u010dena pravila za razvr\u0161\u010danje spletnih strani glede na vsebino in obliko njihovih besedil.<\/p>\n<p>&nbsp;<\/p>\n<h4><span style=\"color: #0099cc;\"><b>Kako se lotiti prevajanja SEO vsebin?<\/b><\/span><\/h4>\n<p>Najpomembnej\u0161e je, da se jih lotimo skupaj z naro\u010dnikom prevoda oziroma lokalizacije. Ti imajo namre\u010d obi\u010dajno svoje strokovnjake za SEO optimizacijo, ki lahko pomagajo poiskati ustrezne klju\u010dne besede v ciljnem jeziku. Prav tako imajo naro\u010dniki v\u010dasih pripravljene posebne slovarje strokovnih in sorodnih izrazov, ki lahko cel proces precej olaj\u0161ajo in skraj\u0161ajo, kar je seveda cilj vsem, ki pri projektu sodelujejo.<\/p>\n<p>[\/vc_column_text] [vc_single_image image=&#8221;5641&#8243; img_size=&#8221;full&#8221; img_link_target=&#8221;pphoto&#8221; width=&#8221;1\/3&#8243; el_position=&#8221;last&#8221;]<\/p>\n","protected":false},"excerpt":{"rendered":"<p>[vc_column_text width=&#8221;2\/3&#8243; el_position=&#8221;first&#8221;] Brez uporabe svetovnega spleta so podjetja v najrazli\u010dnej\u0161ih panogah dandanes te\u017eko uspe\u0161na. To tudi sami najbr\u017e \u017ee&#8230;<\/p>\n","protected":false},"author":2,"featured_media":0,"parent":0,"menu_order":0,"comment_status":"closed","ping_status":"closed","template":"","meta":{"footnotes":""},"class_list":["post-5640","page","type-page","status-publish"],"yoast_head":"<!-- This site is optimized with the Yoast SEO plugin v27.5 - https:\/\/yoast.com\/product\/yoast-seo-wordpress\/ -->\n<title>Prevajanje SEO vsebin | AdriatIQa Prevodi, prevajalska agencija<\/title>\n<meta name=\"description\" content=\"Ena najpomembnej\u0161ih skrivnosti poslovnega uspeha na internetu je tudi optimizacija spletnih strani in drugih vsebin za spletne iskalnike. SEO optimizacija je \u017ee sama po sebi cela znanost, stvari pa se lahko \u0161e dodatno malce zapletejo pri prevajanju vsebin.\" \/>\n<meta name=\"robots\" content=\"index, follow, max-snippet:-1, max-image-preview:large, max-video-preview:-1\" \/>\n<link rel=\"canonical\" href=\"https:\/\/www.adriatiqa.com\/sl\/prevajanje-seo-vsebin\/\" \/>\n<meta name=\"twitter:label1\" content=\"Est. reading time\" \/>\n\t<meta name=\"twitter:data1\" content=\"2 minutes\" \/>\n<script type=\"application\/ld+json\" class=\"yoast-schema-graph\">{\"@context\":\"https:\\\/\\\/schema.org\",\"@graph\":[{\"@type\":\"WebPage\",\"@id\":\"https:\\\/\\\/www.adriatiqa.com\\\/sl\\\/prevajanje-seo-vsebin\\\/\",\"url\":\"https:\\\/\\\/www.adriatiqa.com\\\/sl\\\/prevajanje-seo-vsebin\\\/\",\"name\":\"Prevajanje SEO vsebin | AdriatIQa Prevodi, prevajalska agencija\",\"isPartOf\":{\"@id\":\"https:\\\/\\\/www.adriatiqa.com\\\/sl\\\/#website\"},\"datePublished\":\"2021-05-04T07:09:33+00:00\",\"dateModified\":\"2022-10-19T08:21:11+00:00\",\"description\":\"Ena najpomembnej\u0161ih skrivnosti poslovnega uspeha na internetu je tudi optimizacija spletnih strani in drugih vsebin za spletne iskalnike. SEO optimizacija je \u017ee sama po sebi cela znanost, stvari pa se lahko \u0161e dodatno malce zapletejo pri prevajanju vsebin.\",\"breadcrumb\":{\"@id\":\"https:\\\/\\\/www.adriatiqa.com\\\/sl\\\/prevajanje-seo-vsebin\\\/#breadcrumb\"},\"inLanguage\":\"sl\",\"potentialAction\":[{\"@type\":\"ReadAction\",\"target\":[\"https:\\\/\\\/www.adriatiqa.com\\\/sl\\\/prevajanje-seo-vsebin\\\/\"]}]},{\"@type\":\"BreadcrumbList\",\"@id\":\"https:\\\/\\\/www.adriatiqa.com\\\/sl\\\/prevajanje-seo-vsebin\\\/#breadcrumb\",\"itemListElement\":[{\"@type\":\"ListItem\",\"position\":1,\"name\":\"Home\",\"item\":\"https:\\\/\\\/www.adriatiqa.com\\\/sl\\\/\"},{\"@type\":\"ListItem\",\"position\":2,\"name\":\"Prevajanje SEO vsebin\"}]},{\"@type\":\"WebSite\",\"@id\":\"https:\\\/\\\/www.adriatiqa.com\\\/sl\\\/#website\",\"url\":\"https:\\\/\\\/www.adriatiqa.com\\\/sl\\\/\",\"name\":\"AdriatIQa Prevodi, prevajalska agencija\",\"description\":\"Prevajanje, prevod v angle\u0161\u010dino, nem\u0161\u010dino\",\"publisher\":{\"@id\":\"https:\\\/\\\/www.adriatiqa.com\\\/sl\\\/#organization\"},\"potentialAction\":[{\"@type\":\"SearchAction\",\"target\":{\"@type\":\"EntryPoint\",\"urlTemplate\":\"https:\\\/\\\/www.adriatiqa.com\\\/sl\\\/?s={search_term_string}\"},\"query-input\":{\"@type\":\"PropertyValueSpecification\",\"valueRequired\":true,\"valueName\":\"search_term_string\"}}],\"inLanguage\":\"sl\"},{\"@type\":\"Organization\",\"@id\":\"https:\\\/\\\/www.adriatiqa.com\\\/sl\\\/#organization\",\"name\":\"ATE Globalis d.o.o.\",\"url\":\"https:\\\/\\\/www.adriatiqa.com\\\/sl\\\/\",\"logo\":{\"@type\":\"ImageObject\",\"inLanguage\":\"sl\",\"@id\":\"https:\\\/\\\/www.adriatiqa.com\\\/sl\\\/#\\\/schema\\\/logo\\\/image\\\/\",\"url\":\"https:\\\/\\\/www.adriatiqa.com\\\/wp-content\\\/uploads\\\/2012\\\/11\\\/adriatiqa-logo.png\",\"contentUrl\":\"https:\\\/\\\/www.adriatiqa.com\\\/wp-content\\\/uploads\\\/2012\\\/11\\\/adriatiqa-logo.png\",\"width\":297,\"height\":57,\"caption\":\"ATE Globalis d.o.o.\"},\"image\":{\"@id\":\"https:\\\/\\\/www.adriatiqa.com\\\/sl\\\/#\\\/schema\\\/logo\\\/image\\\/\"},\"sameAs\":[\"https:\\\/\\\/www.facebook.com\\\/AdriatIQa\",\"https:\\\/\\\/www.linkedin.com\\\/company\\\/adriatiqa-translations\"]}]}<\/script>\n<!-- \/ Yoast SEO plugin. -->","yoast_head_json":{"title":"Prevajanje SEO vsebin | AdriatIQa Prevodi, prevajalska agencija","description":"Ena najpomembnej\u0161ih skrivnosti poslovnega uspeha na internetu je tudi optimizacija spletnih strani in drugih vsebin za spletne iskalnike. SEO optimizacija je \u017ee sama po sebi cela znanost, stvari pa se lahko \u0161e dodatno malce zapletejo pri prevajanju vsebin.","robots":{"index":"index","follow":"follow","max-snippet":"max-snippet:-1","max-image-preview":"max-image-preview:large","max-video-preview":"max-video-preview:-1"},"canonical":"https:\/\/www.adriatiqa.com\/sl\/prevajanje-seo-vsebin\/","twitter_misc":{"Est. reading time":"2 minutes"},"schema":{"@context":"https:\/\/schema.org","@graph":[{"@type":"WebPage","@id":"https:\/\/www.adriatiqa.com\/sl\/prevajanje-seo-vsebin\/","url":"https:\/\/www.adriatiqa.com\/sl\/prevajanje-seo-vsebin\/","name":"Prevajanje SEO vsebin | AdriatIQa Prevodi, prevajalska agencija","isPartOf":{"@id":"https:\/\/www.adriatiqa.com\/sl\/#website"},"datePublished":"2021-05-04T07:09:33+00:00","dateModified":"2022-10-19T08:21:11+00:00","description":"Ena najpomembnej\u0161ih skrivnosti poslovnega uspeha na internetu je tudi optimizacija spletnih strani in drugih vsebin za spletne iskalnike. SEO optimizacija je \u017ee sama po sebi cela znanost, stvari pa se lahko \u0161e dodatno malce zapletejo pri prevajanju vsebin.","breadcrumb":{"@id":"https:\/\/www.adriatiqa.com\/sl\/prevajanje-seo-vsebin\/#breadcrumb"},"inLanguage":"sl","potentialAction":[{"@type":"ReadAction","target":["https:\/\/www.adriatiqa.com\/sl\/prevajanje-seo-vsebin\/"]}]},{"@type":"BreadcrumbList","@id":"https:\/\/www.adriatiqa.com\/sl\/prevajanje-seo-vsebin\/#breadcrumb","itemListElement":[{"@type":"ListItem","position":1,"name":"Home","item":"https:\/\/www.adriatiqa.com\/sl\/"},{"@type":"ListItem","position":2,"name":"Prevajanje SEO vsebin"}]},{"@type":"WebSite","@id":"https:\/\/www.adriatiqa.com\/sl\/#website","url":"https:\/\/www.adriatiqa.com\/sl\/","name":"AdriatIQa Prevodi, prevajalska agencija","description":"Prevajanje, prevod v angle\u0161\u010dino, nem\u0161\u010dino","publisher":{"@id":"https:\/\/www.adriatiqa.com\/sl\/#organization"},"potentialAction":[{"@type":"SearchAction","target":{"@type":"EntryPoint","urlTemplate":"https:\/\/www.adriatiqa.com\/sl\/?s={search_term_string}"},"query-input":{"@type":"PropertyValueSpecification","valueRequired":true,"valueName":"search_term_string"}}],"inLanguage":"sl"},{"@type":"Organization","@id":"https:\/\/www.adriatiqa.com\/sl\/#organization","name":"ATE Globalis d.o.o.","url":"https:\/\/www.adriatiqa.com\/sl\/","logo":{"@type":"ImageObject","inLanguage":"sl","@id":"https:\/\/www.adriatiqa.com\/sl\/#\/schema\/logo\/image\/","url":"https:\/\/www.adriatiqa.com\/wp-content\/uploads\/2012\/11\/adriatiqa-logo.png","contentUrl":"https:\/\/www.adriatiqa.com\/wp-content\/uploads\/2012\/11\/adriatiqa-logo.png","width":297,"height":57,"caption":"ATE Globalis d.o.o."},"image":{"@id":"https:\/\/www.adriatiqa.com\/sl\/#\/schema\/logo\/image\/"},"sameAs":["https:\/\/www.facebook.com\/AdriatIQa","https:\/\/www.linkedin.com\/company\/adriatiqa-translations"]}]}},"_links":{"self":[{"href":"https:\/\/www.adriatiqa.com\/sl\/wp-json\/wp\/v2\/pages\/5640","targetHints":{"allow":["GET"]}}],"collection":[{"href":"https:\/\/www.adriatiqa.com\/sl\/wp-json\/wp\/v2\/pages"}],"about":[{"href":"https:\/\/www.adriatiqa.com\/sl\/wp-json\/wp\/v2\/types\/page"}],"author":[{"embeddable":true,"href":"https:\/\/www.adriatiqa.com\/sl\/wp-json\/wp\/v2\/users\/2"}],"replies":[{"embeddable":true,"href":"https:\/\/www.adriatiqa.com\/sl\/wp-json\/wp\/v2\/comments?post=5640"}],"version-history":[{"count":2,"href":"https:\/\/www.adriatiqa.com\/sl\/wp-json\/wp\/v2\/pages\/5640\/revisions"}],"predecessor-version":[{"id":30899,"href":"https:\/\/www.adriatiqa.com\/sl\/wp-json\/wp\/v2\/pages\/5640\/revisions\/30899"}],"wp:attachment":[{"href":"https:\/\/www.adriatiqa.com\/sl\/wp-json\/wp\/v2\/media?parent=5640"}],"curies":[{"name":"wp","href":"https:\/\/api.w.org\/{rel}","templated":true}]}}