{"id":5647,"date":"2021-05-04T10:31:43","date_gmt":"2021-05-04T08:31:43","guid":{"rendered":"https:\/\/www.adriatiqa.com\/?page_id=5647"},"modified":"2022-10-25T08:58:17","modified_gmt":"2022-10-25T06:58:17","slug":"7-zanimivosti-o-hrvaskem-jeziku-ki-bi-jih-morali-poznati","status":"publish","type":"page","link":"https:\/\/www.adriatiqa.com\/sl\/7-zanimivosti-o-hrvaskem-jeziku-ki-bi-jih-morali-poznati\/","title":{"rendered":"7 zanimivosti o hrva\u0161kem jeziku, ki bi jih morali poznati"},"content":{"rendered":"<p>[vc_column_text width=&#8221;2\/3&#8243; el_position=&#8221;first&#8221;]<\/p>\n<p><b>Hrva\u0161\u010dina spada med tiste jezike nekdanje Jugoslavije, ki jih Slovenci najbolje poznamo \u2013 no, ali pa vsaj menimo, da jih poznamo. Povpre\u010den Slovenec namre\u010d vsako leto vsaj enkrat obi\u0161\u010de hrva\u0161ko obalo in u\u017eiva v njenih morskih \u010darih, zato je nekaj osnovnih hrva\u0161kih besed kar del obvezne opreme vsakega dopustnika. A pogosto se zgodi, da razli\u010dne besede v hrva\u0161\u010dini povsem narobe uporabljamo \u2026 Za vas smo pripravili kratek pregled tega zanimivega jezika, pa tudi nekaj uporabnih nasvetov, ki vam bodo v leto\u0161njem poletju zagotovo pri\u0161li zelo prav, \u010de se boste odlo\u010dili obiskati prelepo Hrva\u0161ko.<\/b><\/p>\n<p>&nbsp;<\/p>\n<h4><span style=\"color: #0099cc;\">#1: Hrva\u0161ki jezik govori okoli 5,5 milijona ljudi<\/span><\/h4>\n<p>Ve\u010dina ljudi, ki govori hrva\u0161ki jezik, \u017eivi kar na Hrva\u0161kem, tak\u0161nih je pribli\u017eno 3.980.000. Sledijo jim govorci hrva\u0161kega jezika v Bosni in Hercegovini (469.000), sicer pa se hrva\u0161ki jezik govori tudi drugod po svetu: v ZDA je denimo govorcev hrva\u0161kega jezika 58.400, v Avstriji 19.400, v Srbiji 19.223 na Mad\u017earskem pa 14.300.<\/p>\n<p>Hrva\u0161ki jezik je uradni jezik na Hrva\u0161kem, obenem pa je tudi eden od treh uradnih jezikov v Bosni in Hercegovini. Poleg tega spada med uradne jezike tudi na nekaterih manj\u0161ih obmo\u010djih v razli\u010dnih drugih dr\u017eavah.<\/p>\n<p>&nbsp;<\/p>\n<h4><span style=\"color: #0099cc;\">#2: Hrva\u0161ki jezik je eden od 24 uradnih jezikov Evropske unije<\/span><\/h4>\n<p>V to skupino se je hrva\u0161ki jezik vpisal leta 2013.<\/p>\n<p>&nbsp;<\/p>\n<h4><span style=\"color: #0099cc;\">#3: Hrva\u0161ki jezik spada med najpogostej\u0161e jezike v Sloveniji<\/span><\/h4>\n<p>V Sloveniji seveda najpogosteje govorimo sloven\u0161\u010dino, hrva\u0161ki jezik pa je med tistimi, ki ga od tujih jezikov v Sloveniji sli\u0161imo najpogosteje.<\/p>\n<p>&nbsp;<\/p>\n<h4><span style=\"color: #0099cc;\">#4: Hrva\u0161\u010dina v \u0161tevilkah<\/span><\/h4>\n<p>Hrva\u0161ki jezik ima 30 \u010drk, tri slovni\u010dne spole (mo\u0161ki, \u017eenski in srednji) in sedem sklonov. Za nas je verjetno najbolj zanimiv vokativ, ki se uporablja, ko \u017eelimo nekoga poklicati ali nagovoriti, denimo \u00bbDraga Majo!\u00ab.<\/p>\n<p>&nbsp;<\/p>\n<h4><span style=\"color: #0099cc;\">#5: Hrva\u0161ka beseda paprika se pojavlja v \u0161tevilnih jezikih<\/span><\/h4>\n<p>Beseda paprika (ki jo seveda poznamo tudi pri nas) izvira iz hrva\u0161kega jezika in se je kot izposojenka uveljavila v \u0161tevilnih drugih jezikih. Tako besedo paprika uporabljajo v nem\u0161kem, francoskem, italijanskem, \u0161panskem, ruskem, portugalskem, gr\u0161kem, beloruskem, mad\u017earskem, ukrajinskem, \u010de\u0161kem, slova\u0161kem, srbskem, danskem, finskem, norve\u0161kem, \u0161vedskem, litovskem, poljskem, nizozemskem, gruzijskem, irskem, vali\u017eanskem, islandskem in estonskem jeziku \u2013 pa tudi v nekaterih drugih.<\/p>\n<p>&nbsp;<\/p>\n<h4><span style=\"color: #0099cc;\">#6: Najdalj\u0161a beseda v hrva\u0161kem jeziku je \u00bbprijestolonasljednikovica\u00ab<\/span><\/h4>\n<p>Gre seveda za besedo, ki ozna\u010duje soprogo prestolonaslednika. Naj omenimo \u0161e najdalj\u0161e ime mesta v hrva\u0161kem jeziku: Gornje Mrzlo Polje Mre\u017eni\u010dko. \u010ce \u0161e nimate ideje za leto\u0161nji dopust, se morda lahko odpravite kar tja.<\/p>\n<p>&nbsp;<\/p>\n<h4><span style=\"color: #0099cc;\">#7: Kaj pa la\u017eni prijatelji med sloven\u0161\u010dino in hrva\u0161\u010dino?<\/span><\/h4>\n<p>Omenili smo \u017ee, da se nam Slovencem pogosto zdi, da znamo dobro govoriti hrva\u0161ko, v resnici pa temu ni \u010disto tako. Poznamo namre\u010d \u0161tevilne la\u017ene prijatelje med obema jezikoma, ki nam pogosto me\u0161ajo \u0161trene.<\/p>\n<p>\u010ce si boste tako \u017eeleli ogledati grad, vas Hrvati \u017eal ne bodo razumeli, \u010de jih boste vpra\u0161ali, kje ga najdete \u2013 napotili vas bodo v najbli\u017eje mesto. Grad v hrva\u0161kem jeziku namre\u010d pomeni mesto. \u010ce si torej \u017eelite ogledati grad, boste morali povpra\u0161ati po \u00bb tvr\u0111avi\u00ab.<\/p>\n<p>\u010ce se boste odpravili na ve\u010derjo v restavracijo in bo pri mizi premalo stolov, nikar ne poprosite natakarja, da vam prinese \u0161e en stol \u2013 v tem primeru boste namre\u010d dobili mizo. Stolu pa se po hrva\u0161ko re\u010de \u00bbstolica\u00ab.<\/p>\n<p>In \u010de boste \u017eeleli vpra\u0161ati lastnika apartmaja, kje bo najbolje, da si ogledate son\u010dni zahod, uporabite frazo \u00bbzalazak sunca\u00ab. Zahod namre\u010d v hrva\u0161kem jeziku ozna\u010duje strani\u0161\u010de, kjer je vzdu\u0161je seveda precej manj romanti\u010dno kot med opazovanjem son\u010dnega zahoda. \ud83d\ude42<\/p>\n<p>[\/vc_column_text] [vc_single_image image=&#8221;5648&#8243; img_size=&#8221;full&#8221; img_link_target=&#8221;pphoto&#8221; width=&#8221;1\/3&#8243; el_position=&#8221;last&#8221;]<\/p>\n","protected":false},"excerpt":{"rendered":"<p>[vc_column_text width=&#8221;2\/3&#8243; el_position=&#8221;first&#8221;] Hrva\u0161\u010dina spada med tiste jezike nekdanje Jugoslavije, ki jih Slovenci najbolje poznamo \u2013 no, ali pa vsaj&#8230;<\/p>\n","protected":false},"author":2,"featured_media":0,"parent":0,"menu_order":0,"comment_status":"closed","ping_status":"closed","template":"","meta":{"footnotes":""},"class_list":["post-5647","page","type-page","status-publish"],"yoast_head":"<!-- This site is optimized with the Yoast SEO plugin v27.5 - https:\/\/yoast.com\/product\/yoast-seo-wordpress\/ -->\n<title>7 zanimivosti o hrva\u0161kem jeziku, ki bi jih morali poznati | AdriatIQa Prevodi, prevajalska agencija<\/title>\n<meta name=\"description\" content=\"Za vas smo pripravili kratek pregled hrva\u0161kega jezika, pa tudi nekaj uporabnih nasvetov, ki vam bodo v leto\u0161njem poletju zagotovo pri\u0161li zelo prav, \u010de se boste odlo\u010dili obiskati prelepo Hrva\u0161ko.\" \/>\n<meta name=\"robots\" content=\"index, follow, max-snippet:-1, max-image-preview:large, max-video-preview:-1\" \/>\n<link rel=\"canonical\" href=\"https:\/\/www.adriatiqa.com\/sl\/7-zanimivosti-o-hrvaskem-jeziku-ki-bi-jih-morali-poznati\/\" \/>\n<meta name=\"twitter:label1\" content=\"Est. reading time\" \/>\n\t<meta name=\"twitter:data1\" content=\"3 minutes\" \/>\n<script type=\"application\/ld+json\" class=\"yoast-schema-graph\">{\"@context\":\"https:\\\/\\\/schema.org\",\"@graph\":[{\"@type\":\"WebPage\",\"@id\":\"https:\\\/\\\/www.adriatiqa.com\\\/sl\\\/7-zanimivosti-o-hrvaskem-jeziku-ki-bi-jih-morali-poznati\\\/\",\"url\":\"https:\\\/\\\/www.adriatiqa.com\\\/sl\\\/7-zanimivosti-o-hrvaskem-jeziku-ki-bi-jih-morali-poznati\\\/\",\"name\":\"7 zanimivosti o hrva\u0161kem jeziku, ki bi jih morali poznati | AdriatIQa Prevodi, prevajalska agencija\",\"isPartOf\":{\"@id\":\"https:\\\/\\\/www.adriatiqa.com\\\/sl\\\/#website\"},\"datePublished\":\"2021-05-04T08:31:43+00:00\",\"dateModified\":\"2022-10-25T06:58:17+00:00\",\"description\":\"Za vas smo pripravili kratek pregled hrva\u0161kega jezika, pa tudi nekaj uporabnih nasvetov, ki vam bodo v leto\u0161njem poletju zagotovo pri\u0161li zelo prav, \u010de se boste odlo\u010dili obiskati prelepo Hrva\u0161ko.\",\"breadcrumb\":{\"@id\":\"https:\\\/\\\/www.adriatiqa.com\\\/sl\\\/7-zanimivosti-o-hrvaskem-jeziku-ki-bi-jih-morali-poznati\\\/#breadcrumb\"},\"inLanguage\":\"sl\",\"potentialAction\":[{\"@type\":\"ReadAction\",\"target\":[\"https:\\\/\\\/www.adriatiqa.com\\\/sl\\\/7-zanimivosti-o-hrvaskem-jeziku-ki-bi-jih-morali-poznati\\\/\"]}]},{\"@type\":\"BreadcrumbList\",\"@id\":\"https:\\\/\\\/www.adriatiqa.com\\\/sl\\\/7-zanimivosti-o-hrvaskem-jeziku-ki-bi-jih-morali-poznati\\\/#breadcrumb\",\"itemListElement\":[{\"@type\":\"ListItem\",\"position\":1,\"name\":\"Home\",\"item\":\"https:\\\/\\\/www.adriatiqa.com\\\/sl\\\/\"},{\"@type\":\"ListItem\",\"position\":2,\"name\":\"7 zanimivosti o hrva\u0161kem jeziku, ki bi jih morali poznati\"}]},{\"@type\":\"WebSite\",\"@id\":\"https:\\\/\\\/www.adriatiqa.com\\\/sl\\\/#website\",\"url\":\"https:\\\/\\\/www.adriatiqa.com\\\/sl\\\/\",\"name\":\"AdriatIQa Prevodi, prevajalska agencija\",\"description\":\"Prevajanje, prevod v angle\u0161\u010dino, nem\u0161\u010dino\",\"publisher\":{\"@id\":\"https:\\\/\\\/www.adriatiqa.com\\\/sl\\\/#organization\"},\"potentialAction\":[{\"@type\":\"SearchAction\",\"target\":{\"@type\":\"EntryPoint\",\"urlTemplate\":\"https:\\\/\\\/www.adriatiqa.com\\\/sl\\\/?s={search_term_string}\"},\"query-input\":{\"@type\":\"PropertyValueSpecification\",\"valueRequired\":true,\"valueName\":\"search_term_string\"}}],\"inLanguage\":\"sl\"},{\"@type\":\"Organization\",\"@id\":\"https:\\\/\\\/www.adriatiqa.com\\\/sl\\\/#organization\",\"name\":\"ATE Globalis d.o.o.\",\"url\":\"https:\\\/\\\/www.adriatiqa.com\\\/sl\\\/\",\"logo\":{\"@type\":\"ImageObject\",\"inLanguage\":\"sl\",\"@id\":\"https:\\\/\\\/www.adriatiqa.com\\\/sl\\\/#\\\/schema\\\/logo\\\/image\\\/\",\"url\":\"https:\\\/\\\/www.adriatiqa.com\\\/wp-content\\\/uploads\\\/2012\\\/11\\\/adriatiqa-logo.png\",\"contentUrl\":\"https:\\\/\\\/www.adriatiqa.com\\\/wp-content\\\/uploads\\\/2012\\\/11\\\/adriatiqa-logo.png\",\"width\":297,\"height\":57,\"caption\":\"ATE Globalis d.o.o.\"},\"image\":{\"@id\":\"https:\\\/\\\/www.adriatiqa.com\\\/sl\\\/#\\\/schema\\\/logo\\\/image\\\/\"},\"sameAs\":[\"https:\\\/\\\/www.facebook.com\\\/AdriatIQa\",\"https:\\\/\\\/www.linkedin.com\\\/company\\\/adriatiqa-translations\"]}]}<\/script>\n<!-- \/ Yoast SEO plugin. -->","yoast_head_json":{"title":"7 zanimivosti o hrva\u0161kem jeziku, ki bi jih morali poznati | AdriatIQa Prevodi, prevajalska agencija","description":"Za vas smo pripravili kratek pregled hrva\u0161kega jezika, pa tudi nekaj uporabnih nasvetov, ki vam bodo v leto\u0161njem poletju zagotovo pri\u0161li zelo prav, \u010de se boste odlo\u010dili obiskati prelepo Hrva\u0161ko.","robots":{"index":"index","follow":"follow","max-snippet":"max-snippet:-1","max-image-preview":"max-image-preview:large","max-video-preview":"max-video-preview:-1"},"canonical":"https:\/\/www.adriatiqa.com\/sl\/7-zanimivosti-o-hrvaskem-jeziku-ki-bi-jih-morali-poznati\/","twitter_misc":{"Est. reading time":"3 minutes"},"schema":{"@context":"https:\/\/schema.org","@graph":[{"@type":"WebPage","@id":"https:\/\/www.adriatiqa.com\/sl\/7-zanimivosti-o-hrvaskem-jeziku-ki-bi-jih-morali-poznati\/","url":"https:\/\/www.adriatiqa.com\/sl\/7-zanimivosti-o-hrvaskem-jeziku-ki-bi-jih-morali-poznati\/","name":"7 zanimivosti o hrva\u0161kem jeziku, ki bi jih morali poznati | AdriatIQa Prevodi, prevajalska agencija","isPartOf":{"@id":"https:\/\/www.adriatiqa.com\/sl\/#website"},"datePublished":"2021-05-04T08:31:43+00:00","dateModified":"2022-10-25T06:58:17+00:00","description":"Za vas smo pripravili kratek pregled hrva\u0161kega jezika, pa tudi nekaj uporabnih nasvetov, ki vam bodo v leto\u0161njem poletju zagotovo pri\u0161li zelo prav, \u010de se boste odlo\u010dili obiskati prelepo Hrva\u0161ko.","breadcrumb":{"@id":"https:\/\/www.adriatiqa.com\/sl\/7-zanimivosti-o-hrvaskem-jeziku-ki-bi-jih-morali-poznati\/#breadcrumb"},"inLanguage":"sl","potentialAction":[{"@type":"ReadAction","target":["https:\/\/www.adriatiqa.com\/sl\/7-zanimivosti-o-hrvaskem-jeziku-ki-bi-jih-morali-poznati\/"]}]},{"@type":"BreadcrumbList","@id":"https:\/\/www.adriatiqa.com\/sl\/7-zanimivosti-o-hrvaskem-jeziku-ki-bi-jih-morali-poznati\/#breadcrumb","itemListElement":[{"@type":"ListItem","position":1,"name":"Home","item":"https:\/\/www.adriatiqa.com\/sl\/"},{"@type":"ListItem","position":2,"name":"7 zanimivosti o hrva\u0161kem jeziku, ki bi jih morali poznati"}]},{"@type":"WebSite","@id":"https:\/\/www.adriatiqa.com\/sl\/#website","url":"https:\/\/www.adriatiqa.com\/sl\/","name":"AdriatIQa Prevodi, prevajalska agencija","description":"Prevajanje, prevod v angle\u0161\u010dino, nem\u0161\u010dino","publisher":{"@id":"https:\/\/www.adriatiqa.com\/sl\/#organization"},"potentialAction":[{"@type":"SearchAction","target":{"@type":"EntryPoint","urlTemplate":"https:\/\/www.adriatiqa.com\/sl\/?s={search_term_string}"},"query-input":{"@type":"PropertyValueSpecification","valueRequired":true,"valueName":"search_term_string"}}],"inLanguage":"sl"},{"@type":"Organization","@id":"https:\/\/www.adriatiqa.com\/sl\/#organization","name":"ATE Globalis d.o.o.","url":"https:\/\/www.adriatiqa.com\/sl\/","logo":{"@type":"ImageObject","inLanguage":"sl","@id":"https:\/\/www.adriatiqa.com\/sl\/#\/schema\/logo\/image\/","url":"https:\/\/www.adriatiqa.com\/wp-content\/uploads\/2012\/11\/adriatiqa-logo.png","contentUrl":"https:\/\/www.adriatiqa.com\/wp-content\/uploads\/2012\/11\/adriatiqa-logo.png","width":297,"height":57,"caption":"ATE Globalis d.o.o."},"image":{"@id":"https:\/\/www.adriatiqa.com\/sl\/#\/schema\/logo\/image\/"},"sameAs":["https:\/\/www.facebook.com\/AdriatIQa","https:\/\/www.linkedin.com\/company\/adriatiqa-translations"]}]}},"_links":{"self":[{"href":"https:\/\/www.adriatiqa.com\/sl\/wp-json\/wp\/v2\/pages\/5647","targetHints":{"allow":["GET"]}}],"collection":[{"href":"https:\/\/www.adriatiqa.com\/sl\/wp-json\/wp\/v2\/pages"}],"about":[{"href":"https:\/\/www.adriatiqa.com\/sl\/wp-json\/wp\/v2\/types\/page"}],"author":[{"embeddable":true,"href":"https:\/\/www.adriatiqa.com\/sl\/wp-json\/wp\/v2\/users\/2"}],"replies":[{"embeddable":true,"href":"https:\/\/www.adriatiqa.com\/sl\/wp-json\/wp\/v2\/comments?post=5647"}],"version-history":[{"count":2,"href":"https:\/\/www.adriatiqa.com\/sl\/wp-json\/wp\/v2\/pages\/5647\/revisions"}],"predecessor-version":[{"id":30901,"href":"https:\/\/www.adriatiqa.com\/sl\/wp-json\/wp\/v2\/pages\/5647\/revisions\/30901"}],"wp:attachment":[{"href":"https:\/\/www.adriatiqa.com\/sl\/wp-json\/wp\/v2\/media?parent=5647"}],"curies":[{"name":"wp","href":"https:\/\/api.w.org\/{rel}","templated":true}]}}