{"id":5666,"date":"2021-06-21T21:05:33","date_gmt":"2021-06-21T19:05:33","guid":{"rendered":"https:\/\/www.adriatiqa.com\/?page_id=5666"},"modified":"2022-10-20T10:33:19","modified_gmt":"2022-10-20T08:33:19","slug":"5-razlogov-zakaj-je-terminologija-pomembna-za-vaso-znamko","status":"publish","type":"page","link":"https:\/\/www.adriatiqa.com\/sl\/5-razlogov-zakaj-je-terminologija-pomembna-za-vaso-znamko\/","title":{"rendered":"5 razlogov, zakaj je terminologija pomembna za va\u0161o znamko"},"content":{"rendered":"<p>[vc_column_text width=&#8221;2\/3&#8243; el_position=&#8221;first&#8221;]<\/p>\n<p><b>\u010ce \u017eelite, da je va\u0161a znamka v svetu prepoznavna in da u\u017eiva dober ugled, je doslednost klju\u010dnega pomena. To pomeni predvsem, da vedno po\u0161iljate enaka sporo\u010dila na enak na\u010din \u2013 in z enakimi besedami. Nikakor vam seveda ne \u017eelimo svetovati, da se nenehno ponavljate kot kak\u0161na papiga, vendar pa je dejstvo, da je usklajen pristop izjemnega pomena. Velik del uspeha pri tem predstavlja doslednost na podro\u010dju terminologije. <\/b><\/p>\n<p>&nbsp;<\/p>\n<p>\u010ce boste namre\u010d vedno uporabljali enake termine, bo glas va\u0161e znamke precej bolj jasen in izrazit. S pravilno rabo terminov boste tako lahko poskrbeli za usklajen nastop na razli\u010dnih tr\u017ei\u0161\u010dih, v razli\u010dnih medijih in v razli\u010dnih jezikih. Poleg tega boste tako zagotovili tudi, da va\u0161e sporo\u010dilo vedno ostaja to\u010dno tak\u0161no, kot ste si ga zamislili.<\/p>\n<p>&nbsp;<\/p>\n<p>Skrbno upravljanje terminologije vam namre\u010d omogo\u010da, da poskrbite za nabor klju\u010dnih konceptov in izrazov v izvirnem in ciljnem jeziku, nato pa jih dosledno uporabljate v vseh svojih vsebinah. Tako boste vedno govorili v glasu svoje znamke, prevajalcem pa olaj\u0161ali delo in jim omogo\u010dili, da pripravijo besedila najvi\u0161je mo\u017ene kakovosti.<\/p>\n<p>&nbsp;<\/p>\n<p>Predstavljamo vam pet razlogov, zaradi katerih bi morali terminologiji pri va\u0161i znamki vedno posve\u010dati dovolj pozornosti.<\/p>\n<p>&nbsp;<\/p>\n<h4><span style=\"color: #0099cc;\"><b>Visoka kakovost vsebin v vseh jezikih<\/b><\/span><\/h4>\n<p>Implementacija sistema za upravljanje s terminologijo podjetjem omogo\u010da, da izvajajo avtomatska preverjanja in u\u010dinkovito nadzorujejo kakovost svojih vsebin v procesu lokalizacije. Tako lahko zlahka preverijo, ali se ciljne vsebine ujemajo z izvirnimi ter posledi\u010dno poskrbijo za usklajen nastop na razli\u010dnih tr\u017ei\u0161\u010dih. S tem zagotavljajo ve\u010djo doslednost in vi\u0161jo kakovost izdelkov na mednarodnih trgih.<\/p>\n<p>&nbsp;<\/p>\n<h4><span style=\"color: #0099cc;\"><b>Bolj\u0161a prepoznavnost znamke po celem svetu<\/b><\/span><\/h4>\n<p>Pri ustvarjanju globalne podobe va\u0161e znamke izjemno pomembno vlogo igra tudi korporativna podoba podjetja, to pa lahko ob\u010dutno izbolj\u0161ate s pomo\u010djo primerne terminologije. Kar pomislite \u2013 koliko podjetjih lahko v enem samem trenutku prepoznate \u017ee po njihovem sloganu, pa ne glede na to, v katerem jeziku ga sli\u0161ite?<\/p>\n<p>Prav usklajena terminologija je tista, ki pri kon\u010dnih uporabnikih izbolj\u0161a razumevanje razli\u010dnih produktov in zmanj\u0161a tveganje, da se z nedoslednimi in neusklajenimi prevodi glas znamke po poti nekje izgubi.<\/p>\n<p>&nbsp;<\/p>\n<h4><span style=\"color: #0099cc;\"><b>Hitrej\u0161a priprava vsebin za nove izdelke<\/b><\/span><\/h4>\n<p>V svetu globalnega poslovanja se vedno mudi \u2013 \u010de za trenutek zamudite, vas bodo drugi hitro prehiteli. Kakovostno pripravljena terminologija pa vam omogo\u010da, da kar najhitreje poskrbite za prevode svojih besedil v drug jezik. Prevajalcu boste s skrbno urejenim terminolo\u0161kim slovar\u010dkom pomagali, da bo vsebine prevedel neprimerno hitreje, zato bodo va\u0161i izdelki ob\u010dutno hitreje pripravljeni na lansiranje na nove trge.<\/p>\n<p>Tovrstne vsebine pa ne bodo le hitreje pripravljene, pa\u010d pa bodo tudi neprimerno bolj kakovostne, poleg tega bodo ob\u010dutno cenej\u0161e. \u010ce boste torej razmi\u0161ljali vnaprej in terminolo\u0161ke slovar\u010dke pripravili \u017ee pred za\u010detkom dela, boste s tem re\u0161ili kar nekaj potencialnih te\u017eav.<\/p>\n<p>&nbsp;<\/p>\n<h4><span style=\"color: #0099cc;\"><b>Pove\u010dana donosnost va\u0161e marketin\u0161ke investicije<\/b><\/span><\/h4>\n<p>V marketingu uporabljamo izraz donosnost investicije, s katerim opi\u0161emo razmerje med neto dohodki in nalo\u017ebo. Seveda je bolje, da je ta \u0161tevilka \u010dim vi\u0161ja \u2013 to namre\u010d pomeni, da smo z na\u0161im vlo\u017ekom zaslu\u017eili kar najve\u010d.<\/p>\n<p>U\u010dinkovito upravljanje s terminologijo pa dokazano pove\u010duje tudi na\u0161o donosnost investicije. Ob\u010dutno ceneje je namre\u010d le uporabiti slovar, ki ga \u017ee imamo pri roki, kot pa prevode izrazov vsaki\u010d re\u0161evati sproti, nato pa po mo\u017enosti \u0161e dodatno izgubljati \u010das in denar z razli\u010dnimi popravki.<\/p>\n<p>&nbsp;<\/p>\n<h4><span style=\"color: #0099cc;\"><b>Jasne smernice in vodila za vse vsebine v va\u0161em podjetju<\/b><\/span><\/h4>\n<p>Podjetja izgubljajo ogromno \u010dasa in denarja za razli\u010dna usklajevanja in raziskovanja \u2013 v ve\u010dini primerov pa, po doma\u010de povedano, vsaki\u010d znova odkrivajo toplo vodo. A ko to vodo enkrat odkrijemo, bi si to veljajo zapomniti za naslednji\u010d. In natan\u010dno to omogo\u010dajo terminolo\u0161ki slovarji.<\/p>\n<p>\u010ce ste enkrat \u017ee vlo\u017eili \u010das, denar in energijo v iskanje kar najbolj\u0161ega prevoda za posamezen izraz, nikakor nima smisla, da to po\u010dnete ponovno. Kakovostno urejen terminolo\u0161ki slovar tako omogo\u010da, da va\u0161i zaposleni ne izgubljajo svojega \u010dasa in energije za nekaj, kar je bilo \u017ee storjeno. Z jasnimi smernicami in vodili boste vsem skupaj prihranili kar nekaj \u010dasa, posledi\u010dno pa tudi denarja.<\/p>\n<p>[\/vc_column_text] [vc_single_image image=&#8221;5667&#8243; img_size=&#8221;full&#8221; img_link_target=&#8221;pphoto&#8221; width=&#8221;1\/3&#8243; el_position=&#8221;last&#8221;]<\/p>\n","protected":false},"excerpt":{"rendered":"<p>[vc_column_text width=&#8221;2\/3&#8243; el_position=&#8221;first&#8221;] \u010ce \u017eelite, da je va\u0161a znamka v svetu prepoznavna in da u\u017eiva dober ugled, je doslednost klju\u010dnega&#8230;<\/p>\n","protected":false},"author":2,"featured_media":0,"parent":0,"menu_order":0,"comment_status":"closed","ping_status":"closed","template":"","meta":{"footnotes":""},"class_list":["post-5666","page","type-page","status-publish"],"yoast_head":"<!-- This site is optimized with the Yoast SEO plugin v27.5 - https:\/\/yoast.com\/product\/yoast-seo-wordpress\/ -->\n<title>5 razlogov, zakaj je terminologija pomembna za va\u0161o znamko | AdriatIQa Prevodi, prevajalska agencija<\/title>\n<meta name=\"description\" content=\"\u010ce boste vedno uporabljali enako terminologijo, bo glas va\u0161e znamke precej bolj jasen in izrazit. S pravilno rabo terminov boste tako lahko poskrbeli za usklajen nastop na razli\u010dnih tr\u017ei\u0161\u010dih, v razli\u010dnih medijih in v razli\u010dnih jezikih.\" \/>\n<meta name=\"robots\" content=\"index, follow, max-snippet:-1, max-image-preview:large, max-video-preview:-1\" \/>\n<link rel=\"canonical\" href=\"https:\/\/www.adriatiqa.com\/sl\/5-razlogov-zakaj-je-terminologija-pomembna-za-vaso-znamko\/\" \/>\n<meta name=\"twitter:label1\" content=\"Est. reading time\" \/>\n\t<meta name=\"twitter:data1\" content=\"3 minutes\" \/>\n<script type=\"application\/ld+json\" class=\"yoast-schema-graph\">{\"@context\":\"https:\\\/\\\/schema.org\",\"@graph\":[{\"@type\":\"WebPage\",\"@id\":\"https:\\\/\\\/www.adriatiqa.com\\\/sl\\\/5-razlogov-zakaj-je-terminologija-pomembna-za-vaso-znamko\\\/\",\"url\":\"https:\\\/\\\/www.adriatiqa.com\\\/sl\\\/5-razlogov-zakaj-je-terminologija-pomembna-za-vaso-znamko\\\/\",\"name\":\"5 razlogov, zakaj je terminologija pomembna za va\u0161o znamko | AdriatIQa Prevodi, prevajalska agencija\",\"isPartOf\":{\"@id\":\"https:\\\/\\\/www.adriatiqa.com\\\/sl\\\/#website\"},\"datePublished\":\"2021-06-21T19:05:33+00:00\",\"dateModified\":\"2022-10-20T08:33:19+00:00\",\"description\":\"\u010ce boste vedno uporabljali enako terminologijo, bo glas va\u0161e znamke precej bolj jasen in izrazit. S pravilno rabo terminov boste tako lahko poskrbeli za usklajen nastop na razli\u010dnih tr\u017ei\u0161\u010dih, v razli\u010dnih medijih in v razli\u010dnih jezikih.\",\"breadcrumb\":{\"@id\":\"https:\\\/\\\/www.adriatiqa.com\\\/sl\\\/5-razlogov-zakaj-je-terminologija-pomembna-za-vaso-znamko\\\/#breadcrumb\"},\"inLanguage\":\"sl\",\"potentialAction\":[{\"@type\":\"ReadAction\",\"target\":[\"https:\\\/\\\/www.adriatiqa.com\\\/sl\\\/5-razlogov-zakaj-je-terminologija-pomembna-za-vaso-znamko\\\/\"]}]},{\"@type\":\"BreadcrumbList\",\"@id\":\"https:\\\/\\\/www.adriatiqa.com\\\/sl\\\/5-razlogov-zakaj-je-terminologija-pomembna-za-vaso-znamko\\\/#breadcrumb\",\"itemListElement\":[{\"@type\":\"ListItem\",\"position\":1,\"name\":\"Home\",\"item\":\"https:\\\/\\\/www.adriatiqa.com\\\/sl\\\/\"},{\"@type\":\"ListItem\",\"position\":2,\"name\":\"5 razlogov, zakaj je terminologija pomembna za va\u0161o znamko\"}]},{\"@type\":\"WebSite\",\"@id\":\"https:\\\/\\\/www.adriatiqa.com\\\/sl\\\/#website\",\"url\":\"https:\\\/\\\/www.adriatiqa.com\\\/sl\\\/\",\"name\":\"AdriatIQa Prevodi, prevajalska agencija\",\"description\":\"Prevajanje, prevod v angle\u0161\u010dino, nem\u0161\u010dino\",\"publisher\":{\"@id\":\"https:\\\/\\\/www.adriatiqa.com\\\/sl\\\/#organization\"},\"potentialAction\":[{\"@type\":\"SearchAction\",\"target\":{\"@type\":\"EntryPoint\",\"urlTemplate\":\"https:\\\/\\\/www.adriatiqa.com\\\/sl\\\/?s={search_term_string}\"},\"query-input\":{\"@type\":\"PropertyValueSpecification\",\"valueRequired\":true,\"valueName\":\"search_term_string\"}}],\"inLanguage\":\"sl\"},{\"@type\":\"Organization\",\"@id\":\"https:\\\/\\\/www.adriatiqa.com\\\/sl\\\/#organization\",\"name\":\"ATE Globalis d.o.o.\",\"url\":\"https:\\\/\\\/www.adriatiqa.com\\\/sl\\\/\",\"logo\":{\"@type\":\"ImageObject\",\"inLanguage\":\"sl\",\"@id\":\"https:\\\/\\\/www.adriatiqa.com\\\/sl\\\/#\\\/schema\\\/logo\\\/image\\\/\",\"url\":\"https:\\\/\\\/www.adriatiqa.com\\\/wp-content\\\/uploads\\\/2012\\\/11\\\/adriatiqa-logo.png\",\"contentUrl\":\"https:\\\/\\\/www.adriatiqa.com\\\/wp-content\\\/uploads\\\/2012\\\/11\\\/adriatiqa-logo.png\",\"width\":297,\"height\":57,\"caption\":\"ATE Globalis d.o.o.\"},\"image\":{\"@id\":\"https:\\\/\\\/www.adriatiqa.com\\\/sl\\\/#\\\/schema\\\/logo\\\/image\\\/\"},\"sameAs\":[\"https:\\\/\\\/www.facebook.com\\\/AdriatIQa\",\"https:\\\/\\\/www.linkedin.com\\\/company\\\/adriatiqa-translations\"]}]}<\/script>\n<!-- \/ Yoast SEO plugin. -->","yoast_head_json":{"title":"5 razlogov, zakaj je terminologija pomembna za va\u0161o znamko | AdriatIQa Prevodi, prevajalska agencija","description":"\u010ce boste vedno uporabljali enako terminologijo, bo glas va\u0161e znamke precej bolj jasen in izrazit. S pravilno rabo terminov boste tako lahko poskrbeli za usklajen nastop na razli\u010dnih tr\u017ei\u0161\u010dih, v razli\u010dnih medijih in v razli\u010dnih jezikih.","robots":{"index":"index","follow":"follow","max-snippet":"max-snippet:-1","max-image-preview":"max-image-preview:large","max-video-preview":"max-video-preview:-1"},"canonical":"https:\/\/www.adriatiqa.com\/sl\/5-razlogov-zakaj-je-terminologija-pomembna-za-vaso-znamko\/","twitter_misc":{"Est. reading time":"3 minutes"},"schema":{"@context":"https:\/\/schema.org","@graph":[{"@type":"WebPage","@id":"https:\/\/www.adriatiqa.com\/sl\/5-razlogov-zakaj-je-terminologija-pomembna-za-vaso-znamko\/","url":"https:\/\/www.adriatiqa.com\/sl\/5-razlogov-zakaj-je-terminologija-pomembna-za-vaso-znamko\/","name":"5 razlogov, zakaj je terminologija pomembna za va\u0161o znamko | AdriatIQa Prevodi, prevajalska agencija","isPartOf":{"@id":"https:\/\/www.adriatiqa.com\/sl\/#website"},"datePublished":"2021-06-21T19:05:33+00:00","dateModified":"2022-10-20T08:33:19+00:00","description":"\u010ce boste vedno uporabljali enako terminologijo, bo glas va\u0161e znamke precej bolj jasen in izrazit. S pravilno rabo terminov boste tako lahko poskrbeli za usklajen nastop na razli\u010dnih tr\u017ei\u0161\u010dih, v razli\u010dnih medijih in v razli\u010dnih jezikih.","breadcrumb":{"@id":"https:\/\/www.adriatiqa.com\/sl\/5-razlogov-zakaj-je-terminologija-pomembna-za-vaso-znamko\/#breadcrumb"},"inLanguage":"sl","potentialAction":[{"@type":"ReadAction","target":["https:\/\/www.adriatiqa.com\/sl\/5-razlogov-zakaj-je-terminologija-pomembna-za-vaso-znamko\/"]}]},{"@type":"BreadcrumbList","@id":"https:\/\/www.adriatiqa.com\/sl\/5-razlogov-zakaj-je-terminologija-pomembna-za-vaso-znamko\/#breadcrumb","itemListElement":[{"@type":"ListItem","position":1,"name":"Home","item":"https:\/\/www.adriatiqa.com\/sl\/"},{"@type":"ListItem","position":2,"name":"5 razlogov, zakaj je terminologija pomembna za va\u0161o znamko"}]},{"@type":"WebSite","@id":"https:\/\/www.adriatiqa.com\/sl\/#website","url":"https:\/\/www.adriatiqa.com\/sl\/","name":"AdriatIQa Prevodi, prevajalska agencija","description":"Prevajanje, prevod v angle\u0161\u010dino, nem\u0161\u010dino","publisher":{"@id":"https:\/\/www.adriatiqa.com\/sl\/#organization"},"potentialAction":[{"@type":"SearchAction","target":{"@type":"EntryPoint","urlTemplate":"https:\/\/www.adriatiqa.com\/sl\/?s={search_term_string}"},"query-input":{"@type":"PropertyValueSpecification","valueRequired":true,"valueName":"search_term_string"}}],"inLanguage":"sl"},{"@type":"Organization","@id":"https:\/\/www.adriatiqa.com\/sl\/#organization","name":"ATE Globalis d.o.o.","url":"https:\/\/www.adriatiqa.com\/sl\/","logo":{"@type":"ImageObject","inLanguage":"sl","@id":"https:\/\/www.adriatiqa.com\/sl\/#\/schema\/logo\/image\/","url":"https:\/\/www.adriatiqa.com\/wp-content\/uploads\/2012\/11\/adriatiqa-logo.png","contentUrl":"https:\/\/www.adriatiqa.com\/wp-content\/uploads\/2012\/11\/adriatiqa-logo.png","width":297,"height":57,"caption":"ATE Globalis d.o.o."},"image":{"@id":"https:\/\/www.adriatiqa.com\/sl\/#\/schema\/logo\/image\/"},"sameAs":["https:\/\/www.facebook.com\/AdriatIQa","https:\/\/www.linkedin.com\/company\/adriatiqa-translations"]}]}},"_links":{"self":[{"href":"https:\/\/www.adriatiqa.com\/sl\/wp-json\/wp\/v2\/pages\/5666","targetHints":{"allow":["GET"]}}],"collection":[{"href":"https:\/\/www.adriatiqa.com\/sl\/wp-json\/wp\/v2\/pages"}],"about":[{"href":"https:\/\/www.adriatiqa.com\/sl\/wp-json\/wp\/v2\/types\/page"}],"author":[{"embeddable":true,"href":"https:\/\/www.adriatiqa.com\/sl\/wp-json\/wp\/v2\/users\/2"}],"replies":[{"embeddable":true,"href":"https:\/\/www.adriatiqa.com\/sl\/wp-json\/wp\/v2\/comments?post=5666"}],"version-history":[{"count":2,"href":"https:\/\/www.adriatiqa.com\/sl\/wp-json\/wp\/v2\/pages\/5666\/revisions"}],"predecessor-version":[{"id":30897,"href":"https:\/\/www.adriatiqa.com\/sl\/wp-json\/wp\/v2\/pages\/5666\/revisions\/30897"}],"wp:attachment":[{"href":"https:\/\/www.adriatiqa.com\/sl\/wp-json\/wp\/v2\/media?parent=5666"}],"curies":[{"name":"wp","href":"https:\/\/api.w.org\/{rel}","templated":true}]}}