{"id":5669,"date":"2021-06-21T21:18:14","date_gmt":"2021-06-21T19:18:14","guid":{"rendered":"https:\/\/www.adriatiqa.com\/?page_id=5669"},"modified":"2022-10-20T10:35:33","modified_gmt":"2022-10-20T08:35:33","slug":"7-zanimivosti-o-albanskem-jeziku-ki-bi-jih-morali-poznati","status":"publish","type":"page","link":"https:\/\/www.adriatiqa.com\/sl\/7-zanimivosti-o-albanskem-jeziku-ki-bi-jih-morali-poznati\/","title":{"rendered":"7 zanimivosti o albanskem jeziku, ki bi jih morali poznati"},"content":{"rendered":"<p>[vc_column_text width=&#8221;2\/3&#8243; el_position=&#8221;first&#8221;]<\/p>\n<p><b>Albanski jezik je eden od jezikov iz na\u0161e regije, ki jih verjetno slab\u0161e poznamo. Vse pogosteje ga sicer sli\u0161imo tudi na na\u0161ih ulicah in trgih, vendar pa s sloven\u0161\u010dino ne deli bli\u017enje povezave, zato ga slabo razumemo. Vendar pa se vse ve\u010d Slovencev na svoje po\u010ditnice napoti prav v Albanijo. Prekrasno morje, prijazne cene in koti\u010dek sveta, ki \u0161e ni oblegan s strani mno\u017ei\u010dnega turizma, so dovolj dobri razlogi, da se \u0161tevilni popotniki odpravijo prav tja. \u010ce si \u017eelite tudi vi podrobneje spoznati albanski jezik in samo Albanijo, vas vabimo, da se nam pridru\u017eite pri odkrivanju naslednjih zanimivosti.<\/b><\/p>\n<p>&nbsp;<\/p>\n<h4><span style=\"color: #0099cc;\">#1: Albanski jezik govori okoli 7,5 milijona ljudi<\/span><\/h4>\n<p>Ve\u010dina govorcev, kar \u0161est milijonov, \u017eivi na zahodnem delu Balkanskega polotoka. Ve\u010dinoma gre za Albance, ki \u017eivijo v Albaniji in na Kosovu. V teh dveh dr\u017eavah je alban\u0161\u010dina tudi uradni jezik.<\/p>\n<p>A alban\u0161\u010dino je mogo\u010de sli\u0161ati \u0161e marsikje drugje; tako velja denimo za priznani manj\u0161inski jezik na podro\u010dju \u010crne gore, Italije, Srbije, Severne Makedonije, Hrva\u0161ke in Romunije.<\/p>\n<p>Poleg tega se alban\u0161\u010dina govori tudi drugje po svetu, denimo v obeh Amerikah in v Oceaniji, pa tudi v Aziji in Afriki.<\/p>\n<p>&nbsp;<\/p>\n<h4><span style=\"color: #0099cc;\">#2: Albanski jezik lahko sli\u0161imo tudi v Sloveniji<\/span><\/h4>\n<p>V Sloveniji seveda najpogosteje govorimo sloven\u0161\u010dino, vendar pa pogosto lahko sli\u0161imo tudi alban\u0161\u010dino. Pri popisu prebivalstva leta 2002 je tako alban\u0161\u010dino za svoj materni jezik navedlo 0,4 % prebivalcev. Ker se je od takrat \u0161tevilo prebivalcev pove\u010dalo, dele\u017e tujega prebivalstva pa je narasel z 2 % na 5 %, lahko domnevamo, da je dandanes govorcev alban\u0161\u010dine v na\u0161i dr\u017eavi \u0161e nekoliko ve\u010d.<\/p>\n<p>&nbsp;<\/p>\n<h4><span style=\"color: #0099cc;\">#3: Alban\u0161\u010dina je indoevropski jezik<\/span><\/h4>\n<p>Znotraj indoevropske dru\u017eine pa predstavlja samostojen jezik. To\u010den izvor alban\u0161\u010dine v okviru skupine indoevropskih jezikov je sicer \u0161e vedno zavit v tan\u010dico skrivnosti. Eden od razlogov za to je tudi dejstvo, da so se prvi pisni viri v alban\u0161\u010dini pojavili \u0161ele precej pozno, okoli 15. stoletja.<\/p>\n<p>&nbsp;<\/p>\n<h4><span style=\"color: #0099cc;\">#4: Alban\u0161\u010dina v \u0161tevilkah<\/span><\/h4>\n<p>Albanska abeceda ima 36 \u010drk, sedem samoglasnikov in 29 soglasnikov. Med njimi pa je kar nekaj takih, ki jih v sloven\u0161\u010dini ne poznamo. \u010crka \u00e7 se denimo tako izgovarja kot na\u0161 \u010d, \u00eb kot polglasnik e, sh kot \u0161, obstaja pa \u0161e kar nekaj drugih zanimivih posebnosti.<\/p>\n<p>&nbsp;<\/p>\n<h4><span style=\"color: #0099cc;\">#5: Alban\u0161\u010dina pozna dve glavni nare\u010dji<\/span><\/h4>\n<p>Albanski jezik se deli na dve glavni nare\u010dji: gegovsko nare\u010dje (Albanci mu re\u010dejo Geg\u00eb) in toskovsko nare\u010dje (temu re\u010dejo Tosk\u00eb). Prvo nare\u010dje se govori na severu Albanije, drugo pa predvsem na jugu. Okvirno mejo med obema nare\u010djema predstavlja reka \u0160kumbin.<\/p>\n<p>Toskovsko nare\u010dje sicer predstavlja osnovo albanskega knji\u017enega jezika. Poleg dveh glavnih nare\u010dij pozna albanski jezik \u0161e nekaj manj izrazitih, nekatera nare\u010dja pa so tudi \u017ee izumrla.<\/p>\n<p>&nbsp;<\/p>\n<h4><span style=\"color: #0099cc;\">#6: Uradna pisava albanskega jezika je latinica<\/span><\/h4>\n<p>Ta sicer spada med najbolj raz\u0161irjene pisave na svetu, saj jo uporablja kar 70 % svetovne populacije.<\/p>\n<p>&nbsp;<\/p>\n<h4><span style=\"color: #0099cc;\">#7: Alban\u0161\u010dina vklju\u010duje \u0161tevilne besede iz drugih jezikov<\/span><\/h4>\n<p>Nekateri menijo celo, da je alban\u0161\u010dina skozi \u010das izgubila kar okoli 90 % svojega izvirnega besedi\u0161\u010da in ga nadomestila z izposojenkami iz drugih jezikov. Mednje spadajo denimo latin\u0161\u010dina, gr\u0161\u010dina, slovanski jeziki, italijan\u0161\u010dina in tur\u0161\u010dina. Drugi strokovnjaki sicer menijo, da je ta ocena pretirana, a dejstvo je, da je na albanski jezik skozi zgodovino vplivalo veliko drugih jezikov.<\/p>\n<p>&nbsp;<\/p>\n<p>[\/vc_column_text] [vc_single_image image=&#8221;5670&#8243; img_size=&#8221;full&#8221; img_link_target=&#8221;pphoto&#8221; width=&#8221;1\/3&#8243; el_position=&#8221;last&#8221;]<\/p>\n","protected":false},"excerpt":{"rendered":"<p>[vc_column_text width=&#8221;2\/3&#8243; el_position=&#8221;first&#8221;] Albanski jezik je eden od jezikov iz na\u0161e regije, ki jih verjetno slab\u0161e poznamo. Vse pogosteje ga&#8230;<\/p>\n","protected":false},"author":2,"featured_media":0,"parent":0,"menu_order":0,"comment_status":"closed","ping_status":"closed","template":"","meta":{"footnotes":""},"class_list":["post-5669","page","type-page","status-publish"],"yoast_head":"<!-- This site is optimized with the Yoast SEO plugin v27.5 - https:\/\/yoast.com\/product\/yoast-seo-wordpress\/ -->\n<title>7 zanimivosti o albanskem jeziku, ki bi jih morali poznati<\/title>\n<meta name=\"description\" content=\"Albanski jezik je eden od jezikov iz na\u0161e regije, ki jih verjetno slab\u0161e poznamo. \u010ce si \u017eelite podrobneje spoznati albanski jezik in samo Albanijo, vas vabimo, da se nam pridru\u017eite pri odkrivanju naslednjih zanimivosti.\" \/>\n<meta name=\"robots\" content=\"index, follow, max-snippet:-1, max-image-preview:large, max-video-preview:-1\" \/>\n<link rel=\"canonical\" href=\"https:\/\/www.adriatiqa.com\/sl\/7-zanimivosti-o-albanskem-jeziku-ki-bi-jih-morali-poznati\/\" \/>\n<meta name=\"twitter:label1\" content=\"Est. reading time\" \/>\n\t<meta name=\"twitter:data1\" content=\"3 minutes\" \/>\n<script type=\"application\/ld+json\" class=\"yoast-schema-graph\">{\"@context\":\"https:\\\/\\\/schema.org\",\"@graph\":[{\"@type\":\"WebPage\",\"@id\":\"https:\\\/\\\/www.adriatiqa.com\\\/sl\\\/7-zanimivosti-o-albanskem-jeziku-ki-bi-jih-morali-poznati\\\/\",\"url\":\"https:\\\/\\\/www.adriatiqa.com\\\/sl\\\/7-zanimivosti-o-albanskem-jeziku-ki-bi-jih-morali-poznati\\\/\",\"name\":\"7 zanimivosti o albanskem jeziku, ki bi jih morali poznati\",\"isPartOf\":{\"@id\":\"https:\\\/\\\/www.adriatiqa.com\\\/sl\\\/#website\"},\"datePublished\":\"2021-06-21T19:18:14+00:00\",\"dateModified\":\"2022-10-20T08:35:33+00:00\",\"description\":\"Albanski jezik je eden od jezikov iz na\u0161e regije, ki jih verjetno slab\u0161e poznamo. \u010ce si \u017eelite podrobneje spoznati albanski jezik in samo Albanijo, vas vabimo, da se nam pridru\u017eite pri odkrivanju naslednjih zanimivosti.\",\"breadcrumb\":{\"@id\":\"https:\\\/\\\/www.adriatiqa.com\\\/sl\\\/7-zanimivosti-o-albanskem-jeziku-ki-bi-jih-morali-poznati\\\/#breadcrumb\"},\"inLanguage\":\"sl\",\"potentialAction\":[{\"@type\":\"ReadAction\",\"target\":[\"https:\\\/\\\/www.adriatiqa.com\\\/sl\\\/7-zanimivosti-o-albanskem-jeziku-ki-bi-jih-morali-poznati\\\/\"]}]},{\"@type\":\"BreadcrumbList\",\"@id\":\"https:\\\/\\\/www.adriatiqa.com\\\/sl\\\/7-zanimivosti-o-albanskem-jeziku-ki-bi-jih-morali-poznati\\\/#breadcrumb\",\"itemListElement\":[{\"@type\":\"ListItem\",\"position\":1,\"name\":\"Home\",\"item\":\"https:\\\/\\\/www.adriatiqa.com\\\/sl\\\/\"},{\"@type\":\"ListItem\",\"position\":2,\"name\":\"7 zanimivosti o albanskem jeziku, ki bi jih morali poznati\"}]},{\"@type\":\"WebSite\",\"@id\":\"https:\\\/\\\/www.adriatiqa.com\\\/sl\\\/#website\",\"url\":\"https:\\\/\\\/www.adriatiqa.com\\\/sl\\\/\",\"name\":\"AdriatIQa Prevodi, prevajalska agencija\",\"description\":\"Prevajanje, prevod v angle\u0161\u010dino, nem\u0161\u010dino\",\"publisher\":{\"@id\":\"https:\\\/\\\/www.adriatiqa.com\\\/sl\\\/#organization\"},\"potentialAction\":[{\"@type\":\"SearchAction\",\"target\":{\"@type\":\"EntryPoint\",\"urlTemplate\":\"https:\\\/\\\/www.adriatiqa.com\\\/sl\\\/?s={search_term_string}\"},\"query-input\":{\"@type\":\"PropertyValueSpecification\",\"valueRequired\":true,\"valueName\":\"search_term_string\"}}],\"inLanguage\":\"sl\"},{\"@type\":\"Organization\",\"@id\":\"https:\\\/\\\/www.adriatiqa.com\\\/sl\\\/#organization\",\"name\":\"ATE Globalis d.o.o.\",\"url\":\"https:\\\/\\\/www.adriatiqa.com\\\/sl\\\/\",\"logo\":{\"@type\":\"ImageObject\",\"inLanguage\":\"sl\",\"@id\":\"https:\\\/\\\/www.adriatiqa.com\\\/sl\\\/#\\\/schema\\\/logo\\\/image\\\/\",\"url\":\"https:\\\/\\\/www.adriatiqa.com\\\/wp-content\\\/uploads\\\/2012\\\/11\\\/adriatiqa-logo.png\",\"contentUrl\":\"https:\\\/\\\/www.adriatiqa.com\\\/wp-content\\\/uploads\\\/2012\\\/11\\\/adriatiqa-logo.png\",\"width\":297,\"height\":57,\"caption\":\"ATE Globalis d.o.o.\"},\"image\":{\"@id\":\"https:\\\/\\\/www.adriatiqa.com\\\/sl\\\/#\\\/schema\\\/logo\\\/image\\\/\"},\"sameAs\":[\"https:\\\/\\\/www.facebook.com\\\/AdriatIQa\",\"https:\\\/\\\/www.linkedin.com\\\/company\\\/adriatiqa-translations\"]}]}<\/script>\n<!-- \/ Yoast SEO plugin. -->","yoast_head_json":{"title":"7 zanimivosti o albanskem jeziku, ki bi jih morali poznati","description":"Albanski jezik je eden od jezikov iz na\u0161e regije, ki jih verjetno slab\u0161e poznamo. \u010ce si \u017eelite podrobneje spoznati albanski jezik in samo Albanijo, vas vabimo, da se nam pridru\u017eite pri odkrivanju naslednjih zanimivosti.","robots":{"index":"index","follow":"follow","max-snippet":"max-snippet:-1","max-image-preview":"max-image-preview:large","max-video-preview":"max-video-preview:-1"},"canonical":"https:\/\/www.adriatiqa.com\/sl\/7-zanimivosti-o-albanskem-jeziku-ki-bi-jih-morali-poznati\/","twitter_misc":{"Est. reading time":"3 minutes"},"schema":{"@context":"https:\/\/schema.org","@graph":[{"@type":"WebPage","@id":"https:\/\/www.adriatiqa.com\/sl\/7-zanimivosti-o-albanskem-jeziku-ki-bi-jih-morali-poznati\/","url":"https:\/\/www.adriatiqa.com\/sl\/7-zanimivosti-o-albanskem-jeziku-ki-bi-jih-morali-poznati\/","name":"7 zanimivosti o albanskem jeziku, ki bi jih morali poznati","isPartOf":{"@id":"https:\/\/www.adriatiqa.com\/sl\/#website"},"datePublished":"2021-06-21T19:18:14+00:00","dateModified":"2022-10-20T08:35:33+00:00","description":"Albanski jezik je eden od jezikov iz na\u0161e regije, ki jih verjetno slab\u0161e poznamo. \u010ce si \u017eelite podrobneje spoznati albanski jezik in samo Albanijo, vas vabimo, da se nam pridru\u017eite pri odkrivanju naslednjih zanimivosti.","breadcrumb":{"@id":"https:\/\/www.adriatiqa.com\/sl\/7-zanimivosti-o-albanskem-jeziku-ki-bi-jih-morali-poznati\/#breadcrumb"},"inLanguage":"sl","potentialAction":[{"@type":"ReadAction","target":["https:\/\/www.adriatiqa.com\/sl\/7-zanimivosti-o-albanskem-jeziku-ki-bi-jih-morali-poznati\/"]}]},{"@type":"BreadcrumbList","@id":"https:\/\/www.adriatiqa.com\/sl\/7-zanimivosti-o-albanskem-jeziku-ki-bi-jih-morali-poznati\/#breadcrumb","itemListElement":[{"@type":"ListItem","position":1,"name":"Home","item":"https:\/\/www.adriatiqa.com\/sl\/"},{"@type":"ListItem","position":2,"name":"7 zanimivosti o albanskem jeziku, ki bi jih morali poznati"}]},{"@type":"WebSite","@id":"https:\/\/www.adriatiqa.com\/sl\/#website","url":"https:\/\/www.adriatiqa.com\/sl\/","name":"AdriatIQa Prevodi, prevajalska agencija","description":"Prevajanje, prevod v angle\u0161\u010dino, nem\u0161\u010dino","publisher":{"@id":"https:\/\/www.adriatiqa.com\/sl\/#organization"},"potentialAction":[{"@type":"SearchAction","target":{"@type":"EntryPoint","urlTemplate":"https:\/\/www.adriatiqa.com\/sl\/?s={search_term_string}"},"query-input":{"@type":"PropertyValueSpecification","valueRequired":true,"valueName":"search_term_string"}}],"inLanguage":"sl"},{"@type":"Organization","@id":"https:\/\/www.adriatiqa.com\/sl\/#organization","name":"ATE Globalis d.o.o.","url":"https:\/\/www.adriatiqa.com\/sl\/","logo":{"@type":"ImageObject","inLanguage":"sl","@id":"https:\/\/www.adriatiqa.com\/sl\/#\/schema\/logo\/image\/","url":"https:\/\/www.adriatiqa.com\/wp-content\/uploads\/2012\/11\/adriatiqa-logo.png","contentUrl":"https:\/\/www.adriatiqa.com\/wp-content\/uploads\/2012\/11\/adriatiqa-logo.png","width":297,"height":57,"caption":"ATE Globalis d.o.o."},"image":{"@id":"https:\/\/www.adriatiqa.com\/sl\/#\/schema\/logo\/image\/"},"sameAs":["https:\/\/www.facebook.com\/AdriatIQa","https:\/\/www.linkedin.com\/company\/adriatiqa-translations"]}]}},"_links":{"self":[{"href":"https:\/\/www.adriatiqa.com\/sl\/wp-json\/wp\/v2\/pages\/5669","targetHints":{"allow":["GET"]}}],"collection":[{"href":"https:\/\/www.adriatiqa.com\/sl\/wp-json\/wp\/v2\/pages"}],"about":[{"href":"https:\/\/www.adriatiqa.com\/sl\/wp-json\/wp\/v2\/types\/page"}],"author":[{"embeddable":true,"href":"https:\/\/www.adriatiqa.com\/sl\/wp-json\/wp\/v2\/users\/2"}],"replies":[{"embeddable":true,"href":"https:\/\/www.adriatiqa.com\/sl\/wp-json\/wp\/v2\/comments?post=5669"}],"version-history":[{"count":2,"href":"https:\/\/www.adriatiqa.com\/sl\/wp-json\/wp\/v2\/pages\/5669\/revisions"}],"predecessor-version":[{"id":30898,"href":"https:\/\/www.adriatiqa.com\/sl\/wp-json\/wp\/v2\/pages\/5669\/revisions\/30898"}],"wp:attachment":[{"href":"https:\/\/www.adriatiqa.com\/sl\/wp-json\/wp\/v2\/media?parent=5669"}],"curies":[{"name":"wp","href":"https:\/\/api.w.org\/{rel}","templated":true}]}}